{"id":5284,"date":"2025-12-09T12:00:16","date_gmt":"2025-12-09T11:00:16","guid":{"rendered":"https:\/\/fdasrl.it\/prodotto\/art-fda-000002tp-nippeltraenke-1-2-mittel-verstellbar-fuer-laeufer\/"},"modified":"2025-12-09T12:00:16","modified_gmt":"2025-12-09T11:00:16","slug":"art-fda-000002tp-nippeltraenke-1-2-mittel-verstellbar-fuer-laeufer","status":"publish","type":"product","link":"https:\/\/fdasrl.it\/de\/prodotto\/art-fda-000002tp-nippeltraenke-1-2-mittel-verstellbar-fuer-laeufer\/","title":{"rendered":"Art. FDA-000002TP &#8211; Nippeltr\u00e4nke 1\/2\u201d mittel, verstellbar f\u00fcr L\u00e4ufer"},"content":{"rendered":"<h2>Automatische Nippeltr\u00e4nke 1\/2&#8243; verstellbar f\u00fcr L\u00e4uferschweine \u2013 Modell FDA-000002TP<\/h2>\n<h3>Produktbeschreibung<\/h3>\n<p>Die automatische Tr\u00e4nke f\u00fcr L\u00e4uferschweine <strong>FDA-000002TP<\/strong> ist auf Zuverl\u00e4ssigkeit, Langlebigkeit und eine konstante Wasserabgabe w\u00e4hrend der gesamten Wachstumsphase ausgelegt.<br \/>\nAus robusten Materialien gefertigt und f\u00fcr eine schnelle Installation konzipiert, ist sie die ideale L\u00f6sung f\u00fcr Schweinezuchtbetriebe, die <strong>Effizienz, Hygiene und Widerstandsf\u00e4higkeit<\/strong> in der L\u00e4uferaufzucht fordern.<\/p>\n<hr>\n<h3>Technische Daten<\/h3>\n<ul>\n<li>Messinggewinde<\/li>\n<li>Rohr und Bolzen aus Edelstahl<\/li>\n<li>Wasseranschluss 1\/2&#8243;<\/li>\n<li>Gesamtl\u00e4nge: 73,0 mm<\/li>\n<li>Tr\u00e4nkerohr \u00d8 21 mm<\/li>\n<li>Bolzen \u00d8 8 mm<\/li>\n<li>Gewicht: 72 g.<\/li>\n<li>Sechskant 21 mm<\/li>\n<li>Verstellbarer Kunststofffilter<\/li>\n<\/ul>\n<hr>\n<h3>Installationsh\u00f6hen und -winkel<\/h3>\n<p><a href=\"https:\/\/fdasrl.it\/wp-content\/uploads\/2025\/12\/Installation-Fda-Nipple-drinkers-1-2_compressed.pdf\">\ud83d\udc49 <\/a><em>(<a href=\"https:\/\/fdasrl.it\/wp-content\/uploads\/2025\/12\/Installation-Fda-Nipple-drinkers-1-2_compressed.pdf\">HIER KLICKEN) f\u00fcr die vollst\u00e4ndige Installationstabelle<\/a><\/em><\/p>\n<p>Die angegebenen H\u00f6hen sind allgemeine Richtlinien.<br \/>\nF\u00fcr die Aufzucht von L\u00e4uferschweinen wird die Verwendung von <strong>zwei Installationsh\u00f6hen<\/strong> oder <strong>H\u00f6henverstellern<\/strong> empfohlen, um die Position der Tr\u00e4nke an das Wachstum der Tiere anzupassen.<\/p>\n<p>Die Tr\u00e4nke FDA-000002 kann mit einer Neigung zwischen <strong>15\u00b0 und 45\u00b0<\/strong> installiert werden:<\/p>\n<ul>\n<li><strong>15\u00b0 \u2192<\/strong> die niedrigste H\u00f6he verwenden<\/li>\n<li><strong>45\u00b0 \u2192<\/strong> die h\u00f6chste H\u00f6he verwenden<\/li>\n<\/ul>\n<p>Diese Einstellung gew\u00e4hrleistet eine korrekte K\u00f6rperhaltung der Tiere und reduziert die Wasserverschwendung.<\/p>\n<hr>\n<h3>Empfohlener Wasserdruck<\/h3>\n<p>Der maximale Wasserdruck darf <strong>4 bar (55 psi)<\/strong> nicht \u00fcberschreiten, um die ordnungsgem\u00e4\u00dfe Funktion der Anlage zu gew\u00e4hrleisten.<\/p>\n<p>F\u00fcr Ferkel und abgesetzte Ferkel sollte der Druck <strong>2 bar (28 psi)<\/strong> nicht \u00fcberschreiten.<\/p>\n<p>Niedrigerer Druck beg\u00fcnstigt:<\/p>\n<ul>\n<li>Wassereinsparung<\/li>\n<li>l\u00e4ngere Lebensdauer von Dichtungen und Feder<\/li>\n<li>Gleichm\u00e4\u00dfigkeit des Durchflusses<\/li>\n<li>Benutzerfreundlichkeit<\/li>\n<li>Reduzierung von Verschwendung<\/li>\n<\/ul>\n<p>\ud83d\udc49 <em>Es wird die Verwendung eines Druckminderers empfohlen, wenn die Wasserleitung hohe oder instabile Werte aufweist.<\/em><\/p>\n<hr>\n<h3>Wasserdurchfluss<\/h3>\n<p><a href=\"https:\/\/fdasrl.it\/wp-content\/uploads\/2025\/12\/fda-valvola-grafico-portata-costante-livelli-pressione-0-3-6-9-bar.webp\">\ud83d\udc49 <em>(HIER KLICKEN) f\u00fcr die Durchflusstabelle<\/em><\/a><\/p>\n<p>Der tats\u00e4chliche Durchfluss variiert je nach verf\u00fcgbarem Druck im Stall.<br \/>\nF\u00fcr <strong>L\u00e4uferschweine<\/strong> wird ein Durchfluss zwischen <strong>0,8 und 1,4 L\/min<\/strong> empfohlen, um eine angemessene Wasserversorgung w\u00e4hrend der gesamten Wachstumsphase zu gew\u00e4hrleisten.<\/p>\n<p data-start=\"239\" data-end=\"478\">Dieses Bild zeigt das Diagramm des <strong data-start=\"279\" data-end=\"329\">konstanten Durchflusses eines verstellbaren FDA-Ventils<\/strong>, das unabh\u00e4ngig vom Druck <strong data-start=\"341\" data-end=\"364\">1,4 Liter pro Minute <\/strong>liefert.<br data-start=\"399\" data-end=\"402\"\/>Im Diagramm sind die <strong data-start=\"433\" data-end=\"477\">drei Einstellstufen des Ventils<\/strong> hervorgehoben:<\/p>\n<ul data-start=\"480\" data-end=\"747\">\n<li data-start=\"480\" data-end=\"576\">\n<p data-start=\"482\" data-end=\"576\"><strong data-start=\"482\" data-end=\"506\">Stufe 1 (7\u20139 bar):<\/strong> gr\u00fcner Bereich, wird bei hohem Systemdruck verwendet.<\/p>\n<\/li>\n<li data-start=\"577\" data-end=\"653\">\n<p data-start=\"579\" data-end=\"653\"><strong data-start=\"579\" data-end=\"603\">Stufe 2 (3\u20136 bar):<\/strong> blauer Bereich, geeignet f\u00fcr Systeme mit mittlerem Druck.<\/p>\n<\/li>\n<li data-start=\"654\" data-end=\"747\">\n<p data-start=\"656\" data-end=\"747\"><strong data-start=\"656\" data-end=\"680\">Stufe 3 (0\u20133 bar):<\/strong> grauer Bereich, ideal f\u00fcr Tr\u00e4nkelinien mit niedrigem Druck.<\/p>\n<\/li>\n<\/ul>\n<p data-start=\"749\" data-end=\"1025\">Das Diagramm hilft schnell zu verstehen, <strong data-start=\"787\" data-end=\"844\">welche Stufe an der Ventilkappe einzustellen ist<\/strong>, um einen stabilen und korrekten Durchfluss basierend auf dem verf\u00fcgbaren Systemdruck zu erhalten. Der Durchfluss bleibt stabil bei <strong data-start=\"967\" data-end=\"980\">1,4 L\/min<\/strong> und gew\u00e4hrleistet einen konstanten und zuverl\u00e4ssigen Fluss. <\/p>\n<p>Der Einsatz von  <strong>Druckminderern<\/strong>  erm\u00f6glicht eine zentrale Steuerung des Systems, was besonders in den Sommermonaten n\u00fctzlich ist, wenn eine Erh\u00f6hung des Durchflusses erforderlich sein kann.<\/p>\n","protected":false},"excerpt":{"rendered":"<p>Automatische Nippeltr\u00e4nke FDA-000002TP aus Messing und Edelstahl, mit 1\/2&#8243;-Anschluss und verstellbarem Ventil. Zuverl\u00e4ssig, robust und ideal f\u00fcr eine kontrollierte Wasserabgabe bei L\u00e4uferschweinen.<\/p>\n<p><a href=\"https:\/\/fdasrl.it\/wp-content\/uploads\/2025\/12\/Installation-Fda-Nipple-drinkers-1-2_compressed.pdf\">\ud83d\udc49 <b>(HIER KLICKEN)<\/b> f\u00fcr die vollst\u00e4ndige Installationstabelle<\/a><\/p>\n<p><a href=\"https:\/\/fdasrl.it\/wp-content\/uploads\/2025\/12\/fda-valvola-grafico-portata-costante-livelli-pressione-0-3-6-9-bar.webp\">\ud83d\udc49 <b>(HIER KLICKEN)<\/b> f\u00fcr die Durchflusstabelle<\/a><\/p>\n<p>\ud83d\udc49 <a href=\"https:\/\/fdasrl.it\/wp-content\/uploads\/2025\/12\/FDA00002TP_compressed.pdf\"><b>(HIER KLICKEN)<\/b> f\u00fcr die technische Zeichnung<\/a><\/p>\n","protected":false},"featured_media":1006,"comment_status":"open","ping_status":"closed","template":"","meta":{"_et_pb_use_builder":"","_et_pb_old_content":"","_et_gb_content_width":""},"product_brand":[],"product_cat":[1197,1198,643,762],"product_tag":[1234],"class_list":{"0":"post-5284","1":"product","2":"type-product","3":"status-publish","4":"has-post-thumbnail","6":"product_cat-messing-edelstahl","7":"product_cat-nippeltranken","8":"product_cat-schweine","9":"product_cat-tranken-3","10":"product_tag-fda-000002tp","12":"first","13":"instock","14":"shipping-taxable","15":"product-type-simple"},"yoast_head":"<!-- This site is optimized with the Yoast SEO Premium plugin v27.5 (Yoast SEO v27.5) - https:\/\/yoast.com\/product\/yoast-seo-premium-wordpress\/ -->\n<title>Robuste automatische Tr\u00e4nke f\u00fcr L\u00e4uferschweine FDA-000002TP<\/title>\n<meta name=\"description\" content=\"Entdecken Sie die verstellbare automatische Tr\u00e4nke f\u00fcr L\u00e4uferschweine FDA-000002TP, ideal f\u00fcr stets frisches und hygienisches Wasser.\" \/>\n<meta name=\"robots\" content=\"index, follow, max-snippet:-1, max-image-preview:large, max-video-preview:-1\" \/>\n<link rel=\"canonical\" href=\"https:\/\/fdasrl.it\/de\/prodotto\/art-fda-000002tp-nippeltraenke-1-2-mittel-verstellbar-fuer-laeufer\/\" \/>\n<meta property=\"og:locale\" content=\"de_DE\" \/>\n<meta property=\"og:type\" content=\"article\" \/>\n<meta property=\"og:title\" content=\"Art. FDA-000002TP - Nippeltr\u00e4nke 1\/2\u201d mittel, verstellbar f\u00fcr L\u00e4ufer\" \/>\n<meta property=\"og:description\" content=\"Entdecken Sie die verstellbare automatische Tr\u00e4nke f\u00fcr L\u00e4uferschweine FDA-000002TP, ideal f\u00fcr stets frisches und hygienisches Wasser.\" \/>\n<meta property=\"og:url\" content=\"https:\/\/fdasrl.it\/de\/prodotto\/art-fda-000002tp-nippeltraenke-1-2-mittel-verstellbar-fuer-laeufer\/\" \/>\n<meta property=\"og:site_name\" content=\"FDA srl\" \/>\n<meta property=\"article:publisher\" content=\"https:\/\/www.facebook.com\/share\/1MWhFWg1Tp\/?mibextid=LQQJ4d\" \/>\n<meta property=\"og:image\" content=\"https:\/\/fdasrl.it\/wp-content\/uploads\/2025\/01\/abbeveratoio-fda-000002tp.webp\" \/>\n\t<meta property=\"og:image:width\" content=\"2007\" \/>\n\t<meta property=\"og:image:height\" content=\"1577\" \/>\n\t<meta property=\"og:image:type\" content=\"image\/webp\" \/>\n<meta name=\"twitter:card\" content=\"summary_large_image\" \/>\n<meta name=\"twitter:label1\" content=\"Preis\" \/>\n\t<meta name=\"twitter:data1\" content=\"\" \/>\n\t<meta name=\"twitter:label2\" content=\"Verf\u00fcgbarkeit\" \/>\n\t<meta name=\"twitter:data2\" content=\"Auf Lager\" \/>\n<meta property=\"product:price:currency\" content=\"EUR\" \/>\n<meta property=\"og:availability\" content=\"instock\" \/>\n<meta property=\"product:availability\" content=\"instock\" \/>\n<meta property=\"product:retailer_item_id\" content=\"FDA-000002TP\" \/>\n<meta property=\"product:condition\" content=\"new\" \/>\n<!-- \/ Yoast SEO Premium plugin. -->","yoast_head_json":{"title":"Robuste automatische Tr\u00e4nke f\u00fcr L\u00e4uferschweine FDA-000002TP","description":"Entdecken Sie die verstellbare automatische Tr\u00e4nke f\u00fcr L\u00e4uferschweine FDA-000002TP, ideal f\u00fcr stets frisches und hygienisches Wasser.","robots":{"index":"index","follow":"follow","max-snippet":"max-snippet:-1","max-image-preview":"max-image-preview:large","max-video-preview":"max-video-preview:-1"},"canonical":"https:\/\/fdasrl.it\/de\/prodotto\/art-fda-000002tp-nippeltraenke-1-2-mittel-verstellbar-fuer-laeufer\/","og_locale":"de_DE","og_type":"article","og_title":"Art. FDA-000002TP - Nippeltr\u00e4nke 1\/2\u201d mittel, verstellbar f\u00fcr L\u00e4ufer","og_description":"Entdecken Sie die verstellbare automatische Tr\u00e4nke f\u00fcr L\u00e4uferschweine FDA-000002TP, ideal f\u00fcr stets frisches und hygienisches Wasser.","og_url":"https:\/\/fdasrl.it\/de\/prodotto\/art-fda-000002tp-nippeltraenke-1-2-mittel-verstellbar-fuer-laeufer\/","og_site_name":"FDA srl","article_publisher":"https:\/\/www.facebook.com\/share\/1MWhFWg1Tp\/?mibextid=LQQJ4d","og_image":[{"width":2007,"height":1577,"url":"https:\/\/fdasrl.it\/wp-content\/uploads\/2025\/01\/abbeveratoio-fda-000002tp.webp","type":"image\/webp"}],"twitter_card":"summary_large_image","twitter_misc":{"Preis":"","Verf\u00fcgbarkeit":"Auf Lager"},"schema":{"@context":"https:\/\/schema.org","@graph":[{"@type":"WebPage","@id":"https:\/\/fdasrl.it\/de\/prodotto\/art-fda-000002tp-nippeltraenke-1-2-mittel-verstellbar-fuer-laeufer\/","url":"https:\/\/fdasrl.it\/de\/prodotto\/art-fda-000002tp-nippeltraenke-1-2-mittel-verstellbar-fuer-laeufer\/","name":"Robuste automatische Tr\u00e4nke f\u00fcr L\u00e4uferschweine FDA-000002TP","isPartOf":{"@id":"https:\/\/fdasrl.it\/de\/#website"},"primaryImageOfPage":{"@id":"https:\/\/fdasrl.it\/de\/prodotto\/art-fda-000002tp-nippeltraenke-1-2-mittel-verstellbar-fuer-laeufer\/#primaryimage"},"image":{"@id":"https:\/\/fdasrl.it\/de\/prodotto\/art-fda-000002tp-nippeltraenke-1-2-mittel-verstellbar-fuer-laeufer\/#primaryimage"},"thumbnailUrl":"https:\/\/fdasrl.it\/wp-content\/uploads\/2025\/01\/abbeveratoio-fda-000002tp.webp","datePublished":"2025-12-09T11:00:16+00:00","description":"Entdecken Sie die verstellbare automatische Tr\u00e4nke f\u00fcr L\u00e4uferschweine FDA-000002TP, ideal f\u00fcr stets frisches und hygienisches Wasser.","breadcrumb":{"@id":"https:\/\/fdasrl.it\/de\/prodotto\/art-fda-000002tp-nippeltraenke-1-2-mittel-verstellbar-fuer-laeufer\/#breadcrumb"},"inLanguage":"de","potentialAction":[{"@type":"ReadAction","target":["https:\/\/fdasrl.it\/de\/prodotto\/art-fda-000002tp-nippeltraenke-1-2-mittel-verstellbar-fuer-laeufer\/"]}]},{"@type":"ImageObject","inLanguage":"de","@id":"https:\/\/fdasrl.it\/de\/prodotto\/art-fda-000002tp-nippeltraenke-1-2-mittel-verstellbar-fuer-laeufer\/#primaryimage","url":"https:\/\/fdasrl.it\/wp-content\/uploads\/2025\/01\/abbeveratoio-fda-000002tp.webp","contentUrl":"https:\/\/fdasrl.it\/wp-content\/uploads\/2025\/01\/abbeveratoio-fda-000002tp.webp","width":2007,"height":1577,"caption":"Nippeltr\u00e4nke Schwein, verstellbares Ventil Tr\u00e4nke, FDA-000002TP, L\u00e4ufertr\u00e4nke"},{"@type":"BreadcrumbList","@id":"https:\/\/fdasrl.it\/de\/prodotto\/art-fda-000002tp-nippeltraenke-1-2-mittel-verstellbar-fuer-laeufer\/#breadcrumb","itemListElement":[{"@type":"ListItem","position":1,"name":"Home","item":"https:\/\/fdasrl.it\/de\/startseite\/"},{"@type":"ListItem","position":2,"name":"Shop","item":"https:\/\/fdasrl.it\/de\/shop\/"},{"@type":"ListItem","position":3,"name":"Art. FDA-000002TP &#8211; Nippeltr\u00e4nke 1\/2\u201d mittel, verstellbar f\u00fcr L\u00e4ufer"}]},{"@type":"WebSite","@id":"https:\/\/fdasrl.it\/de\/#website","url":"https:\/\/fdasrl.it\/de\/","name":"FDA srl","description":"Equipment for animal husbandry","publisher":{"@id":"https:\/\/fdasrl.it\/de\/#organization"},"potentialAction":[{"@type":"SearchAction","target":{"@type":"EntryPoint","urlTemplate":"https:\/\/fdasrl.it\/de\/?s={search_term_string}"},"query-input":{"@type":"PropertyValueSpecification","valueRequired":true,"valueName":"search_term_string"}}],"inLanguage":"de"},{"@type":"Organization","@id":"https:\/\/fdasrl.it\/de\/#organization","name":"FDA srl","url":"https:\/\/fdasrl.it\/de\/","logo":{"@type":"ImageObject","inLanguage":"de","@id":"https:\/\/fdasrl.it\/de\/#\/schema\/logo\/image\/","url":"https:\/\/fdasrl.it\/wp-content\/uploads\/2024\/12\/Logo-FDA.png","contentUrl":"https:\/\/fdasrl.it\/wp-content\/uploads\/2024\/12\/Logo-FDA.png","width":316,"height":119,"caption":"FDA srl"},"image":{"@id":"https:\/\/fdasrl.it\/de\/#\/schema\/logo\/image\/"},"sameAs":["https:\/\/www.facebook.com\/share\/1MWhFWg1Tp\/?mibextid=LQQJ4d","https:\/\/www.instagram.com\/fda_srl\/profilecard\/?igsh=YW5lbzJ6MWg0d21u","https:\/\/www.youtube.com\/@FDASRL_ANIMALCARE"],"description":"FDA SRL \u2013 Equipment for animal husbandry nasce con l\u2019obiettivo di offrire soluzioni affidabili e innovative per l\u2019allevamento moderno. Con anni di esperienza nel settore zootecnico, progettiamo e realizziamo attrezzature destinate al benessere animale e alla gestione efficiente delle stalle: vasche, abbeveratoi, mangiatoie e sistemi di riscaldamento pensati per durare nel tempo e semplificare il lavoro quotidiano degli allevatori. Dalla progettazione alla produzione, ogni nostro prodotto \u00e8 studiato nei minimi dettagli, testato con cura e costruito per rispondere alle esigenze reali del settore. La nostra forza \u00e8 unire artigianalit\u00e0, tecnologia e competenza tecnica per trasformare ogni progetto in una soluzione concreta e funzionale. Oggi FDA SRL \u00e8 un punto di riferimento per privati e rivenditori che cercano qualit\u00e0, affidabilit\u00e0 e innovazione nelle attrezzature per l\u2019allevamento.","email":"info@fdasrl.it","telephone":"+390522826820","legalName":"F.D.A. SRL","foundingDate":"2024-10-13","vatID":"03075840359","taxID":"03075840359","numberOfEmployees":{"@type":"QuantitativeValue","minValue":"1","maxValue":"10"}}]},"product_price_currency":"EUR","og_availability":"instock","product_availability":"instock","product_retailer_item_id":"FDA-000002TP","product_condition":"new"},"_links":{"self":[{"href":"https:\/\/fdasrl.it\/de\/wp-json\/wp\/v2\/product\/5284","targetHints":{"allow":["GET"]}}],"collection":[{"href":"https:\/\/fdasrl.it\/de\/wp-json\/wp\/v2\/product"}],"about":[{"href":"https:\/\/fdasrl.it\/de\/wp-json\/wp\/v2\/types\/product"}],"replies":[{"embeddable":true,"href":"https:\/\/fdasrl.it\/de\/wp-json\/wp\/v2\/comments?post=5284"}],"wp:featuredmedia":[{"embeddable":true,"href":"https:\/\/fdasrl.it\/de\/wp-json\/wp\/v2\/media\/1006"}],"wp:attachment":[{"href":"https:\/\/fdasrl.it\/de\/wp-json\/wp\/v2\/media?parent=5284"}],"wp:term":[{"taxonomy":"product_brand","embeddable":true,"href":"https:\/\/fdasrl.it\/de\/wp-json\/wp\/v2\/product_brand?post=5284"},{"taxonomy":"product_cat","embeddable":true,"href":"https:\/\/fdasrl.it\/de\/wp-json\/wp\/v2\/product_cat?post=5284"},{"taxonomy":"product_tag","embeddable":true,"href":"https:\/\/fdasrl.it\/de\/wp-json\/wp\/v2\/product_tag?post=5284"}],"curies":[{"name":"wp","href":"https:\/\/api.w.org\/{rel}","templated":true}]}}