{"id":5313,"date":"2026-03-13T16:40:08","date_gmt":"2026-03-13T15:40:08","guid":{"rendered":"https:\/\/fdasrl.it\/prodotto\/art-fda-000005tp-nippeltraenke-1-2-fuer-anti-verschwendungs-kombiautomaten-fressen-saufen\/"},"modified":"2026-03-13T16:40:08","modified_gmt":"2026-03-13T15:40:08","slug":"art-fda-000005tp-nippeltraenke-1-2-fuer-anti-verschwendungs-kombiautomaten-fressen-saufen","status":"publish","type":"product","link":"https:\/\/fdasrl.it\/de\/prodotto\/art-fda-000005tp-nippeltraenke-1-2-fuer-anti-verschwendungs-kombiautomaten-fressen-saufen\/","title":{"rendered":"Art. FDA-000005TP &#8211; Nippeltr\u00e4nke 1\/2\u201d f\u00fcr Anti-Verschwendungs-Kombiautomaten (Fressen\/Saufen)"},"content":{"rendered":"<h1 data-section-id=\"m5jqlp\" data-start=\"258\" data-end=\"361\">Automatische Nippeltr\u00e4nke 1\/2&#8243; f\u00fcr Anti-Verschwendungs-Kombiautomaten \u2013 Modell FDA-000005TP<\/h1>\n<h2 data-section-id=\"7u0kos\" data-start=\"363\" data-end=\"390\">Produktbeschreibung<\/h2>\n<p data-start=\"341\" data-end=\"542\">Die <strong data-start=\"343\" data-end=\"411\">Nippeltr\u00e4nke f\u00fcr Kombiautomaten FDA-000005TP<\/strong> ist f\u00fcr kombinierte F\u00fctterungssysteme bei Schweinen konzipiert, bei denen Wasser und Futter direkt im Trog aufgenommen werden.<\/p>\n<p data-start=\"544\" data-end=\"811\">Diese <strong data-start=\"551\" data-end=\"619\">Nippeltr\u00e4nke f\u00fcr Kombiautomaten FDA-000005TP<\/strong> mit <strong data-start=\"642\" data-end=\"650\">1\/2&#8243;<\/strong>-Gewindeanschluss erm\u00f6glicht eine kontrollierte Wasserabgabe, die das Futter befeuchtet, die Schmackhaftigkeit verbessert und die Futteraufnahme der Tiere f\u00f6rdert.<\/p>\n<p data-start=\"813\" data-end=\"1037\">Der <strong data-start=\"816\" data-end=\"848\">K\u00f6rper und das Gewinde aus Messing<\/strong> garantieren hohe Korrosionsbest\u00e4ndigkeit, dauerhafte Zuverl\u00e4ssigkeit und eine korrekte hydraulische Abdichtung.<br data-start=\"953\" data-end=\"956\"\/>Der <strong data-start=\"958\" data-end=\"978\">25 mm Sechskant<\/strong> erm\u00f6glicht eine stabile und sichere Verschraubung am Futtertrog.<\/p>\n<p data-start=\"1039\" data-end=\"1412\">Der <strong data-start=\"1042\" data-end=\"1091\">Aktivierungsknopf \u00d8 24 mm aus Edelstahl<\/strong> der <strong data-start=\"1097\" data-end=\"1165\">Nippeltr\u00e4nke f\u00fcr Kombiautomaten FDA-000005TP<\/strong> ist so konzipiert, dass er vom Schwein w\u00e4hrend der nat\u00fcrlichen Kopfbewegung im Trog bet\u00e4tigt wird. Die Bewegung des Knopfes bewirkt eine <strong data-start=\"1303\" data-end=\"1347\">leichte und kontrollierte Wasserabgabe<\/strong>, die das Futter anfeuchtet und zur Reduzierung von Verschwendung beitr\u00e4gt. <\/p>\n<p data-start=\"1414\" data-end=\"1691\">Diese Version der <strong data-start=\"1435\" data-end=\"1503\">Nippeltr\u00e4nke f\u00fcr Kombiautomaten FDA-000005TP<\/strong> ist mit einem <strong data-start=\"1516\" data-end=\"1549\">verstellbaren Kunststofffilter<\/strong> ausgestattet, der es erm\u00f6glicht, die Wasserdurchflussrate in Abh\u00e4ngigkeit vom Druck in der Wasserleitung zu regulieren und so die Durchflusskontrolle zu verbessern.<\/p>\n<hr data-start=\"1701\" data-end=\"1704\">\n<h2 data-section-id=\"nuql2p\" data-start=\"1706\" data-end=\"1733\">Technische Daten<\/h2>\n<ul data-start=\"1735\" data-end=\"1965\">\n<li data-section-id=\"1o9ytxp\" data-start=\"1735\" data-end=\"1760\">\n<p data-start=\"1737\" data-end=\"1760\"><strong data-start=\"1737\" data-end=\"1758\">Messinggewinde<\/strong><\/p>\n<\/li>\n<li data-section-id=\"169p6ni\" data-start=\"1761\" data-end=\"1791\">\n<p data-start=\"1763\" data-end=\"1791\"><strong data-start=\"1763\" data-end=\"1789\">Edelstahlknopf<\/strong><\/p>\n<\/li>\n<li data-section-id=\"d3pims\" data-start=\"1792\" data-end=\"1819\">\n<p data-start=\"1794\" data-end=\"1819\"><strong data-start=\"1794\" data-end=\"1812\">Wasseranschluss:<\/strong> 1\/2&#8243;<\/p>\n<\/li>\n<li data-section-id=\"1oxkjxt\" data-start=\"1820\" data-end=\"1853\">\n<p data-start=\"1822\" data-end=\"1853\"><strong data-start=\"1822\" data-end=\"1843\">Gesamtl\u00e4nge:<\/strong> 57,6 mm<\/p>\n<\/li>\n<li data-section-id=\"uqig1r\" data-start=\"1854\" data-end=\"1886\">\n<p data-start=\"1856\" data-end=\"1886\"><strong data-start=\"1856\" data-end=\"1876\">Knopfdurchmesser:<\/strong> \u00d8 24 mm<\/p>\n<\/li>\n<li data-section-id=\"wzfciy\" data-start=\"1887\" data-end=\"1906\">\n<p data-start=\"1889\" data-end=\"1906\"><strong data-start=\"1889\" data-end=\"1898\">Gewicht:<\/strong> 161 g<\/p>\n<\/li>\n<li data-section-id=\"1nozte3\" data-start=\"1907\" data-end=\"1929\">\n<p data-start=\"1909\" data-end=\"1929\"><strong data-start=\"1909\" data-end=\"1921\">Sechskant:<\/strong> 25 mm<\/p>\n<\/li>\n<li data-section-id=\"51mczo\" data-start=\"1930\" data-end=\"1965\">\n<p data-start=\"1932\" data-end=\"1965\"><strong data-start=\"1932\" data-end=\"1965\">Verstellbarer Kunststofffilter<\/strong><\/p>\n<\/li>\n<\/ul>\n<h3 data-section-id=\"a0rm9p\" data-start=\"1967\" data-end=\"1991\">Verf\u00fcgbare Versionen<\/h3>\n<ul data-start=\"1993\" data-end=\"2092\">\n<li data-section-id=\"1081g3p\" data-start=\"1993\" data-end=\"2049\">\n<p data-start=\"1995\" data-end=\"2049\">mit <strong data-start=\"1999\" data-end=\"2022\">Edelstahlsieb<\/strong> \u2013 Modell <strong data-start=\"2033\" data-end=\"2047\">FDA-000005<\/strong><\/p>\n<\/li>\n<li data-section-id=\"13te3xk\" data-start=\"2050\" data-end=\"2092\">\n<p data-start=\"2052\" data-end=\"2092\"><strong data-start=\"2052\" data-end=\"2066\">komplett aus Edelstahl<\/strong> \u2013 Modell <strong data-start=\"2077\" data-end=\"2092\">FDA-000015E<\/strong><\/p>\n<\/li>\n<\/ul>\n<hr data-start=\"2094\" data-end=\"2097\">\n<h2 data-section-id=\"xgq6w7\" data-start=\"2099\" data-end=\"2135\">Installationsh\u00f6hen und -winkel<\/h2>\n<p data-start=\"2137\" data-end=\"2197\">\ud83d\udc49 <strong data-start=\"2140\" data-end=\"2156\">(HIER KLICKEN)<\/strong> f\u00fcr die vollst\u00e4ndige Installationstabelle<\/p>\n<p data-start=\"2199\" data-end=\"2482\">Die angegebenen H\u00f6hen sind allgemeine Richtlinien.<br data-start=\"2245\" data-end=\"2248\"\/>Es wird empfohlen, <strong data-start=\"2275\" data-end=\"2307\">drei Installationsh\u00f6hen<\/strong> oder <strong data-start=\"2318\" data-end=\"2343\">H\u00f6henversteller<\/strong> zu verwenden, um die Position der <strong data-start=\"2380\" data-end=\"2438\">Nippeltr\u00e4nke f\u00fcr Kombiautomaten<\/strong> an die verschiedenen Wachstumsphasen des Tieres anzupassen.<\/p>\n<p data-start=\"2484\" data-end=\"2585\">Die Tr\u00e4nke <strong data-start=\"2499\" data-end=\"2515\">FDA-000005TP<\/strong> kann mit einer Neigung zwischen <strong data-start=\"2571\" data-end=\"2584\">15\u00b0 und 45\u00b0<\/strong> installiert werden:<\/p>\n<ul data-start=\"2587\" data-end=\"2673\">\n<li data-section-id=\"axr87z\" data-start=\"2587\" data-end=\"2631\">\n<p data-start=\"2589\" data-end=\"2631\"><strong data-start=\"2589\" data-end=\"2629\">15\u00b0 \u2192 die niedrigste H\u00f6he verwenden<\/strong><\/p>\n<\/li>\n<li data-section-id=\"4csin4\" data-start=\"2632\" data-end=\"2673\">\n<p data-start=\"2634\" data-end=\"2673\"><strong data-start=\"2634\" data-end=\"2673\">45\u00b0 \u2192 die h\u00f6chste H\u00f6he verwenden<\/strong><\/p>\n<\/li>\n<\/ul>\n<p data-start=\"2675\" data-end=\"2791\">Diese Einstellung garantiert <strong data-start=\"2705\" data-end=\"2743\">eine korrekte K\u00f6rperhaltung der Tiere<\/strong> und tr\u00e4gt dazu bei, <strong data-start=\"2761\" data-end=\"2790\">Wasserverschwendung zu reduzieren<\/strong>.<\/p>\n<hr data-start=\"2793\" data-end=\"2796\">\n<h2 data-section-id=\"is0d26\" data-start=\"2798\" data-end=\"2833\">Empfohlener Wasserdruck<\/h2>\n<p data-start=\"2835\" data-end=\"2959\">Der maximale Wasserdruck darf <strong data-start=\"2885\" data-end=\"2903\">4 bar (55 psi)<\/strong> nicht \u00fcberschreiten, um den ordnungsgem\u00e4\u00dfen Betrieb der Anlage zu gew\u00e4hrleisten.<\/p>\n<p data-start=\"2961\" data-end=\"3053\">F\u00fcr <strong data-start=\"2965\" data-end=\"2997\">Ferkel und abgesetzte Ferkel<\/strong> sollte der Druck <strong data-start=\"3034\" data-end=\"3052\">2 bar (28 psi)<\/strong> nicht \u00fcberschreiten.<\/p>\n<p data-start=\"3055\" data-end=\"3087\">Niedrigere Dr\u00fccke beg\u00fcnstigen:<\/p>\n<ul data-start=\"3089\" data-end=\"3225\">\n<li data-section-id=\"11e5cqa\" data-start=\"3089\" data-end=\"3109\">\n<p data-start=\"3091\" data-end=\"3109\">Wassereinsparung<\/p>\n<\/li>\n<li data-section-id=\"1yzlpkk\" data-start=\"3110\" data-end=\"3152\">\n<p data-start=\"3112\" data-end=\"3152\">l\u00e4ngere Lebensdauer von Dichtungen und Feder<\/p>\n<\/li>\n<li data-section-id=\"1qi1tl4\" data-start=\"3153\" data-end=\"3178\">\n<p data-start=\"3155\" data-end=\"3178\">Gleichm\u00e4\u00dfigkeit des Durchflusses<\/p>\n<\/li>\n<li data-section-id=\"agvkv4\" data-start=\"3179\" data-end=\"3197\">\n<p data-start=\"3181\" data-end=\"3197\">Benutzerfreundlichkeit<\/p>\n<\/li>\n<li data-section-id=\"1hn09s\" data-start=\"3198\" data-end=\"3225\">\n<p data-start=\"3200\" data-end=\"3225\">Reduzierung von Verschwendung<\/p>\n<\/li>\n<\/ul>\n<p data-start=\"3227\" data-end=\"3342\">\ud83d\udc49 Es wird empfohlen, einen <strong data-start=\"3260\" data-end=\"3286\">Druckminderer<\/strong> zu verwenden, wenn die Wasserleitung hohe oder instabile Werte aufweist.<\/p>\n<hr data-start=\"3344\" data-end=\"3347\">\n<h2 data-section-id=\"ca3mia\" data-start=\"3349\" data-end=\"3367\">Wasserdurchfluss<\/h2>\n<p data-start=\"3369\" data-end=\"3417\">\ud83d\udc49 <strong data-start=\"3372\" data-end=\"3388\">(HIER KLICKEN)<\/strong> f\u00fcr die Durchflusstabelle<\/p>\n<p data-start=\"3419\" data-end=\"3548\">Der Durchfluss der <strong data-start=\"3435\" data-end=\"3490\">automatischen 1\/2&#8243; Nippeltr\u00e4nke f\u00fcr Schweine<\/strong> variiert je nach Druck in der Wasserleitung.<\/p>\n<p data-start=\"3550\" data-end=\"3784\">F\u00fcr einen optimalen Betrieb des Systems wird ein <strong data-start=\"3609\" data-end=\"3647\">Durchfluss zwischen 0,6 und 1 L\/min<\/strong> empfohlen, um eine korrekte Befeuchtung des Futters zu erreichen, Wasserverschwendung zu reduzieren und den F\u00fctterungsbereich sauberer zu halten.<\/p>\n<p data-start=\"3786\" data-end=\"3999\">In der Version mit <strong data-start=\"3805\" data-end=\"3849\">verstellbarem Filter (Modell FDA-000005TP)<\/strong> kann der Durchfluss \u00fcber die <strong data-start=\"3892\" data-end=\"3921\">Ventilkappe<\/strong> reguliert werden, wodurch der Fluss an den in der Anlage verf\u00fcgbaren Druck angepasst werden kann.<\/p>\n<p data-start=\"4001\" data-end=\"4075\">In der Grafik sind <strong data-start=\"4030\" data-end=\"4074\">drei Einstellstufen des Ventils<\/strong> hervorgehoben:<\/p>\n<ul data-start=\"4077\" data-end=\"4354\">\n<li data-section-id=\"jsf9ok\" data-start=\"4077\" data-end=\"4175\">\n<p data-start=\"4079\" data-end=\"4175\"><strong data-start=\"4079\" data-end=\"4115\">Stufe 1 (4\u20139 bar) \u2013 gr\u00fcner Bereich<\/strong><br data-start=\"4115\" data-end=\"4118\"\/>verwendet bei hohem Anlagendruck.<\/p>\n<\/li>\n<li data-section-id=\"1b7zwdm\" data-start=\"4177\" data-end=\"4255\">\n<p data-start=\"4179\" data-end=\"4255\"><strong data-start=\"4179\" data-end=\"4213\">Stufe 2 (2\u20134 bar) \u2013 blauer Bereich<\/strong><br data-start=\"4213\" data-end=\"4216\"\/>geeignet f\u00fcr Systeme mit mittlerem Druck.<\/p>\n<\/li>\n<li data-section-id=\"11ztnx0\" data-start=\"4257\" data-end=\"4354\">\n<p data-start=\"4259\" data-end=\"4354\"><strong data-start=\"4259\" data-end=\"4296\">Stufe 3 (0\u20132 bar) \u2013 grauer Bereich<\/strong><br data-start=\"4296\" data-end=\"4299\"\/>ideal f\u00fcr Tr\u00e4nkelinien mit niedrigem Druck.<\/p>\n<\/li>\n<\/ul>\n<p data-start=\"4356\" data-end=\"4608\">Die Grafik erm\u00f6glicht es, schnell zu ermitteln, welche Stufe an der Ventilkappe eingestellt werden muss, um einen <strong data-start=\"4474\" data-end=\"4553\">stabilen Durchfluss der Nippeltr\u00e4nke f\u00fcr Kombiautomaten<\/strong> in Abh\u00e4ngigkeit vom verf\u00fcgbaren Anlagendruck zu erhalten.<\/p>\n<p data-start=\"4610\" data-end=\"4724\">Bei korrekter Einstellung bleibt der Durchfluss <strong data-start=\"4656\" data-end=\"4679\">bei etwa 1,0 L\/min<\/strong>, was einen konstanten und zuverl\u00e4ssigen Fluss garantiert.<\/p>\n<hr data-start=\"4726\" data-end=\"4729\">\n<h2 data-section-id=\"1lqngb5\" data-start=\"4731\" data-end=\"4759\">Wasserverunreinigung<\/h2>\n<p data-start=\"4761\" data-end=\"4927\">Die Verunreinigung des Wassers oder der Rohrleitungen kann eine der Hauptursachen f\u00fcr Fehlfunktionen von <strong data-start=\"4878\" data-end=\"4916\">Nippeltr\u00e4nken f\u00fcr Schweine<\/strong> im Laufe der Zeit sein.<\/p>\n<p data-start=\"4929\" data-end=\"5132\">Um dieses Problem zu vermeiden, wird die Installation <strong data-start=\"4991\" data-end=\"5037\">eines Filters am Eingang der Wasserleitung<\/strong> empfohlen, um eventuelle Verunreinigungen zur\u00fcckzuhalten und einen reibungslosen Betrieb der Anlage zu gew\u00e4hrleisten.<\/p>\n","protected":false},"excerpt":{"rendered":"<p>1\/2\u201d-Gewindeanschluss f\u00fcr Schweine-Kombiautomaten, mit Messingk\u00f6rper und Edelstahlknopf. <strong data-start=\"1609\" data-end=\"1642\">Verstellbarer Kunststofffilter. <\/strong>Automatische Aktivierung bei Kopfbewegung des Schweins f\u00fcr kontrollierte Futterbefeuchtung. Auch als komplette Edelstahlversion erh\u00e4ltlich. <\/p>\n<p><a href=\"https:\/\/fdasrl.it\/wp-content\/uploads\/2025\/01\/Installation-of-1-2-nipple-drinker-for-anti-waste-eatdrink-trays.pdf\" target=\"_blank\" rel=\"noopener\">\ud83d\udc49 <strong data-start=\"1158\" data-end=\"1174\">(HIER KLICKEN)<\/strong> f\u00fcr die vollst\u00e4ndige Installationstabelle<\/a><\/p>\n<p><a href=\"https:\/\/fdasrl.it\/wp-content\/uploads\/2026\/03\/grafico-fda-succhiotto-mangia-bevi-000005tp.jpg\">\ud83d\udc49 <strong data-start=\"1158\" data-end=\"1174\">(HIER KLICKEN)<\/strong> f\u00fcr die Durchflusstabelle<\/a><\/p>\n<p><a href=\"https:\/\/fdasrl.it\/wp-content\/uploads\/2026\/03\/FDA0005TP.pdf\">\ud83d\udc49 <strong data-start=\"1158\" data-end=\"1174\">(HIER KLICKEN)<\/strong> f\u00fcr die technische Zeichnung<\/a><\/p>\n","protected":false},"featured_media":1248,"comment_status":"open","ping_status":"closed","template":"","meta":{"_et_pb_use_builder":"","_et_pb_old_content":"","_et_gb_content_width":""},"product_brand":[],"product_cat":[1197,1198,643,762],"product_tag":[1241],"class_list":{"0":"post-5313","1":"product","2":"type-product","3":"status-publish","4":"has-post-thumbnail","6":"product_cat-messing-edelstahl","7":"product_cat-nippeltranken","8":"product_cat-schweine","9":"product_cat-tranken-3","10":"product_tag-fda-000005tp","12":"first","13":"instock","14":"shipping-taxable","15":"product-type-simple"},"yoast_head":"<!-- This site is optimized with the Yoast SEO Premium plugin v27.5 (Yoast SEO v27.5) - https:\/\/yoast.com\/product\/yoast-seo-premium-wordpress\/ -->\n<title>Nippeltr\u00e4nke f\u00fcr Kombiautomaten FDA-0005TP<\/title>\n<meta name=\"description\" content=\"Optimieren Sie die Ern\u00e4hrung Ihrer Schweine mit der Nippeltr\u00e4nke f\u00fcr Kombiautomaten FDA-0005TP. Garantiert eine bessere Futteraufnahme! \ud83d\udc16\" \/>\n<meta name=\"robots\" content=\"index, follow, max-snippet:-1, max-image-preview:large, max-video-preview:-1\" \/>\n<link rel=\"canonical\" href=\"https:\/\/fdasrl.it\/de\/prodotto\/art-fda-000005tp-nippeltraenke-1-2-fuer-anti-verschwendungs-kombiautomaten-fressen-saufen\/\" \/>\n<meta property=\"og:locale\" content=\"de_DE\" \/>\n<meta property=\"og:type\" content=\"article\" \/>\n<meta property=\"og:title\" content=\"Art. FDA-000005TP - Nippeltr\u00e4nke 1\/2\u201d f\u00fcr Anti-Verschwendungs-Kombiautomaten (Fressen\/Saufen)\" \/>\n<meta property=\"og:description\" content=\"Optimieren Sie die Ern\u00e4hrung Ihrer Schweine mit der Nippeltr\u00e4nke f\u00fcr Kombiautomaten FDA-0005TP. Garantiert eine bessere Futteraufnahme! \ud83d\udc16\" \/>\n<meta property=\"og:url\" content=\"https:\/\/fdasrl.it\/de\/prodotto\/art-fda-000005tp-nippeltraenke-1-2-fuer-anti-verschwendungs-kombiautomaten-fressen-saufen\/\" \/>\n<meta property=\"og:site_name\" content=\"FDA srl\" \/>\n<meta property=\"article:publisher\" content=\"https:\/\/www.facebook.com\/share\/1MWhFWg1Tp\/?mibextid=LQQJ4d\" \/>\n<meta property=\"og:image\" content=\"https:\/\/fdasrl.it\/wp-content\/uploads\/2026\/03\/abbeveratoio-succhiotto-1-2-vaschetta-antispreco-mangia-bevi-con-regolazione.jpg\" \/>\n\t<meta property=\"og:image:width\" content=\"1915\" \/>\n\t<meta property=\"og:image:height\" content=\"1922\" \/>\n\t<meta property=\"og:image:type\" content=\"image\/jpeg\" \/>\n<meta name=\"twitter:card\" content=\"summary_large_image\" \/>\n<meta name=\"twitter:label1\" content=\"Preis\" \/>\n\t<meta name=\"twitter:data1\" content=\"\" \/>\n\t<meta name=\"twitter:label2\" content=\"Verf\u00fcgbarkeit\" \/>\n\t<meta name=\"twitter:data2\" content=\"Auf Lager\" \/>\n<meta property=\"product:price:currency\" content=\"EUR\" \/>\n<meta property=\"og:availability\" content=\"instock\" \/>\n<meta property=\"product:availability\" content=\"instock\" \/>\n<meta property=\"product:retailer_item_id\" content=\"FDA-000005TP\" \/>\n<meta property=\"product:condition\" content=\"new\" \/>\n<!-- \/ Yoast SEO Premium plugin. -->","yoast_head_json":{"title":"Nippeltr\u00e4nke f\u00fcr Kombiautomaten FDA-0005TP","description":"Optimieren Sie die Ern\u00e4hrung Ihrer Schweine mit der Nippeltr\u00e4nke f\u00fcr Kombiautomaten FDA-0005TP. Garantiert eine bessere Futteraufnahme! \ud83d\udc16","robots":{"index":"index","follow":"follow","max-snippet":"max-snippet:-1","max-image-preview":"max-image-preview:large","max-video-preview":"max-video-preview:-1"},"canonical":"https:\/\/fdasrl.it\/de\/prodotto\/art-fda-000005tp-nippeltraenke-1-2-fuer-anti-verschwendungs-kombiautomaten-fressen-saufen\/","og_locale":"de_DE","og_type":"article","og_title":"Art. FDA-000005TP - Nippeltr\u00e4nke 1\/2\u201d f\u00fcr Anti-Verschwendungs-Kombiautomaten (Fressen\/Saufen)","og_description":"Optimieren Sie die Ern\u00e4hrung Ihrer Schweine mit der Nippeltr\u00e4nke f\u00fcr Kombiautomaten FDA-0005TP. Garantiert eine bessere Futteraufnahme! \ud83d\udc16","og_url":"https:\/\/fdasrl.it\/de\/prodotto\/art-fda-000005tp-nippeltraenke-1-2-fuer-anti-verschwendungs-kombiautomaten-fressen-saufen\/","og_site_name":"FDA srl","article_publisher":"https:\/\/www.facebook.com\/share\/1MWhFWg1Tp\/?mibextid=LQQJ4d","og_image":[{"width":1915,"height":1922,"url":"https:\/\/fdasrl.it\/wp-content\/uploads\/2026\/03\/abbeveratoio-succhiotto-1-2-vaschetta-antispreco-mangia-bevi-con-regolazione.jpg","type":"image\/jpeg"}],"twitter_card":"summary_large_image","twitter_misc":{"Preis":"","Verf\u00fcgbarkeit":"Auf Lager"},"schema":{"@context":"https:\/\/schema.org","@graph":[{"@type":"WebPage","@id":"https:\/\/fdasrl.it\/de\/prodotto\/art-fda-000005tp-nippeltraenke-1-2-fuer-anti-verschwendungs-kombiautomaten-fressen-saufen\/","url":"https:\/\/fdasrl.it\/de\/prodotto\/art-fda-000005tp-nippeltraenke-1-2-fuer-anti-verschwendungs-kombiautomaten-fressen-saufen\/","name":"Nippeltr\u00e4nke f\u00fcr Kombiautomaten FDA-0005TP","isPartOf":{"@id":"https:\/\/fdasrl.it\/de\/#website"},"primaryImageOfPage":{"@id":"https:\/\/fdasrl.it\/de\/prodotto\/art-fda-000005tp-nippeltraenke-1-2-fuer-anti-verschwendungs-kombiautomaten-fressen-saufen\/#primaryimage"},"image":{"@id":"https:\/\/fdasrl.it\/de\/prodotto\/art-fda-000005tp-nippeltraenke-1-2-fuer-anti-verschwendungs-kombiautomaten-fressen-saufen\/#primaryimage"},"thumbnailUrl":"https:\/\/fdasrl.it\/wp-content\/uploads\/2026\/03\/abbeveratoio-succhiotto-1-2-vaschetta-antispreco-mangia-bevi-con-regolazione.jpg","datePublished":"2026-03-13T15:40:08+00:00","description":"Optimieren Sie die Ern\u00e4hrung Ihrer Schweine mit der Nippeltr\u00e4nke f\u00fcr Kombiautomaten FDA-0005TP. Garantiert eine bessere Futteraufnahme! \ud83d\udc16","breadcrumb":{"@id":"https:\/\/fdasrl.it\/de\/prodotto\/art-fda-000005tp-nippeltraenke-1-2-fuer-anti-verschwendungs-kombiautomaten-fressen-saufen\/#breadcrumb"},"inLanguage":"de","potentialAction":[{"@type":"ReadAction","target":["https:\/\/fdasrl.it\/de\/prodotto\/art-fda-000005tp-nippeltraenke-1-2-fuer-anti-verschwendungs-kombiautomaten-fressen-saufen\/"]}]},{"@type":"ImageObject","inLanguage":"de","@id":"https:\/\/fdasrl.it\/de\/prodotto\/art-fda-000005tp-nippeltraenke-1-2-fuer-anti-verschwendungs-kombiautomaten-fressen-saufen\/#primaryimage","url":"https:\/\/fdasrl.it\/wp-content\/uploads\/2026\/03\/abbeveratoio-succhiotto-1-2-vaschetta-antispreco-mangia-bevi-con-regolazione.jpg","contentUrl":"https:\/\/fdasrl.it\/wp-content\/uploads\/2026\/03\/abbeveratoio-succhiotto-1-2-vaschetta-antispreco-mangia-bevi-con-regolazione.jpg","width":1915,"height":1922,"caption":"Tr\u00e4nkenippel mit 1\/2\"-Anschluss und Regulierung des Wasserdurchflusses."},{"@type":"BreadcrumbList","@id":"https:\/\/fdasrl.it\/de\/prodotto\/art-fda-000005tp-nippeltraenke-1-2-fuer-anti-verschwendungs-kombiautomaten-fressen-saufen\/#breadcrumb","itemListElement":[{"@type":"ListItem","position":1,"name":"Home","item":"https:\/\/fdasrl.it\/de\/startseite\/"},{"@type":"ListItem","position":2,"name":"Shop","item":"https:\/\/fdasrl.it\/de\/shop\/"},{"@type":"ListItem","position":3,"name":"Art. FDA-000005TP &#8211; Nippeltr\u00e4nke 1\/2\u201d f\u00fcr Anti-Verschwendungs-Kombiautomaten (Fressen\/Saufen)"}]},{"@type":"WebSite","@id":"https:\/\/fdasrl.it\/de\/#website","url":"https:\/\/fdasrl.it\/de\/","name":"FDA srl","description":"Equipment for animal husbandry","publisher":{"@id":"https:\/\/fdasrl.it\/de\/#organization"},"potentialAction":[{"@type":"SearchAction","target":{"@type":"EntryPoint","urlTemplate":"https:\/\/fdasrl.it\/de\/?s={search_term_string}"},"query-input":{"@type":"PropertyValueSpecification","valueRequired":true,"valueName":"search_term_string"}}],"inLanguage":"de"},{"@type":"Organization","@id":"https:\/\/fdasrl.it\/de\/#organization","name":"FDA srl","url":"https:\/\/fdasrl.it\/de\/","logo":{"@type":"ImageObject","inLanguage":"de","@id":"https:\/\/fdasrl.it\/de\/#\/schema\/logo\/image\/","url":"https:\/\/fdasrl.it\/wp-content\/uploads\/2024\/12\/Logo-FDA.png","contentUrl":"https:\/\/fdasrl.it\/wp-content\/uploads\/2024\/12\/Logo-FDA.png","width":316,"height":119,"caption":"FDA srl"},"image":{"@id":"https:\/\/fdasrl.it\/de\/#\/schema\/logo\/image\/"},"sameAs":["https:\/\/www.facebook.com\/share\/1MWhFWg1Tp\/?mibextid=LQQJ4d","https:\/\/www.instagram.com\/fda_srl\/profilecard\/?igsh=YW5lbzJ6MWg0d21u","https:\/\/www.youtube.com\/@FDASRL_ANIMALCARE"],"description":"FDA SRL \u2013 Equipment for animal husbandry nasce con l\u2019obiettivo di offrire soluzioni affidabili e innovative per l\u2019allevamento moderno. Con anni di esperienza nel settore zootecnico, progettiamo e realizziamo attrezzature destinate al benessere animale e alla gestione efficiente delle stalle: vasche, abbeveratoi, mangiatoie e sistemi di riscaldamento pensati per durare nel tempo e semplificare il lavoro quotidiano degli allevatori. Dalla progettazione alla produzione, ogni nostro prodotto \u00e8 studiato nei minimi dettagli, testato con cura e costruito per rispondere alle esigenze reali del settore. La nostra forza \u00e8 unire artigianalit\u00e0, tecnologia e competenza tecnica per trasformare ogni progetto in una soluzione concreta e funzionale. Oggi FDA SRL \u00e8 un punto di riferimento per privati e rivenditori che cercano qualit\u00e0, affidabilit\u00e0 e innovazione nelle attrezzature per l\u2019allevamento.","email":"info@fdasrl.it","telephone":"+390522826820","legalName":"F.D.A. SRL","foundingDate":"2024-10-13","vatID":"03075840359","taxID":"03075840359","numberOfEmployees":{"@type":"QuantitativeValue","minValue":"1","maxValue":"10"}}]},"product_price_currency":"EUR","og_availability":"instock","product_availability":"instock","product_retailer_item_id":"FDA-000005TP","product_condition":"new"},"_links":{"self":[{"href":"https:\/\/fdasrl.it\/de\/wp-json\/wp\/v2\/product\/5313","targetHints":{"allow":["GET"]}}],"collection":[{"href":"https:\/\/fdasrl.it\/de\/wp-json\/wp\/v2\/product"}],"about":[{"href":"https:\/\/fdasrl.it\/de\/wp-json\/wp\/v2\/types\/product"}],"replies":[{"embeddable":true,"href":"https:\/\/fdasrl.it\/de\/wp-json\/wp\/v2\/comments?post=5313"}],"wp:featuredmedia":[{"embeddable":true,"href":"https:\/\/fdasrl.it\/de\/wp-json\/wp\/v2\/media\/1248"}],"wp:attachment":[{"href":"https:\/\/fdasrl.it\/de\/wp-json\/wp\/v2\/media?parent=5313"}],"wp:term":[{"taxonomy":"product_brand","embeddable":true,"href":"https:\/\/fdasrl.it\/de\/wp-json\/wp\/v2\/product_brand?post=5313"},{"taxonomy":"product_cat","embeddable":true,"href":"https:\/\/fdasrl.it\/de\/wp-json\/wp\/v2\/product_cat?post=5313"},{"taxonomy":"product_tag","embeddable":true,"href":"https:\/\/fdasrl.it\/de\/wp-json\/wp\/v2\/product_tag?post=5313"}],"curies":[{"name":"wp","href":"https:\/\/api.w.org\/{rel}","templated":true}]}}