{"id":5387,"date":"2025-12-22T14:09:53","date_gmt":"2025-12-22T13:09:53","guid":{"rendered":"https:\/\/fdasrl.it\/prodotto\/art-fda-002p11-beissnippel-1-2-mittel-fuer-laeufer-mit-vergroessertem-stift\/"},"modified":"2025-12-22T14:09:53","modified_gmt":"2025-12-22T13:09:53","slug":"art-fda-002p11-beissnippel-1-2-mittel-fuer-laeufer-mit-vergroessertem-stift","status":"publish","type":"product","link":"https:\/\/fdasrl.it\/de\/prodotto\/art-fda-002p11-beissnippel-1-2-mittel-fuer-laeufer-mit-vergroessertem-stift\/","title":{"rendered":"Art. FDA-002P11 &#8211; Bei\u00dfnippel 1\/2\u201d mittel f\u00fcr L\u00e4ufer mit vergr\u00f6\u00dfertem Stift"},"content":{"rendered":"<h2>Automatische Nippeltr\u00e4nke 1\/2&#8243; f\u00fcr L\u00e4ufer mit vergr\u00f6\u00dfertem Stift \u2013 Modell FDA-002P11<\/h2>\n<h3>Produktbeschreibung<\/h3>\n<p>Die Selbsttr\u00e4nke f\u00fcr L\u00e4ufer <strong>FDA-002P11<\/strong> wurde entwickelt, um Zuverl\u00e4ssigkeit, Langlebigkeit und eine konstante Wasserabgabe w\u00e4hrend der gesamten Wachstumsphase zu gew\u00e4hrleisten.<br \/>\nAus robusten Materialien gefertigt und f\u00fcr eine schnelle Installation konzipiert, ist sie die ideale L\u00f6sung f\u00fcr Schweinezuchtbetriebe, die <strong>Effizienz, Hygiene und Widerstandsf\u00e4higkeit<\/strong> in L\u00e4uferst\u00e4llen ben\u00f6tigen.<\/p>\n<p>Es ist der gro\u00dfe Bruder des FDA-000002, jedoch mit einem vergr\u00f6\u00dferten Stift von 11 mm Durchmesser.<\/p>\n<hr>\n<h3>Technische Daten<\/h3>\n<ul>\n<li>Messinggewinde<\/li>\n<li>Rohr und Stift aus Edelstahl<\/li>\n<li>Wasseranschluss 1\/2&#8243;<\/li>\n<li>Gesamtl\u00e4nge: 62,3 mm<\/li>\n<li>Tr\u00e4nkerohr \u00d8 21 mm<\/li>\n<li>Stift \u00d8 11 mm<\/li>\n<li>Gewicht: 91 g<\/li>\n<li>Sechskant 21 mm<\/li>\n<li>Interner Edelstahl-Netzfilter mit Haltering oder verstellbarer Kunststofffilter (siehe Modell FDA-002P11TP)<\/li>\n<\/ul>\n<hr>\n<h3>Installationsh\u00f6hen und -winkel<\/h3>\n<p><a href=\"https:\/\/fdasrl.it\/wp-content\/uploads\/2025\/12\/Installation-Fda-Nipple-drinkers-1-2_compressed.pdf\">\ud83d\udc49 <\/a><em>(<a href=\"https:\/\/fdasrl.it\/wp-content\/uploads\/2025\/12\/Installation-Fda-Nipple-drinkers-1-2_compressed.pdf\">HIER KLICKEN) f\u00fcr die vollst\u00e4ndige Installationstabelle<\/a><\/em><\/p>\n<p>Die angegebenen H\u00f6hen sind allgemeine Richtlinien.<br \/>\nF\u00fcr die Aufzucht von L\u00e4ufern wird die Verwendung von <strong>zwei Installationsh\u00f6hen<\/strong> oder <strong>H\u00f6henverstellern<\/strong> empfohlen, um die Position der Tr\u00e4nke an das Wachstum der Tiere anzupassen.<\/p>\n<p>Die Tr\u00e4nke FDA-000002 kann mit einer Neigung zwischen <strong>15\u00b0 und 45\u00b0<\/strong> installiert werden:<\/p>\n<ul>\n<li><strong>15\u00b0 \u2192<\/strong> die niedrigere H\u00f6he verwenden<\/li>\n<li><strong>45\u00b0 \u2192<\/strong> die h\u00f6here H\u00f6he verwenden<\/li>\n<\/ul>\n<p>Diese Einstellung gew\u00e4hrleistet eine korrekte K\u00f6rperhaltung der Tiere und reduziert die Wasservergeudung.<\/p>\n<hr>\n<h3>Empfohlener Wasserdruck<\/h3>\n<p>Der maximale Wasserdruck darf <strong>4 bar (55 psi)<\/strong> nicht \u00fcberschreiten, um die ordnungsgem\u00e4\u00dfe Funktion des Systems zu gew\u00e4hrleisten.<\/p>\n<p>F\u00fcr Ferkel und abgesetzte Ferkel sollte der Druck <strong>2 bar (28 psi)<\/strong> nicht \u00fcberschreiten.<\/p>\n<p>Niedrigerer Druck beg\u00fcnstigt:<\/p>\n<ul>\n<li>Wassereinsparung<\/li>\n<li>l\u00e4ngere Lebensdauer von Dichtungen und Feder<\/li>\n<li>gleichm\u00e4\u00dfigen Durchfluss<\/li>\n<li>Benutzerfreundlichkeit<\/li>\n<li>Reduzierung von Verschwendung<\/li>\n<\/ul>\n<p>\ud83d\udc49 <em>Bei hohen oder instabilen Werten in der Wasserleitung wird die Verwendung eines Druckminderers empfohlen.<\/em><\/p>\n<hr>\n<h3>Durchflussmenge<\/h3>\n<p><a href=\"https:\/\/fdasrl.it\/wp-content\/uploads\/2025\/01\/grafico-fda-00002-nipple-drinker.jpg\">\ud83d\udc49 <em>(HIER KLICKEN) f\u00fcr die Durchflusstabelle<\/em><\/a><\/p>\n<p>Die tats\u00e4chliche Durchflussmenge variiert je nach verf\u00fcgbarem Druck im Stall.<br \/>\nF\u00fcr <strong>L\u00e4ufer<\/strong> wird eine Durchflussrate zwischen <strong>0,8 und 1,4 l\/min<\/strong> empfohlen, um eine angemessene Wasserversorgung w\u00e4hrend der gesamten Wachstumsphase sicherzustellen.<\/p>\n<p>Zur Erh\u00f6hung der Durchflussmenge sind optionale Ventile mit folgenden Durchmessern erh\u00e4ltlich:<\/p>\n<ul>\n<li>\u00d8 3 mm<\/li>\n<li>\u00d8 3,5 mm<\/li>\n<li>\u00d8 4 mm<\/li>\n<\/ul>\n<p>Der Einsatz von <strong>Druckminderern<\/strong> erm\u00f6glicht eine zentrale Steuerung des Systems, was besonders in den Sommermonaten n\u00fctzlich ist, wenn eine Erh\u00f6hung der Durchflussmenge erforderlich sein kann.<\/p>\n","protected":false},"excerpt":{"rendered":"<p>Automatische Nippeltr\u00e4nke FDA-002P11 aus Messing und Edelstahl, mit 1\/2&#8243;-Anschluss und vergr\u00f6\u00dfertem Stift. Zuverl\u00e4ssig, robust und ideal f\u00fcr eine kontrollierte Wasserabgabe bei L\u00e4ufern. <\/p>\n<p><a href=\"https:\/\/fdasrl.it\/wp-content\/uploads\/2025\/12\/Installation-Fda-Nipple-drinkers-1-2_compressed.pdf\">\ud83d\udc49 <b>(HIER KLICKEN)<\/b> f\u00fcr die vollst\u00e4ndige Installationstabelle<\/a><\/p>\n<p><a href=\"https:\/\/fdasrl.it\/wp-content\/uploads\/2025\/01\/grafico-fda-00002-nipple-drinker.jpg\">\ud83d\udc49 <b>(HIER KLICKEN)<\/b> f\u00fcr die Durchflusstabelle<\/a><\/p>\n<p>\ud83d\udc49 <a href=\"https:\/\/fdasrl.it\/wp-content\/uploads\/2025\/12\/FDA002P11_compressed.pdf\"><b>(HIER KLICKEN)<\/b> f\u00fcr die technische Zeichnung<\/a><\/p>\n","protected":false},"featured_media":1011,"comment_status":"open","ping_status":"closed","template":"","meta":{"_et_pb_use_builder":"","_et_pb_old_content":"","_et_gb_content_width":""},"product_brand":[],"product_cat":[1197,1198,643,762],"product_tag":[1252],"class_list":{"0":"post-5387","1":"product","2":"type-product","3":"status-publish","4":"has-post-thumbnail","6":"product_cat-messing-edelstahl","7":"product_cat-nippeltranken","8":"product_cat-schweine","9":"product_cat-tranken-3","10":"product_tag-fda-002p11","12":"first","13":"instock","14":"shipping-taxable","15":"product-type-simple"},"yoast_head":"<!-- This site is optimized with the Yoast SEO Premium plugin v27.5 (Yoast SEO v27.5) - https:\/\/yoast.com\/product\/yoast-seo-premium-wordpress\/ -->\n<title>Selbsttr\u00e4nke f\u00fcr L\u00e4ufer FDA-002P11<\/title>\n<meta name=\"description\" content=\"Entdecken Sie die Selbsttr\u00e4nke f\u00fcr L\u00e4ufer FDA-002P11, ideal f\u00fcr stets frisches und hygienisches Wasser. Mit vergr\u00f6\u00dfertem Stift.\" \/>\n<meta name=\"robots\" content=\"index, follow, max-snippet:-1, max-image-preview:large, max-video-preview:-1\" \/>\n<link rel=\"canonical\" href=\"https:\/\/fdasrl.it\/de\/prodotto\/art-fda-002p11-beissnippel-1-2-mittel-fuer-laeufer-mit-vergroessertem-stift\/\" \/>\n<meta property=\"og:locale\" content=\"de_DE\" \/>\n<meta property=\"og:type\" content=\"article\" \/>\n<meta property=\"og:title\" content=\"Art. FDA-002P11 - Bei\u00dfnippel 1\/2\u201d mittel f\u00fcr L\u00e4ufer mit vergr\u00f6\u00dfertem Stift\" \/>\n<meta property=\"og:description\" content=\"Entdecken Sie die Selbsttr\u00e4nke f\u00fcr L\u00e4ufer FDA-002P11, ideal f\u00fcr stets frisches und hygienisches Wasser. Mit vergr\u00f6\u00dfertem Stift.\" \/>\n<meta property=\"og:url\" content=\"https:\/\/fdasrl.it\/de\/prodotto\/art-fda-002p11-beissnippel-1-2-mittel-fuer-laeufer-mit-vergroessertem-stift\/\" \/>\n<meta property=\"og:site_name\" content=\"FDA srl\" \/>\n<meta property=\"article:publisher\" content=\"https:\/\/www.facebook.com\/share\/1MWhFWg1Tp\/?mibextid=LQQJ4d\" \/>\n<meta property=\"og:image\" content=\"https:\/\/fdasrl.it\/wp-content\/uploads\/2025\/01\/pig-nipple-drinker-brass-inox-front-view-fda-srl.webp\" \/>\n\t<meta property=\"og:image:width\" content=\"1600\" \/>\n\t<meta property=\"og:image:height\" content=\"1600\" \/>\n\t<meta property=\"og:image:type\" content=\"image\/webp\" \/>\n<meta name=\"twitter:card\" content=\"summary_large_image\" \/>\n<meta name=\"twitter:label1\" content=\"Preis\" \/>\n\t<meta name=\"twitter:data1\" content=\"\" \/>\n\t<meta name=\"twitter:label2\" content=\"Verf\u00fcgbarkeit\" \/>\n\t<meta name=\"twitter:data2\" content=\"Auf Lager\" \/>\n<meta property=\"product:price:currency\" content=\"EUR\" \/>\n<meta property=\"og:availability\" content=\"instock\" \/>\n<meta property=\"product:availability\" content=\"instock\" \/>\n<meta property=\"product:retailer_item_id\" content=\"FDA-002P11\" \/>\n<meta property=\"product:condition\" content=\"new\" \/>\n<!-- \/ Yoast SEO Premium plugin. -->","yoast_head_json":{"title":"Selbsttr\u00e4nke f\u00fcr L\u00e4ufer FDA-002P11","description":"Entdecken Sie die Selbsttr\u00e4nke f\u00fcr L\u00e4ufer FDA-002P11, ideal f\u00fcr stets frisches und hygienisches Wasser. Mit vergr\u00f6\u00dfertem Stift.","robots":{"index":"index","follow":"follow","max-snippet":"max-snippet:-1","max-image-preview":"max-image-preview:large","max-video-preview":"max-video-preview:-1"},"canonical":"https:\/\/fdasrl.it\/de\/prodotto\/art-fda-002p11-beissnippel-1-2-mittel-fuer-laeufer-mit-vergroessertem-stift\/","og_locale":"de_DE","og_type":"article","og_title":"Art. FDA-002P11 - Bei\u00dfnippel 1\/2\u201d mittel f\u00fcr L\u00e4ufer mit vergr\u00f6\u00dfertem Stift","og_description":"Entdecken Sie die Selbsttr\u00e4nke f\u00fcr L\u00e4ufer FDA-002P11, ideal f\u00fcr stets frisches und hygienisches Wasser. Mit vergr\u00f6\u00dfertem Stift.","og_url":"https:\/\/fdasrl.it\/de\/prodotto\/art-fda-002p11-beissnippel-1-2-mittel-fuer-laeufer-mit-vergroessertem-stift\/","og_site_name":"FDA srl","article_publisher":"https:\/\/www.facebook.com\/share\/1MWhFWg1Tp\/?mibextid=LQQJ4d","og_image":[{"width":1600,"height":1600,"url":"https:\/\/fdasrl.it\/wp-content\/uploads\/2025\/01\/pig-nipple-drinker-brass-inox-front-view-fda-srl.webp","type":"image\/webp"}],"twitter_card":"summary_large_image","twitter_misc":{"Preis":"","Verf\u00fcgbarkeit":"Auf Lager"},"schema":{"@context":"https:\/\/schema.org","@graph":[{"@type":"WebPage","@id":"https:\/\/fdasrl.it\/de\/prodotto\/art-fda-002p11-beissnippel-1-2-mittel-fuer-laeufer-mit-vergroessertem-stift\/","url":"https:\/\/fdasrl.it\/de\/prodotto\/art-fda-002p11-beissnippel-1-2-mittel-fuer-laeufer-mit-vergroessertem-stift\/","name":"Selbsttr\u00e4nke f\u00fcr L\u00e4ufer FDA-002P11","isPartOf":{"@id":"https:\/\/fdasrl.it\/de\/#website"},"primaryImageOfPage":{"@id":"https:\/\/fdasrl.it\/de\/prodotto\/art-fda-002p11-beissnippel-1-2-mittel-fuer-laeufer-mit-vergroessertem-stift\/#primaryimage"},"image":{"@id":"https:\/\/fdasrl.it\/de\/prodotto\/art-fda-002p11-beissnippel-1-2-mittel-fuer-laeufer-mit-vergroessertem-stift\/#primaryimage"},"thumbnailUrl":"https:\/\/fdasrl.it\/wp-content\/uploads\/2025\/01\/pig-nipple-drinker-brass-inox-front-view-fda-srl.webp","datePublished":"2025-12-22T13:09:53+00:00","description":"Entdecken Sie die Selbsttr\u00e4nke f\u00fcr L\u00e4ufer FDA-002P11, ideal f\u00fcr stets frisches und hygienisches Wasser. Mit vergr\u00f6\u00dfertem Stift.","breadcrumb":{"@id":"https:\/\/fdasrl.it\/de\/prodotto\/art-fda-002p11-beissnippel-1-2-mittel-fuer-laeufer-mit-vergroessertem-stift\/#breadcrumb"},"inLanguage":"de","potentialAction":[{"@type":"ReadAction","target":["https:\/\/fdasrl.it\/de\/prodotto\/art-fda-002p11-beissnippel-1-2-mittel-fuer-laeufer-mit-vergroessertem-stift\/"]}]},{"@type":"ImageObject","inLanguage":"de","@id":"https:\/\/fdasrl.it\/de\/prodotto\/art-fda-002p11-beissnippel-1-2-mittel-fuer-laeufer-mit-vergroessertem-stift\/#primaryimage","url":"https:\/\/fdasrl.it\/wp-content\/uploads\/2025\/01\/pig-nipple-drinker-brass-inox-front-view-fda-srl.webp","contentUrl":"https:\/\/fdasrl.it\/wp-content\/uploads\/2025\/01\/pig-nipple-drinker-brass-inox-front-view-fda-srl.webp","width":1600,"height":1600,"caption":"Front view of brass and stainless steel pig nipple drinker \u2013 FDA SRL"},{"@type":"BreadcrumbList","@id":"https:\/\/fdasrl.it\/de\/prodotto\/art-fda-002p11-beissnippel-1-2-mittel-fuer-laeufer-mit-vergroessertem-stift\/#breadcrumb","itemListElement":[{"@type":"ListItem","position":1,"name":"Home","item":"https:\/\/fdasrl.it\/de\/startseite\/"},{"@type":"ListItem","position":2,"name":"Shop","item":"https:\/\/fdasrl.it\/de\/shop\/"},{"@type":"ListItem","position":3,"name":"Art. FDA-002P11 &#8211; Bei\u00dfnippel 1\/2\u201d mittel f\u00fcr L\u00e4ufer mit vergr\u00f6\u00dfertem Stift"}]},{"@type":"WebSite","@id":"https:\/\/fdasrl.it\/de\/#website","url":"https:\/\/fdasrl.it\/de\/","name":"FDA srl","description":"Equipment for animal husbandry","publisher":{"@id":"https:\/\/fdasrl.it\/de\/#organization"},"potentialAction":[{"@type":"SearchAction","target":{"@type":"EntryPoint","urlTemplate":"https:\/\/fdasrl.it\/de\/?s={search_term_string}"},"query-input":{"@type":"PropertyValueSpecification","valueRequired":true,"valueName":"search_term_string"}}],"inLanguage":"de"},{"@type":"Organization","@id":"https:\/\/fdasrl.it\/de\/#organization","name":"FDA srl","url":"https:\/\/fdasrl.it\/de\/","logo":{"@type":"ImageObject","inLanguage":"de","@id":"https:\/\/fdasrl.it\/de\/#\/schema\/logo\/image\/","url":"https:\/\/fdasrl.it\/wp-content\/uploads\/2024\/12\/Logo-FDA.png","contentUrl":"https:\/\/fdasrl.it\/wp-content\/uploads\/2024\/12\/Logo-FDA.png","width":316,"height":119,"caption":"FDA srl"},"image":{"@id":"https:\/\/fdasrl.it\/de\/#\/schema\/logo\/image\/"},"sameAs":["https:\/\/www.facebook.com\/share\/1MWhFWg1Tp\/?mibextid=LQQJ4d","https:\/\/www.instagram.com\/fda_srl\/profilecard\/?igsh=YW5lbzJ6MWg0d21u","https:\/\/www.youtube.com\/@FDASRL_ANIMALCARE"],"description":"FDA SRL \u2013 Equipment for animal husbandry nasce con l\u2019obiettivo di offrire soluzioni affidabili e innovative per l\u2019allevamento moderno. Con anni di esperienza nel settore zootecnico, progettiamo e realizziamo attrezzature destinate al benessere animale e alla gestione efficiente delle stalle: vasche, abbeveratoi, mangiatoie e sistemi di riscaldamento pensati per durare nel tempo e semplificare il lavoro quotidiano degli allevatori. Dalla progettazione alla produzione, ogni nostro prodotto \u00e8 studiato nei minimi dettagli, testato con cura e costruito per rispondere alle esigenze reali del settore. La nostra forza \u00e8 unire artigianalit\u00e0, tecnologia e competenza tecnica per trasformare ogni progetto in una soluzione concreta e funzionale. Oggi FDA SRL \u00e8 un punto di riferimento per privati e rivenditori che cercano qualit\u00e0, affidabilit\u00e0 e innovazione nelle attrezzature per l\u2019allevamento.","email":"info@fdasrl.it","telephone":"+390522826820","legalName":"F.D.A. SRL","foundingDate":"2024-10-13","vatID":"03075840359","taxID":"03075840359","numberOfEmployees":{"@type":"QuantitativeValue","minValue":"1","maxValue":"10"}}]},"product_price_currency":"EUR","og_availability":"instock","product_availability":"instock","product_retailer_item_id":"FDA-002P11","product_condition":"new"},"_links":{"self":[{"href":"https:\/\/fdasrl.it\/de\/wp-json\/wp\/v2\/product\/5387","targetHints":{"allow":["GET"]}}],"collection":[{"href":"https:\/\/fdasrl.it\/de\/wp-json\/wp\/v2\/product"}],"about":[{"href":"https:\/\/fdasrl.it\/de\/wp-json\/wp\/v2\/types\/product"}],"replies":[{"embeddable":true,"href":"https:\/\/fdasrl.it\/de\/wp-json\/wp\/v2\/comments?post=5387"}],"wp:featuredmedia":[{"embeddable":true,"href":"https:\/\/fdasrl.it\/de\/wp-json\/wp\/v2\/media\/1011"}],"wp:attachment":[{"href":"https:\/\/fdasrl.it\/de\/wp-json\/wp\/v2\/media?parent=5387"}],"wp:term":[{"taxonomy":"product_brand","embeddable":true,"href":"https:\/\/fdasrl.it\/de\/wp-json\/wp\/v2\/product_brand?post=5387"},{"taxonomy":"product_cat","embeddable":true,"href":"https:\/\/fdasrl.it\/de\/wp-json\/wp\/v2\/product_cat?post=5387"},{"taxonomy":"product_tag","embeddable":true,"href":"https:\/\/fdasrl.it\/de\/wp-json\/wp\/v2\/product_tag?post=5387"}],"curies":[{"name":"wp","href":"https:\/\/api.w.org\/{rel}","templated":true}]}}