{"id":5436,"date":"2026-03-17T12:12:41","date_gmt":"2026-03-17T11:12:41","guid":{"rendered":"https:\/\/fdasrl.it\/prodotto\/automatische-nippeltraenke-1-2-fuer-ferkel-mit-einstellbarem-ventil-modell-fda-000022tp\/"},"modified":"2026-03-17T12:12:41","modified_gmt":"2026-03-17T11:12:41","slug":"automatische-nippeltraenke-1-2-fuer-ferkel-mit-einstellbarem-ventil-modell-fda-000022tp","status":"publish","type":"product","link":"https:\/\/fdasrl.it\/de\/prodotto\/automatische-nippeltraenke-1-2-fuer-ferkel-mit-einstellbarem-ventil-modell-fda-000022tp\/","title":{"rendered":"Automatische Nippeltr\u00e4nke 1\/2&#8243; f\u00fcr Ferkel mit einstellbarem Ventil \u2013 Modell FDA-000022TP"},"content":{"rendered":"<h2 data-section-id=\"1x88uas\" data-start=\"122\" data-end=\"229\"><strong data-start=\"125\" data-end=\"229\">Automatische Nippeltr\u00e4nke 1\/2&#8243; f\u00fcr Ferkel mit einstellbarem Ventil \u2013 Modell FDA-000022TP<\/strong><\/h2>\n<h3 data-section-id=\"jbtoyn\" data-start=\"231\" data-end=\"265\"><strong data-start=\"235\" data-end=\"263\">Produktbeschreibung<\/strong><\/h3>\n<p data-start=\"266\" data-end=\"436\">Die automatische Ferkeltr\u00e4nke <strong data-start=\"305\" data-end=\"321\">FDA-000022TP<\/strong> wurde entwickelt, um eine konstante und leicht zug\u00e4ngliche Wasserabgabe in den ersten Wachstumsphasen zu gew\u00e4hrleisten.<\/p>\n<p data-start=\"438\" data-end=\"639\">Ausgestattet mit einem <strong data-start=\"448\" data-end=\"470\">einstellbaren Ventil<\/strong>, erm\u00f6glicht sie eine pr\u00e4zise Anpassung der Durchflussmenge an die Bed\u00fcrfnisse der Tiere und die Anlagenbedingungen, was die Effizienz steigert und Verschwendung reduziert.<\/p>\n<p data-start=\"641\" data-end=\"813\">Hergestellt aus robusten Materialien und f\u00fcr eine schnelle Installation konzipiert, ist sie die ideale L\u00f6sung f\u00fcr Betriebe, die Kontrolle, Hygiene und Zuverl\u00e4ssigkeit verlangen.<\/p>\n<hr data-start=\"815\" data-end=\"818\">\n<h3 data-section-id=\"w1my6q\" data-start=\"820\" data-end=\"852\"><strong data-start=\"824\" data-end=\"852\">Technische Daten<\/strong><\/h3>\n<ul data-start=\"853\" data-end=\"1107\">\n<li data-section-id=\"1j1tkb1\" data-start=\"853\" data-end=\"874\">\n<p data-start=\"855\" data-end=\"874\">Messinggewinde<\/p>\n<\/li>\n<li data-section-id=\"dg8e7\" data-start=\"875\" data-end=\"907\">\n<p data-start=\"877\" data-end=\"907\">Rohr und Bolzen aus Edelstahl<\/p>\n<\/li>\n<li data-section-id=\"fivce\" data-start=\"908\" data-end=\"930\">\n<p data-start=\"910\" data-end=\"930\">Wasseranschluss 1\/2&#8243;<\/p>\n<\/li>\n<li data-section-id=\"2l09rp\" data-start=\"931\" data-end=\"960\">\n<p data-start=\"933\" data-end=\"960\">Gesamtl\u00e4nge: 55,0 mm<\/p>\n<\/li>\n<li data-section-id=\"b1l74y\" data-start=\"961\" data-end=\"990\">\n<p data-start=\"963\" data-end=\"990\">Tr\u00e4nkerohr \u00d8 16 mm<\/p>\n<\/li>\n<li data-section-id=\"1t891y8\" data-start=\"991\" data-end=\"1007\">\n<p data-start=\"993\" data-end=\"1007\">Bolzen \u00d8 6 mm<\/p>\n<\/li>\n<li data-section-id=\"104rgaa\" data-start=\"1008\" data-end=\"1022\">\n<p data-start=\"1010\" data-end=\"1022\">Gewicht: 68 g<\/p>\n<\/li>\n<li data-section-id=\"1g74jjp\" data-start=\"1023\" data-end=\"1040\">\n<p data-start=\"1025\" data-end=\"1040\">Sechskant 21 mm<\/p>\n<\/li>\n<li data-section-id=\"10hztla\" data-start=\"1041\" data-end=\"1107\">\n<p data-start=\"1043\" data-end=\"1107\"><strong data-start=\"1043\" data-end=\"1107\">Einstellbares Kunststoffventil zur Steuerung der Durchflussmenge<\/strong><\/p>\n<\/li>\n<\/ul>\n<hr data-start=\"1109\" data-end=\"1112\">\n<h3 data-section-id=\"m3h7tw\" data-start=\"1114\" data-end=\"1157\"><strong data-start=\"1118\" data-end=\"1155\">Installationsh\u00f6hen und -winkel<\/strong><\/h3>\n<p data-start=\"1158\" data-end=\"1216\"><a href=\"https:\/\/fdasrl.it\/wp-content\/uploads\/2025\/11\/Installation-Fda-Nipple-drinkers-3-8_compressed.pdf\">\ud83d\udc49 (HIER KLICKEN) f\u00fcr die vollst\u00e4ndige Installationstabelle<\/a><\/p>\n<p data-start=\"1218\" data-end=\"1266\">Die angegebenen H\u00f6hen sind allgemeine Richtlinien.<\/p>\n<p data-start=\"1268\" data-end=\"1399\">F\u00fcr Ferkel ist die korrekte Positionierung der Tr\u00e4nke entscheidend, um die Nutzung von den ersten Wachstumsphasen an zu erleichtern.<\/p>\n<p data-start=\"1401\" data-end=\"1502\">Die Tr\u00e4nke <strong data-start=\"1416\" data-end=\"1432\">FDA-000022TP<\/strong> kann mit einer Neigung zwischen <strong data-start=\"1488\" data-end=\"1501\">15\u00b0 und 45\u00b0<\/strong> installiert werden:<\/p>\n<ul data-start=\"1504\" data-end=\"1586\">\n<li data-section-id=\"zue5w4\" data-start=\"1504\" data-end=\"1555\">\n<p data-start=\"1506\" data-end=\"1555\"><strong data-start=\"1506\" data-end=\"1553\">15\u00b0 \u2192 niedrigere und leichter zug\u00e4ngliche Position<\/strong><\/p>\n<\/li>\n<li data-section-id=\"qkmnq9\" data-start=\"1556\" data-end=\"1586\">\n<p data-start=\"1558\" data-end=\"1586\"><strong data-start=\"1558\" data-end=\"1586\">45\u00b0 \u2192 h\u00f6here Position<\/strong><\/p>\n<\/li>\n<\/ul>\n<p data-start=\"1588\" data-end=\"1668\">Eine korrekte Einstellung f\u00f6rdert das Lernverhalten und reduziert Wasserverschwendung.<\/p>\n<hr data-start=\"1670\" data-end=\"1673\">\n<h3 data-section-id=\"1m3l471\" data-start=\"1675\" data-end=\"1717\"><strong data-start=\"1679\" data-end=\"1715\">Empfohlener Wasserdruck<\/strong><\/h3>\n<p data-start=\"1718\" data-end=\"1837\">F\u00fcr Ferkel wird ein Druck von <strong data-start=\"1761\" data-end=\"1795\">maximal 2 bar (28 psi)<\/strong> empfohlen, um eine leichte Aktivierung zu gew\u00e4hrleisten.<\/p>\n<p data-start=\"1839\" data-end=\"1920\">Der maximale Anlagendruck darf jedoch <strong data-start=\"1901\" data-end=\"1919\">4 bar (55 psi)<\/strong> nicht \u00fcberschreiten.<\/p>\n<p data-start=\"1922\" data-end=\"1954\">Niedrigere Dr\u00fccke beg\u00fcnstigen:<\/p>\n<ul data-start=\"1955\" data-end=\"2106\">\n<li data-section-id=\"kn5i9v\" data-start=\"1955\" data-end=\"1988\">\n<p data-start=\"1957\" data-end=\"1988\">einfache Bedienung f\u00fcr die Ferkel<\/p>\n<\/li>\n<li data-section-id=\"11e5cqa\" data-start=\"1989\" data-end=\"2009\">\n<p data-start=\"1991\" data-end=\"2009\">Wassereinsparung<\/p>\n<\/li>\n<li data-section-id=\"1yzlpkk\" data-start=\"2010\" data-end=\"2052\">\n<p data-start=\"2012\" data-end=\"2052\">l\u00e4ngere Lebensdauer von Dichtungen und Feder<\/p>\n<\/li>\n<li data-section-id=\"1qi1tl4\" data-start=\"2053\" data-end=\"2078\">\n<p data-start=\"2055\" data-end=\"2078\">gleichm\u00e4\u00dfigen Durchfluss<\/p>\n<\/li>\n<li data-section-id=\"1hn09s\" data-start=\"2079\" data-end=\"2106\">\n<p data-start=\"2081\" data-end=\"2106\">Reduzierung von Verschwendung<\/p>\n<\/li>\n<\/ul>\n<p data-start=\"2108\" data-end=\"2189\">\ud83d\udc49 Es wird die Verwendung eines Druckminderers empfohlen, um konstante Werte beizubehalten.<\/p>\n<hr data-start=\"2191\" data-end=\"2194\">\n<h3 data-section-id=\"1rk201d\" data-start=\"169\" data-end=\"194\"><strong data-start=\"173\" data-end=\"192\">Durchflussmenge<\/strong><\/h3>\n<p data-start=\"195\" data-end=\"241\">\ud83d\udc49 <a href=\"https:\/\/fdasrl.it\/wp-content\/uploads\/2026\/03\/grafico-fda-succhiotto-mangia-bevi-000005tp.jpg\">(HIER KLICKEN) f\u00fcr die Durchflusstabelle<\/a><\/p>\n<p data-start=\"243\" data-end=\"360\">Die Durchflussmenge der automatischen 1\/2&#8243;-Nippeltr\u00e4nke variiert je nach Druck in der Wasserleitung.<\/p>\n<p data-start=\"362\" data-end=\"595\">F\u00fcr einen optimalen Systembetrieb wird eine Durchflussmenge zwischen <strong data-start=\"442\" data-end=\"461\">0,6 und 1,0 l\/min<\/strong> empfohlen, um eine korrekte Hydratation der Ferkel zu gew\u00e4hrleisten, Wasserverschwendung zu reduzieren und den Stallbereich sauberer zu halten.<\/p>\n<p data-start=\"597\" data-end=\"807\">In der Version mit <strong data-start=\"616\" data-end=\"661\">einstellbarem Ventil (Modell FDA-000022TP)<\/strong> kann die Durchflussmenge \u00fcber die Ventilkappe eingestellt werden, wodurch der Durchfluss an den verf\u00fcgbaren Anlagendruck angepasst werden kann.<\/p>\n<p data-start=\"809\" data-end=\"865\">In der Grafik sind drei Einstellstufen hervorgehoben:<\/p>\n<ul data-start=\"867\" data-end=\"1090\">\n<li data-section-id=\"80vfqb\" data-start=\"867\" data-end=\"946\">\n<p data-start=\"869\" data-end=\"946\"><strong data-start=\"869\" data-end=\"905\">Stufe 1 (4\u20139 bar) \u2013 gr\u00fcner Bereich<\/strong><br data-start=\"905\" data-end=\"908\"\/>f\u00fcr Anlagen mit hohem Druck<\/p>\n<\/li>\n<li data-section-id=\"1gr8l3v\" data-start=\"948\" data-end=\"1015\">\n<p data-start=\"950\" data-end=\"1015\"><strong data-start=\"950\" data-end=\"984\">Stufe 2 (2\u20134 bar) \u2013 blauer Bereich<\/strong><br data-start=\"984\" data-end=\"987\"\/>f\u00fcr mittleren Druck<\/p>\n<\/li>\n<li data-section-id=\"sd5jiu\" data-start=\"1017\" data-end=\"1090\">\n<p data-start=\"1019\" data-end=\"1090\"><strong data-start=\"1019\" data-end=\"1056\">Stufe 3 (0\u20132 bar) \u2013 grauer Bereich<\/strong><br data-start=\"1056\" data-end=\"1059\"\/>f\u00fcr Niederdruckleitungen<\/p>\n<\/li>\n<\/ul>\n<p data-start=\"1092\" data-end=\"1263\">Die Grafik erm\u00f6glicht es, schnell die richtige Stufe an der Kappe zu finden, um eine stabile Durchflussmenge in Abh\u00e4ngigkeit vom verf\u00fcgbaren Druck zu erzielen.<\/p>\n<p data-start=\"1265\" data-end=\"1433\">Bei korrekter Einstellung bleibt die Durchflussmenge bei etwa <strong data-start=\"1328\" data-end=\"1341\">1,0 l\/min<\/strong>, was einen konstanten, zuverl\u00e4ssigen und f\u00fcr verschiedene Haltungsbedingungen geeigneten Durchfluss garantiert.<\/p>\n<hr data-start=\"2707\" data-end=\"2710\">\n<h3 data-section-id=\"cx62aa\" data-start=\"2712\" data-end=\"2747\"><strong data-start=\"2716\" data-end=\"2745\">Wasserverschmutzung<\/strong><\/h3>\n<p data-start=\"2748\" data-end=\"2874\">Die Verschmutzung des Wassers oder der Rohrleitungen ist eine der Hauptursachen f\u00fcr Fehlfunktionen von Tr\u00e4nken.<\/p>\n<p data-start=\"2876\" data-end=\"2984\">Verunreinigungen und Sedimente k\u00f6nnen die ordnungsgem\u00e4\u00dfe Funktion des Ventils und der internen Komponenten beeintr\u00e4chtigen.<\/p>\n<p data-start=\"2986\" data-end=\"3110\">\ud83d\udc49 Es wird empfohlen, einen Filter in das Wassersystem einzubauen, um Zuverl\u00e4ssigkeit, Langlebigkeit und konstante Leistung zu gew\u00e4hrleisten.<\/p>\n","protected":false},"excerpt":{"rendered":"<p data-start=\"104\" data-end=\"465\"><strong data-start=\"104\" data-end=\"465\">Automatische 1\/2&#8243;-Nippeltr\u00e4nke f\u00fcr Ferkel mit einstellbarem Ventil, konzipiert zur Anpassung der Durchflussmenge an den Anlagendruck und das Wachstum der Tiere. Hergestellt aus Edelstahlkomponenten und Messinggewinde, garantiert sie Widerstandsf\u00e4higkeit, Hygiene und Langlebigkeit, reduziert Verschwendung und verbessert die Effizienz der Zucht. <\/strong><\/p>\n<p><a href=\"https:\/\/fdasrl.it\/wp-content\/uploads\/2025\/11\/Installation-Fda-Nipple-drinkers-3-8_compressed.pdf\">\ud83d\udc49 <b>(HIER KLICKEN)<\/b> f\u00fcr die vollst\u00e4ndige Installationstabelle<\/a><\/p>\n<p><a href=\"https:\/\/fdasrl.it\/wp-content\/uploads\/2026\/03\/grafico-fda-succhiotto-mangia-bevi-000005tp.jpg\">\ud83d\udc49 <b>(HIER KLICKEN)<\/b> f\u00fcr die Durchflusstabelle<\/a><\/p>\n<p>\ud83d\udc49 <a href=\"https:\/\/fdasrl.it\/wp-content\/uploads\/2026\/03\/FDA000022TP.pdf\"><b>(HIER KLICKEN)<\/b> f\u00fcr die technische Zeichnung<\/a><\/p>\n","protected":false},"featured_media":1261,"comment_status":"open","ping_status":"closed","template":"","meta":{"_et_pb_use_builder":"off","_et_pb_old_content":"Gewindeanschluss 1\/2\u201d klein f\u00fcr Ferkel\nz. B. 21 - Rohr \u00d8 16 - Bolzen \u00d8 5\n\nNippeltr\u00e4nke mit Messingk\u00f6rper und Edelstahlrohr","_et_gb_content_width":""},"product_brand":[],"product_cat":[1197,1198,643,762],"product_tag":[1261],"class_list":{"0":"post-5436","1":"product","2":"type-product","3":"status-publish","4":"has-post-thumbnail","6":"product_cat-messing-edelstahl","7":"product_cat-nippeltranken","8":"product_cat-schweine","9":"product_cat-tranken-3","10":"product_tag-fda-000022tp","12":"first","13":"instock","14":"shipping-taxable","15":"product-type-simple"},"yoast_head":"<!-- This site is optimized with the Yoast SEO Premium plugin v27.5 (Yoast SEO v27.5) - https:\/\/yoast.com\/product\/yoast-seo-premium-wordpress\/ -->\n<title>Automatische Ferkel-Nippeltr\u00e4nke 1\/2&quot; einstellbar<\/title>\n<meta name=\"description\" content=\"Entdecken Sie die automatische Ferkel-Nippeltr\u00e4nke 1\/2&quot; einstellbar, konzipiert f\u00fcr eine konstante Wasserversorgung. Ideal f\u00fcr Hygiene und Kontrolle!\" \/>\n<meta name=\"robots\" content=\"index, follow, max-snippet:-1, max-image-preview:large, max-video-preview:-1\" \/>\n<link rel=\"canonical\" href=\"https:\/\/fdasrl.it\/de\/prodotto\/automatische-nippeltraenke-1-2-fuer-ferkel-mit-einstellbarem-ventil-modell-fda-000022tp\/\" \/>\n<meta property=\"og:locale\" content=\"de_DE\" \/>\n<meta property=\"og:type\" content=\"article\" \/>\n<meta property=\"og:title\" content=\"Automatische Nippeltr\u00e4nke 1\/2&quot; f\u00fcr Ferkel mit einstellbarem Ventil \u2013 Modell FDA-000022TP\" \/>\n<meta property=\"og:description\" content=\"Entdecken Sie die automatische Ferkel-Nippeltr\u00e4nke 1\/2&quot; einstellbar, konzipiert f\u00fcr eine konstante Wasserversorgung. Ideal f\u00fcr Hygiene und Kontrolle!\" \/>\n<meta property=\"og:url\" content=\"https:\/\/fdasrl.it\/de\/prodotto\/automatische-nippeltraenke-1-2-fuer-ferkel-mit-einstellbarem-ventil-modell-fda-000022tp\/\" \/>\n<meta property=\"og:site_name\" content=\"FDA srl\" \/>\n<meta property=\"article:publisher\" content=\"https:\/\/www.facebook.com\/share\/1MWhFWg1Tp\/?mibextid=LQQJ4d\" \/>\n<meta property=\"og:image\" content=\"https:\/\/fdasrl.it\/wp-content\/uploads\/2026\/03\/succhiotto-suinetti-inox-ottone-1-2-fda-000022tp.jpg\" \/>\n\t<meta property=\"og:image:width\" content=\"1523\" \/>\n\t<meta property=\"og:image:height\" content=\"1216\" \/>\n\t<meta property=\"og:image:type\" content=\"image\/jpeg\" \/>\n<meta name=\"twitter:card\" content=\"summary_large_image\" \/>\n<meta name=\"twitter:label1\" content=\"Preis\" \/>\n\t<meta name=\"twitter:data1\" content=\"\" \/>\n\t<meta name=\"twitter:label2\" content=\"Verf\u00fcgbarkeit\" \/>\n\t<meta name=\"twitter:data2\" content=\"Auf Lager\" \/>\n<meta property=\"product:price:currency\" content=\"EUR\" \/>\n<meta property=\"og:availability\" content=\"instock\" \/>\n<meta property=\"product:availability\" content=\"instock\" \/>\n<meta property=\"product:retailer_item_id\" content=\"FDA-000022TP\" \/>\n<meta property=\"product:condition\" content=\"new\" \/>\n<!-- \/ Yoast SEO Premium plugin. -->","yoast_head_json":{"title":"Automatische Ferkel-Nippeltr\u00e4nke 1\/2\" einstellbar","description":"Entdecken Sie die automatische Ferkel-Nippeltr\u00e4nke 1\/2\" einstellbar, konzipiert f\u00fcr eine konstante Wasserversorgung. Ideal f\u00fcr Hygiene und Kontrolle!","robots":{"index":"index","follow":"follow","max-snippet":"max-snippet:-1","max-image-preview":"max-image-preview:large","max-video-preview":"max-video-preview:-1"},"canonical":"https:\/\/fdasrl.it\/de\/prodotto\/automatische-nippeltraenke-1-2-fuer-ferkel-mit-einstellbarem-ventil-modell-fda-000022tp\/","og_locale":"de_DE","og_type":"article","og_title":"Automatische Nippeltr\u00e4nke 1\/2\" f\u00fcr Ferkel mit einstellbarem Ventil \u2013 Modell FDA-000022TP","og_description":"Entdecken Sie die automatische Ferkel-Nippeltr\u00e4nke 1\/2\" einstellbar, konzipiert f\u00fcr eine konstante Wasserversorgung. Ideal f\u00fcr Hygiene und Kontrolle!","og_url":"https:\/\/fdasrl.it\/de\/prodotto\/automatische-nippeltraenke-1-2-fuer-ferkel-mit-einstellbarem-ventil-modell-fda-000022tp\/","og_site_name":"FDA srl","article_publisher":"https:\/\/www.facebook.com\/share\/1MWhFWg1Tp\/?mibextid=LQQJ4d","og_image":[{"width":1523,"height":1216,"url":"https:\/\/fdasrl.it\/wp-content\/uploads\/2026\/03\/succhiotto-suinetti-inox-ottone-1-2-fda-000022tp.jpg","type":"image\/jpeg"}],"twitter_card":"summary_large_image","twitter_misc":{"Preis":"","Verf\u00fcgbarkeit":"Auf Lager"},"schema":{"@context":"https:\/\/schema.org","@graph":[{"@type":"WebPage","@id":"https:\/\/fdasrl.it\/de\/prodotto\/automatische-nippeltraenke-1-2-fuer-ferkel-mit-einstellbarem-ventil-modell-fda-000022tp\/","url":"https:\/\/fdasrl.it\/de\/prodotto\/automatische-nippeltraenke-1-2-fuer-ferkel-mit-einstellbarem-ventil-modell-fda-000022tp\/","name":"Automatische Ferkel-Nippeltr\u00e4nke 1\/2\" einstellbar","isPartOf":{"@id":"https:\/\/fdasrl.it\/de\/#website"},"primaryImageOfPage":{"@id":"https:\/\/fdasrl.it\/de\/prodotto\/automatische-nippeltraenke-1-2-fuer-ferkel-mit-einstellbarem-ventil-modell-fda-000022tp\/#primaryimage"},"image":{"@id":"https:\/\/fdasrl.it\/de\/prodotto\/automatische-nippeltraenke-1-2-fuer-ferkel-mit-einstellbarem-ventil-modell-fda-000022tp\/#primaryimage"},"thumbnailUrl":"https:\/\/fdasrl.it\/wp-content\/uploads\/2026\/03\/succhiotto-suinetti-inox-ottone-1-2-fda-000022tp.jpg","datePublished":"2026-03-17T11:12:41+00:00","description":"Entdecken Sie die automatische Ferkel-Nippeltr\u00e4nke 1\/2\" einstellbar, konzipiert f\u00fcr eine konstante Wasserversorgung. Ideal f\u00fcr Hygiene und Kontrolle!","breadcrumb":{"@id":"https:\/\/fdasrl.it\/de\/prodotto\/automatische-nippeltraenke-1-2-fuer-ferkel-mit-einstellbarem-ventil-modell-fda-000022tp\/#breadcrumb"},"inLanguage":"de","potentialAction":[{"@type":"ReadAction","target":["https:\/\/fdasrl.it\/de\/prodotto\/automatische-nippeltraenke-1-2-fuer-ferkel-mit-einstellbarem-ventil-modell-fda-000022tp\/"]}]},{"@type":"ImageObject","inLanguage":"de","@id":"https:\/\/fdasrl.it\/de\/prodotto\/automatische-nippeltraenke-1-2-fuer-ferkel-mit-einstellbarem-ventil-modell-fda-000022tp\/#primaryimage","url":"https:\/\/fdasrl.it\/wp-content\/uploads\/2026\/03\/succhiotto-suinetti-inox-ottone-1-2-fda-000022tp.jpg","contentUrl":"https:\/\/fdasrl.it\/wp-content\/uploads\/2026\/03\/succhiotto-suinetti-inox-ottone-1-2-fda-000022tp.jpg","width":1523,"height":1216,"caption":"Nippeltr\u00e4nke f\u00fcr Ferkel aus Edelstahl und Messing mit 1\/2\"-Anschluss, hohem Durchfluss und langer Lebensdauer. Code FDA-000022TP."},{"@type":"BreadcrumbList","@id":"https:\/\/fdasrl.it\/de\/prodotto\/automatische-nippeltraenke-1-2-fuer-ferkel-mit-einstellbarem-ventil-modell-fda-000022tp\/#breadcrumb","itemListElement":[{"@type":"ListItem","position":1,"name":"Home","item":"https:\/\/fdasrl.it\/de\/startseite\/"},{"@type":"ListItem","position":2,"name":"Shop","item":"https:\/\/fdasrl.it\/de\/shop\/"},{"@type":"ListItem","position":3,"name":"Automatische Nippeltr\u00e4nke 1\/2&#8243; f\u00fcr Ferkel mit einstellbarem Ventil \u2013 Modell FDA-000022TP"}]},{"@type":"WebSite","@id":"https:\/\/fdasrl.it\/de\/#website","url":"https:\/\/fdasrl.it\/de\/","name":"FDA srl","description":"Equipment for animal husbandry","publisher":{"@id":"https:\/\/fdasrl.it\/de\/#organization"},"potentialAction":[{"@type":"SearchAction","target":{"@type":"EntryPoint","urlTemplate":"https:\/\/fdasrl.it\/de\/?s={search_term_string}"},"query-input":{"@type":"PropertyValueSpecification","valueRequired":true,"valueName":"search_term_string"}}],"inLanguage":"de"},{"@type":"Organization","@id":"https:\/\/fdasrl.it\/de\/#organization","name":"FDA srl","url":"https:\/\/fdasrl.it\/de\/","logo":{"@type":"ImageObject","inLanguage":"de","@id":"https:\/\/fdasrl.it\/de\/#\/schema\/logo\/image\/","url":"https:\/\/fdasrl.it\/wp-content\/uploads\/2024\/12\/Logo-FDA.png","contentUrl":"https:\/\/fdasrl.it\/wp-content\/uploads\/2024\/12\/Logo-FDA.png","width":316,"height":119,"caption":"FDA srl"},"image":{"@id":"https:\/\/fdasrl.it\/de\/#\/schema\/logo\/image\/"},"sameAs":["https:\/\/www.facebook.com\/share\/1MWhFWg1Tp\/?mibextid=LQQJ4d","https:\/\/www.instagram.com\/fda_srl\/profilecard\/?igsh=YW5lbzJ6MWg0d21u","https:\/\/www.youtube.com\/@FDASRL_ANIMALCARE"],"description":"FDA SRL \u2013 Equipment for animal husbandry nasce con l\u2019obiettivo di offrire soluzioni affidabili e innovative per l\u2019allevamento moderno. Con anni di esperienza nel settore zootecnico, progettiamo e realizziamo attrezzature destinate al benessere animale e alla gestione efficiente delle stalle: vasche, abbeveratoi, mangiatoie e sistemi di riscaldamento pensati per durare nel tempo e semplificare il lavoro quotidiano degli allevatori. Dalla progettazione alla produzione, ogni nostro prodotto \u00e8 studiato nei minimi dettagli, testato con cura e costruito per rispondere alle esigenze reali del settore. La nostra forza \u00e8 unire artigianalit\u00e0, tecnologia e competenza tecnica per trasformare ogni progetto in una soluzione concreta e funzionale. Oggi FDA SRL \u00e8 un punto di riferimento per privati e rivenditori che cercano qualit\u00e0, affidabilit\u00e0 e innovazione nelle attrezzature per l\u2019allevamento.","email":"info@fdasrl.it","telephone":"+390522826820","legalName":"F.D.A. SRL","foundingDate":"2024-10-13","vatID":"03075840359","taxID":"03075840359","numberOfEmployees":{"@type":"QuantitativeValue","minValue":"1","maxValue":"10"}}]},"product_price_currency":"EUR","og_availability":"instock","product_availability":"instock","product_retailer_item_id":"FDA-000022TP","product_condition":"new"},"_links":{"self":[{"href":"https:\/\/fdasrl.it\/de\/wp-json\/wp\/v2\/product\/5436","targetHints":{"allow":["GET"]}}],"collection":[{"href":"https:\/\/fdasrl.it\/de\/wp-json\/wp\/v2\/product"}],"about":[{"href":"https:\/\/fdasrl.it\/de\/wp-json\/wp\/v2\/types\/product"}],"replies":[{"embeddable":true,"href":"https:\/\/fdasrl.it\/de\/wp-json\/wp\/v2\/comments?post=5436"}],"wp:featuredmedia":[{"embeddable":true,"href":"https:\/\/fdasrl.it\/de\/wp-json\/wp\/v2\/media\/1261"}],"wp:attachment":[{"href":"https:\/\/fdasrl.it\/de\/wp-json\/wp\/v2\/media?parent=5436"}],"wp:term":[{"taxonomy":"product_brand","embeddable":true,"href":"https:\/\/fdasrl.it\/de\/wp-json\/wp\/v2\/product_brand?post=5436"},{"taxonomy":"product_cat","embeddable":true,"href":"https:\/\/fdasrl.it\/de\/wp-json\/wp\/v2\/product_cat?post=5436"},{"taxonomy":"product_tag","embeddable":true,"href":"https:\/\/fdasrl.it\/de\/wp-json\/wp\/v2\/product_tag?post=5436"}],"curies":[{"name":"wp","href":"https:\/\/api.w.org\/{rel}","templated":true}]}}