{"id":5706,"date":"2025-01-15T11:47:26","date_gmt":"2025-01-15T10:47:26","guid":{"rendered":"https:\/\/fdasrl.it\/prodotto\/art-fda-000024-automatisches-beissnippel-traenkebecken-1-2-fuer-schweinefutterautomaten-fressen-saufen\/"},"modified":"2025-01-15T11:47:26","modified_gmt":"2025-01-15T10:47:26","slug":"art-fda-000024-automatisches-beissnippel-traenkebecken-1-2-fuer-schweinefutterautomaten-fressen-saufen","status":"publish","type":"product","link":"https:\/\/fdasrl.it\/de\/prodotto\/art-fda-000024-automatisches-beissnippel-traenkebecken-1-2-fuer-schweinefutterautomaten-fressen-saufen\/","title":{"rendered":"Art. FDA-000024 &#8211; Automatisches Bei\u00dfnippel-Tr\u00e4nkebecken 1\/2&#8243; f\u00fcr Schweinefutterautomaten (Fressen\/Saufen)"},"content":{"rendered":"<h2 data-section-id=\"6chav3\" data-start=\"221\" data-end=\"325\"><strong data-start=\"224\" data-end=\"325\">Art. FDA-000024 &#8211; <\/strong><strong data-start=\"224\" data-end=\"325\">Automatisches Bei\u00dfnippel-Tr\u00e4nkebecken 1\/2&#8243; f\u00fcr Schweinefutterautomaten (Fressen\/Saufen)<\/strong><\/h2>\n<h3 data-section-id=\"jbtoyn\" data-start=\"327\" data-end=\"361\"><strong data-start=\"331\" data-end=\"359\">Produktbeschreibung<\/strong><\/h3>\n<p data-start=\"362\" data-end=\"588\">Das automatische Bei\u00dfnippel-Tr\u00e4nkebecken <strong data-start=\"401\" data-end=\"415\">FDA-000024<\/strong> ist f\u00fcr den Einsatz in Futterautomaten (Fressen-und-Saufen-Systeme) konzipiert und gew\u00e4hrleistet eine konstante Wasserabgabe direkt w\u00e4hrend der Futteraufnahme.<\/p>\n<p data-start=\"590\" data-end=\"761\">Diese L\u00f6sung erm\u00f6glicht eine verbesserte Futteraufnahme, f\u00f6rdert die Hydrierung der Tiere und reduziert Verschwendung, wodurch der Stallbereich sauberer bleibt.<\/p>\n<p data-start=\"763\" data-end=\"914\">Hergestellt aus robusten und verschlei\u00dffesten Materialien, ist er ideal f\u00fcr Schweinezuchtbetriebe, die Zuverl\u00e4ssigkeit, Langlebigkeit und einfache Handhabung erfordern.<\/p>\n<hr data-start=\"916\" data-end=\"919\">\n<h3 data-section-id=\"w1my6q\" data-start=\"921\" data-end=\"953\"><strong data-start=\"925\" data-end=\"953\">Technische Daten<\/strong><\/h3>\n<ul data-start=\"954\" data-end=\"1262\">\n<li data-section-id=\"1j1tkb1\" data-start=\"954\" data-end=\"975\">\n<p data-start=\"956\" data-end=\"975\">Messinggewinde<\/p>\n<\/li>\n<li data-section-id=\"dg8e7\" data-start=\"976\" data-end=\"1008\">\n<p data-start=\"978\" data-end=\"1008\">Rohr und Bolzen aus Edelstahl<\/p>\n<\/li>\n<li data-section-id=\"fivce\" data-start=\"1009\" data-end=\"1031\">\n<p data-start=\"1011\" data-end=\"1031\">Wasseranschluss 1\/2&#8243;<\/p>\n<\/li>\n<li data-section-id=\"1bpnsil\" data-start=\"1032\" data-end=\"1061\">\n<p data-start=\"1034\" data-end=\"1061\">Gesamtl\u00e4nge: 86,6 mm<\/p>\n<\/li>\n<li data-section-id=\"zmqwqu\" data-start=\"1062\" data-end=\"1091\">\n<p data-start=\"1064\" data-end=\"1091\">Tr\u00e4nkerohr \u00d8 21 mm<\/p>\n<\/li>\n<li data-section-id=\"38xd2m\" data-start=\"1092\" data-end=\"1108\">\n<p data-start=\"1094\" data-end=\"1108\">Stift \u00d8 8 mm<\/p>\n<\/li>\n<li data-section-id=\"ttht2s\" data-start=\"1109\" data-end=\"1123\">\n<p data-start=\"1111\" data-end=\"1123\">Gewicht: 84,3 g<\/p>\n<\/li>\n<li data-section-id=\"1g74jjp\" data-start=\"1124\" data-end=\"1141\">\n<p data-start=\"1126\" data-end=\"1141\">Sechskant 21 mm<\/p>\n<\/li>\n<li data-section-id=\"r2uce6\" data-start=\"1142\" data-end=\"1262\">\n<p data-start=\"1144\" data-end=\"1262\">Interner Edelstahl-Netzfilter mit Haltering<br data-start=\"1193\" data-end=\"1196\"\/>oder verstellbarer Kunststofffilter (siehe Modell FDA-000024TP)<\/p>\n<\/li>\n<\/ul>\n<hr data-start=\"1264\" data-end=\"1267\">\n<h3 data-section-id=\"m3h7tw\" data-start=\"1269\" data-end=\"1312\"><strong data-start=\"1273\" data-end=\"1310\">Installationsh\u00f6hen und -winkel<\/strong><\/h3>\n<p data-start=\"1313\" data-end=\"1371\"><a href=\"https:\/\/fdasrl.it\/wp-content\/uploads\/2025\/01\/Installation-Fda-Nipple-drinkers-1-2-for-feeders_compressed.pdf\">\ud83d\udc49 (HIER KLICKEN) f\u00fcr die vollst\u00e4ndige Installationstabelle<\/a><\/p>\n<p data-start=\"1373\" data-end=\"1421\">Die angegebenen H\u00f6hen sind allgemeine Richtlinien.<\/p>\n<p data-start=\"1423\" data-end=\"1575\">Die Tr\u00e4nke <strong data-start=\"1438\" data-end=\"1452\">FDA-000024<\/strong> ist f\u00fcr die Installation <strong data-start=\"1488\" data-end=\"1520\">innerhalb der Futterautomaten<\/strong> konzipiert, sodass das Schwein sie w\u00e4hrend des Fressens aktivieren kann.<\/p>\n<p data-start=\"1577\" data-end=\"1755\">F\u00fcr die Ferkelaufzucht wird die Verwendung von zwei Installationsh\u00f6hen oder H\u00f6henverstellern empfohlen, um die Position an das Wachstum der Tiere anzupassen.<\/p>\n<p data-start=\"1757\" data-end=\"1810\">Die Neigung kann zwischen 30<strong data-start=\"1796\" data-end=\"1809\">\u00b0 und 45\u00b0<\/strong> eingestellt werden:<\/p>\n<ul data-start=\"1812\" data-end=\"1898\">\n<li data-section-id=\"axr87z\" data-start=\"1812\" data-end=\"1856\">\n<p data-start=\"158\" data-end=\"182\"><strong data-start=\"158\" data-end=\"180\">Ferkel (7\u201320 kg)<\/strong><\/p>\n<ul data-start=\"183\" data-end=\"308\">\n<li data-section-id=\"1c90bus\" data-start=\"183\" data-end=\"228\">H\u00f6he: 8 \u2013 12 cm \u00fcber dem Trogboden<\/li>\n<li data-section-id=\"1ka8lgn\" data-start=\"229\" data-end=\"250\">Winkel: 30\u00b0 \u2013 45\u00b0<\/li>\n<li data-section-id=\"8r4lzv\" data-start=\"251\" data-end=\"279\">Druck: 0,5 \u2013 1,5 bar<\/li>\n<li data-section-id=\"1mu4dmw\" data-start=\"280\" data-end=\"308\">Durchfluss: 0,5 \u2013 0,8 l\/min<\/li>\n<\/ul>\n<hr data-start=\"310\" data-end=\"313\">\n<p data-start=\"315\" data-end=\"354\"><strong data-start=\"315\" data-end=\"352\">Abgesetzte Ferkel \/ L\u00e4ufer (20\u201340 kg)<\/strong><\/p>\n<ul data-start=\"355\" data-end=\"454\">\n<li data-section-id=\"1qrpe7s\" data-start=\"355\" data-end=\"378\">H\u00f6he: 12 \u2013 18 cm<\/li>\n<li data-section-id=\"kc6vya\" data-start=\"379\" data-end=\"400\">Winkel: 35\u00b0 \u2013 45\u00b0<\/li>\n<li data-section-id=\"1nv6ul5\" data-start=\"401\" data-end=\"425\">Druck: 1 \u2013 2 bar<\/li>\n<li data-section-id=\"1djnj7n\" data-start=\"426\" data-end=\"454\">Durchfluss: 0,7 \u2013 1,0 l\/min<\/li>\n<\/ul>\n<hr data-start=\"456\" data-end=\"459\">\n<p data-start=\"461\" data-end=\"485\"><strong data-start=\"461\" data-end=\"483\">L\u00e4ufer (40\u201380 kg)<\/strong><\/p>\n<ul data-start=\"486\" data-end=\"587\">\n<li data-section-id=\"dkchy4\" data-start=\"486\" data-end=\"509\">H\u00f6he: 18 \u2013 25 cm<\/li>\n<li data-section-id=\"11qh10g\" data-start=\"510\" data-end=\"531\">Winkel: 40\u00b0 \u2013 45\u00b0<\/li>\n<li data-section-id=\"ewpqio\" data-start=\"532\" data-end=\"558\">Druck: 1 \u2013 2,5 bar<\/li>\n<li data-section-id=\"1tgj8um\" data-start=\"559\" data-end=\"587\">Durchfluss: 0,8 \u2013 1,2 l\/min<\/li>\n<\/ul>\n<hr data-start=\"589\" data-end=\"592\">\n<p data-start=\"594\" data-end=\"621\"><strong data-start=\"594\" data-end=\"619\">Mastschweine (80\u2013120+ kg)<\/strong><\/p>\n<ul data-start=\"622\" data-end=\"717\">\n<li data-section-id=\"1u4ywqb\" data-start=\"622\" data-end=\"645\">H\u00f6he: 25 \u2013 35 cm<\/li>\n<li data-section-id=\"o3souf\" data-start=\"646\" data-end=\"661\">Winkel: 45\u00b0<\/li>\n<li data-section-id=\"10hiqf5\" data-start=\"662\" data-end=\"688\">Druck: 1,5 \u2013 3 bar<\/li>\n<li data-section-id=\"1667clc\" data-start=\"689\" data-end=\"717\">Durchfluss: 1,0 \u2013 1,5 l\/min<\/li>\n<\/ul>\n<\/li>\n<\/ul>\n<p data-start=\"1900\" data-end=\"2055\">Eine korrekte Installation erm\u00f6glicht es, den Wasserfluss direkt in das Futter zu leiten, was Verschwendung reduziert und die Futtereffizienz verbessert.<\/p>\n<hr data-start=\"2057\" data-end=\"2060\">\n<h3 data-section-id=\"1m3l471\" data-start=\"2062\" data-end=\"2104\"><strong data-start=\"2066\" data-end=\"2102\">Empfohlener Wasserdruck<\/strong><\/h3>\n<p data-start=\"2105\" data-end=\"2219\">Alle Tr\u00e4nken funktionieren sowohl bei Nieder- als auch bei Hochdruck, mit einem Maximalwert von <strong data-start=\"2198\" data-end=\"2216\">4 bar (55 psi)<\/strong>.<\/p>\n<p data-start=\"2221\" data-end=\"2320\">F\u00fcr die Ferkelaufzucht sollte der Wasserdruck <strong data-start=\"2299\" data-end=\"2317\">2 bar (28 psi)<\/strong> nicht \u00fcberschreiten.<\/p>\n<p data-start=\"2322\" data-end=\"2367\">Im Allgemeinen beg\u00fcnstigen niedrigere Dr\u00fccke:<\/p>\n<ul data-start=\"2368\" data-end=\"2522\">\n<li data-section-id=\"11e5cqa\" data-start=\"2368\" data-end=\"2388\">\n<p data-start=\"2370\" data-end=\"2388\">Wassereinsparung<\/p>\n<\/li>\n<li data-section-id=\"140hy6k\" data-start=\"2389\" data-end=\"2428\">\n<p data-start=\"2391\" data-end=\"2428\">geringeren Verschlei\u00df von Dichtungen und Feder<\/p>\n<\/li>\n<li data-section-id=\"fqvo0v\" data-start=\"2429\" data-end=\"2460\">\n<p data-start=\"2431\" data-end=\"2460\">sanfteren Wasserfluss<\/p>\n<\/li>\n<li data-section-id=\"1k8yo6e\" data-start=\"2461\" data-end=\"2494\">\n<p data-start=\"2463\" data-end=\"2494\">einfachere Bedienung<\/p>\n<\/li>\n<li data-section-id=\"1hn09s\" data-start=\"2495\" data-end=\"2522\">\n<p data-start=\"2497\" data-end=\"2522\">Reduzierung von Verschwendung<\/p>\n<\/li>\n<\/ul>\n<p data-start=\"2524\" data-end=\"2622\">\ud83d\udc49 Bei hohen oder schwankenden Werten wird die Verwendung eines Druckminderers empfohlen.<\/p>\n<hr data-start=\"2624\" data-end=\"2627\">\n<h3 data-section-id=\"1rk201d\" data-start=\"2629\" data-end=\"2654\"><strong data-start=\"2633\" data-end=\"2652\">Durchflussmenge<\/strong><\/h3>\n<p data-start=\"2655\" data-end=\"2701\">\ud83d\udc49 <a href=\"https:\/\/fdasrl.it\/wp-content\/uploads\/2025\/01\/grafico-fda-succhiotto-mangia-bevi-000005.webp\">(HIER KLICKEN) f\u00fcr die Durchflusstabelle<\/a><\/p>\n<p data-start=\"2703\" data-end=\"2787\">Die Wasserdurchflussrate variiert je nach verf\u00fcgbarem Druck in der Wasserleitung.<\/p>\n<p data-start=\"2789\" data-end=\"2957\">F\u00fcr Ferkel und Mastschweine wird eine Durchflussrate zwischen <strong data-start=\"2866\" data-end=\"2885\">0,6 und 1,0 l\/min<\/strong> empfohlen, um eine korrekte Befeuchtung des Futters ohne \u00dcberschuss zu erreichen.<\/p>\n<p data-start=\"2959\" data-end=\"3058\">Die verstellbaren D\u00fcsen erm\u00f6glichen es, die Durchflussrate an den im System verf\u00fcgbaren Druck anzupassen.<\/p>\n<p data-start=\"3060\" data-end=\"3136\">Falls eine h\u00f6here Durchflussrate erforderlich ist, sind Ventile mit folgenden Durchmessern erh\u00e4ltlich:<\/p>\n<ul data-start=\"3137\" data-end=\"3171\">\n<li data-section-id=\"dkblkz\" data-start=\"3137\" data-end=\"3147\">\n<p data-start=\"3139\" data-end=\"3147\">\u00d8 3 mm<\/p>\n<\/li>\n<li data-section-id=\"ce2p6i\" data-start=\"3148\" data-end=\"3160\">\n<p data-start=\"3150\" data-end=\"3160\">\u00d8 3,5 mm<\/p>\n<\/li>\n<li data-section-id=\"cycn50\" data-start=\"3161\" data-end=\"3171\">\n<p data-start=\"3163\" data-end=\"3171\">\u00d8 4 mm<\/p>\n<\/li>\n<\/ul>\n<p data-start=\"3173\" data-end=\"3300\">Der Einsatz von Druckminderern erm\u00f6glicht eine zentrale Steuerung des Durchflusses, was besonders in hei\u00dfen Perioden n\u00fctzlich ist.<\/p>\n<hr data-start=\"3302\" data-end=\"3305\">\n<h3 data-section-id=\"cx62aa\" data-start=\"3307\" data-end=\"3342\"><strong data-start=\"3311\" data-end=\"3340\">Wasserverschmutzung<\/strong><\/h3>\n<p data-start=\"3343\" data-end=\"3469\">Die Verschmutzung des Wassers oder der Rohrleitungen ist eine der Hauptursachen f\u00fcr Fehlfunktionen von Tr\u00e4nken.<\/p>\n<p data-start=\"3471\" data-end=\"3593\">Das Vorhandensein von Verunreinigungen oder Sedimenten kann die ordnungsgem\u00e4\u00dfe Funktion des Systems beeintr\u00e4chtigen und seine Lebensdauer verk\u00fcrzen.<\/p>\n<p data-start=\"3595\" data-end=\"3729\">\ud83d\udc49 Es wird empfohlen, einen Filter im Wassersystem zu installieren, um diese Probleme zu vermeiden und eine konstante Leistung zu gew\u00e4hrleisten.<\/p>\n","protected":false},"excerpt":{"rendered":"<p>Automatisches Bei\u00dfnippel-Tr\u00e4nkebecken 1\/2&#8243; f\u00fcr Schweinefutterautomaten (Fressen und Saufen), konzipiert f\u00fcr die Wasserabgabe direkt w\u00e4hrend der Futteraufnahme. Hergestellt aus Edelstahl mit Messinggewinde, garantiert es Widerstandsf\u00e4higkeit, Hygiene und lange Lebensdauer, verbessert die Futtereffizienz und reduziert Wasserverschwendung. <\/p>\n<p><a href=\"https:\/\/fdasrl.it\/wp-content\/uploads\/2025\/01\/Installation-Fda-Nipple-drinkers-1-2-for-feeders_compressed.pdf\">\ud83d\udc49 <b>(HIER KLICKEN)<\/b> f\u00fcr die vollst\u00e4ndige Installationstabelle<\/a><\/p>\n<p><a href=\"https:\/\/fdasrl.it\/wp-content\/uploads\/2025\/01\/grafico-fda-succhiotto-mangia-bevi-000005.webp\">\ud83d\udc49 <b>(HIER KLICKEN)<\/b> f\u00fcr die Durchflusstabelle<\/a><\/p>\n<p>\ud83d\udc49 <a href=\"https:\/\/fdasrl.it\/wp-content\/uploads\/2025\/01\/FDA000024.pdf\"><b>(HIER KLICKEN)<\/b> f\u00fcr die technische Zeichnung<\/a><\/p>\n","protected":false},"featured_media":1267,"comment_status":"open","ping_status":"closed","template":"","meta":{"_et_pb_use_builder":"","_et_pb_old_content":"","_et_gb_content_width":""},"product_brand":[],"product_cat":[1197,1198,643,762],"product_tag":[1309],"class_list":{"0":"post-5706","1":"product","2":"type-product","3":"status-publish","4":"has-post-thumbnail","6":"product_cat-messing-edelstahl","7":"product_cat-nippeltranken","8":"product_cat-schweine","9":"product_cat-tranken-3","10":"product_tag-fda-000024","12":"first","13":"instock","14":"shipping-taxable","15":"product-type-simple"},"yoast_head":"<!-- This site is optimized with the Yoast SEO Premium plugin v27.5 (Yoast SEO v27.5) - https:\/\/yoast.com\/product\/yoast-seo-premium-wordpress\/ -->\n<title>Bei\u00dfnippel-Tr\u00e4nke Fressen und Saufen f\u00fcr Schweine FDA-000024<\/title>\n<meta name=\"description\" content=\"Verbessern Sie die Effizienz Ihrer Zucht mit der Bei\u00dfnippel-Tr\u00e4nke Fressen-Saufen f\u00fcr Schweine FDA-000024. Hergestellt aus widerstandsf\u00e4higen und langlebigen Materialien! \ud83c\udf39\" \/>\n<meta name=\"robots\" content=\"index, follow, max-snippet:-1, max-image-preview:large, max-video-preview:-1\" \/>\n<link rel=\"canonical\" href=\"https:\/\/fdasrl.it\/de\/prodotto\/art-fda-000024-automatisches-beissnippel-traenkebecken-1-2-fuer-schweinefutterautomaten-fressen-saufen\/\" \/>\n<meta property=\"og:locale\" content=\"de_DE\" \/>\n<meta property=\"og:type\" content=\"article\" \/>\n<meta property=\"og:title\" content=\"Art. FDA-000024 - Automatisches Bei\u00dfnippel-Tr\u00e4nkebecken 1\/2&quot; f\u00fcr Schweinefutterautomaten (Fressen\/Saufen)\" \/>\n<meta property=\"og:description\" content=\"Verbessern Sie die Effizienz Ihrer Zucht mit der Bei\u00dfnippel-Tr\u00e4nke Fressen-Saufen f\u00fcr Schweine FDA-000024. Hergestellt aus widerstandsf\u00e4higen und langlebigen Materialien! \ud83c\udf39\" \/>\n<meta property=\"og:url\" content=\"https:\/\/fdasrl.it\/de\/prodotto\/art-fda-000024-automatisches-beissnippel-traenkebecken-1-2-fuer-schweinefutterautomaten-fressen-saufen\/\" \/>\n<meta property=\"og:site_name\" content=\"FDA srl\" \/>\n<meta property=\"article:publisher\" content=\"https:\/\/www.facebook.com\/share\/1MWhFWg1Tp\/?mibextid=LQQJ4d\" \/>\n<meta property=\"og:image\" content=\"https:\/\/fdasrl.it\/wp-content\/uploads\/2025\/01\/FDA-000024.jpeg\" \/>\n\t<meta property=\"og:image:width\" content=\"1600\" \/>\n\t<meta property=\"og:image:height\" content=\"1600\" \/>\n\t<meta property=\"og:image:type\" content=\"image\/jpeg\" \/>\n<meta name=\"twitter:card\" content=\"summary_large_image\" \/>\n<meta name=\"twitter:label1\" content=\"Preis\" \/>\n\t<meta name=\"twitter:data1\" content=\"\" \/>\n\t<meta name=\"twitter:label2\" content=\"Verf\u00fcgbarkeit\" \/>\n\t<meta name=\"twitter:data2\" content=\"Auf Lager\" \/>\n<meta property=\"product:price:currency\" content=\"EUR\" \/>\n<meta property=\"og:availability\" content=\"instock\" \/>\n<meta property=\"product:availability\" content=\"instock\" \/>\n<meta property=\"product:retailer_item_id\" content=\"FDA-000024\" \/>\n<meta property=\"product:condition\" content=\"new\" \/>\n<!-- \/ Yoast SEO Premium plugin. -->","yoast_head_json":{"title":"Bei\u00dfnippel-Tr\u00e4nke Fressen und Saufen f\u00fcr Schweine FDA-000024","description":"Verbessern Sie die Effizienz Ihrer Zucht mit der Bei\u00dfnippel-Tr\u00e4nke Fressen-Saufen f\u00fcr Schweine FDA-000024. Hergestellt aus widerstandsf\u00e4higen und langlebigen Materialien! \ud83c\udf39","robots":{"index":"index","follow":"follow","max-snippet":"max-snippet:-1","max-image-preview":"max-image-preview:large","max-video-preview":"max-video-preview:-1"},"canonical":"https:\/\/fdasrl.it\/de\/prodotto\/art-fda-000024-automatisches-beissnippel-traenkebecken-1-2-fuer-schweinefutterautomaten-fressen-saufen\/","og_locale":"de_DE","og_type":"article","og_title":"Art. FDA-000024 - Automatisches Bei\u00dfnippel-Tr\u00e4nkebecken 1\/2\" f\u00fcr Schweinefutterautomaten (Fressen\/Saufen)","og_description":"Verbessern Sie die Effizienz Ihrer Zucht mit der Bei\u00dfnippel-Tr\u00e4nke Fressen-Saufen f\u00fcr Schweine FDA-000024. Hergestellt aus widerstandsf\u00e4higen und langlebigen Materialien! \ud83c\udf39","og_url":"https:\/\/fdasrl.it\/de\/prodotto\/art-fda-000024-automatisches-beissnippel-traenkebecken-1-2-fuer-schweinefutterautomaten-fressen-saufen\/","og_site_name":"FDA srl","article_publisher":"https:\/\/www.facebook.com\/share\/1MWhFWg1Tp\/?mibextid=LQQJ4d","og_image":[{"width":1600,"height":1600,"url":"https:\/\/fdasrl.it\/wp-content\/uploads\/2025\/01\/FDA-000024.jpeg","type":"image\/jpeg"}],"twitter_card":"summary_large_image","twitter_misc":{"Preis":"","Verf\u00fcgbarkeit":"Auf Lager"},"schema":{"@context":"https:\/\/schema.org","@graph":[{"@type":"WebPage","@id":"https:\/\/fdasrl.it\/de\/prodotto\/art-fda-000024-automatisches-beissnippel-traenkebecken-1-2-fuer-schweinefutterautomaten-fressen-saufen\/","url":"https:\/\/fdasrl.it\/de\/prodotto\/art-fda-000024-automatisches-beissnippel-traenkebecken-1-2-fuer-schweinefutterautomaten-fressen-saufen\/","name":"Bei\u00dfnippel-Tr\u00e4nke Fressen und Saufen f\u00fcr Schweine FDA-000024","isPartOf":{"@id":"https:\/\/fdasrl.it\/de\/#website"},"primaryImageOfPage":{"@id":"https:\/\/fdasrl.it\/de\/prodotto\/art-fda-000024-automatisches-beissnippel-traenkebecken-1-2-fuer-schweinefutterautomaten-fressen-saufen\/#primaryimage"},"image":{"@id":"https:\/\/fdasrl.it\/de\/prodotto\/art-fda-000024-automatisches-beissnippel-traenkebecken-1-2-fuer-schweinefutterautomaten-fressen-saufen\/#primaryimage"},"thumbnailUrl":"https:\/\/fdasrl.it\/wp-content\/uploads\/2025\/01\/FDA-000024.jpeg","datePublished":"2025-01-15T10:47:26+00:00","description":"Verbessern Sie die Effizienz Ihrer Zucht mit der Bei\u00dfnippel-Tr\u00e4nke Fressen-Saufen f\u00fcr Schweine FDA-000024. Hergestellt aus widerstandsf\u00e4higen und langlebigen Materialien! \ud83c\udf39","breadcrumb":{"@id":"https:\/\/fdasrl.it\/de\/prodotto\/art-fda-000024-automatisches-beissnippel-traenkebecken-1-2-fuer-schweinefutterautomaten-fressen-saufen\/#breadcrumb"},"inLanguage":"de","potentialAction":[{"@type":"ReadAction","target":["https:\/\/fdasrl.it\/de\/prodotto\/art-fda-000024-automatisches-beissnippel-traenkebecken-1-2-fuer-schweinefutterautomaten-fressen-saufen\/"]}]},{"@type":"ImageObject","inLanguage":"de","@id":"https:\/\/fdasrl.it\/de\/prodotto\/art-fda-000024-automatisches-beissnippel-traenkebecken-1-2-fuer-schweinefutterautomaten-fressen-saufen\/#primaryimage","url":"https:\/\/fdasrl.it\/wp-content\/uploads\/2025\/01\/FDA-000024.jpeg","contentUrl":"https:\/\/fdasrl.it\/wp-content\/uploads\/2025\/01\/FDA-000024.jpeg","width":1600,"height":1600,"caption":"Bei\u00dfnippel Fressen-Saufen f\u00fcr Ferkel aus Edelstahl und Messing mit 1\/2\"-Anschluss, ideal f\u00fcr kombinierte F\u00fctterungs- und Tr\u00e4nkesysteme. Code FDA-000024."},{"@type":"BreadcrumbList","@id":"https:\/\/fdasrl.it\/de\/prodotto\/art-fda-000024-automatisches-beissnippel-traenkebecken-1-2-fuer-schweinefutterautomaten-fressen-saufen\/#breadcrumb","itemListElement":[{"@type":"ListItem","position":1,"name":"Home","item":"https:\/\/fdasrl.it\/de\/startseite\/"},{"@type":"ListItem","position":2,"name":"Shop","item":"https:\/\/fdasrl.it\/de\/shop\/"},{"@type":"ListItem","position":3,"name":"Art. FDA-000024 &#8211; Automatisches Bei\u00dfnippel-Tr\u00e4nkebecken 1\/2&#8243; f\u00fcr Schweinefutterautomaten (Fressen\/Saufen)"}]},{"@type":"WebSite","@id":"https:\/\/fdasrl.it\/de\/#website","url":"https:\/\/fdasrl.it\/de\/","name":"FDA srl","description":"Equipment for animal husbandry","publisher":{"@id":"https:\/\/fdasrl.it\/de\/#organization"},"potentialAction":[{"@type":"SearchAction","target":{"@type":"EntryPoint","urlTemplate":"https:\/\/fdasrl.it\/de\/?s={search_term_string}"},"query-input":{"@type":"PropertyValueSpecification","valueRequired":true,"valueName":"search_term_string"}}],"inLanguage":"de"},{"@type":"Organization","@id":"https:\/\/fdasrl.it\/de\/#organization","name":"FDA srl","url":"https:\/\/fdasrl.it\/de\/","logo":{"@type":"ImageObject","inLanguage":"de","@id":"https:\/\/fdasrl.it\/de\/#\/schema\/logo\/image\/","url":"https:\/\/fdasrl.it\/wp-content\/uploads\/2024\/12\/Logo-FDA.png","contentUrl":"https:\/\/fdasrl.it\/wp-content\/uploads\/2024\/12\/Logo-FDA.png","width":316,"height":119,"caption":"FDA srl"},"image":{"@id":"https:\/\/fdasrl.it\/de\/#\/schema\/logo\/image\/"},"sameAs":["https:\/\/www.facebook.com\/share\/1MWhFWg1Tp\/?mibextid=LQQJ4d","https:\/\/www.instagram.com\/fda_srl\/profilecard\/?igsh=YW5lbzJ6MWg0d21u","https:\/\/www.youtube.com\/@FDASRL_ANIMALCARE"],"description":"FDA SRL \u2013 Equipment for animal husbandry nasce con l\u2019obiettivo di offrire soluzioni affidabili e innovative per l\u2019allevamento moderno. Con anni di esperienza nel settore zootecnico, progettiamo e realizziamo attrezzature destinate al benessere animale e alla gestione efficiente delle stalle: vasche, abbeveratoi, mangiatoie e sistemi di riscaldamento pensati per durare nel tempo e semplificare il lavoro quotidiano degli allevatori. Dalla progettazione alla produzione, ogni nostro prodotto \u00e8 studiato nei minimi dettagli, testato con cura e costruito per rispondere alle esigenze reali del settore. La nostra forza \u00e8 unire artigianalit\u00e0, tecnologia e competenza tecnica per trasformare ogni progetto in una soluzione concreta e funzionale. Oggi FDA SRL \u00e8 un punto di riferimento per privati e rivenditori che cercano qualit\u00e0, affidabilit\u00e0 e innovazione nelle attrezzature per l\u2019allevamento.","email":"info@fdasrl.it","telephone":"+390522826820","legalName":"F.D.A. SRL","foundingDate":"2024-10-13","vatID":"03075840359","taxID":"03075840359","numberOfEmployees":{"@type":"QuantitativeValue","minValue":"1","maxValue":"10"}}]},"product_price_currency":"EUR","og_availability":"instock","product_availability":"instock","product_retailer_item_id":"FDA-000024","product_condition":"new"},"_links":{"self":[{"href":"https:\/\/fdasrl.it\/de\/wp-json\/wp\/v2\/product\/5706","targetHints":{"allow":["GET"]}}],"collection":[{"href":"https:\/\/fdasrl.it\/de\/wp-json\/wp\/v2\/product"}],"about":[{"href":"https:\/\/fdasrl.it\/de\/wp-json\/wp\/v2\/types\/product"}],"replies":[{"embeddable":true,"href":"https:\/\/fdasrl.it\/de\/wp-json\/wp\/v2\/comments?post=5706"}],"wp:featuredmedia":[{"embeddable":true,"href":"https:\/\/fdasrl.it\/de\/wp-json\/wp\/v2\/media\/1267"}],"wp:attachment":[{"href":"https:\/\/fdasrl.it\/de\/wp-json\/wp\/v2\/media?parent=5706"}],"wp:term":[{"taxonomy":"product_brand","embeddable":true,"href":"https:\/\/fdasrl.it\/de\/wp-json\/wp\/v2\/product_brand?post=5706"},{"taxonomy":"product_cat","embeddable":true,"href":"https:\/\/fdasrl.it\/de\/wp-json\/wp\/v2\/product_cat?post=5706"},{"taxonomy":"product_tag","embeddable":true,"href":"https:\/\/fdasrl.it\/de\/wp-json\/wp\/v2\/product_tag?post=5706"}],"curies":[{"name":"wp","href":"https:\/\/api.w.org\/{rel}","templated":true}]}}