{"id":5724,"date":"2025-01-15T11:55:27","date_gmt":"2025-01-15T10:55:27","guid":{"rendered":"https:\/\/fdasrl.it\/prodotto\/art-fda-000007tp-traenkenippel-1-2-befeuchtungssystem-mit-messingdruckknopf\/"},"modified":"2025-01-15T11:55:27","modified_gmt":"2025-01-15T10:55:27","slug":"art-fda-000007tp-traenkenippel-1-2-befeuchtungssystem-mit-messingdruckknopf","status":"publish","type":"product","link":"https:\/\/fdasrl.it\/de\/prodotto\/art-fda-000007tp-traenkenippel-1-2-befeuchtungssystem-mit-messingdruckknopf\/","title":{"rendered":"Art. FDA-000007TP &#8211; Tr\u00e4nkenippel 1\/2&#8243; Befeuchtungssystem mit Messingdruckknopf"},"content":{"rendered":"<h2 data-section-id=\"1ynp7ed\" data-start=\"160\" data-end=\"298\"><span role=\"text\"><strong data-start=\"163\" data-end=\"298\">Art. FDA-000007TP &#8211; Automatischer Nippeltr\u00e4nker 1\/2&#8243; Befeuchtungssystem mit Messingdruckknopf f\u00fcr Schweinetr\u00f6ge (Fressen\/Trinken)<\/strong><\/span><\/h2>\n<h3 data-section-id=\"jbtoyn\" data-start=\"300\" data-end=\"334\"><span role=\"text\"><strong data-start=\"304\" data-end=\"332\">Produktbeschreibung<\/strong><\/span><\/h3>\n<p data-start=\"335\" data-end=\"582\">Der automatische Nippeltr\u00e4nker <strong data-start=\"374\" data-end=\"411\">FDA-000007TP mit Messingdruckknopf<\/strong> ist f\u00fcr den Einsatz in Futtertr\u00f6gen (Fressen-Trinken-Systeme) konzipiert und gew\u00e4hrleistet eine konstante Wasserabgabe direkt w\u00e4hrend der Futteraufnahme.<\/p>\n<p data-start=\"584\" data-end=\"743\">Das <strong data-start=\"597\" data-end=\"609\">Druckknopfsystem<\/strong> erm\u00f6glicht eine pr\u00e4zise und kontrollierte Aktivierung durch das Tier und verbessert die Wasserbewirtschaftung im Futtertrog.<\/p>\n<p data-start=\"745\" data-end=\"914\">Diese L\u00f6sung erm\u00f6glicht eine verbesserte Futteraufnahme, f\u00f6rdert die Hydrierung der Tiere und reduziert Verschwendung, wodurch der Stallbereich sauberer bleibt.<\/p>\n<p data-start=\"916\" data-end=\"1067\">Hergestellt aus robusten und verschlei\u00dffesten Materialien, ist er ideal f\u00fcr Schweinezuchtbetriebe, die Zuverl\u00e4ssigkeit, Langlebigkeit und einfache Handhabung erfordern.<\/p>\n<hr data-start=\"1069\" data-end=\"1072\">\n<h3 data-section-id=\"w1my6q\" data-start=\"1074\" data-end=\"1106\"><span role=\"text\"><strong data-start=\"1078\" data-end=\"1106\">Technische Daten<\/strong><\/span><\/h3>\n<ul data-start=\"1107\" data-end=\"1290\">\n<li data-section-id=\"zhm7l1\" data-start=\"1107\" data-end=\"1126\">Messingk\u00f6rper<\/li>\n<li data-section-id=\"pi13n9\" data-start=\"1127\" data-end=\"1159\">Druckknopfsystem aus Messing<\/li>\n<li data-section-id=\"fivce\" data-start=\"1160\" data-end=\"1182\">Wasseranschluss 1\/2&#8243;<\/li>\n<li data-section-id=\"kp7h5u\" data-start=\"1183\" data-end=\"1213\">Gesamtl\u00e4nge: 47,15 mm<\/li>\n<li data-section-id=\"jnopu1\" data-start=\"1214\" data-end=\"1236\">Stift \u00d8 17 x 10 mm<\/li>\n<li data-section-id=\"jjpnr2\" data-start=\"1237\" data-end=\"1254\">Sechskant 19 mm<\/li>\n<li data-section-id=\"jjpnr2\" data-start=\"1237\" data-end=\"1254\">Gewicht: 65,0 g<\/li>\n<li data-section-id=\"1mv8i4q\" data-start=\"1255\" data-end=\"1290\">Kompakte und robuste Bauweise<\/li>\n<\/ul>\n<hr data-start=\"1292\" data-end=\"1295\">\n<h3 data-section-id=\"9sy6zo\" data-start=\"1297\" data-end=\"1338\"><span role=\"text\"><strong data-start=\"1301\" data-end=\"1338\">Installationsh\u00f6hen und -winkel<\/strong><\/span><\/h3>\n<p data-start=\"1339\" data-end=\"1397\"><a href=\"https:\/\/fdasrl.it\/wp-content\/uploads\/2025\/01\/Installation-Fda-Nipple-drinkers-1-2-for-feeders_compressed.pdf\">\ud83d\udc49 (HIER KLICKEN) f\u00fcr die vollst\u00e4ndige Installationstabelle<\/a><\/p>\n<p data-start=\"1399\" data-end=\"1445\">Die angegebenen H\u00f6hen sind allgemeine Richtlinien.<\/p>\n<p data-start=\"1447\" data-end=\"1595\">Der Tr\u00e4nker <strong data-start=\"1462\" data-end=\"1478\">FDA-000007TP<\/strong> ist f\u00fcr die Installation in Futtertr\u00f6gen konzipiert, sodass das Schwein ihn w\u00e4hrend des Fressens aktivieren kann.<\/p>\n<p data-start=\"1597\" data-end=\"1775\">F\u00fcr die Ferkelaufzucht wird die Verwendung von zwei Installationsh\u00f6hen oder H\u00f6henverstellern empfohlen, um die Position an das Wachstum der Tiere anzupassen.<\/p>\n<p data-start=\"1777\" data-end=\"1830\">Die Neigung kann zwischen <strong data-start=\"1816\" data-end=\"1829\">30\u00b0 und 45\u00b0<\/strong> eingestellt werden:<\/p>\n<p data-start=\"1832\" data-end=\"1856\"><strong data-start=\"1832\" data-end=\"1854\">Ferkel (7\u201320 kg)<\/strong><\/p>\n<ul data-start=\"1857\" data-end=\"1982\">\n<li data-section-id=\"1c90bus\" data-start=\"1857\" data-end=\"1902\">H\u00f6he: 8 \u2013 12 cm \u00fcber dem Trogboden<\/li>\n<li data-section-id=\"1ka8lgn\" data-start=\"1903\" data-end=\"1924\">Winkel: 30\u00b0 \u2013 45\u00b0<\/li>\n<li data-section-id=\"8r4lzv\" data-start=\"1925\" data-end=\"1953\">Druck: 0,5 \u2013 1,5 bar<\/li>\n<li data-section-id=\"1mu4dmw\" data-start=\"1954\" data-end=\"1982\">Durchfluss: 0,5 \u2013 0,8 l\/min<\/li>\n<\/ul>\n<p data-start=\"1984\" data-end=\"2023\"><strong data-start=\"1984\" data-end=\"2021\">Abgesetzte Ferkel \/ L\u00e4ufer (20\u201340 kg)<\/strong><\/p>\n<ul data-start=\"2024\" data-end=\"2123\">\n<li data-section-id=\"1qrpe7s\" data-start=\"2024\" data-end=\"2047\">H\u00f6he: 12 \u2013 18 cm<\/li>\n<li data-section-id=\"kc6vya\" data-start=\"2048\" data-end=\"2069\">Winkel: 35\u00b0 \u2013 45\u00b0<\/li>\n<li data-section-id=\"1nv6ul5\" data-start=\"2070\" data-end=\"2094\">Druck: 1 \u2013 2 bar<\/li>\n<li data-section-id=\"1djnj7n\" data-start=\"2095\" data-end=\"2123\">Durchfluss: 0,7 \u2013 1,0 l\/min<\/li>\n<\/ul>\n<p data-start=\"2125\" data-end=\"2149\"><strong data-start=\"2125\" data-end=\"2147\">L\u00e4ufer (40\u201380 kg)<\/strong><\/p>\n<ul data-start=\"2150\" data-end=\"2251\">\n<li data-section-id=\"dkchy4\" data-start=\"2150\" data-end=\"2173\">H\u00f6he: 18 \u2013 25 cm<\/li>\n<li data-section-id=\"11qh10g\" data-start=\"2174\" data-end=\"2195\">Winkel: 40\u00b0 \u2013 45\u00b0<\/li>\n<li data-section-id=\"ewpqio\" data-start=\"2196\" data-end=\"2222\">Druck: 1 \u2013 2,5 bar<\/li>\n<li data-section-id=\"1tgj8um\" data-start=\"2223\" data-end=\"2251\">Durchfluss: 0,8 \u2013 1,2 l\/min<\/li>\n<\/ul>\n<p data-start=\"2253\" data-end=\"2280\"><strong data-start=\"2253\" data-end=\"2278\">Mastschweine (80\u2013120+ kg)<\/strong><\/p>\n<ul data-start=\"2281\" data-end=\"2376\">\n<li data-section-id=\"1u4ywqb\" data-start=\"2281\" data-end=\"2304\">H\u00f6he: 25 \u2013 35 cm<\/li>\n<li data-section-id=\"o3souf\" data-start=\"2305\" data-end=\"2320\">Winkel: 45\u00b0<\/li>\n<li data-section-id=\"10hiqf5\" data-start=\"2321\" data-end=\"2347\">Druck: 1,5 \u2013 3 bar<\/li>\n<li data-section-id=\"1667clc\" data-start=\"2348\" data-end=\"2376\">Durchfluss: 1,0 \u2013 1,5 l\/min<\/li>\n<\/ul>\n<p data-start=\"2378\" data-end=\"2533\">Eine korrekte Installation erm\u00f6glicht es, den Wasserfluss direkt in das Futter zu leiten, was Verschwendung reduziert und die Futtereffizienz verbessert.<\/p>\n<hr data-start=\"2535\" data-end=\"2538\">\n<h3 data-section-id=\"1gk5xbx\" data-start=\"2540\" data-end=\"2580\"><span role=\"text\"><strong data-start=\"2544\" data-end=\"2580\">Empfohlener Wasserdruck<\/strong><\/span><\/h3>\n<p data-start=\"2581\" data-end=\"2693\">Alle Tr\u00e4nken funktionieren sowohl bei Nieder- als auch bei Hochdruck, mit einem Maximalwert von <strong data-start=\"2674\" data-end=\"2692\">4 bar (55 psi)<\/strong>.<\/p>\n<p data-start=\"2695\" data-end=\"2792\">F\u00fcr die Ferkelaufzucht sollte der Wasserdruck <strong data-start=\"2773\" data-end=\"2791\">2 bar (28 psi)<\/strong> nicht \u00fcberschreiten.<\/p>\n<p data-start=\"2794\" data-end=\"2839\">Im Allgemeinen beg\u00fcnstigen niedrigere Dr\u00fccke:<\/p>\n<ul data-start=\"2840\" data-end=\"2989\">\n<li data-section-id=\"11e5cqa\" data-start=\"2840\" data-end=\"2860\">Wassereinsparung<\/li>\n<li data-section-id=\"d1z0hg\" data-start=\"2861\" data-end=\"2892\">geringerer Verschlei\u00df der Komponenten<\/li>\n<li data-section-id=\"sa36z7\" data-start=\"2893\" data-end=\"2927\">kontrollierter Wasserdurchfluss<\/li>\n<li data-section-id=\"1k8yo6e\" data-start=\"2928\" data-end=\"2961\">einfachere Bedienung<\/li>\n<li data-section-id=\"1hn09s\" data-start=\"2962\" data-end=\"2989\">Reduzierung von Verschwendung<\/li>\n<\/ul>\n<p data-start=\"2991\" data-end=\"3089\">\ud83d\udc49 Bei hohen oder schwankenden Werten wird die Verwendung eines Druckminderers empfohlen.<\/p>\n<hr data-start=\"3091\" data-end=\"3094\">\n<h3 data-section-id=\"1kh8do1\" data-start=\"3096\" data-end=\"3119\"><span role=\"text\"><strong data-start=\"3100\" data-end=\"3119\">Durchflussmenge<\/strong><\/span><\/h3>\n<p data-start=\"3120\" data-end=\"3166\"><a href=\"https:\/\/fdasrl.it\/wp-content\/uploads\/2026\/04\/grafico-fda-succhiotto-mangia-bevi-0000024TP.jpg\">\ud83d\udc49 (HIER KLICKEN) f\u00fcr die Durchflusstabelle<\/a><\/p>\n<p data-start=\"3168\" data-end=\"3283\">Die Durchflussmenge der automatischen 1\/2&#8243;-Nippeltr\u00e4nke variiert je nach Druck in der Wasserleitung.<\/p>\n<p data-start=\"3285\" data-end=\"3442\">F\u00fcr einen optimalen Betrieb wird eine Durchflussmenge zwischen <strong data-start=\"3353\" data-end=\"3372\">0,7 und 1,5 L\/min<\/strong> empfohlen, um eine korrekte Befeuchtung des Futters ohne \u00dcberschuss zu erreichen.<\/p>\n<p data-start=\"3444\" data-end=\"3565\">Das Druckknopfsystem erm\u00f6glicht eine kontrollierte Abgabe und passt sich an unterschiedliche Druckbedingungen der Anlage an.<\/p>\n<p data-start=\"809\" data-end=\"865\">In der Grafik sind drei Einstellstufen hervorgehoben:<\/p>\n<ul data-start=\"867\" data-end=\"1090\">\n<li data-section-id=\"80vfqb\" data-start=\"867\" data-end=\"946\">\n<p data-start=\"869\" data-end=\"946\"><strong data-start=\"869\" data-end=\"905\">Stufe 1 (2\u20139 bar) \u2013 gr\u00fcner Bereich<\/strong><br data-start=\"905\" data-end=\"908\"\/>f\u00fcr Anlagen mit hohem Druck<\/p>\n<\/li>\n<li data-section-id=\"1gr8l3v\" data-start=\"948\" data-end=\"1015\">\n<p data-start=\"950\" data-end=\"1015\"><strong data-start=\"950\" data-end=\"984\">Stufe 2 (1\u20132 bar) \u2013 blauer Bereich<\/strong><br data-start=\"984\" data-end=\"987\"\/>f\u00fcr mittlere Dr\u00fccke<\/p>\n<\/li>\n<li data-section-id=\"sd5jiu\" data-start=\"1017\" data-end=\"1090\">\n<p data-start=\"1019\" data-end=\"1090\"><strong data-start=\"1019\" data-end=\"1056\">Stufe 3 (0\u20131 bar) \u2013 grauer Bereich<\/strong><br data-start=\"1056\" data-end=\"1059\"\/>f\u00fcr Leitungen mit niedrigem Druck<\/p>\n<\/li>\n<\/ul>\n<p data-start=\"1092\" data-end=\"1263\">Die Grafik erm\u00f6glicht es, schnell die richtige Stufe an der Kappe zu finden, um eine stabile Durchflussmenge in Abh\u00e4ngigkeit vom verf\u00fcgbaren Druck zu erzielen.<\/p>\n<p data-start=\"1265\" data-end=\"1433\">Bei korrekter Einstellung bleibt die Durchflussmenge bei etwa <strong data-start=\"1328\" data-end=\"1341\">1,0 l\/min<\/strong>, was einen konstanten, zuverl\u00e4ssigen und f\u00fcr verschiedene Haltungsbedingungen geeigneten Durchfluss garantiert.<\/p>\n<p data-start=\"3173\" data-end=\"3300\">Der Einsatz von Druckminderern erm\u00f6glicht eine zentrale Steuerung des Durchflusses, was besonders in hei\u00dfen Perioden n\u00fctzlich ist.<\/p>\n<hr data-start=\"3567\" data-end=\"3570\">\n<h3 data-section-id=\"1uqk9zm\" data-start=\"3572\" data-end=\"3605\"><span role=\"text\"><strong data-start=\"3576\" data-end=\"3605\">Wasserverschmutzung<\/strong><\/span><\/h3>\n<p data-start=\"3606\" data-end=\"3730\">Die Verschmutzung des Wassers oder der Rohrleitungen ist eine der Hauptursachen f\u00fcr Fehlfunktionen von Tr\u00e4nken.<\/p>\n<p data-start=\"3732\" data-end=\"3854\">Das Vorhandensein von Verunreinigungen oder Sedimenten kann die ordnungsgem\u00e4\u00dfe Funktion des Systems beeintr\u00e4chtigen und seine Lebensdauer verk\u00fcrzen.<\/p>\n<p data-start=\"3856\" data-end=\"3990\">\ud83d\udc49 Es wird empfohlen, einen Filter im Wassersystem zu installieren, um diese Probleme zu vermeiden und eine konstante Leistung zu gew\u00e4hrleisten.<\/p>\n","protected":false},"excerpt":{"rendered":"<p>Automatischer Nippeltr\u00e4nker 1\/2&#8243; f\u00fcr Schweine, mit Messingdruckknopfsystem, ideal f\u00fcr &#8222;Fressen-Trinken&#8220;-Tr\u00f6ge. Gew\u00e4hrleistet eine kontrollierte Wasserabgabe, verbessert die Futteraufnahme und reduziert Verschwendung. <\/p>\n<p><a href=\"https:\/\/fdasrl.it\/wp-content\/uploads\/2025\/01\/Installation-Fda-Nipple-drinkers-1-2-for-feeders_compressed.pdf\">\ud83d\udc49 (HIER KLICKEN) f\u00fcr die vollst\u00e4ndige Installationstabelle<\/a><\/p>\n<p><a href=\"https:\/\/fdasrl.it\/wp-content\/uploads\/2026\/04\/grafico-fda-succhiotto-mangia-bevi-0000024TP.jpg\">\ud83d\udc49 (HIER KLICKEN) f\u00fcr die Durchflusstabelle<\/a><\/p>\n","protected":false},"featured_media":1321,"comment_status":"open","ping_status":"closed","template":"","meta":{"_et_pb_use_builder":"","_et_pb_old_content":"","_et_gb_content_width":""},"product_brand":[],"product_cat":[1197,1198,643,762],"product_tag":[1311],"class_list":{"0":"post-5724","1":"product","2":"type-product","3":"status-publish","4":"has-post-thumbnail","6":"product_cat-messing-edelstahl","7":"product_cat-nippeltranken","8":"product_cat-schweine","9":"product_cat-tranken-3","10":"product_tag-fda-000007tp","12":"first","13":"instock","14":"shipping-taxable","15":"product-type-simple"},"yoast_head":"<!-- This site is optimized with the Yoast SEO Premium plugin v27.5 (Yoast SEO v27.5) - https:\/\/yoast.com\/product\/yoast-seo-premium-wordpress\/ -->\n<title>Schweinetr\u00e4nke 1\/2 mit Messingdruckknopf f\u00fcr landwirtschaftliche Betriebe - FDA srl<\/title>\n<meta name=\"description\" content=\"Entdecken Sie die Schweinetr\u00e4nke 1\/2 mit Messingdruckknopf, entwickelt f\u00fcr eine konstante Wasserabgabe w\u00e4hrend der Futteraufnahme. Verbessern Sie die Effizienz noch heute!\" \/>\n<meta name=\"robots\" content=\"index, follow, max-snippet:-1, max-image-preview:large, max-video-preview:-1\" \/>\n<link rel=\"canonical\" href=\"https:\/\/fdasrl.it\/de\/prodotto\/art-fda-000007tp-traenkenippel-1-2-befeuchtungssystem-mit-messingdruckknopf\/\" \/>\n<meta property=\"og:locale\" content=\"de_DE\" \/>\n<meta property=\"og:type\" content=\"article\" \/>\n<meta property=\"og:title\" content=\"Art. FDA-000007TP - Tr\u00e4nkenippel 1\/2&quot; Befeuchtungssystem mit Messingdruckknopf\" \/>\n<meta property=\"og:description\" content=\"Entdecken Sie die Schweinetr\u00e4nke 1\/2 mit Messingdruckknopf, entwickelt f\u00fcr eine konstante Wasserabgabe w\u00e4hrend der Futteraufnahme. Verbessern Sie die Effizienz noch heute!\" \/>\n<meta property=\"og:url\" content=\"https:\/\/fdasrl.it\/de\/prodotto\/art-fda-000007tp-traenkenippel-1-2-befeuchtungssystem-mit-messingdruckknopf\/\" \/>\n<meta property=\"og:site_name\" content=\"FDA srl\" \/>\n<meta property=\"article:publisher\" content=\"https:\/\/www.facebook.com\/share\/1MWhFWg1Tp\/?mibextid=LQQJ4d\" \/>\n<meta property=\"og:image\" content=\"https:\/\/fdasrl.it\/wp-content\/uploads\/2025\/01\/abbeveratoio-succhiotto-suini-1-2-maschio-ottone-mangia-bevi-umidificatore-fda-00007TP-1.png\" \/>\n\t<meta property=\"og:image:width\" content=\"621\" \/>\n\t<meta property=\"og:image:height\" content=\"577\" \/>\n\t<meta property=\"og:image:type\" content=\"image\/png\" \/>\n<meta name=\"twitter:card\" content=\"summary_large_image\" \/>\n<meta name=\"twitter:label1\" content=\"Preis\" \/>\n\t<meta name=\"twitter:data1\" content=\"\" \/>\n\t<meta name=\"twitter:label2\" content=\"Verf\u00fcgbarkeit\" \/>\n\t<meta name=\"twitter:data2\" content=\"Auf Lager\" \/>\n<meta property=\"product:price:currency\" content=\"EUR\" \/>\n<meta property=\"og:availability\" content=\"instock\" \/>\n<meta property=\"product:availability\" content=\"instock\" \/>\n<meta property=\"product:retailer_item_id\" content=\"FDA-000007TP\" \/>\n<meta property=\"product:condition\" content=\"new\" \/>\n<!-- \/ Yoast SEO Premium plugin. -->","yoast_head_json":{"title":"Schweinetr\u00e4nke 1\/2 mit Messingdruckknopf f\u00fcr landwirtschaftliche Betriebe - FDA srl","description":"Entdecken Sie die Schweinetr\u00e4nke 1\/2 mit Messingdruckknopf, entwickelt f\u00fcr eine konstante Wasserabgabe w\u00e4hrend der Futteraufnahme. Verbessern Sie die Effizienz noch heute!","robots":{"index":"index","follow":"follow","max-snippet":"max-snippet:-1","max-image-preview":"max-image-preview:large","max-video-preview":"max-video-preview:-1"},"canonical":"https:\/\/fdasrl.it\/de\/prodotto\/art-fda-000007tp-traenkenippel-1-2-befeuchtungssystem-mit-messingdruckknopf\/","og_locale":"de_DE","og_type":"article","og_title":"Art. FDA-000007TP - Tr\u00e4nkenippel 1\/2\" Befeuchtungssystem mit Messingdruckknopf","og_description":"Entdecken Sie die Schweinetr\u00e4nke 1\/2 mit Messingdruckknopf, entwickelt f\u00fcr eine konstante Wasserabgabe w\u00e4hrend der Futteraufnahme. Verbessern Sie die Effizienz noch heute!","og_url":"https:\/\/fdasrl.it\/de\/prodotto\/art-fda-000007tp-traenkenippel-1-2-befeuchtungssystem-mit-messingdruckknopf\/","og_site_name":"FDA srl","article_publisher":"https:\/\/www.facebook.com\/share\/1MWhFWg1Tp\/?mibextid=LQQJ4d","og_image":[{"width":621,"height":577,"url":"https:\/\/fdasrl.it\/wp-content\/uploads\/2025\/01\/abbeveratoio-succhiotto-suini-1-2-maschio-ottone-mangia-bevi-umidificatore-fda-00007TP-1.png","type":"image\/png"}],"twitter_card":"summary_large_image","twitter_misc":{"Preis":"","Verf\u00fcgbarkeit":"Auf Lager"},"schema":{"@context":"https:\/\/schema.org","@graph":[{"@type":"WebPage","@id":"https:\/\/fdasrl.it\/de\/prodotto\/art-fda-000007tp-traenkenippel-1-2-befeuchtungssystem-mit-messingdruckknopf\/","url":"https:\/\/fdasrl.it\/de\/prodotto\/art-fda-000007tp-traenkenippel-1-2-befeuchtungssystem-mit-messingdruckknopf\/","name":"Schweinetr\u00e4nke 1\/2 mit Messingdruckknopf f\u00fcr landwirtschaftliche Betriebe - FDA srl","isPartOf":{"@id":"https:\/\/fdasrl.it\/de\/#website"},"primaryImageOfPage":{"@id":"https:\/\/fdasrl.it\/de\/prodotto\/art-fda-000007tp-traenkenippel-1-2-befeuchtungssystem-mit-messingdruckknopf\/#primaryimage"},"image":{"@id":"https:\/\/fdasrl.it\/de\/prodotto\/art-fda-000007tp-traenkenippel-1-2-befeuchtungssystem-mit-messingdruckknopf\/#primaryimage"},"thumbnailUrl":"https:\/\/fdasrl.it\/wp-content\/uploads\/2025\/01\/abbeveratoio-succhiotto-suini-1-2-maschio-ottone-mangia-bevi-umidificatore-fda-00007TP-1.png","datePublished":"2025-01-15T10:55:27+00:00","description":"Entdecken Sie die Schweinetr\u00e4nke 1\/2 mit Messingdruckknopf, entwickelt f\u00fcr eine konstante Wasserabgabe w\u00e4hrend der Futteraufnahme. Verbessern Sie die Effizienz noch heute!","breadcrumb":{"@id":"https:\/\/fdasrl.it\/de\/prodotto\/art-fda-000007tp-traenkenippel-1-2-befeuchtungssystem-mit-messingdruckknopf\/#breadcrumb"},"inLanguage":"de","potentialAction":[{"@type":"ReadAction","target":["https:\/\/fdasrl.it\/de\/prodotto\/art-fda-000007tp-traenkenippel-1-2-befeuchtungssystem-mit-messingdruckknopf\/"]}]},{"@type":"ImageObject","inLanguage":"de","@id":"https:\/\/fdasrl.it\/de\/prodotto\/art-fda-000007tp-traenkenippel-1-2-befeuchtungssystem-mit-messingdruckknopf\/#primaryimage","url":"https:\/\/fdasrl.it\/wp-content\/uploads\/2025\/01\/abbeveratoio-succhiotto-suini-1-2-maschio-ottone-mangia-bevi-umidificatore-fda-00007TP-1.png","contentUrl":"https:\/\/fdasrl.it\/wp-content\/uploads\/2025\/01\/abbeveratoio-succhiotto-suini-1-2-maschio-ottone-mangia-bevi-umidificatore-fda-00007TP-1.png","width":621,"height":577,"caption":"Nippeltr\u00e4nke mit Druckknopf f\u00fcr Schweine 1\/2\" Au\u00dfengewinde Messing Fressen Trinken Befeuchter fda 00007TP"},{"@type":"BreadcrumbList","@id":"https:\/\/fdasrl.it\/de\/prodotto\/art-fda-000007tp-traenkenippel-1-2-befeuchtungssystem-mit-messingdruckknopf\/#breadcrumb","itemListElement":[{"@type":"ListItem","position":1,"name":"Home","item":"https:\/\/fdasrl.it\/de\/startseite\/"},{"@type":"ListItem","position":2,"name":"Shop","item":"https:\/\/fdasrl.it\/de\/shop\/"},{"@type":"ListItem","position":3,"name":"Art. FDA-000007TP &#8211; Tr\u00e4nkenippel 1\/2&#8243; Befeuchtungssystem mit Messingdruckknopf"}]},{"@type":"WebSite","@id":"https:\/\/fdasrl.it\/de\/#website","url":"https:\/\/fdasrl.it\/de\/","name":"FDA srl","description":"Equipment for animal husbandry","publisher":{"@id":"https:\/\/fdasrl.it\/de\/#organization"},"potentialAction":[{"@type":"SearchAction","target":{"@type":"EntryPoint","urlTemplate":"https:\/\/fdasrl.it\/de\/?s={search_term_string}"},"query-input":{"@type":"PropertyValueSpecification","valueRequired":true,"valueName":"search_term_string"}}],"inLanguage":"de"},{"@type":"Organization","@id":"https:\/\/fdasrl.it\/de\/#organization","name":"FDA srl","url":"https:\/\/fdasrl.it\/de\/","logo":{"@type":"ImageObject","inLanguage":"de","@id":"https:\/\/fdasrl.it\/de\/#\/schema\/logo\/image\/","url":"https:\/\/fdasrl.it\/wp-content\/uploads\/2024\/12\/Logo-FDA.png","contentUrl":"https:\/\/fdasrl.it\/wp-content\/uploads\/2024\/12\/Logo-FDA.png","width":316,"height":119,"caption":"FDA srl"},"image":{"@id":"https:\/\/fdasrl.it\/de\/#\/schema\/logo\/image\/"},"sameAs":["https:\/\/www.facebook.com\/share\/1MWhFWg1Tp\/?mibextid=LQQJ4d","https:\/\/www.instagram.com\/fda_srl\/profilecard\/?igsh=YW5lbzJ6MWg0d21u","https:\/\/www.youtube.com\/@FDASRL_ANIMALCARE"],"description":"FDA SRL \u2013 Equipment for animal husbandry nasce con l\u2019obiettivo di offrire soluzioni affidabili e innovative per l\u2019allevamento moderno. Con anni di esperienza nel settore zootecnico, progettiamo e realizziamo attrezzature destinate al benessere animale e alla gestione efficiente delle stalle: vasche, abbeveratoi, mangiatoie e sistemi di riscaldamento pensati per durare nel tempo e semplificare il lavoro quotidiano degli allevatori. Dalla progettazione alla produzione, ogni nostro prodotto \u00e8 studiato nei minimi dettagli, testato con cura e costruito per rispondere alle esigenze reali del settore. La nostra forza \u00e8 unire artigianalit\u00e0, tecnologia e competenza tecnica per trasformare ogni progetto in una soluzione concreta e funzionale. Oggi FDA SRL \u00e8 un punto di riferimento per privati e rivenditori che cercano qualit\u00e0, affidabilit\u00e0 e innovazione nelle attrezzature per l\u2019allevamento.","email":"info@fdasrl.it","telephone":"+390522826820","legalName":"F.D.A. SRL","foundingDate":"2024-10-13","vatID":"03075840359","taxID":"03075840359","numberOfEmployees":{"@type":"QuantitativeValue","minValue":"1","maxValue":"10"}}]},"product_price_currency":"EUR","og_availability":"instock","product_availability":"instock","product_retailer_item_id":"FDA-000007TP","product_condition":"new"},"_links":{"self":[{"href":"https:\/\/fdasrl.it\/de\/wp-json\/wp\/v2\/product\/5724","targetHints":{"allow":["GET"]}}],"collection":[{"href":"https:\/\/fdasrl.it\/de\/wp-json\/wp\/v2\/product"}],"about":[{"href":"https:\/\/fdasrl.it\/de\/wp-json\/wp\/v2\/types\/product"}],"replies":[{"embeddable":true,"href":"https:\/\/fdasrl.it\/de\/wp-json\/wp\/v2\/comments?post=5724"}],"wp:featuredmedia":[{"embeddable":true,"href":"https:\/\/fdasrl.it\/de\/wp-json\/wp\/v2\/media\/1321"}],"wp:attachment":[{"href":"https:\/\/fdasrl.it\/de\/wp-json\/wp\/v2\/media?parent=5724"}],"wp:term":[{"taxonomy":"product_brand","embeddable":true,"href":"https:\/\/fdasrl.it\/de\/wp-json\/wp\/v2\/product_brand?post=5724"},{"taxonomy":"product_cat","embeddable":true,"href":"https:\/\/fdasrl.it\/de\/wp-json\/wp\/v2\/product_cat?post=5724"},{"taxonomy":"product_tag","embeddable":true,"href":"https:\/\/fdasrl.it\/de\/wp-json\/wp\/v2\/product_tag?post=5724"}],"curies":[{"name":"wp","href":"https:\/\/api.w.org\/{rel}","templated":true}]}}