{"id":5839,"date":"2025-01-15T11:44:37","date_gmt":"2025-01-15T10:44:37","guid":{"rendered":"https:\/\/fdasrl.it\/prodotto\/art-fda-000005-1-2-nippeltraenke-fuer-anti-verschwendungs-futter-traenke-becken\/"},"modified":"2025-01-15T11:44:37","modified_gmt":"2025-01-15T10:44:37","slug":"art-fda-000005-1-2-nippeltraenke-fuer-anti-verschwendungs-futter-traenke-becken","status":"publish","type":"product","link":"https:\/\/fdasrl.it\/de\/prodotto\/art-fda-000005-1-2-nippeltraenke-fuer-anti-verschwendungs-futter-traenke-becken\/","title":{"rendered":"Art. FDA-000005 &#8211; 1\/2&#8243;-Nippeltr\u00e4nke f\u00fcr Anti-Verschwendungs-Futter-Tr\u00e4nke-Becken"},"content":{"rendered":"<h2>Automatische 1\/2&#8243;-Nippeltr\u00e4nke f\u00fcr Anti-Verschwendungs-Futter-Tr\u00e4nke-Becken \u2013 Modell FDA-000005<\/h2>\n<h3>Produktbeschreibung<\/h3>\n<p data-start=\"722\" data-end=\"862\">Die Nippeltr\u00e4nke f\u00fcr Anti-Verschwendungs-Becken FDA-000005 mit <strong data-start=\"740\" data-end=\"789\">1\/2&#8243;-Gewindeanschluss f\u00fcr \u201eFressen und Saufen\u201c-Futterautomaten f\u00fcr Schweine<\/strong> ist f\u00fcr kombinierte F\u00fctterungssysteme in der Tierhaltung konzipiert.<\/p>\n<p data-start=\"864\" data-end=\"1088\">Das <strong data-start=\"867\" data-end=\"899\">Geh\u00e4use und das Gewinde aus Messing<\/strong> garantieren hohe Korrosionsbest\u00e4ndigkeit, Langlebigkeit und eine korrekte hydraulische Abdichtung.<br data-start=\"1004\" data-end=\"1007\"\/>Der <strong data-start=\"1009\" data-end=\"1029\">25-mm-Sechskant<\/strong> erm\u00f6glicht eine stabile und sichere Verschraubung am Futterautomaten.<\/p>\n<p data-start=\"1090\" data-end=\"1447\">Der <strong data-start=\"1093\" data-end=\"1126\">Aktivierungsknopf \u00d8 24 mm<\/strong> aus <strong data-start=\"1142\" data-end=\"1158\">Edelstahl<\/strong> wurde speziell entwickelt, um vom Schwein beim nat\u00fcrlichen Bewegen des Kopfes im Futterautomaten bet\u00e4tigt zu werden. Die Bewegung des Knopfes bewirkt eine <strong data-start=\"1311\" data-end=\"1355\">leichte und kontrollierte Wasserabgabe<\/strong>, die das Futter befeuchtet, die Schmackhaftigkeit verbessert und die Futteraufnahme f\u00f6rdert. <\/p>\n<hr>\n<h3>Technische Daten<\/h3>\n<ul>\n<li>Messinggewinde<\/li>\n<li>Edelstahlknopf<\/li>\n<li>Wasseranschluss 1\/2&#8243;<\/li>\n<li>Gesamtl\u00e4nge: 49,0 mm<\/li>\n<li>Knopf \u00d8 24 mm<\/li>\n<li>Gewicht: 161 g<\/li>\n<li>Sechskant 25 mm<\/li>\n<li>Interner Edelstahl-Netzfilter mit Haltering oder verstellbarer Kunststofffilter (siehe Modell FDA-000005TP)<\/li>\n<li>Alternative Version: <strong data-start=\"2509\" data-end=\"2537\">Komplett aus Edelstahl \u2013 FDA-000015E<\/strong><\/li>\n<\/ul>\n<hr>\n<h3>Installationsh\u00f6hen und -winkel<\/h3>\n<p><a href=\"https:\/\/fdasrl.it\/wp-content\/uploads\/2025\/12\/Installation-Fda-Nipple-drinkers-1-2_compressed.pdf\">\ud83d\udc49 <\/a><em>(<a href=\"https:\/\/fdasrl.it\/wp-content\/uploads\/2025\/01\/Installation-of-1-2-nipple-drinker-for-anti-waste-eatdrink-trays.pdf\">HIER KLICKEN) f\u00fcr die vollst\u00e4ndige Installationstabelle<\/a><\/em><\/p>\n<p>Die angegebenen H\u00f6hen sind allgemeine Richtlinien.<br \/>\nEs wird empfohlen, dr<strong>ei Installationsh\u00f6hen<\/strong> oder <strong>H\u00f6henversteller<\/strong> zu verwenden, um die Position der Tr\u00e4nke oder des Futterautomaten an die Wachstumsphase des Tieres anzupassen.<\/p>\n<p>Die Tr\u00e4nke FDA-000005 kann mit einer Neigung zwischen <strong>15\u00b0 und 45\u00b0<\/strong> installiert werden:<\/p>\n<ul>\n<li><strong>15\u00b0 \u2192<\/strong> die niedrigere H\u00f6he verwenden<\/li>\n<li><strong>45\u00b0 \u2192<\/strong> die h\u00f6here H\u00f6he verwenden<\/li>\n<\/ul>\n<p>Diese Einstellung garantiert eine korrekte K\u00f6rperhaltung der Tiere und reduziert die Wasservergeudung.<\/p>\n<hr>\n<h3>Empfohlener Wasserdruck<\/h3>\n<p>Der maximale Wasserdruck darf <strong>4 bar (55 psi)<\/strong> nicht \u00fcberschreiten, um den ordnungsgem\u00e4\u00dfen Betrieb der Anlage zu gew\u00e4hrleisten.<\/p>\n<p>F\u00fcr Ferkel und abgesetzte Ferkel sollte der Druck <strong>2 bar (28 psi)<\/strong> nicht \u00fcberschreiten.<\/p>\n<p>Niedrigere Dr\u00fccke beg\u00fcnstigen:<\/p>\n<ul>\n<li>Wassereinsparung<\/li>\n<li>l\u00e4ngere Lebensdauer von Dichtungen und Feder<\/li>\n<li>gleichm\u00e4\u00dfigen Durchfluss<\/li>\n<li>Benutzerfreundlichkeit<\/li>\n<li>Reduzierung von Verschwendung<\/li>\n<\/ul>\n<p>\ud83d\udc49 <em>Es wird die Verwendung eines Druckminderers empfohlen, wenn die Wasserleitung hohe oder instabile Werte aufweist.<\/em><\/p>\n<hr>\n<h3>Durchflussmenge<\/h3>\n<p><a href=\"https:\/\/fdasrl.it\/wp-content\/uploads\/2025\/01\/grafico-fda-succhiotto-mangia-bevi-000005.webp\">\ud83d\udc49 <em>(HIER KLICKEN) f\u00fcr die Durchflusstabelle<\/em><\/a><\/p>\n<p>Die tats\u00e4chliche Durchflussrate variiert je nach verf\u00fcgbarem Druck im Stall.<br \/>\nF\u00fcr einen optimalen Betrieb des Systems <strong data-start=\"1492\" data-end=\"1562\">wird eine Wasserdurchflussrate zwischen 0,6 und 1 Liter\/Minute empfohlen<\/strong>, um eine korrekte Befeuchtung des Futters zu erreichen, Wasserverschwendung zu reduzieren und den F\u00fctterungsbereich sauberer zu halten.<\/p>\n<p>Zur Erh\u00f6hung der Durchflussmenge sind optionale Ventile mit folgenden Durchmessern erh\u00e4ltlich:<\/p>\n<ul>\n<li>\u00d8 3 mm<\/li>\n<li>\u00d8 3,5 mm<\/li>\n<li>\u00d8 4 mm<\/li>\n<\/ul>\n<p>Der Einsatz von <strong>Druckminderern<\/strong> erm\u00f6glicht eine zentrale Steuerung des Systems, was besonders in den Sommermonaten n\u00fctzlich ist, wenn eine Erh\u00f6hung der Durchflussmenge erforderlich sein kann.<\/p>\n","protected":false},"excerpt":{"rendered":"<p>1\/2&#8243;-Gewindeanschluss f\u00fcr \u201eFressen und Saufen\u201c-Futterautomaten f\u00fcr Schweine, mit Messinggeh\u00e4use und Edelstahlknopf. Automatische Aktivierung durch die Kopfbewegung des Schweins f\u00fcr eine kontrollierte Futterbefeuchtung. Empfohlene Durchflussrate 0,6\u20131 l\/min. Auch als Edelstahlausf\u00fchrung erh\u00e4ltlich.  <\/p>\n<p><a href=\"https:\/\/fdasrl.it\/wp-content\/uploads\/2025\/01\/Installation-of-1-2-nipple-drinker-for-anti-waste-eatdrink-trays.pdf\" target=\"_blank\" rel=\"noopener\">\ud83d\udc49 <strong data-start=\"1158\" data-end=\"1174\">(HIER KLICKEN)<\/strong> f\u00fcr die vollst\u00e4ndige Installationstabelle<\/a><\/p>\n<p><a href=\"https:\/\/fdasrl.it\/wp-content\/uploads\/2025\/01\/grafico-fda-succhiotto-mangia-bevi-000005.webp\">\ud83d\udc49 <strong data-start=\"1158\" data-end=\"1174\">(HIER KLICKEN)<\/strong> f\u00fcr die Durchflusstabelle<\/a><\/p>\n<p><a href=\"https:\/\/fdasrl.it\/wp-content\/uploads\/2025\/01\/FDA000005_compressed.pdf\">\ud83d\udc49 <strong data-start=\"1158\" data-end=\"1174\">(HIER KLICKEN)<\/strong> f\u00fcr die technische Zeichnung<\/a><\/p>\n","protected":false},"featured_media":1075,"comment_status":"open","ping_status":"closed","template":"","meta":{"_et_pb_use_builder":"","_et_pb_old_content":"","_et_gb_content_width":""},"product_brand":[],"product_cat":[1197,1198,643,762],"product_tag":[1326],"class_list":{"0":"post-5839","1":"product","2":"type-product","3":"status-publish","4":"has-post-thumbnail","6":"product_cat-messing-edelstahl","7":"product_cat-nippeltranken","8":"product_cat-schweine","9":"product_cat-tranken-3","10":"product_tag-fda-000005","12":"first","13":"instock","14":"shipping-taxable","15":"product-type-simple"},"yoast_head":"<!-- This site is optimized with the Yoast SEO Premium plugin v27.5 (Yoast SEO v27.5) - https:\/\/yoast.com\/product\/yoast-seo-premium-wordpress\/ -->\n<title>Nippeltr\u00e4nke f\u00fcr Futter-Tr\u00e4nke-Becken FDA-000005<\/title>\n<meta name=\"description\" content=\"Entdecken Sie die Nippeltr\u00e4nke f\u00fcr Futter-Tr\u00e4nke-Becken FDA-000005, ideal f\u00fcr Schweine. Garantiert Langlebigkeit und Zuverl\u00e4ssigkeit!\" \/>\n<meta name=\"robots\" content=\"index, follow, max-snippet:-1, max-image-preview:large, max-video-preview:-1\" \/>\n<link rel=\"canonical\" href=\"https:\/\/fdasrl.it\/de\/prodotto\/art-fda-000005-1-2-nippeltraenke-fuer-anti-verschwendungs-futter-traenke-becken\/\" \/>\n<meta property=\"og:locale\" content=\"de_DE\" \/>\n<meta property=\"og:type\" content=\"article\" \/>\n<meta property=\"og:title\" content=\"Art. FDA-000005 - 1\/2&quot;-Nippeltr\u00e4nke f\u00fcr Anti-Verschwendungs-Futter-Tr\u00e4nke-Becken\" \/>\n<meta property=\"og:description\" content=\"Entdecken Sie die Nippeltr\u00e4nke f\u00fcr Futter-Tr\u00e4nke-Becken FDA-000005, ideal f\u00fcr Schweine. Garantiert Langlebigkeit und Zuverl\u00e4ssigkeit!\" \/>\n<meta property=\"og:url\" content=\"https:\/\/fdasrl.it\/de\/prodotto\/art-fda-000005-1-2-nippeltraenke-fuer-anti-verschwendungs-futter-traenke-becken\/\" \/>\n<meta property=\"og:site_name\" content=\"FDA srl\" \/>\n<meta property=\"article:publisher\" content=\"https:\/\/www.facebook.com\/share\/1MWhFWg1Tp\/?mibextid=LQQJ4d\" \/>\n<meta property=\"og:image\" content=\"https:\/\/fdasrl.it\/wp-content\/uploads\/2025\/01\/abbeveratoio-succhiotto-1-2-vaschetta-antispreco-mangia-bevi.webp\" \/>\n\t<meta property=\"og:image:width\" content=\"1200\" \/>\n\t<meta property=\"og:image:height\" content=\"1200\" \/>\n\t<meta property=\"og:image:type\" content=\"image\/webp\" \/>\n<meta name=\"twitter:card\" content=\"summary_large_image\" \/>\n<meta name=\"twitter:label1\" content=\"Preis\" \/>\n\t<meta name=\"twitter:data1\" content=\"\" \/>\n\t<meta name=\"twitter:label2\" content=\"Verf\u00fcgbarkeit\" \/>\n\t<meta name=\"twitter:data2\" content=\"Auf Lager\" \/>\n<meta property=\"product:price:currency\" content=\"EUR\" \/>\n<meta property=\"og:availability\" content=\"instock\" \/>\n<meta property=\"product:availability\" content=\"instock\" \/>\n<meta property=\"product:retailer_item_id\" content=\"FDA-000005\" \/>\n<meta property=\"product:condition\" content=\"new\" \/>\n<!-- \/ Yoast SEO Premium plugin. -->","yoast_head_json":{"title":"Nippeltr\u00e4nke f\u00fcr Futter-Tr\u00e4nke-Becken FDA-000005","description":"Entdecken Sie die Nippeltr\u00e4nke f\u00fcr Futter-Tr\u00e4nke-Becken FDA-000005, ideal f\u00fcr Schweine. Garantiert Langlebigkeit und Zuverl\u00e4ssigkeit!","robots":{"index":"index","follow":"follow","max-snippet":"max-snippet:-1","max-image-preview":"max-image-preview:large","max-video-preview":"max-video-preview:-1"},"canonical":"https:\/\/fdasrl.it\/de\/prodotto\/art-fda-000005-1-2-nippeltraenke-fuer-anti-verschwendungs-futter-traenke-becken\/","og_locale":"de_DE","og_type":"article","og_title":"Art. FDA-000005 - 1\/2\"-Nippeltr\u00e4nke f\u00fcr Anti-Verschwendungs-Futter-Tr\u00e4nke-Becken","og_description":"Entdecken Sie die Nippeltr\u00e4nke f\u00fcr Futter-Tr\u00e4nke-Becken FDA-000005, ideal f\u00fcr Schweine. Garantiert Langlebigkeit und Zuverl\u00e4ssigkeit!","og_url":"https:\/\/fdasrl.it\/de\/prodotto\/art-fda-000005-1-2-nippeltraenke-fuer-anti-verschwendungs-futter-traenke-becken\/","og_site_name":"FDA srl","article_publisher":"https:\/\/www.facebook.com\/share\/1MWhFWg1Tp\/?mibextid=LQQJ4d","og_image":[{"width":1200,"height":1200,"url":"https:\/\/fdasrl.it\/wp-content\/uploads\/2025\/01\/abbeveratoio-succhiotto-1-2-vaschetta-antispreco-mangia-bevi.webp","type":"image\/webp"}],"twitter_card":"summary_large_image","twitter_misc":{"Preis":"","Verf\u00fcgbarkeit":"Auf Lager"},"schema":{"@context":"https:\/\/schema.org","@graph":[{"@type":"WebPage","@id":"https:\/\/fdasrl.it\/de\/prodotto\/art-fda-000005-1-2-nippeltraenke-fuer-anti-verschwendungs-futter-traenke-becken\/","url":"https:\/\/fdasrl.it\/de\/prodotto\/art-fda-000005-1-2-nippeltraenke-fuer-anti-verschwendungs-futter-traenke-becken\/","name":"Nippeltr\u00e4nke f\u00fcr Futter-Tr\u00e4nke-Becken FDA-000005","isPartOf":{"@id":"https:\/\/fdasrl.it\/de\/#website"},"primaryImageOfPage":{"@id":"https:\/\/fdasrl.it\/de\/prodotto\/art-fda-000005-1-2-nippeltraenke-fuer-anti-verschwendungs-futter-traenke-becken\/#primaryimage"},"image":{"@id":"https:\/\/fdasrl.it\/de\/prodotto\/art-fda-000005-1-2-nippeltraenke-fuer-anti-verschwendungs-futter-traenke-becken\/#primaryimage"},"thumbnailUrl":"https:\/\/fdasrl.it\/wp-content\/uploads\/2025\/01\/abbeveratoio-succhiotto-1-2-vaschetta-antispreco-mangia-bevi.webp","datePublished":"2025-01-15T10:44:37+00:00","description":"Entdecken Sie die Nippeltr\u00e4nke f\u00fcr Futter-Tr\u00e4nke-Becken FDA-000005, ideal f\u00fcr Schweine. Garantiert Langlebigkeit und Zuverl\u00e4ssigkeit!","breadcrumb":{"@id":"https:\/\/fdasrl.it\/de\/prodotto\/art-fda-000005-1-2-nippeltraenke-fuer-anti-verschwendungs-futter-traenke-becken\/#breadcrumb"},"inLanguage":"de","potentialAction":[{"@type":"ReadAction","target":["https:\/\/fdasrl.it\/de\/prodotto\/art-fda-000005-1-2-nippeltraenke-fuer-anti-verschwendungs-futter-traenke-becken\/"]}]},{"@type":"ImageObject","inLanguage":"de","@id":"https:\/\/fdasrl.it\/de\/prodotto\/art-fda-000005-1-2-nippeltraenke-fuer-anti-verschwendungs-futter-traenke-becken\/#primaryimage","url":"https:\/\/fdasrl.it\/wp-content\/uploads\/2025\/01\/abbeveratoio-succhiotto-1-2-vaschetta-antispreco-mangia-bevi.webp","contentUrl":"https:\/\/fdasrl.it\/wp-content\/uploads\/2025\/01\/abbeveratoio-succhiotto-1-2-vaschetta-antispreco-mangia-bevi.webp","width":1200,"height":1200,"caption":"1\/2\"-Nippeltr\u00e4nke f\u00fcr Anti-Verschwendungs-Futter-Tr\u00e4nke-Becken"},{"@type":"BreadcrumbList","@id":"https:\/\/fdasrl.it\/de\/prodotto\/art-fda-000005-1-2-nippeltraenke-fuer-anti-verschwendungs-futter-traenke-becken\/#breadcrumb","itemListElement":[{"@type":"ListItem","position":1,"name":"Home","item":"https:\/\/fdasrl.it\/de\/startseite\/"},{"@type":"ListItem","position":2,"name":"Shop","item":"https:\/\/fdasrl.it\/de\/shop\/"},{"@type":"ListItem","position":3,"name":"Art. FDA-000005 &#8211; 1\/2&#8243;-Nippeltr\u00e4nke f\u00fcr Anti-Verschwendungs-Futter-Tr\u00e4nke-Becken"}]},{"@type":"WebSite","@id":"https:\/\/fdasrl.it\/de\/#website","url":"https:\/\/fdasrl.it\/de\/","name":"FDA srl","description":"Equipment for animal husbandry","publisher":{"@id":"https:\/\/fdasrl.it\/de\/#organization"},"potentialAction":[{"@type":"SearchAction","target":{"@type":"EntryPoint","urlTemplate":"https:\/\/fdasrl.it\/de\/?s={search_term_string}"},"query-input":{"@type":"PropertyValueSpecification","valueRequired":true,"valueName":"search_term_string"}}],"inLanguage":"de"},{"@type":"Organization","@id":"https:\/\/fdasrl.it\/de\/#organization","name":"FDA srl","url":"https:\/\/fdasrl.it\/de\/","logo":{"@type":"ImageObject","inLanguage":"de","@id":"https:\/\/fdasrl.it\/de\/#\/schema\/logo\/image\/","url":"https:\/\/fdasrl.it\/wp-content\/uploads\/2024\/12\/Logo-FDA.png","contentUrl":"https:\/\/fdasrl.it\/wp-content\/uploads\/2024\/12\/Logo-FDA.png","width":316,"height":119,"caption":"FDA srl"},"image":{"@id":"https:\/\/fdasrl.it\/de\/#\/schema\/logo\/image\/"},"sameAs":["https:\/\/www.facebook.com\/share\/1MWhFWg1Tp\/?mibextid=LQQJ4d","https:\/\/www.instagram.com\/fda_srl\/profilecard\/?igsh=YW5lbzJ6MWg0d21u","https:\/\/www.youtube.com\/@FDASRL_ANIMALCARE"],"description":"FDA SRL \u2013 Equipment for animal husbandry nasce con l\u2019obiettivo di offrire soluzioni affidabili e innovative per l\u2019allevamento moderno. Con anni di esperienza nel settore zootecnico, progettiamo e realizziamo attrezzature destinate al benessere animale e alla gestione efficiente delle stalle: vasche, abbeveratoi, mangiatoie e sistemi di riscaldamento pensati per durare nel tempo e semplificare il lavoro quotidiano degli allevatori. Dalla progettazione alla produzione, ogni nostro prodotto \u00e8 studiato nei minimi dettagli, testato con cura e costruito per rispondere alle esigenze reali del settore. La nostra forza \u00e8 unire artigianalit\u00e0, tecnologia e competenza tecnica per trasformare ogni progetto in una soluzione concreta e funzionale. Oggi FDA SRL \u00e8 un punto di riferimento per privati e rivenditori che cercano qualit\u00e0, affidabilit\u00e0 e innovazione nelle attrezzature per l\u2019allevamento.","email":"info@fdasrl.it","telephone":"+390522826820","legalName":"F.D.A. SRL","foundingDate":"2024-10-13","vatID":"03075840359","taxID":"03075840359","numberOfEmployees":{"@type":"QuantitativeValue","minValue":"1","maxValue":"10"}}]},"product_price_currency":"EUR","og_availability":"instock","product_availability":"instock","product_retailer_item_id":"FDA-000005","product_condition":"new"},"_links":{"self":[{"href":"https:\/\/fdasrl.it\/de\/wp-json\/wp\/v2\/product\/5839","targetHints":{"allow":["GET"]}}],"collection":[{"href":"https:\/\/fdasrl.it\/de\/wp-json\/wp\/v2\/product"}],"about":[{"href":"https:\/\/fdasrl.it\/de\/wp-json\/wp\/v2\/types\/product"}],"replies":[{"embeddable":true,"href":"https:\/\/fdasrl.it\/de\/wp-json\/wp\/v2\/comments?post=5839"}],"wp:featuredmedia":[{"embeddable":true,"href":"https:\/\/fdasrl.it\/de\/wp-json\/wp\/v2\/media\/1075"}],"wp:attachment":[{"href":"https:\/\/fdasrl.it\/de\/wp-json\/wp\/v2\/media?parent=5839"}],"wp:term":[{"taxonomy":"product_brand","embeddable":true,"href":"https:\/\/fdasrl.it\/de\/wp-json\/wp\/v2\/product_brand?post=5839"},{"taxonomy":"product_cat","embeddable":true,"href":"https:\/\/fdasrl.it\/de\/wp-json\/wp\/v2\/product_cat?post=5839"},{"taxonomy":"product_tag","embeddable":true,"href":"https:\/\/fdasrl.it\/de\/wp-json\/wp\/v2\/product_tag?post=5839"}],"curies":[{"name":"wp","href":"https:\/\/api.w.org\/{rel}","templated":true}]}}