{"id":1649,"date":"2026-03-03T17:31:13","date_gmt":"2026-03-03T16:31:13","guid":{"rendered":"https:\/\/fdasrl.it\/prodotto\/fa1775-portable-milking-machine-with-oil-bath-pump-for-dairy-cattle\/"},"modified":"2026-03-03T17:31:13","modified_gmt":"2026-03-03T16:31:13","slug":"fa1775-portable-milking-machine-with-oil-bath-pump-for-dairy-cattle","status":"publish","type":"product","link":"https:\/\/fdasrl.it\/en\/prodotto\/fa1775-portable-milking-machine-with-oil-bath-pump-for-dairy-cattle\/","title":{"rendered":"FA1775 portable milking machine with oil-bath pump for dairy cattle"},"content":{"rendered":"<div>\n<h1 data-start=\"265\" data-end=\"340\">FA1775 portable milking machine with oil-bath pump for dairy cattle<\/h1>\n<p data-start=\"342\" data-end=\"504\">The <strong data-start=\"345\" data-end=\"402\">FA1775 portable milking machine with oil-bath pump<\/strong> is designed to ensure <strong data-start=\"444\" data-end=\"503\">efficient, reliable, and hygienic milking of dairy cows<\/strong>.<\/p>\n<p data-start=\"506\" data-end=\"708\">Thanks to its <strong data-start=\"518\" data-end=\"550\">mobile trolley structure<\/strong>, it is the ideal solution for livestock farms requiring a <strong data-start=\"641\" data-end=\"707\">practical, robust, and easy-to-use milking system directly in the barn<\/strong>.<\/p>\n<p data-start=\"710\" data-end=\"840\">The milking machine allows for simple milking while maintaining <strong data-start=\"788\" data-end=\"839\">consistent performance and maximum milk hygiene<\/strong>.<\/p>\n<hr data-start=\"842\" data-end=\"845\">\n<h2 data-start=\"847\" data-end=\"906\">Oil-bath vacuum pump: stability and durability<\/h2>\n<p data-start=\"908\" data-end=\"1050\">The FA1775 milking machine features a <strong data-start=\"941\" data-end=\"988\">250 L\/min oil-bath vacuum pump<\/strong>, designed for high performance and long life.<\/p>\n<p data-start=\"1052\" data-end=\"1072\">Key benefits:<\/p>\n<ul data-start=\"1074\" data-end=\"1215\">\n<li data-start=\"1074\" data-end=\"1110\">\n<p data-start=\"1076\" data-end=\"1110\">stable and continuous operation<\/p>\n<\/li>\n<li data-start=\"1111\" data-end=\"1152\">\n<p data-start=\"1113\" data-end=\"1152\">reduced wear on mechanical components<\/p>\n<\/li>\n<li data-start=\"1153\" data-end=\"1188\">\n<p data-start=\"1155\" data-end=\"1188\">increased operational reliability<\/p>\n<\/li>\n<li data-start=\"1189\" data-end=\"1215\">\n<p data-start=\"1191\" data-end=\"1215\">long-lasting durability<\/p>\n<\/li>\n<\/ul>\n<p data-start=\"1217\" data-end=\"1283\">The system is powered by a <strong data-start=\"1244\" data-end=\"1282\">0.55 kW \u2013 220V electric motor<\/strong>.<\/p>\n<p data-start=\"1285\" data-end=\"1414\">The structure with <strong data-start=\"1302\" data-end=\"1324\">separate tanks<\/strong> improves durability and ensures greater work continuity during milking.<\/p>\n<p data-start=\"1416\" data-end=\"1447\">The vacuum system includes:<\/p>\n<ul data-start=\"1449\" data-end=\"1614\">\n<li data-start=\"1449\" data-end=\"1486\">\n<p data-start=\"1451\" data-end=\"1486\"><strong data-start=\"1474\" data-end=\"1486\">18-liter<\/strong> vacuum tank<\/p>\n<\/li>\n<li data-start=\"1487\" data-end=\"1533\">\n<p data-start=\"1489\" data-end=\"1533\"><strong data-start=\"1489\" data-end=\"1533\">vacuum regulator valve<\/strong><\/p>\n<\/li>\n<li data-start=\"1534\" data-end=\"1614\">\n<p data-start=\"1536\" data-end=\"1614\"><strong data-start=\"1536\" data-end=\"1560\">integrated vacuum gauge<\/strong> for pressure monitoring during milking<\/p>\n<\/li>\n<\/ul>\n<hr data-start=\"1616\" data-end=\"1619\">\n<h2 data-start=\"1621\" data-end=\"1660\">Milking cluster for dairy cows<\/h2>\n<p data-start=\"1662\" data-end=\"1742\">The machine is equipped with a <strong data-start=\"1688\" data-end=\"1728\">complete cattle milking cluster<\/strong>, consisting of:<\/p>\n<ul data-start=\"1744\" data-end=\"1918\">\n<li data-start=\"1744\" data-end=\"1770\">\n<p data-start=\"1746\" data-end=\"1770\"><strong data-start=\"1746\" data-end=\"1770\">250 cc claw<\/strong><\/p>\n<\/li>\n<li data-start=\"1771\" data-end=\"1811\">\n<p data-start=\"1773\" data-end=\"1811\"><strong data-start=\"1773\" data-end=\"1811\">155 mm stainless steel shells<\/strong><\/p>\n<\/li>\n<li data-start=\"1812\" data-end=\"1833\">\n<p data-start=\"1814\" data-end=\"1833\"><strong data-start=\"1822\" data-end=\"1833\">16.5 mm<\/strong> hole<\/p>\n<\/li>\n<li data-start=\"1834\" data-end=\"1881\">\n<p data-start=\"1836\" data-end=\"1881\"><strong data-start=\"1836\" data-end=\"1881\">DeLaval-compatible milking liners<\/strong><\/p>\n<\/li>\n<li data-start=\"1882\" data-end=\"1918\">\n<p data-start=\"1884\" data-end=\"1918\"><strong data-start=\"1884\" data-end=\"1918\">60 bpm pneumatic pulsator*<\/strong><\/p>\n<\/li>\n<\/ul>\n<p data-start=\"1920\" data-end=\"2026\">This system ensures <strong data-start=\"1960\" data-end=\"1986\">gentle and efficient<\/strong> milking, respecting animal welfare.<\/p>\n<hr data-start=\"2028\" data-end=\"2031\">\n<h2 data-start=\"1743\" data-end=\"1766\">* Available options<\/h2>\n<ul data-start=\"1768\" data-end=\"1923\">\n<li data-start=\"1768\" data-end=\"1833\">\n<p data-start=\"1770\" data-end=\"1833\"><strong data-start=\"1770\" data-end=\"1833\">Electronic pulsator with 24VDC internal board + control unit<\/strong><\/p>\n<\/li>\n<\/ul>\n<p>&nbsp;<\/p>\n<h2 data-start=\"2033\" data-end=\"2062\">Milking machine equipment<\/h2>\n<p data-start=\"2064\" data-end=\"2110\">The FA1775 portable milking machine is supplied with:<\/p>\n<ul data-start=\"2112\" data-end=\"2232\">\n<li data-start=\"2112\" data-end=\"2159\">\n<p data-start=\"2114\" data-end=\"2159\"><strong data-start=\"2114\" data-end=\"2159\">30-liter stainless steel milk bucket<\/strong><\/p>\n<\/li>\n<li data-start=\"2160\" data-end=\"2193\">\n<p data-start=\"2162\" data-end=\"2193\"><strong data-start=\"2162\" data-end=\"2193\">1\/2&#8243; vacuum tap<\/strong><\/p>\n<\/li>\n<li data-start=\"2194\" data-end=\"2232\">\n<p data-start=\"2196\" data-end=\"2232\"><strong data-start=\"2196\" data-end=\"2232\">2.5-meter milking hoses<\/strong><\/p>\n<\/li>\n<\/ul>\n<p data-start=\"2234\" data-end=\"2341\">All parts in contact with milk are made of <strong data-start=\"2292\" data-end=\"2308\">stainless steel<\/strong>, the ideal material to ensure:<\/p>\n<ul data-start=\"2343\" data-end=\"2413\">\n<li data-start=\"2343\" data-end=\"2359\">\n<p data-start=\"2345\" data-end=\"2359\">high hygiene<\/p>\n<\/li>\n<li data-start=\"2360\" data-end=\"2388\">\n<p data-start=\"2362\" data-end=\"2388\">corrosion resistance<\/p>\n<\/li>\n<li data-start=\"2389\" data-end=\"2413\">\n<p data-start=\"2391\" data-end=\"2413\">long-lasting durability<\/p>\n<\/li>\n<\/ul>\n<hr data-start=\"2415\" data-end=\"2418\">\n<h2 data-start=\"2420\" data-end=\"2458\">Simplified cleaning and maintenance<\/h2>\n<p data-start=\"2460\" data-end=\"2535\">To facilitate daily maintenance, the milking machine is supplied with:<\/p>\n<ul data-start=\"2537\" data-end=\"2609\">\n<li data-start=\"2537\" data-end=\"2572\">\n<p data-start=\"2539\" data-end=\"2572\"><strong data-start=\"2539\" data-end=\"2572\">cleaning brush set<\/strong><\/p>\n<\/li>\n<li data-start=\"2573\" data-end=\"2609\">\n<p data-start=\"2575\" data-end=\"2609\"><strong data-start=\"2575\" data-end=\"2609\">1-liter alkaline detergent<\/strong><\/p>\n<\/li>\n<\/ul>\n<p data-start=\"2611\" data-end=\"2714\">This allows for <strong data-start=\"2631\" data-end=\"2668\">rapid cleaning of the milk circuit<\/strong>, always maintaining high hygiene standards.<\/p>\n<hr data-start=\"2716\" data-end=\"2719\">\n<h2 data-start=\"2721\" data-end=\"2750\">Key features<\/h2>\n<ul data-start=\"2752\" data-end=\"2983\">\n<li data-start=\"2752\" data-end=\"2787\">\n<p data-start=\"2754\" data-end=\"2787\"><strong data-start=\"2765\" data-end=\"2787\">portable trolley-mounted<\/strong> milking machine<\/p>\n<\/li>\n<li data-start=\"2788\" data-end=\"2824\">\n<p data-start=\"2790\" data-end=\"2824\"><strong data-start=\"2790\" data-end=\"2824\">oil-bath vacuum pump<\/strong><\/p>\n<\/li>\n<li data-start=\"2825\" data-end=\"2854\">\n<p data-start=\"2827\" data-end=\"2854\"><strong data-start=\"2827\" data-end=\"2854\">250 L\/min pump flow rate<\/strong><\/p>\n<\/li>\n<li data-start=\"2855\" data-end=\"2892\">\n<p data-start=\"2857\" data-end=\"2892\"><strong data-start=\"2857\" data-end=\"2892\">0.55 kW \u2013 220V electric motor<\/strong><\/p>\n<\/li>\n<li data-start=\"2893\" data-end=\"2925\">\n<p data-start=\"2895\" data-end=\"2925\"><strong data-start=\"2895\" data-end=\"2925\">30 L stainless steel milk bucket<\/strong><\/p>\n<\/li>\n<li data-start=\"2926\" data-end=\"2959\">\n<p data-start=\"2928\" data-end=\"2959\"><strong data-start=\"2928\" data-end=\"2959\">60 bpm pneumatic pulsator<\/strong><\/p>\n<\/li>\n<li data-start=\"2960\" data-end=\"2983\">\n<p data-start=\"2962\" data-end=\"2983\"><strong data-start=\"2962\" data-end=\"2983\">CE certification<\/strong><\/p>\n<\/li>\n<\/ul>\n<hr data-start=\"2985\" data-end=\"2988\">\n<p data-start=\"2990\" data-end=\"3172\">\u2705 <strong data-start=\"2992\" data-end=\"3172\">The FA1775 portable milking machine with oil-bath pump is the ideal choice for breeders looking for a mobile, robust, and reliable milking system for dairy cattle.<\/strong><\/p>\n<p data-start=\"2990\" data-end=\"3172\">Retailers and distributors: request information <a href=\"https:\/\/fdasrl.it\/en\/contact-us\/\">(CLICK HERE)<\/a><\/p>\n<\/div>\n<div>Buy it on our <a href=\"https:\/\/fda-shop.it\/shop\/mungitura\/mungitrici-carrellate\/mungitrice-bovini\/mungitrice-carrellate-fa1775-per-bovini-a-un-gruppo-di-mungitura-con-motore-a-olio\" target=\"_blank\" rel=\"noopener\">online shop<\/a><\/div>\n","protected":false},"excerpt":{"rendered":"<p>FA1775 portable milking machine with 250 L\/min oil-bath vacuum pump, designed for efficient milking of dairy cattle. Mobile trolley structure, 30 L stainless steel milk bucket, and complete milking cluster with pneumatic pulsator. Robust, reliable, and CE-certified system, ideal for direct use in the barn.  <\/p>\n","protected":false},"featured_media":1116,"comment_status":"open","ping_status":"closed","template":"","meta":{"_et_pb_use_builder":"","_et_pb_old_content":"","_et_gb_content_width":""},"product_brand":[],"product_cat":[389,390],"product_tag":[391],"class_list":{"0":"post-1649","1":"product","2":"type-product","3":"status-publish","4":"has-post-thumbnail","6":"product_cat-cattle","7":"product_cat-portable-milking-machines","8":"product_tag-fa1775","10":"first","11":"instock","12":"shipping-taxable","13":"product-type-simple"},"yoast_head":"<!-- This site is optimized with the Yoast SEO Premium plugin v27.5 (Yoast SEO v27.5) - https:\/\/yoast.com\/product\/yoast-seo-premium-wordpress\/ -->\n<title>Easy-to-use portable cattle milking machine with oil-bath pump<\/title>\n<meta name=\"description\" content=\"Get the most out of your single-cluster portable cow milking machine! Exceptional performance and low maintenance\u2014don&#039;t miss out! \ud83c\udf3e\" \/>\n<meta name=\"robots\" content=\"index, follow, max-snippet:-1, max-image-preview:large, max-video-preview:-1\" \/>\n<link rel=\"canonical\" href=\"https:\/\/fdasrl.it\/en\/prodotto\/fa1775-portable-milking-machine-with-oil-bath-pump-for-dairy-cattle\/\" \/>\n<meta property=\"og:locale\" content=\"en_US\" \/>\n<meta property=\"og:type\" content=\"article\" \/>\n<meta property=\"og:title\" content=\"FA1775 portable milking machine with oil-bath pump for dairy cattle\" \/>\n<meta property=\"og:description\" content=\"Get the most out of your single-cluster portable cow milking machine! Exceptional performance and low maintenance\u2014don&#039;t miss out! \ud83c\udf3e\" \/>\n<meta property=\"og:url\" content=\"https:\/\/fdasrl.it\/en\/prodotto\/fa1775-portable-milking-machine-with-oil-bath-pump-for-dairy-cattle\/\" \/>\n<meta property=\"og:site_name\" content=\"FDA srl\" \/>\n<meta property=\"article:publisher\" content=\"https:\/\/www.facebook.com\/share\/1MWhFWg1Tp\/?mibextid=LQQJ4d\" \/>\n<meta property=\"og:image\" content=\"https:\/\/fdasrl.it\/wp-content\/uploads\/2026\/03\/mungitrice-olio-fda-bovini-1-gruppo-3-4.jpg\" \/>\n\t<meta property=\"og:image:width\" content=\"922\" \/>\n\t<meta property=\"og:image:height\" content=\"800\" \/>\n\t<meta property=\"og:image:type\" content=\"image\/jpeg\" \/>\n<meta name=\"twitter:card\" content=\"summary_large_image\" \/>\n<meta name=\"twitter:label1\" content=\"Price\" \/>\n\t<meta name=\"twitter:data1\" content=\"\" \/>\n\t<meta name=\"twitter:label2\" content=\"Availability\" \/>\n\t<meta name=\"twitter:data2\" content=\"In stock\" \/>\n<meta property=\"product:price:currency\" content=\"EUR\" \/>\n<meta property=\"og:availability\" content=\"instock\" \/>\n<meta property=\"product:availability\" content=\"instock\" \/>\n<meta property=\"product:retailer_item_id\" content=\"FA1775\" \/>\n<meta property=\"product:condition\" content=\"new\" \/>\n<!-- \/ Yoast SEO Premium plugin. -->","yoast_head_json":{"title":"Easy-to-use portable cattle milking machine with oil-bath pump","description":"Get the most out of your single-cluster portable cow milking machine! Exceptional performance and low maintenance\u2014don't miss out! \ud83c\udf3e","robots":{"index":"index","follow":"follow","max-snippet":"max-snippet:-1","max-image-preview":"max-image-preview:large","max-video-preview":"max-video-preview:-1"},"canonical":"https:\/\/fdasrl.it\/en\/prodotto\/fa1775-portable-milking-machine-with-oil-bath-pump-for-dairy-cattle\/","og_locale":"en_US","og_type":"article","og_title":"FA1775 portable milking machine with oil-bath pump for dairy cattle","og_description":"Get the most out of your single-cluster portable cow milking machine! Exceptional performance and low maintenance\u2014don't miss out! \ud83c\udf3e","og_url":"https:\/\/fdasrl.it\/en\/prodotto\/fa1775-portable-milking-machine-with-oil-bath-pump-for-dairy-cattle\/","og_site_name":"FDA srl","article_publisher":"https:\/\/www.facebook.com\/share\/1MWhFWg1Tp\/?mibextid=LQQJ4d","og_image":[{"width":922,"height":800,"url":"https:\/\/fdasrl.it\/wp-content\/uploads\/2026\/03\/mungitrice-olio-fda-bovini-1-gruppo-3-4.jpg","type":"image\/jpeg"}],"twitter_card":"summary_large_image","twitter_misc":{"Price":"","Availability":"In stock"},"schema":{"@context":"https:\/\/schema.org","@graph":[{"@type":"WebPage","@id":"https:\/\/fdasrl.it\/en\/prodotto\/fa1775-portable-milking-machine-with-oil-bath-pump-for-dairy-cattle\/","url":"https:\/\/fdasrl.it\/en\/prodotto\/fa1775-portable-milking-machine-with-oil-bath-pump-for-dairy-cattle\/","name":"Easy-to-use portable cattle milking machine with oil-bath pump","isPartOf":{"@id":"https:\/\/fdasrl.it\/en\/#website"},"primaryImageOfPage":{"@id":"https:\/\/fdasrl.it\/en\/prodotto\/fa1775-portable-milking-machine-with-oil-bath-pump-for-dairy-cattle\/#primaryimage"},"image":{"@id":"https:\/\/fdasrl.it\/en\/prodotto\/fa1775-portable-milking-machine-with-oil-bath-pump-for-dairy-cattle\/#primaryimage"},"thumbnailUrl":"https:\/\/fdasrl.it\/wp-content\/uploads\/2026\/03\/mungitrice-olio-fda-bovini-1-gruppo-3-4.jpg","datePublished":"2026-03-03T16:31:13+00:00","description":"Get the most out of your single-cluster portable cow milking machine! Exceptional performance and low maintenance\u2014don't miss out! \ud83c\udf3e","breadcrumb":{"@id":"https:\/\/fdasrl.it\/en\/prodotto\/fa1775-portable-milking-machine-with-oil-bath-pump-for-dairy-cattle\/#breadcrumb"},"inLanguage":"en-US","potentialAction":[{"@type":"ReadAction","target":["https:\/\/fdasrl.it\/en\/prodotto\/fa1775-portable-milking-machine-with-oil-bath-pump-for-dairy-cattle\/"]}]},{"@type":"ImageObject","inLanguage":"en-US","@id":"https:\/\/fdasrl.it\/en\/prodotto\/fa1775-portable-milking-machine-with-oil-bath-pump-for-dairy-cattle\/#primaryimage","url":"https:\/\/fdasrl.it\/wp-content\/uploads\/2026\/03\/mungitrice-olio-fda-bovini-1-gruppo-3-4.jpg","contentUrl":"https:\/\/fdasrl.it\/wp-content\/uploads\/2026\/03\/mungitrice-olio-fda-bovini-1-gruppo-3-4.jpg","width":922,"height":800,"caption":"FA1775 portable cattle milking machine with stainless steel bucket, oil-lubricated vacuum pump, and milking cluster."},{"@type":"BreadcrumbList","@id":"https:\/\/fdasrl.it\/en\/prodotto\/fa1775-portable-milking-machine-with-oil-bath-pump-for-dairy-cattle\/#breadcrumb","itemListElement":[{"@type":"ListItem","position":1,"name":"Home","item":"https:\/\/fdasrl.it\/en\/home\/"},{"@type":"ListItem","position":2,"name":"Shop","item":"https:\/\/fdasrl.it\/en\/shop\/"},{"@type":"ListItem","position":3,"name":"FA1775 portable milking machine with oil-bath pump for dairy cattle"}]},{"@type":"WebSite","@id":"https:\/\/fdasrl.it\/en\/#website","url":"https:\/\/fdasrl.it\/en\/","name":"FDA srl","description":"Equipment for animal husbandry","publisher":{"@id":"https:\/\/fdasrl.it\/en\/#organization"},"potentialAction":[{"@type":"SearchAction","target":{"@type":"EntryPoint","urlTemplate":"https:\/\/fdasrl.it\/en\/?s={search_term_string}"},"query-input":{"@type":"PropertyValueSpecification","valueRequired":true,"valueName":"search_term_string"}}],"inLanguage":"en-US"},{"@type":"Organization","@id":"https:\/\/fdasrl.it\/en\/#organization","name":"FDA srl","url":"https:\/\/fdasrl.it\/en\/","logo":{"@type":"ImageObject","inLanguage":"en-US","@id":"https:\/\/fdasrl.it\/en\/#\/schema\/logo\/image\/","url":"https:\/\/fdasrl.it\/wp-content\/uploads\/2024\/12\/Logo-FDA.png","contentUrl":"https:\/\/fdasrl.it\/wp-content\/uploads\/2024\/12\/Logo-FDA.png","width":316,"height":119,"caption":"FDA srl"},"image":{"@id":"https:\/\/fdasrl.it\/en\/#\/schema\/logo\/image\/"},"sameAs":["https:\/\/www.facebook.com\/share\/1MWhFWg1Tp\/?mibextid=LQQJ4d","https:\/\/www.instagram.com\/fda_srl\/profilecard\/?igsh=YW5lbzJ6MWg0d21u","https:\/\/www.youtube.com\/@FDASRL_ANIMALCARE"],"description":"FDA SRL \u2013 Equipment for animal husbandry nasce con l\u2019obiettivo di offrire soluzioni affidabili e innovative per l\u2019allevamento moderno. Con anni di esperienza nel settore zootecnico, progettiamo e realizziamo attrezzature destinate al benessere animale e alla gestione efficiente delle stalle: vasche, abbeveratoi, mangiatoie e sistemi di riscaldamento pensati per durare nel tempo e semplificare il lavoro quotidiano degli allevatori. Dalla progettazione alla produzione, ogni nostro prodotto \u00e8 studiato nei minimi dettagli, testato con cura e costruito per rispondere alle esigenze reali del settore. La nostra forza \u00e8 unire artigianalit\u00e0, tecnologia e competenza tecnica per trasformare ogni progetto in una soluzione concreta e funzionale. Oggi FDA SRL \u00e8 un punto di riferimento per privati e rivenditori che cercano qualit\u00e0, affidabilit\u00e0 e innovazione nelle attrezzature per l\u2019allevamento.","email":"info@fdasrl.it","telephone":"+390522826820","legalName":"F.D.A. SRL","foundingDate":"2024-10-13","vatID":"03075840359","taxID":"03075840359","numberOfEmployees":{"@type":"QuantitativeValue","minValue":"1","maxValue":"10"}}]},"product_price_currency":"EUR","og_availability":"instock","product_availability":"instock","product_retailer_item_id":"FA1775","product_condition":"new"},"_links":{"self":[{"href":"https:\/\/fdasrl.it\/en\/wp-json\/wp\/v2\/product\/1649","targetHints":{"allow":["GET"]}}],"collection":[{"href":"https:\/\/fdasrl.it\/en\/wp-json\/wp\/v2\/product"}],"about":[{"href":"https:\/\/fdasrl.it\/en\/wp-json\/wp\/v2\/types\/product"}],"replies":[{"embeddable":true,"href":"https:\/\/fdasrl.it\/en\/wp-json\/wp\/v2\/comments?post=1649"}],"wp:featuredmedia":[{"embeddable":true,"href":"https:\/\/fdasrl.it\/en\/wp-json\/wp\/v2\/media\/1116"}],"wp:attachment":[{"href":"https:\/\/fdasrl.it\/en\/wp-json\/wp\/v2\/media?parent=1649"}],"wp:term":[{"taxonomy":"product_brand","embeddable":true,"href":"https:\/\/fdasrl.it\/en\/wp-json\/wp\/v2\/product_brand?post=1649"},{"taxonomy":"product_cat","embeddable":true,"href":"https:\/\/fdasrl.it\/en\/wp-json\/wp\/v2\/product_cat?post=1649"},{"taxonomy":"product_tag","embeddable":true,"href":"https:\/\/fdasrl.it\/en\/wp-json\/wp\/v2\/product_tag?post=1649"}],"curies":[{"name":"wp","href":"https:\/\/api.w.org\/{rel}","templated":true}]}}