{"id":1884,"date":"2025-01-21T12:48:09","date_gmt":"2025-01-21T11:48:09","guid":{"rendered":"https:\/\/fdasrl.it\/prodotto\/milking-machine-for-goats-sheep-4-clusters-two-buckets\/"},"modified":"2025-01-21T12:48:09","modified_gmt":"2025-01-21T11:48:09","slug":"milking-machine-for-goats-sheep-4-clusters-two-buckets","status":"publish","type":"product","link":"https:\/\/fdasrl.it\/en\/prodotto\/milking-machine-for-goats-sheep-4-clusters-two-buckets\/","title":{"rendered":"MILKING MACHINE FOR GOATS\/SHEEP 4 CLUSTERS TWO BUCKETS"},"content":{"rendered":"<h3>FDA PROFESSIONAL MOBILE MILKING MACHINE FOR GOATS AND SHEEP WITH 4 CLUSTERS, DRY VACUUM PUMP, AND 2 STAINLESS STEEL 30 L BUCKETS.<\/h3>\n<p class=\"\" data-start=\"138\" data-end=\"515\">The <strong data-start=\"152\" data-end=\"166\">FDA M6700P<\/strong> milking machine for goats and sheep is equipped with <strong data-start=\"198\" data-end=\"220\">4 milking clusters<\/strong>, perfect for working on multiple animals simultaneously, <strong data-start=\"279\" data-end=\"316\">thus optimizing time and resources<\/strong>. Furthermore, it is mounted on a <strong data-start=\"344\" data-end=\"364\">mobile structure<\/strong> that allows it to be easily moved between different points of the farm, <strong data-start=\"438\" data-end=\"475\">making it particularly suitable<\/strong> for both stable and pasture use. <\/p>\n<p class=\"\" data-start=\"138\" data-end=\"515\">The entire system, in fact, works with <strong data-start=\"557\" data-end=\"588\">a dry vacuum pump<\/strong>, available in two configurations (280 or 400 l\/min), <strong data-start=\"647\" data-end=\"682\">to easily adapt<\/strong> to different production needs. <strong data-start=\"717\" data-end=\"732\">In addition<\/strong>, the 0.55 kW \u2013 220V single-phase electric motor guarantees <strong data-start=\"792\" data-end=\"813\">low consumption<\/strong> and <strong data-start=\"816\" data-end=\"848\">maximum operational efficiency<\/strong>.<\/p>\n<h5 data-start=\"138\" data-end=\"515\">MAIN TECHNICAL FEATURES:<\/h5>\n<div>\n<ul>\n<li class=\"\" data-start=\"901\" data-end=\"955\">\n<p class=\"\" data-start=\"903\" data-end=\"955\"><strong data-start=\"903\" data-end=\"930\">Dry vacuum pump<\/strong> (280 or 400 l\/min)<\/p>\n<\/li>\n<li class=\"\" data-start=\"956\" data-end=\"1010\">\n<p class=\"\" data-start=\"958\" data-end=\"1010\"><strong data-start=\"958\" data-end=\"979\">Milking tubes<\/strong> 2.5 m long for each cluster<\/p>\n<\/li>\n<li class=\"\" data-start=\"1011\" data-end=\"1048\">\n<p class=\"\" data-start=\"1013\" data-end=\"1048\"><strong data-start=\"1013\" data-end=\"1036\">Integrated vacuum tank<\/strong><\/p>\n<\/li>\n<li class=\"\" data-start=\"1049\" data-end=\"1104\">\n<p class=\"\" data-start=\"1051\" data-end=\"1104\"><strong data-start=\"1051\" data-end=\"1081\">Two stainless steel buckets<\/strong>, 30 l each<\/p>\n<\/li>\n<li class=\"\" data-start=\"1105\" data-end=\"1147\">\n<p class=\"\" data-start=\"1107\" data-end=\"1147\"><strong data-start=\"1107\" data-end=\"1126\">Single-phase motor<\/strong> 220 V \/ 0.55 kW<\/p>\n<\/li>\n<li class=\"\" data-start=\"1148\" data-end=\"1210\">\n<p class=\"\" data-start=\"1150\" data-end=\"1210\"><strong data-start=\"1150\" data-end=\"1171\">CE Certification<\/strong>, compliant with safety standards<\/p>\n<\/li>\n<li class=\"\" data-start=\"1211\" data-end=\"1276\">\n<p class=\"\" data-start=\"1213\" data-end=\"1276\"><strong data-start=\"1213\" data-end=\"1239\">Set of brushes included<\/strong>, for quick and thorough cleaning<\/p>\n<\/li>\n<\/ul>\n<div>\n<h3>Accessories:<\/h3>\n<div>&#8211; Sheep or goat milking cluster;<\/div>\n<div>&#8211; Semi-automatic valve for milking cluster;<\/div>\n<div>&#8211; Manifold for goats or sheep;<\/div>\n<div>&#8211; Pneumatic pulsator;<\/div>\n<div>&#8211; Graphite vanes;<\/div>\n<div>&#8211; Vacuum gauge;<\/div>\n<div>&#8211; 280 l\/min dry vacuum pump with electric motor<\/div>\n<div>or<\/div>\n<div>&#8211; 400 l\/min dry vacuum pump with electric motor;<\/div>\n<div>&#8211; 1\/2&#8243; vacuum tap;<\/div>\n<div>&#8211; Silicone liner for Sheep or Goat;<\/div>\n<div>&#8211; Shell;<\/div>\n<div>&#8211; Vacuum regulation valve.<\/div>\n<\/div>\n<\/div>\n<div><\/div>\n<div>Purchase the goat version on our <a href=\"https:\/\/fda-shop.it\/shop\/mungitura\/mungitrici-carrellate\/mungitrice-capra\/mungitrice-capre-due-bidoni-latte-e-gruppi-mungitura#\/261-tipo-motore_standard_280_litri\" target=\"_blank\" rel=\"noopener\">online shop<\/a><\/div>\n<div>Purchase the goat version on our <a href=\"https:\/\/fda-shop.it\/shop\/mungitura\/mungitrici-carrellate\/mungitrice-pecore\/mungitrice-pecore-due-bidoni-e-gruppi-mungitura#\/261-tipo-motore_standard_280_litri\" target=\"_blank\" rel=\"noopener\">online shop<\/a><\/div>\n","protected":false},"excerpt":{"rendered":"<p>Professional 4-cluster milking machine for goats or sheep, ideal for mobile farms or stables. Equipped with a dry vacuum pump (280 or 400 l\/min), 2 stainless steel 30 l buckets, and a 0.55 kW single-phase electric motor. Easy to move and perfect for efficient, fast, and hygienic milking.  <\/p>\n","protected":false},"featured_media":465,"comment_status":"open","ping_status":"closed","template":"","meta":{"_et_pb_use_builder":"","_et_pb_old_content":"","_et_gb_content_width":""},"product_brand":[],"product_cat":[390,406],"product_tag":[431],"class_list":{"0":"post-1884","1":"product","2":"type-product","3":"status-publish","4":"has-post-thumbnail","6":"product_cat-portable-milking-machines","7":"product_cat-sheep-and-goats","8":"product_tag-m6700p","10":"first","11":"instock","12":"shipping-taxable","13":"product-type-simple"},"yoast_head":"<!-- This site is optimized with the Yoast SEO Premium plugin v27.5 (Yoast SEO v27.5) - https:\/\/yoast.com\/product\/yoast-seo-premium-wordpress\/ -->\n<title>professional mobile milking machine for goats and sheep: powerful motor<\/title>\n<meta name=\"description\" content=\"Simplify milking with the professional mobile milking machine for goats and sheep. Includes everything you need for effective milking! \ud83d\udcaa\" \/>\n<meta name=\"robots\" content=\"index, follow, max-snippet:-1, max-image-preview:large, max-video-preview:-1\" \/>\n<link rel=\"canonical\" href=\"https:\/\/fdasrl.it\/en\/prodotto\/milking-machine-for-goats-sheep-4-clusters-two-buckets\/\" \/>\n<meta property=\"og:locale\" content=\"en_US\" \/>\n<meta property=\"og:type\" content=\"article\" \/>\n<meta property=\"og:title\" content=\"MILKING MACHINE FOR GOATS\/SHEEP 4 CLUSTERS TWO BUCKETS\" \/>\n<meta property=\"og:description\" content=\"Simplify milking with the professional mobile milking machine for goats and sheep. Includes everything you need for effective milking! \ud83d\udcaa\" \/>\n<meta property=\"og:url\" content=\"https:\/\/fdasrl.it\/en\/prodotto\/milking-machine-for-goats-sheep-4-clusters-two-buckets\/\" \/>\n<meta property=\"og:site_name\" content=\"FDA srl\" \/>\n<meta property=\"article:publisher\" content=\"https:\/\/www.facebook.com\/share\/1MWhFWg1Tp\/?mibextid=LQQJ4d\" \/>\n<meta property=\"og:image\" content=\"https:\/\/fdasrl.it\/wp-content\/uploads\/2025\/01\/M6700P_1.jpg\" \/>\n\t<meta property=\"og:image:width\" content=\"800\" \/>\n\t<meta property=\"og:image:height\" content=\"737\" \/>\n\t<meta property=\"og:image:type\" content=\"image\/jpeg\" \/>\n<meta name=\"twitter:card\" content=\"summary_large_image\" \/>\n<meta name=\"twitter:label1\" content=\"Price\" \/>\n\t<meta name=\"twitter:data1\" content=\"\" \/>\n\t<meta name=\"twitter:label2\" content=\"Availability\" \/>\n\t<meta name=\"twitter:data2\" content=\"In stock\" \/>\n<meta property=\"product:price:currency\" content=\"EUR\" \/>\n<meta property=\"og:availability\" content=\"instock\" \/>\n<meta property=\"product:availability\" content=\"instock\" \/>\n<meta property=\"product:retailer_item_id\" content=\"M6700P\" \/>\n<meta property=\"product:condition\" content=\"new\" \/>\n<!-- \/ Yoast SEO Premium plugin. -->","yoast_head_json":{"title":"professional mobile milking machine for goats and sheep: powerful motor","description":"Simplify milking with the professional mobile milking machine for goats and sheep. Includes everything you need for effective milking! \ud83d\udcaa","robots":{"index":"index","follow":"follow","max-snippet":"max-snippet:-1","max-image-preview":"max-image-preview:large","max-video-preview":"max-video-preview:-1"},"canonical":"https:\/\/fdasrl.it\/en\/prodotto\/milking-machine-for-goats-sheep-4-clusters-two-buckets\/","og_locale":"en_US","og_type":"article","og_title":"MILKING MACHINE FOR GOATS\/SHEEP 4 CLUSTERS TWO BUCKETS","og_description":"Simplify milking with the professional mobile milking machine for goats and sheep. Includes everything you need for effective milking! \ud83d\udcaa","og_url":"https:\/\/fdasrl.it\/en\/prodotto\/milking-machine-for-goats-sheep-4-clusters-two-buckets\/","og_site_name":"FDA srl","article_publisher":"https:\/\/www.facebook.com\/share\/1MWhFWg1Tp\/?mibextid=LQQJ4d","og_image":[{"width":800,"height":737,"url":"https:\/\/fdasrl.it\/wp-content\/uploads\/2025\/01\/M6700P_1.jpg","type":"image\/jpeg"}],"twitter_card":"summary_large_image","twitter_misc":{"Price":"","Availability":"In stock"},"schema":{"@context":"https:\/\/schema.org","@graph":[{"@type":"WebPage","@id":"https:\/\/fdasrl.it\/en\/prodotto\/milking-machine-for-goats-sheep-4-clusters-two-buckets\/","url":"https:\/\/fdasrl.it\/en\/prodotto\/milking-machine-for-goats-sheep-4-clusters-two-buckets\/","name":"professional mobile milking machine for goats and sheep: powerful motor","isPartOf":{"@id":"https:\/\/fdasrl.it\/en\/#website"},"primaryImageOfPage":{"@id":"https:\/\/fdasrl.it\/en\/prodotto\/milking-machine-for-goats-sheep-4-clusters-two-buckets\/#primaryimage"},"image":{"@id":"https:\/\/fdasrl.it\/en\/prodotto\/milking-machine-for-goats-sheep-4-clusters-two-buckets\/#primaryimage"},"thumbnailUrl":"https:\/\/fdasrl.it\/wp-content\/uploads\/2025\/01\/M6700P_1.jpg","datePublished":"2025-01-21T11:48:09+00:00","description":"Simplify milking with the professional mobile milking machine for goats and sheep. Includes everything you need for effective milking! \ud83d\udcaa","breadcrumb":{"@id":"https:\/\/fdasrl.it\/en\/prodotto\/milking-machine-for-goats-sheep-4-clusters-two-buckets\/#breadcrumb"},"inLanguage":"en-US","potentialAction":[{"@type":"ReadAction","target":["https:\/\/fdasrl.it\/en\/prodotto\/milking-machine-for-goats-sheep-4-clusters-two-buckets\/"]}]},{"@type":"ImageObject","inLanguage":"en-US","@id":"https:\/\/fdasrl.it\/en\/prodotto\/milking-machine-for-goats-sheep-4-clusters-two-buckets\/#primaryimage","url":"https:\/\/fdasrl.it\/wp-content\/uploads\/2025\/01\/M6700P_1.jpg","contentUrl":"https:\/\/fdasrl.it\/wp-content\/uploads\/2025\/01\/M6700P_1.jpg","width":800,"height":737,"caption":"FDA SRL 4-CLUSTER MILKING MACHINE FOR GOATS\/SHEEP"},{"@type":"BreadcrumbList","@id":"https:\/\/fdasrl.it\/en\/prodotto\/milking-machine-for-goats-sheep-4-clusters-two-buckets\/#breadcrumb","itemListElement":[{"@type":"ListItem","position":1,"name":"Home","item":"https:\/\/fdasrl.it\/en\/home\/"},{"@type":"ListItem","position":2,"name":"Shop","item":"https:\/\/fdasrl.it\/en\/shop\/"},{"@type":"ListItem","position":3,"name":"MILKING MACHINE FOR GOATS\/SHEEP 4 CLUSTERS TWO BUCKETS"}]},{"@type":"WebSite","@id":"https:\/\/fdasrl.it\/en\/#website","url":"https:\/\/fdasrl.it\/en\/","name":"FDA srl","description":"Equipment for animal husbandry","publisher":{"@id":"https:\/\/fdasrl.it\/en\/#organization"},"potentialAction":[{"@type":"SearchAction","target":{"@type":"EntryPoint","urlTemplate":"https:\/\/fdasrl.it\/en\/?s={search_term_string}"},"query-input":{"@type":"PropertyValueSpecification","valueRequired":true,"valueName":"search_term_string"}}],"inLanguage":"en-US"},{"@type":"Organization","@id":"https:\/\/fdasrl.it\/en\/#organization","name":"FDA srl","url":"https:\/\/fdasrl.it\/en\/","logo":{"@type":"ImageObject","inLanguage":"en-US","@id":"https:\/\/fdasrl.it\/en\/#\/schema\/logo\/image\/","url":"https:\/\/fdasrl.it\/wp-content\/uploads\/2024\/12\/Logo-FDA.png","contentUrl":"https:\/\/fdasrl.it\/wp-content\/uploads\/2024\/12\/Logo-FDA.png","width":316,"height":119,"caption":"FDA srl"},"image":{"@id":"https:\/\/fdasrl.it\/en\/#\/schema\/logo\/image\/"},"sameAs":["https:\/\/www.facebook.com\/share\/1MWhFWg1Tp\/?mibextid=LQQJ4d","https:\/\/www.instagram.com\/fda_srl\/profilecard\/?igsh=YW5lbzJ6MWg0d21u","https:\/\/www.youtube.com\/@FDASRL_ANIMALCARE"],"description":"FDA SRL \u2013 Equipment for animal husbandry nasce con l\u2019obiettivo di offrire soluzioni affidabili e innovative per l\u2019allevamento moderno. Con anni di esperienza nel settore zootecnico, progettiamo e realizziamo attrezzature destinate al benessere animale e alla gestione efficiente delle stalle: vasche, abbeveratoi, mangiatoie e sistemi di riscaldamento pensati per durare nel tempo e semplificare il lavoro quotidiano degli allevatori. Dalla progettazione alla produzione, ogni nostro prodotto \u00e8 studiato nei minimi dettagli, testato con cura e costruito per rispondere alle esigenze reali del settore. La nostra forza \u00e8 unire artigianalit\u00e0, tecnologia e competenza tecnica per trasformare ogni progetto in una soluzione concreta e funzionale. Oggi FDA SRL \u00e8 un punto di riferimento per privati e rivenditori che cercano qualit\u00e0, affidabilit\u00e0 e innovazione nelle attrezzature per l\u2019allevamento.","email":"info@fdasrl.it","telephone":"+390522826820","legalName":"F.D.A. SRL","foundingDate":"2024-10-13","vatID":"03075840359","taxID":"03075840359","numberOfEmployees":{"@type":"QuantitativeValue","minValue":"1","maxValue":"10"}}]},"product_price_currency":"EUR","og_availability":"instock","product_availability":"instock","product_retailer_item_id":"M6700P","product_condition":"new"},"_links":{"self":[{"href":"https:\/\/fdasrl.it\/en\/wp-json\/wp\/v2\/product\/1884","targetHints":{"allow":["GET"]}}],"collection":[{"href":"https:\/\/fdasrl.it\/en\/wp-json\/wp\/v2\/product"}],"about":[{"href":"https:\/\/fdasrl.it\/en\/wp-json\/wp\/v2\/types\/product"}],"replies":[{"embeddable":true,"href":"https:\/\/fdasrl.it\/en\/wp-json\/wp\/v2\/comments?post=1884"}],"wp:featuredmedia":[{"embeddable":true,"href":"https:\/\/fdasrl.it\/en\/wp-json\/wp\/v2\/media\/465"}],"wp:attachment":[{"href":"https:\/\/fdasrl.it\/en\/wp-json\/wp\/v2\/media?parent=1884"}],"wp:term":[{"taxonomy":"product_brand","embeddable":true,"href":"https:\/\/fdasrl.it\/en\/wp-json\/wp\/v2\/product_brand?post=1884"},{"taxonomy":"product_cat","embeddable":true,"href":"https:\/\/fdasrl.it\/en\/wp-json\/wp\/v2\/product_cat?post=1884"},{"taxonomy":"product_tag","embeddable":true,"href":"https:\/\/fdasrl.it\/en\/wp-json\/wp\/v2\/product_tag?post=1884"}],"curies":[{"name":"wp","href":"https:\/\/api.w.org\/{rel}","templated":true}]}}