{"id":2006,"date":"2025-01-21T12:42:10","date_gmt":"2025-01-21T11:42:10","guid":{"rendered":"https:\/\/fdasrl.it\/prodotto\/portable-milking-machine-for-cows-2-groups\/"},"modified":"2025-01-21T12:42:10","modified_gmt":"2025-01-21T11:42:10","slug":"portable-milking-machine-for-cows-2-groups","status":"publish","type":"product","link":"https:\/\/fdasrl.it\/en\/prodotto\/portable-milking-machine-for-cows-2-groups\/","title":{"rendered":"PORTABLE MILKING MACHINE FOR COWS &#8211; 2 GROUPS"},"content":{"rendered":"<div>\n<h3 data-start=\"228\" data-end=\"331\"><strong data-start=\"228\" data-end=\"331\">Portable Milking Machine for Cows with 2 Groups, Dry Pump, and 2 x 30 L Stainless Steel Buckets<\/strong><\/h3>\n<h4 data-start=\"333\" data-end=\"609\">This professional portable milking machine is the ideal solution for medium-sized farms seeking efficiency, reliability, and ease of use. Thanks to its robust structure and high-quality components, it ensures gentle, fast, and hygienic milking. <\/h4>\n<p class=\"\" data-start=\"611\" data-end=\"645\">\ud83d\udd27 <strong data-start=\"614\" data-end=\"645\">Key features:<\/strong><\/p>\n<ul data-start=\"647\" data-end=\"1450\">\n<li class=\"\" data-start=\"647\" data-end=\"806\">\n<p class=\"\" data-start=\"649\" data-end=\"806\"><strong data-start=\"649\" data-end=\"702\">280 or 400 L\/min dry vacuum pump<\/strong>, ideal for ensuring constant and reliable operation without the need for oil maintenance.<\/p>\n<\/li>\n<li class=\"\" data-start=\"807\" data-end=\"933\">\n<p class=\"\" data-start=\"809\" data-end=\"933\"><strong data-start=\"809\" data-end=\"851\">Two 30 L stainless steel buckets<\/strong>, durable, easy to clean, and compliant with hygienic milking standards.<\/p>\n<\/li>\n<li class=\"\" data-start=\"934\" data-end=\"1059\">\n<p class=\"\" data-start=\"936\" data-end=\"1059\"><strong data-start=\"936\" data-end=\"969\">Single-phase 220V \/ 0.55kW motor<\/strong>, compatible with domestic or business use, while ensuring high performance.<\/p>\n<\/li>\n<li class=\"\" data-start=\"1060\" data-end=\"1177\">\n<p class=\"\" data-start=\"1062\" data-end=\"1177\"><strong data-start=\"1062\" data-end=\"1083\">2.5 m hoses<\/strong> for each milking group, designed to offer wide freedom of movement during use.<\/p>\n<\/li>\n<li class=\"\" data-start=\"1178\" data-end=\"1257\">\n<p class=\"\" data-start=\"1180\" data-end=\"1257\"><strong data-start=\"1180\" data-end=\"1203\">Integrated vacuum tank<\/strong> for optimal pressure stability.<\/p>\n<\/li>\n<li class=\"\" data-start=\"1258\" data-end=\"1346\">\n<p class=\"\" data-start=\"1260\" data-end=\"1346\"><strong data-start=\"1260\" data-end=\"1281\">CE Certification<\/strong>, a guarantee of quality and safety compliant with European standards.<\/p>\n<\/li>\n<li class=\"\" data-start=\"1347\" data-end=\"1450\">\n<p class=\"\" data-start=\"1349\" data-end=\"1450\"><strong data-start=\"1349\" data-end=\"1382\">Cleaning brush set<\/strong> included, to keep the system perfectly sanitized at all times.<\/p>\n<\/li>\n<\/ul>\n<p class=\"\" data-start=\"1452\" data-end=\"1477\">\ud83d\udd29 <strong data-start=\"1455\" data-end=\"1477\">Accessories included:<\/strong><\/p>\n<ul data-start=\"1479\" data-end=\"1884\">\n<li class=\"\" data-start=\"1479\" data-end=\"1532\">\n<p class=\"\" data-start=\"1481\" data-end=\"1532\">Stainless steel teat cup shell (L 155 mm, hole \u00d8 16.5 mm)<\/p>\n<\/li>\n<li class=\"\" data-start=\"1533\" data-end=\"1585\">\n<p class=\"\" data-start=\"1535\" data-end=\"1585\">250 cc claw specifically for dairy cattle<\/p>\n<\/li>\n<li class=\"\" data-start=\"1586\" data-end=\"1648\">\n<p class=\"\" data-start=\"1588\" data-end=\"1648\">Pneumatic pulsator for efficient and gentle milking<\/p>\n<\/li>\n<li class=\"\" data-start=\"1649\" data-end=\"1688\">\n<p class=\"\" data-start=\"1651\" data-end=\"1688\">High-resistance graphite vanes<\/p>\n<\/li>\n<li class=\"\" data-start=\"1689\" data-end=\"1767\">\n<p class=\"\" data-start=\"1691\" data-end=\"1767\">Vacuum gauge and regulator valve for precise pressure control<\/p>\n<\/li>\n<li class=\"\" data-start=\"1768\" data-end=\"1797\">\n<p class=\"\" data-start=\"1770\" data-end=\"1797\">1\/2&#8243; vacuum tap<\/p>\n<\/li>\n<li class=\"\" data-start=\"1798\" data-end=\"1836\">\n<p class=\"\" data-start=\"1800\" data-end=\"1836\">DeLaval compatible milking liner<\/p>\n<\/li>\n<li class=\"\" data-start=\"1837\" data-end=\"1884\">\n<p class=\"\" data-start=\"1839\" data-end=\"1884\">Complete milking cluster for dairy cattle<\/p>\n<\/li>\n<\/ul>\n<p class=\"\" data-start=\"1886\" data-end=\"1984\">\ud83d\udcbc Ideal for small and medium-sized breeders who want professional and reliable equipment.<\/p>\n<\/div>\n<div><\/div>\n<div>Buy it on our <a href=\"https:\/\/fda-shop.it\/shop\/mungitura\/mungitrici-carrellate\/mungitrice-bovini\/mungitrice-bovini-a-due-gruppi-e-bidoni#\/261-tipo-motore_standard_280_litri\" target=\"_blank\" rel=\"noopener\">online shop<\/a><\/div>\n","protected":false},"excerpt":{"rendered":"<p>Portable cow milking machine with 2 milking groups, 280 or 400 L\/min dry pump, 2 x 30 L stainless steel buckets, 220V motor. Complete with accessories and CE certified. Ideal for small and medium-sized farms.  <\/p>\n","protected":false},"featured_media":454,"comment_status":"open","ping_status":"closed","template":"","meta":{"_et_pb_use_builder":"","_et_pb_old_content":"","_et_gb_content_width":""},"product_brand":[],"product_cat":[390],"product_tag":[451],"class_list":{"0":"post-2006","1":"product","2":"type-product","3":"status-publish","4":"has-post-thumbnail","6":"product_cat-portable-milking-machines","7":"product_tag-m1600","9":"first","10":"instock","11":"shipping-taxable","12":"product-type-simple"},"yoast_head":"<!-- This site is optimized with the Yoast SEO Premium plugin v27.5 (Yoast SEO v27.5) - https:\/\/yoast.com\/product\/yoast-seo-premium-wordpress\/ -->\n<title>PORTABLE MILKING MACHINE FOR COWS - 2 GROUPS - FDA srl<\/title>\n<meta name=\"description\" content=\"The cow milking machine offers constant operation without oil maintenance. Buy now and improve your farm&#039;s efficiency! \ud83d\udd27\" \/>\n<meta name=\"robots\" content=\"index, follow, max-snippet:-1, max-image-preview:large, max-video-preview:-1\" \/>\n<link rel=\"canonical\" href=\"https:\/\/fdasrl.it\/en\/prodotto\/portable-milking-machine-for-cows-2-groups\/\" \/>\n<meta property=\"og:locale\" content=\"en_US\" \/>\n<meta property=\"og:type\" content=\"article\" \/>\n<meta property=\"og:title\" content=\"PORTABLE MILKING MACHINE FOR COWS - 2 GROUPS\" \/>\n<meta property=\"og:description\" content=\"The cow milking machine offers constant operation without oil maintenance. Buy now and improve your farm&#039;s efficiency! \ud83d\udd27\" \/>\n<meta property=\"og:url\" content=\"https:\/\/fdasrl.it\/en\/prodotto\/portable-milking-machine-for-cows-2-groups\/\" \/>\n<meta property=\"og:site_name\" content=\"FDA srl\" \/>\n<meta property=\"article:publisher\" content=\"https:\/\/www.facebook.com\/share\/1MWhFWg1Tp\/?mibextid=LQQJ4d\" \/>\n<meta property=\"og:image\" content=\"https:\/\/fdasrl.it\/wp-content\/uploads\/2025\/01\/M1600_1.jpg\" \/>\n\t<meta property=\"og:image:width\" content=\"800\" \/>\n\t<meta property=\"og:image:height\" content=\"737\" \/>\n\t<meta property=\"og:image:type\" content=\"image\/jpeg\" \/>\n<meta name=\"twitter:card\" content=\"summary_large_image\" \/>\n<meta name=\"twitter:label1\" content=\"Price\" \/>\n\t<meta name=\"twitter:data1\" content=\"\" \/>\n\t<meta name=\"twitter:label2\" content=\"Availability\" \/>\n\t<meta name=\"twitter:data2\" content=\"In stock\" \/>\n<meta property=\"product:price:currency\" content=\"EUR\" \/>\n<meta property=\"og:availability\" content=\"instock\" \/>\n<meta property=\"product:availability\" content=\"instock\" \/>\n<meta property=\"product:retailer_item_id\" content=\"M1600\" \/>\n<meta property=\"product:condition\" content=\"new\" \/>\n<!-- \/ Yoast SEO Premium plugin. -->","yoast_head_json":{"title":"PORTABLE MILKING MACHINE FOR COWS - 2 GROUPS - FDA srl","description":"The cow milking machine offers constant operation without oil maintenance. Buy now and improve your farm's efficiency! \ud83d\udd27","robots":{"index":"index","follow":"follow","max-snippet":"max-snippet:-1","max-image-preview":"max-image-preview:large","max-video-preview":"max-video-preview:-1"},"canonical":"https:\/\/fdasrl.it\/en\/prodotto\/portable-milking-machine-for-cows-2-groups\/","og_locale":"en_US","og_type":"article","og_title":"PORTABLE MILKING MACHINE FOR COWS - 2 GROUPS","og_description":"The cow milking machine offers constant operation without oil maintenance. Buy now and improve your farm's efficiency! \ud83d\udd27","og_url":"https:\/\/fdasrl.it\/en\/prodotto\/portable-milking-machine-for-cows-2-groups\/","og_site_name":"FDA srl","article_publisher":"https:\/\/www.facebook.com\/share\/1MWhFWg1Tp\/?mibextid=LQQJ4d","og_image":[{"width":800,"height":737,"url":"https:\/\/fdasrl.it\/wp-content\/uploads\/2025\/01\/M1600_1.jpg","type":"image\/jpeg"}],"twitter_card":"summary_large_image","twitter_misc":{"Price":"","Availability":"In stock"},"schema":{"@context":"https:\/\/schema.org","@graph":[{"@type":"WebPage","@id":"https:\/\/fdasrl.it\/en\/prodotto\/portable-milking-machine-for-cows-2-groups\/","url":"https:\/\/fdasrl.it\/en\/prodotto\/portable-milking-machine-for-cows-2-groups\/","name":"PORTABLE MILKING MACHINE FOR COWS - 2 GROUPS - FDA srl","isPartOf":{"@id":"https:\/\/fdasrl.it\/en\/#website"},"primaryImageOfPage":{"@id":"https:\/\/fdasrl.it\/en\/prodotto\/portable-milking-machine-for-cows-2-groups\/#primaryimage"},"image":{"@id":"https:\/\/fdasrl.it\/en\/prodotto\/portable-milking-machine-for-cows-2-groups\/#primaryimage"},"thumbnailUrl":"https:\/\/fdasrl.it\/wp-content\/uploads\/2025\/01\/M1600_1.jpg","datePublished":"2025-01-21T11:42:10+00:00","description":"The cow milking machine offers constant operation without oil maintenance. Buy now and improve your farm's efficiency! \ud83d\udd27","breadcrumb":{"@id":"https:\/\/fdasrl.it\/en\/prodotto\/portable-milking-machine-for-cows-2-groups\/#breadcrumb"},"inLanguage":"en-US","potentialAction":[{"@type":"ReadAction","target":["https:\/\/fdasrl.it\/en\/prodotto\/portable-milking-machine-for-cows-2-groups\/"]}]},{"@type":"ImageObject","inLanguage":"en-US","@id":"https:\/\/fdasrl.it\/en\/prodotto\/portable-milking-machine-for-cows-2-groups\/#primaryimage","url":"https:\/\/fdasrl.it\/wp-content\/uploads\/2025\/01\/M1600_1.jpg","contentUrl":"https:\/\/fdasrl.it\/wp-content\/uploads\/2025\/01\/M1600_1.jpg","width":800,"height":737,"caption":"PORTABLE COW MILKING MACHINE WITH 2 CLUSTERS"},{"@type":"BreadcrumbList","@id":"https:\/\/fdasrl.it\/en\/prodotto\/portable-milking-machine-for-cows-2-groups\/#breadcrumb","itemListElement":[{"@type":"ListItem","position":1,"name":"Home","item":"https:\/\/fdasrl.it\/en\/home\/"},{"@type":"ListItem","position":2,"name":"Shop","item":"https:\/\/fdasrl.it\/en\/shop\/"},{"@type":"ListItem","position":3,"name":"PORTABLE MILKING MACHINE FOR COWS &#8211; 2 GROUPS"}]},{"@type":"WebSite","@id":"https:\/\/fdasrl.it\/en\/#website","url":"https:\/\/fdasrl.it\/en\/","name":"FDA srl","description":"Equipment for animal husbandry","publisher":{"@id":"https:\/\/fdasrl.it\/en\/#organization"},"potentialAction":[{"@type":"SearchAction","target":{"@type":"EntryPoint","urlTemplate":"https:\/\/fdasrl.it\/en\/?s={search_term_string}"},"query-input":{"@type":"PropertyValueSpecification","valueRequired":true,"valueName":"search_term_string"}}],"inLanguage":"en-US"},{"@type":"Organization","@id":"https:\/\/fdasrl.it\/en\/#organization","name":"FDA srl","url":"https:\/\/fdasrl.it\/en\/","logo":{"@type":"ImageObject","inLanguage":"en-US","@id":"https:\/\/fdasrl.it\/en\/#\/schema\/logo\/image\/","url":"https:\/\/fdasrl.it\/wp-content\/uploads\/2024\/12\/Logo-FDA.png","contentUrl":"https:\/\/fdasrl.it\/wp-content\/uploads\/2024\/12\/Logo-FDA.png","width":316,"height":119,"caption":"FDA srl"},"image":{"@id":"https:\/\/fdasrl.it\/en\/#\/schema\/logo\/image\/"},"sameAs":["https:\/\/www.facebook.com\/share\/1MWhFWg1Tp\/?mibextid=LQQJ4d","https:\/\/www.instagram.com\/fda_srl\/profilecard\/?igsh=YW5lbzJ6MWg0d21u","https:\/\/www.youtube.com\/@FDASRL_ANIMALCARE"],"description":"FDA SRL \u2013 Equipment for animal husbandry nasce con l\u2019obiettivo di offrire soluzioni affidabili e innovative per l\u2019allevamento moderno. Con anni di esperienza nel settore zootecnico, progettiamo e realizziamo attrezzature destinate al benessere animale e alla gestione efficiente delle stalle: vasche, abbeveratoi, mangiatoie e sistemi di riscaldamento pensati per durare nel tempo e semplificare il lavoro quotidiano degli allevatori. Dalla progettazione alla produzione, ogni nostro prodotto \u00e8 studiato nei minimi dettagli, testato con cura e costruito per rispondere alle esigenze reali del settore. La nostra forza \u00e8 unire artigianalit\u00e0, tecnologia e competenza tecnica per trasformare ogni progetto in una soluzione concreta e funzionale. Oggi FDA SRL \u00e8 un punto di riferimento per privati e rivenditori che cercano qualit\u00e0, affidabilit\u00e0 e innovazione nelle attrezzature per l\u2019allevamento.","email":"info@fdasrl.it","telephone":"+390522826820","legalName":"F.D.A. SRL","foundingDate":"2024-10-13","vatID":"03075840359","taxID":"03075840359","numberOfEmployees":{"@type":"QuantitativeValue","minValue":"1","maxValue":"10"}}]},"product_price_currency":"EUR","og_availability":"instock","product_availability":"instock","product_retailer_item_id":"M1600","product_condition":"new"},"_links":{"self":[{"href":"https:\/\/fdasrl.it\/en\/wp-json\/wp\/v2\/product\/2006","targetHints":{"allow":["GET"]}}],"collection":[{"href":"https:\/\/fdasrl.it\/en\/wp-json\/wp\/v2\/product"}],"about":[{"href":"https:\/\/fdasrl.it\/en\/wp-json\/wp\/v2\/types\/product"}],"replies":[{"embeddable":true,"href":"https:\/\/fdasrl.it\/en\/wp-json\/wp\/v2\/comments?post=2006"}],"wp:featuredmedia":[{"embeddable":true,"href":"https:\/\/fdasrl.it\/en\/wp-json\/wp\/v2\/media\/454"}],"wp:attachment":[{"href":"https:\/\/fdasrl.it\/en\/wp-json\/wp\/v2\/media?parent=2006"}],"wp:term":[{"taxonomy":"product_brand","embeddable":true,"href":"https:\/\/fdasrl.it\/en\/wp-json\/wp\/v2\/product_brand?post=2006"},{"taxonomy":"product_cat","embeddable":true,"href":"https:\/\/fdasrl.it\/en\/wp-json\/wp\/v2\/product_cat?post=2006"},{"taxonomy":"product_tag","embeddable":true,"href":"https:\/\/fdasrl.it\/en\/wp-json\/wp\/v2\/product_tag?post=2006"}],"curies":[{"name":"wp","href":"https:\/\/api.w.org\/{rel}","templated":true}]}}