{"id":2078,"date":"2025-01-21T12:28:40","date_gmt":"2025-01-21T11:28:40","guid":{"rendered":"https:\/\/fdasrl.it\/prodotto\/electric-milking-machine-for-goats-sheep-2-clusters\/"},"modified":"2025-01-21T12:28:40","modified_gmt":"2025-01-21T11:28:40","slug":"electric-milking-machine-for-goats-sheep-2-clusters","status":"publish","type":"product","link":"https:\/\/fdasrl.it\/en\/prodotto\/electric-milking-machine-for-goats-sheep-2-clusters\/","title":{"rendered":"ELECTRIC MILKING MACHINE FOR GOATS\/SHEEP &#8211; 2 CLUSTERS"},"content":{"rendered":"<div>\n<h3 data-start=\"165\" data-end=\"276\">\ud83d\udc10\ud83d\udc11 <strong data-start=\"174\" data-end=\"276\">Electric Milking Machine for Goats or Sheep &#8211; 2 Clusters \u2013 Dry Vacuum Pump 250 L\/min, 30 L Stainless Steel Bucket<\/strong><\/h3>\n<p data-start=\"278\" data-end=\"668\">Professional solution for milking <strong data-start=\"322\" data-end=\"331\">goats<\/strong> or <strong data-start=\"334\" data-end=\"344\">sheep<\/strong>, designed to ensure efficiency, hygiene and reliability.<br data-start=\"405\" data-end=\"408\">This <strong data-start=\"415\" data-end=\"450\">2-cluster electric milking machine<\/strong> is equipped with a <strong data-start=\"467\" data-end=\"514\">250 liters\/minute dry vacuum pump<\/strong>, <strong data-start=\"516\" data-end=\"565\">18-liter inspectable vacuum tank<\/strong> and <strong data-start=\"568\" data-end=\"607\">30-liter stainless steel bucket<\/strong>, ideal for daily use in small and medium-sized farms.<\/p>\n<p data-start=\"670\" data-end=\"895\">Thanks to its compact structure and high-quality components, it is easy to move, simple to use and CE compliant. The inclusion of all necessary accessories makes it a ready-to-use machine. <\/p>\n<hr data-start=\"897\" data-end=\"900\">\n<h3 data-start=\"902\" data-end=\"949\">\u2699\ufe0f <strong data-start=\"909\" data-end=\"949\">Main technical specifications:<\/strong><\/h3>\n<ul data-start=\"950\" data-end=\"1441\">\n<li data-start=\"950\" data-end=\"1038\">\n<p data-start=\"952\" data-end=\"1038\"><strong data-start=\"952\" data-end=\"979\">Dry vacuum pump<\/strong> 250 L\/min with <strong data-start=\"997\" data-end=\"1036\">self-lubricating graphite vanes<\/strong><\/p>\n<\/li>\n<li data-start=\"1039\" data-end=\"1092\">\n<p data-start=\"1041\" data-end=\"1092\">18-liter inspectable <strong data-start=\"1041\" data-end=\"1064\">vacuum tank<\/strong><\/p>\n<\/li>\n<li data-start=\"1093\" data-end=\"1144\">\n<p data-start=\"1095\" data-end=\"1144\"><strong data-start=\"1095\" data-end=\"1124\">Single-phase electric motor<\/strong> 220V \/ 0.55 kW<\/p>\n<\/li>\n<li data-start=\"1145\" data-end=\"1202\">\n<p data-start=\"1147\" data-end=\"1202\"><strong data-start=\"1147\" data-end=\"1168\">Milking bucket<\/strong> in <strong data-start=\"1172\" data-end=\"1200\">30-liter stainless steel<\/strong><\/p>\n<\/li>\n<li data-start=\"1203\" data-end=\"1270\">\n<p data-start=\"1205\" data-end=\"1270\"><strong data-start=\"1205\" data-end=\"1228\">Tubing length<\/strong> for each milking cluster: 2.5 meters<\/p>\n<\/li>\n<li data-start=\"1271\" data-end=\"1331\">\n<p data-start=\"1273\" data-end=\"1331\"><strong data-start=\"1273\" data-end=\"1295\">Compact structure<\/strong>, robust and easy to maintain<\/p>\n<\/li>\n<li data-start=\"1332\" data-end=\"1397\">\n<p data-start=\"1334\" data-end=\"1397\"><strong data-start=\"1334\" data-end=\"1352\">CE certified<\/strong> for professional livestock use<\/p>\n<\/li>\n<li data-start=\"1398\" data-end=\"1441\">\n<p data-start=\"1400\" data-end=\"1441\"><strong data-start=\"1400\" data-end=\"1418\">Brush set<\/strong> for cleaning included<\/p>\n<\/li>\n<\/ul>\n<hr data-start=\"1443\" data-end=\"1446\">\n<h3 data-start=\"1448\" data-end=\"1485\">\ud83e\uddf0 <strong data-start=\"1455\" data-end=\"1485\">Accessories included in the kit:<\/strong><\/h3>\n<ul data-start=\"1486\" data-end=\"1865\">\n<li data-start=\"1486\" data-end=\"1547\">\n<p data-start=\"1488\" data-end=\"1547\">2 complete milking clusters for goats or sheep (your choice)<\/p>\n<\/li>\n<li data-start=\"1548\" data-end=\"1591\">\n<p data-start=\"1550\" data-end=\"1591\">Specific collectors for goat or sheep<\/p>\n<\/li>\n<li data-start=\"1592\" data-end=\"1635\">\n<p data-start=\"1594\" data-end=\"1635\">High-precision pneumatic pulsators<\/p>\n<\/li>\n<li data-start=\"1636\" data-end=\"1683\">\n<p data-start=\"1638\" data-end=\"1683\">Semi-automatic valves for each cluster<\/p>\n<\/li>\n<li data-start=\"1684\" data-end=\"1747\">\n<p data-start=\"1686\" data-end=\"1747\">Integrated vacuum gauge for vacuum level control<\/p>\n<\/li>\n<li data-start=\"1748\" data-end=\"1784\">\n<p data-start=\"1750\" data-end=\"1784\">Vacuum regulation valve<\/p>\n<\/li>\n<li data-start=\"1785\" data-end=\"1829\">\n<p data-start=\"1787\" data-end=\"1829\">Silicone liner and shells included<\/p>\n<\/li>\n<li data-start=\"1830\" data-end=\"1865\">\n<p data-start=\"1832\" data-end=\"1865\">1\/2&#8243; tap for vacuum management<\/p>\n<\/li>\n<\/ul>\n<hr data-start=\"1867\" data-end=\"1870\">\n<h3 data-start=\"1872\" data-end=\"1894\">\ud83c\udfaf <strong data-start=\"1879\" data-end=\"1894\">Ideal for:<\/strong><\/h3>\n<ul data-start=\"1895\" data-end=\"2104\">\n<li data-start=\"1895\" data-end=\"1979\">\n<p data-start=\"1897\" data-end=\"1979\">Goat or sheep breeders looking for a professional 2-station system<\/p>\n<\/li>\n<li data-start=\"1980\" data-end=\"2034\">\n<p data-start=\"1982\" data-end=\"2034\">Daily milking in small and medium-sized farms<\/p>\n<\/li>\n<li data-start=\"2035\" data-end=\"2104\">\n<p data-start=\"2037\" data-end=\"2104\">Those seeking a <strong data-start=\"2061\" data-end=\"2102\">complete, efficient and ready-to-use system<\/strong><\/p>\n<\/li>\n<\/ul>\n<hr data-start=\"2106\" data-end=\"2109\">\n<h3 data-start=\"2111\" data-end=\"2145\">\ud83d\uded2 <strong data-start=\"2118\" data-end=\"2145\">Buy now online:<\/strong><\/h3>\n<ul data-start=\"2146\" data-end=\"2234\">\n<li data-start=\"2146\" data-end=\"2189\">\n<p data-start=\"2148\" data-end=\"2189\">\u2705 [<strong data-start=\"2151\" data-end=\"2173\">Goat version<\/strong> \u2013 <a href=\"https:\/\/fda-shop.it\/shop\/mungitura\/mungitrici-carrellate\/mungitrice-capra\/mungitrice-capre-due-gruppi-mungitura\">click here<\/a>]<\/p>\n<\/li>\n<li data-start=\"2190\" data-end=\"2234\">\n<p data-start=\"2192\" data-end=\"2234\">\u2705 [<strong data-start=\"2195\" data-end=\"2218\">Sheep version<\/strong> \u2013 <a href=\"https:\/\/fda-shop.it\/shop\/mungitura\/mungitrici-carrellate\/mungitrice-pecore\/mungitrice-pecore-due-gruppi-mungitura\">click here<\/a>]<\/p>\n<\/li>\n<\/ul>\n<\/div>\n<div>\n<div>\n<div><\/div>\n<\/div>\n<\/div>\n","protected":false},"excerpt":{"rendered":"<p>Electric milking machine with 2 clusters for goats or sheep, with 250 L\/min dry pump, 30 L stainless steel bucket and accessories included. Ideal for professional milking. <\/p>\n","protected":false},"featured_media":433,"comment_status":"open","ping_status":"closed","template":"","meta":{"_et_pb_use_builder":"","_et_pb_old_content":"","_et_gb_content_width":""},"product_brand":[],"product_cat":[390,406],"product_tag":[467,468,466],"class_list":{"0":"post-2078","1":"product","2":"type-product","3":"status-publish","4":"has-post-thumbnail","6":"product_cat-portable-milking-machines","7":"product_cat-sheep-and-goats","8":"product_tag-fa-m71","9":"product_tag-m7100c","10":"product_tag-m7100p","12":"first","13":"instock","14":"shipping-taxable","15":"product-type-simple"},"yoast_head":"<!-- This site is optimized with the Yoast SEO Premium plugin v27.5 (Yoast SEO v27.6) - https:\/\/yoast.com\/product\/yoast-seo-premium-wordpress\/ -->\n<title>Electric milking machine 2 clusters goats sheep ready to use - FDA srl<\/title>\n<meta name=\"description\" content=\"Make milking goats and sheep easier with the 2-cluster electric milking machine! Efficiency and hygiene at your service.\" \/>\n<meta name=\"robots\" content=\"index, follow, max-snippet:-1, max-image-preview:large, max-video-preview:-1\" \/>\n<link rel=\"canonical\" href=\"https:\/\/fdasrl.it\/en\/prodotto\/electric-milking-machine-for-goats-sheep-2-clusters\/\" \/>\n<meta property=\"og:locale\" content=\"en_US\" \/>\n<meta property=\"og:type\" content=\"article\" \/>\n<meta property=\"og:title\" content=\"ELECTRIC MILKING MACHINE FOR GOATS\/SHEEP - 2 CLUSTERS\" \/>\n<meta property=\"og:description\" content=\"Make milking goats and sheep easier with the 2-cluster electric milking machine! Efficiency and hygiene at your service.\" \/>\n<meta property=\"og:url\" content=\"https:\/\/fdasrl.it\/en\/prodotto\/electric-milking-machine-for-goats-sheep-2-clusters\/\" \/>\n<meta property=\"og:site_name\" content=\"FDA srl\" \/>\n<meta property=\"article:publisher\" content=\"https:\/\/www.facebook.com\/share\/1MWhFWg1Tp\/?mibextid=LQQJ4d\" \/>\n<meta property=\"og:image\" content=\"https:\/\/fdasrl.it\/wp-content\/uploads\/2025\/01\/M7100P_1.jpg\" \/>\n\t<meta property=\"og:image:width\" content=\"800\" \/>\n\t<meta property=\"og:image:height\" content=\"737\" \/>\n\t<meta property=\"og:image:type\" content=\"image\/jpeg\" \/>\n<meta name=\"twitter:card\" content=\"summary_large_image\" \/>\n<meta name=\"twitter:label1\" content=\"Price\" \/>\n\t<meta name=\"twitter:data1\" content=\"\" \/>\n\t<meta name=\"twitter:label2\" content=\"Availability\" \/>\n\t<meta name=\"twitter:data2\" content=\"In stock\" \/>\n<meta property=\"product:price:currency\" content=\"EUR\" \/>\n<meta property=\"og:availability\" content=\"instock\" \/>\n<meta property=\"product:availability\" content=\"instock\" \/>\n<meta property=\"product:retailer_item_id\" content=\"FA-M71\" \/>\n<meta property=\"product:condition\" content=\"new\" \/>\n<!-- \/ Yoast SEO Premium plugin. -->","yoast_head_json":{"title":"Electric milking machine 2 clusters goats sheep ready to use - FDA srl","description":"Make milking goats and sheep easier with the 2-cluster electric milking machine! Efficiency and hygiene at your service.","robots":{"index":"index","follow":"follow","max-snippet":"max-snippet:-1","max-image-preview":"max-image-preview:large","max-video-preview":"max-video-preview:-1"},"canonical":"https:\/\/fdasrl.it\/en\/prodotto\/electric-milking-machine-for-goats-sheep-2-clusters\/","og_locale":"en_US","og_type":"article","og_title":"ELECTRIC MILKING MACHINE FOR GOATS\/SHEEP - 2 CLUSTERS","og_description":"Make milking goats and sheep easier with the 2-cluster electric milking machine! Efficiency and hygiene at your service.","og_url":"https:\/\/fdasrl.it\/en\/prodotto\/electric-milking-machine-for-goats-sheep-2-clusters\/","og_site_name":"FDA srl","article_publisher":"https:\/\/www.facebook.com\/share\/1MWhFWg1Tp\/?mibextid=LQQJ4d","og_image":[{"width":800,"height":737,"url":"https:\/\/fdasrl.it\/wp-content\/uploads\/2025\/01\/M7100P_1.jpg","type":"image\/jpeg"}],"twitter_card":"summary_large_image","twitter_misc":{"Price":"","Availability":"In stock"},"schema":{"@context":"https:\/\/schema.org","@graph":[{"@type":"WebPage","@id":"https:\/\/fdasrl.it\/en\/prodotto\/electric-milking-machine-for-goats-sheep-2-clusters\/","url":"https:\/\/fdasrl.it\/en\/prodotto\/electric-milking-machine-for-goats-sheep-2-clusters\/","name":"Electric milking machine 2 clusters goats sheep ready to use - FDA srl","isPartOf":{"@id":"https:\/\/fdasrl.it\/en\/#website"},"primaryImageOfPage":{"@id":"https:\/\/fdasrl.it\/en\/prodotto\/electric-milking-machine-for-goats-sheep-2-clusters\/#primaryimage"},"image":{"@id":"https:\/\/fdasrl.it\/en\/prodotto\/electric-milking-machine-for-goats-sheep-2-clusters\/#primaryimage"},"thumbnailUrl":"https:\/\/fdasrl.it\/wp-content\/uploads\/2025\/01\/M7100P_1.jpg","datePublished":"2025-01-21T11:28:40+00:00","description":"Make milking goats and sheep easier with the 2-cluster electric milking machine! Efficiency and hygiene at your service.","breadcrumb":{"@id":"https:\/\/fdasrl.it\/en\/prodotto\/electric-milking-machine-for-goats-sheep-2-clusters\/#breadcrumb"},"inLanguage":"en-US","potentialAction":[{"@type":"ReadAction","target":["https:\/\/fdasrl.it\/en\/prodotto\/electric-milking-machine-for-goats-sheep-2-clusters\/"]}]},{"@type":"ImageObject","inLanguage":"en-US","@id":"https:\/\/fdasrl.it\/en\/prodotto\/electric-milking-machine-for-goats-sheep-2-clusters\/#primaryimage","url":"https:\/\/fdasrl.it\/wp-content\/uploads\/2025\/01\/M7100P_1.jpg","contentUrl":"https:\/\/fdasrl.it\/wp-content\/uploads\/2025\/01\/M7100P_1.jpg","width":800,"height":737,"caption":"ELECTRIC MILKING MACHINE FOR GOATS\/SHEEP - 2 CLUSTERS"},{"@type":"BreadcrumbList","@id":"https:\/\/fdasrl.it\/en\/prodotto\/electric-milking-machine-for-goats-sheep-2-clusters\/#breadcrumb","itemListElement":[{"@type":"ListItem","position":1,"name":"Home","item":"https:\/\/fdasrl.it\/en\/home\/"},{"@type":"ListItem","position":2,"name":"Shop","item":"https:\/\/fdasrl.it\/en\/shop\/"},{"@type":"ListItem","position":3,"name":"ELECTRIC MILKING MACHINE FOR GOATS\/SHEEP &#8211; 2 CLUSTERS"}]},{"@type":"WebSite","@id":"https:\/\/fdasrl.it\/en\/#website","url":"https:\/\/fdasrl.it\/en\/","name":"FDA srl","description":"Equipment for animal husbandry","publisher":{"@id":"https:\/\/fdasrl.it\/en\/#organization"},"potentialAction":[{"@type":"SearchAction","target":{"@type":"EntryPoint","urlTemplate":"https:\/\/fdasrl.it\/en\/?s={search_term_string}"},"query-input":{"@type":"PropertyValueSpecification","valueRequired":true,"valueName":"search_term_string"}}],"inLanguage":"en-US"},{"@type":"Organization","@id":"https:\/\/fdasrl.it\/en\/#organization","name":"FDA srl","url":"https:\/\/fdasrl.it\/en\/","logo":{"@type":"ImageObject","inLanguage":"en-US","@id":"https:\/\/fdasrl.it\/en\/#\/schema\/logo\/image\/","url":"https:\/\/fdasrl.it\/wp-content\/uploads\/2024\/12\/Logo-FDA.png","contentUrl":"https:\/\/fdasrl.it\/wp-content\/uploads\/2024\/12\/Logo-FDA.png","width":316,"height":119,"caption":"FDA srl"},"image":{"@id":"https:\/\/fdasrl.it\/en\/#\/schema\/logo\/image\/"},"sameAs":["https:\/\/www.facebook.com\/share\/1MWhFWg1Tp\/?mibextid=LQQJ4d","https:\/\/www.instagram.com\/fda_srl\/profilecard\/?igsh=YW5lbzJ6MWg0d21u","https:\/\/www.youtube.com\/@FDASRL_ANIMALCARE"],"description":"FDA SRL \u2013 Equipment for animal husbandry nasce con l\u2019obiettivo di offrire soluzioni affidabili e innovative per l\u2019allevamento moderno. Con anni di esperienza nel settore zootecnico, progettiamo e realizziamo attrezzature destinate al benessere animale e alla gestione efficiente delle stalle: vasche, abbeveratoi, mangiatoie e sistemi di riscaldamento pensati per durare nel tempo e semplificare il lavoro quotidiano degli allevatori. Dalla progettazione alla produzione, ogni nostro prodotto \u00e8 studiato nei minimi dettagli, testato con cura e costruito per rispondere alle esigenze reali del settore. La nostra forza \u00e8 unire artigianalit\u00e0, tecnologia e competenza tecnica per trasformare ogni progetto in una soluzione concreta e funzionale. Oggi FDA SRL \u00e8 un punto di riferimento per privati e rivenditori che cercano qualit\u00e0, affidabilit\u00e0 e innovazione nelle attrezzature per l\u2019allevamento.","email":"info@fdasrl.it","telephone":"+390522826820","legalName":"F.D.A. SRL","foundingDate":"2024-10-13","vatID":"03075840359","taxID":"03075840359","numberOfEmployees":{"@type":"QuantitativeValue","minValue":"1","maxValue":"10"}}]},"product_price_currency":"EUR","og_availability":"instock","product_availability":"instock","product_retailer_item_id":"FA-M71","product_condition":"new"},"_links":{"self":[{"href":"https:\/\/fdasrl.it\/en\/wp-json\/wp\/v2\/product\/2078","targetHints":{"allow":["GET"]}}],"collection":[{"href":"https:\/\/fdasrl.it\/en\/wp-json\/wp\/v2\/product"}],"about":[{"href":"https:\/\/fdasrl.it\/en\/wp-json\/wp\/v2\/types\/product"}],"replies":[{"embeddable":true,"href":"https:\/\/fdasrl.it\/en\/wp-json\/wp\/v2\/comments?post=2078"}],"wp:featuredmedia":[{"embeddable":true,"href":"https:\/\/fdasrl.it\/en\/wp-json\/wp\/v2\/media\/433"}],"wp:attachment":[{"href":"https:\/\/fdasrl.it\/en\/wp-json\/wp\/v2\/media?parent=2078"}],"wp:term":[{"taxonomy":"product_brand","embeddable":true,"href":"https:\/\/fdasrl.it\/en\/wp-json\/wp\/v2\/product_brand?post=2078"},{"taxonomy":"product_cat","embeddable":true,"href":"https:\/\/fdasrl.it\/en\/wp-json\/wp\/v2\/product_cat?post=2078"},{"taxonomy":"product_tag","embeddable":true,"href":"https:\/\/fdasrl.it\/en\/wp-json\/wp\/v2\/product_tag?post=2078"}],"curies":[{"name":"wp","href":"https:\/\/api.w.org\/{rel}","templated":true}]}}