{"id":2089,"date":"2025-01-21T12:37:00","date_gmt":"2025-01-21T11:37:00","guid":{"rendered":"https:\/\/fdasrl.it\/prodotto\/cow-milking-machine-1-cluster-stainless-steel-bucket\/"},"modified":"2025-01-21T12:37:00","modified_gmt":"2025-01-21T11:37:00","slug":"cow-milking-machine-1-cluster-stainless-steel-bucket","status":"publish","type":"product","link":"https:\/\/fdasrl.it\/en\/prodotto\/cow-milking-machine-1-cluster-stainless-steel-bucket\/","title":{"rendered":"COW MILKING MACHINE 1 CLUSTER STAINLESS STEEL BUCKET"},"content":{"rendered":"<div>\n<h3 data-start=\"135\" data-end=\"226\"><strong data-start=\"135\" data-end=\"226\">MOBILE COW MILKING MACHINE WITH 1 CLUSTER, DRY VACUUM PUMP AND 30-LITER STAINLESS STEEL BUCKET. <\/strong><\/h3>\n<h4 data-start=\"228\" data-end=\"477\">This professional single-cluster milking machine is designed to ensure efficiency, hygiene and long-lasting durability. Ideal for small and medium-sized farms, it enables fast and safe milking while fully respecting animal health. <\/h4>\n<h5 data-start=\"479\" data-end=\"510\"><strong data-start=\"479\" data-end=\"510\">Main features:<\/strong><\/h5>\n<ul data-start=\"512\" data-end=\"1454\">\n<li class=\"\" data-start=\"512\" data-end=\"670\">\n<p class=\"\" data-start=\"514\" data-end=\"670\"><strong data-start=\"514\" data-end=\"561\">250 liters\/minute dry vacuum pump<\/strong>: quiet, reliable and oil-free, it minimizes maintenance and ensures consistent performance.<\/p>\n<\/li>\n<li class=\"\" data-start=\"671\" data-end=\"814\">\n<p class=\"\" data-start=\"673\" data-end=\"814\"><strong data-start=\"673\" data-end=\"696\">Hose length<\/strong>: each milking cluster is equipped with 2.5-meter hoses for adequate freedom of movement during operation.<\/p>\n<\/li>\n<li class=\"\" data-start=\"815\" data-end=\"961\">\n<p class=\"\" data-start=\"817\" data-end=\"961\"><strong data-start=\"817\" data-end=\"866\">18-liter inspectable vacuum tank<\/strong>: facilitates inspection and maintenance, ensuring proper system operation.<\/p>\n<\/li>\n<li class=\"\" data-start=\"962\" data-end=\"1093\">\n<p class=\"\" data-start=\"964\" data-end=\"1093\"><strong data-start=\"964\" data-end=\"1003\">30-liter stainless steel bucket<\/strong>: durable, easy to clean, ideal for ensuring maximum hygiene of collected milk.<\/p>\n<\/li>\n<li class=\"\" data-start=\"1094\" data-end=\"1210\">\n<p class=\"\" data-start=\"1096\" data-end=\"1210\"><strong data-start=\"1096\" data-end=\"1134\">Single-phase 220 Volt \/ 0.55 kW motor<\/strong>: powerful and suitable for use in agricultural environments with domestic power supply.<\/p>\n<\/li>\n<li class=\"\" data-start=\"1211\" data-end=\"1310\">\n<p class=\"\" data-start=\"1213\" data-end=\"1310\"><strong data-start=\"1213\" data-end=\"1234\">CE certification<\/strong>: compliant with European regulations on safety, quality and hygiene.<\/p>\n<\/li>\n<li class=\"\" data-start=\"1311\" data-end=\"1454\">\n<p class=\"\" data-start=\"1313\" data-end=\"1454\"><strong data-start=\"1313\" data-end=\"1339\">Brush set included<\/strong>: practical accessories for daily cleaning of components, essential for maintaining high hygiene standards.<\/p>\n<\/li>\n<\/ul>\n<h5 data-start=\"1456\" data-end=\"1494\"><strong data-start=\"1456\" data-end=\"1494\">Accessories included in the supply:<\/strong><\/h5>\n<ul data-start=\"1496\" data-end=\"2067\">\n<li class=\"\" data-start=\"1496\" data-end=\"1557\">\n<p class=\"\" data-start=\"1498\" data-end=\"1557\">Stainless steel teat cup 155 mm length, 16.5 mm bore;<\/p>\n<\/li>\n<li class=\"\" data-start=\"1558\" data-end=\"1612\">\n<p class=\"\" data-start=\"1560\" data-end=\"1612\">250 cc claw, specific for dairy cattle;<\/p>\n<\/li>\n<li class=\"\" data-start=\"1613\" data-end=\"1675\">\n<p class=\"\" data-start=\"1615\" data-end=\"1675\">Pneumatic pulsator for regular and effective milking;<\/p>\n<\/li>\n<li class=\"\" data-start=\"1676\" data-end=\"1720\">\n<p class=\"\" data-start=\"1678\" data-end=\"1720\">Graphite vanes for the vacuum pump;<\/p>\n<\/li>\n<li class=\"\" data-start=\"1721\" data-end=\"1779\">\n<p class=\"\" data-start=\"1723\" data-end=\"1779\">Vacuum gauge for constant pressure monitoring;<\/p>\n<\/li>\n<li class=\"\" data-start=\"1780\" data-end=\"1850\">\n<p class=\"\" data-start=\"1782\" data-end=\"1850\">250 l\/min dry vacuum pump with integrated electric motor;<\/p>\n<\/li>\n<li class=\"\" data-start=\"1851\" data-end=\"1899\">\n<p class=\"\" data-start=\"1853\" data-end=\"1899\">Complete milking cluster for dairy cattle;<\/p>\n<\/li>\n<li class=\"\" data-start=\"1900\" data-end=\"1967\">\n<p class=\"\" data-start=\"1902\" data-end=\"1967\">1\/2&#8243; vacuum tap for simple flow management;<\/p>\n<\/li>\n<li class=\"\" data-start=\"1968\" data-end=\"2019\">\n<p class=\"\" data-start=\"1970\" data-end=\"2019\">Milking liner compatible with DeLaval systems;<\/p>\n<\/li>\n<li class=\"\" data-start=\"2020\" data-end=\"2067\">\n<p class=\"\" data-start=\"2022\" data-end=\"2067\">Valve for precise vacuum regulation.<\/p>\n<\/li>\n<\/ul>\n<p class=\"\" data-start=\"2069\" data-end=\"2212\">Thanks to the quality of materials and ease of use, this milking machine represents a reliable solution for the modern farmer.<\/p>\n<\/div>\n<div>Buy it on our <a href=\"https:\/\/fda-shop.it\/shop\/mungitura\/mungitrici-carrellate\/mungitrice-bovini\/mungitrice-bovini-a-un-gruppo-mungitura\" target=\"_blank\" rel=\"noopener\">online shop<\/a><\/div>\n","protected":false},"excerpt":{"rendered":"<p>Cow milking machine with 1 cluster, dry vacuum pump and 30-liter stainless steel bucket. Complete with accessories, 220V motor, vacuum tank and CE certification. Ideal for small and medium-sized farms.  <\/p>\n","protected":false},"featured_media":444,"comment_status":"open","ping_status":"closed","template":"","meta":{"_et_pb_use_builder":"","_et_pb_old_content":"","_et_gb_content_width":""},"product_brand":[],"product_cat":[390],"product_tag":[469],"class_list":{"0":"post-2089","1":"product","2":"type-product","3":"status-publish","4":"has-post-thumbnail","6":"product_cat-portable-milking-machines","7":"product_tag-m1750","9":"first","10":"instock","11":"shipping-taxable","12":"product-type-simple"},"yoast_head":"<!-- This site is optimized with the Yoast SEO Premium plugin v27.5 (Yoast SEO v27.5) - https:\/\/yoast.com\/product\/yoast-seo-premium-wordpress\/ -->\n<title>Mobile cow milking machine with one cluster and powerful motor<\/title>\n<meta name=\"description\" content=\"Get the most out of your single-cluster portable cow milking machine! Exceptional performance and low maintenance\u2014don&#039;t miss out! \ud83c\udf3e\" \/>\n<meta name=\"robots\" content=\"index, follow, max-snippet:-1, max-image-preview:large, max-video-preview:-1\" \/>\n<link rel=\"canonical\" href=\"https:\/\/fdasrl.it\/en\/prodotto\/cow-milking-machine-1-cluster-stainless-steel-bucket\/\" \/>\n<meta property=\"og:locale\" content=\"en_US\" \/>\n<meta property=\"og:type\" content=\"article\" \/>\n<meta property=\"og:title\" content=\"COW MILKING MACHINE 1 CLUSTER STAINLESS STEEL BUCKET\" \/>\n<meta property=\"og:description\" content=\"Get the most out of your single-cluster portable cow milking machine! Exceptional performance and low maintenance\u2014don&#039;t miss out! \ud83c\udf3e\" \/>\n<meta property=\"og:url\" content=\"https:\/\/fdasrl.it\/en\/prodotto\/cow-milking-machine-1-cluster-stainless-steel-bucket\/\" \/>\n<meta property=\"og:site_name\" content=\"FDA srl\" \/>\n<meta property=\"article:publisher\" content=\"https:\/\/www.facebook.com\/share\/1MWhFWg1Tp\/?mibextid=LQQJ4d\" \/>\n<meta property=\"og:image\" content=\"https:\/\/fdasrl.it\/wp-content\/uploads\/2025\/01\/M1750_1.jpg\" \/>\n\t<meta property=\"og:image:width\" content=\"800\" \/>\n\t<meta property=\"og:image:height\" content=\"737\" \/>\n\t<meta property=\"og:image:type\" content=\"image\/jpeg\" \/>\n<meta name=\"twitter:card\" content=\"summary_large_image\" \/>\n<meta name=\"twitter:label1\" content=\"Price\" \/>\n\t<meta name=\"twitter:data1\" content=\"\" \/>\n\t<meta name=\"twitter:label2\" content=\"Availability\" \/>\n\t<meta name=\"twitter:data2\" content=\"In stock\" \/>\n<meta property=\"product:price:currency\" content=\"EUR\" \/>\n<meta property=\"og:availability\" content=\"instock\" \/>\n<meta property=\"product:availability\" content=\"instock\" \/>\n<meta property=\"product:retailer_item_id\" content=\"M1750\" \/>\n<meta property=\"product:condition\" content=\"new\" \/>\n<!-- \/ Yoast SEO Premium plugin. -->","yoast_head_json":{"title":"Mobile cow milking machine with one cluster and powerful motor","description":"Get the most out of your single-cluster portable cow milking machine! Exceptional performance and low maintenance\u2014don't miss out! \ud83c\udf3e","robots":{"index":"index","follow":"follow","max-snippet":"max-snippet:-1","max-image-preview":"max-image-preview:large","max-video-preview":"max-video-preview:-1"},"canonical":"https:\/\/fdasrl.it\/en\/prodotto\/cow-milking-machine-1-cluster-stainless-steel-bucket\/","og_locale":"en_US","og_type":"article","og_title":"COW MILKING MACHINE 1 CLUSTER STAINLESS STEEL BUCKET","og_description":"Get the most out of your single-cluster portable cow milking machine! Exceptional performance and low maintenance\u2014don't miss out! \ud83c\udf3e","og_url":"https:\/\/fdasrl.it\/en\/prodotto\/cow-milking-machine-1-cluster-stainless-steel-bucket\/","og_site_name":"FDA srl","article_publisher":"https:\/\/www.facebook.com\/share\/1MWhFWg1Tp\/?mibextid=LQQJ4d","og_image":[{"width":800,"height":737,"url":"https:\/\/fdasrl.it\/wp-content\/uploads\/2025\/01\/M1750_1.jpg","type":"image\/jpeg"}],"twitter_card":"summary_large_image","twitter_misc":{"Price":"","Availability":"In stock"},"schema":{"@context":"https:\/\/schema.org","@graph":[{"@type":"WebPage","@id":"https:\/\/fdasrl.it\/en\/prodotto\/cow-milking-machine-1-cluster-stainless-steel-bucket\/","url":"https:\/\/fdasrl.it\/en\/prodotto\/cow-milking-machine-1-cluster-stainless-steel-bucket\/","name":"Mobile cow milking machine with one cluster and powerful motor","isPartOf":{"@id":"https:\/\/fdasrl.it\/en\/#website"},"primaryImageOfPage":{"@id":"https:\/\/fdasrl.it\/en\/prodotto\/cow-milking-machine-1-cluster-stainless-steel-bucket\/#primaryimage"},"image":{"@id":"https:\/\/fdasrl.it\/en\/prodotto\/cow-milking-machine-1-cluster-stainless-steel-bucket\/#primaryimage"},"thumbnailUrl":"https:\/\/fdasrl.it\/wp-content\/uploads\/2025\/01\/M1750_1.jpg","datePublished":"2025-01-21T11:37:00+00:00","description":"Get the most out of your single-cluster portable cow milking machine! Exceptional performance and low maintenance\u2014don't miss out! \ud83c\udf3e","breadcrumb":{"@id":"https:\/\/fdasrl.it\/en\/prodotto\/cow-milking-machine-1-cluster-stainless-steel-bucket\/#breadcrumb"},"inLanguage":"en-US","potentialAction":[{"@type":"ReadAction","target":["https:\/\/fdasrl.it\/en\/prodotto\/cow-milking-machine-1-cluster-stainless-steel-bucket\/"]}]},{"@type":"ImageObject","inLanguage":"en-US","@id":"https:\/\/fdasrl.it\/en\/prodotto\/cow-milking-machine-1-cluster-stainless-steel-bucket\/#primaryimage","url":"https:\/\/fdasrl.it\/wp-content\/uploads\/2025\/01\/M1750_1.jpg","contentUrl":"https:\/\/fdasrl.it\/wp-content\/uploads\/2025\/01\/M1750_1.jpg","width":800,"height":737,"caption":"COW MILKING MACHINE 1 CLUSTER FDA SRL"},{"@type":"BreadcrumbList","@id":"https:\/\/fdasrl.it\/en\/prodotto\/cow-milking-machine-1-cluster-stainless-steel-bucket\/#breadcrumb","itemListElement":[{"@type":"ListItem","position":1,"name":"Home","item":"https:\/\/fdasrl.it\/en\/home\/"},{"@type":"ListItem","position":2,"name":"Shop","item":"https:\/\/fdasrl.it\/en\/shop\/"},{"@type":"ListItem","position":3,"name":"COW MILKING MACHINE 1 CLUSTER STAINLESS STEEL BUCKET"}]},{"@type":"WebSite","@id":"https:\/\/fdasrl.it\/en\/#website","url":"https:\/\/fdasrl.it\/en\/","name":"FDA srl","description":"Equipment for animal husbandry","publisher":{"@id":"https:\/\/fdasrl.it\/en\/#organization"},"potentialAction":[{"@type":"SearchAction","target":{"@type":"EntryPoint","urlTemplate":"https:\/\/fdasrl.it\/en\/?s={search_term_string}"},"query-input":{"@type":"PropertyValueSpecification","valueRequired":true,"valueName":"search_term_string"}}],"inLanguage":"en-US"},{"@type":"Organization","@id":"https:\/\/fdasrl.it\/en\/#organization","name":"FDA srl","url":"https:\/\/fdasrl.it\/en\/","logo":{"@type":"ImageObject","inLanguage":"en-US","@id":"https:\/\/fdasrl.it\/en\/#\/schema\/logo\/image\/","url":"https:\/\/fdasrl.it\/wp-content\/uploads\/2024\/12\/Logo-FDA.png","contentUrl":"https:\/\/fdasrl.it\/wp-content\/uploads\/2024\/12\/Logo-FDA.png","width":316,"height":119,"caption":"FDA srl"},"image":{"@id":"https:\/\/fdasrl.it\/en\/#\/schema\/logo\/image\/"},"sameAs":["https:\/\/www.facebook.com\/share\/1MWhFWg1Tp\/?mibextid=LQQJ4d","https:\/\/www.instagram.com\/fda_srl\/profilecard\/?igsh=YW5lbzJ6MWg0d21u","https:\/\/www.youtube.com\/@FDASRL_ANIMALCARE"],"description":"FDA SRL \u2013 Equipment for animal husbandry nasce con l\u2019obiettivo di offrire soluzioni affidabili e innovative per l\u2019allevamento moderno. Con anni di esperienza nel settore zootecnico, progettiamo e realizziamo attrezzature destinate al benessere animale e alla gestione efficiente delle stalle: vasche, abbeveratoi, mangiatoie e sistemi di riscaldamento pensati per durare nel tempo e semplificare il lavoro quotidiano degli allevatori. Dalla progettazione alla produzione, ogni nostro prodotto \u00e8 studiato nei minimi dettagli, testato con cura e costruito per rispondere alle esigenze reali del settore. La nostra forza \u00e8 unire artigianalit\u00e0, tecnologia e competenza tecnica per trasformare ogni progetto in una soluzione concreta e funzionale. Oggi FDA SRL \u00e8 un punto di riferimento per privati e rivenditori che cercano qualit\u00e0, affidabilit\u00e0 e innovazione nelle attrezzature per l\u2019allevamento.","email":"info@fdasrl.it","telephone":"+390522826820","legalName":"F.D.A. SRL","foundingDate":"2024-10-13","vatID":"03075840359","taxID":"03075840359","numberOfEmployees":{"@type":"QuantitativeValue","minValue":"1","maxValue":"10"}}]},"product_price_currency":"EUR","og_availability":"instock","product_availability":"instock","product_retailer_item_id":"M1750","product_condition":"new"},"_links":{"self":[{"href":"https:\/\/fdasrl.it\/en\/wp-json\/wp\/v2\/product\/2089","targetHints":{"allow":["GET"]}}],"collection":[{"href":"https:\/\/fdasrl.it\/en\/wp-json\/wp\/v2\/product"}],"about":[{"href":"https:\/\/fdasrl.it\/en\/wp-json\/wp\/v2\/types\/product"}],"replies":[{"embeddable":true,"href":"https:\/\/fdasrl.it\/en\/wp-json\/wp\/v2\/comments?post=2089"}],"wp:featuredmedia":[{"embeddable":true,"href":"https:\/\/fdasrl.it\/en\/wp-json\/wp\/v2\/media\/444"}],"wp:attachment":[{"href":"https:\/\/fdasrl.it\/en\/wp-json\/wp\/v2\/media?parent=2089"}],"wp:term":[{"taxonomy":"product_brand","embeddable":true,"href":"https:\/\/fdasrl.it\/en\/wp-json\/wp\/v2\/product_brand?post=2089"},{"taxonomy":"product_cat","embeddable":true,"href":"https:\/\/fdasrl.it\/en\/wp-json\/wp\/v2\/product_cat?post=2089"},{"taxonomy":"product_tag","embeddable":true,"href":"https:\/\/fdasrl.it\/en\/wp-json\/wp\/v2\/product_tag?post=2089"}],"curies":[{"name":"wp","href":"https:\/\/api.w.org\/{rel}","templated":true}]}}