{"id":2699,"date":"2026-03-06T14:03:03","date_gmt":"2026-03-06T13:03:03","guid":{"rendered":"https:\/\/fdasrl.it\/prodotto\/drinker-float-valve-with-prefilter-3-4-far19\/"},"modified":"2026-03-06T14:03:03","modified_gmt":"2026-03-06T13:03:03","slug":"drinker-float-valve-with-prefilter-3-4-far19","status":"publish","type":"product","link":"https:\/\/fdasrl.it\/en\/prodotto\/drinker-float-valve-with-prefilter-3-4-far19\/","title":{"rendered":"Drinker Float Valve with Prefilter 3\/4&#8243; \u2013 FAR19"},"content":{"rendered":"<h3 data-section-id=\"1dtpyof\" data-start=\"81\" data-end=\"145\"><strong data-start=\"85\" data-end=\"145\">Drinker Float Valve with Prefilter 3\/4&#8243; \u2013 FAR19<\/strong><\/h3>\n<p data-start=\"147\" data-end=\"278\"><strong data-start=\"163\" data-end=\"196\">High-quality float with ABS body<\/strong>, designed for automatic water level control in drinkers.<\/p>\n<p data-start=\"280\" data-end=\"486\">The float system maintains constant water level, while the <strong data-start=\"357\" data-end=\"380\">integrated prefilter<\/strong> protects the valve from impurities in the water, ensuring greater reliability and durability over time.<\/p>\n<p data-start=\"488\" data-end=\"546\">Ideal for <strong data-start=\"499\" data-end=\"545\">watering systems in livestock farms<\/strong>.<\/p>\n<h3 data-section-id=\"w1my6q\" data-start=\"548\" data-end=\"580\"><strong data-start=\"552\" data-end=\"580\">Technical specifications<\/strong><\/h3>\n<ul data-start=\"582\" data-end=\"873\">\n<li data-section-id=\"9k0ln1\" data-start=\"582\" data-end=\"612\">\n<p data-start=\"584\" data-end=\"612\"><strong data-start=\"584\" data-end=\"604\">Product code:<\/strong> FAR19<\/p>\n<\/li>\n<li data-section-id=\"5wopsd\" data-start=\"613\" data-end=\"641\">\n<p data-start=\"615\" data-end=\"641\"><strong data-start=\"615\" data-end=\"635\">Body material:<\/strong> ABS<\/p>\n<\/li>\n<li data-section-id=\"13d7o5w\" data-start=\"642\" data-end=\"687\">\n<p data-start=\"644\" data-end=\"687\"><strong data-start=\"644\" data-end=\"656\">Connection:<\/strong> 3\/4<strong data-start=\"677\" data-end=\"685\">&#8220;<\/strong> male thread<\/p>\n<\/li>\n<li data-section-id=\"qy9hb0\" data-start=\"688\" data-end=\"715\">\n<p data-start=\"690\" data-end=\"715\"><strong data-start=\"690\" data-end=\"713\">Integrated prefilter<\/strong><\/p>\n<\/li>\n<li data-section-id=\"19g44ab\" data-start=\"716\" data-end=\"749\">\n<p data-start=\"718\" data-end=\"749\"><strong data-start=\"718\" data-end=\"747\">Water level adjustment<\/strong><\/p>\n<\/li>\n<li data-section-id=\"1oov41n\" data-start=\"750\" data-end=\"798\">\n<p data-start=\"752\" data-end=\"798\"><strong data-start=\"752\" data-end=\"783\">Large gasket included:<\/strong> 40 \u00d7 26.5 mm<\/p>\n<\/li>\n<li data-section-id=\"1obzsug\" data-start=\"799\" data-end=\"843\">\n<p data-start=\"801\" data-end=\"843\"><strong data-start=\"801\" data-end=\"828\">Operating pressure:<\/strong> 0.5 \u2013 10 bar<\/p>\n<\/li>\n<li data-section-id=\"adjn5y\" data-start=\"844\" data-end=\"873\">\n<p data-start=\"846\" data-end=\"873\"><strong data-start=\"846\" data-end=\"859\">Use:<\/strong> drinkers<\/p>\n<\/li>\n<\/ul>\n<h3 data-section-id=\"8whuzw\" data-start=\"875\" data-end=\"896\"><strong data-start=\"879\" data-end=\"896\">Water Flow Rate<\/strong><\/h3>\n<ul data-start=\"898\" data-end=\"970\">\n<li data-section-id=\"8sx5mv\" data-start=\"898\" data-end=\"922\">\n<p data-start=\"900\" data-end=\"922\"><strong data-start=\"900\" data-end=\"920\">36 L\/min at 3 bar<\/strong><\/p>\n<\/li>\n<li data-section-id=\"2lljdb\" data-start=\"923\" data-end=\"947\">\n<p data-start=\"925\" data-end=\"947\"><strong data-start=\"925\" data-end=\"945\">39 L\/min at 4 bar<\/strong><\/p>\n<\/li>\n<li data-section-id=\"9jvw6a\" data-start=\"948\" data-end=\"970\">\n<p data-start=\"950\" data-end=\"970\"><strong data-start=\"950\" data-end=\"970\">42 L\/min at 5 bar<\/strong><\/p>\n<\/li>\n<\/ul>\n<h3 data-section-id=\"1cf253l\" data-start=\"972\" data-end=\"993\"><strong data-start=\"976\" data-end=\"993\">Installation<\/strong><\/h3>\n<p data-start=\"995\" data-end=\"1114\">For proper installation and operation, a <strong data-start=\"1069\" data-end=\"1113\">minimum clearance of 196 mm above<\/strong> is required.<\/p>\n<p>\ud83d\udc49 Request reseller pricing:  <a href=\"mailto:info@fdasrl.it\">CLICK HERE<\/a><\/p>\n<p>\ud83d\udc49 Purchase online: <a href=\"https:\/\/fda-shop.it\/shop\/articoli-per-allevamento\/abbeveratoi\/galleggiante-per-abbeveratoio-automatico#\/25-accessori_e_confezioni-singola_unita\">CLICK HERE<\/a><\/p>\n","protected":false},"excerpt":{"rendered":"<p><strong data-start=\"0\" data-end=\"64\" data-is-only-node=\"\">Float valve for drinker FAR19 with 3\/4&#8243; male connection<\/strong>, made of <strong data-start=\"80\" data-end=\"98\">durable ABS<\/strong> and complete with <strong data-start=\"113\" data-end=\"136\">integrated prefilter<\/strong> and <strong data-start=\"139\" data-end=\"167\">40 \u00d7 26.5 mm gasket<\/strong>.<br data-start=\"168\" data-end=\"171\">Allows <strong data-start=\"183\" data-end=\"221\">water level adjustment<\/strong> and ensures flow rate up to <strong data-start=\"254\" data-end=\"266\">42 L\/min<\/strong> (at 5 bar).<br data-start=\"277\" data-end=\"280\">Suitable for <strong data-start=\"303\" data-end=\"334\">livestock watering systems<\/strong>, with operating pressure <strong data-start=\"363\" data-end=\"379\">0.5 \u2013 10 bar<\/strong>.<\/p>\n","protected":false},"featured_media":1191,"comment_status":"open","ping_status":"closed","template":"","meta":{"_et_pb_use_builder":"","_et_pb_old_content":"","_et_gb_content_width":""},"product_brand":[],"product_cat":[549,506,507,508],"product_tag":[617],"class_list":{"0":"post-2699","1":"product","2":"type-product","3":"status-publish","4":"has-post-thumbnail","6":"product_cat-drinking-troughs-2","7":"product_cat-drinking-troughs","8":"product_cat-stainless-steel-troughs-for-stables","9":"product_cat-valves-and-float-valves","10":"product_tag-far19","12":"first","13":"instock","14":"shipping-taxable","15":"product-type-simple"},"yoast_head":"<!-- This site is optimized with the Yoast SEO Premium plugin v27.5 (Yoast SEO v27.6) - https:\/\/yoast.com\/product\/yoast-seo-premium-wordpress\/ -->\n<title>Drinker Float Valve 3\/4 with Prefilter and Adjustment<\/title>\n<meta name=\"description\" content=\"Maintain constant water level with the 3\/4 drinker float valve with prefilter. Reliability and quality for your farm!\" \/>\n<meta name=\"robots\" content=\"index, follow, max-snippet:-1, max-image-preview:large, max-video-preview:-1\" \/>\n<link rel=\"canonical\" href=\"https:\/\/fdasrl.it\/en\/prodotto\/drinker-float-valve-with-prefilter-3-4-far19\/\" \/>\n<meta property=\"og:locale\" content=\"en_US\" \/>\n<meta property=\"og:type\" content=\"article\" \/>\n<meta property=\"og:title\" content=\"Drinker Float Valve with Prefilter 3\/4&quot; \u2013 FAR19\" \/>\n<meta property=\"og:description\" content=\"Maintain constant water level with the 3\/4 drinker float valve with prefilter. Reliability and quality for your farm!\" \/>\n<meta property=\"og:url\" content=\"https:\/\/fdasrl.it\/en\/prodotto\/drinker-float-valve-with-prefilter-3-4-far19\/\" \/>\n<meta property=\"og:site_name\" content=\"FDA srl\" \/>\n<meta property=\"article:publisher\" content=\"https:\/\/www.facebook.com\/share\/1MWhFWg1Tp\/?mibextid=LQQJ4d\" \/>\n<meta property=\"og:image\" content=\"https:\/\/fdasrl.it\/wp-content\/uploads\/2026\/03\/Galleggiante-per-abbeveratoio-con-prefiltro-FAR19.png\" \/>\n\t<meta property=\"og:image:width\" content=\"651\" \/>\n\t<meta property=\"og:image:height\" content=\"383\" \/>\n\t<meta property=\"og:image:type\" content=\"image\/png\" \/>\n<meta name=\"twitter:card\" content=\"summary_large_image\" \/>\n<meta name=\"twitter:label1\" content=\"Price\" \/>\n\t<meta name=\"twitter:data1\" content=\"\" \/>\n\t<meta name=\"twitter:label2\" content=\"Availability\" \/>\n\t<meta name=\"twitter:data2\" content=\"In stock\" \/>\n<meta property=\"product:price:currency\" content=\"EUR\" \/>\n<meta property=\"og:availability\" content=\"instock\" \/>\n<meta property=\"product:availability\" content=\"instock\" \/>\n<meta property=\"product:retailer_item_id\" content=\"FAR19\" \/>\n<meta property=\"product:condition\" content=\"new\" \/>\n<!-- \/ Yoast SEO Premium plugin. -->","yoast_head_json":{"title":"Drinker Float Valve 3\/4 with Prefilter and Adjustment","description":"Maintain constant water level with the 3\/4 drinker float valve with prefilter. Reliability and quality for your farm!","robots":{"index":"index","follow":"follow","max-snippet":"max-snippet:-1","max-image-preview":"max-image-preview:large","max-video-preview":"max-video-preview:-1"},"canonical":"https:\/\/fdasrl.it\/en\/prodotto\/drinker-float-valve-with-prefilter-3-4-far19\/","og_locale":"en_US","og_type":"article","og_title":"Drinker Float Valve with Prefilter 3\/4\" \u2013 FAR19","og_description":"Maintain constant water level with the 3\/4 drinker float valve with prefilter. Reliability and quality for your farm!","og_url":"https:\/\/fdasrl.it\/en\/prodotto\/drinker-float-valve-with-prefilter-3-4-far19\/","og_site_name":"FDA srl","article_publisher":"https:\/\/www.facebook.com\/share\/1MWhFWg1Tp\/?mibextid=LQQJ4d","og_image":[{"width":651,"height":383,"url":"https:\/\/fdasrl.it\/wp-content\/uploads\/2026\/03\/Galleggiante-per-abbeveratoio-con-prefiltro-FAR19.png","type":"image\/png"}],"twitter_card":"summary_large_image","twitter_misc":{"Price":"","Availability":"In stock"},"schema":{"@context":"https:\/\/schema.org","@graph":[{"@type":"WebPage","@id":"https:\/\/fdasrl.it\/en\/prodotto\/drinker-float-valve-with-prefilter-3-4-far19\/","url":"https:\/\/fdasrl.it\/en\/prodotto\/drinker-float-valve-with-prefilter-3-4-far19\/","name":"Drinker Float Valve 3\/4 with Prefilter and Adjustment","isPartOf":{"@id":"https:\/\/fdasrl.it\/en\/#website"},"primaryImageOfPage":{"@id":"https:\/\/fdasrl.it\/en\/prodotto\/drinker-float-valve-with-prefilter-3-4-far19\/#primaryimage"},"image":{"@id":"https:\/\/fdasrl.it\/en\/prodotto\/drinker-float-valve-with-prefilter-3-4-far19\/#primaryimage"},"thumbnailUrl":"https:\/\/fdasrl.it\/wp-content\/uploads\/2026\/03\/Galleggiante-per-abbeveratoio-con-prefiltro-FAR19.png","datePublished":"2026-03-06T13:03:03+00:00","description":"Maintain constant water level with the 3\/4 drinker float valve with prefilter. Reliability and quality for your farm!","breadcrumb":{"@id":"https:\/\/fdasrl.it\/en\/prodotto\/drinker-float-valve-with-prefilter-3-4-far19\/#breadcrumb"},"inLanguage":"en-US","potentialAction":[{"@type":"ReadAction","target":["https:\/\/fdasrl.it\/en\/prodotto\/drinker-float-valve-with-prefilter-3-4-far19\/"]}]},{"@type":"ImageObject","inLanguage":"en-US","@id":"https:\/\/fdasrl.it\/en\/prodotto\/drinker-float-valve-with-prefilter-3-4-far19\/#primaryimage","url":"https:\/\/fdasrl.it\/wp-content\/uploads\/2026\/03\/Galleggiante-per-abbeveratoio-con-prefiltro-FAR19.png","contentUrl":"https:\/\/fdasrl.it\/wp-content\/uploads\/2026\/03\/Galleggiante-per-abbeveratoio-con-prefiltro-FAR19.png","width":651,"height":383,"caption":"FAR19 float valve for automatic drinkers with integrated prefilter and 3\/4\" connection."},{"@type":"BreadcrumbList","@id":"https:\/\/fdasrl.it\/en\/prodotto\/drinker-float-valve-with-prefilter-3-4-far19\/#breadcrumb","itemListElement":[{"@type":"ListItem","position":1,"name":"Home","item":"https:\/\/fdasrl.it\/en\/home\/"},{"@type":"ListItem","position":2,"name":"Shop","item":"https:\/\/fdasrl.it\/en\/shop\/"},{"@type":"ListItem","position":3,"name":"Drinker Float Valve with Prefilter 3\/4&#8243; \u2013 FAR19"}]},{"@type":"WebSite","@id":"https:\/\/fdasrl.it\/en\/#website","url":"https:\/\/fdasrl.it\/en\/","name":"FDA srl","description":"Equipment for animal husbandry","publisher":{"@id":"https:\/\/fdasrl.it\/en\/#organization"},"potentialAction":[{"@type":"SearchAction","target":{"@type":"EntryPoint","urlTemplate":"https:\/\/fdasrl.it\/en\/?s={search_term_string}"},"query-input":{"@type":"PropertyValueSpecification","valueRequired":true,"valueName":"search_term_string"}}],"inLanguage":"en-US"},{"@type":"Organization","@id":"https:\/\/fdasrl.it\/en\/#organization","name":"FDA srl","url":"https:\/\/fdasrl.it\/en\/","logo":{"@type":"ImageObject","inLanguage":"en-US","@id":"https:\/\/fdasrl.it\/en\/#\/schema\/logo\/image\/","url":"https:\/\/fdasrl.it\/wp-content\/uploads\/2024\/12\/Logo-FDA.png","contentUrl":"https:\/\/fdasrl.it\/wp-content\/uploads\/2024\/12\/Logo-FDA.png","width":316,"height":119,"caption":"FDA srl"},"image":{"@id":"https:\/\/fdasrl.it\/en\/#\/schema\/logo\/image\/"},"sameAs":["https:\/\/www.facebook.com\/share\/1MWhFWg1Tp\/?mibextid=LQQJ4d","https:\/\/www.instagram.com\/fda_srl\/profilecard\/?igsh=YW5lbzJ6MWg0d21u","https:\/\/www.youtube.com\/@FDASRL_ANIMALCARE"],"description":"FDA SRL \u2013 Equipment for animal husbandry nasce con l\u2019obiettivo di offrire soluzioni affidabili e innovative per l\u2019allevamento moderno. Con anni di esperienza nel settore zootecnico, progettiamo e realizziamo attrezzature destinate al benessere animale e alla gestione efficiente delle stalle: vasche, abbeveratoi, mangiatoie e sistemi di riscaldamento pensati per durare nel tempo e semplificare il lavoro quotidiano degli allevatori. Dalla progettazione alla produzione, ogni nostro prodotto \u00e8 studiato nei minimi dettagli, testato con cura e costruito per rispondere alle esigenze reali del settore. La nostra forza \u00e8 unire artigianalit\u00e0, tecnologia e competenza tecnica per trasformare ogni progetto in una soluzione concreta e funzionale. Oggi FDA SRL \u00e8 un punto di riferimento per privati e rivenditori che cercano qualit\u00e0, affidabilit\u00e0 e innovazione nelle attrezzature per l\u2019allevamento.","email":"info@fdasrl.it","telephone":"+390522826820","legalName":"F.D.A. SRL","foundingDate":"2024-10-13","vatID":"03075840359","taxID":"03075840359","numberOfEmployees":{"@type":"QuantitativeValue","minValue":"1","maxValue":"10"}}]},"product_price_currency":"EUR","og_availability":"instock","product_availability":"instock","product_retailer_item_id":"FAR19","product_condition":"new"},"_links":{"self":[{"href":"https:\/\/fdasrl.it\/en\/wp-json\/wp\/v2\/product\/2699","targetHints":{"allow":["GET"]}}],"collection":[{"href":"https:\/\/fdasrl.it\/en\/wp-json\/wp\/v2\/product"}],"about":[{"href":"https:\/\/fdasrl.it\/en\/wp-json\/wp\/v2\/types\/product"}],"replies":[{"embeddable":true,"href":"https:\/\/fdasrl.it\/en\/wp-json\/wp\/v2\/comments?post=2699"}],"wp:featuredmedia":[{"embeddable":true,"href":"https:\/\/fdasrl.it\/en\/wp-json\/wp\/v2\/media\/1191"}],"wp:attachment":[{"href":"https:\/\/fdasrl.it\/en\/wp-json\/wp\/v2\/media?parent=2699"}],"wp:term":[{"taxonomy":"product_brand","embeddable":true,"href":"https:\/\/fdasrl.it\/en\/wp-json\/wp\/v2\/product_brand?post=2699"},{"taxonomy":"product_cat","embeddable":true,"href":"https:\/\/fdasrl.it\/en\/wp-json\/wp\/v2\/product_cat?post=2699"},{"taxonomy":"product_tag","embeddable":true,"href":"https:\/\/fdasrl.it\/en\/wp-json\/wp\/v2\/product_tag?post=2699"}],"curies":[{"name":"wp","href":"https:\/\/api.w.org\/{rel}","templated":true}]}}