{"id":3237,"date":"2025-01-21T13:34:38","date_gmt":"2025-01-21T12:34:38","guid":{"rendered":"https:\/\/fdasrl.it\/prodotto\/400-l-min-dry-vacuum-pump-with-electric-motor\/"},"modified":"2025-01-21T13:34:38","modified_gmt":"2025-01-21T12:34:38","slug":"400-l-min-dry-vacuum-pump-with-electric-motor","status":"publish","type":"product","link":"https:\/\/fdasrl.it\/en\/prodotto\/400-l-min-dry-vacuum-pump-with-electric-motor\/","title":{"rendered":"400 l\/min dry vacuum pump with electric motor"},"content":{"rendered":"<h4 data-start=\"170\" data-end=\"241\"><strong data-start=\"170\" data-end=\"241\">Centrifugal dry vacuum pump with graphite vanes and electric motor \u2013 400 l\/min flow rate<\/strong><\/h4>\n<p class=\"\" data-start=\"243\" data-end=\"505\">Dry vacuum pump with graphite vanes, ideal for livestock applications requiring reliability and no lubrication.<br data-start=\"383\" data-end=\"386\"><strong data-start=\"386\" data-end=\"440\">Particularly suitable for mobile milking machines<\/strong>, this pump guarantees high performance and durability.<\/p>\n<p class=\"\" data-start=\"507\" data-end=\"538\"><strong data-start=\"507\" data-end=\"538\">Main features:<\/strong><\/p>\n<ul data-start=\"540\" data-end=\"996\">\n<li class=\"\" data-start=\"540\" data-end=\"588\">\n<p class=\"\" data-start=\"542\" data-end=\"588\"><strong data-start=\"542\" data-end=\"551\">Type:<\/strong> Centrifugal dry vacuum pump<\/p>\n<\/li>\n<li class=\"\" data-start=\"589\" data-end=\"615\">\n<p class=\"\" data-start=\"591\" data-end=\"615\"><strong data-start=\"591\" data-end=\"603\">Flow rate:<\/strong> 400 l\/min<\/p>\n<\/li>\n<li class=\"\" data-start=\"616\" data-end=\"661\">\n<p class=\"\" data-start=\"618\" data-end=\"661\"><strong data-start=\"618\" data-end=\"630\">Vanes:<\/strong> Graphite<\/p>\n<\/li>\n<li class=\"\" data-start=\"662\" data-end=\"778\">\n<p class=\"\" data-start=\"664\" data-end=\"778\"><strong data-start=\"664\" data-end=\"681\">Application:<\/strong> Ideal for mobile milking machines<\/p>\n<\/li>\n<li class=\"\" data-start=\"779\" data-end=\"876\">\n<p class=\"\" data-start=\"781\" data-end=\"805\"><strong data-start=\"781\" data-end=\"803\">Included accessories:<\/strong><\/p>\n<ul data-start=\"808\" data-end=\"876\">\n<li class=\"\" data-start=\"808\" data-end=\"831\">\n<p class=\"\" data-start=\"810\" data-end=\"831\">Exhaust silencer<\/p>\n<\/li>\n<li class=\"\" data-start=\"834\" data-end=\"876\">\n<p class=\"\" data-start=\"836\" data-end=\"876\">On\/off switch<\/p>\n<\/li>\n<\/ul>\n<\/li>\n<li class=\"\" data-start=\"877\" data-end=\"969\">\n<p class=\"\" data-start=\"879\" data-end=\"902\"><strong data-start=\"879\" data-end=\"900\">Electric motor:<\/strong><\/p>\n<ul data-start=\"905\" data-end=\"969\">\n<li class=\"\" data-start=\"905\" data-end=\"924\">\n<p class=\"\" data-start=\"907\" data-end=\"924\">Power: 1.1 kW<\/p>\n<\/li>\n<li class=\"\" data-start=\"927\" data-end=\"946\">\n<p class=\"\" data-start=\"929\" data-end=\"946\">Voltage: 220 V<\/p>\n<\/li>\n<li class=\"\" data-start=\"949\" data-end=\"969\">\n<p class=\"\" data-start=\"951\" data-end=\"969\">Frequency: 50 Hz<\/p>\n<\/li>\n<\/ul>\n<\/li>\n<\/ul>\n<p>Buy it on our <a href=\"https:\/\/fda-shop.it\/shop\/pompa-del-vuoto-a-secco-400-l-min-con-motore-elettrico\" target=\"_blank\" rel=\"noopener\">online shop<\/a><\/p>\n","protected":false},"excerpt":{"rendered":"<p class=\"\" data-start=\"70\" data-end=\"300\"><strong data-start=\"70\" data-end=\"300\">Dry vacuum pump with graphite vanes, 400 l\/min flow rate, ideal for mobile milking machines and livestock applications. Reliable, oil-free, complete with silencer, switch, and 1.1 kW electric motor. <\/strong><\/p>\n","protected":false},"featured_media":489,"comment_status":"open","ping_status":"closed","template":"","meta":{"_et_pb_use_builder":"","_et_pb_old_content":"","_et_gb_content_width":""},"product_brand":[],"product_cat":[490,390],"product_tag":[809],"class_list":{"0":"post-3237","1":"product","2":"type-product","3":"status-publish","4":"has-post-thumbnail","6":"product_cat-milking-machine-accessories","7":"product_cat-portable-milking-machines","8":"product_tag-facm20700","10":"first","11":"instock","12":"shipping-taxable","13":"product-type-simple"},"yoast_head":"<!-- This site is optimized with the Yoast SEO Premium plugin v27.5 (Yoast SEO v27.6) - https:\/\/yoast.com\/product\/yoast-seo-premium-wordpress\/ -->\n<title>Dry vacuum pump with graphite vanes: High performance - FDA srl<\/title>\n<meta name=\"description\" content=\"The dry vacuum pump with graphite vanes is designed for long-lasting performance. Get the most for your milking machines! \ud83d\udd27\" \/>\n<meta name=\"robots\" content=\"index, follow, max-snippet:-1, max-image-preview:large, max-video-preview:-1\" \/>\n<link rel=\"canonical\" href=\"https:\/\/fdasrl.it\/en\/prodotto\/400-l-min-dry-vacuum-pump-with-electric-motor\/\" \/>\n<meta property=\"og:locale\" content=\"en_US\" \/>\n<meta property=\"og:type\" content=\"article\" \/>\n<meta property=\"og:title\" content=\"400 l\/min dry vacuum pump with electric motor\" \/>\n<meta property=\"og:description\" content=\"The dry vacuum pump with graphite vanes is designed for long-lasting performance. Get the most for your milking machines! \ud83d\udd27\" \/>\n<meta property=\"og:url\" content=\"https:\/\/fdasrl.it\/en\/prodotto\/400-l-min-dry-vacuum-pump-with-electric-motor\/\" \/>\n<meta property=\"og:site_name\" content=\"FDA srl\" \/>\n<meta property=\"article:publisher\" content=\"https:\/\/www.facebook.com\/share\/1MWhFWg1Tp\/?mibextid=LQQJ4d\" \/>\n<meta property=\"og:image\" content=\"https:\/\/fdasrl.it\/wp-content\/uploads\/2025\/01\/motore400.jpg\" \/>\n\t<meta property=\"og:image:width\" content=\"800\" \/>\n\t<meta property=\"og:image:height\" content=\"737\" \/>\n\t<meta property=\"og:image:type\" content=\"image\/jpeg\" \/>\n<meta name=\"twitter:card\" content=\"summary_large_image\" \/>\n<meta name=\"twitter:label1\" content=\"Price\" \/>\n\t<meta name=\"twitter:data1\" content=\"\" \/>\n\t<meta name=\"twitter:label2\" content=\"Availability\" \/>\n\t<meta name=\"twitter:data2\" content=\"In stock\" \/>\n<meta property=\"product:price:currency\" content=\"EUR\" \/>\n<meta property=\"og:availability\" content=\"instock\" \/>\n<meta property=\"product:availability\" content=\"instock\" \/>\n<meta property=\"product:retailer_item_id\" content=\"FACM20700\" \/>\n<meta property=\"product:condition\" content=\"new\" \/>\n<!-- \/ Yoast SEO Premium plugin. -->","yoast_head_json":{"title":"Dry vacuum pump with graphite vanes: High performance - FDA srl","description":"The dry vacuum pump with graphite vanes is designed for long-lasting performance. Get the most for your milking machines! \ud83d\udd27","robots":{"index":"index","follow":"follow","max-snippet":"max-snippet:-1","max-image-preview":"max-image-preview:large","max-video-preview":"max-video-preview:-1"},"canonical":"https:\/\/fdasrl.it\/en\/prodotto\/400-l-min-dry-vacuum-pump-with-electric-motor\/","og_locale":"en_US","og_type":"article","og_title":"400 l\/min dry vacuum pump with electric motor","og_description":"The dry vacuum pump with graphite vanes is designed for long-lasting performance. Get the most for your milking machines! \ud83d\udd27","og_url":"https:\/\/fdasrl.it\/en\/prodotto\/400-l-min-dry-vacuum-pump-with-electric-motor\/","og_site_name":"FDA srl","article_publisher":"https:\/\/www.facebook.com\/share\/1MWhFWg1Tp\/?mibextid=LQQJ4d","og_image":[{"width":800,"height":737,"url":"https:\/\/fdasrl.it\/wp-content\/uploads\/2025\/01\/motore400.jpg","type":"image\/jpeg"}],"twitter_card":"summary_large_image","twitter_misc":{"Price":"","Availability":"In stock"},"schema":{"@context":"https:\/\/schema.org","@graph":[{"@type":"WebPage","@id":"https:\/\/fdasrl.it\/en\/prodotto\/400-l-min-dry-vacuum-pump-with-electric-motor\/","url":"https:\/\/fdasrl.it\/en\/prodotto\/400-l-min-dry-vacuum-pump-with-electric-motor\/","name":"Dry vacuum pump with graphite vanes: High performance - FDA srl","isPartOf":{"@id":"https:\/\/fdasrl.it\/en\/#website"},"primaryImageOfPage":{"@id":"https:\/\/fdasrl.it\/en\/prodotto\/400-l-min-dry-vacuum-pump-with-electric-motor\/#primaryimage"},"image":{"@id":"https:\/\/fdasrl.it\/en\/prodotto\/400-l-min-dry-vacuum-pump-with-electric-motor\/#primaryimage"},"thumbnailUrl":"https:\/\/fdasrl.it\/wp-content\/uploads\/2025\/01\/motore400.jpg","datePublished":"2025-01-21T12:34:38+00:00","description":"The dry vacuum pump with graphite vanes is designed for long-lasting performance. Get the most for your milking machines! \ud83d\udd27","breadcrumb":{"@id":"https:\/\/fdasrl.it\/en\/prodotto\/400-l-min-dry-vacuum-pump-with-electric-motor\/#breadcrumb"},"inLanguage":"en-US","potentialAction":[{"@type":"ReadAction","target":["https:\/\/fdasrl.it\/en\/prodotto\/400-l-min-dry-vacuum-pump-with-electric-motor\/"]}]},{"@type":"ImageObject","inLanguage":"en-US","@id":"https:\/\/fdasrl.it\/en\/prodotto\/400-l-min-dry-vacuum-pump-with-electric-motor\/#primaryimage","url":"https:\/\/fdasrl.it\/wp-content\/uploads\/2025\/01\/motore400.jpg","contentUrl":"https:\/\/fdasrl.it\/wp-content\/uploads\/2025\/01\/motore400.jpg","width":800,"height":737},{"@type":"BreadcrumbList","@id":"https:\/\/fdasrl.it\/en\/prodotto\/400-l-min-dry-vacuum-pump-with-electric-motor\/#breadcrumb","itemListElement":[{"@type":"ListItem","position":1,"name":"Home","item":"https:\/\/fdasrl.it\/en\/home\/"},{"@type":"ListItem","position":2,"name":"Shop","item":"https:\/\/fdasrl.it\/en\/shop\/"},{"@type":"ListItem","position":3,"name":"400 l\/min dry vacuum pump with electric motor"}]},{"@type":"WebSite","@id":"https:\/\/fdasrl.it\/en\/#website","url":"https:\/\/fdasrl.it\/en\/","name":"FDA srl","description":"Equipment for animal husbandry","publisher":{"@id":"https:\/\/fdasrl.it\/en\/#organization"},"potentialAction":[{"@type":"SearchAction","target":{"@type":"EntryPoint","urlTemplate":"https:\/\/fdasrl.it\/en\/?s={search_term_string}"},"query-input":{"@type":"PropertyValueSpecification","valueRequired":true,"valueName":"search_term_string"}}],"inLanguage":"en-US"},{"@type":"Organization","@id":"https:\/\/fdasrl.it\/en\/#organization","name":"FDA srl","url":"https:\/\/fdasrl.it\/en\/","logo":{"@type":"ImageObject","inLanguage":"en-US","@id":"https:\/\/fdasrl.it\/en\/#\/schema\/logo\/image\/","url":"https:\/\/fdasrl.it\/wp-content\/uploads\/2024\/12\/Logo-FDA.png","contentUrl":"https:\/\/fdasrl.it\/wp-content\/uploads\/2024\/12\/Logo-FDA.png","width":316,"height":119,"caption":"FDA srl"},"image":{"@id":"https:\/\/fdasrl.it\/en\/#\/schema\/logo\/image\/"},"sameAs":["https:\/\/www.facebook.com\/share\/1MWhFWg1Tp\/?mibextid=LQQJ4d","https:\/\/www.instagram.com\/fda_srl\/profilecard\/?igsh=YW5lbzJ6MWg0d21u","https:\/\/www.youtube.com\/@FDASRL_ANIMALCARE"],"description":"FDA SRL \u2013 Equipment for animal husbandry nasce con l\u2019obiettivo di offrire soluzioni affidabili e innovative per l\u2019allevamento moderno. Con anni di esperienza nel settore zootecnico, progettiamo e realizziamo attrezzature destinate al benessere animale e alla gestione efficiente delle stalle: vasche, abbeveratoi, mangiatoie e sistemi di riscaldamento pensati per durare nel tempo e semplificare il lavoro quotidiano degli allevatori. Dalla progettazione alla produzione, ogni nostro prodotto \u00e8 studiato nei minimi dettagli, testato con cura e costruito per rispondere alle esigenze reali del settore. La nostra forza \u00e8 unire artigianalit\u00e0, tecnologia e competenza tecnica per trasformare ogni progetto in una soluzione concreta e funzionale. Oggi FDA SRL \u00e8 un punto di riferimento per privati e rivenditori che cercano qualit\u00e0, affidabilit\u00e0 e innovazione nelle attrezzature per l\u2019allevamento.","email":"info@fdasrl.it","telephone":"+390522826820","legalName":"F.D.A. SRL","foundingDate":"2024-10-13","vatID":"03075840359","taxID":"03075840359","numberOfEmployees":{"@type":"QuantitativeValue","minValue":"1","maxValue":"10"}}]},"product_price_currency":"EUR","og_availability":"instock","product_availability":"instock","product_retailer_item_id":"FACM20700","product_condition":"new"},"_links":{"self":[{"href":"https:\/\/fdasrl.it\/en\/wp-json\/wp\/v2\/product\/3237","targetHints":{"allow":["GET"]}}],"collection":[{"href":"https:\/\/fdasrl.it\/en\/wp-json\/wp\/v2\/product"}],"about":[{"href":"https:\/\/fdasrl.it\/en\/wp-json\/wp\/v2\/types\/product"}],"replies":[{"embeddable":true,"href":"https:\/\/fdasrl.it\/en\/wp-json\/wp\/v2\/comments?post=3237"}],"wp:featuredmedia":[{"embeddable":true,"href":"https:\/\/fdasrl.it\/en\/wp-json\/wp\/v2\/media\/489"}],"wp:attachment":[{"href":"https:\/\/fdasrl.it\/en\/wp-json\/wp\/v2\/media?parent=3237"}],"wp:term":[{"taxonomy":"product_brand","embeddable":true,"href":"https:\/\/fdasrl.it\/en\/wp-json\/wp\/v2\/product_brand?post=3237"},{"taxonomy":"product_cat","embeddable":true,"href":"https:\/\/fdasrl.it\/en\/wp-json\/wp\/v2\/product_cat?post=3237"},{"taxonomy":"product_tag","embeddable":true,"href":"https:\/\/fdasrl.it\/en\/wp-json\/wp\/v2\/product_tag?post=3237"}],"curies":[{"name":"wp","href":"https:\/\/api.w.org\/{rel}","templated":true}]}}