{"id":3359,"date":"2025-05-09T12:37:48","date_gmt":"2025-05-09T10:37:48","guid":{"rendered":"https:\/\/fdasrl.it\/prodotto\/non-slip-puzzle-rubber-mats-for-stables\/"},"modified":"2025-05-09T12:37:48","modified_gmt":"2025-05-09T10:37:48","slug":"non-slip-puzzle-rubber-mats-for-stables","status":"publish","type":"product","link":"https:\/\/fdasrl.it\/en\/prodotto\/non-slip-puzzle-rubber-mats-for-stables\/","title":{"rendered":"Non-slip puzzle rubber mats for stables"},"content":{"rendered":"<h2 class=\"\" data-start=\"207\" data-end=\"327\"><strong data-start=\"210\" data-end=\"327\">SOFA PZ puzzle rubber mats \u2013 Modular non-slip flooring for stables, cubicles, stalls, and milking parlors<\/strong><\/h2>\n<p class=\"\" data-start=\"329\" data-end=\"737\"><strong data-start=\"332\" data-end=\"368\">SOFA PZ puzzle rubber mats<\/strong> represent a professional and effective solution for improving safety, hygiene, and animal comfort within stables. Designed for intensive livestock use, these <strong data-start=\"574\" data-end=\"613\">modular non-slip floors<\/strong> adapt perfectly to all stable surfaces, ensuring <strong data-start=\"686\" data-end=\"736\">durability, resistance, and ease of installation<\/strong>. <\/p>\n<h3 class=\"\" data-start=\"739\" data-end=\"769\">\u2705 <strong data-start=\"745\" data-end=\"768\">Ideal applications<\/strong>:<\/h3>\n<ul data-start=\"770\" data-end=\"1000\">\n<li class=\"\" data-start=\"770\" data-end=\"804\">\n<p class=\"\" data-start=\"772\" data-end=\"804\">Cubicles and walkways<\/p>\n<\/li>\n<li class=\"\" data-start=\"805\" data-end=\"839\">\n<p class=\"\" data-start=\"807\" data-end=\"839\">Milking parlors and holding areas<\/p>\n<\/li>\n<li class=\"\" data-start=\"840\" data-end=\"887\">\n<p class=\"\" data-start=\"842\" data-end=\"887\">Slatted floors and transit areas<\/p>\n<\/li>\n<li class=\"\" data-start=\"888\" data-end=\"934\">\n<p class=\"\" data-start=\"890\" data-end=\"934\">Tie-stalls and feeding areas<\/p>\n<\/li>\n<li class=\"\" data-start=\"935\" data-end=\"961\">\n<p class=\"\" data-start=\"937\" data-end=\"961\">Infirmary and calving pens<\/p>\n<\/li>\n<li class=\"\" data-start=\"962\" data-end=\"1000\">\n<p class=\"\" data-start=\"964\" data-end=\"1000\">Calf and youngstock pens<\/p>\n<\/li>\n<\/ul>\n<h3 class=\"\" data-start=\"1002\" data-end=\"1053\">\u2b50 <strong data-start=\"1008\" data-end=\"1052\">Main advantages of SOFA PZ mats<\/strong>:<\/h3>\n<ul data-start=\"1054\" data-end=\"2006\">\n<li class=\"\" data-start=\"1054\" data-end=\"1191\">\n<p class=\"\" data-start=\"1056\" data-end=\"1191\"><strong data-start=\"1056\" data-end=\"1098\">Comfort and safety for your animals<\/strong>: the elastic surface reduces fatigue and improves the quality of life for livestock.<\/p>\n<\/li>\n<li class=\"\" data-start=\"1192\" data-end=\"1316\">\n<p class=\"\" data-start=\"1194\" data-end=\"1316\"><strong data-start=\"1194\" data-end=\"1220\">Non-slip surface<\/strong>: designed to reduce the risk of falls even in the presence of moisture or organic waste.<\/p>\n<\/li>\n<li class=\"\" data-start=\"1317\" data-end=\"1425\">\n<p class=\"\" data-start=\"1319\" data-end=\"1425\"><strong data-start=\"1319\" data-end=\"1349\">Enhanced animal welfare<\/strong>: comfort under the hooves helps prevent lameness, injuries, and stress.<\/p>\n<\/li>\n<li class=\"\" data-start=\"1426\" data-end=\"1531\">\n<p class=\"\" data-start=\"1428\" data-end=\"1531\"><strong data-start=\"1428\" data-end=\"1450\">Thermal insulation<\/strong>: protects against cold floors, ideal for winter periods or damp environments.<\/p>\n<\/li>\n<li class=\"\" data-start=\"1532\" data-end=\"1651\">\n<p class=\"\" data-start=\"1534\" data-end=\"1651\"><strong data-start=\"1534\" data-end=\"1562\">Effective cushioning<\/strong>: reduces impact on joints and ligaments, improving animal mobility.<\/p>\n<\/li>\n<li class=\"\" data-start=\"1652\" data-end=\"1766\">\n<p class=\"\" data-start=\"1654\" data-end=\"1766\"><strong data-start=\"1654\" data-end=\"1677\">Easy to clean<\/strong>: compact and waterproof surface that facilitates daily washing operations.<\/p>\n<\/li>\n<li class=\"\" data-start=\"1767\" data-end=\"1879\">\n<p class=\"\" data-start=\"1769\" data-end=\"1879\"><strong data-start=\"1769\" data-end=\"1801\">High wear resistance<\/strong>: durable material even under heavy traffic and stress conditions.<\/p>\n<\/li>\n<li class=\"\" data-start=\"1880\" data-end=\"2006\">\n<p class=\"\" data-start=\"1882\" data-end=\"2006\"><strong data-start=\"1882\" data-end=\"1917\">Quick and easy installation<\/strong>: puzzle-type interlocking system, adaptable to any surface, even irregular ones.<\/p>\n<\/li>\n<\/ul>\n<h3 class=\"\" data-start=\"2008\" data-end=\"2044\">\ud83d\udcd0 <strong data-start=\"2015\" data-end=\"2043\">Technical specifications<\/strong>:<\/h3>\n<ul data-start=\"2045\" data-end=\"2208\">\n<li class=\"\" data-start=\"2045\" data-end=\"2089\">\n<p class=\"\" data-start=\"2047\" data-end=\"2089\">Material: high-density technical rubber<\/p>\n<\/li>\n<li class=\"\" data-start=\"2090\" data-end=\"2122\">\n<p class=\"\" data-start=\"2092\" data-end=\"2122\">Interlocking modular format<\/p>\n<\/li>\n<li class=\"\" data-start=\"2123\" data-end=\"2178\">\n<p class=\"\" data-start=\"2125\" data-end=\"2178\">Customizable thickness and dimensions on request<\/p>\n<\/li>\n<li class=\"\" data-start=\"2179\" data-end=\"2208\">\n<p class=\"\" data-start=\"2181\" data-end=\"2208\">Color: black or on request<\/p>\n<\/li>\n<\/ul>\n<hr class=\"\" data-start=\"2210\" data-end=\"2213\">\n<h3 class=\"\" data-start=\"2215\" data-end=\"2279\">\ud83d\udc04 <strong data-start=\"2222\" data-end=\"2279\">Why choose SOFA PZ mats for your stable?<\/strong><\/h3>\n<p class=\"\" data-start=\"2280\" data-end=\"2615\">SOFA PZ mats significantly improve environmental conditions in stables, contributing to <strong data-start=\"2383\" data-end=\"2404\">animal welfare<\/strong>, <strong data-start=\"2411\" data-end=\"2440\">livestock productivity<\/strong>, and <strong data-start=\"2448\" data-end=\"2477\">operator safety<\/strong>.<br data-start=\"2478\" data-end=\"2481\">An ideal solution for cattle, sheep, and pig farms, particularly effective in areas subject to high humidity or movement.<\/p>\n<p>&nbsp;<\/p>\n","protected":false},"excerpt":{"rendered":"<p><strong data-start=\"147\" data-end=\"194\">SOFA PZ puzzle rubber mats for stables<\/strong>: modular non-slip flooring for cubicles, milking parlors, calving pens, and walkways. Comfort, safety, and welfare for your animals. <\/p>\n<p>Download technical data sheets:<\/p>\n<p><strong data-start=\"147\" data-end=\"194\"><a href=\"https:\/\/fdasrl.it\/wp-content\/uploads\/2025\/05\/Scheda-tecnica-GOMMA-SOFA-IT_compressed.pdf\">Technical data sheet GOMMA SOFA IT PUZZLE<\/a><\/strong><\/p>\n<p><strong><a href=\"https:\/\/fdasrl.it\/wp-content\/uploads\/2025\/05\/Tecnical-Data-Sheet-GOMMA-SOFA-EN.pdf\">Technical Data Sheet GOMMA SOFA EN PUZZLE<\/a><\/strong><\/p>\n","protected":false},"featured_media":781,"comment_status":"open","ping_status":"closed","template":"","meta":{"_et_pb_use_builder":"","_et_pb_old_content":"","_et_gb_content_width":""},"product_brand":[],"product_cat":[675,389,674,613,676,677,678],"product_tag":[836,837],"class_list":{"0":"post-3359","1":"product","2":"type-product","3":"status-publish","4":"has-post-thumbnail","6":"product_cat-animal-welfare","7":"product_cat-cattle","8":"product_cat-hoof-cleaning-and-non-slip-mats-for-cows","9":"product_cat-horses","10":"product_cat-non-slip-mats-for-equines","11":"product_cat-non-slip-rubber-mats","12":"product_cat-non-slip-rubber-mats-for-swine","13":"product_tag-sofa-pz","14":"product_tag-sofapz","16":"first","17":"instock","18":"shipping-taxable","19":"product-type-simple"},"yoast_head":"<!-- This site is optimized with the Yoast SEO Premium plugin v27.5 (Yoast SEO v27.5) - https:\/\/yoast.com\/product\/yoast-seo-premium-wordpress\/ -->\n<title>Non-Slip Puzzle Mats For Stables: Safety and Comfort - FDA srl<\/title>\n<meta name=\"description\" content=\"Improve animal comfort and safety with non-slip puzzle mats for stables. Designed to last and adapt to any surface!\" \/>\n<meta name=\"robots\" content=\"index, follow, max-snippet:-1, max-image-preview:large, max-video-preview:-1\" \/>\n<link rel=\"canonical\" href=\"https:\/\/fdasrl.it\/en\/prodotto\/non-slip-puzzle-rubber-mats-for-stables\/\" \/>\n<meta property=\"og:locale\" content=\"en_US\" \/>\n<meta property=\"og:type\" content=\"article\" \/>\n<meta property=\"og:title\" content=\"Non-slip puzzle rubber mats for stables\" \/>\n<meta property=\"og:description\" content=\"Improve animal comfort and safety with non-slip puzzle mats for stables. Designed to last and adapt to any surface!\" \/>\n<meta property=\"og:url\" content=\"https:\/\/fdasrl.it\/en\/prodotto\/non-slip-puzzle-rubber-mats-for-stables\/\" \/>\n<meta property=\"og:site_name\" content=\"FDA srl\" \/>\n<meta property=\"article:publisher\" content=\"https:\/\/www.facebook.com\/share\/1MWhFWg1Tp\/?mibextid=LQQJ4d\" \/>\n<meta property=\"og:image\" content=\"https:\/\/fdasrl.it\/wp-content\/uploads\/2025\/05\/tappetino-gomma-antiscivolo-stalla-incastro.webp\" \/>\n\t<meta property=\"og:image:width\" content=\"640\" \/>\n\t<meta property=\"og:image:height\" content=\"800\" \/>\n\t<meta property=\"og:image:type\" content=\"image\/webp\" \/>\n<meta name=\"twitter:card\" content=\"summary_large_image\" \/>\n<meta name=\"twitter:label1\" content=\"Price\" \/>\n\t<meta name=\"twitter:data1\" content=\"\" \/>\n\t<meta name=\"twitter:label2\" content=\"Availability\" \/>\n\t<meta name=\"twitter:data2\" content=\"In stock\" \/>\n<meta property=\"product:price:currency\" content=\"EUR\" \/>\n<meta property=\"og:availability\" content=\"instock\" \/>\n<meta property=\"product:availability\" content=\"instock\" \/>\n<meta property=\"product:retailer_item_id\" content=\"SOFAPZ\" \/>\n<meta property=\"product:condition\" content=\"new\" \/>\n<!-- \/ Yoast SEO Premium plugin. -->","yoast_head_json":{"title":"Non-Slip Puzzle Mats For Stables: Safety and Comfort - FDA srl","description":"Improve animal comfort and safety with non-slip puzzle mats for stables. Designed to last and adapt to any surface!","robots":{"index":"index","follow":"follow","max-snippet":"max-snippet:-1","max-image-preview":"max-image-preview:large","max-video-preview":"max-video-preview:-1"},"canonical":"https:\/\/fdasrl.it\/en\/prodotto\/non-slip-puzzle-rubber-mats-for-stables\/","og_locale":"en_US","og_type":"article","og_title":"Non-slip puzzle rubber mats for stables","og_description":"Improve animal comfort and safety with non-slip puzzle mats for stables. Designed to last and adapt to any surface!","og_url":"https:\/\/fdasrl.it\/en\/prodotto\/non-slip-puzzle-rubber-mats-for-stables\/","og_site_name":"FDA srl","article_publisher":"https:\/\/www.facebook.com\/share\/1MWhFWg1Tp\/?mibextid=LQQJ4d","og_image":[{"width":640,"height":800,"url":"https:\/\/fdasrl.it\/wp-content\/uploads\/2025\/05\/tappetino-gomma-antiscivolo-stalla-incastro.webp","type":"image\/webp"}],"twitter_card":"summary_large_image","twitter_misc":{"Price":"","Availability":"In stock"},"schema":{"@context":"https:\/\/schema.org","@graph":[{"@type":"WebPage","@id":"https:\/\/fdasrl.it\/en\/prodotto\/non-slip-puzzle-rubber-mats-for-stables\/","url":"https:\/\/fdasrl.it\/en\/prodotto\/non-slip-puzzle-rubber-mats-for-stables\/","name":"Non-Slip Puzzle Mats For Stables: Safety and Comfort - FDA srl","isPartOf":{"@id":"https:\/\/fdasrl.it\/en\/#website"},"primaryImageOfPage":{"@id":"https:\/\/fdasrl.it\/en\/prodotto\/non-slip-puzzle-rubber-mats-for-stables\/#primaryimage"},"image":{"@id":"https:\/\/fdasrl.it\/en\/prodotto\/non-slip-puzzle-rubber-mats-for-stables\/#primaryimage"},"thumbnailUrl":"https:\/\/fdasrl.it\/wp-content\/uploads\/2025\/05\/tappetino-gomma-antiscivolo-stalla-incastro.webp","datePublished":"2025-05-09T10:37:48+00:00","description":"Improve animal comfort and safety with non-slip puzzle mats for stables. Designed to last and adapt to any surface!","breadcrumb":{"@id":"https:\/\/fdasrl.it\/en\/prodotto\/non-slip-puzzle-rubber-mats-for-stables\/#breadcrumb"},"inLanguage":"en-US","potentialAction":[{"@type":"ReadAction","target":["https:\/\/fdasrl.it\/en\/prodotto\/non-slip-puzzle-rubber-mats-for-stables\/"]}]},{"@type":"ImageObject","inLanguage":"en-US","@id":"https:\/\/fdasrl.it\/en\/prodotto\/non-slip-puzzle-rubber-mats-for-stables\/#primaryimage","url":"https:\/\/fdasrl.it\/wp-content\/uploads\/2025\/05\/tappetino-gomma-antiscivolo-stalla-incastro.webp","contentUrl":"https:\/\/fdasrl.it\/wp-content\/uploads\/2025\/05\/tappetino-gomma-antiscivolo-stalla-incastro.webp","width":640,"height":800,"caption":"Tappetino in gomma antiscivolo a incastro per stalle, ideale per bovini, cavalli e ambienti zootecnici"},{"@type":"BreadcrumbList","@id":"https:\/\/fdasrl.it\/en\/prodotto\/non-slip-puzzle-rubber-mats-for-stables\/#breadcrumb","itemListElement":[{"@type":"ListItem","position":1,"name":"Home","item":"https:\/\/fdasrl.it\/en\/home\/"},{"@type":"ListItem","position":2,"name":"Shop","item":"https:\/\/fdasrl.it\/en\/shop\/"},{"@type":"ListItem","position":3,"name":"Non-slip puzzle rubber mats for stables"}]},{"@type":"WebSite","@id":"https:\/\/fdasrl.it\/en\/#website","url":"https:\/\/fdasrl.it\/en\/","name":"FDA srl","description":"Equipment for animal husbandry","publisher":{"@id":"https:\/\/fdasrl.it\/en\/#organization"},"potentialAction":[{"@type":"SearchAction","target":{"@type":"EntryPoint","urlTemplate":"https:\/\/fdasrl.it\/en\/?s={search_term_string}"},"query-input":{"@type":"PropertyValueSpecification","valueRequired":true,"valueName":"search_term_string"}}],"inLanguage":"en-US"},{"@type":"Organization","@id":"https:\/\/fdasrl.it\/en\/#organization","name":"FDA srl","url":"https:\/\/fdasrl.it\/en\/","logo":{"@type":"ImageObject","inLanguage":"en-US","@id":"https:\/\/fdasrl.it\/en\/#\/schema\/logo\/image\/","url":"https:\/\/fdasrl.it\/wp-content\/uploads\/2024\/12\/Logo-FDA.png","contentUrl":"https:\/\/fdasrl.it\/wp-content\/uploads\/2024\/12\/Logo-FDA.png","width":316,"height":119,"caption":"FDA srl"},"image":{"@id":"https:\/\/fdasrl.it\/en\/#\/schema\/logo\/image\/"},"sameAs":["https:\/\/www.facebook.com\/share\/1MWhFWg1Tp\/?mibextid=LQQJ4d","https:\/\/www.instagram.com\/fda_srl\/profilecard\/?igsh=YW5lbzJ6MWg0d21u","https:\/\/www.youtube.com\/@FDASRL_ANIMALCARE"],"description":"FDA SRL \u2013 Equipment for animal husbandry nasce con l\u2019obiettivo di offrire soluzioni affidabili e innovative per l\u2019allevamento moderno. Con anni di esperienza nel settore zootecnico, progettiamo e realizziamo attrezzature destinate al benessere animale e alla gestione efficiente delle stalle: vasche, abbeveratoi, mangiatoie e sistemi di riscaldamento pensati per durare nel tempo e semplificare il lavoro quotidiano degli allevatori. Dalla progettazione alla produzione, ogni nostro prodotto \u00e8 studiato nei minimi dettagli, testato con cura e costruito per rispondere alle esigenze reali del settore. La nostra forza \u00e8 unire artigianalit\u00e0, tecnologia e competenza tecnica per trasformare ogni progetto in una soluzione concreta e funzionale. Oggi FDA SRL \u00e8 un punto di riferimento per privati e rivenditori che cercano qualit\u00e0, affidabilit\u00e0 e innovazione nelle attrezzature per l\u2019allevamento.","email":"info@fdasrl.it","telephone":"+390522826820","legalName":"F.D.A. SRL","foundingDate":"2024-10-13","vatID":"03075840359","taxID":"03075840359","numberOfEmployees":{"@type":"QuantitativeValue","minValue":"1","maxValue":"10"}}]},"product_price_currency":"EUR","og_availability":"instock","product_availability":"instock","product_retailer_item_id":"SOFAPZ","product_condition":"new"},"_links":{"self":[{"href":"https:\/\/fdasrl.it\/en\/wp-json\/wp\/v2\/product\/3359","targetHints":{"allow":["GET"]}}],"collection":[{"href":"https:\/\/fdasrl.it\/en\/wp-json\/wp\/v2\/product"}],"about":[{"href":"https:\/\/fdasrl.it\/en\/wp-json\/wp\/v2\/types\/product"}],"replies":[{"embeddable":true,"href":"https:\/\/fdasrl.it\/en\/wp-json\/wp\/v2\/comments?post=3359"}],"wp:featuredmedia":[{"embeddable":true,"href":"https:\/\/fdasrl.it\/en\/wp-json\/wp\/v2\/media\/781"}],"wp:attachment":[{"href":"https:\/\/fdasrl.it\/en\/wp-json\/wp\/v2\/media?parent=3359"}],"wp:term":[{"taxonomy":"product_brand","embeddable":true,"href":"https:\/\/fdasrl.it\/en\/wp-json\/wp\/v2\/product_brand?post=3359"},{"taxonomy":"product_cat","embeddable":true,"href":"https:\/\/fdasrl.it\/en\/wp-json\/wp\/v2\/product_cat?post=3359"},{"taxonomy":"product_tag","embeddable":true,"href":"https:\/\/fdasrl.it\/en\/wp-json\/wp\/v2\/product_tag?post=3359"}],"curies":[{"name":"wp","href":"https:\/\/api.w.org\/{rel}","templated":true}]}}