{"id":3599,"date":"2025-01-21T10:47:40","date_gmt":"2025-01-21T09:47:40","guid":{"rendered":"https:\/\/fdasrl.it\/prodotto\/automatic-stainless-steel-trough-drinker-for-stables\/"},"modified":"2025-01-21T10:47:40","modified_gmt":"2025-01-21T09:47:40","slug":"automatic-stainless-steel-trough-drinker-for-stables","status":"publish","type":"product","link":"https:\/\/fdasrl.it\/en\/prodotto\/automatic-stainless-steel-trough-drinker-for-stables\/","title":{"rendered":"AUTOMATIC STAINLESS STEEL TROUGH DRINKER FOR STABLES"},"content":{"rendered":"<p>The automatic constant-level drinker with AISI 304 stainless steel trough (1.2 mm thick) is designed to provide continuous clean and fresh water for your animals, ensuring compliance with animal welfare regulations on farms.<\/p>\n<h4><em>AVAILABLE IN 3 DIFFERENT LENGTHS: 60 &#8211; 80 &#8211; 120 cm (send us a request via e-mail or call us &#8211; <a href=\"https:\/\/fdasrl.it\/en\/contact-us\/#et_pb_contact_form_0\">see CONTACT page &#8211; CLICK HERE<\/a>)<\/em><\/h4>\n<p>Its technical features include:<\/p>\n<ul>\n<li>Float valve housing on the left side.<\/li>\n<li>Trough capacity at maximum level: 45 liters.<\/li>\n<li>3\/4&#8243; male thread float valve with ABS body. Water pressure rating for the included float valve: 0.5 to 10 bar. <\/li>\n<li>3\/4&#8243; drain with tap for quick emptying.<\/li>\n<li>Dimensions: Length 80 cm x depth 30 cm x height 20 cm. Total rear footprint 100 cm. Drinking space 60 cm.  <\/li>\n<li>Can be wall-mounted using 12 mm diameter wall plugs for side anchoring.<\/li>\n<li>Weight 10.8 kg<\/li>\n<\/ul>\n<h3><strong>Water drainage via the 3\/4&#8243; tap for quick trough emptying.<\/strong><\/h3>\n<h4>In conclusion, the AISI 304 stainless steel automatic constant-level drinker is a reliable and cost-effective solution to ensure an adequate water supply for your animals, ensuring their welfare and complying with current agricultural regulations.<\/h4>\n<h4><em>AVAILABLE IN 3 DIFFERENT LENGTHS: 60 &#8211; 80 &#8211; 120 cm <\/em><em>(send us a request via e-mail or call us &#8211; <a href=\"https:\/\/fdasrl.it\/en\/contact-us\/#et_pb_contact_form_0\">see CONTACT page &#8211; CLICK HERE<\/a>)<\/em><\/h4>\n<p>Purchase it on our  <a href=\"https:\/\/fda-shop.it\/shop\/articoli-per-allevamento\/abbeveratoio-vasca-automatico-a-livello-costante\" target=\"_blank\" rel=\"noopener\">online shop<\/a><\/p>\n","protected":false},"excerpt":{"rendered":"<p>The automatic constant-level drinker with AISI 304 stainless steel trough (1.2 mm thick) is designed to provide continuous clean and fresh water for your animals, ensuring compliance with animal welfare regulations on farms.<\/p>\n","protected":false},"featured_media":667,"comment_status":"open","ping_status":"closed","template":"","meta":{"_et_pb_use_builder":"","_et_pb_old_content":"","_et_gb_content_width":""},"product_brand":[],"product_cat":[389,549,506,613,406,507],"product_tag":[882],"class_list":{"0":"post-3599","1":"product","2":"type-product","3":"status-publish","4":"has-post-thumbnail","6":"product_cat-cattle","7":"product_cat-drinking-troughs-2","8":"product_cat-drinking-troughs","9":"product_cat-horses","10":"product_cat-sheep-and-goats","11":"product_cat-stainless-steel-troughs-for-stables","12":"product_tag-fa-vs2","14":"first","15":"instock","16":"shipping-taxable","17":"product-type-simple"},"yoast_head":"<!-- This site is optimized with the Yoast SEO Premium plugin v27.5 (Yoast SEO v27.6) - https:\/\/yoast.com\/product\/yoast-seo-premium-wordpress\/ -->\n<title>Automatic stainless steel trough drinker for stables with float valve<\/title>\n<meta name=\"description\" content=\"Ensure fresh and clean water for your animals with the automatic stainless steel trough drinker for stables. Discover all its technical features!\" \/>\n<meta name=\"robots\" content=\"index, follow, max-snippet:-1, max-image-preview:large, max-video-preview:-1\" \/>\n<link rel=\"canonical\" href=\"https:\/\/fdasrl.it\/en\/prodotto\/automatic-stainless-steel-trough-drinker-for-stables\/\" \/>\n<meta property=\"og:locale\" content=\"en_US\" \/>\n<meta property=\"og:type\" content=\"article\" \/>\n<meta property=\"og:title\" content=\"AUTOMATIC STAINLESS STEEL TROUGH DRINKER FOR STABLES\" \/>\n<meta property=\"og:description\" content=\"Ensure fresh and clean water for your animals with the automatic stainless steel trough drinker for stables. Discover all its technical features!\" \/>\n<meta property=\"og:url\" content=\"https:\/\/fdasrl.it\/en\/prodotto\/automatic-stainless-steel-trough-drinker-for-stables\/\" \/>\n<meta property=\"og:site_name\" content=\"FDA srl\" \/>\n<meta property=\"article:publisher\" content=\"https:\/\/www.facebook.com\/share\/1MWhFWg1Tp\/?mibextid=LQQJ4d\" \/>\n<meta property=\"og:image\" content=\"https:\/\/fdasrl.it\/wp-content\/uploads\/2025\/01\/Abbeveratoio-automatico-vasca-inox-stalla-equini-bovini-caprini-fa-v2.jpeg\" \/>\n\t<meta property=\"og:image:width\" content=\"1000\" \/>\n\t<meta property=\"og:image:height\" content=\"535\" \/>\n\t<meta property=\"og:image:type\" content=\"image\/jpeg\" \/>\n<meta name=\"twitter:card\" content=\"summary_large_image\" \/>\n<meta name=\"twitter:label1\" content=\"Price\" \/>\n\t<meta name=\"twitter:data1\" content=\"\" \/>\n\t<meta name=\"twitter:label2\" content=\"Availability\" \/>\n\t<meta name=\"twitter:data2\" content=\"In stock\" \/>\n<meta property=\"product:price:currency\" content=\"EUR\" \/>\n<meta property=\"og:availability\" content=\"instock\" \/>\n<meta property=\"product:availability\" content=\"instock\" \/>\n<meta property=\"product:retailer_item_id\" content=\"FAVS2\" \/>\n<meta property=\"product:condition\" content=\"new\" \/>\n<!-- \/ Yoast SEO Premium plugin. -->","yoast_head_json":{"title":"Automatic stainless steel trough drinker for stables with float valve","description":"Ensure fresh and clean water for your animals with the automatic stainless steel trough drinker for stables. Discover all its technical features!","robots":{"index":"index","follow":"follow","max-snippet":"max-snippet:-1","max-image-preview":"max-image-preview:large","max-video-preview":"max-video-preview:-1"},"canonical":"https:\/\/fdasrl.it\/en\/prodotto\/automatic-stainless-steel-trough-drinker-for-stables\/","og_locale":"en_US","og_type":"article","og_title":"AUTOMATIC STAINLESS STEEL TROUGH DRINKER FOR STABLES","og_description":"Ensure fresh and clean water for your animals with the automatic stainless steel trough drinker for stables. Discover all its technical features!","og_url":"https:\/\/fdasrl.it\/en\/prodotto\/automatic-stainless-steel-trough-drinker-for-stables\/","og_site_name":"FDA srl","article_publisher":"https:\/\/www.facebook.com\/share\/1MWhFWg1Tp\/?mibextid=LQQJ4d","og_image":[{"width":1000,"height":535,"url":"https:\/\/fdasrl.it\/wp-content\/uploads\/2025\/01\/Abbeveratoio-automatico-vasca-inox-stalla-equini-bovini-caprini-fa-v2.jpeg","type":"image\/jpeg"}],"twitter_card":"summary_large_image","twitter_misc":{"Price":"","Availability":"In stock"},"schema":{"@context":"https:\/\/schema.org","@graph":[{"@type":"WebPage","@id":"https:\/\/fdasrl.it\/en\/prodotto\/automatic-stainless-steel-trough-drinker-for-stables\/","url":"https:\/\/fdasrl.it\/en\/prodotto\/automatic-stainless-steel-trough-drinker-for-stables\/","name":"Automatic stainless steel trough drinker for stables with float valve","isPartOf":{"@id":"https:\/\/fdasrl.it\/en\/#website"},"primaryImageOfPage":{"@id":"https:\/\/fdasrl.it\/en\/prodotto\/automatic-stainless-steel-trough-drinker-for-stables\/#primaryimage"},"image":{"@id":"https:\/\/fdasrl.it\/en\/prodotto\/automatic-stainless-steel-trough-drinker-for-stables\/#primaryimage"},"thumbnailUrl":"https:\/\/fdasrl.it\/wp-content\/uploads\/2025\/01\/Abbeveratoio-automatico-vasca-inox-stalla-equini-bovini-caprini-fa-v2.jpeg","datePublished":"2025-01-21T09:47:40+00:00","description":"Ensure fresh and clean water for your animals with the automatic stainless steel trough drinker for stables. Discover all its technical features!","breadcrumb":{"@id":"https:\/\/fdasrl.it\/en\/prodotto\/automatic-stainless-steel-trough-drinker-for-stables\/#breadcrumb"},"inLanguage":"en-US","potentialAction":[{"@type":"ReadAction","target":["https:\/\/fdasrl.it\/en\/prodotto\/automatic-stainless-steel-trough-drinker-for-stables\/"]}]},{"@type":"ImageObject","inLanguage":"en-US","@id":"https:\/\/fdasrl.it\/en\/prodotto\/automatic-stainless-steel-trough-drinker-for-stables\/#primaryimage","url":"https:\/\/fdasrl.it\/wp-content\/uploads\/2025\/01\/Abbeveratoio-automatico-vasca-inox-stalla-equini-bovini-caprini-fa-v2.jpeg","contentUrl":"https:\/\/fdasrl.it\/wp-content\/uploads\/2025\/01\/Abbeveratoio-automatico-vasca-inox-stalla-equini-bovini-caprini-fa-v2.jpeg","width":1000,"height":535,"caption":"Abbeveratoio automatico vasca inox con galleggiante automatico per stalla equini bovini caprini fav2"},{"@type":"BreadcrumbList","@id":"https:\/\/fdasrl.it\/en\/prodotto\/automatic-stainless-steel-trough-drinker-for-stables\/#breadcrumb","itemListElement":[{"@type":"ListItem","position":1,"name":"Home","item":"https:\/\/fdasrl.it\/en\/home\/"},{"@type":"ListItem","position":2,"name":"Shop","item":"https:\/\/fdasrl.it\/en\/shop\/"},{"@type":"ListItem","position":3,"name":"AUTOMATIC STAINLESS STEEL TROUGH DRINKER FOR STABLES"}]},{"@type":"WebSite","@id":"https:\/\/fdasrl.it\/en\/#website","url":"https:\/\/fdasrl.it\/en\/","name":"FDA srl","description":"Equipment for animal husbandry","publisher":{"@id":"https:\/\/fdasrl.it\/en\/#organization"},"potentialAction":[{"@type":"SearchAction","target":{"@type":"EntryPoint","urlTemplate":"https:\/\/fdasrl.it\/en\/?s={search_term_string}"},"query-input":{"@type":"PropertyValueSpecification","valueRequired":true,"valueName":"search_term_string"}}],"inLanguage":"en-US"},{"@type":"Organization","@id":"https:\/\/fdasrl.it\/en\/#organization","name":"FDA srl","url":"https:\/\/fdasrl.it\/en\/","logo":{"@type":"ImageObject","inLanguage":"en-US","@id":"https:\/\/fdasrl.it\/en\/#\/schema\/logo\/image\/","url":"https:\/\/fdasrl.it\/wp-content\/uploads\/2024\/12\/Logo-FDA.png","contentUrl":"https:\/\/fdasrl.it\/wp-content\/uploads\/2024\/12\/Logo-FDA.png","width":316,"height":119,"caption":"FDA srl"},"image":{"@id":"https:\/\/fdasrl.it\/en\/#\/schema\/logo\/image\/"},"sameAs":["https:\/\/www.facebook.com\/share\/1MWhFWg1Tp\/?mibextid=LQQJ4d","https:\/\/www.instagram.com\/fda_srl\/profilecard\/?igsh=YW5lbzJ6MWg0d21u","https:\/\/www.youtube.com\/@FDASRL_ANIMALCARE"],"description":"FDA SRL \u2013 Equipment for animal husbandry nasce con l\u2019obiettivo di offrire soluzioni affidabili e innovative per l\u2019allevamento moderno. Con anni di esperienza nel settore zootecnico, progettiamo e realizziamo attrezzature destinate al benessere animale e alla gestione efficiente delle stalle: vasche, abbeveratoi, mangiatoie e sistemi di riscaldamento pensati per durare nel tempo e semplificare il lavoro quotidiano degli allevatori. Dalla progettazione alla produzione, ogni nostro prodotto \u00e8 studiato nei minimi dettagli, testato con cura e costruito per rispondere alle esigenze reali del settore. La nostra forza \u00e8 unire artigianalit\u00e0, tecnologia e competenza tecnica per trasformare ogni progetto in una soluzione concreta e funzionale. Oggi FDA SRL \u00e8 un punto di riferimento per privati e rivenditori che cercano qualit\u00e0, affidabilit\u00e0 e innovazione nelle attrezzature per l\u2019allevamento.","email":"info@fdasrl.it","telephone":"+390522826820","legalName":"F.D.A. SRL","foundingDate":"2024-10-13","vatID":"03075840359","taxID":"03075840359","numberOfEmployees":{"@type":"QuantitativeValue","minValue":"1","maxValue":"10"}}]},"product_price_currency":"EUR","og_availability":"instock","product_availability":"instock","product_retailer_item_id":"FAVS2","product_condition":"new"},"_links":{"self":[{"href":"https:\/\/fdasrl.it\/en\/wp-json\/wp\/v2\/product\/3599","targetHints":{"allow":["GET"]}}],"collection":[{"href":"https:\/\/fdasrl.it\/en\/wp-json\/wp\/v2\/product"}],"about":[{"href":"https:\/\/fdasrl.it\/en\/wp-json\/wp\/v2\/types\/product"}],"replies":[{"embeddable":true,"href":"https:\/\/fdasrl.it\/en\/wp-json\/wp\/v2\/comments?post=3599"}],"wp:featuredmedia":[{"embeddable":true,"href":"https:\/\/fdasrl.it\/en\/wp-json\/wp\/v2\/media\/667"}],"wp:attachment":[{"href":"https:\/\/fdasrl.it\/en\/wp-json\/wp\/v2\/media?parent=3599"}],"wp:term":[{"taxonomy":"product_brand","embeddable":true,"href":"https:\/\/fdasrl.it\/en\/wp-json\/wp\/v2\/product_brand?post=3599"},{"taxonomy":"product_cat","embeddable":true,"href":"https:\/\/fdasrl.it\/en\/wp-json\/wp\/v2\/product_cat?post=3599"},{"taxonomy":"product_tag","embeddable":true,"href":"https:\/\/fdasrl.it\/en\/wp-json\/wp\/v2\/product_tag?post=3599"}],"curies":[{"name":"wp","href":"https:\/\/api.w.org\/{rel}","templated":true}]}}