{"id":3773,"date":"2025-01-21T10:09:47","date_gmt":"2025-01-21T09:09:47","guid":{"rendered":"https:\/\/fdasrl.it\/prodotto\/fa-kb-stainless-steel-drinking-bowl-with-cast-iron-bracket\/"},"modified":"2025-01-21T10:09:47","modified_gmt":"2025-01-21T09:09:47","slug":"fa-kb-stainless-steel-drinking-bowl-with-cast-iron-bracket","status":"publish","type":"product","link":"https:\/\/fdasrl.it\/en\/prodotto\/fa-kb-stainless-steel-drinking-bowl-with-cast-iron-bracket\/","title":{"rendered":"FA-KB stainless steel drinking bowl with cast iron bracket"},"content":{"rendered":"<h2 data-start=\"242\" data-end=\"331\">\ud83d\udca7 <strong data-start=\"248\" data-end=\"331\">FA-KB Stainless Steel Drinking Bowl with Cast Iron Bracket and High-Flow Valve<\/strong><\/h2>\n<p data-start=\"333\" data-end=\"669\">The <strong data-start=\"335\" data-end=\"357\">FA-KB drinking bowl<\/strong> is a robust and hygienic solution for watering <strong data-start=\"415\" data-end=\"456\">cattle and equines in tie-stall housing<\/strong>. Equipped with a <strong data-start=\"468\" data-end=\"512\">1.2 mm thick stainless steel bowl<\/strong>, it ensures maximum resistance, hygiene, and durability. The <strong data-start=\"578\" data-end=\"617\">high-flow brass valve<\/strong> ensures an abundant and rapid water supply.  <\/p>\n<hr data-start=\"671\" data-end=\"674\">\n<h3 data-start=\"676\" data-end=\"711\">\u2699\ufe0f <strong data-start=\"683\" data-end=\"711\">Technical features<\/strong><\/h3>\n<ul data-start=\"713\" data-end=\"1307\">\n<li data-start=\"713\" data-end=\"735\">\n<p data-start=\"715\" data-end=\"735\"><strong data-start=\"715\" data-end=\"726\">Model<\/strong>: FA-KB<\/p>\n<\/li>\n<li data-start=\"736\" data-end=\"787\">\n<p data-start=\"738\" data-end=\"787\"><strong data-start=\"738\" data-end=\"761\">Bowl material<\/strong>: 1.2 mm thick stainless steel<\/p>\n<\/li>\n<li data-start=\"788\" data-end=\"834\">\n<p data-start=\"790\" data-end=\"834\"><strong data-start=\"790\" data-end=\"802\">Support<\/strong>: Cast iron mounting bracket<\/p>\n<\/li>\n<li data-start=\"835\" data-end=\"876\">\n<p data-start=\"837\" data-end=\"876\"><strong data-start=\"837\" data-end=\"848\">Valve<\/strong>: High-flow brass<\/p>\n<\/li>\n<li data-start=\"877\" data-end=\"942\">\n<p data-start=\"879\" data-end=\"942\"><strong data-start=\"879\" data-end=\"896\">Water flow rate<\/strong>: 5 to 21 L\/min (max 20 L\/min recommended)<\/p>\n<\/li>\n<li data-start=\"943\" data-end=\"987\">\n<p data-start=\"945\" data-end=\"987\"><strong data-start=\"945\" data-end=\"971\">Operating pressure<\/strong>: 0 to 5 atm<\/p>\n<\/li>\n<li data-start=\"988\" data-end=\"1015\">\n<p data-start=\"990\" data-end=\"1015\"><strong data-start=\"990\" data-end=\"1002\">Capacity<\/strong>: 5.5 L<\/p>\n<\/li>\n<li data-start=\"1016\" data-end=\"1134\">\n<p data-start=\"1018\" data-end=\"1045\"><strong data-start=\"1018\" data-end=\"1042\">Bowl dimensions<\/strong>:<\/p>\n<ul data-start=\"1048\" data-end=\"1134\">\n<li data-start=\"1048\" data-end=\"1075\">\n<p data-start=\"1050\" data-end=\"1075\">Internal diameter: 26 cm<\/p>\n<\/li>\n<li data-start=\"1078\" data-end=\"1099\">\n<p data-start=\"1080\" data-end=\"1099\">Depth: 12 cm<\/p>\n<\/li>\n<li data-start=\"1102\" data-end=\"1134\">\n<p data-start=\"1104\" data-end=\"1134\">Bowl width: \u00d8 27 cm<\/p>\n<\/li>\n<\/ul>\n<\/li>\n<li data-start=\"1135\" data-end=\"1169\">\n<p data-start=\"1137\" data-end=\"1169\"><strong data-start=\"1137\" data-end=\"1160\">Overall height<\/strong>: 23 cm<\/p>\n<\/li>\n<li data-start=\"1170\" data-end=\"1253\">\n<p data-start=\"1172\" data-end=\"1253\"><strong data-start=\"1172\" data-end=\"1195\">Water connection<\/strong>: \u00d8 1\/2&#8243;, water inlet from both <strong data-start=\"1224\" data-end=\"1251\">top and bottom<\/strong><\/p>\n<\/li>\n<li data-start=\"1254\" data-end=\"1288\">\n<p data-start=\"1256\" data-end=\"1288\"><strong data-start=\"1256\" data-end=\"1278\">Wall mounting<\/strong>: 4 holes<\/p>\n<\/li>\n<li data-start=\"1289\" data-end=\"1307\">\n<p data-start=\"1291\" data-end=\"1307\"><strong data-start=\"1291\" data-end=\"1299\">Weight<\/strong>: 5 kg<\/p>\n<\/li>\n<\/ul>\n<hr data-start=\"1309\" data-end=\"1312\">\n<h3 data-start=\"1314\" data-end=\"1343\">\u2705 <strong data-start=\"1320\" data-end=\"1343\">Main advantages<\/strong><\/h3>\n<ul data-start=\"1345\" data-end=\"1648\">\n<li data-start=\"1345\" data-end=\"1402\">\n<p data-start=\"1347\" data-end=\"1402\">Ideal for <strong data-start=\"1358\" data-end=\"1400\">cattle and equines in tie-stall housing<\/strong><\/p>\n<\/li>\n<li data-start=\"1403\" data-end=\"1475\">\n<p data-start=\"1405\" data-end=\"1475\">Wide and deep bowl: <strong data-start=\"1433\" data-end=\"1473\">maximum hygiene and easy cleaning<\/strong><\/p>\n<\/li>\n<li data-start=\"1476\" data-end=\"1529\">\n<p data-start=\"1478\" data-end=\"1529\">High water flow: ideal for adult animals<\/p>\n<\/li>\n<li data-start=\"1530\" data-end=\"1588\">\n<p data-start=\"1532\" data-end=\"1588\">Flexible installation (top or bottom water inlet)<\/p>\n<\/li>\n<li data-start=\"1589\" data-end=\"1624\">\n<p data-start=\"1591\" data-end=\"1624\">Resistant and durable structure<\/p>\n<\/li>\n<li data-start=\"1625\" data-end=\"1648\">\n<p data-start=\"1627\" data-end=\"1648\">Easy maintenance<\/p>\n<\/li>\n<\/ul>\n<p>&nbsp;<\/p>\n<p>\ud83d\udc49 Request resale price: <a href=\"mailto:info@fdasrl.it\">CLICK HERE<\/a><\/p>\n<div>\n<p>\ud83d\udc49 Buy it on our <a href=\"https:\/\/fda-shop.it\/shop\/articoli-per-allevamento\/abbeveratoi\/abbeveratoio-automatico-bovini-a-pendolo\" target=\"_blank\" rel=\"noopener\">online shop<\/a><\/p>\n<\/div>\n","protected":false},"excerpt":{"rendered":"<p>FA-KB stainless steel drinking bowl with cast iron bracket and high-flow valve. For cattle and horses in tie-stall housing. Hygienic, robust, and easy to install.  <\/p>\n","protected":false},"featured_media":354,"comment_status":"open","ping_status":"closed","template":"","meta":{"_et_pb_use_builder":"","_et_pb_old_content":"","_et_gb_content_width":""},"product_brand":[],"product_cat":[389,506,549,613],"product_tag":[911],"class_list":{"0":"post-3773","1":"product","2":"type-product","3":"status-publish","4":"has-post-thumbnail","6":"product_cat-cattle","7":"product_cat-drinking-troughs","8":"product_cat-drinking-troughs-2","9":"product_cat-horses","10":"product_tag-fa-kb","12":"first","13":"instock","14":"shipping-taxable","15":"product-type-simple"},"yoast_head":"<!-- This site is optimized with the Yoast SEO Premium plugin v27.5 (Yoast SEO v27.5) - https:\/\/yoast.com\/product\/yoast-seo-premium-wordpress\/ -->\n<title>Long-lasting FA-KB stainless steel drinker for cattle and equines - FDA srl<\/title>\n<meta name=\"description\" content=\"Discover the FA-KB stainless steel drinker for cattle and equines, durable and hygienic. The perfect solution for your farm! \ud83d\udca7\" \/>\n<meta name=\"robots\" content=\"index, follow, max-snippet:-1, max-image-preview:large, max-video-preview:-1\" \/>\n<link rel=\"canonical\" href=\"https:\/\/fdasrl.it\/en\/prodotto\/fa-kb-stainless-steel-drinking-bowl-with-cast-iron-bracket\/\" \/>\n<meta property=\"og:locale\" content=\"en_US\" \/>\n<meta property=\"og:type\" content=\"article\" \/>\n<meta property=\"og:title\" content=\"FA-KB stainless steel drinking bowl with cast iron bracket\" \/>\n<meta property=\"og:description\" content=\"Discover the FA-KB stainless steel drinker for cattle and equines, durable and hygienic. The perfect solution for your farm! \ud83d\udca7\" \/>\n<meta property=\"og:url\" content=\"https:\/\/fdasrl.it\/en\/prodotto\/fa-kb-stainless-steel-drinking-bowl-with-cast-iron-bracket\/\" \/>\n<meta property=\"og:site_name\" content=\"FDA srl\" \/>\n<meta property=\"article:publisher\" content=\"https:\/\/www.facebook.com\/share\/1MWhFWg1Tp\/?mibextid=LQQJ4d\" \/>\n<meta property=\"og:image\" content=\"https:\/\/fdasrl.it\/wp-content\/uploads\/2025\/01\/FA-KB.jpg\" \/>\n\t<meta property=\"og:image:width\" content=\"800\" \/>\n\t<meta property=\"og:image:height\" content=\"737\" \/>\n\t<meta property=\"og:image:type\" content=\"image\/jpeg\" \/>\n<meta name=\"twitter:card\" content=\"summary_large_image\" \/>\n<meta name=\"twitter:label1\" content=\"Price\" \/>\n\t<meta name=\"twitter:data1\" content=\"\" \/>\n\t<meta name=\"twitter:label2\" content=\"Availability\" \/>\n\t<meta name=\"twitter:data2\" content=\"In stock\" \/>\n<meta property=\"product:price:currency\" content=\"EUR\" \/>\n<meta property=\"og:availability\" content=\"instock\" \/>\n<meta property=\"product:availability\" content=\"instock\" \/>\n<meta property=\"product:retailer_item_id\" content=\"FA-KB\" \/>\n<meta property=\"product:condition\" content=\"new\" \/>\n<!-- \/ Yoast SEO Premium plugin. -->","yoast_head_json":{"title":"Long-lasting FA-KB stainless steel drinker for cattle and equines - FDA srl","description":"Discover the FA-KB stainless steel drinker for cattle and equines, durable and hygienic. The perfect solution for your farm! \ud83d\udca7","robots":{"index":"index","follow":"follow","max-snippet":"max-snippet:-1","max-image-preview":"max-image-preview:large","max-video-preview":"max-video-preview:-1"},"canonical":"https:\/\/fdasrl.it\/en\/prodotto\/fa-kb-stainless-steel-drinking-bowl-with-cast-iron-bracket\/","og_locale":"en_US","og_type":"article","og_title":"FA-KB stainless steel drinking bowl with cast iron bracket","og_description":"Discover the FA-KB stainless steel drinker for cattle and equines, durable and hygienic. The perfect solution for your farm! \ud83d\udca7","og_url":"https:\/\/fdasrl.it\/en\/prodotto\/fa-kb-stainless-steel-drinking-bowl-with-cast-iron-bracket\/","og_site_name":"FDA srl","article_publisher":"https:\/\/www.facebook.com\/share\/1MWhFWg1Tp\/?mibextid=LQQJ4d","og_image":[{"width":800,"height":737,"url":"https:\/\/fdasrl.it\/wp-content\/uploads\/2025\/01\/FA-KB.jpg","type":"image\/jpeg"}],"twitter_card":"summary_large_image","twitter_misc":{"Price":"","Availability":"In stock"},"schema":{"@context":"https:\/\/schema.org","@graph":[{"@type":"WebPage","@id":"https:\/\/fdasrl.it\/en\/prodotto\/fa-kb-stainless-steel-drinking-bowl-with-cast-iron-bracket\/","url":"https:\/\/fdasrl.it\/en\/prodotto\/fa-kb-stainless-steel-drinking-bowl-with-cast-iron-bracket\/","name":"Long-lasting FA-KB stainless steel drinker for cattle and equines - FDA srl","isPartOf":{"@id":"https:\/\/fdasrl.it\/en\/#website"},"primaryImageOfPage":{"@id":"https:\/\/fdasrl.it\/en\/prodotto\/fa-kb-stainless-steel-drinking-bowl-with-cast-iron-bracket\/#primaryimage"},"image":{"@id":"https:\/\/fdasrl.it\/en\/prodotto\/fa-kb-stainless-steel-drinking-bowl-with-cast-iron-bracket\/#primaryimage"},"thumbnailUrl":"https:\/\/fdasrl.it\/wp-content\/uploads\/2025\/01\/FA-KB.jpg","datePublished":"2025-01-21T09:09:47+00:00","description":"Discover the FA-KB stainless steel drinker for cattle and equines, durable and hygienic. The perfect solution for your farm! \ud83d\udca7","breadcrumb":{"@id":"https:\/\/fdasrl.it\/en\/prodotto\/fa-kb-stainless-steel-drinking-bowl-with-cast-iron-bracket\/#breadcrumb"},"inLanguage":"en-US","potentialAction":[{"@type":"ReadAction","target":["https:\/\/fdasrl.it\/en\/prodotto\/fa-kb-stainless-steel-drinking-bowl-with-cast-iron-bracket\/"]}]},{"@type":"ImageObject","inLanguage":"en-US","@id":"https:\/\/fdasrl.it\/en\/prodotto\/fa-kb-stainless-steel-drinking-bowl-with-cast-iron-bracket\/#primaryimage","url":"https:\/\/fdasrl.it\/wp-content\/uploads\/2025\/01\/FA-KB.jpg","contentUrl":"https:\/\/fdasrl.it\/wp-content\/uploads\/2025\/01\/FA-KB.jpg","width":800,"height":737,"caption":"Abbeveratoio in acciaio inox FA-KB per bovini e cavalli con valvola ad alto flusso"},{"@type":"BreadcrumbList","@id":"https:\/\/fdasrl.it\/en\/prodotto\/fa-kb-stainless-steel-drinking-bowl-with-cast-iron-bracket\/#breadcrumb","itemListElement":[{"@type":"ListItem","position":1,"name":"Home","item":"https:\/\/fdasrl.it\/en\/home\/"},{"@type":"ListItem","position":2,"name":"Shop","item":"https:\/\/fdasrl.it\/en\/shop\/"},{"@type":"ListItem","position":3,"name":"FA-KB stainless steel drinking bowl with cast iron bracket"}]},{"@type":"WebSite","@id":"https:\/\/fdasrl.it\/en\/#website","url":"https:\/\/fdasrl.it\/en\/","name":"FDA srl","description":"Equipment for animal husbandry","publisher":{"@id":"https:\/\/fdasrl.it\/en\/#organization"},"potentialAction":[{"@type":"SearchAction","target":{"@type":"EntryPoint","urlTemplate":"https:\/\/fdasrl.it\/en\/?s={search_term_string}"},"query-input":{"@type":"PropertyValueSpecification","valueRequired":true,"valueName":"search_term_string"}}],"inLanguage":"en-US"},{"@type":"Organization","@id":"https:\/\/fdasrl.it\/en\/#organization","name":"FDA srl","url":"https:\/\/fdasrl.it\/en\/","logo":{"@type":"ImageObject","inLanguage":"en-US","@id":"https:\/\/fdasrl.it\/en\/#\/schema\/logo\/image\/","url":"https:\/\/fdasrl.it\/wp-content\/uploads\/2024\/12\/Logo-FDA.png","contentUrl":"https:\/\/fdasrl.it\/wp-content\/uploads\/2024\/12\/Logo-FDA.png","width":316,"height":119,"caption":"FDA srl"},"image":{"@id":"https:\/\/fdasrl.it\/en\/#\/schema\/logo\/image\/"},"sameAs":["https:\/\/www.facebook.com\/share\/1MWhFWg1Tp\/?mibextid=LQQJ4d","https:\/\/www.instagram.com\/fda_srl\/profilecard\/?igsh=YW5lbzJ6MWg0d21u","https:\/\/www.youtube.com\/@FDASRL_ANIMALCARE"],"description":"FDA SRL \u2013 Equipment for animal husbandry nasce con l\u2019obiettivo di offrire soluzioni affidabili e innovative per l\u2019allevamento moderno. Con anni di esperienza nel settore zootecnico, progettiamo e realizziamo attrezzature destinate al benessere animale e alla gestione efficiente delle stalle: vasche, abbeveratoi, mangiatoie e sistemi di riscaldamento pensati per durare nel tempo e semplificare il lavoro quotidiano degli allevatori. Dalla progettazione alla produzione, ogni nostro prodotto \u00e8 studiato nei minimi dettagli, testato con cura e costruito per rispondere alle esigenze reali del settore. La nostra forza \u00e8 unire artigianalit\u00e0, tecnologia e competenza tecnica per trasformare ogni progetto in una soluzione concreta e funzionale. Oggi FDA SRL \u00e8 un punto di riferimento per privati e rivenditori che cercano qualit\u00e0, affidabilit\u00e0 e innovazione nelle attrezzature per l\u2019allevamento.","email":"info@fdasrl.it","telephone":"+390522826820","legalName":"F.D.A. SRL","foundingDate":"2024-10-13","vatID":"03075840359","taxID":"03075840359","numberOfEmployees":{"@type":"QuantitativeValue","minValue":"1","maxValue":"10"}}]},"product_price_currency":"EUR","og_availability":"instock","product_availability":"instock","product_retailer_item_id":"FA-KB","product_condition":"new"},"_links":{"self":[{"href":"https:\/\/fdasrl.it\/en\/wp-json\/wp\/v2\/product\/3773","targetHints":{"allow":["GET"]}}],"collection":[{"href":"https:\/\/fdasrl.it\/en\/wp-json\/wp\/v2\/product"}],"about":[{"href":"https:\/\/fdasrl.it\/en\/wp-json\/wp\/v2\/types\/product"}],"replies":[{"embeddable":true,"href":"https:\/\/fdasrl.it\/en\/wp-json\/wp\/v2\/comments?post=3773"}],"wp:featuredmedia":[{"embeddable":true,"href":"https:\/\/fdasrl.it\/en\/wp-json\/wp\/v2\/media\/354"}],"wp:attachment":[{"href":"https:\/\/fdasrl.it\/en\/wp-json\/wp\/v2\/media?parent=3773"}],"wp:term":[{"taxonomy":"product_brand","embeddable":true,"href":"https:\/\/fdasrl.it\/en\/wp-json\/wp\/v2\/product_brand?post=3773"},{"taxonomy":"product_cat","embeddable":true,"href":"https:\/\/fdasrl.it\/en\/wp-json\/wp\/v2\/product_cat?post=3773"},{"taxonomy":"product_tag","embeddable":true,"href":"https:\/\/fdasrl.it\/en\/wp-json\/wp\/v2\/product_tag?post=3773"}],"curies":[{"name":"wp","href":"https:\/\/api.w.org\/{rel}","templated":true}]}}