{"id":3838,"date":"2025-01-21T10:30:25","date_gmt":"2025-01-21T09:30:25","guid":{"rendered":"https:\/\/fdasrl.it\/prodotto\/fa-at-2-two-ball-thermal-antifreeze-waterer\/"},"modified":"2025-01-21T10:30:25","modified_gmt":"2025-01-21T09:30:25","slug":"fa-at-2-two-ball-thermal-antifreeze-waterer","status":"publish","type":"product","link":"https:\/\/fdasrl.it\/en\/prodotto\/fa-at-2-two-ball-thermal-antifreeze-waterer\/","title":{"rendered":"FA-AT 2 Two-Ball Thermal Antifreeze Waterer"},"content":{"rendered":"<h2 data-start=\"227\" data-end=\"307\">\u2744\ufe0f <strong data-start=\"233\" data-end=\"307\">FA-AT 2 Two-Ball Thermal Antifreeze Waterer for Cattle and Equines<\/strong><\/h2>\n<p data-start=\"309\" data-end=\"516\">The <strong data-start=\"311\" data-end=\"352\">FA-AT 2 thermal antifreeze waterer<\/strong> is designed to ensure <strong data-start=\"380\" data-end=\"414\">year-round water availability<\/strong>, even in extreme weather conditions down to <strong data-start=\"462\" data-end=\"472\">\u201330 \u00b0C<\/strong>, without the use of electric heating elements.<\/p>\n<p data-start=\"518\" data-end=\"769\">Built with <strong data-start=\"532\" data-end=\"549\">double walls<\/strong> and <strong data-start=\"552\" data-end=\"608\">high-density polyurethane foam insulation<\/strong>, it maintains water temperature between <strong data-start=\"649\" data-end=\"672\">3\u00b0 and 5\u00b0C in winter<\/strong> and between <strong data-start=\"679\" data-end=\"703\">10\u00b0 and 12\u00b0C in summer<\/strong>, ensuring <strong data-start=\"717\" data-end=\"768\">hygiene, frost protection, and animal welfare<\/strong>.<\/p>\n<hr data-start=\"771\" data-end=\"774\">\n<h3 data-start=\"776\" data-end=\"822\">\ud83d\udc04 <strong data-start=\"783\" data-end=\"822\">Main Technical Specifications<\/strong><\/h3>\n<ul data-start=\"824\" data-end=\"1407\">\n<li data-start=\"824\" data-end=\"846\">\n<p data-start=\"826\" data-end=\"846\"><strong data-start=\"826\" data-end=\"837\">Model<\/strong>: FA-AT 2<\/p>\n<\/li>\n<li data-start=\"847\" data-end=\"872\">\n<p data-start=\"849\" data-end=\"872\"><strong data-start=\"849\" data-end=\"861\">Capacity<\/strong>: 100 liters<\/p>\n<\/li>\n<li data-start=\"873\" data-end=\"904\">\n<p data-start=\"875\" data-end=\"904\"><strong data-start=\"875\" data-end=\"894\">Valve flow rate<\/strong>: 35 l\/min<\/p>\n<\/li>\n<li data-start=\"905\" data-end=\"959\">\n<p data-start=\"907\" data-end=\"959\"><strong data-start=\"907\" data-end=\"930\">Water supply<\/strong>: bottom connection 1\/2&#8243;<\/p>\n<\/li>\n<li data-start=\"960\" data-end=\"1007\">\n<p data-start=\"962\" data-end=\"1007\"><strong data-start=\"962\" data-end=\"984\">Thermal insulation<\/strong> in expanded polyurethane<\/p>\n<\/li>\n<li data-start=\"1008\" data-end=\"1054\">\n<p data-start=\"1010\" data-end=\"1054\"><strong data-start=\"1010\" data-end=\"1035\">Double antifreeze ball<\/strong> with constant level<\/p>\n<\/li>\n<li data-start=\"1055\" data-end=\"1109\">\n<p data-start=\"1057\" data-end=\"1109\"><strong data-start=\"1057\" data-end=\"1071\">Suitable for<\/strong>: up to 30 animals (cattle and equines)<\/p>\n<\/li>\n<li data-start=\"1110\" data-end=\"1148\">\n<p data-start=\"1112\" data-end=\"1148\"><strong data-start=\"1112\" data-end=\"1126\">Dimensions<\/strong>: 108.5 x 70 x 52.5 cm<\/p>\n<\/li>\n<li data-start=\"1149\" data-end=\"1200\">\n<p data-start=\"1151\" data-end=\"1200\"><strong data-start=\"1151\" data-end=\"1176\">Withstands down to \u201330 \u00b0C<\/strong> without electricity<\/p>\n<\/li>\n<li data-start=\"1201\" data-end=\"1240\">\n<p data-start=\"1203\" data-end=\"1240\"><strong data-start=\"1203\" data-end=\"1221\">Quick drain<\/strong> with \u00d8 100 mm plug<\/p>\n<\/li>\n<li data-start=\"1241\" data-end=\"1407\">\n<p data-start=\"1243\" data-end=\"1265\"><strong data-start=\"1243\" data-end=\"1264\">Included accessories<\/strong>:<\/p>\n<ul data-start=\"1268\" data-end=\"1407\">\n<li data-start=\"1268\" data-end=\"1298\">\n<p data-start=\"1270\" data-end=\"1298\">Ground anchoring tie-downs<\/p>\n<\/li>\n<li data-start=\"1301\" data-end=\"1356\">\n<p data-start=\"1303\" data-end=\"1356\">Replacement gaskets for float valve<\/p>\n<\/li>\n<li data-start=\"1359\" data-end=\"1407\">\n<p data-start=\"1361\" data-end=\"1407\">Drain valve with insulated flexible hose<\/p>\n<\/li>\n<\/ul>\n<\/li>\n<\/ul>\n<hr data-start=\"1409\" data-end=\"1412\">\n<h3 data-start=\"1414\" data-end=\"1459\">\ud83d\udca7 <strong data-start=\"1421\" data-end=\"1459\">Advantages of the FA-AT 2 Waterer<\/strong><\/h3>\n<ul data-start=\"1461\" data-end=\"1737\">\n<li data-start=\"1461\" data-end=\"1505\">\n<p data-start=\"1463\" data-end=\"1505\">No electrical power required<\/p>\n<\/li>\n<li data-start=\"1506\" data-end=\"1543\">\n<p data-start=\"1508\" data-end=\"1543\">Maximum passive antifreeze protection<\/p>\n<\/li>\n<li data-start=\"1544\" data-end=\"1606\">\n<p data-start=\"1546\" data-end=\"1606\">Water always available, clean, and at controlled temperature<\/p>\n<\/li>\n<li data-start=\"1607\" data-end=\"1641\">\n<p data-start=\"1609\" data-end=\"1641\">Simple and robust installation<\/p>\n<\/li>\n<li data-start=\"1642\" data-end=\"1691\">\n<p data-start=\"1644\" data-end=\"1691\">Reduces dirt and improves water hygiene<\/p>\n<\/li>\n<li data-start=\"1692\" data-end=\"1737\">\n<p data-start=\"1694\" data-end=\"1737\">Ideal for barns, paddocks, outdoor enclosures<\/p>\n<\/li>\n<\/ul>\n<p>Buy it on our <a href=\"https:\/\/fda-shop.it\/shop\/articoli-per-allevamento\/abbeveratoi\/abbeveratoio-termico-antigelo-fa-at-2\" target=\"_blank\" rel=\"noopener\">online shop<\/a><\/p>\n","protected":false},"excerpt":{"rendered":"<p>100-liter two-ball thermal antifreeze waterer for cattle and horses. No electricity, withstands down to -30 \u00b0C. Ideal for barns and outdoor enclosures.  <\/p>\n","protected":false},"featured_media":358,"comment_status":"open","ping_status":"closed","template":"","meta":{"_et_pb_use_builder":"","_et_pb_old_content":"","_et_gb_content_width":""},"product_brand":[],"product_cat":[389,549,906,613],"product_tag":[925],"class_list":{"0":"post-3838","1":"product","2":"type-product","3":"status-publish","4":"has-post-thumbnail","6":"product_cat-cattle","7":"product_cat-drinking-troughs-2","8":"product_cat-frost-free-waterers","9":"product_cat-horses","10":"product_tag-fa-at2","12":"first","13":"instock","14":"shipping-taxable","15":"product-type-simple"},"yoast_head":"<!-- This site is optimized with the Yoast SEO Premium plugin v27.5 (Yoast SEO v27.5) - https:\/\/yoast.com\/product\/yoast-seo-premium-wordpress\/ -->\n<title>Thermal antifreeze waterer for cattle and equines - Winter - FDA srl<\/title>\n<meta name=\"description\" content=\"Keep your animals hydrated with the thermal antifreeze waterer for cattle and equines. An excellent investment for their well-being! \u2744\ufe0f\" \/>\n<meta name=\"robots\" content=\"index, follow, max-snippet:-1, max-image-preview:large, max-video-preview:-1\" \/>\n<link rel=\"canonical\" href=\"https:\/\/fdasrl.it\/en\/prodotto\/fa-at-2-two-ball-thermal-antifreeze-waterer\/\" \/>\n<meta property=\"og:locale\" content=\"en_US\" \/>\n<meta property=\"og:type\" content=\"article\" \/>\n<meta property=\"og:title\" content=\"FA-AT 2 Two-Ball Thermal Antifreeze Waterer\" \/>\n<meta property=\"og:description\" content=\"Keep your animals hydrated with the thermal antifreeze waterer for cattle and equines. An excellent investment for their well-being! \u2744\ufe0f\" \/>\n<meta property=\"og:url\" content=\"https:\/\/fdasrl.it\/en\/prodotto\/fa-at-2-two-ball-thermal-antifreeze-waterer\/\" \/>\n<meta property=\"og:site_name\" content=\"FDA srl\" \/>\n<meta property=\"article:publisher\" content=\"https:\/\/www.facebook.com\/share\/1MWhFWg1Tp\/?mibextid=LQQJ4d\" \/>\n<meta property=\"og:image\" content=\"https:\/\/fdasrl.it\/wp-content\/uploads\/2025\/01\/FA-AT-2.jpg\" \/>\n\t<meta property=\"og:image:width\" content=\"730\" \/>\n\t<meta property=\"og:image:height\" content=\"531\" \/>\n\t<meta property=\"og:image:type\" content=\"image\/jpeg\" \/>\n<meta name=\"twitter:card\" content=\"summary_large_image\" \/>\n<meta name=\"twitter:label1\" content=\"Price\" \/>\n\t<meta name=\"twitter:data1\" content=\"\" \/>\n\t<meta name=\"twitter:label2\" content=\"Availability\" \/>\n\t<meta name=\"twitter:data2\" content=\"In stock\" \/>\n<meta property=\"product:price:currency\" content=\"EUR\" \/>\n<meta property=\"og:availability\" content=\"instock\" \/>\n<meta property=\"product:availability\" content=\"instock\" \/>\n<meta property=\"product:retailer_item_id\" content=\"FAAT2\" \/>\n<meta property=\"product:condition\" content=\"new\" \/>\n<!-- \/ Yoast SEO Premium plugin. -->","yoast_head_json":{"title":"Thermal antifreeze waterer for cattle and equines - Winter - FDA srl","description":"Keep your animals hydrated with the thermal antifreeze waterer for cattle and equines. An excellent investment for their well-being! \u2744\ufe0f","robots":{"index":"index","follow":"follow","max-snippet":"max-snippet:-1","max-image-preview":"max-image-preview:large","max-video-preview":"max-video-preview:-1"},"canonical":"https:\/\/fdasrl.it\/en\/prodotto\/fa-at-2-two-ball-thermal-antifreeze-waterer\/","og_locale":"en_US","og_type":"article","og_title":"FA-AT 2 Two-Ball Thermal Antifreeze Waterer","og_description":"Keep your animals hydrated with the thermal antifreeze waterer for cattle and equines. An excellent investment for their well-being! \u2744\ufe0f","og_url":"https:\/\/fdasrl.it\/en\/prodotto\/fa-at-2-two-ball-thermal-antifreeze-waterer\/","og_site_name":"FDA srl","article_publisher":"https:\/\/www.facebook.com\/share\/1MWhFWg1Tp\/?mibextid=LQQJ4d","og_image":[{"width":730,"height":531,"url":"https:\/\/fdasrl.it\/wp-content\/uploads\/2025\/01\/FA-AT-2.jpg","type":"image\/jpeg"}],"twitter_card":"summary_large_image","twitter_misc":{"Price":"","Availability":"In stock"},"schema":{"@context":"https:\/\/schema.org","@graph":[{"@type":"WebPage","@id":"https:\/\/fdasrl.it\/en\/prodotto\/fa-at-2-two-ball-thermal-antifreeze-waterer\/","url":"https:\/\/fdasrl.it\/en\/prodotto\/fa-at-2-two-ball-thermal-antifreeze-waterer\/","name":"Thermal antifreeze waterer for cattle and equines - Winter - FDA srl","isPartOf":{"@id":"https:\/\/fdasrl.it\/en\/#website"},"primaryImageOfPage":{"@id":"https:\/\/fdasrl.it\/en\/prodotto\/fa-at-2-two-ball-thermal-antifreeze-waterer\/#primaryimage"},"image":{"@id":"https:\/\/fdasrl.it\/en\/prodotto\/fa-at-2-two-ball-thermal-antifreeze-waterer\/#primaryimage"},"thumbnailUrl":"https:\/\/fdasrl.it\/wp-content\/uploads\/2025\/01\/FA-AT-2.jpg","datePublished":"2025-01-21T09:30:25+00:00","description":"Keep your animals hydrated with the thermal antifreeze waterer for cattle and equines. An excellent investment for their well-being! \u2744\ufe0f","breadcrumb":{"@id":"https:\/\/fdasrl.it\/en\/prodotto\/fa-at-2-two-ball-thermal-antifreeze-waterer\/#breadcrumb"},"inLanguage":"en-US","potentialAction":[{"@type":"ReadAction","target":["https:\/\/fdasrl.it\/en\/prodotto\/fa-at-2-two-ball-thermal-antifreeze-waterer\/"]}]},{"@type":"ImageObject","inLanguage":"en-US","@id":"https:\/\/fdasrl.it\/en\/prodotto\/fa-at-2-two-ball-thermal-antifreeze-waterer\/#primaryimage","url":"https:\/\/fdasrl.it\/wp-content\/uploads\/2025\/01\/FA-AT-2.jpg","contentUrl":"https:\/\/fdasrl.it\/wp-content\/uploads\/2025\/01\/FA-AT-2.jpg","width":730,"height":531,"caption":"FA-AT 2 two-ball thermal antifreeze waterer for cattle and equines"},{"@type":"BreadcrumbList","@id":"https:\/\/fdasrl.it\/en\/prodotto\/fa-at-2-two-ball-thermal-antifreeze-waterer\/#breadcrumb","itemListElement":[{"@type":"ListItem","position":1,"name":"Home","item":"https:\/\/fdasrl.it\/en\/home\/"},{"@type":"ListItem","position":2,"name":"Shop","item":"https:\/\/fdasrl.it\/en\/shop\/"},{"@type":"ListItem","position":3,"name":"FA-AT 2 Two-Ball Thermal Antifreeze Waterer"}]},{"@type":"WebSite","@id":"https:\/\/fdasrl.it\/en\/#website","url":"https:\/\/fdasrl.it\/en\/","name":"FDA srl","description":"Equipment for animal husbandry","publisher":{"@id":"https:\/\/fdasrl.it\/en\/#organization"},"potentialAction":[{"@type":"SearchAction","target":{"@type":"EntryPoint","urlTemplate":"https:\/\/fdasrl.it\/en\/?s={search_term_string}"},"query-input":{"@type":"PropertyValueSpecification","valueRequired":true,"valueName":"search_term_string"}}],"inLanguage":"en-US"},{"@type":"Organization","@id":"https:\/\/fdasrl.it\/en\/#organization","name":"FDA srl","url":"https:\/\/fdasrl.it\/en\/","logo":{"@type":"ImageObject","inLanguage":"en-US","@id":"https:\/\/fdasrl.it\/en\/#\/schema\/logo\/image\/","url":"https:\/\/fdasrl.it\/wp-content\/uploads\/2024\/12\/Logo-FDA.png","contentUrl":"https:\/\/fdasrl.it\/wp-content\/uploads\/2024\/12\/Logo-FDA.png","width":316,"height":119,"caption":"FDA srl"},"image":{"@id":"https:\/\/fdasrl.it\/en\/#\/schema\/logo\/image\/"},"sameAs":["https:\/\/www.facebook.com\/share\/1MWhFWg1Tp\/?mibextid=LQQJ4d","https:\/\/www.instagram.com\/fda_srl\/profilecard\/?igsh=YW5lbzJ6MWg0d21u","https:\/\/www.youtube.com\/@FDASRL_ANIMALCARE"],"description":"FDA SRL \u2013 Equipment for animal husbandry nasce con l\u2019obiettivo di offrire soluzioni affidabili e innovative per l\u2019allevamento moderno. Con anni di esperienza nel settore zootecnico, progettiamo e realizziamo attrezzature destinate al benessere animale e alla gestione efficiente delle stalle: vasche, abbeveratoi, mangiatoie e sistemi di riscaldamento pensati per durare nel tempo e semplificare il lavoro quotidiano degli allevatori. Dalla progettazione alla produzione, ogni nostro prodotto \u00e8 studiato nei minimi dettagli, testato con cura e costruito per rispondere alle esigenze reali del settore. La nostra forza \u00e8 unire artigianalit\u00e0, tecnologia e competenza tecnica per trasformare ogni progetto in una soluzione concreta e funzionale. Oggi FDA SRL \u00e8 un punto di riferimento per privati e rivenditori che cercano qualit\u00e0, affidabilit\u00e0 e innovazione nelle attrezzature per l\u2019allevamento.","email":"info@fdasrl.it","telephone":"+390522826820","legalName":"F.D.A. SRL","foundingDate":"2024-10-13","vatID":"03075840359","taxID":"03075840359","numberOfEmployees":{"@type":"QuantitativeValue","minValue":"1","maxValue":"10"}}]},"product_price_currency":"EUR","og_availability":"instock","product_availability":"instock","product_retailer_item_id":"FAAT2","product_condition":"new"},"_links":{"self":[{"href":"https:\/\/fdasrl.it\/en\/wp-json\/wp\/v2\/product\/3838","targetHints":{"allow":["GET"]}}],"collection":[{"href":"https:\/\/fdasrl.it\/en\/wp-json\/wp\/v2\/product"}],"about":[{"href":"https:\/\/fdasrl.it\/en\/wp-json\/wp\/v2\/types\/product"}],"replies":[{"embeddable":true,"href":"https:\/\/fdasrl.it\/en\/wp-json\/wp\/v2\/comments?post=3838"}],"wp:featuredmedia":[{"embeddable":true,"href":"https:\/\/fdasrl.it\/en\/wp-json\/wp\/v2\/media\/358"}],"wp:attachment":[{"href":"https:\/\/fdasrl.it\/en\/wp-json\/wp\/v2\/media?parent=3838"}],"wp:term":[{"taxonomy":"product_brand","embeddable":true,"href":"https:\/\/fdasrl.it\/en\/wp-json\/wp\/v2\/product_brand?post=3838"},{"taxonomy":"product_cat","embeddable":true,"href":"https:\/\/fdasrl.it\/en\/wp-json\/wp\/v2\/product_cat?post=3838"},{"taxonomy":"product_tag","embeddable":true,"href":"https:\/\/fdasrl.it\/en\/wp-json\/wp\/v2\/product_tag?post=3838"}],"curies":[{"name":"wp","href":"https:\/\/api.w.org\/{rel}","templated":true}]}}