{"id":4059,"date":"2025-01-21T11:01:42","date_gmt":"2025-01-21T10:01:42","guid":{"rendered":"https:\/\/fdasrl.it\/prodotto\/automatic-constant-level-drinker-with-tipping-trough-in-aisi-304-stainless-steel\/"},"modified":"2025-01-21T11:01:42","modified_gmt":"2025-01-21T10:01:42","slug":"automatic-constant-level-drinker-with-tipping-trough-in-aisi-304-stainless-steel","status":"publish","type":"product","link":"https:\/\/fdasrl.it\/en\/prodotto\/automatic-constant-level-drinker-with-tipping-trough-in-aisi-304-stainless-steel\/","title":{"rendered":"Automatic Constant Level Drinker with Tipping Trough in AISI 304 Stainless Steel"},"content":{"rendered":"<p>Automatic constant level drinker with tipping trough in AISI 304 stainless steel FA-VSRP. <strong>Designed to ensure a continuous supply of clean and fresh water for cattle and equines.<\/strong><\/p>\n<h3><strong>Available in different sizes to meet every need:<\/strong><\/h3>\n<h4>&#8211; FA VSRP 1 LENGTH 1 meter wall-mounted<\/h4>\n<p><strong>Technical features:<\/strong><\/p>\n<ul>\n<li>Hot-dip galvanized tubular protection structure with wall mounting plates (dimensions: length 130 cm, width 58 cm);<\/li>\n<li>Trough width 32 cm, height 23 cm, length 100 cm; Drinking space 88 cm;<\/li>\n<li>Float \u00d8 3\/4 male thread, ABS valve body complete with pre-filter, PE ball body, height-adjustable ball, operating pressure from 0.5 to 12 Bar, flow rate 50 liters of water per minute with operating pressure at 6 Bar;<\/li>\n<li>Weight 45 Kg.<\/li>\n<\/ul>\n<p>Buy it on our <a href=\"https:\/\/fda-shop.it\/shop\/articoli-per-allevamento\/abbeveratoi\/abbeveratoio-automatico-a-parete-un-metro-ribaltabile\" target=\"_blank\" rel=\"noopener\">online shop<\/a><\/p>\n<h4 class=\"content-title\">&#8211; FA VSRP 1.5 LENGTH 1.5 meters wall-mounted<\/h4>\n<p>Automatic constant level drinker with tipping trough in AISI 304 stainless steel. <strong>Technical features:<\/strong><\/p>\n<ul>\n<li>Hot-dip galvanized tubular protection structure with wall mounting plates (dimensions: length 180 cm, width 58 cm);<\/li>\n<li>Trough width 32 cm, height 23 cm, length 150 cm;<\/li>\n<li>Drinking space 138 cm;<\/li>\n<li>Float \u00d8 3\/4 male thread, ABS valve body complete with pre-filter, PE ball body, height-adjustable ball, operating pressure from 0.5 to 12 Bar, flow rate 50 liters of water per minute with operating pressure at 6 Bar;<\/li>\n<li>Weight 45 Kg.<\/li>\n<\/ul>\n<p>Buy it on our <a href=\"https:\/\/fda-shop.it\/shop\/articoli-per-allevamento\/abbeveratoi\/abbeveratoio-automatico-a-parete-un-metro-mezzo-ribaltabile\" target=\"_blank\" rel=\"noopener\">online shop<\/a><\/p>\n<h4 class=\"content-title\">&#8211; FA VSRP 2 LENGTH 2 meters wall-mounted<\/h4>\n<p>Automatic constant level drinker with tipping trough in AISI 304 stainless steel. <strong>Technical features:<\/strong><\/p>\n<ul>\n<li>Hot-dip galvanized tubular protection structure with wall mounting plates (dimensions: length 230 cm, width 58 cm);<\/li>\n<li>Trough width 32 cm, height 23 cm, length 200 cm;<\/li>\n<li>Drinking space 188 cm;<\/li>\n<li>Float \u00d8 3\/4 male thread, ABS valve body complete with pre-filter, PE ball body, height-adjustable ball, operating pressure from 0.5 to 12 Bar, flow rate 50 liters of water per minute with operating pressure at 6 Bar;<\/li>\n<li>Weight 54 Kg.<\/li>\n<\/ul>\n<p>Buy it on our <a href=\"https:\/\/fda-shop.it\/shop\/articoli-per-allevamento\/abbeveratoi\/abbeveratoio-automatico-a-parete-due-metri-ribaltabile\" target=\"_blank\" rel=\"noopener\">online shop<\/a><\/p>\n<p>DOWNLOAD TECHNICAL DATASHEETS:<\/p>\n<ul>\n<li><a href=\"http:\/\/content\/uploads\/2025\/05\/SCHEDA_TECNICA__E_RICAMBI_VASCA_RIBALTABILE_A_PARETE_MT_10.pdf\">TIPPING TROUGH 1 M &#8211; DOWNLOAD<\/a><\/li>\n<li><a href=\"http:\/\/content\/uploads\/2025\/05\/SCHEDA_TECNICA__E_RICAMBI_VASCA_RIBALTABILE_A_PARETE_MT_15.pdf\">TIPPING TROUGH 1.5 M &#8211; DOWNLOAD<\/a><\/li>\n<li><a href=\"http:\/\/content\/uploads\/2025\/05\/SCHEDA_TECNICA__E_RICAMBI_VASCA_RIBALTABILE_A_PARETE_MT_20.pdf\">TIPPING TROUGH 2 M &#8211; DOWNLOAD<\/a><\/li>\n<\/ul>\n","protected":false},"excerpt":{"rendered":"<p>FA-VSRP automatic constant level drinker in AISI 304 stainless steel, with tipping trough and adjustable float. Available in lengths of 1, 1.5 and 2 meters for cattle and equines. Ensures clean and fresh water with flow rate up to 50 l\/min at 6 Bar. Hot-dip galvanized structure for maximum resistance.   <\/p>\n","protected":false},"featured_media":384,"comment_status":"open","ping_status":"closed","template":"","meta":{"_et_pb_use_builder":"off","_et_pb_old_content":"Automatic constant level drinker with tipping trough in AISI 304 stainless steel FA-VSRP. <strong>Designed to ensure a continuous supply of clean and fresh water for cattle and equines.<\/strong>\n<h3><strong>Available in different sizes to meet every need:<\/strong><\/h3>\n<h4>- FA VSRP 1 LENGTH 1 meter wall-mounted<\/h4>\n<strong>Technical features:<\/strong>\n<ul>\n \t<li>Hot-dip galvanized tubular protection structure with wall mounting plates (dimensions: length 130 cm, width 58 cm);<\/li>\n \t<li>Trough width 32 cm, height 23 cm, length 100 cm;\nDrinking space 88 cm;<\/li>\n \t<li>Float \u00d8 3\/4 male thread, ABS valve body complete with pre-filter, PE ball body, height-adjustable ball, operating pressure from 0.5 to 12 Bar, flow rate 50 liters of water per minute with operating pressure at 6 Bar;<\/li>\n \t<li>Weight 45 Kg.<\/li>\n<\/ul>\nBuy it on our <a href=\"https:\/\/fda-shop.it\/shop\/articoli-per-allevamento\/abbeveratoi\/abbeveratoio-automatico-a-parete-un-metro-ribaltabile\" target=\"_blank\" rel=\"noopener\">online shop<\/a>\n<h4 class=\"content-title\">- FA VSRP 1.5 LENGTH 1.5 meters wall-mounted<\/h4>\nAutomatic constant level drinker with tipping trough in AISI 304 stainless steel.\n\n<strong>Technical features:<\/strong>\n<ul>\n \t<li>Hot-dip galvanized tubular protection structure with wall mounting plates (dimensions: length 180 cm, width 58 cm);<\/li>\n \t<li>Trough width 32 cm, height 23 cm, length 150 cm;<\/li>\n \t<li>Drinking space 138 cm;<\/li>\n \t<li>Float \u00d8 3\/4 male thread, ABS valve body complete with pre-filter, PE ball body, height-adjustable ball, operating pressure from 0.5 to 12 Bar, flow rate 50 liters of water per minute with operating pressure at 6 Bar;<\/li>\n \t<li>Weight 45 Kg.<\/li>\n<\/ul>\nBuy it on our <a href=\"https:\/\/fda-shop.it\/shop\/articoli-per-allevamento\/abbeveratoi\/abbeveratoio-automatico-a-parete-un-metro-mezzo-ribaltabile\" target=\"_blank\" rel=\"noopener\">online shop<\/a>\n<h4 class=\"content-title\">- FA VSRP 2 LENGTH 2 meters wall-mounted<\/h4>\nAutomatic constant level drinker with tipping trough in AISI 304 stainless steel.\n\n<strong>Technical features:<\/strong>\n<ul>\n \t<li>Hot-dip galvanized tubular protection structure with wall mounting plates (dimensions: length 230 cm, width 58 cm);<\/li>\n \t<li>Trough width 32 cm, height 23 cm, length 200 cm;<\/li>\n \t<li>Drinking space 188 cm;<\/li>\n \t<li>Float \u00d8 3\/4 male thread, ABS valve body complete with pre-filter, PE ball body, height-adjustable ball, operating pressure from 0.5 to 12 Bar, flow rate 50 liters of water per minute with operating pressure at 6 Bar;<\/li>\n \t<li>Weight 54 Kg.<\/li>\n<\/ul>\nBuy it on our <a href=\"https:\/\/fda-shop.it\/shop\/articoli-per-allevamento\/abbeveratoi\/abbeveratoio-automatico-a-parete-due-metri-ribaltabile\" target=\"_blank\" rel=\"noopener\">online shop<\/a>","_et_gb_content_width":""},"product_brand":[],"product_cat":[389,549,506,613,507],"product_tag":[966],"class_list":{"0":"post-4059","1":"product","2":"type-product","3":"status-publish","4":"has-post-thumbnail","6":"product_cat-cattle","7":"product_cat-drinking-troughs-2","8":"product_cat-drinking-troughs","9":"product_cat-horses","10":"product_cat-stainless-steel-troughs-for-stables","11":"product_tag-fa-vsrp","13":"first","14":"instock","15":"shipping-taxable","16":"product-type-simple"},"yoast_head":"<!-- This site is optimized with the Yoast SEO Premium plugin v27.5 (Yoast SEO v27.6) - https:\/\/yoast.com\/product\/yoast-seo-premium-wordpress\/ -->\n<title>Automatic drinker with tipping trough: fresh water - FDA srl<\/title>\n<meta name=\"description\" content=\"FA-VSRP automatic constant level drinker in AISI 304 stainless steel, with tipping trough and adjustable float. Available in lengths of 1, 1.5 and 2 meters for cattle and equines. Ensures clean and fresh water with flow rate up to 50 l\/min at 6 Bar. Hot-dip galvanized structure for maximum resistance.\" \/>\n<meta name=\"robots\" content=\"index, follow, max-snippet:-1, max-image-preview:large, max-video-preview:-1\" \/>\n<link rel=\"canonical\" href=\"https:\/\/fdasrl.it\/en\/prodotto\/automatic-constant-level-drinker-with-tipping-trough-in-aisi-304-stainless-steel\/\" \/>\n<meta property=\"og:locale\" content=\"en_US\" \/>\n<meta property=\"og:type\" content=\"article\" \/>\n<meta property=\"og:title\" content=\"Automatic Constant Level Drinker with Tipping Trough in AISI 304 Stainless Steel\" \/>\n<meta property=\"og:description\" content=\"FA-VSRP automatic constant level drinker in AISI 304 stainless steel, with tipping trough and adjustable float. Available in lengths of 1, 1.5 and 2 meters for cattle and equines. Ensures clean and fresh water with flow rate up to 50 l\/min at 6 Bar. Hot-dip galvanized structure for maximum resistance.\" \/>\n<meta property=\"og:url\" content=\"https:\/\/fdasrl.it\/en\/prodotto\/automatic-constant-level-drinker-with-tipping-trough-in-aisi-304-stainless-steel\/\" \/>\n<meta property=\"og:site_name\" content=\"FDA srl\" \/>\n<meta property=\"article:publisher\" content=\"https:\/\/www.facebook.com\/share\/1MWhFWg1Tp\/?mibextid=LQQJ4d\" \/>\n<meta property=\"og:image\" content=\"https:\/\/fdasrl.it\/wp-content\/uploads\/2025\/01\/FA-VSRP1_1.jpg\" \/>\n\t<meta property=\"og:image:width\" content=\"730\" \/>\n\t<meta property=\"og:image:height\" content=\"433\" \/>\n\t<meta property=\"og:image:type\" content=\"image\/jpeg\" \/>\n<meta name=\"twitter:card\" content=\"summary_large_image\" \/>\n<meta name=\"twitter:label1\" content=\"Price\" \/>\n\t<meta name=\"twitter:data1\" content=\"\" \/>\n\t<meta name=\"twitter:label2\" content=\"Availability\" \/>\n\t<meta name=\"twitter:data2\" content=\"In stock\" \/>\n<meta property=\"product:price:currency\" content=\"EUR\" \/>\n<meta property=\"og:availability\" content=\"instock\" \/>\n<meta property=\"product:availability\" content=\"instock\" \/>\n<meta property=\"product:retailer_item_id\" content=\"FAVSRP\" \/>\n<meta property=\"product:condition\" content=\"new\" \/>\n<!-- \/ Yoast SEO Premium plugin. -->","yoast_head_json":{"title":"Automatic drinker with tipping trough: fresh water - FDA srl","description":"FA-VSRP automatic constant level drinker in AISI 304 stainless steel, with tipping trough and adjustable float. Available in lengths of 1, 1.5 and 2 meters for cattle and equines. Ensures clean and fresh water with flow rate up to 50 l\/min at 6 Bar. Hot-dip galvanized structure for maximum resistance.","robots":{"index":"index","follow":"follow","max-snippet":"max-snippet:-1","max-image-preview":"max-image-preview:large","max-video-preview":"max-video-preview:-1"},"canonical":"https:\/\/fdasrl.it\/en\/prodotto\/automatic-constant-level-drinker-with-tipping-trough-in-aisi-304-stainless-steel\/","og_locale":"en_US","og_type":"article","og_title":"Automatic Constant Level Drinker with Tipping Trough in AISI 304 Stainless Steel","og_description":"FA-VSRP automatic constant level drinker in AISI 304 stainless steel, with tipping trough and adjustable float. Available in lengths of 1, 1.5 and 2 meters for cattle and equines. Ensures clean and fresh water with flow rate up to 50 l\/min at 6 Bar. Hot-dip galvanized structure for maximum resistance.","og_url":"https:\/\/fdasrl.it\/en\/prodotto\/automatic-constant-level-drinker-with-tipping-trough-in-aisi-304-stainless-steel\/","og_site_name":"FDA srl","article_publisher":"https:\/\/www.facebook.com\/share\/1MWhFWg1Tp\/?mibextid=LQQJ4d","og_image":[{"width":730,"height":433,"url":"https:\/\/fdasrl.it\/wp-content\/uploads\/2025\/01\/FA-VSRP1_1.jpg","type":"image\/jpeg"}],"twitter_card":"summary_large_image","twitter_misc":{"Price":"","Availability":"In stock"},"schema":{"@context":"https:\/\/schema.org","@graph":[{"@type":"WebPage","@id":"https:\/\/fdasrl.it\/en\/prodotto\/automatic-constant-level-drinker-with-tipping-trough-in-aisi-304-stainless-steel\/","url":"https:\/\/fdasrl.it\/en\/prodotto\/automatic-constant-level-drinker-with-tipping-trough-in-aisi-304-stainless-steel\/","name":"Automatic drinker with tipping trough: fresh water - FDA srl","isPartOf":{"@id":"https:\/\/fdasrl.it\/en\/#website"},"primaryImageOfPage":{"@id":"https:\/\/fdasrl.it\/en\/prodotto\/automatic-constant-level-drinker-with-tipping-trough-in-aisi-304-stainless-steel\/#primaryimage"},"image":{"@id":"https:\/\/fdasrl.it\/en\/prodotto\/automatic-constant-level-drinker-with-tipping-trough-in-aisi-304-stainless-steel\/#primaryimage"},"thumbnailUrl":"https:\/\/fdasrl.it\/wp-content\/uploads\/2025\/01\/FA-VSRP1_1.jpg","datePublished":"2025-01-21T10:01:42+00:00","description":"FA-VSRP automatic constant level drinker in AISI 304 stainless steel, with tipping trough and adjustable float. Available in lengths of 1, 1.5 and 2 meters for cattle and equines. Ensures clean and fresh water with flow rate up to 50 l\/min at 6 Bar. Hot-dip galvanized structure for maximum resistance.","breadcrumb":{"@id":"https:\/\/fdasrl.it\/en\/prodotto\/automatic-constant-level-drinker-with-tipping-trough-in-aisi-304-stainless-steel\/#breadcrumb"},"inLanguage":"en-US","potentialAction":[{"@type":"ReadAction","target":["https:\/\/fdasrl.it\/en\/prodotto\/automatic-constant-level-drinker-with-tipping-trough-in-aisi-304-stainless-steel\/"]}]},{"@type":"ImageObject","inLanguage":"en-US","@id":"https:\/\/fdasrl.it\/en\/prodotto\/automatic-constant-level-drinker-with-tipping-trough-in-aisi-304-stainless-steel\/#primaryimage","url":"https:\/\/fdasrl.it\/wp-content\/uploads\/2025\/01\/FA-VSRP1_1.jpg","contentUrl":"https:\/\/fdasrl.it\/wp-content\/uploads\/2025\/01\/FA-VSRP1_1.jpg","width":730,"height":433},{"@type":"BreadcrumbList","@id":"https:\/\/fdasrl.it\/en\/prodotto\/automatic-constant-level-drinker-with-tipping-trough-in-aisi-304-stainless-steel\/#breadcrumb","itemListElement":[{"@type":"ListItem","position":1,"name":"Home","item":"https:\/\/fdasrl.it\/en\/home\/"},{"@type":"ListItem","position":2,"name":"Shop","item":"https:\/\/fdasrl.it\/en\/shop\/"},{"@type":"ListItem","position":3,"name":"Automatic Constant Level Drinker with Tipping Trough in AISI 304 Stainless Steel"}]},{"@type":"WebSite","@id":"https:\/\/fdasrl.it\/en\/#website","url":"https:\/\/fdasrl.it\/en\/","name":"FDA srl","description":"Equipment for animal husbandry","publisher":{"@id":"https:\/\/fdasrl.it\/en\/#organization"},"potentialAction":[{"@type":"SearchAction","target":{"@type":"EntryPoint","urlTemplate":"https:\/\/fdasrl.it\/en\/?s={search_term_string}"},"query-input":{"@type":"PropertyValueSpecification","valueRequired":true,"valueName":"search_term_string"}}],"inLanguage":"en-US"},{"@type":"Organization","@id":"https:\/\/fdasrl.it\/en\/#organization","name":"FDA srl","url":"https:\/\/fdasrl.it\/en\/","logo":{"@type":"ImageObject","inLanguage":"en-US","@id":"https:\/\/fdasrl.it\/en\/#\/schema\/logo\/image\/","url":"https:\/\/fdasrl.it\/wp-content\/uploads\/2024\/12\/Logo-FDA.png","contentUrl":"https:\/\/fdasrl.it\/wp-content\/uploads\/2024\/12\/Logo-FDA.png","width":316,"height":119,"caption":"FDA srl"},"image":{"@id":"https:\/\/fdasrl.it\/en\/#\/schema\/logo\/image\/"},"sameAs":["https:\/\/www.facebook.com\/share\/1MWhFWg1Tp\/?mibextid=LQQJ4d","https:\/\/www.instagram.com\/fda_srl\/profilecard\/?igsh=YW5lbzJ6MWg0d21u","https:\/\/www.youtube.com\/@FDASRL_ANIMALCARE"],"description":"FDA SRL \u2013 Equipment for animal husbandry nasce con l\u2019obiettivo di offrire soluzioni affidabili e innovative per l\u2019allevamento moderno. Con anni di esperienza nel settore zootecnico, progettiamo e realizziamo attrezzature destinate al benessere animale e alla gestione efficiente delle stalle: vasche, abbeveratoi, mangiatoie e sistemi di riscaldamento pensati per durare nel tempo e semplificare il lavoro quotidiano degli allevatori. Dalla progettazione alla produzione, ogni nostro prodotto \u00e8 studiato nei minimi dettagli, testato con cura e costruito per rispondere alle esigenze reali del settore. La nostra forza \u00e8 unire artigianalit\u00e0, tecnologia e competenza tecnica per trasformare ogni progetto in una soluzione concreta e funzionale. Oggi FDA SRL \u00e8 un punto di riferimento per privati e rivenditori che cercano qualit\u00e0, affidabilit\u00e0 e innovazione nelle attrezzature per l\u2019allevamento.","email":"info@fdasrl.it","telephone":"+390522826820","legalName":"F.D.A. SRL","foundingDate":"2024-10-13","vatID":"03075840359","taxID":"03075840359","numberOfEmployees":{"@type":"QuantitativeValue","minValue":"1","maxValue":"10"}}]},"product_price_currency":"EUR","og_availability":"instock","product_availability":"instock","product_retailer_item_id":"FAVSRP","product_condition":"new"},"_links":{"self":[{"href":"https:\/\/fdasrl.it\/en\/wp-json\/wp\/v2\/product\/4059","targetHints":{"allow":["GET"]}}],"collection":[{"href":"https:\/\/fdasrl.it\/en\/wp-json\/wp\/v2\/product"}],"about":[{"href":"https:\/\/fdasrl.it\/en\/wp-json\/wp\/v2\/types\/product"}],"replies":[{"embeddable":true,"href":"https:\/\/fdasrl.it\/en\/wp-json\/wp\/v2\/comments?post=4059"}],"wp:featuredmedia":[{"embeddable":true,"href":"https:\/\/fdasrl.it\/en\/wp-json\/wp\/v2\/media\/384"}],"wp:attachment":[{"href":"https:\/\/fdasrl.it\/en\/wp-json\/wp\/v2\/media?parent=4059"}],"wp:term":[{"taxonomy":"product_brand","embeddable":true,"href":"https:\/\/fdasrl.it\/en\/wp-json\/wp\/v2\/product_brand?post=4059"},{"taxonomy":"product_cat","embeddable":true,"href":"https:\/\/fdasrl.it\/en\/wp-json\/wp\/v2\/product_cat?post=4059"},{"taxonomy":"product_tag","embeddable":true,"href":"https:\/\/fdasrl.it\/en\/wp-json\/wp\/v2\/product_tag?post=4059"}],"curies":[{"name":"wp","href":"https:\/\/api.w.org\/{rel}","templated":true}]}}