{"id":4133,"date":"2025-01-21T10:51:18","date_gmt":"2025-01-21T09:51:18","guid":{"rendered":"https:\/\/fdasrl.it\/prodotto\/automatic-stainless-steel-sloped-trough-drinker\/"},"modified":"2025-01-21T10:51:18","modified_gmt":"2025-01-21T09:51:18","slug":"automatic-stainless-steel-sloped-trough-drinker","status":"publish","type":"product","link":"https:\/\/fdasrl.it\/en\/prodotto\/automatic-stainless-steel-sloped-trough-drinker\/","title":{"rendered":"AUTOMATIC STAINLESS STEEL SLOPED TROUGH DRINKER"},"content":{"rendered":"<h3 data-start=\"109\" data-end=\"179\">FA-V4 sloped model constant level automatic drinker<\/h3>\n<p data-start=\"181\" data-end=\"405\">The <strong data-start=\"207\" data-end=\"216\">FA-V4<\/strong> automatic drinker, ideal for <strong data-start=\"229\" data-end=\"264\">cows, horses, goats, and sheep<\/strong>, is made entirely of <strong data-start=\"294\" data-end=\"319\">AISI 304 stainless steel<\/strong> with a thickness of <strong data-start=\"333\" data-end=\"345\">1.5 mm<\/strong>, guaranteeing robustness, hygiene, and long-term durability.<\/p>\n<p data-start=\"407\" data-end=\"642\">The <strong data-start=\"410\" data-end=\"429\">sloped trough<\/strong> ensures a <strong data-start=\"442\" data-end=\"469\">continuous water flow<\/strong>, while the <strong data-start=\"480\" data-end=\"512\">rounded anti-cut edges<\/strong> guarantee maximum safety for the animals. <strong data-start=\"567\" data-end=\"587\">Wall mounting<\/strong> is quick and easy thanks to the <strong data-start=\"620\" data-end=\"641\">integrated plates<\/strong>. <\/p>\n<p data-start=\"644\" data-end=\"679\">\u2705 <strong data-start=\"646\" data-end=\"677\">Main features:<\/strong><\/p>\n<ul data-start=\"680\" data-end=\"1130\">\n<li data-start=\"680\" data-end=\"712\">\n<p data-start=\"682\" data-end=\"712\"><strong data-start=\"682\" data-end=\"701\">Trough capacity:<\/strong> 45 l<\/p>\n<\/li>\n<li data-start=\"713\" data-end=\"778\">\n<p data-start=\"715\" data-end=\"778\">Housing for <strong data-start=\"733\" data-end=\"749\">float valve<\/strong> on the left or right side<\/p>\n<\/li>\n<li data-start=\"779\" data-end=\"872\">\n<p data-start=\"781\" data-end=\"872\"><strong data-start=\"781\" data-end=\"810\">3\/4&#8243; float valve<\/strong> included to automatically maintain the water level<\/p>\n<\/li>\n<li data-start=\"873\" data-end=\"900\">\n<p data-start=\"875\" data-end=\"900\"><strong data-start=\"875\" data-end=\"893\">Water inlet:<\/strong> 3\/4&#8243;<\/p>\n<\/li>\n<li data-start=\"901\" data-end=\"943\">\n<p data-start=\"903\" data-end=\"943\"><strong data-start=\"903\" data-end=\"927\">Sealing pressure:<\/strong> up to 10 bar<\/p>\n<\/li>\n<li data-start=\"944\" data-end=\"985\">\n<p data-start=\"946\" data-end=\"985\"><strong data-start=\"946\" data-end=\"958\">Drain:<\/strong> 2&#8243; for easy cleaning<\/p>\n<\/li>\n<li data-start=\"986\" data-end=\"1027\">\n<p data-start=\"988\" data-end=\"1027\"><strong data-start=\"988\" data-end=\"1003\">Dimensions:<\/strong> W 80 \u00d7 D 30 \u00d7 H 40 cm<\/p>\n<\/li>\n<li data-start=\"1028\" data-end=\"1094\">\n<p data-start=\"1030\" data-end=\"1094\">Can be <strong data-start=\"1045\" data-end=\"1067\">wall-mounted<\/strong> using \u00d8 12 mm anchors<\/p>\n<\/li>\n<li data-start=\"1095\" data-end=\"1130\">\n<p data-start=\"1097\" data-end=\"1130\"><strong data-start=\"1097\" data-end=\"1121\">Rear clearance:<\/strong> 100 cm<\/p>\n<\/li>\n<\/ul>\n<p data-start=\"1132\" data-end=\"1264\"><strong data-start=\"1141\" data-end=\"1163\">100% Made in Italy<\/strong> product, designed to withstand the most demanding conditions and guarantee efficiency and durability over time.<\/p>\n<p data-start=\"1266\" data-end=\"1427\"><br data-start=\"1318\" data-end=\"1321\"><strong data-start=\"1321\" data-end=\"1337\">\ud83d\udc49 Dealers:<\/strong> for resale conditions, please request via email: <a href=\"mailto:info@fdasrl.it\">click here.<\/a><\/p>\n<p data-start=\"1266\" data-end=\"1427\">\ud83d\udc49 Buy it on our <a href=\"https:\/\/fda-shop.it\/shop\/articoli-per-allevamento\/abbeveratoi\/abbeveratoio-automatico-bovini\" target=\"_blank\" rel=\"noopener\">online shop<\/a><\/p>\n","protected":false},"excerpt":{"rendered":"<p>Constant level automatic drinker in <strong data-start=\"1504\" data-end=\"1542\">AISI 304 stainless steel, 1.5 mm thick<\/strong>, with a <strong data-start=\"1567\" data-end=\"1579\">45 l<\/strong> sloped trough, <strong data-start=\"1581\" data-end=\"1610\">3\/4&#8243; float valve<\/strong> included, and 2&#8243; drain. Ideal for <strong data-start=\"1647\" data-end=\"1682\">cattle, horses, goats, and sheep<\/strong>. <\/p>\n","protected":false},"featured_media":378,"comment_status":"open","ping_status":"closed","template":"","meta":{"_et_pb_use_builder":"","_et_pb_old_content":"","_et_gb_content_width":""},"product_brand":[],"product_cat":[389,549,613,406,507],"product_tag":[981],"class_list":{"0":"post-4133","1":"product","2":"type-product","3":"status-publish","4":"has-post-thumbnail","6":"product_cat-cattle","7":"product_cat-drinking-troughs-2","8":"product_cat-horses","9":"product_cat-sheep-and-goats","10":"product_cat-stainless-steel-troughs-for-stables","11":"product_tag-fa-v4","13":"first","14":"instock","15":"shipping-taxable","16":"product-type-simple"},"yoast_head":"<!-- This site is optimized with the Yoast SEO Premium plugin v27.5 (Yoast SEO v27.6) - https:\/\/yoast.com\/product\/yoast-seo-premium-wordpress\/ -->\n<title>FA-V4 stainless steel sloped trough drinker for cows and horses - FDA srl<\/title>\n<meta name=\"description\" content=\"Safety and efficiency with the FA-V4 stainless steel sloped trough drinker! Ideal for goats, cows, and sheep, making farming easier. \ud83d\udc04\" \/>\n<meta name=\"robots\" content=\"index, follow, max-snippet:-1, max-image-preview:large, max-video-preview:-1\" \/>\n<link rel=\"canonical\" href=\"https:\/\/fdasrl.it\/en\/prodotto\/automatic-stainless-steel-sloped-trough-drinker\/\" \/>\n<meta property=\"og:locale\" content=\"en_US\" \/>\n<meta property=\"og:type\" content=\"article\" \/>\n<meta property=\"og:title\" content=\"AUTOMATIC STAINLESS STEEL SLOPED TROUGH DRINKER\" \/>\n<meta property=\"og:description\" content=\"Safety and efficiency with the FA-V4 stainless steel sloped trough drinker! Ideal for goats, cows, and sheep, making farming easier. \ud83d\udc04\" \/>\n<meta property=\"og:url\" content=\"https:\/\/fdasrl.it\/en\/prodotto\/automatic-stainless-steel-sloped-trough-drinker\/\" \/>\n<meta property=\"og:site_name\" content=\"FDA srl\" \/>\n<meta property=\"article:publisher\" content=\"https:\/\/www.facebook.com\/share\/1MWhFWg1Tp\/?mibextid=LQQJ4d\" \/>\n<meta property=\"og:image\" content=\"https:\/\/fdasrl.it\/wp-content\/uploads\/2025\/01\/FA-VS4_2.jpg\" \/>\n\t<meta property=\"og:image:width\" content=\"800\" \/>\n\t<meta property=\"og:image:height\" content=\"600\" \/>\n\t<meta property=\"og:image:type\" content=\"image\/jpeg\" \/>\n<meta name=\"twitter:card\" content=\"summary_large_image\" \/>\n<meta name=\"twitter:label1\" content=\"Price\" \/>\n\t<meta name=\"twitter:data1\" content=\"\" \/>\n\t<meta name=\"twitter:label2\" content=\"Availability\" \/>\n\t<meta name=\"twitter:data2\" content=\"In stock\" \/>\n<meta property=\"product:price:currency\" content=\"EUR\" \/>\n<meta property=\"og:availability\" content=\"instock\" \/>\n<meta property=\"product:availability\" content=\"instock\" \/>\n<meta property=\"product:retailer_item_id\" content=\"FA-V4\" \/>\n<meta property=\"product:condition\" content=\"new\" \/>\n<!-- \/ Yoast SEO Premium plugin. -->","yoast_head_json":{"title":"FA-V4 stainless steel sloped trough drinker for cows and horses - FDA srl","description":"Safety and efficiency with the FA-V4 stainless steel sloped trough drinker! Ideal for goats, cows, and sheep, making farming easier. \ud83d\udc04","robots":{"index":"index","follow":"follow","max-snippet":"max-snippet:-1","max-image-preview":"max-image-preview:large","max-video-preview":"max-video-preview:-1"},"canonical":"https:\/\/fdasrl.it\/en\/prodotto\/automatic-stainless-steel-sloped-trough-drinker\/","og_locale":"en_US","og_type":"article","og_title":"AUTOMATIC STAINLESS STEEL SLOPED TROUGH DRINKER","og_description":"Safety and efficiency with the FA-V4 stainless steel sloped trough drinker! Ideal for goats, cows, and sheep, making farming easier. \ud83d\udc04","og_url":"https:\/\/fdasrl.it\/en\/prodotto\/automatic-stainless-steel-sloped-trough-drinker\/","og_site_name":"FDA srl","article_publisher":"https:\/\/www.facebook.com\/share\/1MWhFWg1Tp\/?mibextid=LQQJ4d","og_image":[{"width":800,"height":600,"url":"https:\/\/fdasrl.it\/wp-content\/uploads\/2025\/01\/FA-VS4_2.jpg","type":"image\/jpeg"}],"twitter_card":"summary_large_image","twitter_misc":{"Price":"","Availability":"In stock"},"schema":{"@context":"https:\/\/schema.org","@graph":[{"@type":"WebPage","@id":"https:\/\/fdasrl.it\/en\/prodotto\/automatic-stainless-steel-sloped-trough-drinker\/","url":"https:\/\/fdasrl.it\/en\/prodotto\/automatic-stainless-steel-sloped-trough-drinker\/","name":"FA-V4 stainless steel sloped trough drinker for cows and horses - FDA srl","isPartOf":{"@id":"https:\/\/fdasrl.it\/en\/#website"},"primaryImageOfPage":{"@id":"https:\/\/fdasrl.it\/en\/prodotto\/automatic-stainless-steel-sloped-trough-drinker\/#primaryimage"},"image":{"@id":"https:\/\/fdasrl.it\/en\/prodotto\/automatic-stainless-steel-sloped-trough-drinker\/#primaryimage"},"thumbnailUrl":"https:\/\/fdasrl.it\/wp-content\/uploads\/2025\/01\/FA-VS4_2.jpg","datePublished":"2025-01-21T09:51:18+00:00","description":"Safety and efficiency with the FA-V4 stainless steel sloped trough drinker! Ideal for goats, cows, and sheep, making farming easier. \ud83d\udc04","breadcrumb":{"@id":"https:\/\/fdasrl.it\/en\/prodotto\/automatic-stainless-steel-sloped-trough-drinker\/#breadcrumb"},"inLanguage":"en-US","potentialAction":[{"@type":"ReadAction","target":["https:\/\/fdasrl.it\/en\/prodotto\/automatic-stainless-steel-sloped-trough-drinker\/"]}]},{"@type":"ImageObject","inLanguage":"en-US","@id":"https:\/\/fdasrl.it\/en\/prodotto\/automatic-stainless-steel-sloped-trough-drinker\/#primaryimage","url":"https:\/\/fdasrl.it\/wp-content\/uploads\/2025\/01\/FA-VS4_2.jpg","contentUrl":"https:\/\/fdasrl.it\/wp-content\/uploads\/2025\/01\/FA-VS4_2.jpg","width":800,"height":600},{"@type":"BreadcrumbList","@id":"https:\/\/fdasrl.it\/en\/prodotto\/automatic-stainless-steel-sloped-trough-drinker\/#breadcrumb","itemListElement":[{"@type":"ListItem","position":1,"name":"Home","item":"https:\/\/fdasrl.it\/en\/home\/"},{"@type":"ListItem","position":2,"name":"Shop","item":"https:\/\/fdasrl.it\/en\/shop\/"},{"@type":"ListItem","position":3,"name":"AUTOMATIC STAINLESS STEEL SLOPED TROUGH DRINKER"}]},{"@type":"WebSite","@id":"https:\/\/fdasrl.it\/en\/#website","url":"https:\/\/fdasrl.it\/en\/","name":"FDA srl","description":"Equipment for animal husbandry","publisher":{"@id":"https:\/\/fdasrl.it\/en\/#organization"},"potentialAction":[{"@type":"SearchAction","target":{"@type":"EntryPoint","urlTemplate":"https:\/\/fdasrl.it\/en\/?s={search_term_string}"},"query-input":{"@type":"PropertyValueSpecification","valueRequired":true,"valueName":"search_term_string"}}],"inLanguage":"en-US"},{"@type":"Organization","@id":"https:\/\/fdasrl.it\/en\/#organization","name":"FDA srl","url":"https:\/\/fdasrl.it\/en\/","logo":{"@type":"ImageObject","inLanguage":"en-US","@id":"https:\/\/fdasrl.it\/en\/#\/schema\/logo\/image\/","url":"https:\/\/fdasrl.it\/wp-content\/uploads\/2024\/12\/Logo-FDA.png","contentUrl":"https:\/\/fdasrl.it\/wp-content\/uploads\/2024\/12\/Logo-FDA.png","width":316,"height":119,"caption":"FDA srl"},"image":{"@id":"https:\/\/fdasrl.it\/en\/#\/schema\/logo\/image\/"},"sameAs":["https:\/\/www.facebook.com\/share\/1MWhFWg1Tp\/?mibextid=LQQJ4d","https:\/\/www.instagram.com\/fda_srl\/profilecard\/?igsh=YW5lbzJ6MWg0d21u","https:\/\/www.youtube.com\/@FDASRL_ANIMALCARE"],"description":"FDA SRL \u2013 Equipment for animal husbandry nasce con l\u2019obiettivo di offrire soluzioni affidabili e innovative per l\u2019allevamento moderno. Con anni di esperienza nel settore zootecnico, progettiamo e realizziamo attrezzature destinate al benessere animale e alla gestione efficiente delle stalle: vasche, abbeveratoi, mangiatoie e sistemi di riscaldamento pensati per durare nel tempo e semplificare il lavoro quotidiano degli allevatori. Dalla progettazione alla produzione, ogni nostro prodotto \u00e8 studiato nei minimi dettagli, testato con cura e costruito per rispondere alle esigenze reali del settore. La nostra forza \u00e8 unire artigianalit\u00e0, tecnologia e competenza tecnica per trasformare ogni progetto in una soluzione concreta e funzionale. Oggi FDA SRL \u00e8 un punto di riferimento per privati e rivenditori che cercano qualit\u00e0, affidabilit\u00e0 e innovazione nelle attrezzature per l\u2019allevamento.","email":"info@fdasrl.it","telephone":"+390522826820","legalName":"F.D.A. SRL","foundingDate":"2024-10-13","vatID":"03075840359","taxID":"03075840359","numberOfEmployees":{"@type":"QuantitativeValue","minValue":"1","maxValue":"10"}}]},"product_price_currency":"EUR","og_availability":"instock","product_availability":"instock","product_retailer_item_id":"FA-V4","product_condition":"new"},"_links":{"self":[{"href":"https:\/\/fdasrl.it\/en\/wp-json\/wp\/v2\/product\/4133","targetHints":{"allow":["GET"]}}],"collection":[{"href":"https:\/\/fdasrl.it\/en\/wp-json\/wp\/v2\/product"}],"about":[{"href":"https:\/\/fdasrl.it\/en\/wp-json\/wp\/v2\/types\/product"}],"replies":[{"embeddable":true,"href":"https:\/\/fdasrl.it\/en\/wp-json\/wp\/v2\/comments?post=4133"}],"wp:featuredmedia":[{"embeddable":true,"href":"https:\/\/fdasrl.it\/en\/wp-json\/wp\/v2\/media\/378"}],"wp:attachment":[{"href":"https:\/\/fdasrl.it\/en\/wp-json\/wp\/v2\/media?parent=4133"}],"wp:term":[{"taxonomy":"product_brand","embeddable":true,"href":"https:\/\/fdasrl.it\/en\/wp-json\/wp\/v2\/product_brand?post=4133"},{"taxonomy":"product_cat","embeddable":true,"href":"https:\/\/fdasrl.it\/en\/wp-json\/wp\/v2\/product_cat?post=4133"},{"taxonomy":"product_tag","embeddable":true,"href":"https:\/\/fdasrl.it\/en\/wp-json\/wp\/v2\/product_tag?post=4133"}],"curies":[{"name":"wp","href":"https:\/\/api.w.org\/{rel}","templated":true}]}}