{"id":4206,"date":"2025-01-21T11:23:26","date_gmt":"2025-01-21T10:23:26","guid":{"rendered":"https:\/\/fdasrl.it\/prodotto\/automatic-tipping-trough-waterer-with-wall-mounting\/"},"modified":"2025-01-21T11:23:26","modified_gmt":"2025-01-21T10:23:26","slug":"automatic-tipping-trough-waterer-with-wall-mounting","status":"publish","type":"product","link":"https:\/\/fdasrl.it\/en\/prodotto\/automatic-tipping-trough-waterer-with-wall-mounting\/","title":{"rendered":"AUTOMATIC TIPPING TROUGH WATERER WITH WALL MOUNTING"},"content":{"rendered":"<h2 data-start=\"245\" data-end=\"352\">\ud83d\udeb0 <strong data-start=\"251\" data-end=\"352\">FA VSRT Automatic Tipping Trough Waterer in Stainless Steel \u2013 Ideal for Cattle and Equines<\/strong><\/h2>\n<p data-start=\"354\" data-end=\"686\">Automatic constant level waterer, designed for professional <strong data-start=\"444\" data-end=\"464\">cattle and horse<\/strong> breeding, with <strong data-start=\"470\" data-end=\"516\">AISI 304 stainless steel tipping trough<\/strong>.<br data-start=\"517\" data-end=\"520\">The float system allows for <strong data-start=\"558\" data-end=\"593\">constant automatic filling<\/strong>, while the <strong data-start=\"605\" data-end=\"637\">galvanized steel structure<\/strong> ensures strength, stability, and long life.<\/p>\n<p data-start=\"688\" data-end=\"884\">Available in <strong data-start=\"703\" data-end=\"737\">three versions (1 m, 1.5 m, 2 m)<\/strong> to adapt to every type of farm.<br data-start=\"779\" data-end=\"782\">The tipping trough allows for <strong data-start=\"816\" data-end=\"843\">quick and safe cleaning<\/strong>, reducing the risk of contamination.<\/p>\n<hr data-start=\"886\" data-end=\"889\">\n<h3 data-start=\"891\" data-end=\"953\">\ud83d\udee0\ufe0f <strong data-start=\"899\" data-end=\"953\">Technical features common to all models:<\/strong><\/h3>\n<ul data-start=\"954\" data-end=\"1410\">\n<li data-start=\"954\" data-end=\"992\">\n<p data-start=\"956\" data-end=\"992\"><strong data-start=\"956\" data-end=\"990\">AISI 304 stainless steel trough<\/strong><\/p>\n<\/li>\n<li data-start=\"993\" data-end=\"1088\">\n<p data-start=\"995\" data-end=\"1088\"><strong data-start=\"995\" data-end=\"1022\">Protection structure<\/strong> in hot-dip galvanized tubular steel with feet for floor mounting<\/p>\n<\/li>\n<li data-start=\"1089\" data-end=\"1187\">\n<p data-start=\"1091\" data-end=\"1187\"><strong data-start=\"1091\" data-end=\"1114\">3\/4\u201d \u00d8 float<\/strong> with ABS valve, pre-filter, PE ball body, and height adjustment<\/p>\n<\/li>\n<li data-start=\"1188\" data-end=\"1227\">\n<p data-start=\"1190\" data-end=\"1227\"><strong data-start=\"1190\" data-end=\"1207\">Water flow rate<\/strong>: 50 L\/min at 6 bar<\/p>\n<\/li>\n<li data-start=\"1228\" data-end=\"1275\">\n<p data-start=\"1230\" data-end=\"1275\"><strong data-start=\"1230\" data-end=\"1256\">Operating pressure<\/strong>: from 0.5 to 12 bar<\/p>\n<\/li>\n<li data-start=\"1276\" data-end=\"1359\">\n<p data-start=\"1278\" data-end=\"1359\"><strong data-start=\"1278\" data-end=\"1309\">Constant level system<\/strong> with tipping trough for easy cleaning<\/p>\n<\/li>\n<\/ul>\n<hr data-start=\"1412\" data-end=\"1415\">\n<h3 data-start=\"1417\" data-end=\"1448\">\ud83d\udccf <strong data-start=\"1424\" data-end=\"1448\">Available models:<\/strong><\/h3>\n<h4 data-start=\"1450\" data-end=\"1491\">\ud83d\udd39 <strong data-start=\"1458\" data-end=\"1491\">FA VSRT 1 \u2013 Length 1 meter<\/strong><\/h4>\n<ul data-start=\"1492\" data-end=\"1659\">\n<li data-start=\"1492\" data-end=\"1519\">\n<p data-start=\"1494\" data-end=\"1519\">Trough: 100 x 32 x 23 cm<\/p>\n<\/li>\n<li data-start=\"1520\" data-end=\"1553\">\n<p data-start=\"1522\" data-end=\"1553\">Drinking space: 88 cm<\/p>\n<\/li>\n<li data-start=\"1554\" data-end=\"1596\">\n<p data-start=\"1556\" data-end=\"1596\">Structure dimensions: 140 x 60 x 81 cm<\/p>\n<\/li>\n<li data-start=\"1597\" data-end=\"1659\">\n<p data-start=\"1599\" data-end=\"1659\"><strong data-start=\"1599\" data-end=\"1607\">Weight<\/strong>: 70 kg<br data-start=\"1614\" data-end=\"1617\">\ud83d\udc49 [<a href=\"https:\/\/fda-shop.it\/shop\/articoli-per-allevamento\/abbeveratoi\/abbeveratoio-automatico-un-metro-ribaltabile\"><strong data-start=\"1621\" data-end=\"1658\">Buy it on our online shop<\/strong><\/a>]<\/p>\n<\/li>\n<\/ul>\n<h4 data-start=\"1661\" data-end=\"1706\">\ud83d\udd39 <strong data-start=\"1669\" data-end=\"1706\">FA VSRT 1.5 \u2013 Length 1.5 meters<\/strong><\/h4>\n<ul data-start=\"1707\" data-end=\"1875\">\n<li data-start=\"1707\" data-end=\"1734\">\n<p data-start=\"1709\" data-end=\"1734\">Trough: 150 x 32 x 23 cm<\/p>\n<\/li>\n<li data-start=\"1735\" data-end=\"1769\">\n<p data-start=\"1737\" data-end=\"1769\">Drinking space: 138 cm<\/p>\n<\/li>\n<li data-start=\"1770\" data-end=\"1812\">\n<p data-start=\"1772\" data-end=\"1812\">Structure dimensions: 190 x 60 x 81 cm<\/p>\n<\/li>\n<li data-start=\"1813\" data-end=\"1875\">\n<p data-start=\"1815\" data-end=\"1875\"><strong data-start=\"1815\" data-end=\"1823\">Weight<\/strong>: 80 kg<br data-start=\"1830\" data-end=\"1833\">\ud83d\udc49 [<a href=\"https:\/\/fda-shop.it\/shop\/articoli-per-allevamento\/abbeveratoio-automatico-ribaltabile-un-metro-mezzo\"><strong data-start=\"1837\" data-end=\"1874\">Buy it on our online shop<\/strong><\/a>]<\/p>\n<\/li>\n<\/ul>\n<h4 data-start=\"1877\" data-end=\"1918\">\ud83d\udd39 <strong data-start=\"1885\" data-end=\"1918\">FA VSRT 2 \u2013 Length 2 meters<\/strong><\/h4>\n<ul data-start=\"1919\" data-end=\"2087\">\n<li data-start=\"1919\" data-end=\"1946\">\n<p data-start=\"1921\" data-end=\"1946\">Trough: 200 x 32 x 23 cm<\/p>\n<\/li>\n<li data-start=\"1947\" data-end=\"1981\">\n<p data-start=\"1949\" data-end=\"1981\">Drinking space: 188 cm<\/p>\n<\/li>\n<li data-start=\"1982\" data-end=\"2024\">\n<p data-start=\"1984\" data-end=\"2024\">Structure dimensions: 240 x 60 x 81 cm<\/p>\n<\/li>\n<li data-start=\"2025\" data-end=\"2087\">\n<p data-start=\"2027\" data-end=\"2087\"><strong data-start=\"2027\" data-end=\"2035\">Weight<\/strong>: 92 kg<br data-start=\"2042\" data-end=\"2045\">\ud83d\udc49 [<a href=\"https:\/\/fda-shop.it\/shop\/articoli-per-allevamento\/abbeveratoi\/abbeveratoio-automatico-due-metri-ribaltabile\"><strong data-start=\"2049\" data-end=\"2086\">Buy it on our online shop<\/strong><\/a>]<\/p>\n<\/li>\n<\/ul>\n","protected":false},"excerpt":{"rendered":"<p>Automatic constant level waterer with AISI 304 stainless steel tipping trough, ideal for cattle and equines.<\/p>\n","protected":false},"featured_media":399,"comment_status":"open","ping_status":"closed","template":"","meta":{"_et_pb_use_builder":"","_et_pb_old_content":"","_et_gb_content_width":""},"product_brand":[],"product_cat":[389,506,549,613,507],"product_tag":[998,999,1001,1000],"class_list":{"0":"post-4206","1":"product","2":"type-product","3":"status-publish","4":"has-post-thumbnail","6":"product_cat-cattle","7":"product_cat-drinking-troughs","8":"product_cat-drinking-troughs-2","9":"product_cat-horses","10":"product_cat-stainless-steel-troughs-for-stables","11":"product_tag-fa-vsrt1","12":"product_tag-favsrt1","13":"product_tag-favsrt1-5","14":"product_tag-favsrt2","16":"first","17":"instock","18":"shipping-taxable","19":"product-type-simple"},"yoast_head":"<!-- This site is optimized with the Yoast SEO Premium plugin v27.5 (Yoast SEO v27.6) - https:\/\/yoast.com\/product\/yoast-seo-premium-wordpress\/ -->\n<title>Automatic constant level waterer with tipping trough - FDA srl<\/title>\n<meta name=\"description\" content=\"Optimize your livestock farming with our automatic constant level waterer. The stainless steel trough is designed to last! \ud83d\udca7\" \/>\n<meta name=\"robots\" content=\"index, follow, max-snippet:-1, max-image-preview:large, max-video-preview:-1\" \/>\n<link rel=\"canonical\" href=\"https:\/\/fdasrl.it\/en\/prodotto\/automatic-tipping-trough-waterer-with-wall-mounting\/\" \/>\n<meta property=\"og:locale\" content=\"en_US\" \/>\n<meta property=\"og:type\" content=\"article\" \/>\n<meta property=\"og:title\" content=\"AUTOMATIC TIPPING TROUGH WATERER WITH WALL MOUNTING\" \/>\n<meta property=\"og:description\" content=\"Optimize your livestock farming with our automatic constant level waterer. The stainless steel trough is designed to last! \ud83d\udca7\" \/>\n<meta property=\"og:url\" content=\"https:\/\/fdasrl.it\/en\/prodotto\/automatic-tipping-trough-waterer-with-wall-mounting\/\" \/>\n<meta property=\"og:site_name\" content=\"FDA srl\" \/>\n<meta property=\"article:publisher\" content=\"https:\/\/www.facebook.com\/share\/1MWhFWg1Tp\/?mibextid=LQQJ4d\" \/>\n<meta property=\"og:image\" content=\"https:\/\/fdasrl.it\/wp-content\/uploads\/2025\/01\/FA-VSRT1_1.jpg\" \/>\n\t<meta property=\"og:image:width\" content=\"621\" \/>\n\t<meta property=\"og:image:height\" content=\"640\" \/>\n\t<meta property=\"og:image:type\" content=\"image\/jpeg\" \/>\n<meta name=\"twitter:card\" content=\"summary_large_image\" \/>\n<meta name=\"twitter:label1\" content=\"Price\" \/>\n\t<meta name=\"twitter:data1\" content=\"\" \/>\n\t<meta name=\"twitter:label2\" content=\"Availability\" \/>\n\t<meta name=\"twitter:data2\" content=\"In stock\" \/>\n<meta property=\"product:price:currency\" content=\"EUR\" \/>\n<meta property=\"og:availability\" content=\"instock\" \/>\n<meta property=\"product:availability\" content=\"instock\" \/>\n<meta property=\"product:retailer_item_id\" content=\"FAVSRT\" \/>\n<meta property=\"product:condition\" content=\"new\" \/>\n<!-- \/ Yoast SEO Premium plugin. -->","yoast_head_json":{"title":"Automatic constant level waterer with tipping trough - FDA srl","description":"Optimize your livestock farming with our automatic constant level waterer. The stainless steel trough is designed to last! \ud83d\udca7","robots":{"index":"index","follow":"follow","max-snippet":"max-snippet:-1","max-image-preview":"max-image-preview:large","max-video-preview":"max-video-preview:-1"},"canonical":"https:\/\/fdasrl.it\/en\/prodotto\/automatic-tipping-trough-waterer-with-wall-mounting\/","og_locale":"en_US","og_type":"article","og_title":"AUTOMATIC TIPPING TROUGH WATERER WITH WALL MOUNTING","og_description":"Optimize your livestock farming with our automatic constant level waterer. The stainless steel trough is designed to last! \ud83d\udca7","og_url":"https:\/\/fdasrl.it\/en\/prodotto\/automatic-tipping-trough-waterer-with-wall-mounting\/","og_site_name":"FDA srl","article_publisher":"https:\/\/www.facebook.com\/share\/1MWhFWg1Tp\/?mibextid=LQQJ4d","og_image":[{"width":621,"height":640,"url":"https:\/\/fdasrl.it\/wp-content\/uploads\/2025\/01\/FA-VSRT1_1.jpg","type":"image\/jpeg"}],"twitter_card":"summary_large_image","twitter_misc":{"Price":"","Availability":"In stock"},"schema":{"@context":"https:\/\/schema.org","@graph":[{"@type":"WebPage","@id":"https:\/\/fdasrl.it\/en\/prodotto\/automatic-tipping-trough-waterer-with-wall-mounting\/","url":"https:\/\/fdasrl.it\/en\/prodotto\/automatic-tipping-trough-waterer-with-wall-mounting\/","name":"Automatic constant level waterer with tipping trough - FDA srl","isPartOf":{"@id":"https:\/\/fdasrl.it\/en\/#website"},"primaryImageOfPage":{"@id":"https:\/\/fdasrl.it\/en\/prodotto\/automatic-tipping-trough-waterer-with-wall-mounting\/#primaryimage"},"image":{"@id":"https:\/\/fdasrl.it\/en\/prodotto\/automatic-tipping-trough-waterer-with-wall-mounting\/#primaryimage"},"thumbnailUrl":"https:\/\/fdasrl.it\/wp-content\/uploads\/2025\/01\/FA-VSRT1_1.jpg","datePublished":"2025-01-21T10:23:26+00:00","description":"Optimize your livestock farming with our automatic constant level waterer. The stainless steel trough is designed to last! \ud83d\udca7","breadcrumb":{"@id":"https:\/\/fdasrl.it\/en\/prodotto\/automatic-tipping-trough-waterer-with-wall-mounting\/#breadcrumb"},"inLanguage":"en-US","potentialAction":[{"@type":"ReadAction","target":["https:\/\/fdasrl.it\/en\/prodotto\/automatic-tipping-trough-waterer-with-wall-mounting\/"]}]},{"@type":"ImageObject","inLanguage":"en-US","@id":"https:\/\/fdasrl.it\/en\/prodotto\/automatic-tipping-trough-waterer-with-wall-mounting\/#primaryimage","url":"https:\/\/fdasrl.it\/wp-content\/uploads\/2025\/01\/FA-VSRT1_1.jpg","contentUrl":"https:\/\/fdasrl.it\/wp-content\/uploads\/2025\/01\/FA-VSRT1_1.jpg","width":621,"height":640,"caption":"Abbeveratoio automatico con vasca ribaltabile in acciaio inox per bovini e cavalli FA VSRT"},{"@type":"BreadcrumbList","@id":"https:\/\/fdasrl.it\/en\/prodotto\/automatic-tipping-trough-waterer-with-wall-mounting\/#breadcrumb","itemListElement":[{"@type":"ListItem","position":1,"name":"Home","item":"https:\/\/fdasrl.it\/en\/home\/"},{"@type":"ListItem","position":2,"name":"Shop","item":"https:\/\/fdasrl.it\/en\/shop\/"},{"@type":"ListItem","position":3,"name":"AUTOMATIC TIPPING TROUGH WATERER WITH WALL MOUNTING"}]},{"@type":"WebSite","@id":"https:\/\/fdasrl.it\/en\/#website","url":"https:\/\/fdasrl.it\/en\/","name":"FDA srl","description":"Equipment for animal husbandry","publisher":{"@id":"https:\/\/fdasrl.it\/en\/#organization"},"potentialAction":[{"@type":"SearchAction","target":{"@type":"EntryPoint","urlTemplate":"https:\/\/fdasrl.it\/en\/?s={search_term_string}"},"query-input":{"@type":"PropertyValueSpecification","valueRequired":true,"valueName":"search_term_string"}}],"inLanguage":"en-US"},{"@type":"Organization","@id":"https:\/\/fdasrl.it\/en\/#organization","name":"FDA srl","url":"https:\/\/fdasrl.it\/en\/","logo":{"@type":"ImageObject","inLanguage":"en-US","@id":"https:\/\/fdasrl.it\/en\/#\/schema\/logo\/image\/","url":"https:\/\/fdasrl.it\/wp-content\/uploads\/2024\/12\/Logo-FDA.png","contentUrl":"https:\/\/fdasrl.it\/wp-content\/uploads\/2024\/12\/Logo-FDA.png","width":316,"height":119,"caption":"FDA srl"},"image":{"@id":"https:\/\/fdasrl.it\/en\/#\/schema\/logo\/image\/"},"sameAs":["https:\/\/www.facebook.com\/share\/1MWhFWg1Tp\/?mibextid=LQQJ4d","https:\/\/www.instagram.com\/fda_srl\/profilecard\/?igsh=YW5lbzJ6MWg0d21u","https:\/\/www.youtube.com\/@FDASRL_ANIMALCARE"],"description":"FDA SRL \u2013 Equipment for animal husbandry nasce con l\u2019obiettivo di offrire soluzioni affidabili e innovative per l\u2019allevamento moderno. Con anni di esperienza nel settore zootecnico, progettiamo e realizziamo attrezzature destinate al benessere animale e alla gestione efficiente delle stalle: vasche, abbeveratoi, mangiatoie e sistemi di riscaldamento pensati per durare nel tempo e semplificare il lavoro quotidiano degli allevatori. Dalla progettazione alla produzione, ogni nostro prodotto \u00e8 studiato nei minimi dettagli, testato con cura e costruito per rispondere alle esigenze reali del settore. La nostra forza \u00e8 unire artigianalit\u00e0, tecnologia e competenza tecnica per trasformare ogni progetto in una soluzione concreta e funzionale. Oggi FDA SRL \u00e8 un punto di riferimento per privati e rivenditori che cercano qualit\u00e0, affidabilit\u00e0 e innovazione nelle attrezzature per l\u2019allevamento.","email":"info@fdasrl.it","telephone":"+390522826820","legalName":"F.D.A. SRL","foundingDate":"2024-10-13","vatID":"03075840359","taxID":"03075840359","numberOfEmployees":{"@type":"QuantitativeValue","minValue":"1","maxValue":"10"}}]},"product_price_currency":"EUR","og_availability":"instock","product_availability":"instock","product_retailer_item_id":"FAVSRT","product_condition":"new"},"_links":{"self":[{"href":"https:\/\/fdasrl.it\/en\/wp-json\/wp\/v2\/product\/4206","targetHints":{"allow":["GET"]}}],"collection":[{"href":"https:\/\/fdasrl.it\/en\/wp-json\/wp\/v2\/product"}],"about":[{"href":"https:\/\/fdasrl.it\/en\/wp-json\/wp\/v2\/types\/product"}],"replies":[{"embeddable":true,"href":"https:\/\/fdasrl.it\/en\/wp-json\/wp\/v2\/comments?post=4206"}],"wp:featuredmedia":[{"embeddable":true,"href":"https:\/\/fdasrl.it\/en\/wp-json\/wp\/v2\/media\/399"}],"wp:attachment":[{"href":"https:\/\/fdasrl.it\/en\/wp-json\/wp\/v2\/media?parent=4206"}],"wp:term":[{"taxonomy":"product_brand","embeddable":true,"href":"https:\/\/fdasrl.it\/en\/wp-json\/wp\/v2\/product_brand?post=4206"},{"taxonomy":"product_cat","embeddable":true,"href":"https:\/\/fdasrl.it\/en\/wp-json\/wp\/v2\/product_cat?post=4206"},{"taxonomy":"product_tag","embeddable":true,"href":"https:\/\/fdasrl.it\/en\/wp-json\/wp\/v2\/product_tag?post=4206"}],"curies":[{"name":"wp","href":"https:\/\/api.w.org\/{rel}","templated":true}]}}