{"id":4249,"date":"2025-01-21T09:53:08","date_gmt":"2025-01-21T08:53:08","guid":{"rendered":"https:\/\/fdasrl.it\/prodotto\/high-resistance-polypropylene-drinking-bowl\/"},"modified":"2025-01-21T09:53:08","modified_gmt":"2025-01-21T08:53:08","slug":"high-resistance-polypropylene-drinking-bowl","status":"publish","type":"product","link":"https:\/\/fdasrl.it\/en\/prodotto\/high-resistance-polypropylene-drinking-bowl\/","title":{"rendered":"HIGH-RESISTANCE POLYPROPYLENE DRINKING BOWL"},"content":{"rendered":"<h3><strong>High-resistance polypropylene drinking bowl for cattle, horses, goats, sheep, and dogs<\/strong><\/h3>\n<h4 data-start=\"416\" data-end=\"791\">The FAAG POLIPROP drinking bowl by FDA SRL is designed to guarantee <strong data-start=\"483\" data-end=\"514\">resistance, durability, and hygiene<\/strong> in any livestock environment.<\/h4>\n<p data-start=\"416\" data-end=\"791\">Thanks to the high thickness of the bowl (1.6 kg for the molded body alone) and the <strong data-start=\"628\" data-end=\"682\">adjustable constant-level float valve<\/strong>, it ensures a continuous and reliable water supply for cattle, horses, sheep, goats, and also for dogs.<\/p>\n<p data-start=\"793\" data-end=\"1052\">The structure includes <strong data-start=\"816\" data-end=\"846\">stainless steel protection<\/strong>, <strong data-start=\"848\" data-end=\"888\">bottom drain with rubber plug<\/strong> for fast cleaning, and a side water inlet (on the bottom right) with a <strong data-start=\"964\" data-end=\"993\">1\/2\u201d brass thread<\/strong>. The drinking bowl can be wall-mounted or post-mounted. <\/p>\n<p data-start=\"1054\" data-end=\"1151\">It is available in three models, distinguished by the composition of the plastic material used:<\/p>\n<ul data-start=\"1153\" data-end=\"1431\">\n<li data-start=\"1153\" data-end=\"1186\">\n<p data-start=\"1155\" data-end=\"1186\"><strong data-start=\"1155\" data-end=\"1165\">Glossy<\/strong> \u2013 PP Polypropylene<\/p>\n<\/li>\n<li data-start=\"1187\" data-end=\"1282\">\n<p data-start=\"1189\" data-end=\"1282\"><strong data-start=\"1189\" data-end=\"1199\">Strong<\/strong> \u2013 Polypropylene with talc, greater rigidity and thermal resistance, matte appearance<\/p>\n<\/li>\n<li data-start=\"1283\" data-end=\"1431\">\n<p data-start=\"1285\" data-end=\"1431\"><strong data-start=\"1285\" data-end=\"1301\">Super Strong<\/strong> \u2013 Polypropylene with 30% fiberglass, very high mechanical and thermal resistance, matte finish with light white shading<\/p>\n<\/li>\n<\/ul>\n<p data-start=\"1433\" data-end=\"1564\"><strong>\ud83d\udc49 All materials are food-grade certified, suitable for contact with drinking water for animal safety.<\/strong><\/p>\n<hr data-start=\"1566\" data-end=\"1569\">\n<h3 data-start=\"1571\" data-end=\"1607\">\u2699\ufe0f <strong data-start=\"1578\" data-end=\"1607\">Technical specifications:<\/strong><\/h3>\n<ul data-start=\"1609\" data-end=\"2073\">\n<li data-start=\"1609\" data-end=\"1636\">\n<p data-start=\"1611\" data-end=\"1636\"><strong data-start=\"1611\" data-end=\"1623\">Capacity<\/strong>: 6.5 liters<\/p>\n<\/li>\n<li data-start=\"1637\" data-end=\"1690\">\n<p data-start=\"1639\" data-end=\"1690\"><strong data-start=\"1639\" data-end=\"1647\">Weight<\/strong>: 2.00 kg (Strong and Super Strong models)<\/p>\n<\/li>\n<li data-start=\"1691\" data-end=\"1732\">\n<p data-start=\"1693\" data-end=\"1732\"><strong data-start=\"1693\" data-end=\"1723\">Internal bowl diameter<\/strong>: 22 cm<\/p>\n<\/li>\n<li data-start=\"1733\" data-end=\"1784\">\n<p data-start=\"1735\" data-end=\"1784\"><strong data-start=\"1735\" data-end=\"1748\">Material<\/strong>: high-resistance polypropylene<\/p>\n<\/li>\n<li data-start=\"1785\" data-end=\"1832\">\n<p data-start=\"1787\" data-end=\"1832\"><strong data-start=\"1787\" data-end=\"1798\">Valve<\/strong>: constant level, adjustable<\/p>\n<\/li>\n<li data-start=\"1833\" data-end=\"1890\">\n<p data-start=\"1835\" data-end=\"1890\"><strong data-start=\"1835\" data-end=\"1852\">Water connection<\/strong>: 1\/2\u201d brass, lower right side<\/p>\n<\/li>\n<li data-start=\"1891\" data-end=\"1932\">\n<p data-start=\"1893\" data-end=\"1932\"><strong data-start=\"1893\" data-end=\"1904\">Drain<\/strong>: rubber plug on the bottom<\/p>\n<\/li>\n<li data-start=\"1933\" data-end=\"1969\">\n<p data-start=\"1935\" data-end=\"1969\"><strong data-start=\"1935\" data-end=\"1949\">Protection<\/strong>: 304 stainless steel<\/p>\n<\/li>\n<li data-start=\"1970\" data-end=\"2011\">\n<p data-start=\"1972\" data-end=\"2011\"><strong data-start=\"1972\" data-end=\"1989\">Installation<\/strong>: wall or pipe mounted<\/p>\n<\/li>\n<li data-start=\"2012\" data-end=\"2073\">\n<p data-start=\"2014\" data-end=\"2073\"><strong data-start=\"2014\" data-end=\"2032\">Certification<\/strong>: food-grade compliant material<\/p>\n<\/li>\n<\/ul>\n<hr data-start=\"2075\" data-end=\"2078\">\n<h3 data-start=\"2080\" data-end=\"2112\">\ud83d\udd0e <strong data-start=\"2087\" data-end=\"2112\">Available variants:<\/strong><\/h3>\n<ul data-start=\"2114\" data-end=\"2226\">\n<li data-start=\"2114\" data-end=\"2147\">\n<p data-start=\"2116\" data-end=\"2147\"><strong data-start=\"2116\" data-end=\"2126\">Glossy<\/strong> \u2013 PP Polypropylene<\/p>\n<\/li>\n<li data-start=\"2148\" data-end=\"2177\">\n<p data-start=\"2150\" data-end=\"2177\"><strong data-start=\"2150\" data-end=\"2160\">Strong<\/strong> \u2013 PP with talc<\/p>\n<\/li>\n<li data-start=\"2178\" data-end=\"2226\">\n<p data-start=\"2180\" data-end=\"2226\"><strong data-start=\"2180\" data-end=\"2196\">Super Strong<\/strong> \u2013 PP with 30% fiberglass<\/p>\n<\/li>\n<\/ul>\n<div><\/div>\n<div>\ud83d\udc49 Request resale price: <a href=\"mailto:info@fdasrl.it\">CLICK HERE<\/a><\/div>\n<div><\/div>\n<div>\ud83d\udc49 Purchase it on our online shop:<\/div>\n<div>&#8211; Glossy\/Strong Model &#8211; <a href=\"https:\/\/fda-shop.it\/shop\/articoli-per-allevamento\/abbeveratoi\/abbeveratoio-automatico-per-bovini-ed-equini#\/25-accessori_e_confezioni-singola_unita\/78-colore-blu_navy\">Click here<\/a><\/div>\n<div>&#8211; Super Strong Model &#8211; <a href=\"https:\/\/fda-shop.it\/shop\/articoli-per-allevamento\/abbeveratoi\/abbeveratoio-automatico-per-bovini-ed-equini-ad-alta-resistenza#\/25-accessori_e_confezioni-singola_unita\/78-colore-blu_navy\">Click here<\/a><\/div>\n","protected":false},"excerpt":{"rendered":"<p>FAAG POLIPROP drinking bowl by FDA SRL in high-resistance polypropylene, ideal for cattle, horses, goats, sheep, and dogs. Equipped with a constant-level float with stainless steel protection and rubber drain plug for easy cleaning. 6.5-liter capacity, wall or post mounting, 1\/2&#8243; brass water connection.  <\/p>\n","protected":false},"featured_media":713,"comment_status":"open","ping_status":"closed","template":"","meta":{"_et_pb_use_builder":"off","_et_pb_old_content":"<h4>High-resistance polypropylene drinking bowl for cattle, horses, goats, sheep, and dogs<\/h4>\n<div>High-resistance, high-thickness polypropylene drinking bowl (1.6 kg for the injection-molded bowl alone) and quality,<\/div>\n<div>with adjustable constant-level float ball and stainless steel protection.<\/div>\n<div>Suitable for cattle and horses, but also goats, sheep, and dogs.<\/div>\n<div><\/div>\n<ul>\n \t<li>Rubber drain plug on the bottom for quick cleaning.<\/li>\n \t<li>Wall and post mounting with water inlet on the bottom right side with 1\/2\" brass thread.<\/li>\n \t<li>Water capacity 6.5 l<\/li>\n \t<li>Total weight 2.00 kg<\/li>\n \t<li>Internal bowl diameter 22 cm<\/li>\n<\/ul>\n<div>Request a quote for quantities or,<\/div>\n<div>purchase it on our <a href=\"https:\/\/fda-shop.it\/shop\/bovini-vitelli\/bovini-vitelli-abbeveratoi\/beverino-per-bovini-a-livello-costante#\/25-accessori_e_confezioni-singola_unita\" target=\"_blank\" rel=\"noopener\">online shop<\/a><\/div>","_et_gb_content_width":""},"product_brand":[],"product_cat":[389,506,549,613,406],"product_tag":[1008,1009],"class_list":{"0":"post-4249","1":"product","2":"type-product","3":"status-publish","4":"has-post-thumbnail","6":"product_cat-cattle","7":"product_cat-drinking-troughs","8":"product_cat-drinking-troughs-2","9":"product_cat-horses","10":"product_cat-sheep-and-goats","11":"product_tag-fa-ag-poliprop","12":"product_tag-faag-poliprop","14":"first","15":"instock","16":"shipping-taxable","17":"product-type-simple"},"yoast_head":"<!-- This site is optimized with the Yoast SEO Premium plugin v27.5 (Yoast SEO v27.5) - https:\/\/yoast.com\/product\/yoast-seo-premium-wordpress\/ -->\n<title>High-resistance polypropylene drinking bowl - Easy Cleaning - FDA srl<\/title>\n<meta name=\"description\" content=\"Discover the high-resistance polypropylene drinking bowl, ideal for cattle, horses, and dogs. Ensures quick cleaning and simple assembly!\" \/>\n<meta name=\"robots\" content=\"index, follow, max-snippet:-1, max-image-preview:large, max-video-preview:-1\" \/>\n<link rel=\"canonical\" href=\"https:\/\/fdasrl.it\/en\/prodotto\/high-resistance-polypropylene-drinking-bowl\/\" \/>\n<meta property=\"og:locale\" content=\"en_US\" \/>\n<meta property=\"og:type\" content=\"article\" \/>\n<meta property=\"og:title\" content=\"HIGH-RESISTANCE POLYPROPYLENE DRINKING BOWL\" \/>\n<meta property=\"og:description\" content=\"Discover the high-resistance polypropylene drinking bowl, ideal for cattle, horses, and dogs. Ensures quick cleaning and simple assembly!\" \/>\n<meta property=\"og:url\" content=\"https:\/\/fdasrl.it\/en\/prodotto\/high-resistance-polypropylene-drinking-bowl\/\" \/>\n<meta property=\"og:site_name\" content=\"FDA srl\" \/>\n<meta property=\"article:publisher\" content=\"https:\/\/www.facebook.com\/share\/1MWhFWg1Tp\/?mibextid=LQQJ4d\" \/>\n<meta property=\"og:image\" content=\"https:\/\/fdasrl.it\/wp-content\/uploads\/2025\/01\/Abbeveratoio-alta-resistenza-fda.1.jpeg\" \/>\n\t<meta property=\"og:image:width\" content=\"1000\" \/>\n\t<meta property=\"og:image:height\" content=\"817\" \/>\n\t<meta property=\"og:image:type\" content=\"image\/jpeg\" \/>\n<meta name=\"twitter:card\" content=\"summary_large_image\" \/>\n<meta name=\"twitter:label1\" content=\"Price\" \/>\n\t<meta name=\"twitter:data1\" content=\"\" \/>\n\t<meta name=\"twitter:label2\" content=\"Availability\" \/>\n\t<meta name=\"twitter:data2\" content=\"In stock\" \/>\n<meta property=\"product:price:currency\" content=\"EUR\" \/>\n<meta property=\"og:availability\" content=\"instock\" \/>\n<meta property=\"product:availability\" content=\"instock\" \/>\n<meta property=\"product:retailer_item_id\" content=\"FAAG-POLIPROP\" \/>\n<meta property=\"product:condition\" content=\"new\" \/>\n<!-- \/ Yoast SEO Premium plugin. -->","yoast_head_json":{"title":"High-resistance polypropylene drinking bowl - Easy Cleaning - FDA srl","description":"Discover the high-resistance polypropylene drinking bowl, ideal for cattle, horses, and dogs. Ensures quick cleaning and simple assembly!","robots":{"index":"index","follow":"follow","max-snippet":"max-snippet:-1","max-image-preview":"max-image-preview:large","max-video-preview":"max-video-preview:-1"},"canonical":"https:\/\/fdasrl.it\/en\/prodotto\/high-resistance-polypropylene-drinking-bowl\/","og_locale":"en_US","og_type":"article","og_title":"HIGH-RESISTANCE POLYPROPYLENE DRINKING BOWL","og_description":"Discover the high-resistance polypropylene drinking bowl, ideal for cattle, horses, and dogs. Ensures quick cleaning and simple assembly!","og_url":"https:\/\/fdasrl.it\/en\/prodotto\/high-resistance-polypropylene-drinking-bowl\/","og_site_name":"FDA srl","article_publisher":"https:\/\/www.facebook.com\/share\/1MWhFWg1Tp\/?mibextid=LQQJ4d","og_image":[{"width":1000,"height":817,"url":"https:\/\/fdasrl.it\/wp-content\/uploads\/2025\/01\/Abbeveratoio-alta-resistenza-fda.1.jpeg","type":"image\/jpeg"}],"twitter_card":"summary_large_image","twitter_misc":{"Price":"","Availability":"In stock"},"schema":{"@context":"https:\/\/schema.org","@graph":[{"@type":"WebPage","@id":"https:\/\/fdasrl.it\/en\/prodotto\/high-resistance-polypropylene-drinking-bowl\/","url":"https:\/\/fdasrl.it\/en\/prodotto\/high-resistance-polypropylene-drinking-bowl\/","name":"High-resistance polypropylene drinking bowl - Easy Cleaning - FDA srl","isPartOf":{"@id":"https:\/\/fdasrl.it\/en\/#website"},"primaryImageOfPage":{"@id":"https:\/\/fdasrl.it\/en\/prodotto\/high-resistance-polypropylene-drinking-bowl\/#primaryimage"},"image":{"@id":"https:\/\/fdasrl.it\/en\/prodotto\/high-resistance-polypropylene-drinking-bowl\/#primaryimage"},"thumbnailUrl":"https:\/\/fdasrl.it\/wp-content\/uploads\/2025\/01\/Abbeveratoio-alta-resistenza-fda.1.jpeg","datePublished":"2025-01-21T08:53:08+00:00","description":"Discover the high-resistance polypropylene drinking bowl, ideal for cattle, horses, and dogs. Ensures quick cleaning and simple assembly!","breadcrumb":{"@id":"https:\/\/fdasrl.it\/en\/prodotto\/high-resistance-polypropylene-drinking-bowl\/#breadcrumb"},"inLanguage":"en-US","potentialAction":[{"@type":"ReadAction","target":["https:\/\/fdasrl.it\/en\/prodotto\/high-resistance-polypropylene-drinking-bowl\/"]}]},{"@type":"ImageObject","inLanguage":"en-US","@id":"https:\/\/fdasrl.it\/en\/prodotto\/high-resistance-polypropylene-drinking-bowl\/#primaryimage","url":"https:\/\/fdasrl.it\/wp-content\/uploads\/2025\/01\/Abbeveratoio-alta-resistenza-fda.1.jpeg","contentUrl":"https:\/\/fdasrl.it\/wp-content\/uploads\/2025\/01\/Abbeveratoio-alta-resistenza-fda.1.jpeg","width":1000,"height":817,"caption":"High-resistance polypropylene drinking bowl for cattle and horses"},{"@type":"BreadcrumbList","@id":"https:\/\/fdasrl.it\/en\/prodotto\/high-resistance-polypropylene-drinking-bowl\/#breadcrumb","itemListElement":[{"@type":"ListItem","position":1,"name":"Home","item":"https:\/\/fdasrl.it\/en\/home\/"},{"@type":"ListItem","position":2,"name":"Shop","item":"https:\/\/fdasrl.it\/en\/shop\/"},{"@type":"ListItem","position":3,"name":"HIGH-RESISTANCE POLYPROPYLENE DRINKING BOWL"}]},{"@type":"WebSite","@id":"https:\/\/fdasrl.it\/en\/#website","url":"https:\/\/fdasrl.it\/en\/","name":"FDA srl","description":"Equipment for animal husbandry","publisher":{"@id":"https:\/\/fdasrl.it\/en\/#organization"},"potentialAction":[{"@type":"SearchAction","target":{"@type":"EntryPoint","urlTemplate":"https:\/\/fdasrl.it\/en\/?s={search_term_string}"},"query-input":{"@type":"PropertyValueSpecification","valueRequired":true,"valueName":"search_term_string"}}],"inLanguage":"en-US"},{"@type":"Organization","@id":"https:\/\/fdasrl.it\/en\/#organization","name":"FDA srl","url":"https:\/\/fdasrl.it\/en\/","logo":{"@type":"ImageObject","inLanguage":"en-US","@id":"https:\/\/fdasrl.it\/en\/#\/schema\/logo\/image\/","url":"https:\/\/fdasrl.it\/wp-content\/uploads\/2024\/12\/Logo-FDA.png","contentUrl":"https:\/\/fdasrl.it\/wp-content\/uploads\/2024\/12\/Logo-FDA.png","width":316,"height":119,"caption":"FDA srl"},"image":{"@id":"https:\/\/fdasrl.it\/en\/#\/schema\/logo\/image\/"},"sameAs":["https:\/\/www.facebook.com\/share\/1MWhFWg1Tp\/?mibextid=LQQJ4d","https:\/\/www.instagram.com\/fda_srl\/profilecard\/?igsh=YW5lbzJ6MWg0d21u","https:\/\/www.youtube.com\/@FDASRL_ANIMALCARE"],"description":"FDA SRL \u2013 Equipment for animal husbandry nasce con l\u2019obiettivo di offrire soluzioni affidabili e innovative per l\u2019allevamento moderno. Con anni di esperienza nel settore zootecnico, progettiamo e realizziamo attrezzature destinate al benessere animale e alla gestione efficiente delle stalle: vasche, abbeveratoi, mangiatoie e sistemi di riscaldamento pensati per durare nel tempo e semplificare il lavoro quotidiano degli allevatori. Dalla progettazione alla produzione, ogni nostro prodotto \u00e8 studiato nei minimi dettagli, testato con cura e costruito per rispondere alle esigenze reali del settore. La nostra forza \u00e8 unire artigianalit\u00e0, tecnologia e competenza tecnica per trasformare ogni progetto in una soluzione concreta e funzionale. Oggi FDA SRL \u00e8 un punto di riferimento per privati e rivenditori che cercano qualit\u00e0, affidabilit\u00e0 e innovazione nelle attrezzature per l\u2019allevamento.","email":"info@fdasrl.it","telephone":"+390522826820","legalName":"F.D.A. SRL","foundingDate":"2024-10-13","vatID":"03075840359","taxID":"03075840359","numberOfEmployees":{"@type":"QuantitativeValue","minValue":"1","maxValue":"10"}}]},"product_price_currency":"EUR","og_availability":"instock","product_availability":"instock","product_retailer_item_id":"FAAG-POLIPROP","product_condition":"new"},"_links":{"self":[{"href":"https:\/\/fdasrl.it\/en\/wp-json\/wp\/v2\/product\/4249","targetHints":{"allow":["GET"]}}],"collection":[{"href":"https:\/\/fdasrl.it\/en\/wp-json\/wp\/v2\/product"}],"about":[{"href":"https:\/\/fdasrl.it\/en\/wp-json\/wp\/v2\/types\/product"}],"replies":[{"embeddable":true,"href":"https:\/\/fdasrl.it\/en\/wp-json\/wp\/v2\/comments?post=4249"}],"wp:featuredmedia":[{"embeddable":true,"href":"https:\/\/fdasrl.it\/en\/wp-json\/wp\/v2\/media\/713"}],"wp:attachment":[{"href":"https:\/\/fdasrl.it\/en\/wp-json\/wp\/v2\/media?parent=4249"}],"wp:term":[{"taxonomy":"product_brand","embeddable":true,"href":"https:\/\/fdasrl.it\/en\/wp-json\/wp\/v2\/product_brand?post=4249"},{"taxonomy":"product_cat","embeddable":true,"href":"https:\/\/fdasrl.it\/en\/wp-json\/wp\/v2\/product_cat?post=4249"},{"taxonomy":"product_tag","embeddable":true,"href":"https:\/\/fdasrl.it\/en\/wp-json\/wp\/v2\/product_tag?post=4249"}],"curies":[{"name":"wp","href":"https:\/\/api.w.org\/{rel}","templated":true}]}}