{"id":4606,"date":"2025-01-20T13:04:05","date_gmt":"2025-01-20T12:04:05","guid":{"rendered":"https:\/\/fdasrl.it\/prodotto\/fa-2-cast-iron-paddle-drinker-for-cattle-and-equines\/"},"modified":"2025-01-20T13:04:05","modified_gmt":"2025-01-20T12:04:05","slug":"fa-2-cast-iron-paddle-drinker-for-cattle-and-equines","status":"publish","type":"product","link":"https:\/\/fdasrl.it\/en\/prodotto\/fa-2-cast-iron-paddle-drinker-for-cattle-and-equines\/","title":{"rendered":"FA-2 Cast Iron Paddle Drinker for Cattle and Equines"},"content":{"rendered":"<p>High-quality enameled cast iron paddle drinker for cattle and equines in tie-stall housing, easy to maintain.<br \/>\nPaddle pressure operation.<br \/>\nOperating pressure from 0 to 5 atm.<br \/>\nWall mounting installation with bottom water inlet 1\/2&#8243; or via horizontal piping.<\/p>\n<p><strong>Technical features:<\/strong><\/p>\n<p>&#8211; Bowl water capacity 2 L.<br \/>\n&#8211; Weight 4.9 kg.<br \/>\n&#8211; Bowl internal diameter 19 cm.<\/p>\n<p><strong>Using the appropriate optional clamps, it is possible with:<\/strong><\/p>\n<ul>\n<li>FAR1 Pipe mounting, riser installation.<\/li>\n<li>FAR3+FAR7 Horizontal water intake, horizontal water tap<\/li>\n<\/ul>\n<p><b>Accessories and spare parts:<\/b><\/p>\n<ul>\n<li>Valve kit for cast iron cattle drinker (FA2), valve body, spring and adjuster;<\/li>\n<li>Galvanized clamp for riser mounting dm 1&#8243;1\/4 and 1&#8243;1\/2;<\/li>\n<li>Plastic valve body and brass bushing with gasket;<\/li>\n<li>Steel spring for plastic valve;<\/li>\n<li>Adjuster with brass nut.<\/li>\n<li>Bracket for angular mounting FAR22<\/li>\n<\/ul>\n<p>\ud83d\udc49 Request resale price: <a href=\"mailto:info@fdasrl.it\">CLICK HERE<\/a><\/p>\n<p>Buy it on our <a href=\"https:\/\/fda-shop.it\/shop\/articoli-per-allevamento\/abbeveratoi\/abbeveratoio-in-ghisa-smaltata-a-paletta-per-bovini-e-cavalli\" target=\"_blank\" rel=\"noopener\">online shop<\/a><\/p>\n","protected":false},"excerpt":{"rendered":"<p>High-quality enameled cast iron paddle drinker for cattle and equines in tie-stall housing, easy to maintain.<br \/>\nPaddle pressure operation.<\/p>\n","protected":false},"featured_media":740,"comment_status":"open","ping_status":"closed","template":"","meta":{"_et_pb_use_builder":"off","_et_pb_old_content":"High-quality enameled cast iron paddle drinker for cattle and equines in tie-stall housing, easy to maintain.\nPaddle pressure operation.\nOperating pressure from 0 to 5 atm.\nWall mounting installation with bottom water inlet 1\/2\" or via horizontal piping.\n\nTechnical features:\n\n- Bowl water capacity 2 L.\n- Weight 4.9 kg.\n- Bowl internal diameter 19 cm.\n\nUsing the appropriate optional clamps, it is possible with:\n<ul>\n \t<li>FAR1 Pipe mounting, riser installation.<\/li>\n \t<li>FAR3+FAR7 Horizontal water intake, horizontal water tap<\/li>\n<\/ul>\n<b>Accessories and spare parts:<\/b>\n<ul>\n \t<li>Valve kit for cast iron cattle drinker (FA2), valve body, spring and adjuster;<\/li>\n \t<li>Galvanized clamp for riser mounting dm 1\"1\/4 and 1\"1\/2;<\/li>\n \t<li>Plastic valve body and brass bushing with gasket;<\/li>\n \t<li>Steel spring for plastic valve;<\/li>\n \t<li>Adjuster with brass nut.<\/li>\n<\/ul>\nBuy it on our <a href=\"https:\/\/fda-shop.it\/shop\/articoli-per-allevamento\/abbeveratoi\/abbeveratoio-in-ghisa-smaltata-a-paletta-per-bovini-e-cavalli\" target=\"_blank\" rel=\"noopener\">online shop<\/a>","_et_gb_content_width":""},"product_brand":[],"product_cat":[389,549,506,613],"product_tag":[1099,1098,1100],"class_list":{"0":"post-4606","1":"product","2":"type-product","3":"status-publish","4":"has-post-thumbnail","6":"product_cat-cattle","7":"product_cat-drinking-troughs-2","8":"product_cat-drinking-troughs","9":"product_cat-horses","10":"product_tag-fa-2n","11":"product_tag-fa2","12":"product_tag-fa2n","14":"first","15":"instock","16":"shipping-taxable","17":"product-type-simple"},"yoast_head":"<!-- This site is optimized with the Yoast SEO Premium plugin v27.5 (Yoast SEO v27.5) - https:\/\/yoast.com\/product\/yoast-seo-premium-wordpress\/ -->\n<title>FA-2 Cast Iron Pressure Drinker for Cattle and Equines FDA srl<\/title>\n<meta name=\"description\" content=\"Makes animal hydration simple and practical! Choose the FA-2 cast iron drinker for cattle and equines, perfect for tie-stall housing. \ud83d\udca7\" \/>\n<meta name=\"robots\" content=\"index, follow, max-snippet:-1, max-image-preview:large, max-video-preview:-1\" \/>\n<link rel=\"canonical\" href=\"https:\/\/fdasrl.it\/en\/prodotto\/fa-2-cast-iron-paddle-drinker-for-cattle-and-equines\/\" \/>\n<meta property=\"og:locale\" content=\"en_US\" \/>\n<meta property=\"og:type\" content=\"article\" \/>\n<meta property=\"og:title\" content=\"FA-2 Cast Iron Paddle Drinker for Cattle and Equines\" \/>\n<meta property=\"og:description\" content=\"Makes animal hydration simple and practical! Choose the FA-2 cast iron drinker for cattle and equines, perfect for tie-stall housing. \ud83d\udca7\" \/>\n<meta property=\"og:url\" content=\"https:\/\/fdasrl.it\/en\/prodotto\/fa-2-cast-iron-paddle-drinker-for-cattle-and-equines\/\" \/>\n<meta property=\"og:site_name\" content=\"FDA srl\" \/>\n<meta property=\"article:publisher\" content=\"https:\/\/www.facebook.com\/share\/1MWhFWg1Tp\/?mibextid=LQQJ4d\" \/>\n<meta property=\"og:image\" content=\"https:\/\/fdasrl.it\/wp-content\/uploads\/2025\/04\/Abbeveratoio-FDA-FA2-ghisa-smaltata.png\" \/>\n\t<meta property=\"og:image:width\" content=\"1684\" \/>\n\t<meta property=\"og:image:height\" content=\"1190\" \/>\n\t<meta property=\"og:image:type\" content=\"image\/png\" \/>\n<meta name=\"twitter:card\" content=\"summary_large_image\" \/>\n<meta name=\"twitter:label1\" content=\"Price\" \/>\n\t<meta name=\"twitter:data1\" content=\"\" \/>\n\t<meta name=\"twitter:label2\" content=\"Availability\" \/>\n\t<meta name=\"twitter:data2\" content=\"In stock\" \/>\n<meta property=\"product:price:currency\" content=\"EUR\" \/>\n<meta property=\"og:availability\" content=\"instock\" \/>\n<meta property=\"product:availability\" content=\"instock\" \/>\n<meta property=\"product:retailer_item_id\" content=\"FA2N\" \/>\n<meta property=\"product:condition\" content=\"new\" \/>\n<!-- \/ Yoast SEO Premium plugin. -->","yoast_head_json":{"title":"FA-2 Cast Iron Pressure Drinker for Cattle and Equines FDA srl","description":"Makes animal hydration simple and practical! Choose the FA-2 cast iron drinker for cattle and equines, perfect for tie-stall housing. \ud83d\udca7","robots":{"index":"index","follow":"follow","max-snippet":"max-snippet:-1","max-image-preview":"max-image-preview:large","max-video-preview":"max-video-preview:-1"},"canonical":"https:\/\/fdasrl.it\/en\/prodotto\/fa-2-cast-iron-paddle-drinker-for-cattle-and-equines\/","og_locale":"en_US","og_type":"article","og_title":"FA-2 Cast Iron Paddle Drinker for Cattle and Equines","og_description":"Makes animal hydration simple and practical! Choose the FA-2 cast iron drinker for cattle and equines, perfect for tie-stall housing. \ud83d\udca7","og_url":"https:\/\/fdasrl.it\/en\/prodotto\/fa-2-cast-iron-paddle-drinker-for-cattle-and-equines\/","og_site_name":"FDA srl","article_publisher":"https:\/\/www.facebook.com\/share\/1MWhFWg1Tp\/?mibextid=LQQJ4d","og_image":[{"width":1684,"height":1190,"url":"https:\/\/fdasrl.it\/wp-content\/uploads\/2025\/04\/Abbeveratoio-FDA-FA2-ghisa-smaltata.png","type":"image\/png"}],"twitter_card":"summary_large_image","twitter_misc":{"Price":"","Availability":"In stock"},"schema":{"@context":"https:\/\/schema.org","@graph":[{"@type":"WebPage","@id":"https:\/\/fdasrl.it\/en\/prodotto\/fa-2-cast-iron-paddle-drinker-for-cattle-and-equines\/","url":"https:\/\/fdasrl.it\/en\/prodotto\/fa-2-cast-iron-paddle-drinker-for-cattle-and-equines\/","name":"FA-2 Cast Iron Pressure Drinker for Cattle and Equines FDA srl","isPartOf":{"@id":"https:\/\/fdasrl.it\/en\/#website"},"primaryImageOfPage":{"@id":"https:\/\/fdasrl.it\/en\/prodotto\/fa-2-cast-iron-paddle-drinker-for-cattle-and-equines\/#primaryimage"},"image":{"@id":"https:\/\/fdasrl.it\/en\/prodotto\/fa-2-cast-iron-paddle-drinker-for-cattle-and-equines\/#primaryimage"},"thumbnailUrl":"https:\/\/fdasrl.it\/wp-content\/uploads\/2025\/04\/Abbeveratoio-FDA-FA2-ghisa-smaltata.png","datePublished":"2025-01-20T12:04:05+00:00","description":"Makes animal hydration simple and practical! Choose the FA-2 cast iron drinker for cattle and equines, perfect for tie-stall housing. \ud83d\udca7","breadcrumb":{"@id":"https:\/\/fdasrl.it\/en\/prodotto\/fa-2-cast-iron-paddle-drinker-for-cattle-and-equines\/#breadcrumb"},"inLanguage":"en-US","potentialAction":[{"@type":"ReadAction","target":["https:\/\/fdasrl.it\/en\/prodotto\/fa-2-cast-iron-paddle-drinker-for-cattle-and-equines\/"]}]},{"@type":"ImageObject","inLanguage":"en-US","@id":"https:\/\/fdasrl.it\/en\/prodotto\/fa-2-cast-iron-paddle-drinker-for-cattle-and-equines\/#primaryimage","url":"https:\/\/fdasrl.it\/wp-content\/uploads\/2025\/04\/Abbeveratoio-FDA-FA2-ghisa-smaltata.png","contentUrl":"https:\/\/fdasrl.it\/wp-content\/uploads\/2025\/04\/Abbeveratoio-FDA-FA2-ghisa-smaltata.png","width":1684,"height":1190,"caption":"FA2 enameled cast iron paddle drinker"},{"@type":"BreadcrumbList","@id":"https:\/\/fdasrl.it\/en\/prodotto\/fa-2-cast-iron-paddle-drinker-for-cattle-and-equines\/#breadcrumb","itemListElement":[{"@type":"ListItem","position":1,"name":"Home","item":"https:\/\/fdasrl.it\/en\/home\/"},{"@type":"ListItem","position":2,"name":"Shop","item":"https:\/\/fdasrl.it\/en\/shop\/"},{"@type":"ListItem","position":3,"name":"FA-2 Cast Iron Paddle Drinker for Cattle and Equines"}]},{"@type":"WebSite","@id":"https:\/\/fdasrl.it\/en\/#website","url":"https:\/\/fdasrl.it\/en\/","name":"FDA srl","description":"Equipment for animal husbandry","publisher":{"@id":"https:\/\/fdasrl.it\/en\/#organization"},"potentialAction":[{"@type":"SearchAction","target":{"@type":"EntryPoint","urlTemplate":"https:\/\/fdasrl.it\/en\/?s={search_term_string}"},"query-input":{"@type":"PropertyValueSpecification","valueRequired":true,"valueName":"search_term_string"}}],"inLanguage":"en-US"},{"@type":"Organization","@id":"https:\/\/fdasrl.it\/en\/#organization","name":"FDA srl","url":"https:\/\/fdasrl.it\/en\/","logo":{"@type":"ImageObject","inLanguage":"en-US","@id":"https:\/\/fdasrl.it\/en\/#\/schema\/logo\/image\/","url":"https:\/\/fdasrl.it\/wp-content\/uploads\/2024\/12\/Logo-FDA.png","contentUrl":"https:\/\/fdasrl.it\/wp-content\/uploads\/2024\/12\/Logo-FDA.png","width":316,"height":119,"caption":"FDA srl"},"image":{"@id":"https:\/\/fdasrl.it\/en\/#\/schema\/logo\/image\/"},"sameAs":["https:\/\/www.facebook.com\/share\/1MWhFWg1Tp\/?mibextid=LQQJ4d","https:\/\/www.instagram.com\/fda_srl\/profilecard\/?igsh=YW5lbzJ6MWg0d21u","https:\/\/www.youtube.com\/@FDASRL_ANIMALCARE"],"description":"FDA SRL \u2013 Equipment for animal husbandry nasce con l\u2019obiettivo di offrire soluzioni affidabili e innovative per l\u2019allevamento moderno. Con anni di esperienza nel settore zootecnico, progettiamo e realizziamo attrezzature destinate al benessere animale e alla gestione efficiente delle stalle: vasche, abbeveratoi, mangiatoie e sistemi di riscaldamento pensati per durare nel tempo e semplificare il lavoro quotidiano degli allevatori. Dalla progettazione alla produzione, ogni nostro prodotto \u00e8 studiato nei minimi dettagli, testato con cura e costruito per rispondere alle esigenze reali del settore. La nostra forza \u00e8 unire artigianalit\u00e0, tecnologia e competenza tecnica per trasformare ogni progetto in una soluzione concreta e funzionale. Oggi FDA SRL \u00e8 un punto di riferimento per privati e rivenditori che cercano qualit\u00e0, affidabilit\u00e0 e innovazione nelle attrezzature per l\u2019allevamento.","email":"info@fdasrl.it","telephone":"+390522826820","legalName":"F.D.A. SRL","foundingDate":"2024-10-13","vatID":"03075840359","taxID":"03075840359","numberOfEmployees":{"@type":"QuantitativeValue","minValue":"1","maxValue":"10"}}]},"product_price_currency":"EUR","og_availability":"instock","product_availability":"instock","product_retailer_item_id":"FA2N","product_condition":"new"},"_links":{"self":[{"href":"https:\/\/fdasrl.it\/en\/wp-json\/wp\/v2\/product\/4606","targetHints":{"allow":["GET"]}}],"collection":[{"href":"https:\/\/fdasrl.it\/en\/wp-json\/wp\/v2\/product"}],"about":[{"href":"https:\/\/fdasrl.it\/en\/wp-json\/wp\/v2\/types\/product"}],"replies":[{"embeddable":true,"href":"https:\/\/fdasrl.it\/en\/wp-json\/wp\/v2\/comments?post=4606"}],"wp:featuredmedia":[{"embeddable":true,"href":"https:\/\/fdasrl.it\/en\/wp-json\/wp\/v2\/media\/740"}],"wp:attachment":[{"href":"https:\/\/fdasrl.it\/en\/wp-json\/wp\/v2\/media?parent=4606"}],"wp:term":[{"taxonomy":"product_brand","embeddable":true,"href":"https:\/\/fdasrl.it\/en\/wp-json\/wp\/v2\/product_brand?post=4606"},{"taxonomy":"product_cat","embeddable":true,"href":"https:\/\/fdasrl.it\/en\/wp-json\/wp\/v2\/product_cat?post=4606"},{"taxonomy":"product_tag","embeddable":true,"href":"https:\/\/fdasrl.it\/en\/wp-json\/wp\/v2\/product_tag?post=4606"}],"curies":[{"name":"wp","href":"https:\/\/api.w.org\/{rel}","templated":true}]}}