{"id":4825,"date":"2025-01-20T12:00:49","date_gmt":"2025-01-20T11:00:49","guid":{"rendered":"https:\/\/fdasrl.it\/prodotto\/philips-reinforced-infrared-lamp-100w-175w\/"},"modified":"2025-01-20T12:00:49","modified_gmt":"2025-01-20T11:00:49","slug":"philips-reinforced-infrared-lamp-100w-175w","status":"publish","type":"product","link":"https:\/\/fdasrl.it\/en\/prodotto\/philips-reinforced-infrared-lamp-100w-175w\/","title":{"rendered":"Philips Reinforced Infrared Lamp 100W 175W"},"content":{"rendered":"<h1 data-start=\"325\" data-end=\"603\">Philips reinforced infrared heating lamp for animals<\/h1>\n<p data-start=\"325\" data-end=\"603\">The <strong data-start=\"328\" data-end=\"383\">Philips PAR38 red heavy-duty reinforced infrared lamp<\/strong> is designed for <strong data-start=\"404\" data-end=\"443\">direct animal heating<\/strong> and veterinary applications.<br data-start=\"475\" data-end=\"478\">Made of <strong data-start=\"492\" data-end=\"518\">heavy-duty pressed glass<\/strong>, it ensures <strong data-start=\"529\" data-end=\"565\">energy savings of up to 30%<\/strong> and an average lifespan of <strong data-start=\"588\" data-end=\"600\">5,000 hours<\/strong>.<\/p>\n<p data-start=\"605\" data-end=\"635\">Available in two versions:<\/p>\n<ul data-start=\"636\" data-end=\"811\">\n<li data-start=\"636\" data-end=\"723\">\n<p data-start=\"638\" data-end=\"723\"><strong data-start=\"638\" data-end=\"666\">100 Watts (code 000061)<\/strong> \u2013 Heavy-duty<\/p>\n<\/li>\n<li data-start=\"724\" data-end=\"811\">\n<p data-start=\"726\" data-end=\"811\"><strong data-start=\"726\" data-end=\"754\">175 Watts (code 000064)<\/strong> \u2013 Heavy-duty<\/p>\n<\/li>\n<\/ul>\n<hr data-start=\"813\" data-end=\"816\">\n<h2 data-start=\"818\" data-end=\"845\">Technical specifications<\/h2>\n<ul data-start=\"846\" data-end=\"1105\">\n<li data-start=\"846\" data-end=\"886\">\n<p data-start=\"848\" data-end=\"886\">Available power: <strong data-start=\"869\" data-end=\"884\">100W and 175W<\/strong><\/p>\n<\/li>\n<li data-start=\"887\" data-end=\"939\">\n<p data-start=\"889\" data-end=\"939\">Reinforced model in <strong data-start=\"911\" data-end=\"937\">heavy-duty pressed glass<\/strong><\/p>\n<\/li>\n<li data-start=\"940\" data-end=\"960\">\n<p data-start=\"942\" data-end=\"960\">Socket: <strong data-start=\"951\" data-end=\"958\">E27<\/strong><\/p>\n<\/li>\n<li data-start=\"961\" data-end=\"983\">\n<p data-start=\"963\" data-end=\"983\">Voltage: 230\u2013250V<\/p>\n<\/li>\n<li data-start=\"984\" data-end=\"1001\">\n<p data-start=\"986\" data-end=\"1001\">Color: Red<\/p>\n<\/li>\n<li data-start=\"1002\" data-end=\"1037\">\n<p data-start=\"1004\" data-end=\"1037\">Splash-proof<\/p>\n<\/li>\n<li data-start=\"1038\" data-end=\"1074\">\n<p data-start=\"1040\" data-end=\"1074\">Energy savings up to 30%<\/p>\n<\/li>\n<li data-start=\"1075\" data-end=\"1105\">\n<p data-start=\"1077\" data-end=\"1105\"><strong data-start=\"1077\" data-end=\"1103\">Average lifespan: 5,000 hours<\/strong><\/p>\n<\/li>\n<\/ul>\n<hr data-start=\"1107\" data-end=\"1110\">\n<h2 data-start=\"1112\" data-end=\"1134\">Main advantages<\/h2>\n<ul data-start=\"1135\" data-end=\"1437\">\n<li data-start=\"1135\" data-end=\"1184\">\n<p data-start=\"1137\" data-end=\"1184\"><strong data-start=\"1137\" data-end=\"1152\">Cost-effectiveness<\/strong>: long life and low consumption<\/p>\n<\/li>\n<li data-start=\"1185\" data-end=\"1262\">\n<p data-start=\"1187\" data-end=\"1262\"><strong data-start=\"1187\" data-end=\"1216\">Targeted and immediate heat<\/strong>: direct action on skin, tissues, and muscles<\/p>\n<\/li>\n<li data-start=\"1263\" data-end=\"1345\">\n<p data-start=\"1265\" data-end=\"1345\"><strong data-start=\"1265\" data-end=\"1280\">Versatility<\/strong>: compatible with all lamp holders on our site<\/p>\n<\/li>\n<li data-start=\"1346\" data-end=\"1437\">\n<p data-start=\"1348\" data-end=\"1437\"><strong data-start=\"1348\" data-end=\"1364\">Reliability<\/strong>: reinforced heavy-duty glass model, ideal for intensive farming<\/p>\n<\/li>\n<\/ul>\n<hr data-start=\"1439\" data-end=\"1442\">\n<h2 data-start=\"1444\" data-end=\"1467\">Recommended uses<\/h2>\n<ul data-start=\"1468\" data-end=\"1607\">\n<li data-start=\"1468\" data-end=\"1506\">\n<p data-start=\"1470\" data-end=\"1506\"><strong data-start=\"1470\" data-end=\"1501\">Poultry and chick rearing<\/strong> \ud83d\udc25<\/p>\n<\/li>\n<li data-start=\"1507\" data-end=\"1535\">\n<p data-start=\"1509\" data-end=\"1535\"><strong data-start=\"1509\" data-end=\"1530\">Pig farming<\/strong> \ud83d\udc16<\/p>\n<\/li>\n<li data-start=\"1536\" data-end=\"1566\">\n<p data-start=\"1538\" data-end=\"1566\"><strong data-start=\"1538\" data-end=\"1561\">Veterinary therapies<\/strong> \ud83d\udc3e<\/p>\n<\/li>\n<li data-start=\"1567\" data-end=\"1607\">\n<p data-start=\"1569\" data-end=\"1607\"><strong data-start=\"1569\" data-end=\"1602\">Drying of feed and food<\/strong> \ud83c\udf3e<\/p>\n<\/li>\n<\/ul>\n<hr data-start=\"1609\" data-end=\"1612\">\n<p data-start=\"1614\" data-end=\"1719\">\ud83d\udce9 <strong data-start=\"1617\" data-end=\"1717\">For targeted offers and personalized quotes, write to: <a class=\"decorated-link cursor-pointer\" href=\"mailto:info@fdasrl.it\" rel=\"noopener\" data-start=\"1676\" data-end=\"1715\">info@fdasrl.it<\/a><\/strong><\/p>\n<p><strong>000061<\/strong> &#8211; IR 100 R infrared lamp &#8211; heavy-duty<\/p>\n<p>Buy it on our <a href=\"https:\/\/fda-shop.it\/shop\/articoli-per-allevamento\/lampada-philips-100-w-a-raggi-infrarossi#\/25-accessori_e_confezioni-singola_unita\" target=\"_blank\" rel=\"noopener\">online shop<\/a><\/p>\n<p><strong>000064<\/strong> &#8211; IR 175 R infrared lamp &#8211; heavy-duty<\/p>\n<p>Buy it on our <a href=\"https:\/\/fda-shop.it\/shop\/articoli-per-allevamento\/soluzioni-per-il-riscaldamento\/lampada-philips-175-w-a-raggi-infrarossi-per-animali#\/25-accessori_e_confezioni-singola_unita\" target=\"_blank\" rel=\"noopener\">online shop<\/a><\/p>\n<p>&nbsp;<\/p>\n<p>&nbsp;<\/p>\n","protected":false},"excerpt":{"rendered":"<p>Philips reinforced red infrared heating lamp in reinforced heavy-duty glass, available in 100W and 175W. Ideal for animal heating, livestock farming, and veterinary use. For offers, write to <a class=\"decorated-link cursor-pointer\" rel=\"noopener\" data-start=\"285\" data-end=\"299\">info@fdasrl.it<\/a>.  <\/p>\n","protected":false},"featured_media":902,"comment_status":"open","ping_status":"closed","template":"","meta":{"_et_pb_use_builder":"","_et_pb_old_content":"","_et_gb_content_width":""},"product_brand":[],"product_cat":[636,634,635,633],"product_tag":[1141,1142],"class_list":{"0":"post-4825","1":"product","2":"type-product","3":"status-publish","4":"has-post-thumbnail","6":"product_cat-animal-heating","7":"product_cat-infrared-lamps","8":"product_cat-poultry","9":"product_cat-swine","10":"product_tag-1141","11":"product_tag-1142","13":"first","14":"instock","15":"shipping-taxable","16":"product-type-simple"},"yoast_head":"<!-- This site is optimized with the Yoast SEO Premium plugin v27.5 (Yoast SEO v27.5) - https:\/\/yoast.com\/product\/yoast-seo-premium-wordpress\/ -->\n<title>Philips reinforced infrared heating lamp for animals<\/title>\n<meta name=\"description\" content=\"Discover the Philips infrared heating lamp for animals, ideal for direct heating. Save energy and discover quality! \ud83c\udf1f\" \/>\n<meta name=\"robots\" content=\"index, follow, max-snippet:-1, max-image-preview:large, max-video-preview:-1\" \/>\n<link rel=\"canonical\" href=\"https:\/\/fdasrl.it\/en\/prodotto\/philips-reinforced-infrared-lamp-100w-175w\/\" \/>\n<meta property=\"og:locale\" content=\"en_US\" \/>\n<meta property=\"og:type\" content=\"article\" \/>\n<meta property=\"og:title\" content=\"Philips Reinforced Infrared Lamp 100W 175W\" \/>\n<meta property=\"og:description\" content=\"Discover the Philips infrared heating lamp for animals, ideal for direct heating. Save energy and discover quality! \ud83c\udf1f\" \/>\n<meta property=\"og:url\" content=\"https:\/\/fdasrl.it\/en\/prodotto\/philips-reinforced-infrared-lamp-100w-175w\/\" \/>\n<meta property=\"og:site_name\" content=\"FDA srl\" \/>\n<meta property=\"article:publisher\" content=\"https:\/\/www.facebook.com\/share\/1MWhFWg1Tp\/?mibextid=LQQJ4d\" \/>\n<meta property=\"og:image\" content=\"https:\/\/fdasrl.it\/wp-content\/uploads\/2025\/01\/Lampada-riscaldante-100W-175W-per-animali.jpg\" \/>\n\t<meta property=\"og:image:width\" content=\"440\" \/>\n\t<meta property=\"og:image:height\" content=\"440\" \/>\n\t<meta property=\"og:image:type\" content=\"image\/jpeg\" \/>\n<meta name=\"twitter:card\" content=\"summary_large_image\" \/>\n<meta name=\"twitter:label1\" content=\"Price\" \/>\n\t<meta name=\"twitter:data1\" content=\"\" \/>\n\t<meta name=\"twitter:label2\" content=\"Availability\" \/>\n\t<meta name=\"twitter:data2\" content=\"In stock\" \/>\n<meta property=\"product:price:currency\" content=\"EUR\" \/>\n<meta property=\"og:availability\" content=\"instock\" \/>\n<meta property=\"product:availability\" content=\"instock\" \/>\n<meta property=\"product:retailer_item_id\" content=\"FDA-000061\" \/>\n<meta property=\"product:condition\" content=\"new\" \/>\n<!-- \/ Yoast SEO Premium plugin. -->","yoast_head_json":{"title":"Philips reinforced infrared heating lamp for animals","description":"Discover the Philips infrared heating lamp for animals, ideal for direct heating. Save energy and discover quality! \ud83c\udf1f","robots":{"index":"index","follow":"follow","max-snippet":"max-snippet:-1","max-image-preview":"max-image-preview:large","max-video-preview":"max-video-preview:-1"},"canonical":"https:\/\/fdasrl.it\/en\/prodotto\/philips-reinforced-infrared-lamp-100w-175w\/","og_locale":"en_US","og_type":"article","og_title":"Philips Reinforced Infrared Lamp 100W 175W","og_description":"Discover the Philips infrared heating lamp for animals, ideal for direct heating. Save energy and discover quality! \ud83c\udf1f","og_url":"https:\/\/fdasrl.it\/en\/prodotto\/philips-reinforced-infrared-lamp-100w-175w\/","og_site_name":"FDA srl","article_publisher":"https:\/\/www.facebook.com\/share\/1MWhFWg1Tp\/?mibextid=LQQJ4d","og_image":[{"width":440,"height":440,"url":"https:\/\/fdasrl.it\/wp-content\/uploads\/2025\/01\/Lampada-riscaldante-100W-175W-per-animali.jpg","type":"image\/jpeg"}],"twitter_card":"summary_large_image","twitter_misc":{"Price":"","Availability":"In stock"},"schema":{"@context":"https:\/\/schema.org","@graph":[{"@type":"WebPage","@id":"https:\/\/fdasrl.it\/en\/prodotto\/philips-reinforced-infrared-lamp-100w-175w\/","url":"https:\/\/fdasrl.it\/en\/prodotto\/philips-reinforced-infrared-lamp-100w-175w\/","name":"Philips reinforced infrared heating lamp for animals","isPartOf":{"@id":"https:\/\/fdasrl.it\/en\/#website"},"primaryImageOfPage":{"@id":"https:\/\/fdasrl.it\/en\/prodotto\/philips-reinforced-infrared-lamp-100w-175w\/#primaryimage"},"image":{"@id":"https:\/\/fdasrl.it\/en\/prodotto\/philips-reinforced-infrared-lamp-100w-175w\/#primaryimage"},"thumbnailUrl":"https:\/\/fdasrl.it\/wp-content\/uploads\/2025\/01\/Lampada-riscaldante-100W-175W-per-animali.jpg","datePublished":"2025-01-20T11:00:49+00:00","description":"Discover the Philips infrared heating lamp for animals, ideal for direct heating. Save energy and discover quality! \ud83c\udf1f","breadcrumb":{"@id":"https:\/\/fdasrl.it\/en\/prodotto\/philips-reinforced-infrared-lamp-100w-175w\/#breadcrumb"},"inLanguage":"en-US","potentialAction":[{"@type":"ReadAction","target":["https:\/\/fdasrl.it\/en\/prodotto\/philips-reinforced-infrared-lamp-100w-175w\/"]}]},{"@type":"ImageObject","inLanguage":"en-US","@id":"https:\/\/fdasrl.it\/en\/prodotto\/philips-reinforced-infrared-lamp-100w-175w\/#primaryimage","url":"https:\/\/fdasrl.it\/wp-content\/uploads\/2025\/01\/Lampada-riscaldante-100W-175W-per-animali.jpg","contentUrl":"https:\/\/fdasrl.it\/wp-content\/uploads\/2025\/01\/Lampada-riscaldante-100W-175W-per-animali.jpg","width":440,"height":440,"caption":"Philips red infrared heating lamp in heavy-duty glass, reinforced model."},{"@type":"BreadcrumbList","@id":"https:\/\/fdasrl.it\/en\/prodotto\/philips-reinforced-infrared-lamp-100w-175w\/#breadcrumb","itemListElement":[{"@type":"ListItem","position":1,"name":"Home","item":"https:\/\/fdasrl.it\/en\/home\/"},{"@type":"ListItem","position":2,"name":"Shop","item":"https:\/\/fdasrl.it\/en\/shop\/"},{"@type":"ListItem","position":3,"name":"Philips Reinforced Infrared Lamp 100W 175W"}]},{"@type":"WebSite","@id":"https:\/\/fdasrl.it\/en\/#website","url":"https:\/\/fdasrl.it\/en\/","name":"FDA srl","description":"Equipment for animal husbandry","publisher":{"@id":"https:\/\/fdasrl.it\/en\/#organization"},"potentialAction":[{"@type":"SearchAction","target":{"@type":"EntryPoint","urlTemplate":"https:\/\/fdasrl.it\/en\/?s={search_term_string}"},"query-input":{"@type":"PropertyValueSpecification","valueRequired":true,"valueName":"search_term_string"}}],"inLanguage":"en-US"},{"@type":"Organization","@id":"https:\/\/fdasrl.it\/en\/#organization","name":"FDA srl","url":"https:\/\/fdasrl.it\/en\/","logo":{"@type":"ImageObject","inLanguage":"en-US","@id":"https:\/\/fdasrl.it\/en\/#\/schema\/logo\/image\/","url":"https:\/\/fdasrl.it\/wp-content\/uploads\/2024\/12\/Logo-FDA.png","contentUrl":"https:\/\/fdasrl.it\/wp-content\/uploads\/2024\/12\/Logo-FDA.png","width":316,"height":119,"caption":"FDA srl"},"image":{"@id":"https:\/\/fdasrl.it\/en\/#\/schema\/logo\/image\/"},"sameAs":["https:\/\/www.facebook.com\/share\/1MWhFWg1Tp\/?mibextid=LQQJ4d","https:\/\/www.instagram.com\/fda_srl\/profilecard\/?igsh=YW5lbzJ6MWg0d21u","https:\/\/www.youtube.com\/@FDASRL_ANIMALCARE"],"description":"FDA SRL \u2013 Equipment for animal husbandry nasce con l\u2019obiettivo di offrire soluzioni affidabili e innovative per l\u2019allevamento moderno. Con anni di esperienza nel settore zootecnico, progettiamo e realizziamo attrezzature destinate al benessere animale e alla gestione efficiente delle stalle: vasche, abbeveratoi, mangiatoie e sistemi di riscaldamento pensati per durare nel tempo e semplificare il lavoro quotidiano degli allevatori. Dalla progettazione alla produzione, ogni nostro prodotto \u00e8 studiato nei minimi dettagli, testato con cura e costruito per rispondere alle esigenze reali del settore. La nostra forza \u00e8 unire artigianalit\u00e0, tecnologia e competenza tecnica per trasformare ogni progetto in una soluzione concreta e funzionale. Oggi FDA SRL \u00e8 un punto di riferimento per privati e rivenditori che cercano qualit\u00e0, affidabilit\u00e0 e innovazione nelle attrezzature per l\u2019allevamento.","email":"info@fdasrl.it","telephone":"+390522826820","legalName":"F.D.A. SRL","foundingDate":"2024-10-13","vatID":"03075840359","taxID":"03075840359","numberOfEmployees":{"@type":"QuantitativeValue","minValue":"1","maxValue":"10"}}]},"product_price_currency":"EUR","og_availability":"instock","product_availability":"instock","product_retailer_item_id":"FDA-000061","product_condition":"new"},"_links":{"self":[{"href":"https:\/\/fdasrl.it\/en\/wp-json\/wp\/v2\/product\/4825","targetHints":{"allow":["GET"]}}],"collection":[{"href":"https:\/\/fdasrl.it\/en\/wp-json\/wp\/v2\/product"}],"about":[{"href":"https:\/\/fdasrl.it\/en\/wp-json\/wp\/v2\/types\/product"}],"replies":[{"embeddable":true,"href":"https:\/\/fdasrl.it\/en\/wp-json\/wp\/v2\/comments?post=4825"}],"wp:featuredmedia":[{"embeddable":true,"href":"https:\/\/fdasrl.it\/en\/wp-json\/wp\/v2\/media\/902"}],"wp:attachment":[{"href":"https:\/\/fdasrl.it\/en\/wp-json\/wp\/v2\/media?parent=4825"}],"wp:term":[{"taxonomy":"product_brand","embeddable":true,"href":"https:\/\/fdasrl.it\/en\/wp-json\/wp\/v2\/product_brand?post=4825"},{"taxonomy":"product_cat","embeddable":true,"href":"https:\/\/fdasrl.it\/en\/wp-json\/wp\/v2\/product_cat?post=4825"},{"taxonomy":"product_tag","embeddable":true,"href":"https:\/\/fdasrl.it\/en\/wp-json\/wp\/v2\/product_tag?post=4825"}],"curies":[{"name":"wp","href":"https:\/\/api.w.org\/{rel}","templated":true}]}}