{"id":5530,"date":"2025-12-22T16:09:04","date_gmt":"2025-12-22T15:09:04","guid":{"rendered":"https:\/\/fdasrl.it\/prodotto\/art-fda-004p12-large-3-4-nipple-drinker-for-sows-and-fattening-pigs\/"},"modified":"2025-12-22T16:09:04","modified_gmt":"2025-12-22T15:09:04","slug":"art-fda-004p12-large-3-4-nipple-drinker-for-sows-and-fattening-pigs","status":"publish","type":"product","link":"https:\/\/fdasrl.it\/en\/prodotto\/art-fda-004p12-large-3-4-nipple-drinker-for-sows-and-fattening-pigs\/","title":{"rendered":"Art. FDA-004P12 &#8211; Large 3\/4\u201d nipple drinker for sows and fattening pigs"},"content":{"rendered":"<h2>Automatic 3\/4&#8243; nipple drinker for sows and fattening pigs \u2013 Model FDA-004P12<\/h2>\n<h3>Product description<\/h3>\n<p>The FDA-004P12 automatic drinker is designed to ensure <strong data-start=\"342\" data-end=\"358\">reliability<\/strong>, <strong data-start=\"360\" data-end=\"374\">durability<\/strong> and <strong data-start=\"399\" data-end=\"411\">constant<\/strong> water delivery in lines dedicated to <strong data-start=\"435\" data-end=\"445\">sows<\/strong> and <strong data-start=\"448\" data-end=\"469\">fattening pigs<\/strong>. <br data-start=\"470\" data-end=\"473\">Robust materials and easy installation make it an ideal solution for farms requiring <strong data-start=\"598\" data-end=\"608\">hygiene<\/strong>, <strong data-start=\"610\" data-end=\"624\" data-is-only-node=\"\">efficiency<\/strong> and <strong data-start=\"627\" data-end=\"641\">durability<\/strong> even in the most intensive conditions.<\/p>\n<p>The oversized 12 mm diameter pin increases its resistance to mechanical stress.<\/p>\n<hr>\n<h3>Technical specifications<\/h3>\n<ul>\n<li>Brass thread<\/li>\n<li>Stainless steel tube and pin<\/li>\n<li>3\/4&#8243; water connection<\/li>\n<li>Total length: 72.0 mm<\/li>\n<li>Drinker pipe \u00d8 25 mm<\/li>\n<li>Pin \u00d8 12 mm<\/li>\n<li>Weight: 170 g<\/li>\n<li>27 mm hexagon<\/li>\n<li>Internal stainless steel mesh filter with mesh retaining ring or adjustable plastic filter (see model FDA-004P12TP)<\/li>\n<\/ul>\n<hr>\n<h3>Installation heights and angle<\/h3>\n<p><a href=\"https:\/\/fdasrl.it\/wp-content\/uploads\/2025\/12\/Installation-Fda-Nipple-drinkers-1-2-sows-fattening-pigs_compressed.pdf\">\ud83d\udc49 <\/a><em>(<a href=\"https:\/\/fdasrl.it\/wp-content\/uploads\/2025\/12\/Installation-Fda-Nipple-drinkers-1-2-sows-fattening-pigs_compressed.pdf\">CLICK HERE) for the complete installation table<\/a><\/em><\/p>\n<p>The indicated heights are general guidelines.<br \/>\nFor rearing store pigs, we recommend using <strong>two installation heights<\/strong> or <strong>height adjusters<\/strong> to adapt the drinker position to the animals&#8217; growth.<\/p>\n<p>The FDA-004P12 drinker can be installed at an angle between <strong>15\u00b0 and 45\u00b0<\/strong>:<\/p>\n<ul>\n<li><strong>15\u00b0 \u2192<\/strong> use the lower height<\/li>\n<li><strong>45\u00b0 \u2192<\/strong> use the higher height<\/li>\n<\/ul>\n<p>This adjustment ensures correct animal posture and reduces water waste.<\/p>\n<hr>\n<h3>Recommended water pressure<\/h3>\n<p>The maximum water pressure must not exceed <strong>4 bar (55 psi)<\/strong> to ensure correct system operation.<\/p>\n<p>For piglets and weaned piglets, the pressure should not exceed <strong>2 bar (28 psi)<\/strong>.<\/p>\n<p>Lower pressures promote:<\/p>\n<ul>\n<li>water savings<\/li>\n<li>longer life for seals and spring<\/li>\n<li>flow regularity<\/li>\n<li>ease of use<\/li>\n<li>waste reduction<\/li>\n<\/ul>\n<p>\ud83d\udc49 <em>The use of a pressure reducer is recommended if the water line has high or unstable values.<\/em><\/p>\n<hr>\n<h3>Water flow rate<\/h3>\n<p><a href=\"https:\/\/fdasrl.it\/wp-content\/uploads\/2025\/12\/grafico-succhiotto-fda-004p12-curve-portata-diametri.webp\">\ud83d\udc49 <em>(CLICK HERE) for the flow rate table<\/em><\/a><\/p>\n<p data-start=\"2299\" data-end=\"2464\">The flow rate varies based on the pressure in the water line.<br data-start=\"2367\" data-end=\"2370\"\/>For <strong data-start=\"2374\" data-end=\"2384\">sows<\/strong> and <strong data-start=\"2387\" data-end=\"2408\">fattening pigs<\/strong>, a flow rate between approximately the following is recommended:<\/p>\n<ul data-start=\"2466\" data-end=\"2533\">\n<li data-start=\"2466\" data-end=\"2533\">\n<p data-start=\"2468\" data-end=\"2533\"><strong data-start=\"2468\" data-end=\"2487\">1.0 and 2.0 L\/min<\/strong> is recommended, depending on the farm&#8217;s needs.<\/p>\n<\/li>\n<\/ul>\n<p>The standard valve has a 2 mm orifice.<\/p>\n<p>Optional valves with the following diameters are available to increase flow rate:<\/p>\n<ul>\n<li>\u00d8 3 mm<\/li>\n<li>\u00d8 3.5 mm<\/li>\n<li>\u00d8 4 mm<\/li>\n<\/ul>\n<p>The use of <strong>pressure reducers<\/strong> allows for centralized system management, particularly useful in summer months when it may be necessary to increase the flow rate.<\/p>\n","protected":false},"excerpt":{"rendered":"<p>FDA-004P12 automatic nipple drinker in brass and stainless steel, with 3\/4\u2033 connection and oversized pin. Reliable, durable, and ideal for ensuring controlled water delivery in lines dedicated to <strong data-start=\"435\" data-end=\"445\">sows<\/strong> and <strong data-start=\"448\" data-end=\"469\">fattening pigs<\/strong> <\/p>\n<p><a href=\"https:\/\/fdasrl.it\/wp-content\/uploads\/2025\/12\/Installation-Fda-Nipple-drinkers-1-2-sows-fattening-pigs_compressed.pdf\">\ud83d\udc49 <b>(CLICK HERE)<\/b> for the complete installation table<\/a><\/p>\n<p><a href=\"https:\/\/fdasrl.it\/wp-content\/uploads\/2025\/12\/grafico-succhiotto-fda-004p12-curve-portata-diametri.webp\">\ud83d\udc49 <b>(CLICK HERE)<\/b> for the flow rate table<\/a><\/p>\n<p><a href=\"https:\/\/fdasrl.it\/wp-content\/uploads\/2025\/12\/FDA004P12_compressed.pdf\">\ud83d\udc49 <b>(CLICK HERE)<\/b> for the technical drawing<\/a><\/p>\n","protected":false},"featured_media":1061,"comment_status":"open","ping_status":"closed","template":"","meta":{"_et_pb_use_builder":"","_et_pb_old_content":"","_et_gb_content_width":""},"product_brand":[],"product_cat":[1194,757,1195,633],"product_tag":[1276],"class_list":{"0":"post-5530","1":"product","2":"type-product","3":"status-publish","4":"has-post-thumbnail","6":"product_cat-brass-stainless-steel","7":"product_cat-drinking-troughs-3","8":"product_cat-nipple-drinkers","9":"product_cat-swine","10":"product_tag-fda-004p12","12":"first","13":"instock","14":"shipping-taxable","15":"product-type-simple"},"yoast_head":"<!-- This site is optimized with the Yoast SEO Premium plugin v27.5 (Yoast SEO v27.5) - https:\/\/yoast.com\/product\/yoast-seo-premium-wordpress\/ -->\n<title>large 3\/4\u201d nipple drinker for sows with large pin<\/title>\n<meta name=\"description\" content=\"Reliability and durability with the large 3\/4\u201d nipple drinker for sows with large pin. Make your business more efficient!\" \/>\n<meta name=\"robots\" content=\"index, follow, max-snippet:-1, max-image-preview:large, max-video-preview:-1\" \/>\n<link rel=\"canonical\" href=\"https:\/\/fdasrl.it\/en\/prodotto\/art-fda-004p12-large-3-4-nipple-drinker-for-sows-and-fattening-pigs\/\" \/>\n<meta property=\"og:locale\" content=\"en_US\" \/>\n<meta property=\"og:type\" content=\"article\" \/>\n<meta property=\"og:title\" content=\"Art. FDA-004P12 - Large 3\/4\u201d nipple drinker for sows and fattening pigs\" \/>\n<meta property=\"og:description\" content=\"Reliability and durability with the large 3\/4\u201d nipple drinker for sows with large pin. Make your business more efficient!\" \/>\n<meta property=\"og:url\" content=\"https:\/\/fdasrl.it\/en\/prodotto\/art-fda-004p12-large-3-4-nipple-drinker-for-sows-and-fattening-pigs\/\" \/>\n<meta property=\"og:site_name\" content=\"FDA srl\" \/>\n<meta property=\"article:publisher\" content=\"https:\/\/www.facebook.com\/share\/1MWhFWg1Tp\/?mibextid=LQQJ4d\" \/>\n<meta property=\"og:image\" content=\"https:\/\/fdasrl.it\/wp-content\/uploads\/2025\/12\/abbeveratoio-succhiotto-big-scrofe-suini-ingrasso-3-4-ottone-inox-foto-frontale.webp\" \/>\n\t<meta property=\"og:image:width\" content=\"1024\" \/>\n\t<meta property=\"og:image:height\" content=\"1024\" \/>\n\t<meta property=\"og:image:type\" content=\"image\/webp\" \/>\n<meta name=\"twitter:card\" content=\"summary_large_image\" \/>\n<meta name=\"twitter:label1\" content=\"Price\" \/>\n\t<meta name=\"twitter:data1\" content=\"\" \/>\n\t<meta name=\"twitter:label2\" content=\"Availability\" \/>\n\t<meta name=\"twitter:data2\" content=\"In stock\" \/>\n<meta property=\"product:price:currency\" content=\"EUR\" \/>\n<meta property=\"og:availability\" content=\"instock\" \/>\n<meta property=\"product:availability\" content=\"instock\" \/>\n<meta property=\"product:retailer_item_id\" content=\"FDA-004P12\" \/>\n<meta property=\"product:condition\" content=\"new\" \/>\n<!-- \/ Yoast SEO Premium plugin. -->","yoast_head_json":{"title":"large 3\/4\u201d nipple drinker for sows with large pin","description":"Reliability and durability with the large 3\/4\u201d nipple drinker for sows with large pin. Make your business more efficient!","robots":{"index":"index","follow":"follow","max-snippet":"max-snippet:-1","max-image-preview":"max-image-preview:large","max-video-preview":"max-video-preview:-1"},"canonical":"https:\/\/fdasrl.it\/en\/prodotto\/art-fda-004p12-large-3-4-nipple-drinker-for-sows-and-fattening-pigs\/","og_locale":"en_US","og_type":"article","og_title":"Art. FDA-004P12 - Large 3\/4\u201d nipple drinker for sows and fattening pigs","og_description":"Reliability and durability with the large 3\/4\u201d nipple drinker for sows with large pin. Make your business more efficient!","og_url":"https:\/\/fdasrl.it\/en\/prodotto\/art-fda-004p12-large-3-4-nipple-drinker-for-sows-and-fattening-pigs\/","og_site_name":"FDA srl","article_publisher":"https:\/\/www.facebook.com\/share\/1MWhFWg1Tp\/?mibextid=LQQJ4d","og_image":[{"width":1024,"height":1024,"url":"https:\/\/fdasrl.it\/wp-content\/uploads\/2025\/12\/abbeveratoio-succhiotto-big-scrofe-suini-ingrasso-3-4-ottone-inox-foto-frontale.webp","type":"image\/webp"}],"twitter_card":"summary_large_image","twitter_misc":{"Price":"","Availability":"In stock"},"schema":{"@context":"https:\/\/schema.org","@graph":[{"@type":"WebPage","@id":"https:\/\/fdasrl.it\/en\/prodotto\/art-fda-004p12-large-3-4-nipple-drinker-for-sows-and-fattening-pigs\/","url":"https:\/\/fdasrl.it\/en\/prodotto\/art-fda-004p12-large-3-4-nipple-drinker-for-sows-and-fattening-pigs\/","name":"large 3\/4\u201d nipple drinker for sows with large pin","isPartOf":{"@id":"https:\/\/fdasrl.it\/en\/#website"},"primaryImageOfPage":{"@id":"https:\/\/fdasrl.it\/en\/prodotto\/art-fda-004p12-large-3-4-nipple-drinker-for-sows-and-fattening-pigs\/#primaryimage"},"image":{"@id":"https:\/\/fdasrl.it\/en\/prodotto\/art-fda-004p12-large-3-4-nipple-drinker-for-sows-and-fattening-pigs\/#primaryimage"},"thumbnailUrl":"https:\/\/fdasrl.it\/wp-content\/uploads\/2025\/12\/abbeveratoio-succhiotto-big-scrofe-suini-ingrasso-3-4-ottone-inox-foto-frontale.webp","datePublished":"2025-12-22T15:09:04+00:00","description":"Reliability and durability with the large 3\/4\u201d nipple drinker for sows with large pin. Make your business more efficient!","breadcrumb":{"@id":"https:\/\/fdasrl.it\/en\/prodotto\/art-fda-004p12-large-3-4-nipple-drinker-for-sows-and-fattening-pigs\/#breadcrumb"},"inLanguage":"en-US","potentialAction":[{"@type":"ReadAction","target":["https:\/\/fdasrl.it\/en\/prodotto\/art-fda-004p12-large-3-4-nipple-drinker-for-sows-and-fattening-pigs\/"]}]},{"@type":"ImageObject","inLanguage":"en-US","@id":"https:\/\/fdasrl.it\/en\/prodotto\/art-fda-004p12-large-3-4-nipple-drinker-for-sows-and-fattening-pigs\/#primaryimage","url":"https:\/\/fdasrl.it\/wp-content\/uploads\/2025\/12\/abbeveratoio-succhiotto-big-scrofe-suini-ingrasso-3-4-ottone-inox-foto-frontale.webp","contentUrl":"https:\/\/fdasrl.it\/wp-content\/uploads\/2025\/12\/abbeveratoio-succhiotto-big-scrofe-suini-ingrasso-3-4-ottone-inox-foto-frontale.webp","width":1024,"height":1024,"caption":"BIG 3\/4\u201d nipple drinker in brass and stainless steel for sows and fattening pigs"},{"@type":"BreadcrumbList","@id":"https:\/\/fdasrl.it\/en\/prodotto\/art-fda-004p12-large-3-4-nipple-drinker-for-sows-and-fattening-pigs\/#breadcrumb","itemListElement":[{"@type":"ListItem","position":1,"name":"Home","item":"https:\/\/fdasrl.it\/en\/home\/"},{"@type":"ListItem","position":2,"name":"Shop","item":"https:\/\/fdasrl.it\/en\/shop\/"},{"@type":"ListItem","position":3,"name":"Art. FDA-004P12 &#8211; Large 3\/4\u201d nipple drinker for sows and fattening pigs"}]},{"@type":"WebSite","@id":"https:\/\/fdasrl.it\/en\/#website","url":"https:\/\/fdasrl.it\/en\/","name":"FDA srl","description":"Equipment for animal husbandry","publisher":{"@id":"https:\/\/fdasrl.it\/en\/#organization"},"potentialAction":[{"@type":"SearchAction","target":{"@type":"EntryPoint","urlTemplate":"https:\/\/fdasrl.it\/en\/?s={search_term_string}"},"query-input":{"@type":"PropertyValueSpecification","valueRequired":true,"valueName":"search_term_string"}}],"inLanguage":"en-US"},{"@type":"Organization","@id":"https:\/\/fdasrl.it\/en\/#organization","name":"FDA srl","url":"https:\/\/fdasrl.it\/en\/","logo":{"@type":"ImageObject","inLanguage":"en-US","@id":"https:\/\/fdasrl.it\/en\/#\/schema\/logo\/image\/","url":"https:\/\/fdasrl.it\/wp-content\/uploads\/2024\/12\/Logo-FDA.png","contentUrl":"https:\/\/fdasrl.it\/wp-content\/uploads\/2024\/12\/Logo-FDA.png","width":316,"height":119,"caption":"FDA srl"},"image":{"@id":"https:\/\/fdasrl.it\/en\/#\/schema\/logo\/image\/"},"sameAs":["https:\/\/www.facebook.com\/share\/1MWhFWg1Tp\/?mibextid=LQQJ4d","https:\/\/www.instagram.com\/fda_srl\/profilecard\/?igsh=YW5lbzJ6MWg0d21u","https:\/\/www.youtube.com\/@FDASRL_ANIMALCARE"],"description":"FDA SRL \u2013 Equipment for animal husbandry nasce con l\u2019obiettivo di offrire soluzioni affidabili e innovative per l\u2019allevamento moderno. Con anni di esperienza nel settore zootecnico, progettiamo e realizziamo attrezzature destinate al benessere animale e alla gestione efficiente delle stalle: vasche, abbeveratoi, mangiatoie e sistemi di riscaldamento pensati per durare nel tempo e semplificare il lavoro quotidiano degli allevatori. Dalla progettazione alla produzione, ogni nostro prodotto \u00e8 studiato nei minimi dettagli, testato con cura e costruito per rispondere alle esigenze reali del settore. La nostra forza \u00e8 unire artigianalit\u00e0, tecnologia e competenza tecnica per trasformare ogni progetto in una soluzione concreta e funzionale. Oggi FDA SRL \u00e8 un punto di riferimento per privati e rivenditori che cercano qualit\u00e0, affidabilit\u00e0 e innovazione nelle attrezzature per l\u2019allevamento.","email":"info@fdasrl.it","telephone":"+390522826820","legalName":"F.D.A. SRL","foundingDate":"2024-10-13","vatID":"03075840359","taxID":"03075840359","numberOfEmployees":{"@type":"QuantitativeValue","minValue":"1","maxValue":"10"}}]},"product_price_currency":"EUR","og_availability":"instock","product_availability":"instock","product_retailer_item_id":"FDA-004P12","product_condition":"new"},"_links":{"self":[{"href":"https:\/\/fdasrl.it\/en\/wp-json\/wp\/v2\/product\/5530","targetHints":{"allow":["GET"]}}],"collection":[{"href":"https:\/\/fdasrl.it\/en\/wp-json\/wp\/v2\/product"}],"about":[{"href":"https:\/\/fdasrl.it\/en\/wp-json\/wp\/v2\/types\/product"}],"replies":[{"embeddable":true,"href":"https:\/\/fdasrl.it\/en\/wp-json\/wp\/v2\/comments?post=5530"}],"wp:featuredmedia":[{"embeddable":true,"href":"https:\/\/fdasrl.it\/en\/wp-json\/wp\/v2\/media\/1061"}],"wp:attachment":[{"href":"https:\/\/fdasrl.it\/en\/wp-json\/wp\/v2\/media?parent=5530"}],"wp:term":[{"taxonomy":"product_brand","embeddable":true,"href":"https:\/\/fdasrl.it\/en\/wp-json\/wp\/v2\/product_brand?post=5530"},{"taxonomy":"product_cat","embeddable":true,"href":"https:\/\/fdasrl.it\/en\/wp-json\/wp\/v2\/product_cat?post=5530"},{"taxonomy":"product_tag","embeddable":true,"href":"https:\/\/fdasrl.it\/en\/wp-json\/wp\/v2\/product_tag?post=5530"}],"curies":[{"name":"wp","href":"https:\/\/api.w.org\/{rel}","templated":true}]}}