{"id":5700,"date":"2025-01-15T11:55:27","date_gmt":"2025-01-15T10:55:27","guid":{"rendered":"https:\/\/fdasrl.it\/prodotto\/art-fda-000007tp-1-2-brass-push-button-nipple-drinker-humidifier\/"},"modified":"2025-01-15T11:55:27","modified_gmt":"2025-01-15T10:55:27","slug":"art-fda-000007tp-1-2-brass-push-button-nipple-drinker-humidifier","status":"publish","type":"product","link":"https:\/\/fdasrl.it\/en\/prodotto\/art-fda-000007tp-1-2-brass-push-button-nipple-drinker-humidifier\/","title":{"rendered":"Art. FDA-000007TP &#8211; 1\/2&#8243; Brass Push-Button Nipple Drinker Humidifier"},"content":{"rendered":"<h2 data-section-id=\"1ynp7ed\" data-start=\"160\" data-end=\"298\"><span role=\"text\"><strong data-start=\"163\" data-end=\"298\">Art. FDA-000007TP &#8211; 1\/2&#8243; Automatic Brass Push-Button Nipple Drinker Humidifier for Swine Feeders (Eat\/Drink)<\/strong><\/span><\/h2>\n<h3 data-section-id=\"jbtoyn\" data-start=\"300\" data-end=\"334\"><span role=\"text\"><strong data-start=\"304\" data-end=\"332\">Product description<\/strong><\/span><\/h3>\n<p data-start=\"335\" data-end=\"582\">The <strong data-start=\"374\" data-end=\"411\">FDA-000007TP brass push-button<\/strong> automatic nipple drinker is designed for use inside feeders (eat and drink systems), ensuring constant water delivery directly during feed intake.<\/p>\n<p data-start=\"584\" data-end=\"743\">The <strong data-start=\"597\" data-end=\"609\">push-button<\/strong> system allows precise and controlled activation by the animal, improving water management inside the feeder.<\/p>\n<p data-start=\"745\" data-end=\"914\">This solution improves feed intake, promotes animal hydration, and reduces waste, keeping the rearing area cleaner.<\/p>\n<p data-start=\"916\" data-end=\"1067\">Made with robust and wear-resistant materials, it is ideal for pig farms requiring reliability, durability, and ease of management.<\/p>\n<hr data-start=\"1069\" data-end=\"1072\">\n<h3 data-section-id=\"w1my6q\" data-start=\"1074\" data-end=\"1106\"><span role=\"text\"><strong data-start=\"1078\" data-end=\"1106\">Technical specifications<\/strong><\/span><\/h3>\n<ul data-start=\"1107\" data-end=\"1290\">\n<li data-section-id=\"zhm7l1\" data-start=\"1107\" data-end=\"1126\">Brass body<\/li>\n<li data-section-id=\"pi13n9\" data-start=\"1127\" data-end=\"1159\">Brass push-button system<\/li>\n<li data-section-id=\"fivce\" data-start=\"1160\" data-end=\"1182\">1\/2&#8243; water connection<\/li>\n<li data-section-id=\"kp7h5u\" data-start=\"1183\" data-end=\"1213\">Total length: 47.15 mm<\/li>\n<li data-section-id=\"jnopu1\" data-start=\"1214\" data-end=\"1236\">Pin \u00d8 17 x 10 mm<\/li>\n<li data-section-id=\"jjpnr2\" data-start=\"1237\" data-end=\"1254\">Hexagon 19 mm<\/li>\n<li data-section-id=\"jjpnr2\" data-start=\"1237\" data-end=\"1254\">Weight: 65.0 grams<\/li>\n<li data-section-id=\"1mv8i4q\" data-start=\"1255\" data-end=\"1290\">Compact and durable structure<\/li>\n<\/ul>\n<hr data-start=\"1292\" data-end=\"1295\">\n<h3 data-section-id=\"9sy6zo\" data-start=\"1297\" data-end=\"1338\"><span role=\"text\"><strong data-start=\"1301\" data-end=\"1338\">Installation heights and angle<\/strong><\/span><\/h3>\n<p data-start=\"1339\" data-end=\"1397\"><a href=\"https:\/\/fdasrl.it\/wp-content\/uploads\/2025\/01\/Installation-Fda-Nipple-drinkers-1-2-for-feeders_compressed.pdf\">\ud83d\udc49 (CLICK HERE) for the complete installation table<\/a><\/p>\n<p data-start=\"1399\" data-end=\"1445\">The indicated heights are general guidelines.<\/p>\n<p data-start=\"1447\" data-end=\"1595\">The <strong data-start=\"1462\" data-end=\"1478\">FDA-000007TP<\/strong> drinker is designed to be installed inside feeders, so the pig can activate it while eating.<\/p>\n<p data-start=\"1597\" data-end=\"1775\">For piglet rearing, we recommend using two installation heights or height adjusters to adapt the position to the animals&#8217; growth.<\/p>\n<p data-start=\"1777\" data-end=\"1830\">The angle can be adjusted between <strong data-start=\"1816\" data-end=\"1829\">30\u00b0 and 45\u00b0<\/strong>:<\/p>\n<p data-start=\"1832\" data-end=\"1856\"><strong data-start=\"1832\" data-end=\"1854\">Piglets (7\u201320 kg)<\/strong><\/p>\n<ul data-start=\"1857\" data-end=\"1982\">\n<li data-section-id=\"1c90bus\" data-start=\"1857\" data-end=\"1902\">Height: 8\u201312 cm above feeder bottom<\/li>\n<li data-section-id=\"1ka8lgn\" data-start=\"1903\" data-end=\"1924\">Angle: 30\u00b0\u201345\u00b0<\/li>\n<li data-section-id=\"8r4lzv\" data-start=\"1925\" data-end=\"1953\">Pressure: 0.5\u20131.5 bar<\/li>\n<li data-section-id=\"1mu4dmw\" data-start=\"1954\" data-end=\"1982\">Flow rate: 0.5\u20130.8 L\/min<\/li>\n<\/ul>\n<p data-start=\"1984\" data-end=\"2023\"><strong data-start=\"1984\" data-end=\"2021\">Weaners \/ Growers (20\u201340 kg)<\/strong><\/p>\n<ul data-start=\"2024\" data-end=\"2123\">\n<li data-section-id=\"1qrpe7s\" data-start=\"2024\" data-end=\"2047\">Height: 12\u201318 cm<\/li>\n<li data-section-id=\"kc6vya\" data-start=\"2048\" data-end=\"2069\">Angle: 35\u00b0\u201345\u00b0<\/li>\n<li data-section-id=\"1nv6ul5\" data-start=\"2070\" data-end=\"2094\">Pressure: 1\u20132 bar<\/li>\n<li data-section-id=\"1djnj7n\" data-start=\"2095\" data-end=\"2123\">Flow rate: 0.7\u20131.0 L\/min<\/li>\n<\/ul>\n<p data-start=\"2125\" data-end=\"2149\"><strong data-start=\"2125\" data-end=\"2147\">Finishers (40\u201380 kg)<\/strong><\/p>\n<ul data-start=\"2150\" data-end=\"2251\">\n<li data-section-id=\"dkchy4\" data-start=\"2150\" data-end=\"2173\">Height: 18\u201325 cm<\/li>\n<li data-section-id=\"11qh10g\" data-start=\"2174\" data-end=\"2195\">Angle: 40\u00b0\u201345\u00b0<\/li>\n<li data-section-id=\"ewpqio\" data-start=\"2196\" data-end=\"2222\">Pressure: 1\u20132.5 bar<\/li>\n<li data-section-id=\"1tgj8um\" data-start=\"2223\" data-end=\"2251\">Flow rate: 0.8\u20131.2 L\/min<\/li>\n<\/ul>\n<p data-start=\"2253\" data-end=\"2280\"><strong data-start=\"2253\" data-end=\"2278\">Fattening (80\u2013120+ kg)<\/strong><\/p>\n<ul data-start=\"2281\" data-end=\"2376\">\n<li data-section-id=\"1u4ywqb\" data-start=\"2281\" data-end=\"2304\">Height: 25\u201335 cm<\/li>\n<li data-section-id=\"o3souf\" data-start=\"2305\" data-end=\"2320\">Angle: 45\u00b0<\/li>\n<li data-section-id=\"10hiqf5\" data-start=\"2321\" data-end=\"2347\">Pressure: 1.5\u20133 bar<\/li>\n<li data-section-id=\"1667clc\" data-start=\"2348\" data-end=\"2376\">Flow rate: 1.0\u20131.5 L\/min<\/li>\n<\/ul>\n<p data-start=\"2378\" data-end=\"2533\">Correct installation allows the water flow to be directed straight into the feed, reducing waste and improving feed efficiency.<\/p>\n<hr data-start=\"2535\" data-end=\"2538\">\n<h3 data-section-id=\"1gk5xbx\" data-start=\"2540\" data-end=\"2580\"><span role=\"text\"><strong data-start=\"2544\" data-end=\"2580\">Recommended water pressure<\/strong><\/span><\/h3>\n<p data-start=\"2581\" data-end=\"2693\">All drinkers work at both low and high pressure, with a maximum value of <strong data-start=\"2674\" data-end=\"2692\">4 bar (55 psi)<\/strong>.<\/p>\n<p data-start=\"2695\" data-end=\"2792\">For piglet rearing, water pressure should not exceed <strong data-start=\"2773\" data-end=\"2791\">2 bar (28 psi)<\/strong>.<\/p>\n<p data-start=\"2794\" data-end=\"2839\">In general, lower pressures promote:<\/p>\n<ul data-start=\"2840\" data-end=\"2989\">\n<li data-section-id=\"11e5cqa\" data-start=\"2840\" data-end=\"2860\">water savings<\/li>\n<li data-section-id=\"d1z0hg\" data-start=\"2861\" data-end=\"2892\">reduced component wear<\/li>\n<li data-section-id=\"sa36z7\" data-start=\"2893\" data-end=\"2927\">more controlled water flow<\/li>\n<li data-section-id=\"1k8yo6e\" data-start=\"2928\" data-end=\"2961\">greater ease of use<\/li>\n<li data-section-id=\"1hn09s\" data-start=\"2962\" data-end=\"2989\">waste reduction<\/li>\n<\/ul>\n<p data-start=\"2991\" data-end=\"3089\">\ud83d\udc49 We recommend using a pressure reducer in the presence of high or variable values.<\/p>\n<hr data-start=\"3091\" data-end=\"3094\">\n<h3 data-section-id=\"1kh8do1\" data-start=\"3096\" data-end=\"3119\"><span role=\"text\"><strong data-start=\"3100\" data-end=\"3119\">Water flow rate<\/strong><\/span><\/h3>\n<p data-start=\"3120\" data-end=\"3166\"><a href=\"https:\/\/fdasrl.it\/wp-content\/uploads\/2026\/04\/grafico-fda-succhiotto-mangia-bevi-0000024TP.jpg\">\ud83d\udc49 (CLICK HERE) for the flow rate chart<\/a><\/p>\n<p data-start=\"3168\" data-end=\"3283\">The flow rate of the 1\/2&#8243; automatic nipple drinker varies based on the pressure in the water line.<\/p>\n<p data-start=\"3285\" data-end=\"3442\">For optimal operation, a flow rate between <strong data-start=\"3353\" data-end=\"3372\">0.7 and 1.5 L\/min<\/strong> is recommended, to achieve proper feed moistening without excess.<\/p>\n<p data-start=\"3444\" data-end=\"3565\">The push-button system allows controlled delivery, adapting to different system pressure conditions.<\/p>\n<p data-start=\"809\" data-end=\"865\">Three adjustment levels are highlighted in the graph:<\/p>\n<ul data-start=\"867\" data-end=\"1090\">\n<li data-section-id=\"80vfqb\" data-start=\"867\" data-end=\"946\">\n<p data-start=\"869\" data-end=\"946\"><strong data-start=\"869\" data-end=\"905\">Level 1 (2\u20139 bar) \u2013 green zone<\/strong><br data-start=\"905\" data-end=\"908\"\/>for high-pressure systems<\/p>\n<\/li>\n<li data-section-id=\"1gr8l3v\" data-start=\"948\" data-end=\"1015\">\n<p data-start=\"950\" data-end=\"1015\"><strong data-start=\"950\" data-end=\"984\">Level 2 (1\u20132 bar) \u2013 blue zone<\/strong><br data-start=\"984\" data-end=\"987\"\/>for intermediate pressures<\/p>\n<\/li>\n<li data-section-id=\"sd5jiu\" data-start=\"1017\" data-end=\"1090\">\n<p data-start=\"1019\" data-end=\"1090\"><strong data-start=\"1019\" data-end=\"1056\">Level 3 (0\u20131 bar) \u2013 gray zone<\/strong><br data-start=\"1056\" data-end=\"1059\"\/>for low-pressure lines<\/p>\n<\/li>\n<\/ul>\n<p data-start=\"1092\" data-end=\"1263\">The graph allows you to quickly identify the correct level to set on the cap to obtain a stable flow rate based on the available pressure.<\/p>\n<p data-start=\"1265\" data-end=\"1433\">With correct adjustment, the flow rate remains around <strong data-start=\"1328\" data-end=\"1341\">1.0 L\/min<\/strong>, ensuring a constant, reliable flow suitable for different farming conditions.<\/p>\n<p data-start=\"3173\" data-end=\"3300\">The use of pressure reducers allows for centralized flow management, particularly useful during hot periods.<\/p>\n<hr data-start=\"3567\" data-end=\"3570\">\n<h3 data-section-id=\"1uqk9zm\" data-start=\"3572\" data-end=\"3605\"><span role=\"text\"><strong data-start=\"3576\" data-end=\"3605\">Water contamination<\/strong><\/span><\/h3>\n<p data-start=\"3606\" data-end=\"3730\">Contamination of water or pipes is one of the main causes of drinker malfunction.<\/p>\n<p data-start=\"3732\" data-end=\"3854\">The presence of impurities or sediment can compromise the correct operation of the system and reduce its lifespan.<\/p>\n<p data-start=\"3856\" data-end=\"3990\">\ud83d\udc49 We recommend installing a filter on the water system to prevent these issues and ensure consistent performance.<\/p>\n","protected":false},"excerpt":{"rendered":"<p>1\/2&#8243; automatic nipple drinker for swine, with brass push-button system, ideal for &#8220;eat and drink&#8221; feeders. Ensures controlled water delivery, improving feed intake and reducing waste. <\/p>\n<p><a href=\"https:\/\/fdasrl.it\/wp-content\/uploads\/2025\/01\/Installation-Fda-Nipple-drinkers-1-2-for-feeders_compressed.pdf\">\ud83d\udc49 (CLICK HERE) for the complete installation chart<\/a><\/p>\n<p><a href=\"https:\/\/fdasrl.it\/wp-content\/uploads\/2026\/04\/grafico-fda-succhiotto-mangia-bevi-0000024TP.jpg\">\ud83d\udc49 (CLICK HERE) for the flow rate chart<\/a><\/p>\n","protected":false},"featured_media":1321,"comment_status":"open","ping_status":"closed","template":"","meta":{"_et_pb_use_builder":"","_et_pb_old_content":"","_et_gb_content_width":""},"product_brand":[],"product_cat":[1194,757,1195,633],"product_tag":[1308],"class_list":{"0":"post-5700","1":"product","2":"type-product","3":"status-publish","4":"has-post-thumbnail","6":"product_cat-brass-stainless-steel","7":"product_cat-drinking-troughs-3","8":"product_cat-nipple-drinkers","9":"product_cat-swine","10":"product_tag-fda-000007tp","12":"first","13":"instock","14":"shipping-taxable","15":"product-type-simple"},"yoast_head":"<!-- This site is optimized with the Yoast SEO Premium plugin v27.5 (Yoast SEO v27.5) - https:\/\/yoast.com\/product\/yoast-seo-premium-wordpress\/ -->\n<title>1\/2&quot; brass push-button swine drinker for livestock farms - FDA srl<\/title>\n<meta name=\"description\" content=\"Discover the 1\/2&quot; brass push-button swine drinker, designed for constant water delivery during feeding. Improve efficiency today!\" \/>\n<meta name=\"robots\" content=\"index, follow, max-snippet:-1, max-image-preview:large, max-video-preview:-1\" \/>\n<link rel=\"canonical\" href=\"https:\/\/fdasrl.it\/en\/prodotto\/art-fda-000007tp-1-2-brass-push-button-nipple-drinker-humidifier\/\" \/>\n<meta property=\"og:locale\" content=\"en_US\" \/>\n<meta property=\"og:type\" content=\"article\" \/>\n<meta property=\"og:title\" content=\"Art. FDA-000007TP - 1\/2&quot; Brass Push-Button Nipple Drinker Humidifier\" \/>\n<meta property=\"og:description\" content=\"Discover the 1\/2&quot; brass push-button swine drinker, designed for constant water delivery during feeding. Improve efficiency today!\" \/>\n<meta property=\"og:url\" content=\"https:\/\/fdasrl.it\/en\/prodotto\/art-fda-000007tp-1-2-brass-push-button-nipple-drinker-humidifier\/\" \/>\n<meta property=\"og:site_name\" content=\"FDA srl\" \/>\n<meta property=\"article:publisher\" content=\"https:\/\/www.facebook.com\/share\/1MWhFWg1Tp\/?mibextid=LQQJ4d\" \/>\n<meta property=\"og:image\" content=\"https:\/\/fdasrl.it\/wp-content\/uploads\/2025\/01\/abbeveratoio-succhiotto-suini-1-2-maschio-ottone-mangia-bevi-umidificatore-fda-00007TP-1.png\" \/>\n\t<meta property=\"og:image:width\" content=\"621\" \/>\n\t<meta property=\"og:image:height\" content=\"577\" \/>\n\t<meta property=\"og:image:type\" content=\"image\/png\" \/>\n<meta name=\"twitter:card\" content=\"summary_large_image\" \/>\n<meta name=\"twitter:label1\" content=\"Price\" \/>\n\t<meta name=\"twitter:data1\" content=\"\" \/>\n\t<meta name=\"twitter:label2\" content=\"Availability\" \/>\n\t<meta name=\"twitter:data2\" content=\"In stock\" \/>\n<meta property=\"product:price:currency\" content=\"EUR\" \/>\n<meta property=\"og:availability\" content=\"instock\" \/>\n<meta property=\"product:availability\" content=\"instock\" \/>\n<meta property=\"product:retailer_item_id\" content=\"FDA-000007TP\" \/>\n<meta property=\"product:condition\" content=\"new\" \/>\n<!-- \/ Yoast SEO Premium plugin. -->","yoast_head_json":{"title":"1\/2\" brass push-button swine drinker for livestock farms - FDA srl","description":"Discover the 1\/2\" brass push-button swine drinker, designed for constant water delivery during feeding. Improve efficiency today!","robots":{"index":"index","follow":"follow","max-snippet":"max-snippet:-1","max-image-preview":"max-image-preview:large","max-video-preview":"max-video-preview:-1"},"canonical":"https:\/\/fdasrl.it\/en\/prodotto\/art-fda-000007tp-1-2-brass-push-button-nipple-drinker-humidifier\/","og_locale":"en_US","og_type":"article","og_title":"Art. FDA-000007TP - 1\/2\" Brass Push-Button Nipple Drinker Humidifier","og_description":"Discover the 1\/2\" brass push-button swine drinker, designed for constant water delivery during feeding. Improve efficiency today!","og_url":"https:\/\/fdasrl.it\/en\/prodotto\/art-fda-000007tp-1-2-brass-push-button-nipple-drinker-humidifier\/","og_site_name":"FDA srl","article_publisher":"https:\/\/www.facebook.com\/share\/1MWhFWg1Tp\/?mibextid=LQQJ4d","og_image":[{"width":621,"height":577,"url":"https:\/\/fdasrl.it\/wp-content\/uploads\/2025\/01\/abbeveratoio-succhiotto-suini-1-2-maschio-ottone-mangia-bevi-umidificatore-fda-00007TP-1.png","type":"image\/png"}],"twitter_card":"summary_large_image","twitter_misc":{"Price":"","Availability":"In stock"},"schema":{"@context":"https:\/\/schema.org","@graph":[{"@type":"WebPage","@id":"https:\/\/fdasrl.it\/en\/prodotto\/art-fda-000007tp-1-2-brass-push-button-nipple-drinker-humidifier\/","url":"https:\/\/fdasrl.it\/en\/prodotto\/art-fda-000007tp-1-2-brass-push-button-nipple-drinker-humidifier\/","name":"1\/2\" brass push-button swine drinker for livestock farms - FDA srl","isPartOf":{"@id":"https:\/\/fdasrl.it\/en\/#website"},"primaryImageOfPage":{"@id":"https:\/\/fdasrl.it\/en\/prodotto\/art-fda-000007tp-1-2-brass-push-button-nipple-drinker-humidifier\/#primaryimage"},"image":{"@id":"https:\/\/fdasrl.it\/en\/prodotto\/art-fda-000007tp-1-2-brass-push-button-nipple-drinker-humidifier\/#primaryimage"},"thumbnailUrl":"https:\/\/fdasrl.it\/wp-content\/uploads\/2025\/01\/abbeveratoio-succhiotto-suini-1-2-maschio-ottone-mangia-bevi-umidificatore-fda-00007TP-1.png","datePublished":"2025-01-15T10:55:27+00:00","description":"Discover the 1\/2\" brass push-button swine drinker, designed for constant water delivery during feeding. Improve efficiency today!","breadcrumb":{"@id":"https:\/\/fdasrl.it\/en\/prodotto\/art-fda-000007tp-1-2-brass-push-button-nipple-drinker-humidifier\/#breadcrumb"},"inLanguage":"en-US","potentialAction":[{"@type":"ReadAction","target":["https:\/\/fdasrl.it\/en\/prodotto\/art-fda-000007tp-1-2-brass-push-button-nipple-drinker-humidifier\/"]}]},{"@type":"ImageObject","inLanguage":"en-US","@id":"https:\/\/fdasrl.it\/en\/prodotto\/art-fda-000007tp-1-2-brass-push-button-nipple-drinker-humidifier\/#primaryimage","url":"https:\/\/fdasrl.it\/wp-content\/uploads\/2025\/01\/abbeveratoio-succhiotto-suini-1-2-maschio-ottone-mangia-bevi-umidificatore-fda-00007TP-1.png","contentUrl":"https:\/\/fdasrl.it\/wp-content\/uploads\/2025\/01\/abbeveratoio-succhiotto-suini-1-2-maschio-ottone-mangia-bevi-umidificatore-fda-00007TP-1.png","width":621,"height":577,"caption":"Push-button nipple drinker for swine 1\/2\" male brass eat drink humidifier fda 00007TP"},{"@type":"BreadcrumbList","@id":"https:\/\/fdasrl.it\/en\/prodotto\/art-fda-000007tp-1-2-brass-push-button-nipple-drinker-humidifier\/#breadcrumb","itemListElement":[{"@type":"ListItem","position":1,"name":"Home","item":"https:\/\/fdasrl.it\/en\/home\/"},{"@type":"ListItem","position":2,"name":"Shop","item":"https:\/\/fdasrl.it\/en\/shop\/"},{"@type":"ListItem","position":3,"name":"Art. FDA-000007TP &#8211; 1\/2&#8243; Brass Push-Button Nipple Drinker Humidifier"}]},{"@type":"WebSite","@id":"https:\/\/fdasrl.it\/en\/#website","url":"https:\/\/fdasrl.it\/en\/","name":"FDA srl","description":"Equipment for animal husbandry","publisher":{"@id":"https:\/\/fdasrl.it\/en\/#organization"},"potentialAction":[{"@type":"SearchAction","target":{"@type":"EntryPoint","urlTemplate":"https:\/\/fdasrl.it\/en\/?s={search_term_string}"},"query-input":{"@type":"PropertyValueSpecification","valueRequired":true,"valueName":"search_term_string"}}],"inLanguage":"en-US"},{"@type":"Organization","@id":"https:\/\/fdasrl.it\/en\/#organization","name":"FDA srl","url":"https:\/\/fdasrl.it\/en\/","logo":{"@type":"ImageObject","inLanguage":"en-US","@id":"https:\/\/fdasrl.it\/en\/#\/schema\/logo\/image\/","url":"https:\/\/fdasrl.it\/wp-content\/uploads\/2024\/12\/Logo-FDA.png","contentUrl":"https:\/\/fdasrl.it\/wp-content\/uploads\/2024\/12\/Logo-FDA.png","width":316,"height":119,"caption":"FDA srl"},"image":{"@id":"https:\/\/fdasrl.it\/en\/#\/schema\/logo\/image\/"},"sameAs":["https:\/\/www.facebook.com\/share\/1MWhFWg1Tp\/?mibextid=LQQJ4d","https:\/\/www.instagram.com\/fda_srl\/profilecard\/?igsh=YW5lbzJ6MWg0d21u","https:\/\/www.youtube.com\/@FDASRL_ANIMALCARE"],"description":"FDA SRL \u2013 Equipment for animal husbandry nasce con l\u2019obiettivo di offrire soluzioni affidabili e innovative per l\u2019allevamento moderno. Con anni di esperienza nel settore zootecnico, progettiamo e realizziamo attrezzature destinate al benessere animale e alla gestione efficiente delle stalle: vasche, abbeveratoi, mangiatoie e sistemi di riscaldamento pensati per durare nel tempo e semplificare il lavoro quotidiano degli allevatori. Dalla progettazione alla produzione, ogni nostro prodotto \u00e8 studiato nei minimi dettagli, testato con cura e costruito per rispondere alle esigenze reali del settore. La nostra forza \u00e8 unire artigianalit\u00e0, tecnologia e competenza tecnica per trasformare ogni progetto in una soluzione concreta e funzionale. Oggi FDA SRL \u00e8 un punto di riferimento per privati e rivenditori che cercano qualit\u00e0, affidabilit\u00e0 e innovazione nelle attrezzature per l\u2019allevamento.","email":"info@fdasrl.it","telephone":"+390522826820","legalName":"F.D.A. SRL","foundingDate":"2024-10-13","vatID":"03075840359","taxID":"03075840359","numberOfEmployees":{"@type":"QuantitativeValue","minValue":"1","maxValue":"10"}}]},"product_price_currency":"EUR","og_availability":"instock","product_availability":"instock","product_retailer_item_id":"FDA-000007TP","product_condition":"new"},"_links":{"self":[{"href":"https:\/\/fdasrl.it\/en\/wp-json\/wp\/v2\/product\/5700","targetHints":{"allow":["GET"]}}],"collection":[{"href":"https:\/\/fdasrl.it\/en\/wp-json\/wp\/v2\/product"}],"about":[{"href":"https:\/\/fdasrl.it\/en\/wp-json\/wp\/v2\/types\/product"}],"replies":[{"embeddable":true,"href":"https:\/\/fdasrl.it\/en\/wp-json\/wp\/v2\/comments?post=5700"}],"wp:featuredmedia":[{"embeddable":true,"href":"https:\/\/fdasrl.it\/en\/wp-json\/wp\/v2\/media\/1321"}],"wp:attachment":[{"href":"https:\/\/fdasrl.it\/en\/wp-json\/wp\/v2\/media?parent=5700"}],"wp:term":[{"taxonomy":"product_brand","embeddable":true,"href":"https:\/\/fdasrl.it\/en\/wp-json\/wp\/v2\/product_brand?post=5700"},{"taxonomy":"product_cat","embeddable":true,"href":"https:\/\/fdasrl.it\/en\/wp-json\/wp\/v2\/product_cat?post=5700"},{"taxonomy":"product_tag","embeddable":true,"href":"https:\/\/fdasrl.it\/en\/wp-json\/wp\/v2\/product_tag?post=5700"}],"curies":[{"name":"wp","href":"https:\/\/api.w.org\/{rel}","templated":true}]}}