{"id":1504,"date":"2024-12-10T16:40:04","date_gmt":"2024-12-10T15:40:04","guid":{"rendered":"https:\/\/fdasrl.it\/politica-de-privacidad\/"},"modified":"2026-05-06T10:49:02","modified_gmt":"2026-05-06T08:49:02","slug":"politica-de-privacidad","status":"publish","type":"page","link":"https:\/\/fdasrl.it\/es\/politica-de-privacidad\/","title":{"rendered":"Pol\u00edtica de Privacidad"},"content":{"rendered":"\n<h2 class=\"wp-block-heading\"><strong>Documento Informativo de conformidad con el Art\u00edculo 13 del Decreto Legislativo<\/strong><strong> <\/strong><strong>30 de junio de 2003 n.\u00ba 196, \u00abC\u00f3digo en materia de protecci\u00f3n de datos personales\u00bb<\/strong><\/h2>\n\n<p><strong>De conformidad con el Art. 13 del Decreto Legislativo 30 de junio de 2003 n.\u00ba 196, informamos que FDA Shop garantiza que el tratamiento de tus datos personales se realiza respetando los derechos y libertades fundamentales, as\u00ed como la dignidad del interesado, con especial referencia a la confidencialidad, la identidad personal y el derecho a la protecci\u00f3n de datos personales.<\/strong><\/p>\n\n<h3 class=\"wp-block-heading\"><strong>Finalidad del tratamiento de datos personales<\/strong><\/h3>\n\n<p>Todos los datos proporcionados ser\u00e1n tratados exclusivamente para cumplimientos relacionados e instrumentales a la gesti\u00f3n de la actividad econ\u00f3mica de la empresa y, en particular:<\/p>\n\n<ul class=\"wp-block-list\">\n<li>inclusi\u00f3n en las bases de datos inform\u00e1ticas de la empresa;<\/li>\n\n\n\n<li>emisi\u00f3n de albaranes, facturas, notas de cr\u00e9dito;<\/li>\n\n\n\n<li>correcta gesti\u00f3n de la contabilidad y registros de IVA; <\/li>\n\n\n\n<li>gesti\u00f3n de cobros y pagos;<\/li>\n\n\n\n<li>para cumplir con las obligaciones previstas por las normas legales civiles y fiscales, los reglamentos y la normativa comunitaria.<\/li>\n<\/ul>\n\n<p><strong>\u00c1mbito de comunicaci\u00f3n y difusi\u00f3n de datos<\/strong><\/p>\n\n<p>Tus datos personales no ser\u00e1n difundidos. Ser\u00e1n conservados y tratados dentro de FDA srl por nuestros colaboradores y empleados. Para permitir el cumplimiento de las obligaciones administrativas y fiscales, podr\u00e1n ser comunicados a:   <\/p>\n\n<ul class=\"wp-block-list\">\n<li>oficinas postales, empresas de transporte de mercanc\u00edas;<\/li>\n\n\n\n<li>despachos profesionales de consultor\u00eda administrativa, fiscal o legal;<\/li>\n\n\n\n<li>entidades bancarias para cobros y pagos;<\/li>\n\n\n\n<li>organismos p\u00fablicos, c\u00e1maras de comercio, etc.<\/li>\n<\/ul>\n\n<p><strong>Modalidad del tratamiento<\/strong><\/p>\n\n<p>El tratamiento de datos personales ser\u00e1 realizado por FDA srl mediante sistemas inform\u00e1ticos o soportes en papel, por personal espec\u00edficamente encargado, para garantizar la m\u00e1xima seguridad y confidencialidad, en cumplimiento de lo dispuesto por el Decreto Legislativo n.\u00ba 196\/2003. <\/p>\n\n<p><strong>Naturaleza de la entrega de datos<\/strong><\/p>\n\n<p><strong>La entrega de tus datos personales debe considerarse facultativa; sin embargo, la falta de los mismos implica la imposibilidad para FDA srl de proporcionar los servicios solicitados, al no disponer de los datos necesarios para cumplir con las obligaciones contables y fiscales.<\/strong><\/p>\n\n<p><strong>Derecho de acceso a los datos personales y otros derechos (Art. 7 \u2013 Decreto Legislativo n.\u00ba 196\/2003)<\/strong><\/p>\n\n<p>1. El interesado tiene derecho a obtener la confirmaci\u00f3n de la existencia o no de datos personales que le conciernen, aunque no est\u00e9n todav\u00eda registrados, y su comunicaci\u00f3n de forma inteligible.<\/p>\n\n<p>2. El interesado tiene derecho a obtener la indicaci\u00f3n:<\/p>\n\n<ul class=\"wp-block-list\">\n<li>a) del origen de los datos personales;<\/li>\n\n\n\n<li>b) de las finalidades y modalidades del tratamiento;<\/li>\n\n\n\n<li>c) de la l\u00f3gica aplicada en caso de tratamiento efectuado con ayuda de instrumentos electr\u00f3nicos;<\/li>\n\n\n\n<li>d) de los datos identificativos del titular, de los responsables y del representante designado seg\u00fan el art\u00edculo 5, apartado 2 del Decreto Legislativo n.\u00ba 196\/2003; <\/li>\n\n\n\n<li>e) de los sujetos o categor\u00edas de sujetos a los que los datos personales pueden ser comunicados o que pueden conocerlos en calidad de representante designado en el territorio del Estado, de responsables o encargados.<\/li>\n<\/ul>\n\n<p>3. El interesado tiene derecho a obtener:<\/p>\n\n<ul class=\"wp-block-list\">\n<li>a) la actualizaci\u00f3n, rectificaci\u00f3n o, cuando exista inter\u00e9s, la integraci\u00f3n de los datos;<\/li>\n\n\n\n<li>b) la cancelaci\u00f3n, transformaci\u00f3n en forma an\u00f3nima o el bloqueo de los datos tratados en violaci\u00f3n de la ley, incluidos aquellos cuya conservaci\u00f3n no sea necesaria en relaci\u00f3n con los fines para los que los datos fueron recogidos o posteriormente tratados;<\/li>\n\n\n\n<li>c) la certificaci\u00f3n de que las operaciones mencionadas en las letras a) y b) han sido puestas en conocimiento, tambi\u00e9n en lo que respecta a su contenido, de aquellos a quienes los datos fueron comunicados o difundidos, excepto en el caso de que tal cumplimiento resulte imposible o comporte un empleo de medios manifiestamente desproporcionado respecto al derecho tutelado.  <\/li>\n<\/ul>\n\n<p>  4. El interesado tiene derecho a oponerse, total o parcialmente:<\/p>\n\n<ul class=\"wp-block-list\">\n<li>a) por motivos leg\u00edtimos al tratamiento de datos personales que le conciernen, aunque sean pertinentes al prop\u00f3sito de la recogida;<\/li>\n\n\n\n<li>b) al tratamiento de datos personales que le conciernen con fines de env\u00edo de material publicitario o de venta directa o para la realizaci\u00f3n de estudios de mercado o de comunicaci\u00f3n comercial.<\/li>\n<\/ul>\n\n<p>El titular de los datos personales es FDA srl con domicilio social en Via Sandro Pertini n.\u00ba 3 Gualtieri (RE)<\/p>\n\n<h3 class=\"wp-block-heading\"><strong>Derechos del usuario<\/strong><strong> <\/strong><\/h3>\n\n<p>De conformidad con el Reglamento europeo 679\/2016 (RGPD) y la normativa nacional, el usuario puede, seg\u00fan las modalidades y dentro de los l\u00edmites previstos por la normativa vigente, ejercer los siguientes derechos: <\/p>\n\n<p>&#8211; solicitar la confirmaci\u00f3n de la existencia de datos personales que le conciernen (derecho de acceso);<br\/>&#8211; conocer su origen;<br\/>&#8211; recibir comunicaci\u00f3n inteligible de los mismos;<br\/>&#8211; obtener informaci\u00f3n sobre la l\u00f3gica, modalidades y finalidades del tratamiento;<br\/>&#8211; solicitar su actualizaci\u00f3n, rectificaci\u00f3n, integraci\u00f3n, cancelaci\u00f3n, transformaci\u00f3n en forma an\u00f3nima, bloqueo de los datos tratados en violaci\u00f3n de la ley, incluidos aquellos que ya no sean necesarios para el cumplimiento de los fines para los que fueron recogidos;<br\/>&#8211; en los casos de tratamiento basado en consentimiento, recibir, solo al coste del eventual soporte, sus datos proporcionados al titular, en forma estructurada y legible por un procesador de datos y en un formato com\u00fanmente usado por un dispositivo electr\u00f3nico;<br\/>&#8211; el derecho a presentar una reclamaci\u00f3n ante la Autoridad de control (Garante de Privacidad \u2013 <a href=\"https:\/\/www.garanteprivacy.it\/web\/guest\/home\/docweb\/-\/docweb-display\/docweb\/4535524\">enlace a la p\u00e1gina del Garante<\/a>);<br\/>&#8211; as\u00ed como, de manera m\u00e1s general, ejercer todos los derechos que le son reconocidos por las disposiciones legales vigentes.<\/p>\n\n<p>Documento Informativo elaborado de conformidad con el Reglamento (UE) 2016\/679 en materia de protecci\u00f3n de datos personales<\/p>\n\n<p>Se trata de una informaci\u00f3n que se proporciona tambi\u00e9n de conformidad con el art. 13 del Reglamento (UE) 2016\/679 a quienes se conectan al sitio de FDA srl en la direcci\u00f3n https:\/\/fdasrl.it. <\/p>\n\n<p>La informaci\u00f3n se proporciona \u00fanicamente para el sitio mencionado anteriormente y no para otros sitios web que el usuario pueda consultar a trav\u00e9s de enlaces espec\u00edficos.<\/p>\n\n<p>Titular del tratamiento<\/p>\n\n<p>De conformidad con el art. 13 del Reglamento (UE) 2016\/679, te informamos de que el \u00abResponsable\u00bb del tratamiento es FDA srl, con domicilio social en Via Sandro Pertini, 3 42044 Gualtieri (RE) Italia, info@fdasrl.it <\/p>\n\n<p>FDA srl garantiza que el tratamiento de tus datos personales se realiza respetando los derechos y libertades fundamentales, as\u00ed como la dignidad del interesado, con especial referencia a la confidencialidad, la identidad personal y el derecho a la protecci\u00f3n de datos personales.<\/p>\n\n<p>Finalidad del tratamiento de datos personales<\/p>\n\n<p>Todos los datos proporcionados ser\u00e1n tratados exclusivamente para cumplimientos relacionados e instrumentales a la gesti\u00f3n de la actividad econ\u00f3mica de la empresa y, en particular:<\/p>\n\n<ul class=\"wp-block-list\">\n<li>  inclusi\u00f3n en las bases de datos inform\u00e1ticas de la empresa;<\/li>\n\n\n\n<li>  responder a solicitudes expresadas por usuarios\/visitantes\/compradores;<\/li>\n\n\n\n<li>  gesti\u00f3n de ofertas\/pedidos;<\/li>\n\n\n\n<li>  emisi\u00f3n de albaranes, facturas, notas de cr\u00e9dito;<\/li>\n\n\n\n<li>  gesti\u00f3n de cobros y pagos;<\/li>\n\n\n\n<li>  para cumplir con las obligaciones previstas por las normas legales civiles y fiscales, los reglamentos y la normativa comunitaria.<\/li>\n<\/ul>\n\n<p>Base jur\u00eddica del tratamiento<\/p>\n\n<p>El tratamiento efectuado es l\u00edcito sobre la base de:<\/p>\n\n<ul class=\"wp-block-list\">\n<li>  Consentimiento prestado por el interesado (art. 6, apartado 1, letra a));<\/li>\n<\/ul>\n\n<p>o bien (seg\u00fan sea aplicable):<\/p>\n\n<ul class=\"wp-block-list\">\n<li>  Tratamiento necesario para la ejecuci\u00f3n de un contrato del que el interesado forma parte o para la ejecuci\u00f3n de medidas precontractuales (ofertas) adoptadas a petici\u00f3n del interesado (art. 6, apartado 1, letra b));<\/li>\n\n\n\n<li>  Tratamiento necesario para la consecuci\u00f3n del inter\u00e9s leg\u00edtimo del titular del tratamiento (art. 6, apartado 1, letra f)), como la posibilidad de responder a las solicitudes transmitidas por usuarios\/visitantes\/compradores.<\/li>\n<\/ul>\n\n<p>\u00c1mbito de comunicaci\u00f3n y difusi\u00f3n de datos<\/p>\n\n<p>Salvo lo especificado a continuaci\u00f3n en relaci\u00f3n con el uso de cookies, se especifica que tus datos personales no ser\u00e1n difundidos. Ser\u00e1n conservados y tratados dentro de FDA srl por nuestros colaboradores y empleados. <\/p>\n\n<p>Para permitir el cumplimiento de las obligaciones administrativas y fiscales, y para el desarrollo de actividades econ\u00f3micas y de gesti\u00f3n, podr\u00e1n ser comunicados a empresas, consultores externos, organismos p\u00fablicos:<\/p>\n\n<ul class=\"wp-block-list\">\n<li>  oficinas postales, empresas de transporte de mercanc\u00edas;<\/li>\n\n\n\n<li>  despachos profesionales de consultor\u00eda administrativa, fiscal o legal;<\/li>\n\n\n\n<li>  empresas de gesti\u00f3n de sistemas inform\u00e1ticos, incluido el servicio de hosting del dominio del sitio y del correo electr\u00f3nico;<\/li>\n\n\n\n<li>  entidades bancarias para cobros y pagos;<\/li>\n\n\n\n<li>  organismos p\u00fablicos, c\u00e1maras de comercio, etc.<\/li>\n<\/ul>\n\n<p>Modalidad del tratamiento<\/p>\n\n<p>El tratamiento de datos personales ser\u00e1 realizado por FDA srl mediante sistemas inform\u00e1ticos o soportes en papel, por personal espec\u00edficamente encargado y formado, para garantizar la m\u00e1xima seguridad y confidencialidad, en cumplimiento de lo dispuesto por el Reglamento (UE) 2016\/679.<\/p>\n\n<p>Los datos se conservar\u00e1n hasta que resulten actualizados y, en cualquier caso, durante un m\u00e1ximo de 10 a\u00f1os.<\/p>\n\n<p>Naturaleza de la entrega de datos<\/p>\n\n<p>La entrega de tus datos personales debe considerarse facultativa. Sin embargo, la falta de entrega de los datos puede implicar la imposibilidad de obtener lo solicitado por el usuario\/visitante\/comprador o impedir el desarrollo, por parte de FDA srl, de las actividades mencionadas anteriormente. <\/p>\n\n<p>La recogida de algunos datos personales tambi\u00e9n tiene naturaleza obligatoria al tener que cumplirse con las obligaciones legales y fiscales, y la negativa a proporcionar dichos datos implicar\u00e1 la imposibilidad de establecer relaciones con nuestra empresa.<\/p>\n\n<p>Derechos del interesado (Art. 13 del Reglamento (UE) 2016\/679)<\/p>\n\n<p>1) El interesado tiene derecho a solicitar al titular del tratamiento el acceso a los datos personales y su rectificaci\u00f3n o cancelaci\u00f3n, o la limitaci\u00f3n del tratamiento que le concierne, o a oponerse a su tratamiento, adem\u00e1s del derecho a la portabilidad de los datos;<\/p>\n\n<p>2) En caso de haber expresado el consentimiento al tratamiento de sus datos personales para una o m\u00e1s finalidades espec\u00edficas, el interesado tiene derecho a revocar el consentimiento en cualquier momento, sin perjuicio de la licitud del tratamiento basado en el consentimiento prestado antes de la revocaci\u00f3n;<\/p>\n\n<p>3) El interesado tiene derecho a presentar una reclamaci\u00f3n ante una Autoridad de control (el Garante para la protecci\u00f3n de datos personales, Garante de Privacidad, es la autoridad de control nacional italiana en materia de protecci\u00f3n de datos personales, una autoridad administrativa independiente instituida por la ley de privacidad (ley 31 de diciembre de 1996, n.\u00ba 675) en aplicaci\u00f3n de la directiva comunitaria 95\/46\/CE).<\/p>\n\n<p><strong>Cookies<\/strong><\/p>\n\n<p>Qu\u00e9 son las cookies<\/p>\n\n<p>Tambi\u00e9n llamadas galletas, son peque\u00f1os archivos de texto que se insertan en los dispositivos de los usuarios que visitan nuestro sitio. Por lo tanto, cuando un usuario accede al sitio https:\/\/fdasrl.it, en el directorio del navegador web del usuario se guardan las cookies. <\/p>\n\n<p>\u00bfPara qu\u00e9 sirven?<\/p>\n\n<p>Principalmente para proporcionar un mejor servicio al usuario y hacer que tenga una experiencia de navegaci\u00f3n positiva. A modo de ejemplo, las cookies sirven para: <\/p>\n\n<ul class=\"wp-block-list\">\n<li>  memorizar el nombre de usuario y sus preferencias;<\/li>\n\n\n\n<li>  hacer que los formularios de registro aparezcan ya precompletados;<\/li>\n\n\n\n<li>  permitir medir los servicios utilizados por los usuarios;<\/li>\n\n\n\n<li>  permitir mostrar mensajes promocionales acordes con los intereses del usuario.<\/li>\n<\/ul>\n\n<p>Qu\u00e9 tipo de cookies utiliza FDA srl:<\/p>\n\n<ul class=\"wp-block-list\">\n<li>  cookies t\u00e9cnicas, necesarias para el correcto funcionamiento de algunas funcionalidades del sitio, como por ejemplo para la memorizaci\u00f3n del carrito o para recoger datos de manera agregada con finalidades estad\u00edsticas;<\/li>\n\n\n\n<li>  cookies de perfilado de terceros: utilizadas para proporcionar mensajes promocionales acordes con las preferencias del usuario registradas seg\u00fan los recorridos de navegaci\u00f3n y los productos visitados. En nuestro caso utilizamos las cookies de remarketing de Google y Facebook. <\/li>\n<\/ul>\n\n<p>Desactivaci\u00f3n de cookies<\/p>\n\n<p>Las cookies est\u00e1n vinculadas al navegador utilizado y PUEDEN SER DESACTIVADAS DIRECTAMENTE DESDE EL NAVEGADOR, rechazando\/revocando as\u00ed el consentimiento al uso de cookies. Hay que tener presente que la desactivaci\u00f3n de las cookies podr\u00eda impedir el uso correcto de algunas funciones del propio sitio. <\/p>\n\n<p>Las instrucciones para la desactivaci\u00f3n de las cookies se encuentran en las siguientes p\u00e1ginas web:<\/p>\n\n<p>Mozilla Firefox &#8211; Windows Internet Explorer &#8211; Google Chrome &#8211; Opera &#8211; Apple Safari<\/p>\n\n<p>Las solicitudes deben dirigirse al Titular del tratamiento. <\/p>\n\n<p>En el caso de que los datos sean tratados en base a intereses leg\u00edtimos, se garantizan igualmente los derechos de los interesados en el tratamiento (excepto el derecho a la portabilidad que no est\u00e1 previsto por las normas), en particular el derecho de oposici\u00f3n al tratamiento que puede ejercerse enviando una solicitud al titular del tratamiento.<\/p>\n","protected":false},"excerpt":{"rendered":"<p>Documento Informativo de conformidad con el Art\u00edculo 13 del Decreto Legislativo 30 de junio de 2003 n.\u00ba 196, \u00abC\u00f3digo en materia de protecci\u00f3n de datos personales\u00bb De conformidad con el Art. 13 del Decreto Legislativo 30 de junio de 2003 n.\u00ba 196, informamos que FDA Shop garantiza que el tratamiento de tus datos personales se [&hellip;]<\/p>\n","protected":false},"author":1,"featured_media":0,"parent":0,"menu_order":0,"comment_status":"closed","ping_status":"open","template":"","meta":{"_et_pb_use_builder":"","_et_pb_old_content":"","_et_gb_content_width":"","footnotes":""},"class_list":["post-1504","page","type-page","status-publish","hentry"],"yoast_head":"<!-- This site is optimized with the Yoast SEO Premium plugin v27.5 (Yoast SEO v27.6) - https:\/\/yoast.com\/product\/yoast-seo-premium-wordpress\/ -->\n<title>Pol\u00edtica de Privacidad - FDA srl<\/title>\n<meta name=\"robots\" content=\"index, follow, max-snippet:-1, max-image-preview:large, max-video-preview:-1\" \/>\n<link rel=\"canonical\" href=\"https:\/\/fdasrl.it\/es\/politica-de-privacidad\/\" \/>\n<meta property=\"og:locale\" content=\"es_ES\" \/>\n<meta property=\"og:type\" content=\"article\" \/>\n<meta property=\"og:title\" content=\"Pol\u00edtica de Privacidad\" \/>\n<meta property=\"og:description\" content=\"Documento Informativo de conformidad con el Art\u00edculo 13 del Decreto Legislativo 30 de junio de 2003 n.\u00ba 196, \u00abC\u00f3digo en materia de protecci\u00f3n de datos personales\u00bb De conformidad con el Art. 13 del Decreto Legislativo 30 de junio de 2003 n.\u00ba 196, informamos que FDA Shop garantiza que el tratamiento de tus datos personales se [&hellip;]\" \/>\n<meta property=\"og:url\" content=\"https:\/\/fdasrl.it\/es\/politica-de-privacidad\/\" \/>\n<meta property=\"og:site_name\" content=\"FDA srl\" \/>\n<meta property=\"article:publisher\" content=\"https:\/\/www.facebook.com\/share\/1MWhFWg1Tp\/?mibextid=LQQJ4d\" \/>\n<meta property=\"article:modified_time\" content=\"2026-05-06T08:49:02+00:00\" \/>\n<meta name=\"twitter:card\" content=\"summary_large_image\" \/>\n<meta name=\"twitter:label1\" content=\"Tiempo de lectura\" \/>\n\t<meta name=\"twitter:data1\" content=\"10 minutos\" \/>\n<!-- \/ Yoast SEO Premium plugin. -->","yoast_head_json":{"title":"Pol\u00edtica de Privacidad - FDA srl","robots":{"index":"index","follow":"follow","max-snippet":"max-snippet:-1","max-image-preview":"max-image-preview:large","max-video-preview":"max-video-preview:-1"},"canonical":"https:\/\/fdasrl.it\/es\/politica-de-privacidad\/","og_locale":"es_ES","og_type":"article","og_title":"Pol\u00edtica de Privacidad","og_description":"Documento Informativo de conformidad con el Art\u00edculo 13 del Decreto Legislativo 30 de junio de 2003 n.\u00ba 196, \u00abC\u00f3digo en materia de protecci\u00f3n de datos personales\u00bb De conformidad con el Art. 13 del Decreto Legislativo 30 de junio de 2003 n.\u00ba 196, informamos que FDA Shop garantiza que el tratamiento de tus datos personales se [&hellip;]","og_url":"https:\/\/fdasrl.it\/es\/politica-de-privacidad\/","og_site_name":"FDA srl","article_publisher":"https:\/\/www.facebook.com\/share\/1MWhFWg1Tp\/?mibextid=LQQJ4d","article_modified_time":"2026-05-06T08:49:02+00:00","twitter_card":"summary_large_image","twitter_misc":{"Tiempo de lectura":"10 minutos"},"schema":{"@context":"https:\/\/schema.org","@graph":[{"@type":"WebPage","@id":"https:\/\/fdasrl.it\/es\/politica-de-privacidad\/","url":"https:\/\/fdasrl.it\/es\/politica-de-privacidad\/","name":"Pol\u00edtica de Privacidad - FDA srl","isPartOf":{"@id":"https:\/\/fdasrl.it\/es\/#website"},"datePublished":"2024-12-10T15:40:04+00:00","dateModified":"2026-05-06T08:49:02+00:00","breadcrumb":{"@id":"https:\/\/fdasrl.it\/es\/politica-de-privacidad\/#breadcrumb"},"inLanguage":"es","potentialAction":[{"@type":"ReadAction","target":["https:\/\/fdasrl.it\/es\/politica-de-privacidad\/"]}]},{"@type":"BreadcrumbList","@id":"https:\/\/fdasrl.it\/es\/politica-de-privacidad\/#breadcrumb","itemListElement":[{"@type":"ListItem","position":1,"name":"Home","item":"https:\/\/fdasrl.it\/es\/inicio\/"},{"@type":"ListItem","position":2,"name":"Pol\u00edtica de Privacidad"}]},{"@type":"WebSite","@id":"https:\/\/fdasrl.it\/es\/#website","url":"https:\/\/fdasrl.it\/es\/","name":"FDA srl","description":"Equipment for animal husbandry","publisher":{"@id":"https:\/\/fdasrl.it\/es\/#organization"},"potentialAction":[{"@type":"SearchAction","target":{"@type":"EntryPoint","urlTemplate":"https:\/\/fdasrl.it\/es\/?s={search_term_string}"},"query-input":{"@type":"PropertyValueSpecification","valueRequired":true,"valueName":"search_term_string"}}],"inLanguage":"es"},{"@type":"Organization","@id":"https:\/\/fdasrl.it\/es\/#organization","name":"FDA srl","url":"https:\/\/fdasrl.it\/es\/","logo":{"@type":"ImageObject","inLanguage":"es","@id":"https:\/\/fdasrl.it\/es\/#\/schema\/logo\/image\/","url":"https:\/\/fdasrl.it\/wp-content\/uploads\/2024\/12\/Logo-FDA.png","contentUrl":"https:\/\/fdasrl.it\/wp-content\/uploads\/2024\/12\/Logo-FDA.png","width":316,"height":119,"caption":"FDA srl"},"image":{"@id":"https:\/\/fdasrl.it\/es\/#\/schema\/logo\/image\/"},"sameAs":["https:\/\/www.facebook.com\/share\/1MWhFWg1Tp\/?mibextid=LQQJ4d","https:\/\/www.instagram.com\/fda_srl\/profilecard\/?igsh=YW5lbzJ6MWg0d21u","https:\/\/www.youtube.com\/@FDASRL_ANIMALCARE"],"description":"FDA SRL \u2013 Equipment for animal husbandry nasce con l\u2019obiettivo di offrire soluzioni affidabili e innovative per l\u2019allevamento moderno. Con anni di esperienza nel settore zootecnico, progettiamo e realizziamo attrezzature destinate al benessere animale e alla gestione efficiente delle stalle: vasche, abbeveratoi, mangiatoie e sistemi di riscaldamento pensati per durare nel tempo e semplificare il lavoro quotidiano degli allevatori. Dalla progettazione alla produzione, ogni nostro prodotto \u00e8 studiato nei minimi dettagli, testato con cura e costruito per rispondere alle esigenze reali del settore. La nostra forza \u00e8 unire artigianalit\u00e0, tecnologia e competenza tecnica per trasformare ogni progetto in una soluzione concreta e funzionale. Oggi FDA SRL \u00e8 un punto di riferimento per privati e rivenditori che cercano qualit\u00e0, affidabilit\u00e0 e innovazione nelle attrezzature per l\u2019allevamento.","email":"info@fdasrl.it","telephone":"+390522826820","legalName":"F.D.A. SRL","foundingDate":"2024-10-13","vatID":"03075840359","taxID":"03075840359","numberOfEmployees":{"@type":"QuantitativeValue","minValue":"1","maxValue":"10"}}]}},"_links":{"self":[{"href":"https:\/\/fdasrl.it\/es\/wp-json\/wp\/v2\/pages\/1504","targetHints":{"allow":["GET"]}}],"collection":[{"href":"https:\/\/fdasrl.it\/es\/wp-json\/wp\/v2\/pages"}],"about":[{"href":"https:\/\/fdasrl.it\/es\/wp-json\/wp\/v2\/types\/page"}],"author":[{"embeddable":true,"href":"https:\/\/fdasrl.it\/es\/wp-json\/wp\/v2\/users\/1"}],"replies":[{"embeddable":true,"href":"https:\/\/fdasrl.it\/es\/wp-json\/wp\/v2\/comments?post=1504"}],"version-history":[{"count":1,"href":"https:\/\/fdasrl.it\/es\/wp-json\/wp\/v2\/pages\/1504\/revisions"}],"predecessor-version":[{"id":1505,"href":"https:\/\/fdasrl.it\/es\/wp-json\/wp\/v2\/pages\/1504\/revisions\/1505"}],"wp:attachment":[{"href":"https:\/\/fdasrl.it\/es\/wp-json\/wp\/v2\/media?parent=1504"}],"curies":[{"name":"wp","href":"https:\/\/api.w.org\/{rel}","templated":true}]}}