{"id":1712,"date":"2026-03-04T08:42:29","date_gmt":"2026-03-04T07:42:29","guid":{"rendered":"https:\/\/fdasrl.it\/prodotto\/ordenadora-de-carro-fa1625-de-dos-grupos-para-bovinos-con-bomba-en-bano-de-aceite\/"},"modified":"2026-03-04T08:42:29","modified_gmt":"2026-03-04T07:42:29","slug":"ordenadora-de-carro-fa1625-de-dos-grupos-para-bovinos-con-bomba-en-bano-de-aceite","status":"publish","type":"product","link":"https:\/\/fdasrl.it\/es\/prodotto\/ordenadora-de-carro-fa1625-de-dos-grupos-para-bovinos-con-bomba-en-bano-de-aceite\/","title":{"rendered":"Orde\u00f1adora de carro FA1625 de dos grupos para bovinos con bomba en ba\u00f1o de aceite"},"content":{"rendered":"<div>\n<h1 data-start=\"130\" data-end=\"209\">Orde\u00f1adora de carro FA1625 de dos grupos para bovinos con bomba en ba\u00f1o de aceite<\/h1>\n<p data-start=\"211\" data-end=\"372\">La <strong data-start=\"214\" data-end=\"272\">orde\u00f1adora de carro FA1625 de dos grupos de orde\u00f1o<\/strong> est\u00e1 dise\u00f1ada para garantizar un orde\u00f1o <strong data-start=\"314\" data-end=\"371\">eficiente, fiable e higi\u00e9nico de los bovinos de leche<\/strong>.<\/p>\n<p data-start=\"374\" data-end=\"634\">Gracias a su <strong data-start=\"386\" data-end=\"418\">estructura m\u00f3vil sobre carro<\/strong> y al sistema con <strong data-start=\"436\" data-end=\"470\">bomba de vac\u00edo en ba\u00f1o de aceite<\/strong>, representa una soluci\u00f3n ideal para explotaciones ganaderas que necesitan un equipo de orde\u00f1o <strong data-start=\"573\" data-end=\"633\">robusto, pr\u00e1ctico y apto para el uso directo en el establo<\/strong>.<\/p>\n<p data-start=\"636\" data-end=\"787\">El sistema de <strong data-start=\"649\" data-end=\"673\">dos grupos de orde\u00f1o<\/strong> permite orde\u00f1ar <strong data-start=\"694\" data-end=\"727\">dos vacas simult\u00e1neamente<\/strong>, mejorando la productividad y reduciendo los tiempos de trabajo.<\/p>\n<hr data-start=\"789\" data-end=\"792\">\n<h2 data-start=\"794\" data-end=\"823\">Caracter\u00edsticas principales<\/h2>\n<ul data-start=\"825\" data-end=\"1092\">\n<li data-start=\"825\" data-end=\"874\">\n<p data-start=\"827\" data-end=\"874\"><strong data-start=\"827\" data-end=\"874\">Bomba de vac\u00edo en ba\u00f1o de aceite de 280 l\/min*<\/strong><\/p>\n<\/li>\n<li data-start=\"875\" data-end=\"912\">\n<p data-start=\"877\" data-end=\"912\"><strong data-start=\"877\" data-end=\"912\">Motor el\u00e9ctrico 220 V \u2013 0,75 kW<\/strong><\/p>\n<\/li>\n<li data-start=\"913\" data-end=\"947\">\n<p data-start=\"915\" data-end=\"947\">Bomba con <strong data-start=\"925\" data-end=\"947\">dep\u00f3sitos separados<\/strong><\/p>\n<\/li>\n<li data-start=\"948\" data-end=\"985\">\n<p data-start=\"950\" data-end=\"985\"><strong data-start=\"950\" data-end=\"985\">Tanque de vac\u00edo de 18 litros<\/strong><\/p>\n<\/li>\n<li data-start=\"986\" data-end=\"1034\">\n<p data-start=\"988\" data-end=\"1034\"><strong data-start=\"988\" data-end=\"1002\">Vacu\u00f3metro<\/strong> para el control de la depresi\u00f3n<\/p>\n<\/li>\n<li data-start=\"1035\" data-end=\"1068\">\n<p data-start=\"1037\" data-end=\"1068\"><strong data-start=\"1037\" data-end=\"1068\">Grifo de vac\u00edo de 1\/2&#8243;<\/strong><\/p>\n<\/li>\n<li data-start=\"1069\" data-end=\"1092\">\n<p data-start=\"1071\" data-end=\"1092\"><strong data-start=\"1071\" data-end=\"1092\">Certificaci\u00f3n CE<\/strong><\/p>\n<\/li>\n<\/ul>\n<hr data-start=\"1094\" data-end=\"1097\">\n<h2 data-start=\"1099\" data-end=\"1138\">Grupos de orde\u00f1o para bovinos de leche<\/h2>\n<p data-start=\"1140\" data-end=\"1211\">La orde\u00f1adora est\u00e1 equipada con <strong data-start=\"1166\" data-end=\"1197\">2 grupos de orde\u00f1o completos<\/strong>, compuestos por:<\/p>\n<ul data-start=\"1213\" data-end=\"1391\">\n<li data-start=\"1213\" data-end=\"1241\">\n<p data-start=\"1215\" data-end=\"1241\"><strong data-start=\"1215\" data-end=\"1241\">2 colectores de 250 cc<\/strong><\/p>\n<\/li>\n<li data-start=\"1242\" data-end=\"1280\">\n<p data-start=\"1244\" data-end=\"1280\"><strong data-start=\"1244\" data-end=\"1280\">2 pulsadores neum\u00e1ticos de 60 bpm*<\/strong><\/p>\n<\/li>\n<li data-start=\"1281\" data-end=\"1321\">\n<p data-start=\"1283\" data-end=\"1321\"><strong data-start=\"1283\" data-end=\"1321\">pezoneras de acero inox de 155 mm<\/strong><\/p>\n<\/li>\n<li data-start=\"1322\" data-end=\"1343\">\n<p data-start=\"1324\" data-end=\"1343\"><strong data-start=\"1324\" data-end=\"1343\">orificio de 16,5 mm<\/strong><\/p>\n<\/li>\n<li data-start=\"1344\" data-end=\"1391\">\n<p data-start=\"1346\" data-end=\"1391\"><strong data-start=\"1346\" data-end=\"1391\">manguitos de orde\u00f1o compatibles tipo DeLaval<\/strong><\/p>\n<\/li>\n<\/ul>\n<hr data-start=\"1393\" data-end=\"1396\">\n<h2 data-start=\"1398\" data-end=\"1418\">Equipamiento incluido<\/h2>\n<ul data-start=\"1420\" data-end=\"1596\">\n<li data-start=\"1420\" data-end=\"1468\">\n<p data-start=\"1422\" data-end=\"1468\"><strong data-start=\"1422\" data-end=\"1468\">2 c\u00e1ntaras de leche en acero inox de 30 litros<\/strong><\/p>\n<\/li>\n<li data-start=\"1469\" data-end=\"1523\">\n<p data-start=\"1471\" data-end=\"1523\"><strong data-start=\"1471\" data-end=\"1523\">tuber\u00edas de orde\u00f1o de 2,5 metros por cada grupo<\/strong><\/p>\n<\/li>\n<li data-start=\"1524\" data-end=\"1559\">\n<p data-start=\"1526\" data-end=\"1559\"><strong data-start=\"1526\" data-end=\"1559\">juego de cepillos para la limpieza<\/strong><\/p>\n<\/li>\n<li data-start=\"1560\" data-end=\"1596\">\n<p data-start=\"1562\" data-end=\"1596\"><strong data-start=\"1562\" data-end=\"1596\">detergente alcalino de 1 litro<\/strong><\/p>\n<\/li>\n<\/ul>\n<p data-start=\"1598\" data-end=\"1736\">Todas las partes en contacto con la leche est\u00e1n fabricadas en <strong data-start=\"1656\" data-end=\"1672\">acero inox<\/strong>, para garantizar la <strong data-start=\"1688\" data-end=\"1735\">m\u00e1xima higiene y resistencia a la corrosi\u00f3n<\/strong>.<\/p>\n<hr data-start=\"1738\" data-end=\"1741\">\n<h2 data-start=\"1743\" data-end=\"1766\">* Opciones disponibles<\/h2>\n<ul data-start=\"1768\" data-end=\"1923\">\n<li data-start=\"1768\" data-end=\"1833\">\n<p data-start=\"1770\" data-end=\"1833\"><strong data-start=\"1770\" data-end=\"1833\">Pulsador electr\u00f3nico con tarjeta interna 24 VDC + centralita<\/strong><\/p>\n<\/li>\n<li data-start=\"1834\" data-end=\"1923\">\n<p data-start=\"1836\" data-end=\"1883\"><strong data-start=\"1836\" data-end=\"1883\">Bomba de vac\u00edo en ba\u00f1o de aceite de 400 l\/min<\/strong><\/p>\n<ul data-start=\"1886\" data-end=\"1923\">\n<li data-start=\"1886\" data-end=\"1923\">\n<p data-start=\"1888\" data-end=\"1923\">Motor el\u00e9ctrico <strong data-start=\"1905\" data-end=\"1923\">220 V \u2013 1,10 kW<\/strong><\/p>\n<\/li>\n<\/ul>\n<\/li>\n<\/ul>\n<hr data-start=\"1925\" data-end=\"1928\">\n<h2 data-start=\"1930\" data-end=\"1965\">Ventajas de la orde\u00f1adora FA1625<\/h2>\n<ul data-start=\"1967\" data-end=\"2168\">\n<li data-start=\"1967\" data-end=\"2007\">\n<p data-start=\"1969\" data-end=\"2007\">orde\u00f1o <strong data-start=\"1979\" data-end=\"2007\">simult\u00e1neo de dos bovinos<\/strong><\/p>\n<\/li>\n<li data-start=\"2008\" data-end=\"2043\">\n<p data-start=\"2010\" data-end=\"2043\">estructura <strong data-start=\"2020\" data-end=\"2043\">m\u00f3vil y resistente<\/strong><\/p>\n<\/li>\n<li data-start=\"2044\" data-end=\"2091\">\n<p data-start=\"2046\" data-end=\"2091\"><strong data-start=\"2046\" data-end=\"2091\">bomba en ba\u00f1o de aceite de alta fiabilidad<\/strong><\/p>\n<\/li>\n<li data-start=\"2092\" data-end=\"2115\">\n<p data-start=\"2094\" data-end=\"2115\">mantenimiento sencillo<\/p>\n<\/li>\n<li data-start=\"2116\" data-end=\"2168\">\n<p data-start=\"2118\" data-end=\"2168\">sistema dise\u00f1ado para <strong data-start=\"2141\" data-end=\"2168\">uso intensivo en establo<\/strong><\/p>\n<\/li>\n<\/ul>\n<\/div>\n<div><\/div>\n<div>\n<p data-start=\"2990\" data-end=\"3172\">Revendedores y distribuidores: solicita informaci\u00f3n <a href=\"https:\/\/fdasrl.it\/es\/contacto\/\">(CLIC AQU\u00cd)<\/a><\/p>\n<\/div>\n<div>C\u00f3mprala en nuestra <a href=\"https:\/\/fda-shop.it\/shop\/mungitura\/mungitrici-carrellate\/mungitrice-bovini\/mungitrice-carrellata-fa1625-a-2-gruppi-con-pompa-del-vuoto-a-bagno-dolio-per-bovini#\/307-tipo_motore_olio-motore_standard_280_litri_bovini\" target=\"_blank\" rel=\"noopener\">tienda online<\/a><\/div>\n<p>&nbsp;<\/p>\n","protected":false},"excerpt":{"rendered":"<p>Orde\u00f1adora de carro FA1625 de dos grupos para bovinos de leche con bomba de vac\u00edo en ba\u00f1o de aceite de 280 o 400 l\/min. Equipada con dos grupos de orde\u00f1o completos, dos c\u00e1ntaras de leche inox de 30 l y estructura m\u00f3vil sobre carro. Sistema fiable y certificado CE, ideal para orde\u00f1ar dos vacas simult\u00e1neamente en el establo.  <\/p>\n","protected":false},"featured_media":1124,"comment_status":"open","ping_status":"closed","template":"","meta":{"_et_pb_use_builder":"","_et_pb_old_content":"","_et_gb_content_width":""},"product_brand":[],"product_cat":[403,404],"product_tag":[405],"class_list":{"0":"post-1712","1":"product","2":"type-product","3":"status-publish","4":"has-post-thumbnail","6":"product_cat-bovinos","7":"product_cat-ordenadoras-de-carro","8":"product_tag-fa1625","10":"first","11":"instock","12":"shipping-taxable","13":"product-type-simple"},"yoast_head":"<!-- This site is optimized with the Yoast SEO Premium plugin v27.5 (Yoast SEO v27.5) - https:\/\/yoast.com\/product\/yoast-seo-premium-wordpress\/ -->\n<title>Orde\u00f1adora de carro bovinos 2 grupos bomba en ba\u00f1o de aceite - FDA srl<\/title>\n<meta name=\"description\" content=\"Simplifica tu orde\u00f1o con la orde\u00f1adora de carro para bovinos de 2 grupos y bomba en ba\u00f1o de aceite. \u00a1Excelente para el uso directo en establo y muy robusta! \ud83d\udc4c\" \/>\n<meta name=\"robots\" content=\"index, follow, max-snippet:-1, max-image-preview:large, max-video-preview:-1\" \/>\n<link rel=\"canonical\" href=\"https:\/\/fdasrl.it\/es\/prodotto\/ordenadora-de-carro-fa1625-de-dos-grupos-para-bovinos-con-bomba-en-bano-de-aceite\/\" \/>\n<meta property=\"og:locale\" content=\"es_ES\" \/>\n<meta property=\"og:type\" content=\"article\" \/>\n<meta property=\"og:title\" content=\"Orde\u00f1adora de carro FA1625 de dos grupos para bovinos con bomba en ba\u00f1o de aceite\" \/>\n<meta property=\"og:description\" content=\"Simplifica tu orde\u00f1o con la orde\u00f1adora de carro para bovinos de 2 grupos y bomba en ba\u00f1o de aceite. \u00a1Excelente para el uso directo en establo y muy robusta! \ud83d\udc4c\" \/>\n<meta property=\"og:url\" content=\"https:\/\/fdasrl.it\/es\/prodotto\/ordenadora-de-carro-fa1625-de-dos-grupos-para-bovinos-con-bomba-en-bano-de-aceite\/\" \/>\n<meta property=\"og:site_name\" content=\"FDA srl\" \/>\n<meta property=\"article:publisher\" content=\"https:\/\/www.facebook.com\/share\/1MWhFWg1Tp\/?mibextid=LQQJ4d\" \/>\n<meta property=\"og:image\" content=\"https:\/\/fdasrl.it\/wp-content\/uploads\/2026\/03\/mungitrice-olio-fda-bovini-2-gruppi.webp\" \/>\n\t<meta property=\"og:image:width\" content=\"2048\" \/>\n\t<meta property=\"og:image:height\" content=\"1982\" \/>\n\t<meta property=\"og:image:type\" content=\"image\/webp\" \/>\n<meta name=\"twitter:card\" content=\"summary_large_image\" \/>\n<meta name=\"twitter:label1\" content=\"Precio\" \/>\n\t<meta name=\"twitter:data1\" content=\"\" \/>\n\t<meta name=\"twitter:label2\" content=\"Disponibilidad\" \/>\n\t<meta name=\"twitter:data2\" content=\"Disponible\" \/>\n<meta property=\"product:price:currency\" content=\"EUR\" \/>\n<meta property=\"og:availability\" content=\"instock\" \/>\n<meta property=\"product:availability\" content=\"instock\" \/>\n<meta property=\"product:retailer_item_id\" content=\"FA1625\" \/>\n<meta property=\"product:condition\" content=\"new\" \/>\n<!-- \/ Yoast SEO Premium plugin. -->","yoast_head_json":{"title":"Orde\u00f1adora de carro bovinos 2 grupos bomba en ba\u00f1o de aceite - FDA srl","description":"Simplifica tu orde\u00f1o con la orde\u00f1adora de carro para bovinos de 2 grupos y bomba en ba\u00f1o de aceite. \u00a1Excelente para el uso directo en establo y muy robusta! \ud83d\udc4c","robots":{"index":"index","follow":"follow","max-snippet":"max-snippet:-1","max-image-preview":"max-image-preview:large","max-video-preview":"max-video-preview:-1"},"canonical":"https:\/\/fdasrl.it\/es\/prodotto\/ordenadora-de-carro-fa1625-de-dos-grupos-para-bovinos-con-bomba-en-bano-de-aceite\/","og_locale":"es_ES","og_type":"article","og_title":"Orde\u00f1adora de carro FA1625 de dos grupos para bovinos con bomba en ba\u00f1o de aceite","og_description":"Simplifica tu orde\u00f1o con la orde\u00f1adora de carro para bovinos de 2 grupos y bomba en ba\u00f1o de aceite. \u00a1Excelente para el uso directo en establo y muy robusta! \ud83d\udc4c","og_url":"https:\/\/fdasrl.it\/es\/prodotto\/ordenadora-de-carro-fa1625-de-dos-grupos-para-bovinos-con-bomba-en-bano-de-aceite\/","og_site_name":"FDA srl","article_publisher":"https:\/\/www.facebook.com\/share\/1MWhFWg1Tp\/?mibextid=LQQJ4d","og_image":[{"width":2048,"height":1982,"url":"https:\/\/fdasrl.it\/wp-content\/uploads\/2026\/03\/mungitrice-olio-fda-bovini-2-gruppi.webp","type":"image\/webp"}],"twitter_card":"summary_large_image","twitter_misc":{"Precio":"","Disponibilidad":"Disponible"},"schema":{"@context":"https:\/\/schema.org","@graph":[{"@type":"WebPage","@id":"https:\/\/fdasrl.it\/es\/prodotto\/ordenadora-de-carro-fa1625-de-dos-grupos-para-bovinos-con-bomba-en-bano-de-aceite\/","url":"https:\/\/fdasrl.it\/es\/prodotto\/ordenadora-de-carro-fa1625-de-dos-grupos-para-bovinos-con-bomba-en-bano-de-aceite\/","name":"Orde\u00f1adora de carro bovinos 2 grupos bomba en ba\u00f1o de aceite - FDA srl","isPartOf":{"@id":"https:\/\/fdasrl.it\/es\/#website"},"primaryImageOfPage":{"@id":"https:\/\/fdasrl.it\/es\/prodotto\/ordenadora-de-carro-fa1625-de-dos-grupos-para-bovinos-con-bomba-en-bano-de-aceite\/#primaryimage"},"image":{"@id":"https:\/\/fdasrl.it\/es\/prodotto\/ordenadora-de-carro-fa1625-de-dos-grupos-para-bovinos-con-bomba-en-bano-de-aceite\/#primaryimage"},"thumbnailUrl":"https:\/\/fdasrl.it\/wp-content\/uploads\/2026\/03\/mungitrice-olio-fda-bovini-2-gruppi.webp","datePublished":"2026-03-04T07:42:29+00:00","description":"Simplifica tu orde\u00f1o con la orde\u00f1adora de carro para bovinos de 2 grupos y bomba en ba\u00f1o de aceite. \u00a1Excelente para el uso directo en establo y muy robusta! \ud83d\udc4c","breadcrumb":{"@id":"https:\/\/fdasrl.it\/es\/prodotto\/ordenadora-de-carro-fa1625-de-dos-grupos-para-bovinos-con-bomba-en-bano-de-aceite\/#breadcrumb"},"inLanguage":"es","potentialAction":[{"@type":"ReadAction","target":["https:\/\/fdasrl.it\/es\/prodotto\/ordenadora-de-carro-fa1625-de-dos-grupos-para-bovinos-con-bomba-en-bano-de-aceite\/"]}]},{"@type":"ImageObject","inLanguage":"es","@id":"https:\/\/fdasrl.it\/es\/prodotto\/ordenadora-de-carro-fa1625-de-dos-grupos-para-bovinos-con-bomba-en-bano-de-aceite\/#primaryimage","url":"https:\/\/fdasrl.it\/wp-content\/uploads\/2026\/03\/mungitrice-olio-fda-bovini-2-gruppi.webp","contentUrl":"https:\/\/fdasrl.it\/wp-content\/uploads\/2026\/03\/mungitrice-olio-fda-bovini-2-gruppi.webp","width":2048,"height":1982,"caption":"Orde\u00f1adora de carro para bovinos con doble grupo de orde\u00f1o y c\u00e1ntaras en acero inox."},{"@type":"BreadcrumbList","@id":"https:\/\/fdasrl.it\/es\/prodotto\/ordenadora-de-carro-fa1625-de-dos-grupos-para-bovinos-con-bomba-en-bano-de-aceite\/#breadcrumb","itemListElement":[{"@type":"ListItem","position":1,"name":"Home","item":"https:\/\/fdasrl.it\/es\/inicio\/"},{"@type":"ListItem","position":2,"name":"Tienda","item":"https:\/\/fdasrl.it\/es\/tienda\/"},{"@type":"ListItem","position":3,"name":"Orde\u00f1adora de carro FA1625 de dos grupos para bovinos con bomba en ba\u00f1o de aceite"}]},{"@type":"WebSite","@id":"https:\/\/fdasrl.it\/es\/#website","url":"https:\/\/fdasrl.it\/es\/","name":"FDA srl","description":"Equipment for animal husbandry","publisher":{"@id":"https:\/\/fdasrl.it\/es\/#organization"},"potentialAction":[{"@type":"SearchAction","target":{"@type":"EntryPoint","urlTemplate":"https:\/\/fdasrl.it\/es\/?s={search_term_string}"},"query-input":{"@type":"PropertyValueSpecification","valueRequired":true,"valueName":"search_term_string"}}],"inLanguage":"es"},{"@type":"Organization","@id":"https:\/\/fdasrl.it\/es\/#organization","name":"FDA srl","url":"https:\/\/fdasrl.it\/es\/","logo":{"@type":"ImageObject","inLanguage":"es","@id":"https:\/\/fdasrl.it\/es\/#\/schema\/logo\/image\/","url":"https:\/\/fdasrl.it\/wp-content\/uploads\/2024\/12\/Logo-FDA.png","contentUrl":"https:\/\/fdasrl.it\/wp-content\/uploads\/2024\/12\/Logo-FDA.png","width":316,"height":119,"caption":"FDA srl"},"image":{"@id":"https:\/\/fdasrl.it\/es\/#\/schema\/logo\/image\/"},"sameAs":["https:\/\/www.facebook.com\/share\/1MWhFWg1Tp\/?mibextid=LQQJ4d","https:\/\/www.instagram.com\/fda_srl\/profilecard\/?igsh=YW5lbzJ6MWg0d21u","https:\/\/www.youtube.com\/@FDASRL_ANIMALCARE"],"description":"FDA SRL \u2013 Equipment for animal husbandry nasce con l\u2019obiettivo di offrire soluzioni affidabili e innovative per l\u2019allevamento moderno. Con anni di esperienza nel settore zootecnico, progettiamo e realizziamo attrezzature destinate al benessere animale e alla gestione efficiente delle stalle: vasche, abbeveratoi, mangiatoie e sistemi di riscaldamento pensati per durare nel tempo e semplificare il lavoro quotidiano degli allevatori. Dalla progettazione alla produzione, ogni nostro prodotto \u00e8 studiato nei minimi dettagli, testato con cura e costruito per rispondere alle esigenze reali del settore. La nostra forza \u00e8 unire artigianalit\u00e0, tecnologia e competenza tecnica per trasformare ogni progetto in una soluzione concreta e funzionale. Oggi FDA SRL \u00e8 un punto di riferimento per privati e rivenditori che cercano qualit\u00e0, affidabilit\u00e0 e innovazione nelle attrezzature per l\u2019allevamento.","email":"info@fdasrl.it","telephone":"+390522826820","legalName":"F.D.A. SRL","foundingDate":"2024-10-13","vatID":"03075840359","taxID":"03075840359","numberOfEmployees":{"@type":"QuantitativeValue","minValue":"1","maxValue":"10"}}]},"product_price_currency":"EUR","og_availability":"instock","product_availability":"instock","product_retailer_item_id":"FA1625","product_condition":"new"},"_links":{"self":[{"href":"https:\/\/fdasrl.it\/es\/wp-json\/wp\/v2\/product\/1712","targetHints":{"allow":["GET"]}}],"collection":[{"href":"https:\/\/fdasrl.it\/es\/wp-json\/wp\/v2\/product"}],"about":[{"href":"https:\/\/fdasrl.it\/es\/wp-json\/wp\/v2\/types\/product"}],"replies":[{"embeddable":true,"href":"https:\/\/fdasrl.it\/es\/wp-json\/wp\/v2\/comments?post=1712"}],"wp:featuredmedia":[{"embeddable":true,"href":"https:\/\/fdasrl.it\/es\/wp-json\/wp\/v2\/media\/1124"}],"wp:attachment":[{"href":"https:\/\/fdasrl.it\/es\/wp-json\/wp\/v2\/media?parent=1712"}],"wp:term":[{"taxonomy":"product_brand","embeddable":true,"href":"https:\/\/fdasrl.it\/es\/wp-json\/wp\/v2\/product_brand?post=1712"},{"taxonomy":"product_cat","embeddable":true,"href":"https:\/\/fdasrl.it\/es\/wp-json\/wp\/v2\/product_cat?post=1712"},{"taxonomy":"product_tag","embeddable":true,"href":"https:\/\/fdasrl.it\/es\/wp-json\/wp\/v2\/product_tag?post=1712"}],"curies":[{"name":"wp","href":"https:\/\/api.w.org\/{rel}","templated":true}]}}