{"id":1731,"date":"2026-03-03T17:31:13","date_gmt":"2026-03-03T16:31:13","guid":{"rendered":"https:\/\/fdasrl.it\/prodotto\/ordenadora-de-carro-fa1775-con-bomba-en-bano-de-aceite-para-ganado-vacuno\/"},"modified":"2026-03-03T17:31:13","modified_gmt":"2026-03-03T16:31:13","slug":"ordenadora-de-carro-fa1775-con-bomba-en-bano-de-aceite-para-ganado-vacuno","status":"publish","type":"product","link":"https:\/\/fdasrl.it\/es\/prodotto\/ordenadora-de-carro-fa1775-con-bomba-en-bano-de-aceite-para-ganado-vacuno\/","title":{"rendered":"Orde\u00f1adora de carro FA1775 con bomba en ba\u00f1o de aceite para ganado vacuno"},"content":{"rendered":"<div>\n<h1 data-start=\"265\" data-end=\"340\">Orde\u00f1adora de carro FA1775 con bomba en ba\u00f1o de aceite para ganado vacuno<\/h1>\n<p data-start=\"342\" data-end=\"504\">La <strong data-start=\"345\" data-end=\"402\">orde\u00f1adora de carro FA1775 con bomba en ba\u00f1o de aceite<\/strong> est\u00e1 dise\u00f1ada para garantizar un orde\u00f1o <strong data-start=\"444\" data-end=\"503\">eficiente, fiable e higi\u00e9nico de las vacas lecheras<\/strong>.<\/p>\n<p data-start=\"506\" data-end=\"708\">Gracias a su <strong data-start=\"518\" data-end=\"550\">estructura m\u00f3vil sobre carro<\/strong>, es la soluci\u00f3n ideal para explotaciones ganaderas que necesitan un sistema de orde\u00f1o <strong data-start=\"641\" data-end=\"707\">pr\u00e1ctico, robusto y f\u00e1cil de utilizar directamente en el establo<\/strong>.<\/p>\n<p data-start=\"710\" data-end=\"840\">La orde\u00f1adora permite realizar el orde\u00f1o de forma sencilla manteniendo un <strong data-start=\"788\" data-end=\"839\">rendimiento constante y la m\u00e1xima higiene de la leche<\/strong>.<\/p>\n<hr data-start=\"842\" data-end=\"845\">\n<h2 data-start=\"847\" data-end=\"906\">Bomba de vac\u00edo en ba\u00f1o de aceite: estabilidad y larga duraci\u00f3n<\/h2>\n<p data-start=\"908\" data-end=\"1050\">La orde\u00f1adora FA1775 est\u00e1 equipada con una <strong data-start=\"941\" data-end=\"988\">bomba de vac\u00edo en ba\u00f1o de aceite de 250 l\/min<\/strong>, dise\u00f1ada para garantizar un alto rendimiento y una larga vida \u00fatil.<\/p>\n<p data-start=\"1052\" data-end=\"1072\">Principales ventajas:<\/p>\n<ul data-start=\"1074\" data-end=\"1215\">\n<li data-start=\"1074\" data-end=\"1110\">\n<p data-start=\"1076\" data-end=\"1110\">funcionamiento estable y continuo<\/p>\n<\/li>\n<li data-start=\"1111\" data-end=\"1152\">\n<p data-start=\"1113\" data-end=\"1152\">menor desgaste de los componentes mec\u00e1nicos<\/p>\n<\/li>\n<li data-start=\"1153\" data-end=\"1188\">\n<p data-start=\"1155\" data-end=\"1188\">mayor fiabilidad operativa<\/p>\n<\/li>\n<li data-start=\"1189\" data-end=\"1215\">\n<p data-start=\"1191\" data-end=\"1215\">larga vida \u00fatil<\/p>\n<\/li>\n<\/ul>\n<p data-start=\"1217\" data-end=\"1283\">El sistema funciona con un <strong data-start=\"1244\" data-end=\"1282\">motor el\u00e9ctrico de 0,55 kW \u2013 220 V<\/strong>.<\/p>\n<p data-start=\"1285\" data-end=\"1414\">La estructura con <strong data-start=\"1302\" data-end=\"1324\">dep\u00f3sitos separados<\/strong> mejora la resistencia y asegura una mayor continuidad de trabajo durante el orde\u00f1o.<\/p>\n<p data-start=\"1416\" data-end=\"1447\">El sistema de vac\u00edo incluye:<\/p>\n<ul data-start=\"1449\" data-end=\"1614\">\n<li data-start=\"1449\" data-end=\"1486\">\n<p data-start=\"1451\" data-end=\"1486\">tanque de vac\u00edo de <strong data-start=\"1474\" data-end=\"1486\">18 litros<\/strong><\/p>\n<\/li>\n<li data-start=\"1487\" data-end=\"1533\">\n<p data-start=\"1489\" data-end=\"1533\"><strong data-start=\"1489\" data-end=\"1533\">v\u00e1lvula de regulaci\u00f3n de la depresi\u00f3n<\/strong><\/p>\n<\/li>\n<li data-start=\"1534\" data-end=\"1614\">\n<p data-start=\"1536\" data-end=\"1614\"><strong data-start=\"1536\" data-end=\"1560\">vacu\u00f3metro integrado<\/strong> para el control de la presi\u00f3n durante el orde\u00f1o<\/p>\n<\/li>\n<\/ul>\n<hr data-start=\"1616\" data-end=\"1619\">\n<h2 data-start=\"1621\" data-end=\"1660\">Grupo de orde\u00f1o para vacas lecheras<\/h2>\n<p data-start=\"1662\" data-end=\"1742\">La orde\u00f1adora est\u00e1 equipada con un <strong data-start=\"1688\" data-end=\"1728\">grupo de orde\u00f1o completo para vacas<\/strong>, compuesto por:<\/p>\n<ul data-start=\"1744\" data-end=\"1918\">\n<li data-start=\"1744\" data-end=\"1770\">\n<p data-start=\"1746\" data-end=\"1770\"><strong data-start=\"1746\" data-end=\"1770\">colector de 250 cc<\/strong><\/p>\n<\/li>\n<li data-start=\"1771\" data-end=\"1811\">\n<p data-start=\"1773\" data-end=\"1811\"><strong data-start=\"1773\" data-end=\"1811\">pezoneras de acero inoxidable de 155 mm<\/strong><\/p>\n<\/li>\n<li data-start=\"1812\" data-end=\"1833\">\n<p data-start=\"1814\" data-end=\"1833\">orificio de <strong data-start=\"1822\" data-end=\"1833\">16,5 mm<\/strong><\/p>\n<\/li>\n<li data-start=\"1834\" data-end=\"1881\">\n<p data-start=\"1836\" data-end=\"1881\"><strong data-start=\"1836\" data-end=\"1881\">manguitos de orde\u00f1o compatibles tipo DeLaval<\/strong><\/p>\n<\/li>\n<li data-start=\"1882\" data-end=\"1918\">\n<p data-start=\"1884\" data-end=\"1918\"><strong data-start=\"1884\" data-end=\"1918\">pulsador neum\u00e1tico de 60 bpm*<\/strong><\/p>\n<\/li>\n<\/ul>\n<p data-start=\"1920\" data-end=\"2026\">Este sistema garantiza un orde\u00f1o <strong data-start=\"1960\" data-end=\"1986\">delicado y eficiente<\/strong>, respetando el bienestar del animal.<\/p>\n<hr data-start=\"2028\" data-end=\"2031\">\n<h2 data-start=\"1743\" data-end=\"1766\">* Opciones disponibles<\/h2>\n<ul data-start=\"1768\" data-end=\"1923\">\n<li data-start=\"1768\" data-end=\"1833\">\n<p data-start=\"1770\" data-end=\"1833\"><strong data-start=\"1770\" data-end=\"1833\">Pulsador electr\u00f3nico con tarjeta interna 24 V CC + centralita<\/strong><\/p>\n<\/li>\n<\/ul>\n<p>&nbsp;<\/p>\n<h2 data-start=\"2033\" data-end=\"2062\">Equipamiento de la orde\u00f1adora<\/h2>\n<p data-start=\"2064\" data-end=\"2110\">La orde\u00f1adora de carro FA1775 se suministra con:<\/p>\n<ul data-start=\"2112\" data-end=\"2232\">\n<li data-start=\"2112\" data-end=\"2159\">\n<p data-start=\"2114\" data-end=\"2159\"><strong data-start=\"2114\" data-end=\"2159\">cant\u00e1ntara de leche de acero inoxidable de 30 litros<\/strong><\/p>\n<\/li>\n<li data-start=\"2160\" data-end=\"2193\">\n<p data-start=\"2162\" data-end=\"2193\"><strong data-start=\"2162\" data-end=\"2193\">grifo de vac\u00edo de 1\/2&#8243;<\/strong><\/p>\n<\/li>\n<li data-start=\"2194\" data-end=\"2232\">\n<p data-start=\"2196\" data-end=\"2232\"><strong data-start=\"2196\" data-end=\"2232\">mangueras de orde\u00f1o de 2,5 metros<\/strong><\/p>\n<\/li>\n<\/ul>\n<p data-start=\"2234\" data-end=\"2341\">Todas las piezas en contacto con la leche est\u00e1n fabricadas en <strong data-start=\"2292\" data-end=\"2308\">acero inoxidable<\/strong>, material ideal para garantizar:<\/p>\n<ul data-start=\"2343\" data-end=\"2413\">\n<li data-start=\"2343\" data-end=\"2359\">\n<p data-start=\"2345\" data-end=\"2359\">alta higiene<\/p>\n<\/li>\n<li data-start=\"2360\" data-end=\"2388\">\n<p data-start=\"2362\" data-end=\"2388\">resistencia a la corrosi\u00f3n<\/p>\n<\/li>\n<li data-start=\"2389\" data-end=\"2413\">\n<p data-start=\"2391\" data-end=\"2413\">larga vida \u00fatil<\/p>\n<\/li>\n<\/ul>\n<hr data-start=\"2415\" data-end=\"2418\">\n<h2 data-start=\"2420\" data-end=\"2458\">Limpieza y mantenimiento simplificados<\/h2>\n<p data-start=\"2460\" data-end=\"2535\">Para facilitar el mantenimiento diario, la orde\u00f1adora se entrega con:<\/p>\n<ul data-start=\"2537\" data-end=\"2609\">\n<li data-start=\"2537\" data-end=\"2572\">\n<p data-start=\"2539\" data-end=\"2572\"><strong data-start=\"2539\" data-end=\"2572\">juego de cepillos de limpieza<\/strong><\/p>\n<\/li>\n<li data-start=\"2573\" data-end=\"2609\">\n<p data-start=\"2575\" data-end=\"2609\"><strong data-start=\"2575\" data-end=\"2609\">detergente alcalino de 1 litro<\/strong><\/p>\n<\/li>\n<\/ul>\n<p data-start=\"2611\" data-end=\"2714\">Esto permite una <strong data-start=\"2631\" data-end=\"2668\">limpieza r\u00e1pida del circuito de leche<\/strong>, manteniendo siempre altos est\u00e1ndares de higiene.<\/p>\n<hr data-start=\"2716\" data-end=\"2719\">\n<h2 data-start=\"2721\" data-end=\"2750\">Caracter\u00edsticas principales<\/h2>\n<ul data-start=\"2752\" data-end=\"2983\">\n<li data-start=\"2752\" data-end=\"2787\">\n<p data-start=\"2754\" data-end=\"2787\">orde\u00f1adora <strong data-start=\"2765\" data-end=\"2787\">m\u00f3vil sobre carro<\/strong><\/p>\n<\/li>\n<li data-start=\"2788\" data-end=\"2824\">\n<p data-start=\"2790\" data-end=\"2824\"><strong data-start=\"2790\" data-end=\"2824\">bomba de vac\u00edo en ba\u00f1o de aceite<\/strong><\/p>\n<\/li>\n<li data-start=\"2825\" data-end=\"2854\">\n<p data-start=\"2827\" data-end=\"2854\"><strong data-start=\"2827\" data-end=\"2854\">caudal de la bomba 250 l\/min<\/strong><\/p>\n<\/li>\n<li data-start=\"2855\" data-end=\"2892\">\n<p data-start=\"2857\" data-end=\"2892\"><strong data-start=\"2857\" data-end=\"2892\">motor el\u00e9ctrico 0,55 kW \u2013 220 V<\/strong><\/p>\n<\/li>\n<li data-start=\"2893\" data-end=\"2925\">\n<p data-start=\"2895\" data-end=\"2925\"><strong data-start=\"2895\" data-end=\"2925\">c\u00e1ntara de leche inox de 30 l<\/strong><\/p>\n<\/li>\n<li data-start=\"2926\" data-end=\"2959\">\n<p data-start=\"2928\" data-end=\"2959\"><strong data-start=\"2928\" data-end=\"2959\">pulsador neum\u00e1tico 60 bpm<\/strong><\/p>\n<\/li>\n<li data-start=\"2960\" data-end=\"2983\">\n<p data-start=\"2962\" data-end=\"2983\"><strong data-start=\"2962\" data-end=\"2983\">certificaci\u00f3n CE<\/strong><\/p>\n<\/li>\n<\/ul>\n<hr data-start=\"2985\" data-end=\"2988\">\n<p data-start=\"2990\" data-end=\"3172\">\u2705 <strong data-start=\"2992\" data-end=\"3172\">La orde\u00f1adora de carro FA1775 con bomba en ba\u00f1o de aceite es la elecci\u00f3n ideal para ganaderos que buscan un sistema de orde\u00f1o m\u00f3vil, robusto y fiable para vacas lecheras.<\/strong><\/p>\n<p data-start=\"2990\" data-end=\"3172\">Distribuidores: solicita informaci\u00f3n <a href=\"https:\/\/fdasrl.it\/es\/contacto\/\">(HAZ CLIC AQU\u00cd)<\/a><\/p>\n<\/div>\n<div>C\u00f3mprala en nuestra <a href=\"https:\/\/fda-shop.it\/shop\/mungitura\/mungitrici-carrellate\/mungitrice-bovini\/mungitrice-carrellate-fa1775-per-bovini-a-un-gruppo-di-mungitura-con-motore-a-olio\" target=\"_blank\" rel=\"noopener\">tienda online<\/a><\/div>\n","protected":false},"excerpt":{"rendered":"<p>Orde\u00f1adora de carro FA1775 con bomba de vac\u00edo en ba\u00f1o de aceite de 250 l\/min, dise\u00f1ada para el orde\u00f1o eficiente de vacas lecheras. Estructura m\u00f3vil sobre carro, c\u00e1ntara de leche inox de 30 l y grupo de orde\u00f1o completo con pulsador neum\u00e1tico. Sistema robusto, fiable y con certificaci\u00f3n CE, ideal para uso directo en el establo.  <\/p>\n","protected":false},"featured_media":1116,"comment_status":"open","ping_status":"closed","template":"","meta":{"_et_pb_use_builder":"","_et_pb_old_content":"","_et_gb_content_width":""},"product_brand":[],"product_cat":[403,404],"product_tag":[408],"class_list":{"0":"post-1731","1":"product","2":"type-product","3":"status-publish","4":"has-post-thumbnail","6":"product_cat-bovinos","7":"product_cat-ordenadoras-de-carro","8":"product_tag-fa1775","10":"first","11":"instock","12":"shipping-taxable","13":"product-type-simple"},"yoast_head":"<!-- This site is optimized with the Yoast SEO Premium plugin v27.5 (Yoast SEO v27.5) - https:\/\/yoast.com\/product\/yoast-seo-premium-wordpress\/ -->\n<title>Orde\u00f1adora de carro para vacas con bomba en ba\u00f1o de aceite f\u00e1cil de usar<\/title>\n<meta name=\"description\" content=\"\u00a1Saca el m\u00e1ximo partido a la orde\u00f1adora de carro para vacas de un grupo! Rendimiento excepcional y mantenimiento reducido, \u00a1no pierdas la oportunidad! \ud83c\udf3e\" \/>\n<meta name=\"robots\" content=\"index, follow, max-snippet:-1, max-image-preview:large, max-video-preview:-1\" \/>\n<link rel=\"canonical\" href=\"https:\/\/fdasrl.it\/es\/prodotto\/ordenadora-de-carro-fa1775-con-bomba-en-bano-de-aceite-para-ganado-vacuno\/\" \/>\n<meta property=\"og:locale\" content=\"es_ES\" \/>\n<meta property=\"og:type\" content=\"article\" \/>\n<meta property=\"og:title\" content=\"Orde\u00f1adora de carro FA1775 con bomba en ba\u00f1o de aceite para ganado vacuno\" \/>\n<meta property=\"og:description\" content=\"\u00a1Saca el m\u00e1ximo partido a la orde\u00f1adora de carro para vacas de un grupo! Rendimiento excepcional y mantenimiento reducido, \u00a1no pierdas la oportunidad! \ud83c\udf3e\" \/>\n<meta property=\"og:url\" content=\"https:\/\/fdasrl.it\/es\/prodotto\/ordenadora-de-carro-fa1775-con-bomba-en-bano-de-aceite-para-ganado-vacuno\/\" \/>\n<meta property=\"og:site_name\" content=\"FDA srl\" \/>\n<meta property=\"article:publisher\" content=\"https:\/\/www.facebook.com\/share\/1MWhFWg1Tp\/?mibextid=LQQJ4d\" \/>\n<meta property=\"og:image\" content=\"https:\/\/fdasrl.it\/wp-content\/uploads\/2026\/03\/mungitrice-olio-fda-bovini-1-gruppo-3-4.jpg\" \/>\n\t<meta property=\"og:image:width\" content=\"922\" \/>\n\t<meta property=\"og:image:height\" content=\"800\" \/>\n\t<meta property=\"og:image:type\" content=\"image\/jpeg\" \/>\n<meta name=\"twitter:card\" content=\"summary_large_image\" \/>\n<meta name=\"twitter:label1\" content=\"Precio\" \/>\n\t<meta name=\"twitter:data1\" content=\"\" \/>\n\t<meta name=\"twitter:label2\" content=\"Disponibilidad\" \/>\n\t<meta name=\"twitter:data2\" content=\"Disponible\" \/>\n<meta property=\"product:price:currency\" content=\"EUR\" \/>\n<meta property=\"og:availability\" content=\"instock\" \/>\n<meta property=\"product:availability\" content=\"instock\" \/>\n<meta property=\"product:retailer_item_id\" content=\"FA1775\" \/>\n<meta property=\"product:condition\" content=\"new\" \/>\n<!-- \/ Yoast SEO Premium plugin. -->","yoast_head_json":{"title":"Orde\u00f1adora de carro para vacas con bomba en ba\u00f1o de aceite f\u00e1cil de usar","description":"\u00a1Saca el m\u00e1ximo partido a la orde\u00f1adora de carro para vacas de un grupo! Rendimiento excepcional y mantenimiento reducido, \u00a1no pierdas la oportunidad! \ud83c\udf3e","robots":{"index":"index","follow":"follow","max-snippet":"max-snippet:-1","max-image-preview":"max-image-preview:large","max-video-preview":"max-video-preview:-1"},"canonical":"https:\/\/fdasrl.it\/es\/prodotto\/ordenadora-de-carro-fa1775-con-bomba-en-bano-de-aceite-para-ganado-vacuno\/","og_locale":"es_ES","og_type":"article","og_title":"Orde\u00f1adora de carro FA1775 con bomba en ba\u00f1o de aceite para ganado vacuno","og_description":"\u00a1Saca el m\u00e1ximo partido a la orde\u00f1adora de carro para vacas de un grupo! Rendimiento excepcional y mantenimiento reducido, \u00a1no pierdas la oportunidad! \ud83c\udf3e","og_url":"https:\/\/fdasrl.it\/es\/prodotto\/ordenadora-de-carro-fa1775-con-bomba-en-bano-de-aceite-para-ganado-vacuno\/","og_site_name":"FDA srl","article_publisher":"https:\/\/www.facebook.com\/share\/1MWhFWg1Tp\/?mibextid=LQQJ4d","og_image":[{"width":922,"height":800,"url":"https:\/\/fdasrl.it\/wp-content\/uploads\/2026\/03\/mungitrice-olio-fda-bovini-1-gruppo-3-4.jpg","type":"image\/jpeg"}],"twitter_card":"summary_large_image","twitter_misc":{"Precio":"","Disponibilidad":"Disponible"},"schema":{"@context":"https:\/\/schema.org","@graph":[{"@type":"WebPage","@id":"https:\/\/fdasrl.it\/es\/prodotto\/ordenadora-de-carro-fa1775-con-bomba-en-bano-de-aceite-para-ganado-vacuno\/","url":"https:\/\/fdasrl.it\/es\/prodotto\/ordenadora-de-carro-fa1775-con-bomba-en-bano-de-aceite-para-ganado-vacuno\/","name":"Orde\u00f1adora de carro para vacas con bomba en ba\u00f1o de aceite f\u00e1cil de usar","isPartOf":{"@id":"https:\/\/fdasrl.it\/es\/#website"},"primaryImageOfPage":{"@id":"https:\/\/fdasrl.it\/es\/prodotto\/ordenadora-de-carro-fa1775-con-bomba-en-bano-de-aceite-para-ganado-vacuno\/#primaryimage"},"image":{"@id":"https:\/\/fdasrl.it\/es\/prodotto\/ordenadora-de-carro-fa1775-con-bomba-en-bano-de-aceite-para-ganado-vacuno\/#primaryimage"},"thumbnailUrl":"https:\/\/fdasrl.it\/wp-content\/uploads\/2026\/03\/mungitrice-olio-fda-bovini-1-gruppo-3-4.jpg","datePublished":"2026-03-03T16:31:13+00:00","description":"\u00a1Saca el m\u00e1ximo partido a la orde\u00f1adora de carro para vacas de un grupo! Rendimiento excepcional y mantenimiento reducido, \u00a1no pierdas la oportunidad! \ud83c\udf3e","breadcrumb":{"@id":"https:\/\/fdasrl.it\/es\/prodotto\/ordenadora-de-carro-fa1775-con-bomba-en-bano-de-aceite-para-ganado-vacuno\/#breadcrumb"},"inLanguage":"es","potentialAction":[{"@type":"ReadAction","target":["https:\/\/fdasrl.it\/es\/prodotto\/ordenadora-de-carro-fa1775-con-bomba-en-bano-de-aceite-para-ganado-vacuno\/"]}]},{"@type":"ImageObject","inLanguage":"es","@id":"https:\/\/fdasrl.it\/es\/prodotto\/ordenadora-de-carro-fa1775-con-bomba-en-bano-de-aceite-para-ganado-vacuno\/#primaryimage","url":"https:\/\/fdasrl.it\/wp-content\/uploads\/2026\/03\/mungitrice-olio-fda-bovini-1-gruppo-3-4.jpg","contentUrl":"https:\/\/fdasrl.it\/wp-content\/uploads\/2026\/03\/mungitrice-olio-fda-bovini-1-gruppo-3-4.jpg","width":922,"height":800,"caption":"Orde\u00f1adora de carro FA1775 para vacas con c\u00e1ntara de acero inoxidable, bomba de vac\u00edo lubricada por aceite y grupo de orde\u00f1o."},{"@type":"BreadcrumbList","@id":"https:\/\/fdasrl.it\/es\/prodotto\/ordenadora-de-carro-fa1775-con-bomba-en-bano-de-aceite-para-ganado-vacuno\/#breadcrumb","itemListElement":[{"@type":"ListItem","position":1,"name":"Home","item":"https:\/\/fdasrl.it\/es\/inicio\/"},{"@type":"ListItem","position":2,"name":"Tienda","item":"https:\/\/fdasrl.it\/es\/tienda\/"},{"@type":"ListItem","position":3,"name":"Orde\u00f1adora de carro FA1775 con bomba en ba\u00f1o de aceite para ganado vacuno"}]},{"@type":"WebSite","@id":"https:\/\/fdasrl.it\/es\/#website","url":"https:\/\/fdasrl.it\/es\/","name":"FDA srl","description":"Equipment for animal husbandry","publisher":{"@id":"https:\/\/fdasrl.it\/es\/#organization"},"potentialAction":[{"@type":"SearchAction","target":{"@type":"EntryPoint","urlTemplate":"https:\/\/fdasrl.it\/es\/?s={search_term_string}"},"query-input":{"@type":"PropertyValueSpecification","valueRequired":true,"valueName":"search_term_string"}}],"inLanguage":"es"},{"@type":"Organization","@id":"https:\/\/fdasrl.it\/es\/#organization","name":"FDA srl","url":"https:\/\/fdasrl.it\/es\/","logo":{"@type":"ImageObject","inLanguage":"es","@id":"https:\/\/fdasrl.it\/es\/#\/schema\/logo\/image\/","url":"https:\/\/fdasrl.it\/wp-content\/uploads\/2024\/12\/Logo-FDA.png","contentUrl":"https:\/\/fdasrl.it\/wp-content\/uploads\/2024\/12\/Logo-FDA.png","width":316,"height":119,"caption":"FDA srl"},"image":{"@id":"https:\/\/fdasrl.it\/es\/#\/schema\/logo\/image\/"},"sameAs":["https:\/\/www.facebook.com\/share\/1MWhFWg1Tp\/?mibextid=LQQJ4d","https:\/\/www.instagram.com\/fda_srl\/profilecard\/?igsh=YW5lbzJ6MWg0d21u","https:\/\/www.youtube.com\/@FDASRL_ANIMALCARE"],"description":"FDA SRL \u2013 Equipment for animal husbandry nasce con l\u2019obiettivo di offrire soluzioni affidabili e innovative per l\u2019allevamento moderno. Con anni di esperienza nel settore zootecnico, progettiamo e realizziamo attrezzature destinate al benessere animale e alla gestione efficiente delle stalle: vasche, abbeveratoi, mangiatoie e sistemi di riscaldamento pensati per durare nel tempo e semplificare il lavoro quotidiano degli allevatori. Dalla progettazione alla produzione, ogni nostro prodotto \u00e8 studiato nei minimi dettagli, testato con cura e costruito per rispondere alle esigenze reali del settore. La nostra forza \u00e8 unire artigianalit\u00e0, tecnologia e competenza tecnica per trasformare ogni progetto in una soluzione concreta e funzionale. Oggi FDA SRL \u00e8 un punto di riferimento per privati e rivenditori che cercano qualit\u00e0, affidabilit\u00e0 e innovazione nelle attrezzature per l\u2019allevamento.","email":"info@fdasrl.it","telephone":"+390522826820","legalName":"F.D.A. SRL","foundingDate":"2024-10-13","vatID":"03075840359","taxID":"03075840359","numberOfEmployees":{"@type":"QuantitativeValue","minValue":"1","maxValue":"10"}}]},"product_price_currency":"EUR","og_availability":"instock","product_availability":"instock","product_retailer_item_id":"FA1775","product_condition":"new"},"_links":{"self":[{"href":"https:\/\/fdasrl.it\/es\/wp-json\/wp\/v2\/product\/1731","targetHints":{"allow":["GET"]}}],"collection":[{"href":"https:\/\/fdasrl.it\/es\/wp-json\/wp\/v2\/product"}],"about":[{"href":"https:\/\/fdasrl.it\/es\/wp-json\/wp\/v2\/types\/product"}],"replies":[{"embeddable":true,"href":"https:\/\/fdasrl.it\/es\/wp-json\/wp\/v2\/comments?post=1731"}],"wp:featuredmedia":[{"embeddable":true,"href":"https:\/\/fdasrl.it\/es\/wp-json\/wp\/v2\/media\/1116"}],"wp:attachment":[{"href":"https:\/\/fdasrl.it\/es\/wp-json\/wp\/v2\/media?parent=1731"}],"wp:term":[{"taxonomy":"product_brand","embeddable":true,"href":"https:\/\/fdasrl.it\/es\/wp-json\/wp\/v2\/product_brand?post=1731"},{"taxonomy":"product_cat","embeddable":true,"href":"https:\/\/fdasrl.it\/es\/wp-json\/wp\/v2\/product_cat?post=1731"},{"taxonomy":"product_tag","embeddable":true,"href":"https:\/\/fdasrl.it\/es\/wp-json\/wp\/v2\/product_tag?post=1731"}],"curies":[{"name":"wp","href":"https:\/\/api.w.org\/{rel}","templated":true}]}}