{"id":1800,"date":"2026-03-04T09:25:32","date_gmt":"2026-03-04T08:25:32","guid":{"rendered":"https:\/\/fdasrl.it\/prodotto\/ordenadora-de-carro-fa06433-para-cabras-y-ovejas-de-4-grupos-con-bomba-en-bano-de-aceite\/"},"modified":"2026-03-04T09:25:32","modified_gmt":"2026-03-04T08:25:32","slug":"ordenadora-de-carro-fa06433-para-cabras-y-ovejas-de-4-grupos-con-bomba-en-bano-de-aceite","status":"publish","type":"product","link":"https:\/\/fdasrl.it\/es\/prodotto\/ordenadora-de-carro-fa06433-para-cabras-y-ovejas-de-4-grupos-con-bomba-en-bano-de-aceite\/","title":{"rendered":"Orde\u00f1adora de carro FA06433 para cabras y ovejas de 4 grupos con bomba en ba\u00f1o de aceite"},"content":{"rendered":"<div>\n<h3 data-start=\"306\" data-end=\"418\">\ud83d\udc10\ud83d\udc11 Orde\u00f1adora de carro FA06433 para cabras y ovejas de 4 grupos con bomba en ba\u00f1o de aceite<\/h3>\n<p data-start=\"286\" data-end=\"451\">La <strong data-start=\"289\" data-end=\"341\">orde\u00f1adora de carro FA06433 para cabras y ovejas<\/strong> est\u00e1 dise\u00f1ada para garantizar un orde\u00f1o <strong data-start=\"383\" data-end=\"450\">r\u00e1pido, eficiente e higi\u00e9nico en las explotaciones ovinas y caprinas<\/strong>.<\/p>\n<p data-start=\"453\" data-end=\"686\">Gracias a la <strong data-start=\"465\" data-end=\"497\">estructura m\u00f3vil sobre carro<\/strong> y al sistema con <strong data-start=\"515\" data-end=\"549\">bomba de vac\u00edo en ba\u00f1o de aceite<\/strong>, permite orde\u00f1ar <strong data-start=\"571\" data-end=\"616\">hasta cuatro animales simult\u00e1neamente<\/strong>, mejorando la productividad y reduciendo los tiempos de trabajo en el establo.<\/p>\n<p data-start=\"688\" data-end=\"849\">El sistema est\u00e1 dise\u00f1ado para ofrecer <strong data-start=\"724\" data-end=\"777\">fiabilidad, facilidad de uso y larga duraci\u00f3n<\/strong>, con componentes resistentes y materiales aptos para el contacto con la leche.<\/p>\n<hr data-start=\"851\" data-end=\"854\">\n<h2 data-start=\"856\" data-end=\"885\">Caracter\u00edsticas principales<\/h2>\n<ul data-start=\"887\" data-end=\"1552\">\n<li data-start=\"887\" data-end=\"999\">\n<p data-start=\"889\" data-end=\"999\"><strong data-start=\"889\" data-end=\"974\">Bomba de vac\u00edo en ba\u00f1o de aceite de 280 l\/min con motor el\u00e9ctrico 220 VAC \u2013 0,75 kW<\/strong> de dep\u00f3sitos separados**<\/p>\n<\/li>\n<li data-start=\"1000\" data-end=\"1046\">\n<p data-start=\"1002\" data-end=\"1046\"><strong data-start=\"1002\" data-end=\"1044\">4 grupos de orde\u00f1o para cabra\/oveja<\/strong><\/p>\n<\/li>\n<li data-start=\"1047\" data-end=\"1108\">\n<p data-start=\"1049\" data-end=\"1108\"><strong data-start=\"1049\" data-end=\"1106\">2 pulsadores neum\u00e1ticos cabra\/oveja (90\u2013120 bpm)*<\/strong><\/p>\n<\/li>\n<li data-start=\"1109\" data-end=\"1160\">\n<p data-start=\"1111\" data-end=\"1160\"><strong data-start=\"1111\" data-end=\"1158\">Pezoneras de policarbonato de alta resistencia<\/strong><\/p>\n<\/li>\n<li data-start=\"1161\" data-end=\"1223\">\n<p data-start=\"1163\" data-end=\"1223\"><strong data-start=\"1163\" data-end=\"1221\">4 colectores alimentarios para cabra\/oveja mod. 13300<\/strong><\/p>\n<\/li>\n<li data-start=\"1224\" data-end=\"1267\">\n<p data-start=\"1226\" data-end=\"1267\"><strong data-start=\"1226\" data-end=\"1265\">Manguitos de silicona para el orde\u00f1o<\/strong><\/p>\n<\/li>\n<li data-start=\"1268\" data-end=\"1334\">\n<p data-start=\"1270\" data-end=\"1334\"><strong data-start=\"1270\" data-end=\"1332\">Dep\u00f3sito de vac\u00edo de 18 litros con v\u00e1lvula de regulaci\u00f3n<\/strong><\/p>\n<\/li>\n<li data-start=\"1335\" data-end=\"1385\">\n<p data-start=\"1337\" data-end=\"1385\"><strong data-start=\"1337\" data-end=\"1383\">Vacu\u00f3metro para el control de la depresi\u00f3n<\/strong><\/p>\n<\/li>\n<li data-start=\"1386\" data-end=\"1421\">\n<p data-start=\"1388\" data-end=\"1421\"><strong data-start=\"1388\" data-end=\"1419\">Grifo de vac\u00edo de 1\/2&#8243;<\/strong><\/p>\n<\/li>\n<li data-start=\"1422\" data-end=\"1471\">\n<p data-start=\"1424\" data-end=\"1471\"><strong data-start=\"1424\" data-end=\"1469\">C\u00e1ntara de leche de acero inoxidable de 40 litros<\/strong><\/p>\n<\/li>\n<li data-start=\"1472\" data-end=\"1528\">\n<p data-start=\"1474\" data-end=\"1528\"><strong data-start=\"1474\" data-end=\"1526\">Tuber\u00edas de orde\u00f1o de 2,5 metros por cada grupo<\/strong><\/p>\n<\/li>\n<li data-start=\"1529\" data-end=\"1552\">\n<p data-start=\"1531\" data-end=\"1552\"><strong data-start=\"1531\" data-end=\"1552\">Certificaci\u00f3n CE<\/strong><\/p>\n<\/li>\n<\/ul>\n<hr data-start=\"1554\" data-end=\"1557\">\n<h2 data-start=\"1559\" data-end=\"1579\">Equipamiento incluido<\/h2>\n<p data-start=\"1581\" data-end=\"1683\">Para facilitar el mantenimiento y garantizar altos est\u00e1ndares higi\u00e9nicos, la orde\u00f1adora se suministra con:<\/p>\n<ul data-start=\"1685\" data-end=\"1757\">\n<li data-start=\"1685\" data-end=\"1720\">\n<p data-start=\"1687\" data-end=\"1720\"><strong data-start=\"1687\" data-end=\"1720\">Juego de cepillos de limpieza<\/strong><\/p>\n<\/li>\n<li data-start=\"1721\" data-end=\"1757\">\n<p data-start=\"1723\" data-end=\"1757\"><strong data-start=\"1723\" data-end=\"1757\">Detergente alcalino de 1 litro<\/strong><\/p>\n<\/li>\n<\/ul>\n<p data-start=\"1759\" data-end=\"1913\">Las partes en contacto con la leche est\u00e1n fabricadas con <strong data-start=\"1812\" data-end=\"1851\">materiales aptos para uso alimentario<\/strong>, para asegurar <strong data-start=\"1868\" data-end=\"1912\">higiene, seguridad y resistencia a lo largo del tiempo<\/strong>.<\/p>\n<hr data-start=\"1915\" data-end=\"1918\">\n<h2 data-start=\"1920\" data-end=\"1943\">Opciones disponibles<\/h2>\n<p data-start=\"1945\" data-end=\"2011\">* <strong data-start=\"1948\" data-end=\"2011\">Pulsador electr\u00f3nico con tarjeta interna 24 VDC + centralita<\/strong><\/p>\n<p data-start=\"2013\" data-end=\"2100\">** <strong data-start=\"2018\" data-end=\"2100\">Bomba de vac\u00edo en ba\u00f1o de aceite de 400 l\/min con motor el\u00e9ctrico 220 VAC \u2013 1,10 kW<\/strong><\/p>\n<hr data-start=\"2102\" data-end=\"2105\">\n<p data-start=\"2107\" data-end=\"2325\">\u2705 <strong data-start=\"2109\" data-end=\"2325\">La orde\u00f1adora de carro FA06433 es la soluci\u00f3n ideal para explotaciones de cabras y ovejas que necesitan un sistema de orde\u00f1o m\u00f3vil, fiable y dise\u00f1ado para trabajar con varios animales simult\u00e1neamente.<\/strong><\/p>\n<hr data-start=\"1949\" data-end=\"1952\">\n<h4 data-start=\"1954\" data-end=\"1993\"><\/h4>\n<h4 data-start=\"1954\" data-end=\"1993\">Distribuidores y revendedores: solicita informaci\u00f3n <a href=\"https:\/\/fdasrl.it\/es\/contacto\/\">(HAZ CLIC AQU\u00cd)<\/a><\/h4>\n<h4 data-start=\"1954\" data-end=\"1993\">\ud83d\uded2 C\u00f3mprala online &#8211; <strong data-start=\"1961\" data-end=\"1993\">Disponible en dos versiones:<\/strong><\/h4>\n<ul data-start=\"1994\" data-end=\"2080\">\n<li data-start=\"1994\" data-end=\"2037\">\n<p data-start=\"1996\" data-end=\"2037\">\u2705 [<strong data-start=\"1999\" data-end=\"2021\">Versi\u00f3n para cabras<\/strong> \u2013 <a href=\"https:\/\/fda-shop.it\/shop\/mungitura\/mungitrici-carrellate\/mungitrice-carrellata-4-gruppi-per-capre-e-pecore-con-pompa-a-bagno-olio-280-400-lmin#\/302-tipo_motore_olio-motore_standard_280_litri_pecore\">haz clic aqu\u00ed<\/a>]<\/p>\n<\/li>\n<li data-start=\"2038\" data-end=\"2080\">\n<p data-start=\"2040\" data-end=\"2080\">\u2705 [<strong data-start=\"2043\" data-end=\"2066\">Versi\u00f3n para ovejas<\/strong> \u2013 <a href=\"https:\/\/fda-shop.it\/shop\/mungitura\/mungitrici-carrellate\/mungitrice-carrellata-4-gruppi-per-capre-e-pecore-con-pompa-a-bagno-olio-280-400-lmin#\/302-tipo_motore_olio-motore_standard_280_litri_pecore\">haz clic aqu\u00ed<\/a>]<\/p>\n<\/li>\n<\/ul>\n<\/div>\n","protected":false},"excerpt":{"rendered":"<p>Orde\u00f1adora de carro FA06433 para cabras y ovejas con 4 grupos de orde\u00f1o y bomba de vac\u00edo en ba\u00f1o de aceite de 280 l\/min (opcional 400 l\/min). Equipada con c\u00e1ntara de leche de acero inoxidable de 40 l, pezoneras de policarbonato y manguitos de silicona. Sistema m\u00f3vil, fiable y con certificaci\u00f3n CE, ideal para el orde\u00f1o simult\u00e1neo de varios animales.  <\/p>\n","protected":false},"featured_media":1133,"comment_status":"open","ping_status":"closed","template":"","meta":{"_et_pb_use_builder":"","_et_pb_old_content":"","_et_gb_content_width":""},"product_brand":[],"product_cat":[404,420],"product_tag":[421],"class_list":{"0":"post-1800","1":"product","2":"type-product","3":"status-publish","4":"has-post-thumbnail","6":"product_cat-ordenadoras-de-carro","7":"product_cat-ovinos-y-caprinos","8":"product_tag-fa06433","10":"first","11":"instock","12":"shipping-taxable","13":"product-type-simple"},"yoast_head":"<!-- This site is optimized with the Yoast SEO Premium plugin v27.5 (Yoast SEO v27.5) - https:\/\/yoast.com\/product\/yoast-seo-premium-wordpress\/ -->\n<title>Orde\u00f1adora de carro cabras ovejas 4 grupos bomba en ba\u00f1o de aceite<\/title>\n<meta name=\"description\" content=\"Descubre la orde\u00f1adora de carro para cabras y ovejas, ideal para un orde\u00f1o r\u00e1pido e higi\u00e9nico. \u00a1Aumenta tu productividad en el establo!\" \/>\n<meta name=\"robots\" content=\"index, follow, max-snippet:-1, max-image-preview:large, max-video-preview:-1\" \/>\n<link rel=\"canonical\" href=\"https:\/\/fdasrl.it\/es\/prodotto\/ordenadora-de-carro-fa06433-para-cabras-y-ovejas-de-4-grupos-con-bomba-en-bano-de-aceite\/\" \/>\n<meta property=\"og:locale\" content=\"es_ES\" \/>\n<meta property=\"og:type\" content=\"article\" \/>\n<meta property=\"og:title\" content=\"Orde\u00f1adora de carro FA06433 para cabras y ovejas de 4 grupos con bomba en ba\u00f1o de aceite\" \/>\n<meta property=\"og:description\" content=\"Descubre la orde\u00f1adora de carro para cabras y ovejas, ideal para un orde\u00f1o r\u00e1pido e higi\u00e9nico. \u00a1Aumenta tu productividad en el establo!\" \/>\n<meta property=\"og:url\" content=\"https:\/\/fdasrl.it\/es\/prodotto\/ordenadora-de-carro-fa06433-para-cabras-y-ovejas-de-4-grupos-con-bomba-en-bano-de-aceite\/\" \/>\n<meta property=\"og:site_name\" content=\"FDA srl\" \/>\n<meta property=\"article:publisher\" content=\"https:\/\/www.facebook.com\/share\/1MWhFWg1Tp\/?mibextid=LQQJ4d\" \/>\n<meta property=\"og:image\" content=\"https:\/\/fdasrl.it\/wp-content\/uploads\/2026\/03\/mungitrice-carrellata-4-gruppi-per-capre-e-pecore-con-pompa-a-olio-280-lmin-3.jpg\" \/>\n\t<meta property=\"og:image:width\" content=\"1327\" \/>\n\t<meta property=\"og:image:height\" content=\"1365\" \/>\n\t<meta property=\"og:image:type\" content=\"image\/jpeg\" \/>\n<meta name=\"twitter:card\" content=\"summary_large_image\" \/>\n<meta name=\"twitter:label1\" content=\"Precio\" \/>\n\t<meta name=\"twitter:data1\" content=\"\" \/>\n\t<meta name=\"twitter:label2\" content=\"Disponibilidad\" \/>\n\t<meta name=\"twitter:data2\" content=\"Disponible\" \/>\n<meta property=\"product:price:currency\" content=\"EUR\" \/>\n<meta property=\"og:availability\" content=\"instock\" \/>\n<meta property=\"product:availability\" content=\"instock\" \/>\n<meta property=\"product:retailer_item_id\" content=\"FA06433\" \/>\n<meta property=\"product:condition\" content=\"new\" \/>\n<!-- \/ Yoast SEO Premium plugin. -->","yoast_head_json":{"title":"Orde\u00f1adora de carro cabras ovejas 4 grupos bomba en ba\u00f1o de aceite","description":"Descubre la orde\u00f1adora de carro para cabras y ovejas, ideal para un orde\u00f1o r\u00e1pido e higi\u00e9nico. \u00a1Aumenta tu productividad en el establo!","robots":{"index":"index","follow":"follow","max-snippet":"max-snippet:-1","max-image-preview":"max-image-preview:large","max-video-preview":"max-video-preview:-1"},"canonical":"https:\/\/fdasrl.it\/es\/prodotto\/ordenadora-de-carro-fa06433-para-cabras-y-ovejas-de-4-grupos-con-bomba-en-bano-de-aceite\/","og_locale":"es_ES","og_type":"article","og_title":"Orde\u00f1adora de carro FA06433 para cabras y ovejas de 4 grupos con bomba en ba\u00f1o de aceite","og_description":"Descubre la orde\u00f1adora de carro para cabras y ovejas, ideal para un orde\u00f1o r\u00e1pido e higi\u00e9nico. \u00a1Aumenta tu productividad en el establo!","og_url":"https:\/\/fdasrl.it\/es\/prodotto\/ordenadora-de-carro-fa06433-para-cabras-y-ovejas-de-4-grupos-con-bomba-en-bano-de-aceite\/","og_site_name":"FDA srl","article_publisher":"https:\/\/www.facebook.com\/share\/1MWhFWg1Tp\/?mibextid=LQQJ4d","og_image":[{"width":1327,"height":1365,"url":"https:\/\/fdasrl.it\/wp-content\/uploads\/2026\/03\/mungitrice-carrellata-4-gruppi-per-capre-e-pecore-con-pompa-a-olio-280-lmin-3.jpg","type":"image\/jpeg"}],"twitter_card":"summary_large_image","twitter_misc":{"Precio":"","Disponibilidad":"Disponible"},"schema":{"@context":"https:\/\/schema.org","@graph":[{"@type":"WebPage","@id":"https:\/\/fdasrl.it\/es\/prodotto\/ordenadora-de-carro-fa06433-para-cabras-y-ovejas-de-4-grupos-con-bomba-en-bano-de-aceite\/","url":"https:\/\/fdasrl.it\/es\/prodotto\/ordenadora-de-carro-fa06433-para-cabras-y-ovejas-de-4-grupos-con-bomba-en-bano-de-aceite\/","name":"Orde\u00f1adora de carro cabras ovejas 4 grupos bomba en ba\u00f1o de aceite","isPartOf":{"@id":"https:\/\/fdasrl.it\/es\/#website"},"primaryImageOfPage":{"@id":"https:\/\/fdasrl.it\/es\/prodotto\/ordenadora-de-carro-fa06433-para-cabras-y-ovejas-de-4-grupos-con-bomba-en-bano-de-aceite\/#primaryimage"},"image":{"@id":"https:\/\/fdasrl.it\/es\/prodotto\/ordenadora-de-carro-fa06433-para-cabras-y-ovejas-de-4-grupos-con-bomba-en-bano-de-aceite\/#primaryimage"},"thumbnailUrl":"https:\/\/fdasrl.it\/wp-content\/uploads\/2026\/03\/mungitrice-carrellata-4-gruppi-per-capre-e-pecore-con-pompa-a-olio-280-lmin-3.jpg","datePublished":"2026-03-04T08:25:32+00:00","description":"Descubre la orde\u00f1adora de carro para cabras y ovejas, ideal para un orde\u00f1o r\u00e1pido e higi\u00e9nico. \u00a1Aumenta tu productividad en el establo!","breadcrumb":{"@id":"https:\/\/fdasrl.it\/es\/prodotto\/ordenadora-de-carro-fa06433-para-cabras-y-ovejas-de-4-grupos-con-bomba-en-bano-de-aceite\/#breadcrumb"},"inLanguage":"es","potentialAction":[{"@type":"ReadAction","target":["https:\/\/fdasrl.it\/es\/prodotto\/ordenadora-de-carro-fa06433-para-cabras-y-ovejas-de-4-grupos-con-bomba-en-bano-de-aceite\/"]}]},{"@type":"ImageObject","inLanguage":"es","@id":"https:\/\/fdasrl.it\/es\/prodotto\/ordenadora-de-carro-fa06433-para-cabras-y-ovejas-de-4-grupos-con-bomba-en-bano-de-aceite\/#primaryimage","url":"https:\/\/fdasrl.it\/wp-content\/uploads\/2026\/03\/mungitrice-carrellata-4-gruppi-per-capre-e-pecore-con-pompa-a-olio-280-lmin-3.jpg","contentUrl":"https:\/\/fdasrl.it\/wp-content\/uploads\/2026\/03\/mungitrice-carrellata-4-gruppi-per-capre-e-pecore-con-pompa-a-olio-280-lmin-3.jpg","width":1327,"height":1365,"caption":"Orde\u00f1adora profesional para cabras y ovejas con cuatro grupos de orde\u00f1o y c\u00e1ntara de leche de acero inoxidable."},{"@type":"BreadcrumbList","@id":"https:\/\/fdasrl.it\/es\/prodotto\/ordenadora-de-carro-fa06433-para-cabras-y-ovejas-de-4-grupos-con-bomba-en-bano-de-aceite\/#breadcrumb","itemListElement":[{"@type":"ListItem","position":1,"name":"Home","item":"https:\/\/fdasrl.it\/es\/inicio\/"},{"@type":"ListItem","position":2,"name":"Tienda","item":"https:\/\/fdasrl.it\/es\/tienda\/"},{"@type":"ListItem","position":3,"name":"Orde\u00f1adora de carro FA06433 para cabras y ovejas de 4 grupos con bomba en ba\u00f1o de aceite"}]},{"@type":"WebSite","@id":"https:\/\/fdasrl.it\/es\/#website","url":"https:\/\/fdasrl.it\/es\/","name":"FDA srl","description":"Equipment for animal husbandry","publisher":{"@id":"https:\/\/fdasrl.it\/es\/#organization"},"potentialAction":[{"@type":"SearchAction","target":{"@type":"EntryPoint","urlTemplate":"https:\/\/fdasrl.it\/es\/?s={search_term_string}"},"query-input":{"@type":"PropertyValueSpecification","valueRequired":true,"valueName":"search_term_string"}}],"inLanguage":"es"},{"@type":"Organization","@id":"https:\/\/fdasrl.it\/es\/#organization","name":"FDA srl","url":"https:\/\/fdasrl.it\/es\/","logo":{"@type":"ImageObject","inLanguage":"es","@id":"https:\/\/fdasrl.it\/es\/#\/schema\/logo\/image\/","url":"https:\/\/fdasrl.it\/wp-content\/uploads\/2024\/12\/Logo-FDA.png","contentUrl":"https:\/\/fdasrl.it\/wp-content\/uploads\/2024\/12\/Logo-FDA.png","width":316,"height":119,"caption":"FDA srl"},"image":{"@id":"https:\/\/fdasrl.it\/es\/#\/schema\/logo\/image\/"},"sameAs":["https:\/\/www.facebook.com\/share\/1MWhFWg1Tp\/?mibextid=LQQJ4d","https:\/\/www.instagram.com\/fda_srl\/profilecard\/?igsh=YW5lbzJ6MWg0d21u","https:\/\/www.youtube.com\/@FDASRL_ANIMALCARE"],"description":"FDA SRL \u2013 Equipment for animal husbandry nasce con l\u2019obiettivo di offrire soluzioni affidabili e innovative per l\u2019allevamento moderno. Con anni di esperienza nel settore zootecnico, progettiamo e realizziamo attrezzature destinate al benessere animale e alla gestione efficiente delle stalle: vasche, abbeveratoi, mangiatoie e sistemi di riscaldamento pensati per durare nel tempo e semplificare il lavoro quotidiano degli allevatori. Dalla progettazione alla produzione, ogni nostro prodotto \u00e8 studiato nei minimi dettagli, testato con cura e costruito per rispondere alle esigenze reali del settore. La nostra forza \u00e8 unire artigianalit\u00e0, tecnologia e competenza tecnica per trasformare ogni progetto in una soluzione concreta e funzionale. Oggi FDA SRL \u00e8 un punto di riferimento per privati e rivenditori che cercano qualit\u00e0, affidabilit\u00e0 e innovazione nelle attrezzature per l\u2019allevamento.","email":"info@fdasrl.it","telephone":"+390522826820","legalName":"F.D.A. SRL","foundingDate":"2024-10-13","vatID":"03075840359","taxID":"03075840359","numberOfEmployees":{"@type":"QuantitativeValue","minValue":"1","maxValue":"10"}}]},"product_price_currency":"EUR","og_availability":"instock","product_availability":"instock","product_retailer_item_id":"FA06433","product_condition":"new"},"_links":{"self":[{"href":"https:\/\/fdasrl.it\/es\/wp-json\/wp\/v2\/product\/1800","targetHints":{"allow":["GET"]}}],"collection":[{"href":"https:\/\/fdasrl.it\/es\/wp-json\/wp\/v2\/product"}],"about":[{"href":"https:\/\/fdasrl.it\/es\/wp-json\/wp\/v2\/types\/product"}],"replies":[{"embeddable":true,"href":"https:\/\/fdasrl.it\/es\/wp-json\/wp\/v2\/comments?post=1800"}],"wp:featuredmedia":[{"embeddable":true,"href":"https:\/\/fdasrl.it\/es\/wp-json\/wp\/v2\/media\/1133"}],"wp:attachment":[{"href":"https:\/\/fdasrl.it\/es\/wp-json\/wp\/v2\/media?parent=1800"}],"wp:term":[{"taxonomy":"product_brand","embeddable":true,"href":"https:\/\/fdasrl.it\/es\/wp-json\/wp\/v2\/product_brand?post=1800"},{"taxonomy":"product_cat","embeddable":true,"href":"https:\/\/fdasrl.it\/es\/wp-json\/wp\/v2\/product_cat?post=1800"},{"taxonomy":"product_tag","embeddable":true,"href":"https:\/\/fdasrl.it\/es\/wp-json\/wp\/v2\/product_tag?post=1800"}],"curies":[{"name":"wp","href":"https:\/\/api.w.org\/{rel}","templated":true}]}}