{"id":1906,"date":"2026-03-04T10:14:16","date_gmt":"2026-03-04T09:14:16","guid":{"rendered":"https:\/\/fdasrl.it\/prodotto\/ordenadora-de-carro-fa07149-para-cabras-y-ovejas-de-2-grupos-con-bomba-en-bano-de-aceite\/"},"modified":"2026-03-04T10:14:16","modified_gmt":"2026-03-04T09:14:16","slug":"ordenadora-de-carro-fa07149-para-cabras-y-ovejas-de-2-grupos-con-bomba-en-bano-de-aceite","status":"publish","type":"product","link":"https:\/\/fdasrl.it\/es\/prodotto\/ordenadora-de-carro-fa07149-para-cabras-y-ovejas-de-2-grupos-con-bomba-en-bano-de-aceite\/","title":{"rendered":"Orde\u00f1adora de carro FA07149 para cabras y ovejas de 2 grupos con bomba en ba\u00f1o de aceite"},"content":{"rendered":"<div>\n<h3 data-start=\"306\" data-end=\"418\">Orde\u00f1adora de carro FA07149 para cabras y ovejas de 2 grupos con bomba en ba\u00f1o de aceite<\/h3>\n<p data-start=\"277\" data-end=\"443\">La <strong data-start=\"280\" data-end=\"332\">orde\u00f1adora de carro FA07149 para cabras y ovejas<\/strong> est\u00e1 dise\u00f1ada para garantizar un orde\u00f1o <strong data-start=\"374\" data-end=\"442\">eficiente, pr\u00e1ctico e higi\u00e9nico en las explotaciones ovinas y caprinas<\/strong>.<\/p>\n<p data-start=\"445\" data-end=\"750\">Gracias a la <strong data-start=\"457\" data-end=\"489\">estructura m\u00f3vil sobre carro<\/strong> y a la <strong data-start=\"497\" data-end=\"531\">bomba de vac\u00edo en ba\u00f1o de aceite<\/strong>, ofrece un rendimiento fiable y una larga vida \u00fatil. El sistema de <strong data-start=\"601\" data-end=\"625\">dos grupos de orde\u00f1o<\/strong> permite orde\u00f1ar a <strong data-start=\"646\" data-end=\"680\">dos animales simult\u00e1neamente<\/strong>, mejorando la productividad y reduciendo los tiempos de trabajo en el establo. <\/p>\n<hr data-start=\"752\" data-end=\"755\">\n<h2 data-start=\"757\" data-end=\"786\">Caracter\u00edsticas principales<\/h2>\n<ul data-start=\"788\" data-end=\"1453\">\n<li data-start=\"788\" data-end=\"902\">\n<p data-start=\"790\" data-end=\"902\"><strong data-start=\"790\" data-end=\"837\">Bomba de vac\u00edo en ba\u00f1o de aceite de 250 l\/min<\/strong> con motor el\u00e9ctrico <strong data-start=\"859\" data-end=\"879\">220 V CA \u2013 0,55 kW<\/strong> con dep\u00f3sitos separados<\/p>\n<\/li>\n<li data-start=\"903\" data-end=\"949\">\n<p data-start=\"905\" data-end=\"949\"><strong data-start=\"905\" data-end=\"947\">2 grupos de orde\u00f1o para cabra\/oveja<\/strong><\/p>\n<\/li>\n<li data-start=\"950\" data-end=\"1006\">\n<p data-start=\"952\" data-end=\"1006\"><strong data-start=\"952\" data-end=\"1004\">Pulsador neum\u00e1tico cabra\/oveja (90\u2013120 ppm)*<\/strong><\/p>\n<\/li>\n<li data-start=\"1007\" data-end=\"1058\">\n<p data-start=\"1009\" data-end=\"1058\"><strong data-start=\"1009\" data-end=\"1056\">Pezoneras de policarbonato de alta resistencia<\/strong><\/p>\n<\/li>\n<li data-start=\"1059\" data-end=\"1121\">\n<p data-start=\"1061\" data-end=\"1121\"><strong data-start=\"1061\" data-end=\"1119\">2 colectores alimentarios para cabra\/oveja mod. 13300<\/strong><\/p>\n<\/li>\n<li data-start=\"1122\" data-end=\"1165\">\n<p data-start=\"1124\" data-end=\"1165\"><strong data-start=\"1124\" data-end=\"1163\">Manguitos de silicona para el orde\u00f1o<\/strong><\/p>\n<\/li>\n<li data-start=\"1166\" data-end=\"1232\">\n<p data-start=\"1168\" data-end=\"1232\"><strong data-start=\"1168\" data-end=\"1230\">Dep\u00f3sito de vac\u00edo de 18 litros con v\u00e1lvula de regulaci\u00f3n<\/strong><\/p>\n<\/li>\n<li data-start=\"1233\" data-end=\"1286\">\n<p data-start=\"1235\" data-end=\"1286\"><strong data-start=\"1235\" data-end=\"1284\">Vacu\u00f3metro para el control de la depresi\u00f3n<\/strong><\/p>\n<\/li>\n<li data-start=\"1287\" data-end=\"1322\">\n<p data-start=\"1289\" data-end=\"1322\"><strong data-start=\"1289\" data-end=\"1320\">Grifo de vac\u00edo de 1\/2&#8243;<\/strong><\/p>\n<\/li>\n<li data-start=\"1323\" data-end=\"1372\">\n<p data-start=\"1325\" data-end=\"1372\"><strong data-start=\"1325\" data-end=\"1370\">C\u00e1ntara de leche de acero inoxidable de 30 l<\/strong><\/p>\n<\/li>\n<li data-start=\"1373\" data-end=\"1429\">\n<p data-start=\"1375\" data-end=\"1429\"><strong data-start=\"1375\" data-end=\"1427\">Tuber\u00edas de orde\u00f1o de 2,5 metros por cada grupo<\/strong><\/p>\n<\/li>\n<li data-start=\"1430\" data-end=\"1453\">\n<p data-start=\"1432\" data-end=\"1453\"><strong data-start=\"1432\" data-end=\"1453\">Certificaci\u00f3n CE<\/strong><\/p>\n<\/li>\n<\/ul>\n<hr data-start=\"1455\" data-end=\"1458\">\n<h2 data-start=\"1460\" data-end=\"1480\">Equipamiento incluido<\/h2>\n<p data-start=\"1482\" data-end=\"1583\">Para garantizar un correcto mantenimiento e higiene del circuito de leche, la orde\u00f1adora se suministra con:<\/p>\n<ul data-start=\"1585\" data-end=\"1657\">\n<li data-start=\"1585\" data-end=\"1620\">\n<p data-start=\"1587\" data-end=\"1620\"><strong data-start=\"1587\" data-end=\"1620\">Juego de cepillos de limpieza<\/strong><\/p>\n<\/li>\n<li data-start=\"1621\" data-end=\"1657\">\n<p data-start=\"1623\" data-end=\"1657\"><strong data-start=\"1623\" data-end=\"1657\">Detergente alcalino de 1 litro<\/strong><\/p>\n<\/li>\n<\/ul>\n<hr data-start=\"1659\" data-end=\"1662\">\n<h2 data-start=\"1664\" data-end=\"1687\">Opciones disponibles<\/h2>\n<p data-start=\"1689\" data-end=\"1755\">* <strong data-start=\"1692\" data-end=\"1755\">Pulsador electr\u00f3nico con tarjeta interna 24 VDC + centralita<\/strong><\/p>\n<h4 data-start=\"1954\" data-end=\"1993\">Distribuidores y revendedores: solicita informaci\u00f3n <a href=\"https:\/\/fdasrl.it\/es\/contacto\/\">(HAZ CLIC AQU\u00cd)<\/a><\/h4>\n<h4 data-start=\"1954\" data-end=\"1993\">\ud83d\uded2 C\u00f3mprala online <a href=\"https:\/\/fda-shop.it\/shop\/ovini-caprini\/ovini-caprini-mungitrici\/mungitrice-per-pecora-e-capra-due-gruppi-a-bagno-dolio#\/150-tipo-pecora\">(HAZ CLIC AQU\u00cd)<\/a><\/h4>\n<\/div>\n","protected":false},"excerpt":{"rendered":"<p>Orde\u00f1adora de carro FA07149 para cabras y ovejas con 2 grupos de orde\u00f1o y bomba de vac\u00edo en ba\u00f1o de aceite de 250 l\/min. Equipada con c\u00e1ntara de leche inox de 30 l, vasos de policarbonato y pezoneras de silicona. Sistema m\u00f3vil, fiable y con certificaci\u00f3n CE, ideal para el orde\u00f1o simult\u00e1neo de dos animales.  <\/p>\n","protected":false},"featured_media":1140,"comment_status":"open","ping_status":"closed","template":"","meta":{"_et_pb_use_builder":"","_et_pb_old_content":"","_et_gb_content_width":""},"product_brand":[],"product_cat":[404,420],"product_tag":[434],"class_list":{"0":"post-1906","1":"product","2":"type-product","3":"status-publish","4":"has-post-thumbnail","6":"product_cat-ordenadoras-de-carro","7":"product_cat-ovinos-y-caprinos","8":"product_tag-434","10":"first","11":"instock","12":"shipping-taxable","13":"product-type-simple"},"yoast_head":"<!-- This site is optimized with the Yoast SEO Premium plugin v27.5 (Yoast SEO v27.5) - https:\/\/yoast.com\/product\/yoast-seo-premium-wordpress\/ -->\n<title>Orde\u00f1adora de carro cabras ovejas 2 grupos bomba en ba\u00f1o de aceite<\/title>\n<meta name=\"description\" content=\"Descubre la orde\u00f1adora para cabras y ovejas de 2 grupos con aceite, ideal para explotaciones pr\u00e1cticas e higi\u00e9nicas. \u00a1Aumenta tu productividad con esta m\u00e1quina!\" \/>\n<meta name=\"robots\" content=\"index, follow, max-snippet:-1, max-image-preview:large, max-video-preview:-1\" \/>\n<link rel=\"canonical\" href=\"https:\/\/fdasrl.it\/es\/prodotto\/ordenadora-de-carro-fa07149-para-cabras-y-ovejas-de-2-grupos-con-bomba-en-bano-de-aceite\/\" \/>\n<meta property=\"og:locale\" content=\"es_ES\" \/>\n<meta property=\"og:type\" content=\"article\" \/>\n<meta property=\"og:title\" content=\"Orde\u00f1adora de carro FA07149 para cabras y ovejas de 2 grupos con bomba en ba\u00f1o de aceite\" \/>\n<meta property=\"og:description\" content=\"Descubre la orde\u00f1adora para cabras y ovejas de 2 grupos con aceite, ideal para explotaciones pr\u00e1cticas e higi\u00e9nicas. \u00a1Aumenta tu productividad con esta m\u00e1quina!\" \/>\n<meta property=\"og:url\" content=\"https:\/\/fdasrl.it\/es\/prodotto\/ordenadora-de-carro-fa07149-para-cabras-y-ovejas-de-2-grupos-con-bomba-en-bano-de-aceite\/\" \/>\n<meta property=\"og:site_name\" content=\"FDA srl\" \/>\n<meta property=\"article:publisher\" content=\"https:\/\/www.facebook.com\/share\/1MWhFWg1Tp\/?mibextid=LQQJ4d\" \/>\n<meta property=\"og:image\" content=\"https:\/\/fdasrl.it\/wp-content\/uploads\/2026\/03\/mungitrice-per-pecora-e-capra-due-gruppi-a-bagno-dolio.jpg\" \/>\n\t<meta property=\"og:image:width\" content=\"1100\" \/>\n\t<meta property=\"og:image:height\" content=\"919\" \/>\n\t<meta property=\"og:image:type\" content=\"image\/jpeg\" \/>\n<meta name=\"twitter:card\" content=\"summary_large_image\" \/>\n<meta name=\"twitter:label1\" content=\"Precio\" \/>\n\t<meta name=\"twitter:data1\" content=\"\" \/>\n\t<meta name=\"twitter:label2\" content=\"Disponibilidad\" \/>\n\t<meta name=\"twitter:data2\" content=\"Disponible\" \/>\n<meta property=\"product:price:currency\" content=\"EUR\" \/>\n<meta property=\"og:availability\" content=\"instock\" \/>\n<meta property=\"product:availability\" content=\"instock\" \/>\n<meta property=\"product:retailer_item_id\" content=\"07149\" \/>\n<meta property=\"product:condition\" content=\"new\" \/>\n<!-- \/ Yoast SEO Premium plugin. -->","yoast_head_json":{"title":"Orde\u00f1adora de carro cabras ovejas 2 grupos bomba en ba\u00f1o de aceite","description":"Descubre la orde\u00f1adora para cabras y ovejas de 2 grupos con aceite, ideal para explotaciones pr\u00e1cticas e higi\u00e9nicas. \u00a1Aumenta tu productividad con esta m\u00e1quina!","robots":{"index":"index","follow":"follow","max-snippet":"max-snippet:-1","max-image-preview":"max-image-preview:large","max-video-preview":"max-video-preview:-1"},"canonical":"https:\/\/fdasrl.it\/es\/prodotto\/ordenadora-de-carro-fa07149-para-cabras-y-ovejas-de-2-grupos-con-bomba-en-bano-de-aceite\/","og_locale":"es_ES","og_type":"article","og_title":"Orde\u00f1adora de carro FA07149 para cabras y ovejas de 2 grupos con bomba en ba\u00f1o de aceite","og_description":"Descubre la orde\u00f1adora para cabras y ovejas de 2 grupos con aceite, ideal para explotaciones pr\u00e1cticas e higi\u00e9nicas. \u00a1Aumenta tu productividad con esta m\u00e1quina!","og_url":"https:\/\/fdasrl.it\/es\/prodotto\/ordenadora-de-carro-fa07149-para-cabras-y-ovejas-de-2-grupos-con-bomba-en-bano-de-aceite\/","og_site_name":"FDA srl","article_publisher":"https:\/\/www.facebook.com\/share\/1MWhFWg1Tp\/?mibextid=LQQJ4d","og_image":[{"width":1100,"height":919,"url":"https:\/\/fdasrl.it\/wp-content\/uploads\/2026\/03\/mungitrice-per-pecora-e-capra-due-gruppi-a-bagno-dolio.jpg","type":"image\/jpeg"}],"twitter_card":"summary_large_image","twitter_misc":{"Precio":"","Disponibilidad":"Disponible"},"schema":{"@context":"https:\/\/schema.org","@graph":[{"@type":"WebPage","@id":"https:\/\/fdasrl.it\/es\/prodotto\/ordenadora-de-carro-fa07149-para-cabras-y-ovejas-de-2-grupos-con-bomba-en-bano-de-aceite\/","url":"https:\/\/fdasrl.it\/es\/prodotto\/ordenadora-de-carro-fa07149-para-cabras-y-ovejas-de-2-grupos-con-bomba-en-bano-de-aceite\/","name":"Orde\u00f1adora de carro cabras ovejas 2 grupos bomba en ba\u00f1o de aceite","isPartOf":{"@id":"https:\/\/fdasrl.it\/es\/#website"},"primaryImageOfPage":{"@id":"https:\/\/fdasrl.it\/es\/prodotto\/ordenadora-de-carro-fa07149-para-cabras-y-ovejas-de-2-grupos-con-bomba-en-bano-de-aceite\/#primaryimage"},"image":{"@id":"https:\/\/fdasrl.it\/es\/prodotto\/ordenadora-de-carro-fa07149-para-cabras-y-ovejas-de-2-grupos-con-bomba-en-bano-de-aceite\/#primaryimage"},"thumbnailUrl":"https:\/\/fdasrl.it\/wp-content\/uploads\/2026\/03\/mungitrice-per-pecora-e-capra-due-gruppi-a-bagno-dolio.jpg","datePublished":"2026-03-04T09:14:16+00:00","description":"Descubre la orde\u00f1adora para cabras y ovejas de 2 grupos con aceite, ideal para explotaciones pr\u00e1cticas e higi\u00e9nicas. \u00a1Aumenta tu productividad con esta m\u00e1quina!","breadcrumb":{"@id":"https:\/\/fdasrl.it\/es\/prodotto\/ordenadora-de-carro-fa07149-para-cabras-y-ovejas-de-2-grupos-con-bomba-en-bano-de-aceite\/#breadcrumb"},"inLanguage":"es","potentialAction":[{"@type":"ReadAction","target":["https:\/\/fdasrl.it\/es\/prodotto\/ordenadora-de-carro-fa07149-para-cabras-y-ovejas-de-2-grupos-con-bomba-en-bano-de-aceite\/"]}]},{"@type":"ImageObject","inLanguage":"es","@id":"https:\/\/fdasrl.it\/es\/prodotto\/ordenadora-de-carro-fa07149-para-cabras-y-ovejas-de-2-grupos-con-bomba-en-bano-de-aceite\/#primaryimage","url":"https:\/\/fdasrl.it\/wp-content\/uploads\/2026\/03\/mungitrice-per-pecora-e-capra-due-gruppi-a-bagno-dolio.jpg","contentUrl":"https:\/\/fdasrl.it\/wp-content\/uploads\/2026\/03\/mungitrice-per-pecora-e-capra-due-gruppi-a-bagno-dolio.jpg","width":1100,"height":919,"caption":"Orde\u00f1adora de carro para cabras y ovejas con dos grupos de orde\u00f1o y c\u00e1ntara de leche de acero inoxidable."},{"@type":"BreadcrumbList","@id":"https:\/\/fdasrl.it\/es\/prodotto\/ordenadora-de-carro-fa07149-para-cabras-y-ovejas-de-2-grupos-con-bomba-en-bano-de-aceite\/#breadcrumb","itemListElement":[{"@type":"ListItem","position":1,"name":"Home","item":"https:\/\/fdasrl.it\/es\/inicio\/"},{"@type":"ListItem","position":2,"name":"Tienda","item":"https:\/\/fdasrl.it\/es\/tienda\/"},{"@type":"ListItem","position":3,"name":"Orde\u00f1adora de carro FA07149 para cabras y ovejas de 2 grupos con bomba en ba\u00f1o de aceite"}]},{"@type":"WebSite","@id":"https:\/\/fdasrl.it\/es\/#website","url":"https:\/\/fdasrl.it\/es\/","name":"FDA srl","description":"Equipment for animal husbandry","publisher":{"@id":"https:\/\/fdasrl.it\/es\/#organization"},"potentialAction":[{"@type":"SearchAction","target":{"@type":"EntryPoint","urlTemplate":"https:\/\/fdasrl.it\/es\/?s={search_term_string}"},"query-input":{"@type":"PropertyValueSpecification","valueRequired":true,"valueName":"search_term_string"}}],"inLanguage":"es"},{"@type":"Organization","@id":"https:\/\/fdasrl.it\/es\/#organization","name":"FDA srl","url":"https:\/\/fdasrl.it\/es\/","logo":{"@type":"ImageObject","inLanguage":"es","@id":"https:\/\/fdasrl.it\/es\/#\/schema\/logo\/image\/","url":"https:\/\/fdasrl.it\/wp-content\/uploads\/2024\/12\/Logo-FDA.png","contentUrl":"https:\/\/fdasrl.it\/wp-content\/uploads\/2024\/12\/Logo-FDA.png","width":316,"height":119,"caption":"FDA srl"},"image":{"@id":"https:\/\/fdasrl.it\/es\/#\/schema\/logo\/image\/"},"sameAs":["https:\/\/www.facebook.com\/share\/1MWhFWg1Tp\/?mibextid=LQQJ4d","https:\/\/www.instagram.com\/fda_srl\/profilecard\/?igsh=YW5lbzJ6MWg0d21u","https:\/\/www.youtube.com\/@FDASRL_ANIMALCARE"],"description":"FDA SRL \u2013 Equipment for animal husbandry nasce con l\u2019obiettivo di offrire soluzioni affidabili e innovative per l\u2019allevamento moderno. Con anni di esperienza nel settore zootecnico, progettiamo e realizziamo attrezzature destinate al benessere animale e alla gestione efficiente delle stalle: vasche, abbeveratoi, mangiatoie e sistemi di riscaldamento pensati per durare nel tempo e semplificare il lavoro quotidiano degli allevatori. Dalla progettazione alla produzione, ogni nostro prodotto \u00e8 studiato nei minimi dettagli, testato con cura e costruito per rispondere alle esigenze reali del settore. La nostra forza \u00e8 unire artigianalit\u00e0, tecnologia e competenza tecnica per trasformare ogni progetto in una soluzione concreta e funzionale. Oggi FDA SRL \u00e8 un punto di riferimento per privati e rivenditori che cercano qualit\u00e0, affidabilit\u00e0 e innovazione nelle attrezzature per l\u2019allevamento.","email":"info@fdasrl.it","telephone":"+390522826820","legalName":"F.D.A. SRL","foundingDate":"2024-10-13","vatID":"03075840359","taxID":"03075840359","numberOfEmployees":{"@type":"QuantitativeValue","minValue":"1","maxValue":"10"}}]},"product_price_currency":"EUR","og_availability":"instock","product_availability":"instock","product_retailer_item_id":"07149","product_condition":"new"},"_links":{"self":[{"href":"https:\/\/fdasrl.it\/es\/wp-json\/wp\/v2\/product\/1906","targetHints":{"allow":["GET"]}}],"collection":[{"href":"https:\/\/fdasrl.it\/es\/wp-json\/wp\/v2\/product"}],"about":[{"href":"https:\/\/fdasrl.it\/es\/wp-json\/wp\/v2\/types\/product"}],"replies":[{"embeddable":true,"href":"https:\/\/fdasrl.it\/es\/wp-json\/wp\/v2\/comments?post=1906"}],"wp:featuredmedia":[{"embeddable":true,"href":"https:\/\/fdasrl.it\/es\/wp-json\/wp\/v2\/media\/1140"}],"wp:attachment":[{"href":"https:\/\/fdasrl.it\/es\/wp-json\/wp\/v2\/media?parent=1906"}],"wp:term":[{"taxonomy":"product_brand","embeddable":true,"href":"https:\/\/fdasrl.it\/es\/wp-json\/wp\/v2\/product_brand?post=1906"},{"taxonomy":"product_cat","embeddable":true,"href":"https:\/\/fdasrl.it\/es\/wp-json\/wp\/v2\/product_cat?post=1906"},{"taxonomy":"product_tag","embeddable":true,"href":"https:\/\/fdasrl.it\/es\/wp-json\/wp\/v2\/product_tag?post=1906"}],"curies":[{"name":"wp","href":"https:\/\/api.w.org\/{rel}","templated":true}]}}