{"id":1922,"date":"2025-01-21T12:42:10","date_gmt":"2025-01-21T11:42:10","guid":{"rendered":"https:\/\/fdasrl.it\/prodotto\/ordenadora-de-carro-para-vaca-2-grupos\/"},"modified":"2025-01-21T12:42:10","modified_gmt":"2025-01-21T11:42:10","slug":"ordenadora-de-carro-para-vaca-2-grupos","status":"publish","type":"product","link":"https:\/\/fdasrl.it\/es\/prodotto\/ordenadora-de-carro-para-vaca-2-grupos\/","title":{"rendered":"ORDE\u00d1ADORA DE CARRO PARA VACA 2 GRUPOS"},"content":{"rendered":"<div>\n<h3 data-start=\"228\" data-end=\"331\"><strong data-start=\"228\" data-end=\"331\">Orde\u00f1adora de carro para vaca de 2 grupos con bomba en seco y 2 cubos de acero inoxidable de 30 l<\/strong><\/h3>\n<h4 data-start=\"333\" data-end=\"609\">Esta orde\u00f1adora de carro profesional es la soluci\u00f3n ideal para explotaciones de tama\u00f1o medio que buscan eficiencia, fiabilidad y facilidad de uso. Gracias a su estructura robusta y a sus componentes de alta calidad, garantiza un orde\u00f1o delicado, r\u00e1pido e higi\u00e9nico. <\/h4>\n<p class=\"\" data-start=\"611\" data-end=\"645\">\ud83d\udd27 <strong data-start=\"614\" data-end=\"645\">Caracter\u00edsticas principales:<\/strong><\/p>\n<ul data-start=\"647\" data-end=\"1450\">\n<li class=\"\" data-start=\"647\" data-end=\"806\">\n<p class=\"\" data-start=\"649\" data-end=\"806\"><strong data-start=\"649\" data-end=\"702\">Bomba de vac\u00edo en seco de 280 o 400 l\/min<\/strong>, ideal para garantizar un funcionamiento constante y fiable, sin necesidad de mantenimiento de aceite.<\/p>\n<\/li>\n<li class=\"\" data-start=\"807\" data-end=\"933\">\n<p class=\"\" data-start=\"809\" data-end=\"933\"><strong data-start=\"809\" data-end=\"851\">Dos cubos de acero inoxidable de 30 l<\/strong>, resistentes, f\u00e1ciles de limpiar y conformes a los est\u00e1ndares higi\u00e9nicos de orde\u00f1o.<\/p>\n<\/li>\n<li class=\"\" data-start=\"934\" data-end=\"1059\">\n<p class=\"\" data-start=\"936\" data-end=\"1059\"><strong data-start=\"936\" data-end=\"969\">Motor monof\u00e1sico de 220 V \/ 0,55 kW<\/strong>, compatible con uso dom\u00e9stico o profesional, garantizando al mismo tiempo un alto rendimiento.<\/p>\n<\/li>\n<li class=\"\" data-start=\"1060\" data-end=\"1177\">\n<p class=\"\" data-start=\"1062\" data-end=\"1177\"><strong data-start=\"1062\" data-end=\"1083\">Tubos de 2,5 m<\/strong> para cada grupo de orde\u00f1o, dise\u00f1ados para ofrecer una gran libertad de movimiento durante el uso.<\/p>\n<\/li>\n<li class=\"\" data-start=\"1178\" data-end=\"1257\">\n<p class=\"\" data-start=\"1180\" data-end=\"1257\"><strong data-start=\"1180\" data-end=\"1203\">Dep\u00f3sito de vac\u00edo<\/strong> integrado para una estabilidad \u00f3ptima de la presi\u00f3n.<\/p>\n<\/li>\n<li class=\"\" data-start=\"1258\" data-end=\"1346\">\n<p class=\"\" data-start=\"1260\" data-end=\"1346\"><strong data-start=\"1260\" data-end=\"1281\">Certificaci\u00f3n CE<\/strong>, garant\u00eda de calidad y seguridad conforme a los est\u00e1ndares europeos.<\/p>\n<\/li>\n<li class=\"\" data-start=\"1347\" data-end=\"1450\">\n<p class=\"\" data-start=\"1349\" data-end=\"1450\"><strong data-start=\"1349\" data-end=\"1382\">Juego de cepillos de limpieza<\/strong> incluido, para mantener el equipo siempre perfectamente higienizado.<\/p>\n<\/li>\n<\/ul>\n<p class=\"\" data-start=\"1452\" data-end=\"1477\">\ud83d\udd29 <strong data-start=\"1455\" data-end=\"1477\">Accesorios incluidos:<\/strong><\/p>\n<ul data-start=\"1479\" data-end=\"1884\">\n<li class=\"\" data-start=\"1479\" data-end=\"1532\">\n<p class=\"\" data-start=\"1481\" data-end=\"1532\">Pezonera de acero inoxidable (L. 155 mm, orificio \u00d8 16,5 mm)<\/p>\n<\/li>\n<li class=\"\" data-start=\"1533\" data-end=\"1585\">\n<p class=\"\" data-start=\"1535\" data-end=\"1585\">Colector de 250 cc espec\u00edfico para bovinos de leche<\/p>\n<\/li>\n<li class=\"\" data-start=\"1586\" data-end=\"1648\">\n<p class=\"\" data-start=\"1588\" data-end=\"1648\">Pulsador neum\u00e1tico para un orde\u00f1o eficiente y delicado<\/p>\n<\/li>\n<li class=\"\" data-start=\"1649\" data-end=\"1688\">\n<p class=\"\" data-start=\"1651\" data-end=\"1688\">Paletas de grafito de alta resistencia<\/p>\n<\/li>\n<li class=\"\" data-start=\"1689\" data-end=\"1767\">\n<p class=\"\" data-start=\"1691\" data-end=\"1767\">Vacu\u00f3metro y v\u00e1lvula de regulaci\u00f3n para un control preciso de la presi\u00f3n<\/p>\n<\/li>\n<li class=\"\" data-start=\"1768\" data-end=\"1797\">\n<p class=\"\" data-start=\"1770\" data-end=\"1797\">Grifo de vac\u00edo de 1\/2&#8243;<\/p>\n<\/li>\n<li class=\"\" data-start=\"1798\" data-end=\"1836\">\n<p class=\"\" data-start=\"1800\" data-end=\"1836\">Pezonera compatible con DeLaval<\/p>\n<\/li>\n<li class=\"\" data-start=\"1837\" data-end=\"1884\">\n<p class=\"\" data-start=\"1839\" data-end=\"1884\">Grupo de orde\u00f1o completo para bovino de leche<\/p>\n<\/li>\n<\/ul>\n<p class=\"\" data-start=\"1886\" data-end=\"1984\">\ud83d\udcbc Ideal para peque\u00f1os y medianos ganaderos que desean un equipo profesional y fiable.<\/p>\n<\/div>\n<div><\/div>\n<div>C\u00f3mprala en nuestra <a href=\"https:\/\/fda-shop.it\/shop\/mungitura\/mungitrici-carrellate\/mungitrice-bovini\/mungitrice-bovini-a-due-gruppi-e-bidoni#\/261-tipo-motore_standard_280_litri\" target=\"_blank\" rel=\"noopener\">tienda online<\/a><\/div>\n","protected":false},"excerpt":{"rendered":"<p>Orde\u00f1adora de carro para vacas con 2 grupos de orde\u00f1o, bomba en seco de 280 o 400 l\/min, 2 cubos de acero inoxidable de 30 l, motor de 220 V. Completa con accesorios y certificaci\u00f3n CE. Ideal para peque\u00f1as y medianas explotaciones.  <\/p>\n","protected":false},"featured_media":454,"comment_status":"open","ping_status":"closed","template":"","meta":{"_et_pb_use_builder":"","_et_pb_old_content":"","_et_gb_content_width":""},"product_brand":[],"product_cat":[404],"product_tag":[436],"class_list":{"0":"post-1922","1":"product","2":"type-product","3":"status-publish","4":"has-post-thumbnail","6":"product_cat-ordenadoras-de-carro","7":"product_tag-m1600","9":"first","10":"instock","11":"shipping-taxable","12":"product-type-simple"},"yoast_head":"<!-- This site is optimized with the Yoast SEO Premium plugin v27.5 (Yoast SEO v27.5) - https:\/\/yoast.com\/product\/yoast-seo-premium-wordpress\/ -->\n<title>ORDE\u00d1ADORA DE CARRO PARA VACA 2 GRUPOS - FDA srl<\/title>\n<meta name=\"description\" content=\"La orde\u00f1adora para vacas ofrece un funcionamiento constante sin mantenimiento de aceite. \u00a1Compra ahora y mejora la eficiencia de tu explotaci\u00f3n! \ud83d\udd27\" \/>\n<meta name=\"robots\" content=\"index, follow, max-snippet:-1, max-image-preview:large, max-video-preview:-1\" \/>\n<link rel=\"canonical\" href=\"https:\/\/fdasrl.it\/es\/prodotto\/ordenadora-de-carro-para-vaca-2-grupos\/\" \/>\n<meta property=\"og:locale\" content=\"es_ES\" \/>\n<meta property=\"og:type\" content=\"article\" \/>\n<meta property=\"og:title\" content=\"ORDE\u00d1ADORA DE CARRO PARA VACA 2 GRUPOS\" \/>\n<meta property=\"og:description\" content=\"La orde\u00f1adora para vacas ofrece un funcionamiento constante sin mantenimiento de aceite. \u00a1Compra ahora y mejora la eficiencia de tu explotaci\u00f3n! \ud83d\udd27\" \/>\n<meta property=\"og:url\" content=\"https:\/\/fdasrl.it\/es\/prodotto\/ordenadora-de-carro-para-vaca-2-grupos\/\" \/>\n<meta property=\"og:site_name\" content=\"FDA srl\" \/>\n<meta property=\"article:publisher\" content=\"https:\/\/www.facebook.com\/share\/1MWhFWg1Tp\/?mibextid=LQQJ4d\" \/>\n<meta property=\"og:image\" content=\"https:\/\/fdasrl.it\/wp-content\/uploads\/2025\/01\/M1600_1.jpg\" \/>\n\t<meta property=\"og:image:width\" content=\"800\" \/>\n\t<meta property=\"og:image:height\" content=\"737\" \/>\n\t<meta property=\"og:image:type\" content=\"image\/jpeg\" \/>\n<meta name=\"twitter:card\" content=\"summary_large_image\" \/>\n<meta name=\"twitter:label1\" content=\"Precio\" \/>\n\t<meta name=\"twitter:data1\" content=\"\" \/>\n\t<meta name=\"twitter:label2\" content=\"Disponibilidad\" \/>\n\t<meta name=\"twitter:data2\" content=\"Disponible\" \/>\n<meta property=\"product:price:currency\" content=\"EUR\" \/>\n<meta property=\"og:availability\" content=\"instock\" \/>\n<meta property=\"product:availability\" content=\"instock\" \/>\n<meta property=\"product:retailer_item_id\" content=\"M1600\" \/>\n<meta property=\"product:condition\" content=\"new\" \/>\n<!-- \/ Yoast SEO Premium plugin. -->","yoast_head_json":{"title":"ORDE\u00d1ADORA DE CARRO PARA VACA 2 GRUPOS - FDA srl","description":"La orde\u00f1adora para vacas ofrece un funcionamiento constante sin mantenimiento de aceite. \u00a1Compra ahora y mejora la eficiencia de tu explotaci\u00f3n! \ud83d\udd27","robots":{"index":"index","follow":"follow","max-snippet":"max-snippet:-1","max-image-preview":"max-image-preview:large","max-video-preview":"max-video-preview:-1"},"canonical":"https:\/\/fdasrl.it\/es\/prodotto\/ordenadora-de-carro-para-vaca-2-grupos\/","og_locale":"es_ES","og_type":"article","og_title":"ORDE\u00d1ADORA DE CARRO PARA VACA 2 GRUPOS","og_description":"La orde\u00f1adora para vacas ofrece un funcionamiento constante sin mantenimiento de aceite. \u00a1Compra ahora y mejora la eficiencia de tu explotaci\u00f3n! \ud83d\udd27","og_url":"https:\/\/fdasrl.it\/es\/prodotto\/ordenadora-de-carro-para-vaca-2-grupos\/","og_site_name":"FDA srl","article_publisher":"https:\/\/www.facebook.com\/share\/1MWhFWg1Tp\/?mibextid=LQQJ4d","og_image":[{"width":800,"height":737,"url":"https:\/\/fdasrl.it\/wp-content\/uploads\/2025\/01\/M1600_1.jpg","type":"image\/jpeg"}],"twitter_card":"summary_large_image","twitter_misc":{"Precio":"","Disponibilidad":"Disponible"},"schema":{"@context":"https:\/\/schema.org","@graph":[{"@type":"WebPage","@id":"https:\/\/fdasrl.it\/es\/prodotto\/ordenadora-de-carro-para-vaca-2-grupos\/","url":"https:\/\/fdasrl.it\/es\/prodotto\/ordenadora-de-carro-para-vaca-2-grupos\/","name":"ORDE\u00d1ADORA DE CARRO PARA VACA 2 GRUPOS - FDA srl","isPartOf":{"@id":"https:\/\/fdasrl.it\/es\/#website"},"primaryImageOfPage":{"@id":"https:\/\/fdasrl.it\/es\/prodotto\/ordenadora-de-carro-para-vaca-2-grupos\/#primaryimage"},"image":{"@id":"https:\/\/fdasrl.it\/es\/prodotto\/ordenadora-de-carro-para-vaca-2-grupos\/#primaryimage"},"thumbnailUrl":"https:\/\/fdasrl.it\/wp-content\/uploads\/2025\/01\/M1600_1.jpg","datePublished":"2025-01-21T11:42:10+00:00","description":"La orde\u00f1adora para vacas ofrece un funcionamiento constante sin mantenimiento de aceite. \u00a1Compra ahora y mejora la eficiencia de tu explotaci\u00f3n! \ud83d\udd27","breadcrumb":{"@id":"https:\/\/fdasrl.it\/es\/prodotto\/ordenadora-de-carro-para-vaca-2-grupos\/#breadcrumb"},"inLanguage":"es","potentialAction":[{"@type":"ReadAction","target":["https:\/\/fdasrl.it\/es\/prodotto\/ordenadora-de-carro-para-vaca-2-grupos\/"]}]},{"@type":"ImageObject","inLanguage":"es","@id":"https:\/\/fdasrl.it\/es\/prodotto\/ordenadora-de-carro-para-vaca-2-grupos\/#primaryimage","url":"https:\/\/fdasrl.it\/wp-content\/uploads\/2025\/01\/M1600_1.jpg","contentUrl":"https:\/\/fdasrl.it\/wp-content\/uploads\/2025\/01\/M1600_1.jpg","width":800,"height":737,"caption":"ORDE\u00d1ADORA DE CARRO PARA VACA DE 2 GRUPOS"},{"@type":"BreadcrumbList","@id":"https:\/\/fdasrl.it\/es\/prodotto\/ordenadora-de-carro-para-vaca-2-grupos\/#breadcrumb","itemListElement":[{"@type":"ListItem","position":1,"name":"Home","item":"https:\/\/fdasrl.it\/es\/inicio\/"},{"@type":"ListItem","position":2,"name":"Tienda","item":"https:\/\/fdasrl.it\/es\/tienda\/"},{"@type":"ListItem","position":3,"name":"ORDE\u00d1ADORA DE CARRO PARA VACA 2 GRUPOS"}]},{"@type":"WebSite","@id":"https:\/\/fdasrl.it\/es\/#website","url":"https:\/\/fdasrl.it\/es\/","name":"FDA srl","description":"Equipment for animal husbandry","publisher":{"@id":"https:\/\/fdasrl.it\/es\/#organization"},"potentialAction":[{"@type":"SearchAction","target":{"@type":"EntryPoint","urlTemplate":"https:\/\/fdasrl.it\/es\/?s={search_term_string}"},"query-input":{"@type":"PropertyValueSpecification","valueRequired":true,"valueName":"search_term_string"}}],"inLanguage":"es"},{"@type":"Organization","@id":"https:\/\/fdasrl.it\/es\/#organization","name":"FDA srl","url":"https:\/\/fdasrl.it\/es\/","logo":{"@type":"ImageObject","inLanguage":"es","@id":"https:\/\/fdasrl.it\/es\/#\/schema\/logo\/image\/","url":"https:\/\/fdasrl.it\/wp-content\/uploads\/2024\/12\/Logo-FDA.png","contentUrl":"https:\/\/fdasrl.it\/wp-content\/uploads\/2024\/12\/Logo-FDA.png","width":316,"height":119,"caption":"FDA srl"},"image":{"@id":"https:\/\/fdasrl.it\/es\/#\/schema\/logo\/image\/"},"sameAs":["https:\/\/www.facebook.com\/share\/1MWhFWg1Tp\/?mibextid=LQQJ4d","https:\/\/www.instagram.com\/fda_srl\/profilecard\/?igsh=YW5lbzJ6MWg0d21u","https:\/\/www.youtube.com\/@FDASRL_ANIMALCARE"],"description":"FDA SRL \u2013 Equipment for animal husbandry nasce con l\u2019obiettivo di offrire soluzioni affidabili e innovative per l\u2019allevamento moderno. Con anni di esperienza nel settore zootecnico, progettiamo e realizziamo attrezzature destinate al benessere animale e alla gestione efficiente delle stalle: vasche, abbeveratoi, mangiatoie e sistemi di riscaldamento pensati per durare nel tempo e semplificare il lavoro quotidiano degli allevatori. Dalla progettazione alla produzione, ogni nostro prodotto \u00e8 studiato nei minimi dettagli, testato con cura e costruito per rispondere alle esigenze reali del settore. La nostra forza \u00e8 unire artigianalit\u00e0, tecnologia e competenza tecnica per trasformare ogni progetto in una soluzione concreta e funzionale. Oggi FDA SRL \u00e8 un punto di riferimento per privati e rivenditori che cercano qualit\u00e0, affidabilit\u00e0 e innovazione nelle attrezzature per l\u2019allevamento.","email":"info@fdasrl.it","telephone":"+390522826820","legalName":"F.D.A. SRL","foundingDate":"2024-10-13","vatID":"03075840359","taxID":"03075840359","numberOfEmployees":{"@type":"QuantitativeValue","minValue":"1","maxValue":"10"}}]},"product_price_currency":"EUR","og_availability":"instock","product_availability":"instock","product_retailer_item_id":"M1600","product_condition":"new"},"_links":{"self":[{"href":"https:\/\/fdasrl.it\/es\/wp-json\/wp\/v2\/product\/1922","targetHints":{"allow":["GET"]}}],"collection":[{"href":"https:\/\/fdasrl.it\/es\/wp-json\/wp\/v2\/product"}],"about":[{"href":"https:\/\/fdasrl.it\/es\/wp-json\/wp\/v2\/types\/product"}],"replies":[{"embeddable":true,"href":"https:\/\/fdasrl.it\/es\/wp-json\/wp\/v2\/comments?post=1922"}],"wp:featuredmedia":[{"embeddable":true,"href":"https:\/\/fdasrl.it\/es\/wp-json\/wp\/v2\/media\/454"}],"wp:attachment":[{"href":"https:\/\/fdasrl.it\/es\/wp-json\/wp\/v2\/media?parent=1922"}],"wp:term":[{"taxonomy":"product_brand","embeddable":true,"href":"https:\/\/fdasrl.it\/es\/wp-json\/wp\/v2\/product_brand?post=1922"},{"taxonomy":"product_cat","embeddable":true,"href":"https:\/\/fdasrl.it\/es\/wp-json\/wp\/v2\/product_cat?post=1922"},{"taxonomy":"product_tag","embeddable":true,"href":"https:\/\/fdasrl.it\/es\/wp-json\/wp\/v2\/product_tag?post=1922"}],"curies":[{"name":"wp","href":"https:\/\/api.w.org\/{rel}","templated":true}]}}