{"id":2027,"date":"2025-01-21T12:37:00","date_gmt":"2025-01-21T11:37:00","guid":{"rendered":"https:\/\/fdasrl.it\/prodotto\/ordenadora-para-vaca-1-grupo-cubo-inox\/"},"modified":"2025-01-21T12:37:00","modified_gmt":"2025-01-21T11:37:00","slug":"ordenadora-para-vaca-1-grupo-cubo-inox","status":"publish","type":"product","link":"https:\/\/fdasrl.it\/es\/prodotto\/ordenadora-para-vaca-1-grupo-cubo-inox\/","title":{"rendered":"ORDE\u00d1ADORA PARA VACA 1 GRUPO CUBO INOX"},"content":{"rendered":"<div>\n<h3 data-start=\"135\" data-end=\"226\"><strong data-start=\"135\" data-end=\"226\">ORDE\u00d1ADORA CON CARRO PARA VACAS DE 1 GRUPO CON BOMBA EN SECO Y CUBO DE ACERO INOXIDABLE DE 30 LITROS.  <\/strong><\/h3>\n<h4 data-start=\"228\" data-end=\"477\">Esta orde\u00f1adora profesional de un grupo est\u00e1 dise\u00f1ada para garantizar eficiencia, higiene y durabilidad en el tiempo. Ideal para explotaciones de peque\u00f1as y medianas dimensiones, permite un orde\u00f1o r\u00e1pido y seguro, respetando plenamente la salud del animal. <\/h4>\n<h5 data-start=\"479\" data-end=\"510\"><strong data-start=\"479\" data-end=\"510\">Caracter\u00edsticas principales:<\/strong><\/h5>\n<ul data-start=\"512\" data-end=\"1454\">\n<li class=\"\" data-start=\"512\" data-end=\"670\">\n<p class=\"\" data-start=\"514\" data-end=\"670\"><strong data-start=\"514\" data-end=\"561\">Bomba de vac\u00edo en seco de 250 litros\/minuto<\/strong>: silenciosa, fiable y sin aceite, reduce al m\u00ednimo el mantenimiento y garantiza prestaciones constantes.<\/p>\n<\/li>\n<li class=\"\" data-start=\"671\" data-end=\"814\">\n<p class=\"\" data-start=\"673\" data-end=\"814\"><strong data-start=\"673\" data-end=\"696\">Longitud de tuber\u00edas<\/strong>: cada grupo de orde\u00f1o est\u00e1 dotado de tuber\u00edas de 2,5 metros, para una adecuada libertad de movimiento durante la operaci\u00f3n.<\/p>\n<\/li>\n<li class=\"\" data-start=\"815\" data-end=\"961\">\n<p class=\"\" data-start=\"817\" data-end=\"961\"><strong data-start=\"817\" data-end=\"866\">Dep\u00f3sito de vac\u00edo inspeccionable de 18 litros<\/strong>: facilita el control y el mantenimiento, asegurando el correcto funcionamiento de la instalaci\u00f3n.<\/p>\n<\/li>\n<li class=\"\" data-start=\"962\" data-end=\"1093\">\n<p class=\"\" data-start=\"964\" data-end=\"1093\"><strong data-start=\"964\" data-end=\"1003\">Cubo de acero inoxidable de 30 litros<\/strong>: resistente, f\u00e1cil de limpiar, ideal para garantizar la m\u00e1xima higiene de la leche recogida.<\/p>\n<\/li>\n<li class=\"\" data-start=\"1094\" data-end=\"1210\">\n<p class=\"\" data-start=\"1096\" data-end=\"1210\"><strong data-start=\"1096\" data-end=\"1134\">Motor monof\u00e1sico 220 Volt \/ 0,55 kW<\/strong>: potente y adecuado para el uso en ambientes agr\u00edcolas con alimentaci\u00f3n dom\u00e9stica.<\/p>\n<\/li>\n<li class=\"\" data-start=\"1211\" data-end=\"1310\">\n<p class=\"\" data-start=\"1213\" data-end=\"1310\"><strong data-start=\"1213\" data-end=\"1234\">Certificaci\u00f3n CE<\/strong>: conforme a las normativas europeas en materia de seguridad, calidad e higiene.<\/p>\n<\/li>\n<li class=\"\" data-start=\"1311\" data-end=\"1454\">\n<p class=\"\" data-start=\"1313\" data-end=\"1454\"><strong data-start=\"1313\" data-end=\"1339\">Set de cepillos incluido<\/strong>: pr\u00e1cticos accesorios para la limpieza diaria de los componentes, fundamentales para mantener elevados est\u00e1ndares higi\u00e9nicos.<\/p>\n<\/li>\n<\/ul>\n<h5 data-start=\"1456\" data-end=\"1494\"><strong data-start=\"1456\" data-end=\"1494\">Accesorios incluidos en el suministro:<\/strong><\/h5>\n<ul data-start=\"1496\" data-end=\"2067\">\n<li class=\"\" data-start=\"1496\" data-end=\"1557\">\n<p class=\"\" data-start=\"1498\" data-end=\"1557\">Pezonera de acero inoxidable longitud 155 mm, orificio de 16,5 mm;<\/p>\n<\/li>\n<li class=\"\" data-start=\"1558\" data-end=\"1612\">\n<p class=\"\" data-start=\"1560\" data-end=\"1612\">Colector de 250 cc, espec\u00edfico para bovinos de leche;<\/p>\n<\/li>\n<li class=\"\" data-start=\"1613\" data-end=\"1675\">\n<p class=\"\" data-start=\"1615\" data-end=\"1675\">Pulsador neum\u00e1tico para un orde\u00f1o regular y eficaz;<\/p>\n<\/li>\n<li class=\"\" data-start=\"1676\" data-end=\"1720\">\n<p class=\"\" data-start=\"1678\" data-end=\"1720\">Paletas de grafito para la bomba de vac\u00edo;<\/p>\n<\/li>\n<li class=\"\" data-start=\"1721\" data-end=\"1779\">\n<p class=\"\" data-start=\"1723\" data-end=\"1779\">Vacu\u00f3metro para la monitorizaci\u00f3n constante de la presi\u00f3n;<\/p>\n<\/li>\n<li class=\"\" data-start=\"1780\" data-end=\"1850\">\n<p class=\"\" data-start=\"1782\" data-end=\"1850\">Bomba de vac\u00edo en seco de 250 l\/min con motor el\u00e9ctrico integrado;<\/p>\n<\/li>\n<li class=\"\" data-start=\"1851\" data-end=\"1899\">\n<p class=\"\" data-start=\"1853\" data-end=\"1899\">Grupo orde\u00f1ador completo para bovinos de leche;<\/p>\n<\/li>\n<li class=\"\" data-start=\"1900\" data-end=\"1967\">\n<p class=\"\" data-start=\"1902\" data-end=\"1967\">Grifo de vac\u00edo de 1\/2&#8243; para una gesti\u00f3n sencilla del flujo;<\/p>\n<\/li>\n<li class=\"\" data-start=\"1968\" data-end=\"2019\">\n<p class=\"\" data-start=\"1970\" data-end=\"2019\">Pezonera compatible con sistemas DeLaval;<\/p>\n<\/li>\n<li class=\"\" data-start=\"2020\" data-end=\"2067\">\n<p class=\"\" data-start=\"2022\" data-end=\"2067\">V\u00e1lvula para la regulaci\u00f3n precisa del vac\u00edo.<\/p>\n<\/li>\n<\/ul>\n<p class=\"\" data-start=\"2069\" data-end=\"2212\">Gracias a la calidad de los materiales y a la facilidad de uso, esta orde\u00f1adora representa una soluci\u00f3n fiable para el ganadero moderno.<\/p>\n<\/div>\n<div>C\u00f3mprala en nuestra <a href=\"https:\/\/fda-shop.it\/shop\/mungitura\/mungitrici-carrellate\/mungitrice-bovini\/mungitrice-bovini-a-un-gruppo-mungitura\" target=\"_blank\" rel=\"noopener\">tienda online<\/a><\/div>\n","protected":false},"excerpt":{"rendered":"<p>Orde\u00f1adora para vacas de 1 grupo con bomba en seco y cubo inox de 30 litros. Completa de accesorios, motor 220V, dep\u00f3sito de vac\u00edo y certificaci\u00f3n CE. Ideal para explotaciones de peque\u00f1as y medianas dimensiones.  <\/p>\n","protected":false},"featured_media":444,"comment_status":"open","ping_status":"closed","template":"","meta":{"_et_pb_use_builder":"","_et_pb_old_content":"","_et_gb_content_width":""},"product_brand":[],"product_cat":[404],"product_tag":[454],"class_list":{"0":"post-2027","1":"product","2":"type-product","3":"status-publish","4":"has-post-thumbnail","6":"product_cat-ordenadoras-de-carro","7":"product_tag-m1750","9":"first","10":"instock","11":"shipping-taxable","12":"product-type-simple"},"yoast_head":"<!-- This site is optimized with the Yoast SEO Premium plugin v27.5 (Yoast SEO v27.5) - https:\/\/yoast.com\/product\/yoast-seo-premium-wordpress\/ -->\n<title>Orde\u00f1adora con carro para vacas de un grupo con motor potente<\/title>\n<meta name=\"description\" content=\"\u00a1Saca el m\u00e1ximo partido a la orde\u00f1adora de carro para vacas de un grupo! Rendimiento excepcional y mantenimiento reducido, \u00a1no pierdas la oportunidad! \ud83c\udf3e\" \/>\n<meta name=\"robots\" content=\"index, follow, max-snippet:-1, max-image-preview:large, max-video-preview:-1\" \/>\n<link rel=\"canonical\" href=\"https:\/\/fdasrl.it\/es\/prodotto\/ordenadora-para-vaca-1-grupo-cubo-inox\/\" \/>\n<meta property=\"og:locale\" content=\"es_ES\" \/>\n<meta property=\"og:type\" content=\"article\" \/>\n<meta property=\"og:title\" content=\"ORDE\u00d1ADORA PARA VACA 1 GRUPO CUBO INOX\" \/>\n<meta property=\"og:description\" content=\"\u00a1Saca el m\u00e1ximo partido a la orde\u00f1adora de carro para vacas de un grupo! Rendimiento excepcional y mantenimiento reducido, \u00a1no pierdas la oportunidad! \ud83c\udf3e\" \/>\n<meta property=\"og:url\" content=\"https:\/\/fdasrl.it\/es\/prodotto\/ordenadora-para-vaca-1-grupo-cubo-inox\/\" \/>\n<meta property=\"og:site_name\" content=\"FDA srl\" \/>\n<meta property=\"article:publisher\" content=\"https:\/\/www.facebook.com\/share\/1MWhFWg1Tp\/?mibextid=LQQJ4d\" \/>\n<meta property=\"og:image\" content=\"https:\/\/fdasrl.it\/wp-content\/uploads\/2025\/01\/M1750_1.jpg\" \/>\n\t<meta property=\"og:image:width\" content=\"800\" \/>\n\t<meta property=\"og:image:height\" content=\"737\" \/>\n\t<meta property=\"og:image:type\" content=\"image\/jpeg\" \/>\n<meta name=\"twitter:card\" content=\"summary_large_image\" \/>\n<meta name=\"twitter:label1\" content=\"Precio\" \/>\n\t<meta name=\"twitter:data1\" content=\"\" \/>\n\t<meta name=\"twitter:label2\" content=\"Disponibilidad\" \/>\n\t<meta name=\"twitter:data2\" content=\"Disponible\" \/>\n<meta property=\"product:price:currency\" content=\"EUR\" \/>\n<meta property=\"og:availability\" content=\"instock\" \/>\n<meta property=\"product:availability\" content=\"instock\" \/>\n<meta property=\"product:retailer_item_id\" content=\"M1750\" \/>\n<meta property=\"product:condition\" content=\"new\" \/>\n<!-- \/ Yoast SEO Premium plugin. -->","yoast_head_json":{"title":"Orde\u00f1adora con carro para vacas de un grupo con motor potente","description":"\u00a1Saca el m\u00e1ximo partido a la orde\u00f1adora de carro para vacas de un grupo! Rendimiento excepcional y mantenimiento reducido, \u00a1no pierdas la oportunidad! \ud83c\udf3e","robots":{"index":"index","follow":"follow","max-snippet":"max-snippet:-1","max-image-preview":"max-image-preview:large","max-video-preview":"max-video-preview:-1"},"canonical":"https:\/\/fdasrl.it\/es\/prodotto\/ordenadora-para-vaca-1-grupo-cubo-inox\/","og_locale":"es_ES","og_type":"article","og_title":"ORDE\u00d1ADORA PARA VACA 1 GRUPO CUBO INOX","og_description":"\u00a1Saca el m\u00e1ximo partido a la orde\u00f1adora de carro para vacas de un grupo! Rendimiento excepcional y mantenimiento reducido, \u00a1no pierdas la oportunidad! \ud83c\udf3e","og_url":"https:\/\/fdasrl.it\/es\/prodotto\/ordenadora-para-vaca-1-grupo-cubo-inox\/","og_site_name":"FDA srl","article_publisher":"https:\/\/www.facebook.com\/share\/1MWhFWg1Tp\/?mibextid=LQQJ4d","og_image":[{"width":800,"height":737,"url":"https:\/\/fdasrl.it\/wp-content\/uploads\/2025\/01\/M1750_1.jpg","type":"image\/jpeg"}],"twitter_card":"summary_large_image","twitter_misc":{"Precio":"","Disponibilidad":"Disponible"},"schema":{"@context":"https:\/\/schema.org","@graph":[{"@type":"WebPage","@id":"https:\/\/fdasrl.it\/es\/prodotto\/ordenadora-para-vaca-1-grupo-cubo-inox\/","url":"https:\/\/fdasrl.it\/es\/prodotto\/ordenadora-para-vaca-1-grupo-cubo-inox\/","name":"Orde\u00f1adora con carro para vacas de un grupo con motor potente","isPartOf":{"@id":"https:\/\/fdasrl.it\/es\/#website"},"primaryImageOfPage":{"@id":"https:\/\/fdasrl.it\/es\/prodotto\/ordenadora-para-vaca-1-grupo-cubo-inox\/#primaryimage"},"image":{"@id":"https:\/\/fdasrl.it\/es\/prodotto\/ordenadora-para-vaca-1-grupo-cubo-inox\/#primaryimage"},"thumbnailUrl":"https:\/\/fdasrl.it\/wp-content\/uploads\/2025\/01\/M1750_1.jpg","datePublished":"2025-01-21T11:37:00+00:00","description":"\u00a1Saca el m\u00e1ximo partido a la orde\u00f1adora de carro para vacas de un grupo! Rendimiento excepcional y mantenimiento reducido, \u00a1no pierdas la oportunidad! \ud83c\udf3e","breadcrumb":{"@id":"https:\/\/fdasrl.it\/es\/prodotto\/ordenadora-para-vaca-1-grupo-cubo-inox\/#breadcrumb"},"inLanguage":"es","potentialAction":[{"@type":"ReadAction","target":["https:\/\/fdasrl.it\/es\/prodotto\/ordenadora-para-vaca-1-grupo-cubo-inox\/"]}]},{"@type":"ImageObject","inLanguage":"es","@id":"https:\/\/fdasrl.it\/es\/prodotto\/ordenadora-para-vaca-1-grupo-cubo-inox\/#primaryimage","url":"https:\/\/fdasrl.it\/wp-content\/uploads\/2025\/01\/M1750_1.jpg","contentUrl":"https:\/\/fdasrl.it\/wp-content\/uploads\/2025\/01\/M1750_1.jpg","width":800,"height":737,"caption":"ORDE\u00d1ADORA PARA VACA DE 1 GRUPO FDA SRL"},{"@type":"BreadcrumbList","@id":"https:\/\/fdasrl.it\/es\/prodotto\/ordenadora-para-vaca-1-grupo-cubo-inox\/#breadcrumb","itemListElement":[{"@type":"ListItem","position":1,"name":"Home","item":"https:\/\/fdasrl.it\/es\/inicio\/"},{"@type":"ListItem","position":2,"name":"Tienda","item":"https:\/\/fdasrl.it\/es\/tienda\/"},{"@type":"ListItem","position":3,"name":"ORDE\u00d1ADORA PARA VACA 1 GRUPO CUBO INOX"}]},{"@type":"WebSite","@id":"https:\/\/fdasrl.it\/es\/#website","url":"https:\/\/fdasrl.it\/es\/","name":"FDA srl","description":"Equipment for animal husbandry","publisher":{"@id":"https:\/\/fdasrl.it\/es\/#organization"},"potentialAction":[{"@type":"SearchAction","target":{"@type":"EntryPoint","urlTemplate":"https:\/\/fdasrl.it\/es\/?s={search_term_string}"},"query-input":{"@type":"PropertyValueSpecification","valueRequired":true,"valueName":"search_term_string"}}],"inLanguage":"es"},{"@type":"Organization","@id":"https:\/\/fdasrl.it\/es\/#organization","name":"FDA srl","url":"https:\/\/fdasrl.it\/es\/","logo":{"@type":"ImageObject","inLanguage":"es","@id":"https:\/\/fdasrl.it\/es\/#\/schema\/logo\/image\/","url":"https:\/\/fdasrl.it\/wp-content\/uploads\/2024\/12\/Logo-FDA.png","contentUrl":"https:\/\/fdasrl.it\/wp-content\/uploads\/2024\/12\/Logo-FDA.png","width":316,"height":119,"caption":"FDA srl"},"image":{"@id":"https:\/\/fdasrl.it\/es\/#\/schema\/logo\/image\/"},"sameAs":["https:\/\/www.facebook.com\/share\/1MWhFWg1Tp\/?mibextid=LQQJ4d","https:\/\/www.instagram.com\/fda_srl\/profilecard\/?igsh=YW5lbzJ6MWg0d21u","https:\/\/www.youtube.com\/@FDASRL_ANIMALCARE"],"description":"FDA SRL \u2013 Equipment for animal husbandry nasce con l\u2019obiettivo di offrire soluzioni affidabili e innovative per l\u2019allevamento moderno. Con anni di esperienza nel settore zootecnico, progettiamo e realizziamo attrezzature destinate al benessere animale e alla gestione efficiente delle stalle: vasche, abbeveratoi, mangiatoie e sistemi di riscaldamento pensati per durare nel tempo e semplificare il lavoro quotidiano degli allevatori. Dalla progettazione alla produzione, ogni nostro prodotto \u00e8 studiato nei minimi dettagli, testato con cura e costruito per rispondere alle esigenze reali del settore. La nostra forza \u00e8 unire artigianalit\u00e0, tecnologia e competenza tecnica per trasformare ogni progetto in una soluzione concreta e funzionale. Oggi FDA SRL \u00e8 un punto di riferimento per privati e rivenditori che cercano qualit\u00e0, affidabilit\u00e0 e innovazione nelle attrezzature per l\u2019allevamento.","email":"info@fdasrl.it","telephone":"+390522826820","legalName":"F.D.A. SRL","foundingDate":"2024-10-13","vatID":"03075840359","taxID":"03075840359","numberOfEmployees":{"@type":"QuantitativeValue","minValue":"1","maxValue":"10"}}]},"product_price_currency":"EUR","og_availability":"instock","product_availability":"instock","product_retailer_item_id":"M1750","product_condition":"new"},"_links":{"self":[{"href":"https:\/\/fdasrl.it\/es\/wp-json\/wp\/v2\/product\/2027","targetHints":{"allow":["GET"]}}],"collection":[{"href":"https:\/\/fdasrl.it\/es\/wp-json\/wp\/v2\/product"}],"about":[{"href":"https:\/\/fdasrl.it\/es\/wp-json\/wp\/v2\/types\/product"}],"replies":[{"embeddable":true,"href":"https:\/\/fdasrl.it\/es\/wp-json\/wp\/v2\/comments?post=2027"}],"wp:featuredmedia":[{"embeddable":true,"href":"https:\/\/fdasrl.it\/es\/wp-json\/wp\/v2\/media\/444"}],"wp:attachment":[{"href":"https:\/\/fdasrl.it\/es\/wp-json\/wp\/v2\/media?parent=2027"}],"wp:term":[{"taxonomy":"product_brand","embeddable":true,"href":"https:\/\/fdasrl.it\/es\/wp-json\/wp\/v2\/product_brand?post=2027"},{"taxonomy":"product_cat","embeddable":true,"href":"https:\/\/fdasrl.it\/es\/wp-json\/wp\/v2\/product_cat?post=2027"},{"taxonomy":"product_tag","embeddable":true,"href":"https:\/\/fdasrl.it\/es\/wp-json\/wp\/v2\/product_tag?post=2027"}],"curies":[{"name":"wp","href":"https:\/\/api.w.org\/{rel}","templated":true}]}}