{"id":2056,"date":"2025-01-21T12:28:40","date_gmt":"2025-01-21T11:28:40","guid":{"rendered":"https:\/\/fdasrl.it\/prodotto\/ordenadora-electrica-para-cabras-ovejas-de-2-grupos\/"},"modified":"2025-01-21T12:28:40","modified_gmt":"2025-01-21T11:28:40","slug":"ordenadora-electrica-para-cabras-ovejas-de-2-grupos","status":"publish","type":"product","link":"https:\/\/fdasrl.it\/es\/prodotto\/ordenadora-electrica-para-cabras-ovejas-de-2-grupos\/","title":{"rendered":"ORDE\u00d1ADORA EL\u00c9CTRICA PARA CABRAS\/OVEJAS DE 2 GRUPOS"},"content":{"rendered":"<div>\n<h3 data-start=\"165\" data-end=\"276\">\ud83d\udc10\ud83d\udc11 <strong data-start=\"174\" data-end=\"276\">Orde\u00f1adora El\u00e9ctrica para Cabras u Ovejas de 2 Grupos \u2013 Bomba en Seco 250 l\/min, Cubo Inox de 30 l<\/strong><\/h3>\n<p data-start=\"278\" data-end=\"668\">Soluci\u00f3n profesional para el orde\u00f1o de <strong data-start=\"322\" data-end=\"331\">cabras<\/strong> u <strong data-start=\"334\" data-end=\"344\">ovejas<\/strong>, dise\u00f1ada para garantizar eficiencia, higiene y fiabilidad.<br data-start=\"405\" data-end=\"408\">Esta <strong data-start=\"415\" data-end=\"450\">orde\u00f1adora el\u00e9ctrica de 2 grupos<\/strong> est\u00e1 equipada con una <strong data-start=\"467\" data-end=\"514\">bomba de vac\u00edo en seco de 250 l\/min<\/strong>, <strong data-start=\"516\" data-end=\"565\">tanque de vac\u00edo inspeccionable de 18 l<\/strong> y <strong data-start=\"568\" data-end=\"607\">cubo de acero inoxidable de 30 l<\/strong>, ideal para un uso diario en peque\u00f1as y medianas explotaciones.<\/p>\n<p data-start=\"670\" data-end=\"895\">Gracias a su estructura compacta y a los componentes de alta calidad, es f\u00e1cil de mover, sencilla de utilizar y cumple con las normativas CE. La presencia de todos los accesorios necesarios la convierte en una m\u00e1quina lista para usar. <\/p>\n<hr data-start=\"897\" data-end=\"900\">\n<h3 data-start=\"902\" data-end=\"949\">\u2699\ufe0f <strong data-start=\"909\" data-end=\"949\">Caracter\u00edsticas t\u00e9cnicas principales:<\/strong><\/h3>\n<ul data-start=\"950\" data-end=\"1441\">\n<li data-start=\"950\" data-end=\"1038\">\n<p data-start=\"952\" data-end=\"1038\"><strong data-start=\"952\" data-end=\"979\">Bomba de vac\u00edo en seco<\/strong> de 250 l\/min con <strong data-start=\"997\" data-end=\"1036\">paletas de grafito autolubricantes<\/strong><\/p>\n<\/li>\n<li data-start=\"1039\" data-end=\"1092\">\n<p data-start=\"1041\" data-end=\"1092\"><strong data-start=\"1041\" data-end=\"1064\">Dep\u00f3sito de vac\u00edo<\/strong> inspeccionable de 18 litros<\/p>\n<\/li>\n<li data-start=\"1093\" data-end=\"1144\">\n<p data-start=\"1095\" data-end=\"1144\"><strong data-start=\"1095\" data-end=\"1124\">Motor el\u00e9ctrico monof\u00e1sico<\/strong> de 220 V \/ 0,55 kW<\/p>\n<\/li>\n<li data-start=\"1145\" data-end=\"1202\">\n<p data-start=\"1147\" data-end=\"1202\"><strong data-start=\"1147\" data-end=\"1168\">Cubo de orde\u00f1o<\/strong> en <strong data-start=\"1172\" data-end=\"1200\">acero inoxidable de 30 l<\/strong><\/p>\n<\/li>\n<li data-start=\"1203\" data-end=\"1270\">\n<p data-start=\"1205\" data-end=\"1270\"><strong data-start=\"1205\" data-end=\"1228\">Longitud de mangueras<\/strong> para cada grupo de orde\u00f1o: 2,5 m<\/p>\n<\/li>\n<li data-start=\"1271\" data-end=\"1331\">\n<p data-start=\"1273\" data-end=\"1331\"><strong data-start=\"1273\" data-end=\"1295\">Estructura compacta<\/strong>, robusta y de f\u00e1cil mantenimiento<\/p>\n<\/li>\n<li data-start=\"1332\" data-end=\"1397\">\n<p data-start=\"1334\" data-end=\"1397\"><strong data-start=\"1334\" data-end=\"1352\">Certificada CE<\/strong> para uso en el \u00e1mbito zoot\u00e9cnico profesional<\/p>\n<\/li>\n<li data-start=\"1398\" data-end=\"1441\">\n<p data-start=\"1400\" data-end=\"1441\"><strong data-start=\"1400\" data-end=\"1418\">Set de cepillos<\/strong> de limpieza incluido<\/p>\n<\/li>\n<\/ul>\n<hr data-start=\"1443\" data-end=\"1446\">\n<h3 data-start=\"1448\" data-end=\"1485\">\ud83e\uddf0 <strong data-start=\"1455\" data-end=\"1485\">Accesorios incluidos en el kit:<\/strong><\/h3>\n<ul data-start=\"1486\" data-end=\"1865\">\n<li data-start=\"1486\" data-end=\"1547\">\n<p data-start=\"1488\" data-end=\"1547\">2 grupos de orde\u00f1o completos para cabras u ovejas (a elegir)<\/p>\n<\/li>\n<li data-start=\"1548\" data-end=\"1591\">\n<p data-start=\"1550\" data-end=\"1591\">Colectores espec\u00edficos para cabra u oveja<\/p>\n<\/li>\n<li data-start=\"1592\" data-end=\"1635\">\n<p data-start=\"1594\" data-end=\"1635\">Pulsadores neum\u00e1ticos de alta precisi\u00f3n<\/p>\n<\/li>\n<li data-start=\"1636\" data-end=\"1683\">\n<p data-start=\"1638\" data-end=\"1683\">V\u00e1lvulas semiautom\u00e1ticas para cada grupo<\/p>\n<\/li>\n<li data-start=\"1684\" data-end=\"1747\">\n<p data-start=\"1686\" data-end=\"1747\">Vacu\u00f3metro integrado para el control del nivel de vac\u00edo<\/p>\n<\/li>\n<li data-start=\"1748\" data-end=\"1784\">\n<p data-start=\"1750\" data-end=\"1784\">V\u00e1lvula de regulaci\u00f3n de vac\u00edo<\/p>\n<\/li>\n<li data-start=\"1785\" data-end=\"1829\">\n<p data-start=\"1787\" data-end=\"1829\">Pezoneras de silicona y casquillos incluidos<\/p>\n<\/li>\n<li data-start=\"1830\" data-end=\"1865\">\n<p data-start=\"1832\" data-end=\"1865\">Grifo de 1\/2&#8243; para gesti\u00f3n de vac\u00edo<\/p>\n<\/li>\n<\/ul>\n<hr data-start=\"1867\" data-end=\"1870\">\n<h3 data-start=\"1872\" data-end=\"1894\">\ud83c\udfaf <strong data-start=\"1879\" data-end=\"1894\">Ideal para:<\/strong><\/h3>\n<ul data-start=\"1895\" data-end=\"2104\">\n<li data-start=\"1895\" data-end=\"1979\">\n<p data-start=\"1897\" data-end=\"1979\">Ganaderos de cabras u ovejas que buscan un sistema profesional de 2 puestos<\/p>\n<\/li>\n<li data-start=\"1980\" data-end=\"2034\">\n<p data-start=\"1982\" data-end=\"2034\">Orde\u00f1o diario en peque\u00f1as y medianas explotaciones<\/p>\n<\/li>\n<li data-start=\"2035\" data-end=\"2104\">\n<p data-start=\"2037\" data-end=\"2104\">Quienes desean un sistema <strong data-start=\"2061\" data-end=\"2102\">completo, eficiente y listo para usar<\/strong><\/p>\n<\/li>\n<\/ul>\n<hr data-start=\"2106\" data-end=\"2109\">\n<h3 data-start=\"2111\" data-end=\"2145\">\ud83d\uded2 <strong data-start=\"2118\" data-end=\"2145\">Compra ahora online:<\/strong><\/h3>\n<ul data-start=\"2146\" data-end=\"2234\">\n<li data-start=\"2146\" data-end=\"2189\">\n<p data-start=\"2148\" data-end=\"2189\">\u2705 [<strong data-start=\"2151\" data-end=\"2173\">Versi\u00f3n para cabras<\/strong> \u2013 <a href=\"https:\/\/fda-shop.it\/shop\/mungitura\/mungitrici-carrellate\/mungitrice-capra\/mungitrice-capre-due-gruppi-mungitura\">haz clic aqu\u00ed<\/a>]<\/p>\n<\/li>\n<li data-start=\"2190\" data-end=\"2234\">\n<p data-start=\"2192\" data-end=\"2234\">\u2705 [<strong data-start=\"2195\" data-end=\"2218\">Versi\u00f3n para ovejas<\/strong> \u2013 <a href=\"https:\/\/fda-shop.it\/shop\/mungitura\/mungitrici-carrellate\/mungitrice-pecore\/mungitrice-pecore-due-gruppi-mungitura\">haz clic aqu\u00ed<\/a>]<\/p>\n<\/li>\n<\/ul>\n<\/div>\n<div>\n<div>\n<div><\/div>\n<\/div>\n<\/div>\n","protected":false},"excerpt":{"rendered":"<p>Orde\u00f1adora el\u00e9ctrica de 2 grupos para cabras u ovejas, con bomba en seco de 250 l\/min, cubo inox de 30 l y accesorios incluidos. Ideal para orde\u00f1o profesional. <\/p>\n","protected":false},"featured_media":433,"comment_status":"open","ping_status":"closed","template":"","meta":{"_et_pb_use_builder":"","_et_pb_old_content":"","_et_gb_content_width":""},"product_brand":[],"product_cat":[404,420],"product_tag":[461,462,460],"class_list":{"0":"post-2056","1":"product","2":"type-product","3":"status-publish","4":"has-post-thumbnail","6":"product_cat-ordenadoras-de-carro","7":"product_cat-ovinos-y-caprinos","8":"product_tag-fa-m71","9":"product_tag-m7100c","10":"product_tag-m7100p","12":"first","13":"instock","14":"shipping-taxable","15":"product-type-simple"},"yoast_head":"<!-- This site is optimized with the Yoast SEO Premium plugin v27.5 (Yoast SEO v27.5) - https:\/\/yoast.com\/product\/yoast-seo-premium-wordpress\/ -->\n<title>Orde\u00f1adora el\u00e9ctrica 2 grupos cabras ovejas lista para usar - FDA srl<\/title>\n<meta name=\"description\" content=\"\u00a1Haz que el orde\u00f1o de cabras y ovejas sea m\u00e1s f\u00e1cil con la orde\u00f1adora el\u00e9ctrica de 2 grupos! Eficiencia e higiene a tu servicio.\" \/>\n<meta name=\"robots\" content=\"index, follow, max-snippet:-1, max-image-preview:large, max-video-preview:-1\" \/>\n<link rel=\"canonical\" href=\"https:\/\/fdasrl.it\/es\/prodotto\/ordenadora-electrica-para-cabras-ovejas-de-2-grupos\/\" \/>\n<meta property=\"og:locale\" content=\"es_ES\" \/>\n<meta property=\"og:type\" content=\"article\" \/>\n<meta property=\"og:title\" content=\"ORDE\u00d1ADORA EL\u00c9CTRICA PARA CABRAS\/OVEJAS DE 2 GRUPOS\" \/>\n<meta property=\"og:description\" content=\"\u00a1Haz que el orde\u00f1o de cabras y ovejas sea m\u00e1s f\u00e1cil con la orde\u00f1adora el\u00e9ctrica de 2 grupos! Eficiencia e higiene a tu servicio.\" \/>\n<meta property=\"og:url\" content=\"https:\/\/fdasrl.it\/es\/prodotto\/ordenadora-electrica-para-cabras-ovejas-de-2-grupos\/\" \/>\n<meta property=\"og:site_name\" content=\"FDA srl\" \/>\n<meta property=\"article:publisher\" content=\"https:\/\/www.facebook.com\/share\/1MWhFWg1Tp\/?mibextid=LQQJ4d\" \/>\n<meta property=\"og:image\" content=\"https:\/\/fdasrl.it\/wp-content\/uploads\/2025\/01\/M7100P_1.jpg\" \/>\n\t<meta property=\"og:image:width\" content=\"800\" \/>\n\t<meta property=\"og:image:height\" content=\"737\" \/>\n\t<meta property=\"og:image:type\" content=\"image\/jpeg\" \/>\n<meta name=\"twitter:card\" content=\"summary_large_image\" \/>\n<meta name=\"twitter:label1\" content=\"Precio\" \/>\n\t<meta name=\"twitter:data1\" content=\"\" \/>\n\t<meta name=\"twitter:label2\" content=\"Disponibilidad\" \/>\n\t<meta name=\"twitter:data2\" content=\"Disponible\" \/>\n<meta property=\"product:price:currency\" content=\"EUR\" \/>\n<meta property=\"og:availability\" content=\"instock\" \/>\n<meta property=\"product:availability\" content=\"instock\" \/>\n<meta property=\"product:retailer_item_id\" content=\"FA-M71\" \/>\n<meta property=\"product:condition\" content=\"new\" \/>\n<!-- \/ Yoast SEO Premium plugin. -->","yoast_head_json":{"title":"Orde\u00f1adora el\u00e9ctrica 2 grupos cabras ovejas lista para usar - FDA srl","description":"\u00a1Haz que el orde\u00f1o de cabras y ovejas sea m\u00e1s f\u00e1cil con la orde\u00f1adora el\u00e9ctrica de 2 grupos! Eficiencia e higiene a tu servicio.","robots":{"index":"index","follow":"follow","max-snippet":"max-snippet:-1","max-image-preview":"max-image-preview:large","max-video-preview":"max-video-preview:-1"},"canonical":"https:\/\/fdasrl.it\/es\/prodotto\/ordenadora-electrica-para-cabras-ovejas-de-2-grupos\/","og_locale":"es_ES","og_type":"article","og_title":"ORDE\u00d1ADORA EL\u00c9CTRICA PARA CABRAS\/OVEJAS DE 2 GRUPOS","og_description":"\u00a1Haz que el orde\u00f1o de cabras y ovejas sea m\u00e1s f\u00e1cil con la orde\u00f1adora el\u00e9ctrica de 2 grupos! Eficiencia e higiene a tu servicio.","og_url":"https:\/\/fdasrl.it\/es\/prodotto\/ordenadora-electrica-para-cabras-ovejas-de-2-grupos\/","og_site_name":"FDA srl","article_publisher":"https:\/\/www.facebook.com\/share\/1MWhFWg1Tp\/?mibextid=LQQJ4d","og_image":[{"width":800,"height":737,"url":"https:\/\/fdasrl.it\/wp-content\/uploads\/2025\/01\/M7100P_1.jpg","type":"image\/jpeg"}],"twitter_card":"summary_large_image","twitter_misc":{"Precio":"","Disponibilidad":"Disponible"},"schema":{"@context":"https:\/\/schema.org","@graph":[{"@type":"WebPage","@id":"https:\/\/fdasrl.it\/es\/prodotto\/ordenadora-electrica-para-cabras-ovejas-de-2-grupos\/","url":"https:\/\/fdasrl.it\/es\/prodotto\/ordenadora-electrica-para-cabras-ovejas-de-2-grupos\/","name":"Orde\u00f1adora el\u00e9ctrica 2 grupos cabras ovejas lista para usar - FDA srl","isPartOf":{"@id":"https:\/\/fdasrl.it\/es\/#website"},"primaryImageOfPage":{"@id":"https:\/\/fdasrl.it\/es\/prodotto\/ordenadora-electrica-para-cabras-ovejas-de-2-grupos\/#primaryimage"},"image":{"@id":"https:\/\/fdasrl.it\/es\/prodotto\/ordenadora-electrica-para-cabras-ovejas-de-2-grupos\/#primaryimage"},"thumbnailUrl":"https:\/\/fdasrl.it\/wp-content\/uploads\/2025\/01\/M7100P_1.jpg","datePublished":"2025-01-21T11:28:40+00:00","description":"\u00a1Haz que el orde\u00f1o de cabras y ovejas sea m\u00e1s f\u00e1cil con la orde\u00f1adora el\u00e9ctrica de 2 grupos! Eficiencia e higiene a tu servicio.","breadcrumb":{"@id":"https:\/\/fdasrl.it\/es\/prodotto\/ordenadora-electrica-para-cabras-ovejas-de-2-grupos\/#breadcrumb"},"inLanguage":"es","potentialAction":[{"@type":"ReadAction","target":["https:\/\/fdasrl.it\/es\/prodotto\/ordenadora-electrica-para-cabras-ovejas-de-2-grupos\/"]}]},{"@type":"ImageObject","inLanguage":"es","@id":"https:\/\/fdasrl.it\/es\/prodotto\/ordenadora-electrica-para-cabras-ovejas-de-2-grupos\/#primaryimage","url":"https:\/\/fdasrl.it\/wp-content\/uploads\/2025\/01\/M7100P_1.jpg","contentUrl":"https:\/\/fdasrl.it\/wp-content\/uploads\/2025\/01\/M7100P_1.jpg","width":800,"height":737,"caption":"ORDE\u00d1ADORA EL\u00c9CTRICA PARA CABRAS\/OVEJAS DE 2 GRUPOS"},{"@type":"BreadcrumbList","@id":"https:\/\/fdasrl.it\/es\/prodotto\/ordenadora-electrica-para-cabras-ovejas-de-2-grupos\/#breadcrumb","itemListElement":[{"@type":"ListItem","position":1,"name":"Home","item":"https:\/\/fdasrl.it\/es\/inicio\/"},{"@type":"ListItem","position":2,"name":"Tienda","item":"https:\/\/fdasrl.it\/es\/tienda\/"},{"@type":"ListItem","position":3,"name":"ORDE\u00d1ADORA EL\u00c9CTRICA PARA CABRAS\/OVEJAS DE 2 GRUPOS"}]},{"@type":"WebSite","@id":"https:\/\/fdasrl.it\/es\/#website","url":"https:\/\/fdasrl.it\/es\/","name":"FDA srl","description":"Equipment for animal husbandry","publisher":{"@id":"https:\/\/fdasrl.it\/es\/#organization"},"potentialAction":[{"@type":"SearchAction","target":{"@type":"EntryPoint","urlTemplate":"https:\/\/fdasrl.it\/es\/?s={search_term_string}"},"query-input":{"@type":"PropertyValueSpecification","valueRequired":true,"valueName":"search_term_string"}}],"inLanguage":"es"},{"@type":"Organization","@id":"https:\/\/fdasrl.it\/es\/#organization","name":"FDA srl","url":"https:\/\/fdasrl.it\/es\/","logo":{"@type":"ImageObject","inLanguage":"es","@id":"https:\/\/fdasrl.it\/es\/#\/schema\/logo\/image\/","url":"https:\/\/fdasrl.it\/wp-content\/uploads\/2024\/12\/Logo-FDA.png","contentUrl":"https:\/\/fdasrl.it\/wp-content\/uploads\/2024\/12\/Logo-FDA.png","width":316,"height":119,"caption":"FDA srl"},"image":{"@id":"https:\/\/fdasrl.it\/es\/#\/schema\/logo\/image\/"},"sameAs":["https:\/\/www.facebook.com\/share\/1MWhFWg1Tp\/?mibextid=LQQJ4d","https:\/\/www.instagram.com\/fda_srl\/profilecard\/?igsh=YW5lbzJ6MWg0d21u","https:\/\/www.youtube.com\/@FDASRL_ANIMALCARE"],"description":"FDA SRL \u2013 Equipment for animal husbandry nasce con l\u2019obiettivo di offrire soluzioni affidabili e innovative per l\u2019allevamento moderno. Con anni di esperienza nel settore zootecnico, progettiamo e realizziamo attrezzature destinate al benessere animale e alla gestione efficiente delle stalle: vasche, abbeveratoi, mangiatoie e sistemi di riscaldamento pensati per durare nel tempo e semplificare il lavoro quotidiano degli allevatori. Dalla progettazione alla produzione, ogni nostro prodotto \u00e8 studiato nei minimi dettagli, testato con cura e costruito per rispondere alle esigenze reali del settore. La nostra forza \u00e8 unire artigianalit\u00e0, tecnologia e competenza tecnica per trasformare ogni progetto in una soluzione concreta e funzionale. Oggi FDA SRL \u00e8 un punto di riferimento per privati e rivenditori che cercano qualit\u00e0, affidabilit\u00e0 e innovazione nelle attrezzature per l\u2019allevamento.","email":"info@fdasrl.it","telephone":"+390522826820","legalName":"F.D.A. SRL","foundingDate":"2024-10-13","vatID":"03075840359","taxID":"03075840359","numberOfEmployees":{"@type":"QuantitativeValue","minValue":"1","maxValue":"10"}}]},"product_price_currency":"EUR","og_availability":"instock","product_availability":"instock","product_retailer_item_id":"FA-M71","product_condition":"new"},"_links":{"self":[{"href":"https:\/\/fdasrl.it\/es\/wp-json\/wp\/v2\/product\/2056","targetHints":{"allow":["GET"]}}],"collection":[{"href":"https:\/\/fdasrl.it\/es\/wp-json\/wp\/v2\/product"}],"about":[{"href":"https:\/\/fdasrl.it\/es\/wp-json\/wp\/v2\/types\/product"}],"replies":[{"embeddable":true,"href":"https:\/\/fdasrl.it\/es\/wp-json\/wp\/v2\/comments?post=2056"}],"wp:featuredmedia":[{"embeddable":true,"href":"https:\/\/fdasrl.it\/es\/wp-json\/wp\/v2\/media\/433"}],"wp:attachment":[{"href":"https:\/\/fdasrl.it\/es\/wp-json\/wp\/v2\/media?parent=2056"}],"wp:term":[{"taxonomy":"product_brand","embeddable":true,"href":"https:\/\/fdasrl.it\/es\/wp-json\/wp\/v2\/product_brand?post=2056"},{"taxonomy":"product_cat","embeddable":true,"href":"https:\/\/fdasrl.it\/es\/wp-json\/wp\/v2\/product_cat?post=2056"},{"taxonomy":"product_tag","embeddable":true,"href":"https:\/\/fdasrl.it\/es\/wp-json\/wp\/v2\/product_tag?post=2056"}],"curies":[{"name":"wp","href":"https:\/\/api.w.org\/{rel}","templated":true}]}}