{"id":2122,"date":"2026-03-04T10:43:57","date_gmt":"2026-03-04T09:43:57","guid":{"rendered":"https:\/\/fdasrl.it\/prodotto\/ordenadora-portatil-fa27032-para-cabras-y-ovejas-de-8-grupos-con-bomba-de-bano-de-aceite\/"},"modified":"2026-05-06T12:35:19","modified_gmt":"2026-05-06T10:35:19","slug":"ordenadora-portatil-fa27032-para-cabras-y-ovejas-de-8-grupos-con-bomba-de-bano-de-aceite","status":"publish","type":"product","link":"https:\/\/fdasrl.it\/es\/prodotto\/ordenadora-portatil-fa27032-para-cabras-y-ovejas-de-8-grupos-con-bomba-de-bano-de-aceite\/","title":{"rendered":"Orde\u00f1adora port\u00e1til FA27032 para cabras y ovejas de 8 grupos con bomba de ba\u00f1o de aceite"},"content":{"rendered":"<h1 data-start=\"176\" data-end=\"262\">Orde\u00f1adora port\u00e1til FA27032 para cabras y ovejas de 8 grupos con bomba de ba\u00f1o de aceite<\/h1>\n<p data-start=\"264\" data-end=\"429\">La <strong data-start=\"267\" data-end=\"319\">orde\u00f1adora port\u00e1til FA27032 para cabras y ovejas<\/strong> est\u00e1 dise\u00f1ada para garantizar un orde\u00f1o <strong data-start=\"361\" data-end=\"428\">r\u00e1pido, eficiente e higi\u00e9nico en explotaciones ovinas y caprinas<\/strong>.<\/p>\n<p data-start=\"431\" data-end=\"669\">Gracias a la <strong data-start=\"443\" data-end=\"475\">estructura m\u00f3vil sobre carro<\/strong> y a la <strong data-start=\"483\" data-end=\"517\">bomba de vac\u00edo de ba\u00f1o de aceite<\/strong>, esta orde\u00f1adora permite orde\u00f1ar <strong data-start=\"557\" data-end=\"599\">hasta ocho animales simult\u00e1neamente<\/strong>, mejorando la productividad y reduciendo los tiempos de trabajo en el establo.<\/p>\n<p data-start=\"671\" data-end=\"832\">El sistema est\u00e1 dise\u00f1ado para ofrecer <strong data-start=\"707\" data-end=\"760\">prestaciones constantes, fiabilidad y larga duraci\u00f3n<\/strong>, con componentes resistentes y materiales aptos para el contacto con la leche.<\/p>\n<hr data-start=\"834\" data-end=\"837\" \/>\n<h2 data-start=\"839\" data-end=\"868\">Caracter\u00edsticas principales<\/h2>\n<ul data-start=\"870\" data-end=\"1545\">\n<li data-start=\"870\" data-end=\"983\">\n<p data-start=\"872\" data-end=\"983\"><strong data-start=\"872\" data-end=\"919\">Bomba de vac\u00edo de ba\u00f1o de aceite de 400 L\/min<\/strong> con motor el\u00e9ctrico <strong data-start=\"941\" data-end=\"960\">220VAC \u2013 1,5 kW<\/strong> con cubetas separadas<\/p>\n<\/li>\n<li data-start=\"984\" data-end=\"1030\">\n<p data-start=\"986\" data-end=\"1030\"><strong data-start=\"986\" data-end=\"1028\">N.\u00ba 8 grupos de orde\u00f1o para cabra\/oveja<\/strong><\/p>\n<\/li>\n<li data-start=\"1031\" data-end=\"1092\">\n<p data-start=\"1033\" data-end=\"1092\"><strong data-start=\"1033\" data-end=\"1090\">N.\u00ba 4 pulsadores neum\u00e1ticos cabra\/oveja (90\u2013120 ppm)*<\/strong><\/p>\n<\/li>\n<li data-start=\"1093\" data-end=\"1144\">\n<p data-start=\"1095\" data-end=\"1144\"><strong data-start=\"1095\" data-end=\"1142\">Pezoneras de policarbonato de alta resistencia<\/strong><\/p>\n<\/li>\n<li data-start=\"1145\" data-end=\"1207\">\n<p data-start=\"1147\" data-end=\"1207\"><strong data-start=\"1147\" data-end=\"1205\">N.\u00ba 8 colectores de leche para cabra\/oveja mod. 13300<\/strong><\/p>\n<\/li>\n<li data-start=\"1208\" data-end=\"1251\">\n<p data-start=\"1210\" data-end=\"1251\"><strong data-start=\"1210\" data-end=\"1249\">Manguitos de silicona para el orde\u00f1o<\/strong><\/p>\n<\/li>\n<li data-start=\"1252\" data-end=\"1318\">\n<p data-start=\"1254\" data-end=\"1318\"><strong data-start=\"1254\" data-end=\"1316\">Dep\u00f3sito de vac\u00edo de 18 litros con v\u00e1lvula de regulaci\u00f3n<\/strong><\/p>\n<\/li>\n<li data-start=\"1319\" data-end=\"1369\">\n<p data-start=\"1321\" data-end=\"1369\"><strong data-start=\"1321\" data-end=\"1367\">Vacu\u00f3metro para el control de la depresi\u00f3n<\/strong><\/p>\n<\/li>\n<li data-start=\"1370\" data-end=\"1410\">\n<p data-start=\"1372\" data-end=\"1410\"><strong data-start=\"1372\" data-end=\"1408\">N.\u00ba 2 grifos de vac\u00edo de 1\/2&#8243;<\/strong><\/p>\n<\/li>\n<li data-start=\"1411\" data-end=\"1464\">\n<p data-start=\"1413\" data-end=\"1464\"><strong data-start=\"1413\" data-end=\"1462\">N.\u00ba 2 cubos de leche en acero inoxidable de 40 litros<\/strong><\/p>\n<\/li>\n<li data-start=\"1465\" data-end=\"1521\">\n<p data-start=\"1467\" data-end=\"1521\"><strong data-start=\"1467\" data-end=\"1519\">Tuber\u00edas de orde\u00f1o de 2,5 metros por cada grupo<\/strong><\/p>\n<\/li>\n<li data-start=\"1522\" data-end=\"1545\">\n<p data-start=\"1524\" data-end=\"1545\"><strong data-start=\"1524\" data-end=\"1545\">Certificaci\u00f3n CE<\/strong><\/p>\n<\/li>\n<\/ul>\n<hr data-start=\"1547\" data-end=\"1550\" \/>\n<h2 data-start=\"1552\" data-end=\"1572\">Equipamiento incluido<\/h2>\n<p data-start=\"1574\" data-end=\"1676\">Para facilitar el mantenimiento y garantizar altos est\u00e1ndares higi\u00e9nicos, la orde\u00f1adora se suministra con:<\/p>\n<ul data-start=\"1678\" data-end=\"1750\">\n<li data-start=\"1678\" data-end=\"1713\">\n<p data-start=\"1680\" data-end=\"1713\"><strong data-start=\"1680\" data-end=\"1713\">Juego de cepillos de limpieza<\/strong><\/p>\n<\/li>\n<li data-start=\"1714\" data-end=\"1750\">\n<p data-start=\"1716\" data-end=\"1750\"><strong data-start=\"1716\" data-end=\"1750\">Detergente alcalino de 1 litro<\/strong><\/p>\n<\/li>\n<\/ul>\n<p data-start=\"1752\" data-end=\"1897\">Las partes en contacto con la leche est\u00e1n fabricadas con <strong data-start=\"1805\" data-end=\"1844\">materiales aptos para uso alimentario<\/strong>, para garantizar <strong data-start=\"1860\" data-end=\"1896\">higiene, seguridad y larga duraci\u00f3n<\/strong>.<\/p>\n<hr data-start=\"1899\" data-end=\"1902\" \/>\n<h2 data-start=\"1904\" data-end=\"1927\">Opciones disponibles<\/h2>\n<p data-start=\"1929\" data-end=\"1995\">* <strong data-start=\"1932\" data-end=\"1995\">Pulsador electr\u00f3nico con tarjeta interna 24 VDC + centralita<\/strong><\/p>\n<h4 data-start=\"1954\" data-end=\"1993\">Distribuidores y revendedores: solicita informaci\u00f3n <a href=\"https:\/\/fdasrl.it\/es\/contacto\/\">(HAZ CLIC AQU\u00cd)<\/a><\/h4>\n<h4 data-start=\"1954\" data-end=\"1993\">\ud83d\uded2 C\u00f3mprala online <a href=\"https:\/\/fda-shop.it\/shop\/mungitura\/mungitrici-carrellate\/mungitrice-pecore\/mungitrice-carrellate-fa27032-per-caprapecora-a-otto-gruppi-di-mungitura-con-pompa-a-bagno-olio\">(HAZ CLIC AQU\u00cd)<\/a><\/h4>\n","protected":false},"excerpt":{"rendered":"<p>Orde\u00f1adora port\u00e1til FA27032 para cabras y ovejas con 8 grupos de orde\u00f1o y bomba de vac\u00edo de ba\u00f1o de aceite de 400 L\/min. Equipada con dos cubos de leche inox de 40 L, casquillos de policarbonato y pezoneras de silicona. Sistema m\u00f3vil, fiable y certificado CE, ideal para el orde\u00f1o simult\u00e1neo de varios animales.<\/p>\n","protected":false},"featured_media":2123,"comment_status":"closed","ping_status":"closed","template":"","meta":{"_et_pb_use_builder":"","_et_pb_old_content":"","_et_gb_content_width":""},"product_brand":[],"product_cat":[404,420],"product_tag":[474],"class_list":{"0":"post-2122","1":"product","2":"type-product","3":"status-publish","4":"has-post-thumbnail","6":"product_cat-ordenadoras-de-carro","7":"product_cat-ovinos-y-caprinos","8":"product_tag-fa27032","10":"first","11":"instock","12":"shipping-taxable","13":"product-type-simple"},"yoast_head":"<!-- This site is optimized with the Yoast SEO Premium plugin v27.5 (Yoast SEO v27.5) - https:\/\/yoast.com\/product\/yoast-seo-premium-wordpress\/ -->\n<title>Orde\u00f1adora cabras ovejas 8 grupos aceite: Efficiente<\/title>\n<meta name=\"description\" content=\"Descubre la orde\u00f1adora cabras ovejas 8 grupos aceite, ideal para un orde\u00f1o r\u00e1pido y eficiente. \u00a1Aumenta tu productividad en el establo ahora!\" \/>\n<meta name=\"robots\" content=\"index, follow, max-snippet:-1, max-image-preview:large, max-video-preview:-1\" \/>\n<link rel=\"canonical\" href=\"https:\/\/fdasrl.it\/es\/prodotto\/ordenadora-portatil-fa27032-para-cabras-y-ovejas-de-8-grupos-con-bomba-de-bano-de-aceite\/\" \/>\n<meta property=\"og:locale\" content=\"es_ES\" \/>\n<meta property=\"og:type\" content=\"article\" \/>\n<meta property=\"og:title\" content=\"Orde\u00f1adora port\u00e1til FA27032 para cabras y ovejas de 8 grupos con bomba de ba\u00f1o de aceite\" \/>\n<meta property=\"og:description\" content=\"Descubre la orde\u00f1adora cabras ovejas 8 grupos aceite, ideal para un orde\u00f1o r\u00e1pido y eficiente. \u00a1Aumenta tu productividad en el establo ahora!\" \/>\n<meta property=\"og:url\" content=\"https:\/\/fdasrl.it\/es\/prodotto\/ordenadora-portatil-fa27032-para-cabras-y-ovejas-de-8-grupos-con-bomba-de-bano-de-aceite\/\" \/>\n<meta property=\"og:site_name\" content=\"FDA srl\" \/>\n<meta property=\"article:publisher\" content=\"https:\/\/www.facebook.com\/share\/1MWhFWg1Tp\/?mibextid=LQQJ4d\" \/>\n<meta property=\"article:modified_time\" content=\"2026-05-06T10:35:19+00:00\" \/>\n<meta property=\"og:image\" content=\"https:\/\/fdasrl.it\/wp-content\/uploads\/2026\/03\/mungitrice-per-pecora-e-capra-otto-gruppi-a-bagno-olio-vista-sinistra.webp\" \/>\n\t<meta property=\"og:image:width\" content=\"2048\" \/>\n\t<meta property=\"og:image:height\" content=\"2048\" \/>\n\t<meta property=\"og:image:type\" content=\"image\/webp\" \/>\n<meta name=\"twitter:card\" content=\"summary_large_image\" \/>\n<meta name=\"twitter:label1\" content=\"Precio\" \/>\n\t<meta name=\"twitter:data1\" content=\"\" \/>\n\t<meta name=\"twitter:label2\" content=\"Disponibilidad\" \/>\n\t<meta name=\"twitter:data2\" content=\"Disponible\" \/>\n<meta property=\"product:price:currency\" content=\"EUR\" \/>\n<meta property=\"og:availability\" content=\"instock\" \/>\n<meta property=\"product:availability\" content=\"instock\" \/>\n<meta property=\"product:retailer_item_id\" content=\"FA27032\" \/>\n<meta property=\"product:condition\" content=\"new\" \/>\n<!-- \/ Yoast SEO Premium plugin. -->","yoast_head_json":{"title":"Orde\u00f1adora cabras ovejas 8 grupos aceite: Efficiente","description":"Descubre la orde\u00f1adora cabras ovejas 8 grupos aceite, ideal para un orde\u00f1o r\u00e1pido y eficiente. \u00a1Aumenta tu productividad en el establo ahora!","robots":{"index":"index","follow":"follow","max-snippet":"max-snippet:-1","max-image-preview":"max-image-preview:large","max-video-preview":"max-video-preview:-1"},"canonical":"https:\/\/fdasrl.it\/es\/prodotto\/ordenadora-portatil-fa27032-para-cabras-y-ovejas-de-8-grupos-con-bomba-de-bano-de-aceite\/","og_locale":"es_ES","og_type":"article","og_title":"Orde\u00f1adora port\u00e1til FA27032 para cabras y ovejas de 8 grupos con bomba de ba\u00f1o de aceite","og_description":"Descubre la orde\u00f1adora cabras ovejas 8 grupos aceite, ideal para un orde\u00f1o r\u00e1pido y eficiente. \u00a1Aumenta tu productividad en el establo ahora!","og_url":"https:\/\/fdasrl.it\/es\/prodotto\/ordenadora-portatil-fa27032-para-cabras-y-ovejas-de-8-grupos-con-bomba-de-bano-de-aceite\/","og_site_name":"FDA srl","article_publisher":"https:\/\/www.facebook.com\/share\/1MWhFWg1Tp\/?mibextid=LQQJ4d","article_modified_time":"2026-05-06T10:35:19+00:00","og_image":[{"width":2048,"height":2048,"url":"https:\/\/fdasrl.it\/wp-content\/uploads\/2026\/03\/mungitrice-per-pecora-e-capra-otto-gruppi-a-bagno-olio-vista-sinistra.webp","type":"image\/webp"}],"twitter_card":"summary_large_image","twitter_misc":{"Precio":"","Disponibilidad":"Disponible"},"schema":{"@context":"https:\/\/schema.org","@graph":[{"@type":"WebPage","@id":"https:\/\/fdasrl.it\/es\/prodotto\/ordenadora-portatil-fa27032-para-cabras-y-ovejas-de-8-grupos-con-bomba-de-bano-de-aceite\/","url":"https:\/\/fdasrl.it\/es\/prodotto\/ordenadora-portatil-fa27032-para-cabras-y-ovejas-de-8-grupos-con-bomba-de-bano-de-aceite\/","name":"Orde\u00f1adora cabras ovejas 8 grupos aceite: Efficiente","isPartOf":{"@id":"https:\/\/fdasrl.it\/es\/#website"},"primaryImageOfPage":{"@id":"https:\/\/fdasrl.it\/es\/prodotto\/ordenadora-portatil-fa27032-para-cabras-y-ovejas-de-8-grupos-con-bomba-de-bano-de-aceite\/#primaryimage"},"image":{"@id":"https:\/\/fdasrl.it\/es\/prodotto\/ordenadora-portatil-fa27032-para-cabras-y-ovejas-de-8-grupos-con-bomba-de-bano-de-aceite\/#primaryimage"},"thumbnailUrl":"https:\/\/fdasrl.it\/wp-content\/uploads\/2026\/03\/mungitrice-per-pecora-e-capra-otto-gruppi-a-bagno-olio-vista-sinistra.webp","datePublished":"2026-03-04T09:43:57+00:00","dateModified":"2026-05-06T10:35:19+00:00","description":"Descubre la orde\u00f1adora cabras ovejas 8 grupos aceite, ideal para un orde\u00f1o r\u00e1pido y eficiente. \u00a1Aumenta tu productividad en el establo ahora!","breadcrumb":{"@id":"https:\/\/fdasrl.it\/es\/prodotto\/ordenadora-portatil-fa27032-para-cabras-y-ovejas-de-8-grupos-con-bomba-de-bano-de-aceite\/#breadcrumb"},"inLanguage":"es","potentialAction":[{"@type":"ReadAction","target":["https:\/\/fdasrl.it\/es\/prodotto\/ordenadora-portatil-fa27032-para-cabras-y-ovejas-de-8-grupos-con-bomba-de-bano-de-aceite\/"]}]},{"@type":"ImageObject","inLanguage":"es","@id":"https:\/\/fdasrl.it\/es\/prodotto\/ordenadora-portatil-fa27032-para-cabras-y-ovejas-de-8-grupos-con-bomba-de-bano-de-aceite\/#primaryimage","url":"https:\/\/fdasrl.it\/wp-content\/uploads\/2026\/03\/mungitrice-per-pecora-e-capra-otto-gruppi-a-bagno-olio-vista-sinistra.webp","contentUrl":"https:\/\/fdasrl.it\/wp-content\/uploads\/2026\/03\/mungitrice-per-pecora-e-capra-otto-gruppi-a-bagno-olio-vista-sinistra.webp","width":2048,"height":2048,"caption":"Vista lateral de la orde\u00f1adora con ocho grupos de orde\u00f1o para cabras y ovejas."},{"@type":"BreadcrumbList","@id":"https:\/\/fdasrl.it\/es\/prodotto\/ordenadora-portatil-fa27032-para-cabras-y-ovejas-de-8-grupos-con-bomba-de-bano-de-aceite\/#breadcrumb","itemListElement":[{"@type":"ListItem","position":1,"name":"Home","item":"https:\/\/fdasrl.it\/es\/inicio\/"},{"@type":"ListItem","position":2,"name":"Tienda","item":"https:\/\/fdasrl.it\/es\/tienda\/"},{"@type":"ListItem","position":3,"name":"Orde\u00f1adora port\u00e1til FA27032 para cabras y ovejas de 8 grupos con bomba de ba\u00f1o de aceite"}]},{"@type":"WebSite","@id":"https:\/\/fdasrl.it\/es\/#website","url":"https:\/\/fdasrl.it\/es\/","name":"FDA srl","description":"Equipment for animal husbandry","publisher":{"@id":"https:\/\/fdasrl.it\/es\/#organization"},"potentialAction":[{"@type":"SearchAction","target":{"@type":"EntryPoint","urlTemplate":"https:\/\/fdasrl.it\/es\/?s={search_term_string}"},"query-input":{"@type":"PropertyValueSpecification","valueRequired":true,"valueName":"search_term_string"}}],"inLanguage":"es"},{"@type":"Organization","@id":"https:\/\/fdasrl.it\/es\/#organization","name":"FDA srl","url":"https:\/\/fdasrl.it\/es\/","logo":{"@type":"ImageObject","inLanguage":"es","@id":"https:\/\/fdasrl.it\/es\/#\/schema\/logo\/image\/","url":"https:\/\/fdasrl.it\/wp-content\/uploads\/2024\/12\/Logo-FDA.png","contentUrl":"https:\/\/fdasrl.it\/wp-content\/uploads\/2024\/12\/Logo-FDA.png","width":316,"height":119,"caption":"FDA srl"},"image":{"@id":"https:\/\/fdasrl.it\/es\/#\/schema\/logo\/image\/"},"sameAs":["https:\/\/www.facebook.com\/share\/1MWhFWg1Tp\/?mibextid=LQQJ4d","https:\/\/www.instagram.com\/fda_srl\/profilecard\/?igsh=YW5lbzJ6MWg0d21u","https:\/\/www.youtube.com\/@FDASRL_ANIMALCARE"],"description":"FDA SRL \u2013 Equipment for animal husbandry nasce con l\u2019obiettivo di offrire soluzioni affidabili e innovative per l\u2019allevamento moderno. Con anni di esperienza nel settore zootecnico, progettiamo e realizziamo attrezzature destinate al benessere animale e alla gestione efficiente delle stalle: vasche, abbeveratoi, mangiatoie e sistemi di riscaldamento pensati per durare nel tempo e semplificare il lavoro quotidiano degli allevatori. Dalla progettazione alla produzione, ogni nostro prodotto \u00e8 studiato nei minimi dettagli, testato con cura e costruito per rispondere alle esigenze reali del settore. La nostra forza \u00e8 unire artigianalit\u00e0, tecnologia e competenza tecnica per trasformare ogni progetto in una soluzione concreta e funzionale. Oggi FDA SRL \u00e8 un punto di riferimento per privati e rivenditori che cercano qualit\u00e0, affidabilit\u00e0 e innovazione nelle attrezzature per l\u2019allevamento.","email":"info@fdasrl.it","telephone":"+390522826820","legalName":"F.D.A. SRL","foundingDate":"2024-10-13","vatID":"03075840359","taxID":"03075840359","numberOfEmployees":{"@type":"QuantitativeValue","minValue":"1","maxValue":"10"}}]},"product_price_currency":"EUR","og_availability":"instock","product_availability":"instock","product_retailer_item_id":"FA27032","product_condition":"new"},"_links":{"self":[{"href":"https:\/\/fdasrl.it\/es\/wp-json\/wp\/v2\/product\/2122","targetHints":{"allow":["GET"]}}],"collection":[{"href":"https:\/\/fdasrl.it\/es\/wp-json\/wp\/v2\/product"}],"about":[{"href":"https:\/\/fdasrl.it\/es\/wp-json\/wp\/v2\/types\/product"}],"replies":[{"embeddable":true,"href":"https:\/\/fdasrl.it\/es\/wp-json\/wp\/v2\/comments?post=2122"}],"wp:featuredmedia":[{"embeddable":true,"href":"https:\/\/fdasrl.it\/es\/wp-json\/wp\/v2\/media\/2123"}],"wp:attachment":[{"href":"https:\/\/fdasrl.it\/es\/wp-json\/wp\/v2\/media?parent=2122"}],"wp:term":[{"taxonomy":"product_brand","embeddable":true,"href":"https:\/\/fdasrl.it\/es\/wp-json\/wp\/v2\/product_brand?post=2122"},{"taxonomy":"product_cat","embeddable":true,"href":"https:\/\/fdasrl.it\/es\/wp-json\/wp\/v2\/product_cat?post=2122"},{"taxonomy":"product_tag","embeddable":true,"href":"https:\/\/fdasrl.it\/es\/wp-json\/wp\/v2\/product_tag?post=2122"}],"curies":[{"name":"wp","href":"https:\/\/api.w.org\/{rel}","templated":true}]}}