{"id":2198,"date":"2025-01-21T12:21:04","date_gmt":"2025-01-21T11:21:04","guid":{"rendered":"https:\/\/fdasrl.it\/prodotto\/fda-m6200p-ordenadora-para-cabras-ovejas-4-grupos\/"},"modified":"2025-01-21T12:21:04","modified_gmt":"2025-01-21T11:21:04","slug":"fda-m6200p-ordenadora-para-cabras-ovejas-4-grupos","status":"publish","type":"product","link":"https:\/\/fdasrl.it\/es\/prodotto\/fda-m6200p-ordenadora-para-cabras-ovejas-4-grupos\/","title":{"rendered":"FDA-M6200P-ORDE\u00d1ADORA PARA CABRAS \/ OVEJAS 4 GRUPOS"},"content":{"rendered":"<div>\n<h3 data-start=\"306\" data-end=\"418\">\ud83d\udc10\ud83d\udc11 <strong data-start=\"315\" data-end=\"418\">Orde\u00f1adora El\u00e9ctrica para Cabras u Ovejas de 4 Grupos \u2013 FDA-M6200P &#8211; Bomba en Seco 280\/400 L \u2013 Cubo Inox de 40 L<\/strong><\/h3>\n<p data-start=\"420\" data-end=\"773\">Orde\u00f1adora profesional de <strong data-start=\"447\" data-end=\"469\">4 grupos orde\u00f1adores FDA<\/strong>, dise\u00f1ada para el orde\u00f1o r\u00e1pido y simult\u00e1neo de varias cabezas de cabras u ovejas.<br data-start=\"549\" data-end=\"552\">Equipada con <strong data-start=\"562\" data-end=\"607\">bomba de vac\u00edo en seco (280 o 400 L\/min)<\/strong>, <strong data-start=\"609\" data-end=\"632\">dep\u00f3sito de vac\u00edo<\/strong>, <strong data-start=\"634\" data-end=\"658\">motor monof\u00e1sico 220V<\/strong>, y <strong data-start=\"662\" data-end=\"701\">cubo de acero inoxidable de 40 litros<\/strong>, garantiza <strong data-start=\"714\" data-end=\"748\">eficiencia, higiene y practicidad<\/strong> en cada fase del trabajo.<\/p>\n<p data-start=\"775\" data-end=\"889\">Esta m\u00e1quina es ideal para explotaciones estructuradas que necesitan velocidad, capacidad y m\u00e1xima fiabilidad.<\/p>\n<hr data-start=\"891\" data-end=\"894\">\n<h3 data-start=\"896\" data-end=\"932\">\u2699\ufe0f <strong data-start=\"903\" data-end=\"932\">Caracter\u00edsticas t\u00e9cnicas:<\/strong><\/h3>\n<ul data-start=\"933\" data-end=\"1280\">\n<li data-start=\"933\" data-end=\"990\">\n<p data-start=\"935\" data-end=\"990\"><strong data-start=\"935\" data-end=\"962\">Bomba de vac\u00edo en seco<\/strong> de 280 o 400 litros\/minuto<\/p>\n<\/li>\n<li data-start=\"991\" data-end=\"1039\">\n<p data-start=\"993\" data-end=\"1039\"><strong data-start=\"993\" data-end=\"1022\">Motor el\u00e9ctrico monof\u00e1sico<\/strong> 220V \u2013 0,55 kW<\/p>\n<\/li>\n<li data-start=\"1040\" data-end=\"1093\">\n<p data-start=\"1042\" data-end=\"1093\"><strong data-start=\"1042\" data-end=\"1065\">Dep\u00f3sito de vac\u00edo<\/strong> integrado e inspeccionable<\/p>\n<\/li>\n<li data-start=\"1094\" data-end=\"1137\">\n<p data-start=\"1096\" data-end=\"1137\"><strong data-start=\"1096\" data-end=\"1123\">Cubo de acero inoxidable<\/strong> de 40 litros<\/p>\n<\/li>\n<li data-start=\"1138\" data-end=\"1188\">\n<p data-start=\"1140\" data-end=\"1188\"><strong data-start=\"1140\" data-end=\"1158\">Tubos de orde\u00f1o<\/strong> de 2,5 m para cada grupo<\/p>\n<\/li>\n<li data-start=\"1189\" data-end=\"1234\">\n<p data-start=\"1191\" data-end=\"1234\"><strong data-start=\"1191\" data-end=\"1224\">Set de cepillos para la limpieza<\/strong> incluido<\/p>\n<\/li>\n<li data-start=\"1235\" data-end=\"1280\">\n<p data-start=\"1237\" data-end=\"1280\"><strong data-start=\"1237\" data-end=\"1258\">Certificaci\u00f3n CE<\/strong> para uso profesional<\/p>\n<\/li>\n<\/ul>\n<hr data-start=\"1282\" data-end=\"1285\">\n<h3 data-start=\"1287\" data-end=\"1316\">\ud83e\uddf0 <strong data-start=\"1294\" data-end=\"1316\">Accesorios incluidos:<\/strong><\/h3>\n<ul data-start=\"1317\" data-end=\"1745\">\n<li data-start=\"1317\" data-end=\"1386\">\n<p data-start=\"1319\" data-end=\"1386\">4 grupos orde\u00f1adores completos para <strong data-start=\"1351\" data-end=\"1360\">cabras<\/strong> u <strong data-start=\"1363\" data-end=\"1373\">ovejas<\/strong> (a elegir)<\/p>\n<\/li>\n<li data-start=\"1387\" data-end=\"1431\">\n<p data-start=\"1389\" data-end=\"1431\">V\u00e1lvulas semiautom\u00e1ticas para cada grupo<\/p>\n<\/li>\n<li data-start=\"1432\" data-end=\"1475\">\n<p data-start=\"1434\" data-end=\"1475\">Colectores espec\u00edficos para cabra u oveja<\/p>\n<\/li>\n<li data-start=\"1476\" data-end=\"1500\">\n<p data-start=\"1478\" data-end=\"1500\">Pulsadores neum\u00e1ticos<\/p>\n<\/li>\n<li data-start=\"1501\" data-end=\"1540\">\n<p data-start=\"1503\" data-end=\"1540\">Paletas de grafito autolubricantes<\/p>\n<\/li>\n<li data-start=\"1541\" data-end=\"1579\">\n<p data-start=\"1543\" data-end=\"1579\">Vacu\u00f3metro para control del vac\u00edo<\/p>\n<\/li>\n<li data-start=\"1580\" data-end=\"1621\">\n<p data-start=\"1582\" data-end=\"1621\">Grifo 1\/2&#8243; para gesti\u00f3n del vac\u00edo<\/p>\n<\/li>\n<li data-start=\"1622\" data-end=\"1653\">\n<p data-start=\"1624\" data-end=\"1653\">Funda silicona + casquillos<\/p>\n<\/li>\n<li data-start=\"1654\" data-end=\"1690\">\n<p data-start=\"1656\" data-end=\"1690\">V\u00e1lvula de regulaci\u00f3n de vac\u00edo<\/p>\n<\/li>\n<li data-start=\"1691\" data-end=\"1745\">\n<p data-start=\"1693\" data-end=\"1745\">Bomba de vac\u00edo 280 o 400 L\/min con motor el\u00e9ctrico<\/p>\n<\/li>\n<\/ul>\n<hr data-start=\"1747\" data-end=\"1750\">\n<h3 data-start=\"1752\" data-end=\"1774\">\ud83c\udfaf <strong data-start=\"1759\" data-end=\"1774\">Ideal para:<\/strong><\/h3>\n<ul data-start=\"1775\" data-end=\"1947\">\n<li data-start=\"1775\" data-end=\"1824\">\n<p data-start=\"1777\" data-end=\"1824\">Orde\u00f1o r\u00e1pido de 4 cabezas simult\u00e1neamente<\/p>\n<\/li>\n<li data-start=\"1825\" data-end=\"1885\">\n<p data-start=\"1827\" data-end=\"1885\">Ganaderos de cabras u ovejas con medianas\/grandes dimensiones<\/p>\n<\/li>\n<li data-start=\"1886\" data-end=\"1947\">\n<p data-start=\"1888\" data-end=\"1947\">Quien busca una orde\u00f1adora <strong data-start=\"1913\" data-end=\"1945\">potente, completa y duradera<\/strong><\/p>\n<\/li>\n<\/ul>\n<hr data-start=\"1949\" data-end=\"1952\">\n<h3 data-start=\"1954\" data-end=\"1993\">\ud83d\uded2 <strong data-start=\"1961\" data-end=\"1993\">Disponible en dos versiones:<\/strong><\/h3>\n<ul data-start=\"1994\" data-end=\"2080\">\n<li data-start=\"1994\" data-end=\"2037\">\n<p data-start=\"1996\" data-end=\"2037\">\u2705 [<strong data-start=\"1999\" data-end=\"2021\">Versi\u00f3n para cabras<\/strong> \u2013 <a href=\"https:\/\/fda-shop.it\/shop\/mungitura\/mungitrici-carrellate\/mungitrice-capra\/mungitrice-capre-quattro-gruppi-mungitura#\/261-tipo-motore_standard_280_litri\">haz clic aqu\u00ed<\/a>]<\/p>\n<\/li>\n<li data-start=\"2038\" data-end=\"2080\">\n<p data-start=\"2040\" data-end=\"2080\">\u2705 [<strong data-start=\"2043\" data-end=\"2066\">Versi\u00f3n para ovejas<\/strong> \u2013 <a href=\"https:\/\/fda-shop.it\/shop\/mungitura\/mungitrici-carrellate\/mungitrice-pecore\/mungitrice-pecora-quattro-gruppi-mungitura#\/261-tipo-motore_standard_280_litri\">haz clic aqu\u00ed<\/a>]<\/p>\n<\/li>\n<\/ul>\n<\/div>\n","protected":false},"excerpt":{"rendered":"<p>Orde\u00f1adora el\u00e9ctrica 4 grupos para cabras u ovejas, con bomba en seco de 280 o 400 L\/min, cubo inox de 40 L y accesorios incluidos. Ideal para orde\u00f1o profesional. <\/p>\n","protected":false},"featured_media":425,"comment_status":"open","ping_status":"closed","template":"","meta":{"_et_pb_use_builder":"","_et_pb_old_content":"","_et_gb_content_width":""},"product_brand":[],"product_cat":[404,420],"product_tag":[486],"class_list":{"0":"post-2198","1":"product","2":"type-product","3":"status-publish","4":"has-post-thumbnail","6":"product_cat-ordenadoras-de-carro","7":"product_cat-ovinos-y-caprinos","8":"product_tag-m6200p","10":"first","11":"instock","12":"shipping-taxable","13":"product-type-simple"},"yoast_head":"<!-- This site is optimized with the Yoast SEO Premium plugin v27.5 (Yoast SEO v27.5) - https:\/\/yoast.com\/product\/yoast-seo-premium-wordpress\/ -->\n<title>Orde\u00f1adora El\u00e9ctrica 4 Grupos Cabras Ovejas Ideal para Explotaciones - FDA srl<\/title>\n<meta name=\"description\" content=\"Descubre la orde\u00f1adora el\u00e9ctrica 4 grupos cabras ovejas FDA, dise\u00f1ada para un orde\u00f1o r\u00e1pido e higi\u00e9nico. \u00a1Eficiencia y practicidad en cada fase!\" \/>\n<meta name=\"robots\" content=\"index, follow, max-snippet:-1, max-image-preview:large, max-video-preview:-1\" \/>\n<link rel=\"canonical\" href=\"https:\/\/fdasrl.it\/es\/prodotto\/fda-m6200p-ordenadora-para-cabras-ovejas-4-grupos\/\" \/>\n<meta property=\"og:locale\" content=\"es_ES\" \/>\n<meta property=\"og:type\" content=\"article\" \/>\n<meta property=\"og:title\" content=\"FDA-M6200P-ORDE\u00d1ADORA PARA CABRAS \/ OVEJAS 4 GRUPOS\" \/>\n<meta property=\"og:description\" content=\"Descubre la orde\u00f1adora el\u00e9ctrica 4 grupos cabras ovejas FDA, dise\u00f1ada para un orde\u00f1o r\u00e1pido e higi\u00e9nico. \u00a1Eficiencia y practicidad en cada fase!\" \/>\n<meta property=\"og:url\" content=\"https:\/\/fdasrl.it\/es\/prodotto\/fda-m6200p-ordenadora-para-cabras-ovejas-4-grupos\/\" \/>\n<meta property=\"og:site_name\" content=\"FDA srl\" \/>\n<meta property=\"article:publisher\" content=\"https:\/\/www.facebook.com\/share\/1MWhFWg1Tp\/?mibextid=LQQJ4d\" \/>\n<meta property=\"og:image\" content=\"https:\/\/fdasrl.it\/wp-content\/uploads\/2025\/01\/m6200P_1.jpg\" \/>\n\t<meta property=\"og:image:width\" content=\"800\" \/>\n\t<meta property=\"og:image:height\" content=\"737\" \/>\n\t<meta property=\"og:image:type\" content=\"image\/jpeg\" \/>\n<meta name=\"twitter:card\" content=\"summary_large_image\" \/>\n<meta name=\"twitter:label1\" content=\"Precio\" \/>\n\t<meta name=\"twitter:data1\" content=\"\" \/>\n\t<meta name=\"twitter:label2\" content=\"Disponibilidad\" \/>\n\t<meta name=\"twitter:data2\" content=\"Disponible\" \/>\n<meta property=\"product:price:currency\" content=\"EUR\" \/>\n<meta property=\"og:availability\" content=\"instock\" \/>\n<meta property=\"product:availability\" content=\"instock\" \/>\n<meta property=\"product:retailer_item_id\" content=\"FDA-M6200P\" \/>\n<meta property=\"product:condition\" content=\"new\" \/>\n<!-- \/ Yoast SEO Premium plugin. -->","yoast_head_json":{"title":"Orde\u00f1adora El\u00e9ctrica 4 Grupos Cabras Ovejas Ideal para Explotaciones - FDA srl","description":"Descubre la orde\u00f1adora el\u00e9ctrica 4 grupos cabras ovejas FDA, dise\u00f1ada para un orde\u00f1o r\u00e1pido e higi\u00e9nico. \u00a1Eficiencia y practicidad en cada fase!","robots":{"index":"index","follow":"follow","max-snippet":"max-snippet:-1","max-image-preview":"max-image-preview:large","max-video-preview":"max-video-preview:-1"},"canonical":"https:\/\/fdasrl.it\/es\/prodotto\/fda-m6200p-ordenadora-para-cabras-ovejas-4-grupos\/","og_locale":"es_ES","og_type":"article","og_title":"FDA-M6200P-ORDE\u00d1ADORA PARA CABRAS \/ OVEJAS 4 GRUPOS","og_description":"Descubre la orde\u00f1adora el\u00e9ctrica 4 grupos cabras ovejas FDA, dise\u00f1ada para un orde\u00f1o r\u00e1pido e higi\u00e9nico. \u00a1Eficiencia y practicidad en cada fase!","og_url":"https:\/\/fdasrl.it\/es\/prodotto\/fda-m6200p-ordenadora-para-cabras-ovejas-4-grupos\/","og_site_name":"FDA srl","article_publisher":"https:\/\/www.facebook.com\/share\/1MWhFWg1Tp\/?mibextid=LQQJ4d","og_image":[{"width":800,"height":737,"url":"https:\/\/fdasrl.it\/wp-content\/uploads\/2025\/01\/m6200P_1.jpg","type":"image\/jpeg"}],"twitter_card":"summary_large_image","twitter_misc":{"Precio":"","Disponibilidad":"Disponible"},"schema":{"@context":"https:\/\/schema.org","@graph":[{"@type":"WebPage","@id":"https:\/\/fdasrl.it\/es\/prodotto\/fda-m6200p-ordenadora-para-cabras-ovejas-4-grupos\/","url":"https:\/\/fdasrl.it\/es\/prodotto\/fda-m6200p-ordenadora-para-cabras-ovejas-4-grupos\/","name":"Orde\u00f1adora El\u00e9ctrica 4 Grupos Cabras Ovejas Ideal para Explotaciones - FDA srl","isPartOf":{"@id":"https:\/\/fdasrl.it\/es\/#website"},"primaryImageOfPage":{"@id":"https:\/\/fdasrl.it\/es\/prodotto\/fda-m6200p-ordenadora-para-cabras-ovejas-4-grupos\/#primaryimage"},"image":{"@id":"https:\/\/fdasrl.it\/es\/prodotto\/fda-m6200p-ordenadora-para-cabras-ovejas-4-grupos\/#primaryimage"},"thumbnailUrl":"https:\/\/fdasrl.it\/wp-content\/uploads\/2025\/01\/m6200P_1.jpg","datePublished":"2025-01-21T11:21:04+00:00","description":"Descubre la orde\u00f1adora el\u00e9ctrica 4 grupos cabras ovejas FDA, dise\u00f1ada para un orde\u00f1o r\u00e1pido e higi\u00e9nico. \u00a1Eficiencia y practicidad en cada fase!","breadcrumb":{"@id":"https:\/\/fdasrl.it\/es\/prodotto\/fda-m6200p-ordenadora-para-cabras-ovejas-4-grupos\/#breadcrumb"},"inLanguage":"es","potentialAction":[{"@type":"ReadAction","target":["https:\/\/fdasrl.it\/es\/prodotto\/fda-m6200p-ordenadora-para-cabras-ovejas-4-grupos\/"]}]},{"@type":"ImageObject","inLanguage":"es","@id":"https:\/\/fdasrl.it\/es\/prodotto\/fda-m6200p-ordenadora-para-cabras-ovejas-4-grupos\/#primaryimage","url":"https:\/\/fdasrl.it\/wp-content\/uploads\/2025\/01\/m6200P_1.jpg","contentUrl":"https:\/\/fdasrl.it\/wp-content\/uploads\/2025\/01\/m6200P_1.jpg","width":800,"height":737,"caption":"ORDE\u00d1ADORA PARA CABRAS \/ OVEJAS DE 4 GRUPOS FDA SRL"},{"@type":"BreadcrumbList","@id":"https:\/\/fdasrl.it\/es\/prodotto\/fda-m6200p-ordenadora-para-cabras-ovejas-4-grupos\/#breadcrumb","itemListElement":[{"@type":"ListItem","position":1,"name":"Home","item":"https:\/\/fdasrl.it\/es\/inicio\/"},{"@type":"ListItem","position":2,"name":"Tienda","item":"https:\/\/fdasrl.it\/es\/tienda\/"},{"@type":"ListItem","position":3,"name":"FDA-M6200P-ORDE\u00d1ADORA PARA CABRAS \/ OVEJAS 4 GRUPOS"}]},{"@type":"WebSite","@id":"https:\/\/fdasrl.it\/es\/#website","url":"https:\/\/fdasrl.it\/es\/","name":"FDA srl","description":"Equipment for animal husbandry","publisher":{"@id":"https:\/\/fdasrl.it\/es\/#organization"},"potentialAction":[{"@type":"SearchAction","target":{"@type":"EntryPoint","urlTemplate":"https:\/\/fdasrl.it\/es\/?s={search_term_string}"},"query-input":{"@type":"PropertyValueSpecification","valueRequired":true,"valueName":"search_term_string"}}],"inLanguage":"es"},{"@type":"Organization","@id":"https:\/\/fdasrl.it\/es\/#organization","name":"FDA srl","url":"https:\/\/fdasrl.it\/es\/","logo":{"@type":"ImageObject","inLanguage":"es","@id":"https:\/\/fdasrl.it\/es\/#\/schema\/logo\/image\/","url":"https:\/\/fdasrl.it\/wp-content\/uploads\/2024\/12\/Logo-FDA.png","contentUrl":"https:\/\/fdasrl.it\/wp-content\/uploads\/2024\/12\/Logo-FDA.png","width":316,"height":119,"caption":"FDA srl"},"image":{"@id":"https:\/\/fdasrl.it\/es\/#\/schema\/logo\/image\/"},"sameAs":["https:\/\/www.facebook.com\/share\/1MWhFWg1Tp\/?mibextid=LQQJ4d","https:\/\/www.instagram.com\/fda_srl\/profilecard\/?igsh=YW5lbzJ6MWg0d21u","https:\/\/www.youtube.com\/@FDASRL_ANIMALCARE"],"description":"FDA SRL \u2013 Equipment for animal husbandry nasce con l\u2019obiettivo di offrire soluzioni affidabili e innovative per l\u2019allevamento moderno. Con anni di esperienza nel settore zootecnico, progettiamo e realizziamo attrezzature destinate al benessere animale e alla gestione efficiente delle stalle: vasche, abbeveratoi, mangiatoie e sistemi di riscaldamento pensati per durare nel tempo e semplificare il lavoro quotidiano degli allevatori. Dalla progettazione alla produzione, ogni nostro prodotto \u00e8 studiato nei minimi dettagli, testato con cura e costruito per rispondere alle esigenze reali del settore. La nostra forza \u00e8 unire artigianalit\u00e0, tecnologia e competenza tecnica per trasformare ogni progetto in una soluzione concreta e funzionale. Oggi FDA SRL \u00e8 un punto di riferimento per privati e rivenditori che cercano qualit\u00e0, affidabilit\u00e0 e innovazione nelle attrezzature per l\u2019allevamento.","email":"info@fdasrl.it","telephone":"+390522826820","legalName":"F.D.A. SRL","foundingDate":"2024-10-13","vatID":"03075840359","taxID":"03075840359","numberOfEmployees":{"@type":"QuantitativeValue","minValue":"1","maxValue":"10"}}]},"product_price_currency":"EUR","og_availability":"instock","product_availability":"instock","product_retailer_item_id":"FDA-M6200P","product_condition":"new"},"_links":{"self":[{"href":"https:\/\/fdasrl.it\/es\/wp-json\/wp\/v2\/product\/2198","targetHints":{"allow":["GET"]}}],"collection":[{"href":"https:\/\/fdasrl.it\/es\/wp-json\/wp\/v2\/product"}],"about":[{"href":"https:\/\/fdasrl.it\/es\/wp-json\/wp\/v2\/types\/product"}],"replies":[{"embeddable":true,"href":"https:\/\/fdasrl.it\/es\/wp-json\/wp\/v2\/comments?post=2198"}],"wp:featuredmedia":[{"embeddable":true,"href":"https:\/\/fdasrl.it\/es\/wp-json\/wp\/v2\/media\/425"}],"wp:attachment":[{"href":"https:\/\/fdasrl.it\/es\/wp-json\/wp\/v2\/media?parent=2198"}],"wp:term":[{"taxonomy":"product_brand","embeddable":true,"href":"https:\/\/fdasrl.it\/es\/wp-json\/wp\/v2\/product_brand?post=2198"},{"taxonomy":"product_cat","embeddable":true,"href":"https:\/\/fdasrl.it\/es\/wp-json\/wp\/v2\/product_cat?post=2198"},{"taxonomy":"product_tag","embeddable":true,"href":"https:\/\/fdasrl.it\/es\/wp-json\/wp\/v2\/product_tag?post=2198"}],"curies":[{"name":"wp","href":"https:\/\/api.w.org\/{rel}","templated":true}]}}