{"id":2230,"date":"2026-03-04T11:44:01","date_gmt":"2026-03-04T10:44:01","guid":{"rendered":"https:\/\/fdasrl.it\/prodotto\/motor-electrico-con-bomba-de-vacio-de-aceite-facm20602-250-l-min-220v-055-kw\/"},"modified":"2026-03-04T11:44:01","modified_gmt":"2026-03-04T10:44:01","slug":"motor-electrico-con-bomba-de-vacio-de-aceite-facm20602-250-l-min-220v-055-kw","status":"publish","type":"product","link":"https:\/\/fdasrl.it\/es\/prodotto\/motor-electrico-con-bomba-de-vacio-de-aceite-facm20602-250-l-min-220v-055-kw\/","title":{"rendered":"Motor el\u00e9ctrico con bomba de vac\u00edo de aceite FACM20602 &#8211; 250 L\/min \u2013 220V 0,55 kW"},"content":{"rendered":"<h1 data-start=\"136\" data-end=\"216\">Motor el\u00e9ctrico con bomba de vac\u00edo de aceite FACM20602 &#8211; 250 L\/min \u2013 220V 0,55 kW<\/h1>\n<p data-start=\"218\" data-end=\"415\">El <strong data-start=\"221\" data-end=\"234\">FACM20602<\/strong> es un <strong data-start=\"240\" data-end=\"305\">motor el\u00e9ctrico con bomba de vac\u00edo de ba\u00f1o de aceite integrada<\/strong>, dise\u00f1ado para aplicaciones ganaderas donde se requiere una <strong data-start=\"368\" data-end=\"414\">generaci\u00f3n de vac\u00edo fiable y continua<\/strong>.<\/p>\n<p data-start=\"417\" data-end=\"643\">El grupo est\u00e1 compuesto por un <strong data-start=\"441\" data-end=\"493\">motor el\u00e9ctrico de 0,55 kW alimentado a 220 VAC<\/strong>, acoplado a una <strong data-start=\"508\" data-end=\"580\">bomba de vac\u00edo lubricada con aceite con sistema de cubetas separadas<\/strong>, capaz de garantizar un <strong data-start=\"608\" data-end=\"642\">caudal de 250 litros por minuto<\/strong>.<\/p>\n<p data-start=\"645\" data-end=\"835\">Esta configuraci\u00f3n asegura un funcionamiento estable y prestaciones constantes, haciendo que el sistema sea ideal para <strong data-start=\"756\" data-end=\"834\">instalaciones de orde\u00f1o y equipos destinados al sector ganadero<\/strong>.<\/p>\n<hr data-start=\"837\" data-end=\"840\">\n<h2 data-start=\"842\" data-end=\"880\">Ventajas del sistema de ba\u00f1o de aceite<\/h2>\n<p data-start=\"882\" data-end=\"1021\">La lubricaci\u00f3n con aceite y el <strong data-start=\"913\" data-end=\"945\">sistema de cubetas separadas<\/strong> contribuyen a mejorar la eficiencia y la durabilidad del sistema, ofreciendo:<\/p>\n<ul data-start=\"1023\" data-end=\"1174\">\n<li data-start=\"1023\" data-end=\"1060\">\n<p data-start=\"1025\" data-end=\"1060\"><strong data-start=\"1025\" data-end=\"1060\">mayor fiabilidad operativa<\/strong><\/p>\n<\/li>\n<li data-start=\"1061\" data-end=\"1097\">\n<p data-start=\"1063\" data-end=\"1097\"><strong data-start=\"1063\" data-end=\"1097\">reducci\u00f3n del desgaste mec\u00e1nico<\/strong><\/p>\n<\/li>\n<li data-start=\"1098\" data-end=\"1137\">\n<p data-start=\"1100\" data-end=\"1137\"><strong data-start=\"1100\" data-end=\"1137\">funcionamiento regular y continuo<\/strong><\/p>\n<\/li>\n<li data-start=\"1138\" data-end=\"1174\">\n<p data-start=\"1140\" data-end=\"1174\"><strong data-start=\"1140\" data-end=\"1174\">prestaciones constantes en el tiempo<\/strong><\/p>\n<\/li>\n<\/ul>\n<p data-start=\"1176\" data-end=\"1362\">Gracias a su construcci\u00f3n robusta, el <strong data-start=\"1216\" data-end=\"1229\">FACM20602<\/strong> representa una soluci\u00f3n compacta y fiable para sistemas que requieren <strong data-start=\"1305\" data-end=\"1361\">estabilidad de funcionamiento y continuidad operativa<\/strong>.<\/p>\n<hr data-start=\"1364\" data-end=\"1367\">\n<h2 data-start=\"1369\" data-end=\"1396\">Caracter\u00edsticas t\u00e9cnicas<\/h2>\n<ul data-start=\"1398\" data-end=\"1590\">\n<li data-start=\"1398\" data-end=\"1424\">\n<p data-start=\"1400\" data-end=\"1424\"><strong data-start=\"1400\" data-end=\"1412\">Modelo:<\/strong> FACM20602<\/p>\n<\/li>\n<li data-start=\"1425\" data-end=\"1451\">\n<p data-start=\"1427\" data-end=\"1451\"><strong data-start=\"1427\" data-end=\"1439\">Caudal:<\/strong> 250 L\/min<\/p>\n<\/li>\n<li data-start=\"1452\" data-end=\"1482\">\n<p data-start=\"1454\" data-end=\"1482\"><strong data-start=\"1454\" data-end=\"1472\">Alimentaci\u00f3n:<\/strong> 220 VAC<\/p>\n<\/li>\n<li data-start=\"1483\" data-end=\"1517\">\n<p data-start=\"1485\" data-end=\"1517\"><strong data-start=\"1485\" data-end=\"1497\">Potencia:<\/strong> 0,55 kW (0,75 HP)<\/p>\n<\/li>\n<li data-start=\"1518\" data-end=\"1590\">\n<p data-start=\"1520\" data-end=\"1590\"><strong data-start=\"1520\" data-end=\"1532\">Sistema:<\/strong> bomba de vac\u00edo de ba\u00f1o de aceite con <strong data-start=\"1568\" data-end=\"1590\">cubetas separadas<\/strong><\/p>\n<\/li>\n<\/ul>\n<p data-start=\"1592\" data-end=\"1676\">Dise\u00f1ado para garantizar <strong data-start=\"1617\" data-end=\"1675\">larga vida operativa y prestaciones estables en el tiempo<\/strong>.<\/p>\n<p data-start=\"1592\" data-end=\"1676\">\n<h4 data-start=\"1954\" data-end=\"1993\">Distribuidores y revendedores: solicita informaci\u00f3n <a href=\"https:\/\/fdasrl.it\/es\/contacto\/\">(HAZ CLIC AQU\u00cd)<\/a><\/h4>\n<h4 data-start=\"1954\" data-end=\"1993\">\ud83d\uded2 C\u00f3mprala online <a href=\"https:\/\/fda-shop.it\/shop\/mungitura\/accessori-mungitrici\/motore-elettrico-con-pompa-del-vuoto-ad-olio-facm20602-250-lmin-220v-055-kw\">(HAZ CLIC AQU\u00cd)<\/a><\/h4>\n","protected":false},"excerpt":{"rendered":"<p>Motor el\u00e9ctrico con bomba de vac\u00edo de ba\u00f1o de aceite FACM20602 con sistema de cubetas separadas, caudal 250 L\/min, alimentaci\u00f3n 220V y potencia 0,55 kW. Ideal para instalaciones de orde\u00f1o y aplicaciones ganaderas que requieren una generaci\u00f3n de vac\u00edo fiable y continua. <\/p>\n","protected":false},"featured_media":1156,"comment_status":"open","ping_status":"closed","template":"","meta":{"_et_pb_use_builder":"","_et_pb_old_content":"","_et_gb_content_width":""},"product_brand":[],"product_cat":[498,404],"product_tag":[499],"class_list":{"0":"post-2230","1":"product","2":"type-product","3":"status-publish","4":"has-post-thumbnail","6":"product_cat-accesorios-para-ordenadoras","7":"product_cat-ordenadoras-de-carro","8":"product_tag-facm20602","10":"first","11":"instock","12":"shipping-taxable","13":"product-type-simple"},"yoast_head":"<!-- This site is optimized with the Yoast SEO Premium plugin v27.5 (Yoast SEO v27.5) - https:\/\/yoast.com\/product\/yoast-seo-premium-wordpress\/ -->\n<title>Bomba de vac\u00edo de ba\u00f1o de aceite 250 l\/min para orde\u00f1adora<\/title>\n<meta name=\"description\" content=\"Descubre la potencia del FACM20602, con una bomba de vac\u00edo de ba\u00f1o de aceite de 250 l\/min para orde\u00f1adora. \u00a1Fiabilidad y altas prestaciones para la ganader\u00eda!\" \/>\n<meta name=\"robots\" content=\"index, follow, max-snippet:-1, max-image-preview:large, max-video-preview:-1\" \/>\n<link rel=\"canonical\" href=\"https:\/\/fdasrl.it\/es\/prodotto\/motor-electrico-con-bomba-de-vacio-de-aceite-facm20602-250-l-min-220v-055-kw\/\" \/>\n<meta property=\"og:locale\" content=\"es_ES\" \/>\n<meta property=\"og:type\" content=\"article\" \/>\n<meta property=\"og:title\" content=\"Motor el\u00e9ctrico con bomba de vac\u00edo de aceite FACM20602 - 250 L\/min \u2013 220V 0,55 kW\" \/>\n<meta property=\"og:description\" content=\"Descubre la potencia del FACM20602, con una bomba de vac\u00edo de ba\u00f1o de aceite de 250 l\/min para orde\u00f1adora. \u00a1Fiabilidad y altas prestaciones para la ganader\u00eda!\" \/>\n<meta property=\"og:url\" content=\"https:\/\/fdasrl.it\/es\/prodotto\/motor-electrico-con-bomba-de-vacio-de-aceite-facm20602-250-l-min-220v-055-kw\/\" \/>\n<meta property=\"og:site_name\" content=\"FDA srl\" \/>\n<meta property=\"article:publisher\" content=\"https:\/\/www.facebook.com\/share\/1MWhFWg1Tp\/?mibextid=LQQJ4d\" \/>\n<meta property=\"og:image\" content=\"https:\/\/fdasrl.it\/wp-content\/uploads\/2026\/03\/motore-elettrico-con-pompa-del-vuoto-ad-olio-facm20602-250-lmin-220v-055-kw-2.webp\" \/>\n\t<meta property=\"og:image:width\" content=\"1024\" \/>\n\t<meta property=\"og:image:height\" content=\"1201\" \/>\n\t<meta property=\"og:image:type\" content=\"image\/webp\" \/>\n<meta name=\"twitter:card\" content=\"summary_large_image\" \/>\n<meta name=\"twitter:label1\" content=\"Precio\" \/>\n\t<meta name=\"twitter:data1\" content=\"\" \/>\n\t<meta name=\"twitter:label2\" content=\"Disponibilidad\" \/>\n\t<meta name=\"twitter:data2\" content=\"Disponible\" \/>\n<meta property=\"product:price:currency\" content=\"EUR\" \/>\n<meta property=\"og:availability\" content=\"instock\" \/>\n<meta property=\"product:availability\" content=\"instock\" \/>\n<meta property=\"product:retailer_item_id\" content=\"FACM20602\" \/>\n<meta property=\"product:condition\" content=\"new\" \/>\n<!-- \/ Yoast SEO Premium plugin. -->","yoast_head_json":{"title":"Bomba de vac\u00edo de ba\u00f1o de aceite 250 l\/min para orde\u00f1adora","description":"Descubre la potencia del FACM20602, con una bomba de vac\u00edo de ba\u00f1o de aceite de 250 l\/min para orde\u00f1adora. \u00a1Fiabilidad y altas prestaciones para la ganader\u00eda!","robots":{"index":"index","follow":"follow","max-snippet":"max-snippet:-1","max-image-preview":"max-image-preview:large","max-video-preview":"max-video-preview:-1"},"canonical":"https:\/\/fdasrl.it\/es\/prodotto\/motor-electrico-con-bomba-de-vacio-de-aceite-facm20602-250-l-min-220v-055-kw\/","og_locale":"es_ES","og_type":"article","og_title":"Motor el\u00e9ctrico con bomba de vac\u00edo de aceite FACM20602 - 250 L\/min \u2013 220V 0,55 kW","og_description":"Descubre la potencia del FACM20602, con una bomba de vac\u00edo de ba\u00f1o de aceite de 250 l\/min para orde\u00f1adora. \u00a1Fiabilidad y altas prestaciones para la ganader\u00eda!","og_url":"https:\/\/fdasrl.it\/es\/prodotto\/motor-electrico-con-bomba-de-vacio-de-aceite-facm20602-250-l-min-220v-055-kw\/","og_site_name":"FDA srl","article_publisher":"https:\/\/www.facebook.com\/share\/1MWhFWg1Tp\/?mibextid=LQQJ4d","og_image":[{"width":1024,"height":1201,"url":"https:\/\/fdasrl.it\/wp-content\/uploads\/2026\/03\/motore-elettrico-con-pompa-del-vuoto-ad-olio-facm20602-250-lmin-220v-055-kw-2.webp","type":"image\/webp"}],"twitter_card":"summary_large_image","twitter_misc":{"Precio":"","Disponibilidad":"Disponible"},"schema":{"@context":"https:\/\/schema.org","@graph":[{"@type":"WebPage","@id":"https:\/\/fdasrl.it\/es\/prodotto\/motor-electrico-con-bomba-de-vacio-de-aceite-facm20602-250-l-min-220v-055-kw\/","url":"https:\/\/fdasrl.it\/es\/prodotto\/motor-electrico-con-bomba-de-vacio-de-aceite-facm20602-250-l-min-220v-055-kw\/","name":"Bomba de vac\u00edo de ba\u00f1o de aceite 250 l\/min para orde\u00f1adora","isPartOf":{"@id":"https:\/\/fdasrl.it\/es\/#website"},"primaryImageOfPage":{"@id":"https:\/\/fdasrl.it\/es\/prodotto\/motor-electrico-con-bomba-de-vacio-de-aceite-facm20602-250-l-min-220v-055-kw\/#primaryimage"},"image":{"@id":"https:\/\/fdasrl.it\/es\/prodotto\/motor-electrico-con-bomba-de-vacio-de-aceite-facm20602-250-l-min-220v-055-kw\/#primaryimage"},"thumbnailUrl":"https:\/\/fdasrl.it\/wp-content\/uploads\/2026\/03\/motore-elettrico-con-pompa-del-vuoto-ad-olio-facm20602-250-lmin-220v-055-kw-2.webp","datePublished":"2026-03-04T10:44:01+00:00","description":"Descubre la potencia del FACM20602, con una bomba de vac\u00edo de ba\u00f1o de aceite de 250 l\/min para orde\u00f1adora. \u00a1Fiabilidad y altas prestaciones para la ganader\u00eda!","breadcrumb":{"@id":"https:\/\/fdasrl.it\/es\/prodotto\/motor-electrico-con-bomba-de-vacio-de-aceite-facm20602-250-l-min-220v-055-kw\/#breadcrumb"},"inLanguage":"es","potentialAction":[{"@type":"ReadAction","target":["https:\/\/fdasrl.it\/es\/prodotto\/motor-electrico-con-bomba-de-vacio-de-aceite-facm20602-250-l-min-220v-055-kw\/"]}]},{"@type":"ImageObject","inLanguage":"es","@id":"https:\/\/fdasrl.it\/es\/prodotto\/motor-electrico-con-bomba-de-vacio-de-aceite-facm20602-250-l-min-220v-055-kw\/#primaryimage","url":"https:\/\/fdasrl.it\/wp-content\/uploads\/2026\/03\/motore-elettrico-con-pompa-del-vuoto-ad-olio-facm20602-250-lmin-220v-055-kw-2.webp","contentUrl":"https:\/\/fdasrl.it\/wp-content\/uploads\/2026\/03\/motore-elettrico-con-pompa-del-vuoto-ad-olio-facm20602-250-lmin-220v-055-kw-2.webp","width":1024,"height":1201,"caption":"Motor el\u00e9ctrico con bomba de vac\u00edo lubricada con aceite para orde\u00f1adoras."},{"@type":"BreadcrumbList","@id":"https:\/\/fdasrl.it\/es\/prodotto\/motor-electrico-con-bomba-de-vacio-de-aceite-facm20602-250-l-min-220v-055-kw\/#breadcrumb","itemListElement":[{"@type":"ListItem","position":1,"name":"Home","item":"https:\/\/fdasrl.it\/es\/inicio\/"},{"@type":"ListItem","position":2,"name":"Tienda","item":"https:\/\/fdasrl.it\/es\/tienda\/"},{"@type":"ListItem","position":3,"name":"Motor el\u00e9ctrico con bomba de vac\u00edo de aceite FACM20602 &#8211; 250 L\/min \u2013 220V 0,55 kW"}]},{"@type":"WebSite","@id":"https:\/\/fdasrl.it\/es\/#website","url":"https:\/\/fdasrl.it\/es\/","name":"FDA srl","description":"Equipment for animal husbandry","publisher":{"@id":"https:\/\/fdasrl.it\/es\/#organization"},"potentialAction":[{"@type":"SearchAction","target":{"@type":"EntryPoint","urlTemplate":"https:\/\/fdasrl.it\/es\/?s={search_term_string}"},"query-input":{"@type":"PropertyValueSpecification","valueRequired":true,"valueName":"search_term_string"}}],"inLanguage":"es"},{"@type":"Organization","@id":"https:\/\/fdasrl.it\/es\/#organization","name":"FDA srl","url":"https:\/\/fdasrl.it\/es\/","logo":{"@type":"ImageObject","inLanguage":"es","@id":"https:\/\/fdasrl.it\/es\/#\/schema\/logo\/image\/","url":"https:\/\/fdasrl.it\/wp-content\/uploads\/2024\/12\/Logo-FDA.png","contentUrl":"https:\/\/fdasrl.it\/wp-content\/uploads\/2024\/12\/Logo-FDA.png","width":316,"height":119,"caption":"FDA srl"},"image":{"@id":"https:\/\/fdasrl.it\/es\/#\/schema\/logo\/image\/"},"sameAs":["https:\/\/www.facebook.com\/share\/1MWhFWg1Tp\/?mibextid=LQQJ4d","https:\/\/www.instagram.com\/fda_srl\/profilecard\/?igsh=YW5lbzJ6MWg0d21u","https:\/\/www.youtube.com\/@FDASRL_ANIMALCARE"],"description":"FDA SRL \u2013 Equipment for animal husbandry nasce con l\u2019obiettivo di offrire soluzioni affidabili e innovative per l\u2019allevamento moderno. Con anni di esperienza nel settore zootecnico, progettiamo e realizziamo attrezzature destinate al benessere animale e alla gestione efficiente delle stalle: vasche, abbeveratoi, mangiatoie e sistemi di riscaldamento pensati per durare nel tempo e semplificare il lavoro quotidiano degli allevatori. Dalla progettazione alla produzione, ogni nostro prodotto \u00e8 studiato nei minimi dettagli, testato con cura e costruito per rispondere alle esigenze reali del settore. La nostra forza \u00e8 unire artigianalit\u00e0, tecnologia e competenza tecnica per trasformare ogni progetto in una soluzione concreta e funzionale. Oggi FDA SRL \u00e8 un punto di riferimento per privati e rivenditori che cercano qualit\u00e0, affidabilit\u00e0 e innovazione nelle attrezzature per l\u2019allevamento.","email":"info@fdasrl.it","telephone":"+390522826820","legalName":"F.D.A. SRL","foundingDate":"2024-10-13","vatID":"03075840359","taxID":"03075840359","numberOfEmployees":{"@type":"QuantitativeValue","minValue":"1","maxValue":"10"}}]},"product_price_currency":"EUR","og_availability":"instock","product_availability":"instock","product_retailer_item_id":"FACM20602","product_condition":"new"},"_links":{"self":[{"href":"https:\/\/fdasrl.it\/es\/wp-json\/wp\/v2\/product\/2230","targetHints":{"allow":["GET"]}}],"collection":[{"href":"https:\/\/fdasrl.it\/es\/wp-json\/wp\/v2\/product"}],"about":[{"href":"https:\/\/fdasrl.it\/es\/wp-json\/wp\/v2\/types\/product"}],"replies":[{"embeddable":true,"href":"https:\/\/fdasrl.it\/es\/wp-json\/wp\/v2\/comments?post=2230"}],"wp:featuredmedia":[{"embeddable":true,"href":"https:\/\/fdasrl.it\/es\/wp-json\/wp\/v2\/media\/1156"}],"wp:attachment":[{"href":"https:\/\/fdasrl.it\/es\/wp-json\/wp\/v2\/media?parent=2230"}],"wp:term":[{"taxonomy":"product_brand","embeddable":true,"href":"https:\/\/fdasrl.it\/es\/wp-json\/wp\/v2\/product_brand?post=2230"},{"taxonomy":"product_cat","embeddable":true,"href":"https:\/\/fdasrl.it\/es\/wp-json\/wp\/v2\/product_cat?post=2230"},{"taxonomy":"product_tag","embeddable":true,"href":"https:\/\/fdasrl.it\/es\/wp-json\/wp\/v2\/product_tag?post=2230"}],"curies":[{"name":"wp","href":"https:\/\/api.w.org\/{rel}","templated":true}]}}