{"id":2266,"date":"2026-03-05T16:00:57","date_gmt":"2026-03-05T15:00:57","guid":{"rendered":"https:\/\/fdasrl.it\/prodotto\/valvula-de-pendulo-far17-para-bebederos\/"},"modified":"2026-03-05T16:00:57","modified_gmt":"2026-03-05T15:00:57","slug":"valvula-de-pendulo-far17-para-bebederos","status":"publish","type":"product","link":"https:\/\/fdasrl.it\/es\/prodotto\/valvula-de-pendulo-far17-para-bebederos\/","title":{"rendered":"V\u00e1lvula de p\u00e9ndulo FAR17 para bebederos"},"content":{"rendered":"<h2>V\u00e1lvula de p\u00e9ndulo FAR17 para bebederos<\/h2>\n<p>La <strong>v\u00e1lvula de p\u00e9ndulo FAR17<\/strong> est\u00e1 dise\u00f1ada para muchos tipos de <strong>bebederos, incluidos los bebederos FDA FA-BE y FA-BE MAX<\/strong>, y est\u00e1 fabricada en <strong>lat\u00f3n<\/strong> para garantizar una alta resistencia y larga duraci\u00f3n en entornos ganaderos.<\/p>\n<p>Equipada con <strong>conexi\u00f3n roscada macho de 1\/2&#8243;<\/strong>, esta v\u00e1lvula asegura un alto caudal de agua y un funcionamiento fiable incluso en condiciones de uso intensivo.<\/p>\n<h3>Caracter\u00edsticas principales<\/h3>\n<ul>\n<li>Cuerpo de <strong>lat\u00f3n resistente a la corrosi\u00f3n<\/strong><\/li>\n<li><strong>Conexi\u00f3n de rosca macho 1\/2&#8243;<\/strong><\/li>\n<li><strong>Alto caudal de agua<\/strong><\/li>\n<li>Compatible con <strong>bebederos FA-BE y FA-BE MAX<\/strong><\/li>\n<li><strong>Recambio completo<\/strong> listo para la instalaci\u00f3n<\/li>\n<\/ul>\n<h3>Presi\u00f3n de ejercicio<\/h3>\n<p>Presi\u00f3n de trabajo:  <strong>de 0 a 5 bar<\/strong><\/p>\n<h3>Caudal de agua<\/h3>\n<ul>\n<li><strong>3 bar:<\/strong> 20 l\/min<\/li>\n<li><strong>4 bar:<\/strong> 23 l\/min<\/li>\n<li><strong>5 bar:<\/strong> 26 l\/min<\/li>\n<\/ul>\n<p>La v\u00e1lvula de p\u00e9ndulo FAR17 garantiza un suministro eficiente de agua en los bebederos, ayudando a reducir el desperdicio y asegurando a los animales un acceso constante al agua.<\/p>\n<p>\ud83d\udc49 Solicita precio para reventa: <a href=\"mailto:info@fdasrl.it\">HAZ CLIC AQU\u00cd<\/a><\/p>\n","protected":false},"excerpt":{"rendered":"<p>La <strong data-start=\"26\" data-end=\"53\">v\u00e1lvula de p\u00e9ndulo FAR17<\/strong> es un recambio completo compatible con muchos bebederos, incluidos los <strong data-start=\"81\" data-end=\"114\">bebederos FA-BE y FA-BE MAX<\/strong>, fabricada en <strong data-start=\"130\" data-end=\"140\">lat\u00f3n<\/strong> para garantizar resistencia y durabilidad en entornos ganaderos. Equipada con <strong data-start=\"212\" data-end=\"249\">conexi\u00f3n roscada macho de 1\/2&#8243;<\/strong>, asegura un <strong data-start=\"260\" data-end=\"287\">alto caudal de agua<\/strong> y un funcionamiento fiable con una <strong data-start=\"319\" data-end=\"358\">presi\u00f3n de ejercicio de 0 a 5 bar<\/strong>. Ideal para garantizar un suministro constante de agua en los bebederos.  <\/p>\n","protected":false},"featured_media":1182,"comment_status":"open","ping_status":"closed","template":"","meta":{"_et_pb_use_builder":"","_et_pb_old_content":"","_et_gb_content_width":""},"product_brand":[],"product_cat":[516,517],"product_tag":[518],"class_list":{"0":"post-2266","1":"product","2":"type-product","3":"status-publish","4":"has-post-thumbnail","6":"product_cat-bebederos","7":"product_cat-valvulas-y-flotadores","8":"product_tag-far17","10":"first","11":"instock","12":"shipping-taxable","13":"product-type-simple"},"yoast_head":"<!-- This site is optimized with the Yoast SEO Premium plugin v27.5 (Yoast SEO v27.5) - https:\/\/yoast.com\/product\/yoast-seo-premium-wordpress\/ -->\n<title>V\u00e1lvula de p\u00e9ndulo para bebederos: alto caudal<\/title>\n<meta name=\"description\" content=\"Descubre la v\u00e1lvula de p\u00e9ndulo para bebederos FAR17, dise\u00f1ada para durar y garantizar un alto caudal de agua. \u00a1Desc\u00fabrela ahora!\" \/>\n<meta name=\"robots\" content=\"index, follow, max-snippet:-1, max-image-preview:large, max-video-preview:-1\" \/>\n<link rel=\"canonical\" href=\"https:\/\/fdasrl.it\/es\/prodotto\/valvula-de-pendulo-far17-para-bebederos\/\" \/>\n<meta property=\"og:locale\" content=\"es_ES\" \/>\n<meta property=\"og:type\" content=\"article\" \/>\n<meta property=\"og:title\" content=\"V\u00e1lvula de p\u00e9ndulo FAR17 para bebederos\" \/>\n<meta property=\"og:description\" content=\"Descubre la v\u00e1lvula de p\u00e9ndulo para bebederos FAR17, dise\u00f1ada para durar y garantizar un alto caudal de agua. \u00a1Desc\u00fabrela ahora!\" \/>\n<meta property=\"og:url\" content=\"https:\/\/fdasrl.it\/es\/prodotto\/valvula-de-pendulo-far17-para-bebederos\/\" \/>\n<meta property=\"og:site_name\" content=\"FDA srl\" \/>\n<meta property=\"article:publisher\" content=\"https:\/\/www.facebook.com\/share\/1MWhFWg1Tp\/?mibextid=LQQJ4d\" \/>\n<meta property=\"og:image\" content=\"https:\/\/fdasrl.it\/wp-content\/uploads\/2026\/03\/valvola-pendolo-FAR17-elevata-portata-per-sito-1.jpg\" \/>\n\t<meta property=\"og:image:width\" content=\"530\" \/>\n\t<meta property=\"og:image:height\" content=\"482\" \/>\n\t<meta property=\"og:image:type\" content=\"image\/jpeg\" \/>\n<meta name=\"twitter:card\" content=\"summary_large_image\" \/>\n<meta name=\"twitter:label1\" content=\"Precio\" \/>\n\t<meta name=\"twitter:data1\" content=\"\" \/>\n\t<meta name=\"twitter:label2\" content=\"Disponibilidad\" \/>\n\t<meta name=\"twitter:data2\" content=\"Disponible\" \/>\n<meta property=\"product:price:currency\" content=\"EUR\" \/>\n<meta property=\"og:availability\" content=\"instock\" \/>\n<meta property=\"product:availability\" content=\"instock\" \/>\n<meta property=\"product:retailer_item_id\" content=\"FAR17\" \/>\n<meta property=\"product:condition\" content=\"new\" \/>\n<!-- \/ Yoast SEO Premium plugin. -->","yoast_head_json":{"title":"V\u00e1lvula de p\u00e9ndulo para bebederos: alto caudal","description":"Descubre la v\u00e1lvula de p\u00e9ndulo para bebederos FAR17, dise\u00f1ada para durar y garantizar un alto caudal de agua. \u00a1Desc\u00fabrela ahora!","robots":{"index":"index","follow":"follow","max-snippet":"max-snippet:-1","max-image-preview":"max-image-preview:large","max-video-preview":"max-video-preview:-1"},"canonical":"https:\/\/fdasrl.it\/es\/prodotto\/valvula-de-pendulo-far17-para-bebederos\/","og_locale":"es_ES","og_type":"article","og_title":"V\u00e1lvula de p\u00e9ndulo FAR17 para bebederos","og_description":"Descubre la v\u00e1lvula de p\u00e9ndulo para bebederos FAR17, dise\u00f1ada para durar y garantizar un alto caudal de agua. \u00a1Desc\u00fabrela ahora!","og_url":"https:\/\/fdasrl.it\/es\/prodotto\/valvula-de-pendulo-far17-para-bebederos\/","og_site_name":"FDA srl","article_publisher":"https:\/\/www.facebook.com\/share\/1MWhFWg1Tp\/?mibextid=LQQJ4d","og_image":[{"width":530,"height":482,"url":"https:\/\/fdasrl.it\/wp-content\/uploads\/2026\/03\/valvola-pendolo-FAR17-elevata-portata-per-sito-1.jpg","type":"image\/jpeg"}],"twitter_card":"summary_large_image","twitter_misc":{"Precio":"","Disponibilidad":"Disponible"},"schema":{"@context":"https:\/\/schema.org","@graph":[{"@type":"WebPage","@id":"https:\/\/fdasrl.it\/es\/prodotto\/valvula-de-pendulo-far17-para-bebederos\/","url":"https:\/\/fdasrl.it\/es\/prodotto\/valvula-de-pendulo-far17-para-bebederos\/","name":"V\u00e1lvula de p\u00e9ndulo para bebederos: alto caudal","isPartOf":{"@id":"https:\/\/fdasrl.it\/es\/#website"},"primaryImageOfPage":{"@id":"https:\/\/fdasrl.it\/es\/prodotto\/valvula-de-pendulo-far17-para-bebederos\/#primaryimage"},"image":{"@id":"https:\/\/fdasrl.it\/es\/prodotto\/valvula-de-pendulo-far17-para-bebederos\/#primaryimage"},"thumbnailUrl":"https:\/\/fdasrl.it\/wp-content\/uploads\/2026\/03\/valvola-pendolo-FAR17-elevata-portata-per-sito-1.jpg","datePublished":"2026-03-05T15:00:57+00:00","description":"Descubre la v\u00e1lvula de p\u00e9ndulo para bebederos FAR17, dise\u00f1ada para durar y garantizar un alto caudal de agua. \u00a1Desc\u00fabrela ahora!","breadcrumb":{"@id":"https:\/\/fdasrl.it\/es\/prodotto\/valvula-de-pendulo-far17-para-bebederos\/#breadcrumb"},"inLanguage":"es","potentialAction":[{"@type":"ReadAction","target":["https:\/\/fdasrl.it\/es\/prodotto\/valvula-de-pendulo-far17-para-bebederos\/"]}]},{"@type":"ImageObject","inLanguage":"es","@id":"https:\/\/fdasrl.it\/es\/prodotto\/valvula-de-pendulo-far17-para-bebederos\/#primaryimage","url":"https:\/\/fdasrl.it\/wp-content\/uploads\/2026\/03\/valvola-pendolo-FAR17-elevata-portata-per-sito-1.jpg","contentUrl":"https:\/\/fdasrl.it\/wp-content\/uploads\/2026\/03\/valvola-pendolo-FAR17-elevata-portata-per-sito-1.jpg","width":530,"height":482,"caption":"V\u00e1lvula de p\u00e9ndulo FAR17 de alto caudal para bebederos autom\u00e1ticos."},{"@type":"BreadcrumbList","@id":"https:\/\/fdasrl.it\/es\/prodotto\/valvula-de-pendulo-far17-para-bebederos\/#breadcrumb","itemListElement":[{"@type":"ListItem","position":1,"name":"Home","item":"https:\/\/fdasrl.it\/es\/inicio\/"},{"@type":"ListItem","position":2,"name":"Tienda","item":"https:\/\/fdasrl.it\/es\/tienda\/"},{"@type":"ListItem","position":3,"name":"V\u00e1lvula de p\u00e9ndulo FAR17 para bebederos"}]},{"@type":"WebSite","@id":"https:\/\/fdasrl.it\/es\/#website","url":"https:\/\/fdasrl.it\/es\/","name":"FDA srl","description":"Equipment for animal husbandry","publisher":{"@id":"https:\/\/fdasrl.it\/es\/#organization"},"potentialAction":[{"@type":"SearchAction","target":{"@type":"EntryPoint","urlTemplate":"https:\/\/fdasrl.it\/es\/?s={search_term_string}"},"query-input":{"@type":"PropertyValueSpecification","valueRequired":true,"valueName":"search_term_string"}}],"inLanguage":"es"},{"@type":"Organization","@id":"https:\/\/fdasrl.it\/es\/#organization","name":"FDA srl","url":"https:\/\/fdasrl.it\/es\/","logo":{"@type":"ImageObject","inLanguage":"es","@id":"https:\/\/fdasrl.it\/es\/#\/schema\/logo\/image\/","url":"https:\/\/fdasrl.it\/wp-content\/uploads\/2024\/12\/Logo-FDA.png","contentUrl":"https:\/\/fdasrl.it\/wp-content\/uploads\/2024\/12\/Logo-FDA.png","width":316,"height":119,"caption":"FDA srl"},"image":{"@id":"https:\/\/fdasrl.it\/es\/#\/schema\/logo\/image\/"},"sameAs":["https:\/\/www.facebook.com\/share\/1MWhFWg1Tp\/?mibextid=LQQJ4d","https:\/\/www.instagram.com\/fda_srl\/profilecard\/?igsh=YW5lbzJ6MWg0d21u","https:\/\/www.youtube.com\/@FDASRL_ANIMALCARE"],"description":"FDA SRL \u2013 Equipment for animal husbandry nasce con l\u2019obiettivo di offrire soluzioni affidabili e innovative per l\u2019allevamento moderno. Con anni di esperienza nel settore zootecnico, progettiamo e realizziamo attrezzature destinate al benessere animale e alla gestione efficiente delle stalle: vasche, abbeveratoi, mangiatoie e sistemi di riscaldamento pensati per durare nel tempo e semplificare il lavoro quotidiano degli allevatori. Dalla progettazione alla produzione, ogni nostro prodotto \u00e8 studiato nei minimi dettagli, testato con cura e costruito per rispondere alle esigenze reali del settore. La nostra forza \u00e8 unire artigianalit\u00e0, tecnologia e competenza tecnica per trasformare ogni progetto in una soluzione concreta e funzionale. Oggi FDA SRL \u00e8 un punto di riferimento per privati e rivenditori che cercano qualit\u00e0, affidabilit\u00e0 e innovazione nelle attrezzature per l\u2019allevamento.","email":"info@fdasrl.it","telephone":"+390522826820","legalName":"F.D.A. SRL","foundingDate":"2024-10-13","vatID":"03075840359","taxID":"03075840359","numberOfEmployees":{"@type":"QuantitativeValue","minValue":"1","maxValue":"10"}}]},"product_price_currency":"EUR","og_availability":"instock","product_availability":"instock","product_retailer_item_id":"FAR17","product_condition":"new"},"_links":{"self":[{"href":"https:\/\/fdasrl.it\/es\/wp-json\/wp\/v2\/product\/2266","targetHints":{"allow":["GET"]}}],"collection":[{"href":"https:\/\/fdasrl.it\/es\/wp-json\/wp\/v2\/product"}],"about":[{"href":"https:\/\/fdasrl.it\/es\/wp-json\/wp\/v2\/types\/product"}],"replies":[{"embeddable":true,"href":"https:\/\/fdasrl.it\/es\/wp-json\/wp\/v2\/comments?post=2266"}],"wp:featuredmedia":[{"embeddable":true,"href":"https:\/\/fdasrl.it\/es\/wp-json\/wp\/v2\/media\/1182"}],"wp:attachment":[{"href":"https:\/\/fdasrl.it\/es\/wp-json\/wp\/v2\/media?parent=2266"}],"wp:term":[{"taxonomy":"product_brand","embeddable":true,"href":"https:\/\/fdasrl.it\/es\/wp-json\/wp\/v2\/product_brand?post=2266"},{"taxonomy":"product_cat","embeddable":true,"href":"https:\/\/fdasrl.it\/es\/wp-json\/wp\/v2\/product_cat?post=2266"},{"taxonomy":"product_tag","embeddable":true,"href":"https:\/\/fdasrl.it\/es\/wp-json\/wp\/v2\/product_tag?post=2266"}],"curies":[{"name":"wp","href":"https:\/\/api.w.org\/{rel}","templated":true}]}}