{"id":2309,"date":"2026-03-04T15:19:48","date_gmt":"2026-03-04T14:19:48","guid":{"rendered":"https:\/\/fdasrl.it\/prodotto\/bebedero-de-hierro-fundido-esmaltado-fabb0033-con-valvula-tubular\/"},"modified":"2026-03-04T15:19:48","modified_gmt":"2026-03-04T14:19:48","slug":"bebedero-de-hierro-fundido-esmaltado-fabb0033-con-valvula-tubular","status":"publish","type":"product","link":"https:\/\/fdasrl.it\/es\/prodotto\/bebedero-de-hierro-fundido-esmaltado-fabb0033-con-valvula-tubular\/","title":{"rendered":"Bebedero de hierro fundido esmaltado FABB0033 con v\u00e1lvula tubular"},"content":{"rendered":"<h1 data-start=\"140\" data-end=\"238\">Bebedero de hierro fundido esmaltado FABB0033 con v\u00e1lvula tubular para caballos, bovinos, cabras y ovejas<\/h1>\n<p data-start=\"240\" data-end=\"434\">El <strong data-start=\"242\" data-end=\"285\">bebedero FABB0033 de hierro fundido esmaltado<\/strong> est\u00e1 dise\u00f1ado para garantizar un suministro de agua <strong data-start=\"342\" data-end=\"403\">fiable e higi\u00e9nico para caballos, bovinos, cabras y ovejas<\/strong>, tanto en establo como en pasto.<\/p>\n<p data-start=\"436\" data-end=\"765\">El <strong data-start=\"439\" data-end=\"490\">cuenco de hierro fundido con esmaltado de alta calidad<\/strong> asegura elevada resistencia al desgaste, a la corrosi\u00f3n y a los golpes, garantizando una larga duraci\u00f3n en el tiempo. El bebedero est\u00e1 equipado con <strong data-start=\"625\" data-end=\"680\">v\u00e1lvula tubular accionada directamente por el animal<\/strong>, que permite la dispensaci\u00f3n del agua solo cuando es necesario, reduciendo el desperdicio. <\/p>\n<p data-start=\"767\" data-end=\"994\">La <strong data-start=\"770\" data-end=\"807\">v\u00e1lvula de lat\u00f3n intercambiable<\/strong> est\u00e1 dise\u00f1ada para ofrecer fiabilidad y facilidad de mantenimiento. Los animales se acostumbran r\u00e1pidamente al funcionamiento: <strong data-start=\"928\" data-end=\"993\">presionando la v\u00e1lvula el agua comienza a fluir autom\u00e1ticamente<\/strong>. <\/p>\n<p data-start=\"996\" data-end=\"1146\">El bebedero dispone de <strong data-start=\"1022\" data-end=\"1079\">doble entrada de agua de 1\/2&#8243; (superior o inferior)<\/strong>; la entrada no utilizada puede cerrarse con el tap\u00f3n correspondiente.<\/p>\n<p data-start=\"1148\" data-end=\"1290\">El sistema puede instalarse <strong data-start=\"1181\" data-end=\"1230\">en pared o sobre tubo mediante abrazaderas en U<\/strong>, adapt\u00e1ndose f\u00e1cilmente a diferentes configuraciones de establo.<\/p>\n<hr data-start=\"1292\" data-end=\"1295\">\n<h2 data-start=\"1297\" data-end=\"1326\">Caracter\u00edsticas principales<\/h2>\n<ul data-start=\"1328\" data-end=\"1755\">\n<li data-start=\"1328\" data-end=\"1353\">\n<p data-start=\"1330\" data-end=\"1353\"><strong data-start=\"1330\" data-end=\"1342\">Modelo:<\/strong> FABB0033<\/p>\n<\/li>\n<li data-start=\"1354\" data-end=\"1408\">\n<p data-start=\"1356\" data-end=\"1408\"><strong data-start=\"1356\" data-end=\"1406\">Bebedero de hierro fundido esmaltado de alta calidad<\/strong><\/p>\n<\/li>\n<li data-start=\"1409\" data-end=\"1459\">\n<p data-start=\"1411\" data-end=\"1459\"><strong data-start=\"1411\" data-end=\"1457\">V\u00e1lvula tubular de lat\u00f3n intercambiable<\/strong><\/p>\n<\/li>\n<li data-start=\"1460\" data-end=\"1493\">\n<p data-start=\"1462\" data-end=\"1493\"><strong data-start=\"1462\" data-end=\"1481\">Capacidad del cuenco:<\/strong> 1,7 litros<\/p>\n<\/li>\n<li data-start=\"1494\" data-end=\"1525\">\n<p data-start=\"1496\" data-end=\"1525\"><strong data-start=\"1496\" data-end=\"1514\">Conexi\u00f3n de agua:<\/strong> 1\/2&#8243; GAS<\/p>\n<\/li>\n<li data-start=\"1526\" data-end=\"1589\">\n<p data-start=\"1528\" data-end=\"1589\"><strong data-start=\"1528\" data-end=\"1587\">Posibilidad de conexi\u00f3n de agua superior o inferior<\/strong><\/p>\n<\/li>\n<li data-start=\"1590\" data-end=\"1622\">\n<p data-start=\"1592\" data-end=\"1622\"><strong data-start=\"1592\" data-end=\"1604\">Caudal:<\/strong> 8 L\/min a 3 bar<\/p>\n<\/li>\n<li data-start=\"1623\" data-end=\"1665\">\n<p data-start=\"1625\" data-end=\"1665\"><strong data-start=\"1625\" data-end=\"1663\">Forma del cuenco f\u00e1cil de limpiar<\/strong><\/p>\n<\/li>\n<li data-start=\"1666\" data-end=\"1706\">\n<p data-start=\"1668\" data-end=\"1706\"><strong data-start=\"1668\" data-end=\"1704\">Instalaci\u00f3n en pared o sobre tubo<\/strong><\/p>\n<\/li>\n<li data-start=\"1707\" data-end=\"1755\">\n<p data-start=\"1709\" data-end=\"1755\"><strong data-start=\"1709\" data-end=\"1755\">Adecuado para caballos, bovinos, cabras y ovejas<\/strong><\/p>\n<\/li>\n<\/ul>\n<hr data-start=\"1757\" data-end=\"1760\">\n<h2 data-start=\"1762\" data-end=\"1775\">Dimensiones<\/h2>\n<ul data-start=\"1777\" data-end=\"1873\">\n<li data-start=\"1777\" data-end=\"1804\">\n<p data-start=\"1779\" data-end=\"1804\"><strong data-start=\"1779\" data-end=\"1792\">Capacidad:<\/strong> 1,7 litros<\/p>\n<\/li>\n<li data-start=\"1805\" data-end=\"1843\">\n<p data-start=\"1807\" data-end=\"1843\"><strong data-start=\"1807\" data-end=\"1830\">Dimensiones externas:<\/strong> 16 \u00d7 26 cm<\/p>\n<\/li>\n<li data-start=\"1844\" data-end=\"1873\">\n<p data-start=\"1846\" data-end=\"1873\"><strong data-start=\"1846\" data-end=\"1864\">Conexi\u00f3n de agua:<\/strong> 1\/2&#8243; GAS<\/p>\n<\/li>\n<\/ul>\n<p>&nbsp;<\/p>\n<p>\ud83d\udc49 Solicita precio para reventa: <a href=\"mailto:info@fdasrl.it\">HAZ CLIC AQU\u00cd<\/a><\/p>\n","protected":false},"excerpt":{"rendered":"<p>Bebedero de hierro fundido esmaltado FABB0033 con v\u00e1lvula tubular de lat\u00f3n, adecuado para caballos, bovinos, cabras y ovejas. Capacidad 1,7 L, conexi\u00f3n de agua 1\/2&#8243; y caudal hasta 8 L\/min. Robusto, higi\u00e9nico e ideal para instalaci\u00f3n en establo o pasto.  <\/p>\n","protected":false},"featured_media":1170,"comment_status":"open","ping_status":"closed","template":"","meta":{"_et_pb_use_builder":"","_et_pb_old_content":"","_et_gb_content_width":""},"product_brand":[],"product_cat":[420],"product_tag":[529],"class_list":{"0":"post-2309","1":"product","2":"type-product","3":"status-publish","4":"has-post-thumbnail","6":"product_cat-ovinos-y-caprinos","7":"product_tag-fabb0033","9":"first","10":"instock","11":"shipping-taxable","12":"product-type-simple"},"yoast_head":"<!-- This site is optimized with the Yoast SEO Premium plugin v27.5 (Yoast SEO v27.5) - https:\/\/yoast.com\/product\/yoast-seo-premium-wordpress\/ -->\n<title>Bebedero cabras ovejas hierro fundido: Robusto e Higi\u00e9nico<\/title>\n<meta name=\"description\" content=\"Descubre el bebedero cabras ovejas hierro fundido FABB0033, dise\u00f1ado para garantizar agua higi\u00e9nica y fiable para tus animales. \u00a1Elige calidad duradera!\" \/>\n<meta name=\"robots\" content=\"index, follow, max-snippet:-1, max-image-preview:large, max-video-preview:-1\" \/>\n<link rel=\"canonical\" href=\"https:\/\/fdasrl.it\/es\/prodotto\/bebedero-de-hierro-fundido-esmaltado-fabb0033-con-valvula-tubular\/\" \/>\n<meta property=\"og:locale\" content=\"es_ES\" \/>\n<meta property=\"og:type\" content=\"article\" \/>\n<meta property=\"og:title\" content=\"Bebedero de hierro fundido esmaltado FABB0033 con v\u00e1lvula tubular\" \/>\n<meta property=\"og:description\" content=\"Descubre el bebedero cabras ovejas hierro fundido FABB0033, dise\u00f1ado para garantizar agua higi\u00e9nica y fiable para tus animales. \u00a1Elige calidad duradera!\" \/>\n<meta property=\"og:url\" content=\"https:\/\/fdasrl.it\/es\/prodotto\/bebedero-de-hierro-fundido-esmaltado-fabb0033-con-valvula-tubular\/\" \/>\n<meta property=\"og:site_name\" content=\"FDA srl\" \/>\n<meta property=\"article:publisher\" content=\"https:\/\/www.facebook.com\/share\/1MWhFWg1Tp\/?mibextid=LQQJ4d\" \/>\n<meta property=\"og:image\" content=\"https:\/\/fdasrl.it\/wp-content\/uploads\/2026\/03\/Abbeveratoio-smaltato-nero-pendolo-automatico-fda-shop-3.webp\" \/>\n\t<meta property=\"og:image:width\" content=\"700\" \/>\n\t<meta property=\"og:image:height\" content=\"800\" \/>\n\t<meta property=\"og:image:type\" content=\"image\/webp\" \/>\n<meta name=\"twitter:card\" content=\"summary_large_image\" \/>\n<meta name=\"twitter:label1\" content=\"Precio\" \/>\n\t<meta name=\"twitter:data1\" content=\"\" \/>\n\t<meta name=\"twitter:label2\" content=\"Disponibilidad\" \/>\n\t<meta name=\"twitter:data2\" content=\"Disponible\" \/>\n<meta property=\"product:price:currency\" content=\"EUR\" \/>\n<meta property=\"og:availability\" content=\"instock\" \/>\n<meta property=\"product:availability\" content=\"instock\" \/>\n<meta property=\"product:retailer_item_id\" content=\"FABB0033\" \/>\n<meta property=\"product:condition\" content=\"new\" \/>\n<!-- \/ Yoast SEO Premium plugin. -->","yoast_head_json":{"title":"Bebedero cabras ovejas hierro fundido: Robusto e Higi\u00e9nico","description":"Descubre el bebedero cabras ovejas hierro fundido FABB0033, dise\u00f1ado para garantizar agua higi\u00e9nica y fiable para tus animales. \u00a1Elige calidad duradera!","robots":{"index":"index","follow":"follow","max-snippet":"max-snippet:-1","max-image-preview":"max-image-preview:large","max-video-preview":"max-video-preview:-1"},"canonical":"https:\/\/fdasrl.it\/es\/prodotto\/bebedero-de-hierro-fundido-esmaltado-fabb0033-con-valvula-tubular\/","og_locale":"es_ES","og_type":"article","og_title":"Bebedero de hierro fundido esmaltado FABB0033 con v\u00e1lvula tubular","og_description":"Descubre el bebedero cabras ovejas hierro fundido FABB0033, dise\u00f1ado para garantizar agua higi\u00e9nica y fiable para tus animales. \u00a1Elige calidad duradera!","og_url":"https:\/\/fdasrl.it\/es\/prodotto\/bebedero-de-hierro-fundido-esmaltado-fabb0033-con-valvula-tubular\/","og_site_name":"FDA srl","article_publisher":"https:\/\/www.facebook.com\/share\/1MWhFWg1Tp\/?mibextid=LQQJ4d","og_image":[{"width":700,"height":800,"url":"https:\/\/fdasrl.it\/wp-content\/uploads\/2026\/03\/Abbeveratoio-smaltato-nero-pendolo-automatico-fda-shop-3.webp","type":"image\/webp"}],"twitter_card":"summary_large_image","twitter_misc":{"Precio":"","Disponibilidad":"Disponible"},"schema":{"@context":"https:\/\/schema.org","@graph":[{"@type":"WebPage","@id":"https:\/\/fdasrl.it\/es\/prodotto\/bebedero-de-hierro-fundido-esmaltado-fabb0033-con-valvula-tubular\/","url":"https:\/\/fdasrl.it\/es\/prodotto\/bebedero-de-hierro-fundido-esmaltado-fabb0033-con-valvula-tubular\/","name":"Bebedero cabras ovejas hierro fundido: Robusto e Higi\u00e9nico","isPartOf":{"@id":"https:\/\/fdasrl.it\/es\/#website"},"primaryImageOfPage":{"@id":"https:\/\/fdasrl.it\/es\/prodotto\/bebedero-de-hierro-fundido-esmaltado-fabb0033-con-valvula-tubular\/#primaryimage"},"image":{"@id":"https:\/\/fdasrl.it\/es\/prodotto\/bebedero-de-hierro-fundido-esmaltado-fabb0033-con-valvula-tubular\/#primaryimage"},"thumbnailUrl":"https:\/\/fdasrl.it\/wp-content\/uploads\/2026\/03\/Abbeveratoio-smaltato-nero-pendolo-automatico-fda-shop-3.webp","datePublished":"2026-03-04T14:19:48+00:00","description":"Descubre el bebedero cabras ovejas hierro fundido FABB0033, dise\u00f1ado para garantizar agua higi\u00e9nica y fiable para tus animales. \u00a1Elige calidad duradera!","breadcrumb":{"@id":"https:\/\/fdasrl.it\/es\/prodotto\/bebedero-de-hierro-fundido-esmaltado-fabb0033-con-valvula-tubular\/#breadcrumb"},"inLanguage":"es","potentialAction":[{"@type":"ReadAction","target":["https:\/\/fdasrl.it\/es\/prodotto\/bebedero-de-hierro-fundido-esmaltado-fabb0033-con-valvula-tubular\/"]}]},{"@type":"ImageObject","inLanguage":"es","@id":"https:\/\/fdasrl.it\/es\/prodotto\/bebedero-de-hierro-fundido-esmaltado-fabb0033-con-valvula-tubular\/#primaryimage","url":"https:\/\/fdasrl.it\/wp-content\/uploads\/2026\/03\/Abbeveratoio-smaltato-nero-pendolo-automatico-fda-shop-3.webp","contentUrl":"https:\/\/fdasrl.it\/wp-content\/uploads\/2026\/03\/Abbeveratoio-smaltato-nero-pendolo-automatico-fda-shop-3.webp","width":700,"height":800,"caption":"Soporte de fijaci\u00f3n de hierro fundido para bebedero autom\u00e1tico de establo."},{"@type":"BreadcrumbList","@id":"https:\/\/fdasrl.it\/es\/prodotto\/bebedero-de-hierro-fundido-esmaltado-fabb0033-con-valvula-tubular\/#breadcrumb","itemListElement":[{"@type":"ListItem","position":1,"name":"Home","item":"https:\/\/fdasrl.it\/es\/inicio\/"},{"@type":"ListItem","position":2,"name":"Tienda","item":"https:\/\/fdasrl.it\/es\/tienda\/"},{"@type":"ListItem","position":3,"name":"Bebedero de hierro fundido esmaltado FABB0033 con v\u00e1lvula tubular"}]},{"@type":"WebSite","@id":"https:\/\/fdasrl.it\/es\/#website","url":"https:\/\/fdasrl.it\/es\/","name":"FDA srl","description":"Equipment for animal husbandry","publisher":{"@id":"https:\/\/fdasrl.it\/es\/#organization"},"potentialAction":[{"@type":"SearchAction","target":{"@type":"EntryPoint","urlTemplate":"https:\/\/fdasrl.it\/es\/?s={search_term_string}"},"query-input":{"@type":"PropertyValueSpecification","valueRequired":true,"valueName":"search_term_string"}}],"inLanguage":"es"},{"@type":"Organization","@id":"https:\/\/fdasrl.it\/es\/#organization","name":"FDA srl","url":"https:\/\/fdasrl.it\/es\/","logo":{"@type":"ImageObject","inLanguage":"es","@id":"https:\/\/fdasrl.it\/es\/#\/schema\/logo\/image\/","url":"https:\/\/fdasrl.it\/wp-content\/uploads\/2024\/12\/Logo-FDA.png","contentUrl":"https:\/\/fdasrl.it\/wp-content\/uploads\/2024\/12\/Logo-FDA.png","width":316,"height":119,"caption":"FDA srl"},"image":{"@id":"https:\/\/fdasrl.it\/es\/#\/schema\/logo\/image\/"},"sameAs":["https:\/\/www.facebook.com\/share\/1MWhFWg1Tp\/?mibextid=LQQJ4d","https:\/\/www.instagram.com\/fda_srl\/profilecard\/?igsh=YW5lbzJ6MWg0d21u","https:\/\/www.youtube.com\/@FDASRL_ANIMALCARE"],"description":"FDA SRL \u2013 Equipment for animal husbandry nasce con l\u2019obiettivo di offrire soluzioni affidabili e innovative per l\u2019allevamento moderno. Con anni di esperienza nel settore zootecnico, progettiamo e realizziamo attrezzature destinate al benessere animale e alla gestione efficiente delle stalle: vasche, abbeveratoi, mangiatoie e sistemi di riscaldamento pensati per durare nel tempo e semplificare il lavoro quotidiano degli allevatori. Dalla progettazione alla produzione, ogni nostro prodotto \u00e8 studiato nei minimi dettagli, testato con cura e costruito per rispondere alle esigenze reali del settore. La nostra forza \u00e8 unire artigianalit\u00e0, tecnologia e competenza tecnica per trasformare ogni progetto in una soluzione concreta e funzionale. Oggi FDA SRL \u00e8 un punto di riferimento per privati e rivenditori che cercano qualit\u00e0, affidabilit\u00e0 e innovazione nelle attrezzature per l\u2019allevamento.","email":"info@fdasrl.it","telephone":"+390522826820","legalName":"F.D.A. SRL","foundingDate":"2024-10-13","vatID":"03075840359","taxID":"03075840359","numberOfEmployees":{"@type":"QuantitativeValue","minValue":"1","maxValue":"10"}}]},"product_price_currency":"EUR","og_availability":"instock","product_availability":"instock","product_retailer_item_id":"FABB0033","product_condition":"new"},"_links":{"self":[{"href":"https:\/\/fdasrl.it\/es\/wp-json\/wp\/v2\/product\/2309","targetHints":{"allow":["GET"]}}],"collection":[{"href":"https:\/\/fdasrl.it\/es\/wp-json\/wp\/v2\/product"}],"about":[{"href":"https:\/\/fdasrl.it\/es\/wp-json\/wp\/v2\/types\/product"}],"replies":[{"embeddable":true,"href":"https:\/\/fdasrl.it\/es\/wp-json\/wp\/v2\/comments?post=2309"}],"wp:featuredmedia":[{"embeddable":true,"href":"https:\/\/fdasrl.it\/es\/wp-json\/wp\/v2\/media\/1170"}],"wp:attachment":[{"href":"https:\/\/fdasrl.it\/es\/wp-json\/wp\/v2\/media?parent=2309"}],"wp:term":[{"taxonomy":"product_brand","embeddable":true,"href":"https:\/\/fdasrl.it\/es\/wp-json\/wp\/v2\/product_brand?post=2309"},{"taxonomy":"product_cat","embeddable":true,"href":"https:\/\/fdasrl.it\/es\/wp-json\/wp\/v2\/product_cat?post=2309"},{"taxonomy":"product_tag","embeddable":true,"href":"https:\/\/fdasrl.it\/es\/wp-json\/wp\/v2\/product_tag?post=2309"}],"curies":[{"name":"wp","href":"https:\/\/api.w.org\/{rel}","templated":true}]}}