{"id":2378,"date":"2026-03-04T12:07:45","date_gmt":"2026-03-04T11:07:45","guid":{"rendered":"https:\/\/fdasrl.it\/prodotto\/motor-electrico-con-bomba-de-vacio-de-aceite-facm20701-400-l-min-220-v-110-kw\/"},"modified":"2026-03-04T12:07:45","modified_gmt":"2026-03-04T11:07:45","slug":"motor-electrico-con-bomba-de-vacio-de-aceite-facm20701-400-l-min-220-v-110-kw","status":"publish","type":"product","link":"https:\/\/fdasrl.it\/es\/prodotto\/motor-electrico-con-bomba-de-vacio-de-aceite-facm20701-400-l-min-220-v-110-kw\/","title":{"rendered":"Motor el\u00e9ctrico con bomba de vac\u00edo de aceite FACM20701 400 l\/min \u2013 220 V 1,10 kW"},"content":{"rendered":"<h1 data-start=\"109\" data-end=\"189\">Motor el\u00e9ctrico con bomba de vac\u00edo de aceite FACM20701 400 l\/min \u2013 220 V 1,10 kW<\/h1>\n<p data-start=\"191\" data-end=\"388\">El <strong data-start=\"194\" data-end=\"207\">FACM20701<\/strong> es un <strong data-start=\"213\" data-end=\"278\">motor el\u00e9ctrico con bomba de vac\u00edo en ba\u00f1o de aceite integrada<\/strong>, dise\u00f1ado para aplicaciones zoot\u00e9cnicas donde se requiere una <strong data-start=\"341\" data-end=\"387\">generaci\u00f3n de vac\u00edo fiable y continua<\/strong>.<\/p>\n<p data-start=\"390\" data-end=\"583\">El grupo est\u00e1 compuesto por un <strong data-start=\"414\" data-end=\"466\">motor el\u00e9ctrico de 1,10 kW alimentado a 220 V CA<\/strong>, acoplado a una <strong data-start=\"481\" data-end=\"520\">bomba de vac\u00edo lubricada por aceite<\/strong>, capaz de garantizar un <strong data-start=\"548\" data-end=\"582\">caudal de 400 litros por minuto<\/strong>.<\/p>\n<p data-start=\"585\" data-end=\"792\">Esta configuraci\u00f3n garantiza un alto rendimiento y fiabilidad operativa, lo que hace que el sistema sea especialmente adecuado para <strong data-start=\"711\" data-end=\"791\">instalaciones de orde\u00f1o y equipos utilizados en el sector ganadero<\/strong>.<\/p>\n<hr data-start=\"794\" data-end=\"797\">\n<h2 data-start=\"799\" data-end=\"837\">Ventajas del sistema de ba\u00f1o de aceite<\/h2>\n<p data-start=\"839\" data-end=\"959\">La lubricaci\u00f3n por aceite contribuye a mantener la eficiencia del sistema incluso durante usos prolongados, ofreciendo:<\/p>\n<ul data-start=\"961\" data-end=\"1112\">\n<li data-start=\"961\" data-end=\"998\">\n<p data-start=\"963\" data-end=\"998\"><strong data-start=\"963\" data-end=\"998\">mayor fiabilidad operativa<\/strong><\/p>\n<\/li>\n<li data-start=\"999\" data-end=\"1035\">\n<p data-start=\"1001\" data-end=\"1035\"><strong data-start=\"1001\" data-end=\"1035\">reducci\u00f3n del desgaste mec\u00e1nico<\/strong><\/p>\n<\/li>\n<li data-start=\"1036\" data-end=\"1075\">\n<p data-start=\"1038\" data-end=\"1075\"><strong data-start=\"1038\" data-end=\"1075\">funcionamiento regular y continuo<\/strong><\/p>\n<\/li>\n<li data-start=\"1076\" data-end=\"1112\">\n<p data-start=\"1078\" data-end=\"1112\"><strong data-start=\"1078\" data-end=\"1112\">prestaciones constantes en el tiempo<\/strong><\/p>\n<\/li>\n<\/ul>\n<p data-start=\"1114\" data-end=\"1294\">Gracias a su estructura robusta y compacta, el <strong data-start=\"1163\" data-end=\"1176\">FACM20701<\/strong> representa una soluci\u00f3n ideal para sistemas que requieren <strong data-start=\"1237\" data-end=\"1293\">estabilidad de ejercicio y continuidad de funcionamiento<\/strong>.<\/p>\n<hr data-start=\"1296\" data-end=\"1299\">\n<h2 data-start=\"1301\" data-end=\"1328\">Caracter\u00edsticas t\u00e9cnicas<\/h2>\n<ul data-start=\"1330\" data-end=\"1513\">\n<li data-start=\"1330\" data-end=\"1356\">\n<p data-start=\"1332\" data-end=\"1356\"><strong data-start=\"1332\" data-end=\"1344\">Modelo:<\/strong> FACM20701<\/p>\n<\/li>\n<li data-start=\"1357\" data-end=\"1383\">\n<p data-start=\"1359\" data-end=\"1383\"><strong data-start=\"1359\" data-end=\"1371\">Caudal:<\/strong> 400 l\/min<\/p>\n<\/li>\n<li data-start=\"1384\" data-end=\"1414\">\n<p data-start=\"1386\" data-end=\"1414\"><strong data-start=\"1386\" data-end=\"1404\">Alimentaci\u00f3n:<\/strong> 220 VAC<\/p>\n<\/li>\n<li data-start=\"1415\" data-end=\"1439\">\n<p data-start=\"1417\" data-end=\"1439\"><strong data-start=\"1417\" data-end=\"1429\">Potencia:<\/strong> 1,10 kW (1,5 HP)<\/p>\n<\/li>\n<li data-start=\"1440\" data-end=\"1513\">\n<p data-start=\"1442\" data-end=\"1513\"><strong data-start=\"1442\" data-end=\"1461\">Configuraci\u00f3n:<\/strong> motor el\u00e9ctrico con bomba de vac\u00edo en ba\u00f1o de aceite<\/p>\n<\/li>\n<\/ul>\n<p data-start=\"1515\" data-end=\"1599\">Dise\u00f1ado para garantizar <strong data-start=\"1540\" data-end=\"1598\">larga vida operativa y prestaciones estables en el tiempo<\/strong>.<\/p>\n<h4 data-start=\"1954\" data-end=\"1993\">Distribuidores y revendedores: solicita informaci\u00f3n <a href=\"https:\/\/fdasrl.it\/es\/contacto\/\">(HAZ CLIC AQU\u00cd)<\/a><\/h4>\n<h4 data-start=\"1954\" data-end=\"1993\">\ud83d\uded2 C\u00f3mprala online <a href=\"https:\/\/fda-shop.it\/shop\/mungitura\/accessori-mungitrici\/motore-elettrico-con-pompa-del-vuoto-ad-olio-facm20701-400-lmin-220v-110-kw\">(HAZ CLIC AQU\u00cd)<\/a><\/h4>\n","protected":false},"excerpt":{"rendered":"<p>Motor el\u00e9ctrico con bomba de vac\u00edo en ba\u00f1o de aceite FACM20701 de 400 l\/min, alimentaci\u00f3n 220 V y potencia 1,10 kW. Grupo compacto y fiable ideal para instalaciones de orde\u00f1o y aplicaciones zoot\u00e9cnicas que requieren una generaci\u00f3n de vac\u00edo estable y continua. <\/p>\n","protected":false},"featured_media":1165,"comment_status":"open","ping_status":"closed","template":"","meta":{"_et_pb_use_builder":"","_et_pb_old_content":"","_et_gb_content_width":""},"product_brand":[],"product_cat":[498,404],"product_tag":[542],"class_list":{"0":"post-2378","1":"product","2":"type-product","3":"status-publish","4":"has-post-thumbnail","6":"product_cat-accesorios-para-ordenadoras","7":"product_cat-ordenadoras-de-carro","8":"product_tag-facm20701","10":"first","11":"instock","12":"shipping-taxable","13":"product-type-simple"},"yoast_head":"<!-- This site is optimized with the Yoast SEO Premium plugin v27.5 (Yoast SEO v27.5) - https:\/\/yoast.com\/product\/yoast-seo-premium-wordpress\/ -->\n<title>Bomba de vac\u00edo en ba\u00f1o de aceite 400 l\/min para orde\u00f1adora<\/title>\n<meta name=\"description\" content=\"Garantiza un alto rendimiento con la bomba de vac\u00edo en ba\u00f1o de aceite 400 l\/min para orde\u00f1adora FACM20701. \u00a1Aprovecha su potencia y precisi\u00f3n hoy mismo!\" \/>\n<meta name=\"robots\" content=\"index, follow, max-snippet:-1, max-image-preview:large, max-video-preview:-1\" \/>\n<link rel=\"canonical\" href=\"https:\/\/fdasrl.it\/es\/prodotto\/motor-electrico-con-bomba-de-vacio-de-aceite-facm20701-400-l-min-220-v-110-kw\/\" \/>\n<meta property=\"og:locale\" content=\"es_ES\" \/>\n<meta property=\"og:type\" content=\"article\" \/>\n<meta property=\"og:title\" content=\"Motor el\u00e9ctrico con bomba de vac\u00edo de aceite FACM20701 400 l\/min \u2013 220 V 1,10 kW\" \/>\n<meta property=\"og:description\" content=\"Garantiza un alto rendimiento con la bomba de vac\u00edo en ba\u00f1o de aceite 400 l\/min para orde\u00f1adora FACM20701. \u00a1Aprovecha su potencia y precisi\u00f3n hoy mismo!\" \/>\n<meta property=\"og:url\" content=\"https:\/\/fdasrl.it\/es\/prodotto\/motor-electrico-con-bomba-de-vacio-de-aceite-facm20701-400-l-min-220-v-110-kw\/\" \/>\n<meta property=\"og:site_name\" content=\"FDA srl\" \/>\n<meta property=\"article:publisher\" content=\"https:\/\/www.facebook.com\/share\/1MWhFWg1Tp\/?mibextid=LQQJ4d\" \/>\n<meta property=\"og:image\" content=\"https:\/\/fdasrl.it\/wp-content\/uploads\/2026\/03\/Motore-Elettrico-con-Pompa-del-Vuoto-ad-Olio-FACM20701-400-lmin-220V-110-kW-1-white.webp\" \/>\n\t<meta property=\"og:image:width\" content=\"968\" \/>\n\t<meta property=\"og:image:height\" content=\"1452\" \/>\n\t<meta property=\"og:image:type\" content=\"image\/webp\" \/>\n<meta name=\"twitter:card\" content=\"summary_large_image\" \/>\n<meta name=\"twitter:label1\" content=\"Precio\" \/>\n\t<meta name=\"twitter:data1\" content=\"\" \/>\n\t<meta name=\"twitter:label2\" content=\"Disponibilidad\" \/>\n\t<meta name=\"twitter:data2\" content=\"Disponible\" \/>\n<meta property=\"product:price:currency\" content=\"EUR\" \/>\n<meta property=\"og:availability\" content=\"instock\" \/>\n<meta property=\"product:availability\" content=\"instock\" \/>\n<meta property=\"product:retailer_item_id\" content=\"FACM20701\" \/>\n<meta property=\"product:condition\" content=\"new\" \/>\n<!-- \/ Yoast SEO Premium plugin. -->","yoast_head_json":{"title":"Bomba de vac\u00edo en ba\u00f1o de aceite 400 l\/min para orde\u00f1adora","description":"Garantiza un alto rendimiento con la bomba de vac\u00edo en ba\u00f1o de aceite 400 l\/min para orde\u00f1adora FACM20701. \u00a1Aprovecha su potencia y precisi\u00f3n hoy mismo!","robots":{"index":"index","follow":"follow","max-snippet":"max-snippet:-1","max-image-preview":"max-image-preview:large","max-video-preview":"max-video-preview:-1"},"canonical":"https:\/\/fdasrl.it\/es\/prodotto\/motor-electrico-con-bomba-de-vacio-de-aceite-facm20701-400-l-min-220-v-110-kw\/","og_locale":"es_ES","og_type":"article","og_title":"Motor el\u00e9ctrico con bomba de vac\u00edo de aceite FACM20701 400 l\/min \u2013 220 V 1,10 kW","og_description":"Garantiza un alto rendimiento con la bomba de vac\u00edo en ba\u00f1o de aceite 400 l\/min para orde\u00f1adora FACM20701. \u00a1Aprovecha su potencia y precisi\u00f3n hoy mismo!","og_url":"https:\/\/fdasrl.it\/es\/prodotto\/motor-electrico-con-bomba-de-vacio-de-aceite-facm20701-400-l-min-220-v-110-kw\/","og_site_name":"FDA srl","article_publisher":"https:\/\/www.facebook.com\/share\/1MWhFWg1Tp\/?mibextid=LQQJ4d","og_image":[{"width":968,"height":1452,"url":"https:\/\/fdasrl.it\/wp-content\/uploads\/2026\/03\/Motore-Elettrico-con-Pompa-del-Vuoto-ad-Olio-FACM20701-400-lmin-220V-110-kW-1-white.webp","type":"image\/webp"}],"twitter_card":"summary_large_image","twitter_misc":{"Precio":"","Disponibilidad":"Disponible"},"schema":{"@context":"https:\/\/schema.org","@graph":[{"@type":"WebPage","@id":"https:\/\/fdasrl.it\/es\/prodotto\/motor-electrico-con-bomba-de-vacio-de-aceite-facm20701-400-l-min-220-v-110-kw\/","url":"https:\/\/fdasrl.it\/es\/prodotto\/motor-electrico-con-bomba-de-vacio-de-aceite-facm20701-400-l-min-220-v-110-kw\/","name":"Bomba de vac\u00edo en ba\u00f1o de aceite 400 l\/min para orde\u00f1adora","isPartOf":{"@id":"https:\/\/fdasrl.it\/es\/#website"},"primaryImageOfPage":{"@id":"https:\/\/fdasrl.it\/es\/prodotto\/motor-electrico-con-bomba-de-vacio-de-aceite-facm20701-400-l-min-220-v-110-kw\/#primaryimage"},"image":{"@id":"https:\/\/fdasrl.it\/es\/prodotto\/motor-electrico-con-bomba-de-vacio-de-aceite-facm20701-400-l-min-220-v-110-kw\/#primaryimage"},"thumbnailUrl":"https:\/\/fdasrl.it\/wp-content\/uploads\/2026\/03\/Motore-Elettrico-con-Pompa-del-Vuoto-ad-Olio-FACM20701-400-lmin-220V-110-kW-1-white.webp","datePublished":"2026-03-04T11:07:45+00:00","description":"Garantiza un alto rendimiento con la bomba de vac\u00edo en ba\u00f1o de aceite 400 l\/min para orde\u00f1adora FACM20701. \u00a1Aprovecha su potencia y precisi\u00f3n hoy mismo!","breadcrumb":{"@id":"https:\/\/fdasrl.it\/es\/prodotto\/motor-electrico-con-bomba-de-vacio-de-aceite-facm20701-400-l-min-220-v-110-kw\/#breadcrumb"},"inLanguage":"es","potentialAction":[{"@type":"ReadAction","target":["https:\/\/fdasrl.it\/es\/prodotto\/motor-electrico-con-bomba-de-vacio-de-aceite-facm20701-400-l-min-220-v-110-kw\/"]}]},{"@type":"ImageObject","inLanguage":"es","@id":"https:\/\/fdasrl.it\/es\/prodotto\/motor-electrico-con-bomba-de-vacio-de-aceite-facm20701-400-l-min-220-v-110-kw\/#primaryimage","url":"https:\/\/fdasrl.it\/wp-content\/uploads\/2026\/03\/Motore-Elettrico-con-Pompa-del-Vuoto-ad-Olio-FACM20701-400-lmin-220V-110-kW-1-white.webp","contentUrl":"https:\/\/fdasrl.it\/wp-content\/uploads\/2026\/03\/Motore-Elettrico-con-Pompa-del-Vuoto-ad-Olio-FACM20701-400-lmin-220V-110-kW-1-white.webp","width":968,"height":1452,"caption":"Motor el\u00e9ctrico con bomba de vac\u00edo lubricada por aceite para orde\u00f1adoras profesionales."},{"@type":"BreadcrumbList","@id":"https:\/\/fdasrl.it\/es\/prodotto\/motor-electrico-con-bomba-de-vacio-de-aceite-facm20701-400-l-min-220-v-110-kw\/#breadcrumb","itemListElement":[{"@type":"ListItem","position":1,"name":"Home","item":"https:\/\/fdasrl.it\/es\/inicio\/"},{"@type":"ListItem","position":2,"name":"Tienda","item":"https:\/\/fdasrl.it\/es\/tienda\/"},{"@type":"ListItem","position":3,"name":"Motor el\u00e9ctrico con bomba de vac\u00edo de aceite FACM20701 400 l\/min \u2013 220 V 1,10 kW"}]},{"@type":"WebSite","@id":"https:\/\/fdasrl.it\/es\/#website","url":"https:\/\/fdasrl.it\/es\/","name":"FDA srl","description":"Equipment for animal husbandry","publisher":{"@id":"https:\/\/fdasrl.it\/es\/#organization"},"potentialAction":[{"@type":"SearchAction","target":{"@type":"EntryPoint","urlTemplate":"https:\/\/fdasrl.it\/es\/?s={search_term_string}"},"query-input":{"@type":"PropertyValueSpecification","valueRequired":true,"valueName":"search_term_string"}}],"inLanguage":"es"},{"@type":"Organization","@id":"https:\/\/fdasrl.it\/es\/#organization","name":"FDA srl","url":"https:\/\/fdasrl.it\/es\/","logo":{"@type":"ImageObject","inLanguage":"es","@id":"https:\/\/fdasrl.it\/es\/#\/schema\/logo\/image\/","url":"https:\/\/fdasrl.it\/wp-content\/uploads\/2024\/12\/Logo-FDA.png","contentUrl":"https:\/\/fdasrl.it\/wp-content\/uploads\/2024\/12\/Logo-FDA.png","width":316,"height":119,"caption":"FDA srl"},"image":{"@id":"https:\/\/fdasrl.it\/es\/#\/schema\/logo\/image\/"},"sameAs":["https:\/\/www.facebook.com\/share\/1MWhFWg1Tp\/?mibextid=LQQJ4d","https:\/\/www.instagram.com\/fda_srl\/profilecard\/?igsh=YW5lbzJ6MWg0d21u","https:\/\/www.youtube.com\/@FDASRL_ANIMALCARE"],"description":"FDA SRL \u2013 Equipment for animal husbandry nasce con l\u2019obiettivo di offrire soluzioni affidabili e innovative per l\u2019allevamento moderno. Con anni di esperienza nel settore zootecnico, progettiamo e realizziamo attrezzature destinate al benessere animale e alla gestione efficiente delle stalle: vasche, abbeveratoi, mangiatoie e sistemi di riscaldamento pensati per durare nel tempo e semplificare il lavoro quotidiano degli allevatori. Dalla progettazione alla produzione, ogni nostro prodotto \u00e8 studiato nei minimi dettagli, testato con cura e costruito per rispondere alle esigenze reali del settore. La nostra forza \u00e8 unire artigianalit\u00e0, tecnologia e competenza tecnica per trasformare ogni progetto in una soluzione concreta e funzionale. Oggi FDA SRL \u00e8 un punto di riferimento per privati e rivenditori che cercano qualit\u00e0, affidabilit\u00e0 e innovazione nelle attrezzature per l\u2019allevamento.","email":"info@fdasrl.it","telephone":"+390522826820","legalName":"F.D.A. SRL","foundingDate":"2024-10-13","vatID":"03075840359","taxID":"03075840359","numberOfEmployees":{"@type":"QuantitativeValue","minValue":"1","maxValue":"10"}}]},"product_price_currency":"EUR","og_availability":"instock","product_availability":"instock","product_retailer_item_id":"FACM20701","product_condition":"new"},"_links":{"self":[{"href":"https:\/\/fdasrl.it\/es\/wp-json\/wp\/v2\/product\/2378","targetHints":{"allow":["GET"]}}],"collection":[{"href":"https:\/\/fdasrl.it\/es\/wp-json\/wp\/v2\/product"}],"about":[{"href":"https:\/\/fdasrl.it\/es\/wp-json\/wp\/v2\/types\/product"}],"replies":[{"embeddable":true,"href":"https:\/\/fdasrl.it\/es\/wp-json\/wp\/v2\/comments?post=2378"}],"wp:featuredmedia":[{"embeddable":true,"href":"https:\/\/fdasrl.it\/es\/wp-json\/wp\/v2\/media\/1165"}],"wp:attachment":[{"href":"https:\/\/fdasrl.it\/es\/wp-json\/wp\/v2\/media?parent=2378"}],"wp:term":[{"taxonomy":"product_brand","embeddable":true,"href":"https:\/\/fdasrl.it\/es\/wp-json\/wp\/v2\/product_brand?post=2378"},{"taxonomy":"product_cat","embeddable":true,"href":"https:\/\/fdasrl.it\/es\/wp-json\/wp\/v2\/product_cat?post=2378"},{"taxonomy":"product_tag","embeddable":true,"href":"https:\/\/fdasrl.it\/es\/wp-json\/wp\/v2\/product_tag?post=2378"}],"curies":[{"name":"wp","href":"https:\/\/api.w.org\/{rel}","templated":true}]}}