{"id":2467,"date":"2026-03-13T10:28:58","date_gmt":"2026-03-13T09:28:58","guid":{"rendered":"https:\/\/fdasrl.it\/prodotto\/valvula-de-flotador-far16b-para-bebedero-1-2-con-flotador-o90-mm\/"},"modified":"2026-03-13T10:28:58","modified_gmt":"2026-03-13T09:28:58","slug":"valvula-de-flotador-far16b-para-bebedero-1-2-con-flotador-o90-mm","status":"publish","type":"product","link":"https:\/\/fdasrl.it\/es\/prodotto\/valvula-de-flotador-far16b-para-bebedero-1-2-con-flotador-o90-mm\/","title":{"rendered":"V\u00e1lvula de flotador FAR16B para bebedero 1\/2&#8243; con flotador \u00d890 mm"},"content":{"rendered":"<h2 data-section-id=\"tmb3x4\" data-start=\"73\" data-end=\"151\">V\u00e1lvula de flotador FAR16B para bebedero 1\/2&#8243; con flotador \u00d890 mm<\/h2>\n<p data-start=\"153\" data-end=\"466\">La <strong data-start=\"156\" data-end=\"226\">v\u00e1lvula de flotador FAR16B con conexi\u00f3n 1\/2&#8243; rosca macho<\/strong> est\u00e1 dise\u00f1ada para el control autom\u00e1tico del nivel de agua en los bebederos para ganader\u00eda. El cuerpo de la v\u00e1lvula est\u00e1 fabricado en <strong data-start=\"359\" data-end=\"369\">lat\u00f3n<\/strong>, un material robusto y resistente a la corrosi\u00f3n, ideal para su uso en entornos ganaderos. <\/p>\n<p data-start=\"468\" data-end=\"659\">El sistema est\u00e1 equipado con un <strong data-start=\"491\" data-end=\"561\">flotador de polipropileno de color naranja con un di\u00e1metro de 90 mm<\/strong> y una <strong data-start=\"564\" data-end=\"588\">varilla de acero inoxidable<\/strong>, una soluci\u00f3n que garantiza una alta resistencia y una larga durabilidad.<\/p>\n<p data-start=\"661\" data-end=\"910\">El flotador est\u00e1 dise\u00f1ado para funcionar <strong data-start=\"703\" data-end=\"729\">en posici\u00f3n vertical<\/strong> y permite una <strong data-start=\"745\" data-end=\"790\">f\u00e1cil regulaci\u00f3n del nivel de agua<\/strong>, manteniendo constante el llenado del bebedero y asegurando una correcta disponibilidad de agua para los animales.<\/p>\n<p data-start=\"912\" data-end=\"1067\">Esta v\u00e1lvula es ideal como <strong data-start=\"941\" data-end=\"1011\">repuesto para bebederos de bovinos y otros animales de granja<\/strong>, garantizando fiabilidad y sencillez de instalaci\u00f3n.<\/p>\n<hr data-start=\"1069\" data-end=\"1072\">\n<h2 data-section-id=\"og5zk7\" data-start=\"1074\" data-end=\"1104\">\u2699\ufe0f Caracter\u00edsticas t\u00e9cnicas<\/h2>\n<p data-start=\"1106\" data-end=\"1135\"><strong data-start=\"1106\" data-end=\"1126\">C\u00f3digo de producto:<\/strong> FAR16B<\/p>\n<p data-start=\"1137\" data-end=\"1158\"><strong data-start=\"1137\" data-end=\"1149\">V\u00e1lvula:<\/strong> Lat\u00f3n<\/p>\n<p data-start=\"1160\" data-end=\"1199\"><strong data-start=\"1160\" data-end=\"1172\">Conexi\u00f3n:<\/strong> 1\/2&#8243; rosca macho<\/p>\n<p data-start=\"1201\" data-end=\"1244\"><strong data-start=\"1201\" data-end=\"1228\">Material del flotador:<\/strong> Polipropileno<\/p>\n<p data-start=\"1246\" data-end=\"1280\"><strong data-start=\"1246\" data-end=\"1272\">Di\u00e1metro del flotador:<\/strong> 90 mm<\/p>\n<p data-start=\"1282\" data-end=\"1316\"><strong data-start=\"1282\" data-end=\"1306\">Color del flotador:<\/strong> Naranja<\/p>\n<p data-start=\"1318\" data-end=\"1342\"><strong data-start=\"1318\" data-end=\"1327\">Varilla:<\/strong> Acero inoxidable<\/p>\n<p data-start=\"1344\" data-end=\"1405\"><strong data-start=\"1344\" data-end=\"1361\">Conexi\u00f3n de la varilla:<\/strong> Pasador de lat\u00f3n con rosca <strong data-start=\"1394\" data-end=\"1403\">1\/4 W<\/strong><\/p>\n<p data-start=\"1407\" data-end=\"1443\"><strong data-start=\"1407\" data-end=\"1431\">Posici\u00f3n de trabajo:<\/strong> Vertical<\/p>\n<p data-start=\"1445\" data-end=\"1480\"><strong data-start=\"1445\" data-end=\"1475\">Regulaci\u00f3n del nivel de agua:<\/strong> S\u00ed<\/p>\n<p data-start=\"1482\" data-end=\"1512\"><strong data-start=\"1482\" data-end=\"1500\">Caudal de agua:<\/strong> <strong data-start=\"1501\" data-end=\"1512\">5 L\/min<\/strong><\/p>\n<p data-start=\"1514\" data-end=\"1553\"><strong data-start=\"1514\" data-end=\"1541\">Presi\u00f3n de ejercicio:<\/strong> 0,5 \u2013 6 bar<\/p>\n<p data-start=\"1465\" data-end=\"1485\"><strong data-start=\"1465\" data-end=\"1483\">Compatibilidad:<\/strong><\/p>\n<ul data-start=\"1486\" data-end=\"1557\">\n<li data-section-id=\"7p62o9\" data-start=\"1486\" data-end=\"1518\">\n<p data-start=\"1488\" data-end=\"1518\">Bebedero <strong data-start=\"1501\" data-end=\"1516\">FA-AG Hierro fundido<\/strong><\/p>\n<\/li>\n<li data-section-id=\"bk0ult\" data-start=\"1519\" data-end=\"1557\">\n<p data-start=\"1521\" data-end=\"1557\">Bebedero <strong data-start=\"1534\" data-end=\"1557\">FA-AG Polipropileno<\/strong><\/p>\n<\/li>\n<li data-section-id=\"bk0ult\" data-start=\"1519\" data-end=\"1557\">Todos los modelos con mecanismo de nivel constante<\/li>\n<\/ul>\n<hr data-start=\"1555\" data-end=\"1558\">\n<h2 data-section-id=\"50c332\" data-start=\"1560\" data-end=\"1584\">\u2705 Ventajas principales<\/h2>\n<ul>\n<li data-section-id=\"nmfhi2\" data-start=\"385\" data-end=\"429\">\n<p data-start=\"388\" data-end=\"429\">V\u00e1lvula de lat\u00f3n resistente y duradera<\/p>\n<\/li>\n<li data-section-id=\"x779ih\" data-start=\"430\" data-end=\"470\">\n<p data-start=\"433\" data-end=\"470\">Varilla de acero inoxidable anticorrosi\u00f3n<\/p>\n<\/li>\n<li data-section-id=\"60dbw6\" data-start=\"471\" data-end=\"512\">\n<p data-start=\"474\" data-end=\"512\">Flotador \u00d890 mm de polipropileno<\/p>\n<\/li>\n<li data-section-id=\"1hrkpq1\" data-start=\"513\" data-end=\"561\">\n<p data-start=\"516\" data-end=\"561\">Regulaci\u00f3n sencilla del nivel de agua<\/p>\n<\/li>\n<li data-section-id=\"1lifqpe\" data-start=\"562\" data-end=\"619\">\n<p data-start=\"565\" data-end=\"619\">Ideal como repuesto para bebederos de ganader\u00eda<\/p>\n<\/li>\n<\/ul>\n<p>&nbsp;<\/p>\n<p>\ud83d\udc49 Solicita precio para reventa: <a href=\"mailto:info@fdasrl.it\">HAZ CLIC AQU\u00cd<\/a><\/p>\n","protected":false},"excerpt":{"rendered":"<p>V\u00e1lvula de flotador FAR16B con cuerpo de lat\u00f3n, conexi\u00f3n 1\/2&#8243; macho, flotador \u00d890 mm de polipropileno y varilla de acero inoxidable. Caudal 5 L\/min y presi\u00f3n de ejercicio 0,5\u20136 bar. <\/p>\n","protected":false},"featured_media":1237,"comment_status":"open","ping_status":"closed","template":"","meta":{"_et_pb_use_builder":"","_et_pb_old_content":"","_et_gb_content_width":""},"product_brand":[],"product_cat":[552,516,420,551,517],"product_tag":[570],"class_list":{"0":"post-2467","1":"product","2":"type-product","3":"status-publish","4":"has-post-thumbnail","6":"product_cat-bebederos-2","7":"product_cat-bebederos","8":"product_cat-ovinos-y-caprinos","9":"product_cat-tanques-de-acero-inoxidable-para-establos","10":"product_cat-valvulas-y-flotadores","11":"product_tag-far16b","13":"first","14":"instock","15":"shipping-taxable","16":"product-type-simple"},"yoast_head":"<!-- This site is optimized with the Yoast SEO Premium plugin v27.5 (Yoast SEO v27.5) - https:\/\/yoast.com\/product\/yoast-seo-premium-wordpress\/ -->\n<title>V\u00e1lvula de flotador de lat\u00f3n FAR16B bebedero 1\/2&quot; - Resistente<\/title>\n<meta name=\"description\" content=\"\u00a1Mant\u00e9n el agua siempre al nivel \u00f3ptimo con la v\u00e1lvula de flotador de lat\u00f3n FAR16B. Robusta y resistente, \u00a1es la soluci\u00f3n ideal para los establos! \ud83d\udc04\" \/>\n<meta name=\"robots\" content=\"index, follow, max-snippet:-1, max-image-preview:large, max-video-preview:-1\" \/>\n<link rel=\"canonical\" href=\"https:\/\/fdasrl.it\/es\/prodotto\/valvula-de-flotador-far16b-para-bebedero-1-2-con-flotador-o90-mm\/\" \/>\n<meta property=\"og:locale\" content=\"es_ES\" \/>\n<meta property=\"og:type\" content=\"article\" \/>\n<meta property=\"og:title\" content=\"V\u00e1lvula de flotador FAR16B para bebedero 1\/2&quot; con flotador \u00d890 mm\" \/>\n<meta property=\"og:description\" content=\"\u00a1Mant\u00e9n el agua siempre al nivel \u00f3ptimo con la v\u00e1lvula de flotador de lat\u00f3n FAR16B. Robusta y resistente, \u00a1es la soluci\u00f3n ideal para los establos! \ud83d\udc04\" \/>\n<meta property=\"og:url\" content=\"https:\/\/fdasrl.it\/es\/prodotto\/valvula-de-flotador-far16b-para-bebedero-1-2-con-flotador-o90-mm\/\" \/>\n<meta property=\"og:site_name\" content=\"FDA srl\" \/>\n<meta property=\"article:publisher\" content=\"https:\/\/www.facebook.com\/share\/1MWhFWg1Tp\/?mibextid=LQQJ4d\" \/>\n<meta property=\"og:image\" content=\"https:\/\/fdasrl.it\/wp-content\/uploads\/2026\/03\/Galleggiante-con-valvola-FAR16B-ottone.png\" \/>\n\t<meta property=\"og:image:width\" content=\"500\" \/>\n\t<meta property=\"og:image:height\" content=\"500\" \/>\n\t<meta property=\"og:image:type\" content=\"image\/png\" \/>\n<meta name=\"twitter:card\" content=\"summary_large_image\" \/>\n<meta name=\"twitter:label1\" content=\"Precio\" \/>\n\t<meta name=\"twitter:data1\" content=\"\" \/>\n\t<meta name=\"twitter:label2\" content=\"Disponibilidad\" \/>\n\t<meta name=\"twitter:data2\" content=\"Disponible\" \/>\n<meta property=\"product:price:currency\" content=\"EUR\" \/>\n<meta property=\"og:availability\" content=\"instock\" \/>\n<meta property=\"product:availability\" content=\"instock\" \/>\n<meta property=\"product:retailer_item_id\" content=\"FAR16B\" \/>\n<meta property=\"product:condition\" content=\"new\" \/>\n<!-- \/ Yoast SEO Premium plugin. -->","yoast_head_json":{"title":"V\u00e1lvula de flotador de lat\u00f3n FAR16B bebedero 1\/2\" - Resistente","description":"\u00a1Mant\u00e9n el agua siempre al nivel \u00f3ptimo con la v\u00e1lvula de flotador de lat\u00f3n FAR16B. Robusta y resistente, \u00a1es la soluci\u00f3n ideal para los establos! \ud83d\udc04","robots":{"index":"index","follow":"follow","max-snippet":"max-snippet:-1","max-image-preview":"max-image-preview:large","max-video-preview":"max-video-preview:-1"},"canonical":"https:\/\/fdasrl.it\/es\/prodotto\/valvula-de-flotador-far16b-para-bebedero-1-2-con-flotador-o90-mm\/","og_locale":"es_ES","og_type":"article","og_title":"V\u00e1lvula de flotador FAR16B para bebedero 1\/2\" con flotador \u00d890 mm","og_description":"\u00a1Mant\u00e9n el agua siempre al nivel \u00f3ptimo con la v\u00e1lvula de flotador de lat\u00f3n FAR16B. Robusta y resistente, \u00a1es la soluci\u00f3n ideal para los establos! \ud83d\udc04","og_url":"https:\/\/fdasrl.it\/es\/prodotto\/valvula-de-flotador-far16b-para-bebedero-1-2-con-flotador-o90-mm\/","og_site_name":"FDA srl","article_publisher":"https:\/\/www.facebook.com\/share\/1MWhFWg1Tp\/?mibextid=LQQJ4d","og_image":[{"width":500,"height":500,"url":"https:\/\/fdasrl.it\/wp-content\/uploads\/2026\/03\/Galleggiante-con-valvola-FAR16B-ottone.png","type":"image\/png"}],"twitter_card":"summary_large_image","twitter_misc":{"Precio":"","Disponibilidad":"Disponible"},"schema":{"@context":"https:\/\/schema.org","@graph":[{"@type":"WebPage","@id":"https:\/\/fdasrl.it\/es\/prodotto\/valvula-de-flotador-far16b-para-bebedero-1-2-con-flotador-o90-mm\/","url":"https:\/\/fdasrl.it\/es\/prodotto\/valvula-de-flotador-far16b-para-bebedero-1-2-con-flotador-o90-mm\/","name":"V\u00e1lvula de flotador de lat\u00f3n FAR16B bebedero 1\/2\" - Resistente","isPartOf":{"@id":"https:\/\/fdasrl.it\/es\/#website"},"primaryImageOfPage":{"@id":"https:\/\/fdasrl.it\/es\/prodotto\/valvula-de-flotador-far16b-para-bebedero-1-2-con-flotador-o90-mm\/#primaryimage"},"image":{"@id":"https:\/\/fdasrl.it\/es\/prodotto\/valvula-de-flotador-far16b-para-bebedero-1-2-con-flotador-o90-mm\/#primaryimage"},"thumbnailUrl":"https:\/\/fdasrl.it\/wp-content\/uploads\/2026\/03\/Galleggiante-con-valvola-FAR16B-ottone.png","datePublished":"2026-03-13T09:28:58+00:00","description":"\u00a1Mant\u00e9n el agua siempre al nivel \u00f3ptimo con la v\u00e1lvula de flotador de lat\u00f3n FAR16B. Robusta y resistente, \u00a1es la soluci\u00f3n ideal para los establos! \ud83d\udc04","breadcrumb":{"@id":"https:\/\/fdasrl.it\/es\/prodotto\/valvula-de-flotador-far16b-para-bebedero-1-2-con-flotador-o90-mm\/#breadcrumb"},"inLanguage":"es","potentialAction":[{"@type":"ReadAction","target":["https:\/\/fdasrl.it\/es\/prodotto\/valvula-de-flotador-far16b-para-bebedero-1-2-con-flotador-o90-mm\/"]}]},{"@type":"ImageObject","inLanguage":"es","@id":"https:\/\/fdasrl.it\/es\/prodotto\/valvula-de-flotador-far16b-para-bebedero-1-2-con-flotador-o90-mm\/#primaryimage","url":"https:\/\/fdasrl.it\/wp-content\/uploads\/2026\/03\/Galleggiante-con-valvola-FAR16B-ottone.png","contentUrl":"https:\/\/fdasrl.it\/wp-content\/uploads\/2026\/03\/Galleggiante-con-valvola-FAR16B-ottone.png","width":500,"height":500,"caption":"Flotador con v\u00e1lvula de lat\u00f3n FAR16B para el control autom\u00e1tico del nivel de agua en los bebederos."},{"@type":"BreadcrumbList","@id":"https:\/\/fdasrl.it\/es\/prodotto\/valvula-de-flotador-far16b-para-bebedero-1-2-con-flotador-o90-mm\/#breadcrumb","itemListElement":[{"@type":"ListItem","position":1,"name":"Home","item":"https:\/\/fdasrl.it\/es\/inicio\/"},{"@type":"ListItem","position":2,"name":"Tienda","item":"https:\/\/fdasrl.it\/es\/tienda\/"},{"@type":"ListItem","position":3,"name":"V\u00e1lvula de flotador FAR16B para bebedero 1\/2&#8243; con flotador \u00d890 mm"}]},{"@type":"WebSite","@id":"https:\/\/fdasrl.it\/es\/#website","url":"https:\/\/fdasrl.it\/es\/","name":"FDA srl","description":"Equipment for animal husbandry","publisher":{"@id":"https:\/\/fdasrl.it\/es\/#organization"},"potentialAction":[{"@type":"SearchAction","target":{"@type":"EntryPoint","urlTemplate":"https:\/\/fdasrl.it\/es\/?s={search_term_string}"},"query-input":{"@type":"PropertyValueSpecification","valueRequired":true,"valueName":"search_term_string"}}],"inLanguage":"es"},{"@type":"Organization","@id":"https:\/\/fdasrl.it\/es\/#organization","name":"FDA srl","url":"https:\/\/fdasrl.it\/es\/","logo":{"@type":"ImageObject","inLanguage":"es","@id":"https:\/\/fdasrl.it\/es\/#\/schema\/logo\/image\/","url":"https:\/\/fdasrl.it\/wp-content\/uploads\/2024\/12\/Logo-FDA.png","contentUrl":"https:\/\/fdasrl.it\/wp-content\/uploads\/2024\/12\/Logo-FDA.png","width":316,"height":119,"caption":"FDA srl"},"image":{"@id":"https:\/\/fdasrl.it\/es\/#\/schema\/logo\/image\/"},"sameAs":["https:\/\/www.facebook.com\/share\/1MWhFWg1Tp\/?mibextid=LQQJ4d","https:\/\/www.instagram.com\/fda_srl\/profilecard\/?igsh=YW5lbzJ6MWg0d21u","https:\/\/www.youtube.com\/@FDASRL_ANIMALCARE"],"description":"FDA SRL \u2013 Equipment for animal husbandry nasce con l\u2019obiettivo di offrire soluzioni affidabili e innovative per l\u2019allevamento moderno. Con anni di esperienza nel settore zootecnico, progettiamo e realizziamo attrezzature destinate al benessere animale e alla gestione efficiente delle stalle: vasche, abbeveratoi, mangiatoie e sistemi di riscaldamento pensati per durare nel tempo e semplificare il lavoro quotidiano degli allevatori. Dalla progettazione alla produzione, ogni nostro prodotto \u00e8 studiato nei minimi dettagli, testato con cura e costruito per rispondere alle esigenze reali del settore. La nostra forza \u00e8 unire artigianalit\u00e0, tecnologia e competenza tecnica per trasformare ogni progetto in una soluzione concreta e funzionale. Oggi FDA SRL \u00e8 un punto di riferimento per privati e rivenditori che cercano qualit\u00e0, affidabilit\u00e0 e innovazione nelle attrezzature per l\u2019allevamento.","email":"info@fdasrl.it","telephone":"+390522826820","legalName":"F.D.A. SRL","foundingDate":"2024-10-13","vatID":"03075840359","taxID":"03075840359","numberOfEmployees":{"@type":"QuantitativeValue","minValue":"1","maxValue":"10"}}]},"product_price_currency":"EUR","og_availability":"instock","product_availability":"instock","product_retailer_item_id":"FAR16B","product_condition":"new"},"_links":{"self":[{"href":"https:\/\/fdasrl.it\/es\/wp-json\/wp\/v2\/product\/2467","targetHints":{"allow":["GET"]}}],"collection":[{"href":"https:\/\/fdasrl.it\/es\/wp-json\/wp\/v2\/product"}],"about":[{"href":"https:\/\/fdasrl.it\/es\/wp-json\/wp\/v2\/types\/product"}],"replies":[{"embeddable":true,"href":"https:\/\/fdasrl.it\/es\/wp-json\/wp\/v2\/comments?post=2467"}],"wp:featuredmedia":[{"embeddable":true,"href":"https:\/\/fdasrl.it\/es\/wp-json\/wp\/v2\/media\/1237"}],"wp:attachment":[{"href":"https:\/\/fdasrl.it\/es\/wp-json\/wp\/v2\/media?parent=2467"}],"wp:term":[{"taxonomy":"product_brand","embeddable":true,"href":"https:\/\/fdasrl.it\/es\/wp-json\/wp\/v2\/product_brand?post=2467"},{"taxonomy":"product_cat","embeddable":true,"href":"https:\/\/fdasrl.it\/es\/wp-json\/wp\/v2\/product_cat?post=2467"},{"taxonomy":"product_tag","embeddable":true,"href":"https:\/\/fdasrl.it\/es\/wp-json\/wp\/v2\/product_tag?post=2467"}],"curies":[{"name":"wp","href":"https:\/\/api.w.org\/{rel}","templated":true}]}}