{"id":2487,"date":"2026-03-11T11:35:20","date_gmt":"2026-03-11T10:35:20","guid":{"rendered":"https:\/\/fdasrl.it\/prodotto\/valvula-de-flotador-para-bebedero-dn20-g3-4-de-plastico-de-alto-caudal\/"},"modified":"2026-03-11T11:35:20","modified_gmt":"2026-03-11T10:35:20","slug":"valvula-de-flotador-para-bebedero-dn20-g3-4-de-plastico-de-alto-caudal","status":"publish","type":"product","link":"https:\/\/fdasrl.it\/es\/prodotto\/valvula-de-flotador-para-bebedero-dn20-g3-4-de-plastico-de-alto-caudal\/","title":{"rendered":"V\u00e1lvula de flotador para bebedero DN20 G3\/4&#8243; de pl\u00e1stico de alto caudal"},"content":{"rendered":"<h2 data-section-id=\"1apu402\" data-start=\"111\" data-end=\"192\">V\u00e1lvula de flotador para bebedero DN20 G3\/4&#8243; de pl\u00e1stico de alto caudal FAR19PVC<\/h2>\n<p data-start=\"194\" data-end=\"542\">La <strong data-start=\"197\" data-end=\"266\">v\u00e1lvula de flotador DN20 con conexi\u00f3n G3\/4&#8243; de rosca macho<\/strong> est\u00e1 dise\u00f1ada para el control autom\u00e1tico del nivel de agua en dep\u00f3sitos, bebederos e instalaciones h\u00eddricas. Gracias al sistema de flotador, la v\u00e1lvula regula autom\u00e1ticamente la entrada de agua manteniendo constante el nivel dentro del dep\u00f3sito o del bebedero. <\/p>\n<p data-start=\"544\" data-end=\"745\">La estructura de <strong data-start=\"560\" data-end=\"599\">pl\u00e1stico resistente de alta calidad<\/strong> garantiza una buena durabilidad y resistencia a la corrosi\u00f3n, lo que la hace apta tambi\u00e9n para ambientes h\u00famedos o aplicaciones en el \u00e1mbito ganadero.<\/p>\n<p data-start=\"747\" data-end=\"967\">Adem\u00e1s, el dise\u00f1o est\u00e1 pensado para asegurar <strong data-start=\"792\" data-end=\"822\">un alto caudal de agua<\/strong>, de hasta <strong data-start=\"831\" data-end=\"862\">180 l\/min a 6 bar<\/strong>, permitiendo un llenado r\u00e1pido y un funcionamiento eficiente incluso con presiones elevadas.<\/p>\n<p data-start=\"969\" data-end=\"1119\">Gracias a su <strong data-start=\"981\" data-end=\"1029\">f\u00e1cil instalaci\u00f3n con rosca macho<\/strong>, la v\u00e1lvula puede montarse r\u00e1pidamente en diferentes tipos de dep\u00f3sitos o sistemas de agua.<\/p>\n<hr data-start=\"1121\" data-end=\"1124\">\n<h2 data-section-id=\"og5zk7\" data-start=\"1126\" data-end=\"1156\">\u2699\ufe0f Caracter\u00edsticas t\u00e9cnicas<\/h2>\n<p data-start=\"1158\" data-end=\"1232\"><strong data-start=\"1158\" data-end=\"1176\">Tipo de producto:<\/strong> V\u00e1lvula de flotador \/ v\u00e1lvula de bola flotante<\/p>\n<p data-start=\"1234\" data-end=\"1259\"><strong data-start=\"1234\" data-end=\"1248\">Material:<\/strong> Pl\u00e1stico<\/p>\n<p data-start=\"1261\" data-end=\"1316\"><strong data-start=\"1261\" data-end=\"1277\">Conexi\u00f3n:<\/strong> Rosca macho <strong data-start=\"1298\" data-end=\"1314\">G3\/4&#8243; (DN20)<\/strong><\/p>\n<p data-start=\"1318\" data-end=\"1365\"><strong data-start=\"1318\" data-end=\"1345\">Presi\u00f3n de trabajo:<\/strong> <strong data-start=\"1346\" data-end=\"1363\">0,1 \u2013 1,2 MPa<\/strong><\/p>\n<p data-start=\"1367\" data-end=\"1409\"><strong data-start=\"1367\" data-end=\"1385\">Caudal de agua:<\/strong> <strong data-start=\"1386\" data-end=\"1407\">180 l\/min a 6 bar<\/strong><\/p>\n<p data-start=\"1411\" data-end=\"1452\"><strong data-start=\"1411\" data-end=\"1433\">Temperatura del agua:<\/strong> <strong data-start=\"1434\" data-end=\"1450\">0 \u00b0C \u2013 70 \u00b0C<\/strong><\/p>\n<p data-start=\"1454\" data-end=\"1524\"><strong data-start=\"1454\" data-end=\"1483\">Dimensiones de instalaci\u00f3n:<\/strong> aprox. <strong data-start=\"1490\" data-end=\"1500\">275 mm<\/strong> (excluida la rosca)<\/p>\n<p data-start=\"1526\" data-end=\"1558\"><strong data-start=\"1526\" data-end=\"1550\">Fluido compatible:<\/strong> agua<\/p>\n<p data-start=\"1560\" data-end=\"1585\"><strong data-start=\"1560\" data-end=\"1569\">Peso:<\/strong> aprox. <strong data-start=\"1576\" data-end=\"1585\">138 g<\/strong><\/p>\n<hr data-start=\"1587\" data-end=\"1590\">\n<h2 data-section-id=\"mslteg\" data-start=\"1592\" data-end=\"1607\">Aplicaciones<\/h2>\n<p data-start=\"1609\" data-end=\"1728\">Esta v\u00e1lvula de flotador es adecuada para el control autom\u00e1tico del nivel de agua en diversos sistemas, tales como:<\/p>\n<ul data-start=\"1730\" data-end=\"1948\">\n<li data-section-id=\"1q01goj\" data-start=\"1730\" data-end=\"1761\">\n<p data-start=\"1732\" data-end=\"1761\">Dep\u00f3sitos y cisternas de agua<\/p>\n<\/li>\n<li data-section-id=\"1s61xc\" data-start=\"1762\" data-end=\"1779\">\n<p data-start=\"1764\" data-end=\"1779\">Torres de agua<\/p>\n<\/li>\n<li data-section-id=\"1crfh67\" data-start=\"1780\" data-end=\"1807\">\n<p data-start=\"1782\" data-end=\"1807\">Torres de refrigeraci\u00f3n<\/p>\n<\/li>\n<li data-section-id=\"1uzkr02\" data-start=\"1808\" data-end=\"1838\">\n<p data-start=\"1810\" data-end=\"1838\">Sistemas de refrigeraci\u00f3n<\/p>\n<\/li>\n<li data-section-id=\"m07hyl\" data-start=\"1839\" data-end=\"1867\">\n<p data-start=\"1841\" data-end=\"1867\">M\u00e1quinas de hielo<\/p>\n<\/li>\n<li data-section-id=\"1xt7pwt\" data-start=\"1868\" data-end=\"1901\">\n<p data-start=\"1870\" data-end=\"1901\">Equipamiento para ganader\u00eda<\/p>\n<\/li>\n<li data-section-id=\"1p9qgg\" data-start=\"1902\" data-end=\"1948\">\n<p data-start=\"1904\" data-end=\"1948\">Sistemas de gesti\u00f3n y tratamiento de agua<\/p>\n<\/li>\n<\/ul>\n<hr data-start=\"1950\" data-end=\"1953\">\n<h2 data-section-id=\"1113tbv\" data-start=\"1955\" data-end=\"1977\">Ventajas principales<\/h2>\n<p data-start=\"1979\" data-end=\"2238\">\u2714 Control autom\u00e1tico del nivel de agua<br data-start=\"2024\" data-end=\"2027\">\u2714 <strong data-start=\"2029\" data-end=\"2065\">Alto caudal hasta 180 l\/min<\/strong><br data-start=\"2065\" data-end=\"2068\">\u2714 Estructura resistente en pl\u00e1stico anticorrosi\u00f3n<br data-start=\"2117\" data-end=\"2120\">\u2714 Instalaci\u00f3n sencilla con <strong data-start=\"2149\" data-end=\"2174\">conexi\u00f3n G3\/4&#8243; macho<\/strong><br data-start=\"2174\" data-end=\"2177\">\u2714 Apta para aplicaciones industriales, agr\u00edcolas y ganaderas<\/p>\n<p>\ud83d\udc49 Solicita precio para reventa:  <a href=\"mailto:info@fdasrl.it\">HAZ CLIC AQU\u00cd<\/a><\/p>\n<p>\ud83d\udc49 Compra online: <a href=\"https:\/\/fda-shop.it\/shop\/articoli-per-allevamento\/abbeveratoi\/valvola-a-galleggiante-per-abbeveratoio-dn20-g34-in-plastica-ad-alta-portata\">HAZ CLIC AQU\u00cd<\/a><\/p>\n","protected":false},"excerpt":{"rendered":"<p>V\u00e1lvula de flotador DN20 G3\/4&#8243; de pl\u00e1stico para el control autom\u00e1tico del nivel de agua. Caudal de hasta 180 l\/min a 6 bar, presi\u00f3n de trabajo 0,1\u20131,2 MPa. Ideal para dep\u00f3sitos, torres de agua, sistemas de refrigeraci\u00f3n y equipamiento ganadero.  <\/p>\n","protected":false},"featured_media":1226,"comment_status":"open","ping_status":"closed","template":"","meta":{"_et_pb_use_builder":"","_et_pb_old_content":"","_et_gb_content_width":""},"product_brand":[],"product_cat":[516,552,551,517],"product_tag":[574],"class_list":{"0":"post-2487","1":"product","2":"type-product","3":"status-publish","4":"has-post-thumbnail","6":"product_cat-bebederos","7":"product_cat-bebederos-2","8":"product_cat-tanques-de-acero-inoxidable-para-establos","9":"product_cat-valvulas-y-flotadores","10":"product_tag-far19pvc","12":"first","13":"instock","14":"shipping-taxable","15":"product-type-simple"},"yoast_head":"<!-- This site is optimized with the Yoast SEO Premium plugin v27.5 (Yoast SEO v27.5) - https:\/\/yoast.com\/product\/yoast-seo-premium-wordpress\/ -->\n<title>V\u00e1lvula de flotador para bebedero con boya FAR19PVC<\/title>\n<meta name=\"description\" content=\"A\u00f1ade la v\u00e1lvula de flotador FAR19PVC para bebederos a tu instalaci\u00f3n de agua. \u00a1Mant\u00e9n siempre el nivel de agua constante de forma sencilla!\" \/>\n<meta name=\"robots\" content=\"index, follow, max-snippet:-1, max-image-preview:large, max-video-preview:-1\" \/>\n<link rel=\"canonical\" href=\"https:\/\/fdasrl.it\/es\/prodotto\/valvula-de-flotador-para-bebedero-dn20-g3-4-de-plastico-de-alto-caudal\/\" \/>\n<meta property=\"og:locale\" content=\"es_ES\" \/>\n<meta property=\"og:type\" content=\"article\" \/>\n<meta property=\"og:title\" content=\"V\u00e1lvula de flotador para bebedero DN20 G3\/4&quot; de pl\u00e1stico de alto caudal\" \/>\n<meta property=\"og:description\" content=\"A\u00f1ade la v\u00e1lvula de flotador FAR19PVC para bebederos a tu instalaci\u00f3n de agua. \u00a1Mant\u00e9n siempre el nivel de agua constante de forma sencilla!\" \/>\n<meta property=\"og:url\" content=\"https:\/\/fdasrl.it\/es\/prodotto\/valvula-de-flotador-para-bebedero-dn20-g3-4-de-plastico-de-alto-caudal\/\" \/>\n<meta property=\"og:site_name\" content=\"FDA srl\" \/>\n<meta property=\"article:publisher\" content=\"https:\/\/www.facebook.com\/share\/1MWhFWg1Tp\/?mibextid=LQQJ4d\" \/>\n<meta property=\"og:image\" content=\"https:\/\/fdasrl.it\/wp-content\/uploads\/2026\/03\/Galleggiante-per-abbeveratoio-con-sfera-FAR19PVC-1.jpg\" \/>\n\t<meta property=\"og:image:width\" content=\"1500\" \/>\n\t<meta property=\"og:image:height\" content=\"1178\" \/>\n\t<meta property=\"og:image:type\" content=\"image\/jpeg\" \/>\n<meta name=\"twitter:card\" content=\"summary_large_image\" \/>\n<meta name=\"twitter:label1\" content=\"Precio\" \/>\n\t<meta name=\"twitter:data1\" content=\"\" \/>\n\t<meta name=\"twitter:label2\" content=\"Disponibilidad\" \/>\n\t<meta name=\"twitter:data2\" content=\"Disponible\" \/>\n<meta property=\"product:price:currency\" content=\"EUR\" \/>\n<meta property=\"og:availability\" content=\"instock\" \/>\n<meta property=\"product:availability\" content=\"instock\" \/>\n<meta property=\"product:retailer_item_id\" content=\"FAR19PVC\" \/>\n<meta property=\"product:condition\" content=\"new\" \/>\n<!-- \/ Yoast SEO Premium plugin. -->","yoast_head_json":{"title":"V\u00e1lvula de flotador para bebedero con boya FAR19PVC","description":"A\u00f1ade la v\u00e1lvula de flotador FAR19PVC para bebederos a tu instalaci\u00f3n de agua. \u00a1Mant\u00e9n siempre el nivel de agua constante de forma sencilla!","robots":{"index":"index","follow":"follow","max-snippet":"max-snippet:-1","max-image-preview":"max-image-preview:large","max-video-preview":"max-video-preview:-1"},"canonical":"https:\/\/fdasrl.it\/es\/prodotto\/valvula-de-flotador-para-bebedero-dn20-g3-4-de-plastico-de-alto-caudal\/","og_locale":"es_ES","og_type":"article","og_title":"V\u00e1lvula de flotador para bebedero DN20 G3\/4\" de pl\u00e1stico de alto caudal","og_description":"A\u00f1ade la v\u00e1lvula de flotador FAR19PVC para bebederos a tu instalaci\u00f3n de agua. \u00a1Mant\u00e9n siempre el nivel de agua constante de forma sencilla!","og_url":"https:\/\/fdasrl.it\/es\/prodotto\/valvula-de-flotador-para-bebedero-dn20-g3-4-de-plastico-de-alto-caudal\/","og_site_name":"FDA srl","article_publisher":"https:\/\/www.facebook.com\/share\/1MWhFWg1Tp\/?mibextid=LQQJ4d","og_image":[{"width":1500,"height":1178,"url":"https:\/\/fdasrl.it\/wp-content\/uploads\/2026\/03\/Galleggiante-per-abbeveratoio-con-sfera-FAR19PVC-1.jpg","type":"image\/jpeg"}],"twitter_card":"summary_large_image","twitter_misc":{"Precio":"","Disponibilidad":"Disponible"},"schema":{"@context":"https:\/\/schema.org","@graph":[{"@type":"WebPage","@id":"https:\/\/fdasrl.it\/es\/prodotto\/valvula-de-flotador-para-bebedero-dn20-g3-4-de-plastico-de-alto-caudal\/","url":"https:\/\/fdasrl.it\/es\/prodotto\/valvula-de-flotador-para-bebedero-dn20-g3-4-de-plastico-de-alto-caudal\/","name":"V\u00e1lvula de flotador para bebedero con boya FAR19PVC","isPartOf":{"@id":"https:\/\/fdasrl.it\/es\/#website"},"primaryImageOfPage":{"@id":"https:\/\/fdasrl.it\/es\/prodotto\/valvula-de-flotador-para-bebedero-dn20-g3-4-de-plastico-de-alto-caudal\/#primaryimage"},"image":{"@id":"https:\/\/fdasrl.it\/es\/prodotto\/valvula-de-flotador-para-bebedero-dn20-g3-4-de-plastico-de-alto-caudal\/#primaryimage"},"thumbnailUrl":"https:\/\/fdasrl.it\/wp-content\/uploads\/2026\/03\/Galleggiante-per-abbeveratoio-con-sfera-FAR19PVC-1.jpg","datePublished":"2026-03-11T10:35:20+00:00","description":"A\u00f1ade la v\u00e1lvula de flotador FAR19PVC para bebederos a tu instalaci\u00f3n de agua. \u00a1Mant\u00e9n siempre el nivel de agua constante de forma sencilla!","breadcrumb":{"@id":"https:\/\/fdasrl.it\/es\/prodotto\/valvula-de-flotador-para-bebedero-dn20-g3-4-de-plastico-de-alto-caudal\/#breadcrumb"},"inLanguage":"es","potentialAction":[{"@type":"ReadAction","target":["https:\/\/fdasrl.it\/es\/prodotto\/valvula-de-flotador-para-bebedero-dn20-g3-4-de-plastico-de-alto-caudal\/"]}]},{"@type":"ImageObject","inLanguage":"es","@id":"https:\/\/fdasrl.it\/es\/prodotto\/valvula-de-flotador-para-bebedero-dn20-g3-4-de-plastico-de-alto-caudal\/#primaryimage","url":"https:\/\/fdasrl.it\/wp-content\/uploads\/2026\/03\/Galleggiante-per-abbeveratoio-con-sfera-FAR19PVC-1.jpg","contentUrl":"https:\/\/fdasrl.it\/wp-content\/uploads\/2026\/03\/Galleggiante-per-abbeveratoio-con-sfera-FAR19PVC-1.jpg","width":1500,"height":1178},{"@type":"BreadcrumbList","@id":"https:\/\/fdasrl.it\/es\/prodotto\/valvula-de-flotador-para-bebedero-dn20-g3-4-de-plastico-de-alto-caudal\/#breadcrumb","itemListElement":[{"@type":"ListItem","position":1,"name":"Home","item":"https:\/\/fdasrl.it\/es\/inicio\/"},{"@type":"ListItem","position":2,"name":"Tienda","item":"https:\/\/fdasrl.it\/es\/tienda\/"},{"@type":"ListItem","position":3,"name":"V\u00e1lvula de flotador para bebedero DN20 G3\/4&#8243; de pl\u00e1stico de alto caudal"}]},{"@type":"WebSite","@id":"https:\/\/fdasrl.it\/es\/#website","url":"https:\/\/fdasrl.it\/es\/","name":"FDA srl","description":"Equipment for animal husbandry","publisher":{"@id":"https:\/\/fdasrl.it\/es\/#organization"},"potentialAction":[{"@type":"SearchAction","target":{"@type":"EntryPoint","urlTemplate":"https:\/\/fdasrl.it\/es\/?s={search_term_string}"},"query-input":{"@type":"PropertyValueSpecification","valueRequired":true,"valueName":"search_term_string"}}],"inLanguage":"es"},{"@type":"Organization","@id":"https:\/\/fdasrl.it\/es\/#organization","name":"FDA srl","url":"https:\/\/fdasrl.it\/es\/","logo":{"@type":"ImageObject","inLanguage":"es","@id":"https:\/\/fdasrl.it\/es\/#\/schema\/logo\/image\/","url":"https:\/\/fdasrl.it\/wp-content\/uploads\/2024\/12\/Logo-FDA.png","contentUrl":"https:\/\/fdasrl.it\/wp-content\/uploads\/2024\/12\/Logo-FDA.png","width":316,"height":119,"caption":"FDA srl"},"image":{"@id":"https:\/\/fdasrl.it\/es\/#\/schema\/logo\/image\/"},"sameAs":["https:\/\/www.facebook.com\/share\/1MWhFWg1Tp\/?mibextid=LQQJ4d","https:\/\/www.instagram.com\/fda_srl\/profilecard\/?igsh=YW5lbzJ6MWg0d21u","https:\/\/www.youtube.com\/@FDASRL_ANIMALCARE"],"description":"FDA SRL \u2013 Equipment for animal husbandry nasce con l\u2019obiettivo di offrire soluzioni affidabili e innovative per l\u2019allevamento moderno. Con anni di esperienza nel settore zootecnico, progettiamo e realizziamo attrezzature destinate al benessere animale e alla gestione efficiente delle stalle: vasche, abbeveratoi, mangiatoie e sistemi di riscaldamento pensati per durare nel tempo e semplificare il lavoro quotidiano degli allevatori. Dalla progettazione alla produzione, ogni nostro prodotto \u00e8 studiato nei minimi dettagli, testato con cura e costruito per rispondere alle esigenze reali del settore. La nostra forza \u00e8 unire artigianalit\u00e0, tecnologia e competenza tecnica per trasformare ogni progetto in una soluzione concreta e funzionale. Oggi FDA SRL \u00e8 un punto di riferimento per privati e rivenditori che cercano qualit\u00e0, affidabilit\u00e0 e innovazione nelle attrezzature per l\u2019allevamento.","email":"info@fdasrl.it","telephone":"+390522826820","legalName":"F.D.A. SRL","foundingDate":"2024-10-13","vatID":"03075840359","taxID":"03075840359","numberOfEmployees":{"@type":"QuantitativeValue","minValue":"1","maxValue":"10"}}]},"product_price_currency":"EUR","og_availability":"instock","product_availability":"instock","product_retailer_item_id":"FAR19PVC","product_condition":"new"},"_links":{"self":[{"href":"https:\/\/fdasrl.it\/es\/wp-json\/wp\/v2\/product\/2487","targetHints":{"allow":["GET"]}}],"collection":[{"href":"https:\/\/fdasrl.it\/es\/wp-json\/wp\/v2\/product"}],"about":[{"href":"https:\/\/fdasrl.it\/es\/wp-json\/wp\/v2\/types\/product"}],"replies":[{"embeddable":true,"href":"https:\/\/fdasrl.it\/es\/wp-json\/wp\/v2\/comments?post=2487"}],"wp:featuredmedia":[{"embeddable":true,"href":"https:\/\/fdasrl.it\/es\/wp-json\/wp\/v2\/media\/1226"}],"wp:attachment":[{"href":"https:\/\/fdasrl.it\/es\/wp-json\/wp\/v2\/media?parent=2487"}],"wp:term":[{"taxonomy":"product_brand","embeddable":true,"href":"https:\/\/fdasrl.it\/es\/wp-json\/wp\/v2\/product_brand?post=2487"},{"taxonomy":"product_cat","embeddable":true,"href":"https:\/\/fdasrl.it\/es\/wp-json\/wp\/v2\/product_cat?post=2487"},{"taxonomy":"product_tag","embeddable":true,"href":"https:\/\/fdasrl.it\/es\/wp-json\/wp\/v2\/product_tag?post=2487"}],"curies":[{"name":"wp","href":"https:\/\/api.w.org\/{rel}","templated":true}]}}