{"id":2558,"date":"2026-03-06T15:54:29","date_gmt":"2026-03-06T14:54:29","guid":{"rendered":"https:\/\/fdasrl.it\/prodotto\/valvula-de-pendulo-far18-para-bebederos\/"},"modified":"2026-03-06T15:54:29","modified_gmt":"2026-03-06T14:54:29","slug":"valvula-de-pendulo-far18-para-bebederos","status":"publish","type":"product","link":"https:\/\/fdasrl.it\/es\/prodotto\/valvula-de-pendulo-far18-para-bebederos\/","title":{"rendered":"V\u00e1lvula de p\u00e9ndulo FAR18 para bebederos"},"content":{"rendered":"<h3 data-section-id=\"631hw6\" data-start=\"122\" data-end=\"169\"><strong data-start=\"126\" data-end=\"169\">V\u00e1lvula de p\u00e9ndulo <\/strong><strong data-start=\"126\" data-end=\"169\">FAR18 <\/strong><strong data-start=\"126\" data-end=\"169\">para bebederos<\/strong><\/h3>\n<p data-start=\"171\" data-end=\"451\">La <strong data-start=\"174\" data-end=\"201\">v\u00e1lvula de p\u00e9ndulo FAR18<\/strong> est\u00e1 dise\u00f1ada para diferentes tipos de bebederos y es compatible con los modelos <strong data-start=\"284\" data-end=\"297\">FDA FA-KB<\/strong> y <strong data-start=\"300\" data-end=\"312\">FABB0033<\/strong>.<br data-start=\"313\" data-end=\"316\">Fabricada en <strong data-start=\"330\" data-end=\"340\">lat\u00f3n<\/strong>, garantiza una elevada resistencia a la corrosi\u00f3n y una larga vida \u00fatil incluso en los entornos ganaderos m\u00e1s exigentes.<\/p>\n<p data-start=\"453\" data-end=\"625\">Gracias a la <strong data-start=\"464\" data-end=\"501\">conexi\u00f3n roscada hembra de 1\/2&#8243;<\/strong>, la v\u00e1lvula asegura un <strong data-start=\"527\" data-end=\"552\">buen caudal de agua<\/strong> y un funcionamiento fiable incluso en condiciones de uso intensivo.<\/p>\n<p data-start=\"627\" data-end=\"691\">Se suministra como <strong data-start=\"642\" data-end=\"690\">repuesto completo listo para la instalaci\u00f3n<\/strong>.<\/p>\n<h3 data-section-id=\"xrc42a\" data-start=\"693\" data-end=\"727\"><strong data-start=\"697\" data-end=\"727\">Caracter\u00edsticas principales<\/strong><\/h3>\n<ul data-start=\"729\" data-end=\"948\">\n<li data-section-id=\"a06e4o\" data-start=\"729\" data-end=\"777\">\n<p data-start=\"731\" data-end=\"777\">Cuerpo de <strong data-start=\"740\" data-end=\"777\">lat\u00f3n resistente a la corrosi\u00f3n<\/strong><\/p>\n<\/li>\n<li data-section-id=\"1jt4ndz\" data-start=\"778\" data-end=\"814\">\n<p data-start=\"780\" data-end=\"814\"><strong data-start=\"780\" data-end=\"814\">Conexi\u00f3n roscada hembra 1\/2&#8243; &#8211; desde abajo y desde arriba<\/strong><\/p>\n<\/li>\n<li data-section-id=\"12kdzhk\" data-start=\"815\" data-end=\"842\">\n<p data-start=\"817\" data-end=\"842\"><strong data-start=\"817\" data-end=\"842\">Buen caudal de agua<\/strong><\/p>\n<\/li>\n<li data-section-id=\"1cp13de\" data-start=\"843\" data-end=\"897\">\n<p data-start=\"845\" data-end=\"897\">Compatible con bebederos <strong data-start=\"873\" data-end=\"882\">FA-KB<\/strong> y <strong data-start=\"885\" data-end=\"897\">FABB0033<\/strong><\/p>\n<\/li>\n<li data-section-id=\"7eg5ja\" data-start=\"898\" data-end=\"948\">\n<p data-start=\"900\" data-end=\"948\"><strong data-start=\"900\" data-end=\"921\">Repuesto completo<\/strong> listo para la instalaci\u00f3n<\/p>\n<\/li>\n<\/ul>\n<h3 data-section-id=\"2pq1zq\" data-start=\"950\" data-end=\"980\"><strong data-start=\"954\" data-end=\"980\">Presi\u00f3n de funcionamiento<\/strong><\/h3>\n<ul data-start=\"982\" data-end=\"1018\">\n<li data-section-id=\"hbbj97\" data-start=\"982\" data-end=\"1018\">\n<p data-start=\"984\" data-end=\"1018\"><strong data-start=\"984\" data-end=\"1008\">Presi\u00f3n de trabajo:<\/strong> 0 \u2013 5 bar<\/p>\n<\/li>\n<\/ul>\n<h3 data-section-id=\"8whuzw\" data-start=\"1020\" data-end=\"1041\"><strong data-start=\"1024\" data-end=\"1041\">Caudal de agua<\/strong><\/h3>\n<ul data-start=\"1043\" data-end=\"1064\">\n<li data-section-id=\"yqq2y4\" data-start=\"1043\" data-end=\"1064\">\n<p data-start=\"1045\" data-end=\"1064\"><strong data-start=\"1045\" data-end=\"1064\">Hasta 20 l\/min<\/strong><\/p>\n<\/li>\n<\/ul>\n<p data-start=\"1066\" data-end=\"1263\">La <strong data-start=\"1069\" data-end=\"1096\">v\u00e1lvula de p\u00e9ndulo FAR18<\/strong> garantiza un suministro eficiente del agua en los bebederos, contribuyendo a <strong data-start=\"1178\" data-end=\"1201\">reducir el desperdicio<\/strong> y asegurando a los animales <strong data-start=\"1229\" data-end=\"1262\">un acceso constante al agua<\/strong>.<\/p>\n<p>\ud83d\udc49 Solicita precio para reventa:  <a href=\"mailto:info@fdasrl.it\">HAZ CLIC AQU\u00cd<\/a><\/p>\n<p>\ud83d\udc49 Compra online: <a href=\"https:\/\/fda-shop.it\/shop\/scuderia-horse-care\/scuderia-e-paddock\/abbeveratoi-per-cavalli\/valvola-per-abbeveratoio-cavalli\">HAZ CLIC AQU\u00cd<\/a><\/p>\n","protected":false},"excerpt":{"rendered":"<p>La <strong data-start=\"26\" data-end=\"53\">v\u00e1lvula de p\u00e9ndulo FAR18<\/strong> es un repuesto completo compatible con muchos bebederos, incluidos los <strong data-start=\"81\" data-end=\"114\">bebederos FDA FA-KB y FABB0033<\/strong>, fabricada en <strong data-start=\"130\" data-end=\"140\">lat\u00f3n<\/strong> para garantizar resistencia y durabilidad en entornos ganaderos. Equipada con <strong data-start=\"212\" data-end=\"249\">conexi\u00f3n roscada hembra de 1\/2&#8243;<\/strong>, asegura un buen <strong data-start=\"260\" data-end=\"287\">caudal de agua<\/strong> y un funcionamiento fiable con una <strong data-start=\"319\" data-end=\"358\">presi\u00f3n de trabajo de 0 a 5 bar<\/strong>. Ideal para garantizar un suministro constante de agua en los bebederos.  <\/p>\n","protected":false},"featured_media":1201,"comment_status":"open","ping_status":"closed","template":"","meta":{"_et_pb_use_builder":"","_et_pb_old_content":"","_et_gb_content_width":""},"product_brand":[],"product_cat":[552,516,517],"product_tag":[587],"class_list":{"0":"post-2558","1":"product","2":"type-product","3":"status-publish","4":"has-post-thumbnail","6":"product_cat-bebederos-2","7":"product_cat-bebederos","8":"product_cat-valvulas-y-flotadores","9":"product_tag-far18","11":"first","12":"instock","13":"shipping-taxable","14":"product-type-simple"},"yoast_head":"<!-- This site is optimized with the Yoast SEO Premium plugin v27.5 (Yoast SEO v27.5) - https:\/\/yoast.com\/product\/yoast-seo-premium-wordpress\/ -->\n<title>V\u00e1lvula de p\u00e9ndulo FAR18 para bebederos con conexi\u00f3n roscada<\/title>\n<meta name=\"description\" content=\"Elige la v\u00e1lvula de p\u00e9ndulo FAR18 para bebederos de alta calidad. Fabricada en lat\u00f3n, \u00a1est\u00e1 lista para la instalaci\u00f3n e ideal para cualquier necesidad!\" \/>\n<meta name=\"robots\" content=\"index, follow, max-snippet:-1, max-image-preview:large, max-video-preview:-1\" \/>\n<link rel=\"canonical\" href=\"https:\/\/fdasrl.it\/es\/prodotto\/valvula-de-pendulo-far18-para-bebederos\/\" \/>\n<meta property=\"og:locale\" content=\"es_ES\" \/>\n<meta property=\"og:type\" content=\"article\" \/>\n<meta property=\"og:title\" content=\"V\u00e1lvula de p\u00e9ndulo FAR18 para bebederos\" \/>\n<meta property=\"og:description\" content=\"Elige la v\u00e1lvula de p\u00e9ndulo FAR18 para bebederos de alta calidad. Fabricada en lat\u00f3n, \u00a1est\u00e1 lista para la instalaci\u00f3n e ideal para cualquier necesidad!\" \/>\n<meta property=\"og:url\" content=\"https:\/\/fdasrl.it\/es\/prodotto\/valvula-de-pendulo-far18-para-bebederos\/\" \/>\n<meta property=\"og:site_name\" content=\"FDA srl\" \/>\n<meta property=\"article:publisher\" content=\"https:\/\/www.facebook.com\/share\/1MWhFWg1Tp\/?mibextid=LQQJ4d\" \/>\n<meta property=\"og:image\" content=\"https:\/\/fdasrl.it\/wp-content\/uploads\/2026\/03\/valvola-pendolo-FAR18-media-portata-1.png\" \/>\n\t<meta property=\"og:image:width\" content=\"822\" \/>\n\t<meta property=\"og:image:height\" content=\"827\" \/>\n\t<meta property=\"og:image:type\" content=\"image\/png\" \/>\n<meta name=\"twitter:card\" content=\"summary_large_image\" \/>\n<meta name=\"twitter:label1\" content=\"Precio\" \/>\n\t<meta name=\"twitter:data1\" content=\"\" \/>\n\t<meta name=\"twitter:label2\" content=\"Disponibilidad\" \/>\n\t<meta name=\"twitter:data2\" content=\"Disponible\" \/>\n<meta property=\"product:price:currency\" content=\"EUR\" \/>\n<meta property=\"og:availability\" content=\"instock\" \/>\n<meta property=\"product:availability\" content=\"instock\" \/>\n<meta property=\"product:retailer_item_id\" content=\"FAR18\" \/>\n<meta property=\"product:condition\" content=\"new\" \/>\n<!-- \/ Yoast SEO Premium plugin. -->","yoast_head_json":{"title":"V\u00e1lvula de p\u00e9ndulo FAR18 para bebederos con conexi\u00f3n roscada","description":"Elige la v\u00e1lvula de p\u00e9ndulo FAR18 para bebederos de alta calidad. Fabricada en lat\u00f3n, \u00a1est\u00e1 lista para la instalaci\u00f3n e ideal para cualquier necesidad!","robots":{"index":"index","follow":"follow","max-snippet":"max-snippet:-1","max-image-preview":"max-image-preview:large","max-video-preview":"max-video-preview:-1"},"canonical":"https:\/\/fdasrl.it\/es\/prodotto\/valvula-de-pendulo-far18-para-bebederos\/","og_locale":"es_ES","og_type":"article","og_title":"V\u00e1lvula de p\u00e9ndulo FAR18 para bebederos","og_description":"Elige la v\u00e1lvula de p\u00e9ndulo FAR18 para bebederos de alta calidad. Fabricada en lat\u00f3n, \u00a1est\u00e1 lista para la instalaci\u00f3n e ideal para cualquier necesidad!","og_url":"https:\/\/fdasrl.it\/es\/prodotto\/valvula-de-pendulo-far18-para-bebederos\/","og_site_name":"FDA srl","article_publisher":"https:\/\/www.facebook.com\/share\/1MWhFWg1Tp\/?mibextid=LQQJ4d","og_image":[{"width":822,"height":827,"url":"https:\/\/fdasrl.it\/wp-content\/uploads\/2026\/03\/valvola-pendolo-FAR18-media-portata-1.png","type":"image\/png"}],"twitter_card":"summary_large_image","twitter_misc":{"Precio":"","Disponibilidad":"Disponible"},"schema":{"@context":"https:\/\/schema.org","@graph":[{"@type":"WebPage","@id":"https:\/\/fdasrl.it\/es\/prodotto\/valvula-de-pendulo-far18-para-bebederos\/","url":"https:\/\/fdasrl.it\/es\/prodotto\/valvula-de-pendulo-far18-para-bebederos\/","name":"V\u00e1lvula de p\u00e9ndulo FAR18 para bebederos con conexi\u00f3n roscada","isPartOf":{"@id":"https:\/\/fdasrl.it\/es\/#website"},"primaryImageOfPage":{"@id":"https:\/\/fdasrl.it\/es\/prodotto\/valvula-de-pendulo-far18-para-bebederos\/#primaryimage"},"image":{"@id":"https:\/\/fdasrl.it\/es\/prodotto\/valvula-de-pendulo-far18-para-bebederos\/#primaryimage"},"thumbnailUrl":"https:\/\/fdasrl.it\/wp-content\/uploads\/2026\/03\/valvola-pendolo-FAR18-media-portata-1.png","datePublished":"2026-03-06T14:54:29+00:00","description":"Elige la v\u00e1lvula de p\u00e9ndulo FAR18 para bebederos de alta calidad. Fabricada en lat\u00f3n, \u00a1est\u00e1 lista para la instalaci\u00f3n e ideal para cualquier necesidad!","breadcrumb":{"@id":"https:\/\/fdasrl.it\/es\/prodotto\/valvula-de-pendulo-far18-para-bebederos\/#breadcrumb"},"inLanguage":"es","potentialAction":[{"@type":"ReadAction","target":["https:\/\/fdasrl.it\/es\/prodotto\/valvula-de-pendulo-far18-para-bebederos\/"]}]},{"@type":"ImageObject","inLanguage":"es","@id":"https:\/\/fdasrl.it\/es\/prodotto\/valvula-de-pendulo-far18-para-bebederos\/#primaryimage","url":"https:\/\/fdasrl.it\/wp-content\/uploads\/2026\/03\/valvola-pendolo-FAR18-media-portata-1.png","contentUrl":"https:\/\/fdasrl.it\/wp-content\/uploads\/2026\/03\/valvola-pendolo-FAR18-media-portata-1.png","width":822,"height":827,"caption":"V\u00e1lvula de p\u00e9ndulo FAR18 de caudal medio para bebederos autom\u00e1ticos."},{"@type":"BreadcrumbList","@id":"https:\/\/fdasrl.it\/es\/prodotto\/valvula-de-pendulo-far18-para-bebederos\/#breadcrumb","itemListElement":[{"@type":"ListItem","position":1,"name":"Home","item":"https:\/\/fdasrl.it\/es\/inicio\/"},{"@type":"ListItem","position":2,"name":"Tienda","item":"https:\/\/fdasrl.it\/es\/tienda\/"},{"@type":"ListItem","position":3,"name":"V\u00e1lvula de p\u00e9ndulo FAR18 para bebederos"}]},{"@type":"WebSite","@id":"https:\/\/fdasrl.it\/es\/#website","url":"https:\/\/fdasrl.it\/es\/","name":"FDA srl","description":"Equipment for animal husbandry","publisher":{"@id":"https:\/\/fdasrl.it\/es\/#organization"},"potentialAction":[{"@type":"SearchAction","target":{"@type":"EntryPoint","urlTemplate":"https:\/\/fdasrl.it\/es\/?s={search_term_string}"},"query-input":{"@type":"PropertyValueSpecification","valueRequired":true,"valueName":"search_term_string"}}],"inLanguage":"es"},{"@type":"Organization","@id":"https:\/\/fdasrl.it\/es\/#organization","name":"FDA srl","url":"https:\/\/fdasrl.it\/es\/","logo":{"@type":"ImageObject","inLanguage":"es","@id":"https:\/\/fdasrl.it\/es\/#\/schema\/logo\/image\/","url":"https:\/\/fdasrl.it\/wp-content\/uploads\/2024\/12\/Logo-FDA.png","contentUrl":"https:\/\/fdasrl.it\/wp-content\/uploads\/2024\/12\/Logo-FDA.png","width":316,"height":119,"caption":"FDA srl"},"image":{"@id":"https:\/\/fdasrl.it\/es\/#\/schema\/logo\/image\/"},"sameAs":["https:\/\/www.facebook.com\/share\/1MWhFWg1Tp\/?mibextid=LQQJ4d","https:\/\/www.instagram.com\/fda_srl\/profilecard\/?igsh=YW5lbzJ6MWg0d21u","https:\/\/www.youtube.com\/@FDASRL_ANIMALCARE"],"description":"FDA SRL \u2013 Equipment for animal husbandry nasce con l\u2019obiettivo di offrire soluzioni affidabili e innovative per l\u2019allevamento moderno. Con anni di esperienza nel settore zootecnico, progettiamo e realizziamo attrezzature destinate al benessere animale e alla gestione efficiente delle stalle: vasche, abbeveratoi, mangiatoie e sistemi di riscaldamento pensati per durare nel tempo e semplificare il lavoro quotidiano degli allevatori. Dalla progettazione alla produzione, ogni nostro prodotto \u00e8 studiato nei minimi dettagli, testato con cura e costruito per rispondere alle esigenze reali del settore. La nostra forza \u00e8 unire artigianalit\u00e0, tecnologia e competenza tecnica per trasformare ogni progetto in una soluzione concreta e funzionale. Oggi FDA SRL \u00e8 un punto di riferimento per privati e rivenditori che cercano qualit\u00e0, affidabilit\u00e0 e innovazione nelle attrezzature per l\u2019allevamento.","email":"info@fdasrl.it","telephone":"+390522826820","legalName":"F.D.A. SRL","foundingDate":"2024-10-13","vatID":"03075840359","taxID":"03075840359","numberOfEmployees":{"@type":"QuantitativeValue","minValue":"1","maxValue":"10"}}]},"product_price_currency":"EUR","og_availability":"instock","product_availability":"instock","product_retailer_item_id":"FAR18","product_condition":"new"},"_links":{"self":[{"href":"https:\/\/fdasrl.it\/es\/wp-json\/wp\/v2\/product\/2558","targetHints":{"allow":["GET"]}}],"collection":[{"href":"https:\/\/fdasrl.it\/es\/wp-json\/wp\/v2\/product"}],"about":[{"href":"https:\/\/fdasrl.it\/es\/wp-json\/wp\/v2\/types\/product"}],"replies":[{"embeddable":true,"href":"https:\/\/fdasrl.it\/es\/wp-json\/wp\/v2\/comments?post=2558"}],"wp:featuredmedia":[{"embeddable":true,"href":"https:\/\/fdasrl.it\/es\/wp-json\/wp\/v2\/media\/1201"}],"wp:attachment":[{"href":"https:\/\/fdasrl.it\/es\/wp-json\/wp\/v2\/media?parent=2558"}],"wp:term":[{"taxonomy":"product_brand","embeddable":true,"href":"https:\/\/fdasrl.it\/es\/wp-json\/wp\/v2\/product_brand?post=2558"},{"taxonomy":"product_cat","embeddable":true,"href":"https:\/\/fdasrl.it\/es\/wp-json\/wp\/v2\/product_cat?post=2558"},{"taxonomy":"product_tag","embeddable":true,"href":"https:\/\/fdasrl.it\/es\/wp-json\/wp\/v2\/product_tag?post=2558"}],"curies":[{"name":"wp","href":"https:\/\/api.w.org\/{rel}","templated":true}]}}