{"id":2608,"date":"2026-03-09T16:03:54","date_gmt":"2026-03-09T15:03:54","guid":{"rendered":"https:\/\/fdasrl.it\/prodotto\/flotador-para-bebedero-con-valvula-de-laton-3-4-far19b\/"},"modified":"2026-03-09T16:03:54","modified_gmt":"2026-03-09T15:03:54","slug":"flotador-para-bebedero-con-valvula-de-laton-3-4-far19b","status":"publish","type":"product","link":"https:\/\/fdasrl.it\/es\/prodotto\/flotador-para-bebedero-con-valvula-de-laton-3-4-far19b\/","title":{"rendered":"Flotador para bebedero con v\u00e1lvula de lat\u00f3n 3\/4&#8243; \u2013 FAR19B"},"content":{"rendered":"<h3 data-section-id=\"8xm6rw\" data-start=\"89\" data-end=\"159\"><strong data-start=\"93\" data-end=\"159\">Flotador para bebedero con v\u00e1lvula de lat\u00f3n 3\/4&#8243; \u2013 FAR19B<\/strong><\/h3>\n<p data-start=\"161\" data-end=\"506\">Flotador <strong data-start=\"174\" data-end=\"203\">de lat\u00f3n de alta calidad<\/strong> dise\u00f1ado para el control autom\u00e1tico del nivel del agua en bebederos y en <strong data-start=\"289\" data-end=\"326\">diversos dep\u00f3sitos de nivel constante<\/strong>, incluidos los modelos <strong data-start=\"346\" data-end=\"367\">FA-VSRP y FA-VSRT<\/strong>.<br data-start=\"368\" data-end=\"371\">La <strong data-start=\"374\" data-end=\"414\">v\u00e1lvula con asiento de cierre de lat\u00f3n<\/strong> garantiza alta resistencia, fiabilidad y larga duraci\u00f3n incluso en entornos ganaderos.<\/p>\n<p data-start=\"508\" data-end=\"681\">El sistema de flotador permite <strong data-start=\"546\" data-end=\"591\">regular f\u00e1cilmente el nivel del agua<\/strong>, asegurando un suministro constante a los animales y contribuyendo a reducir el desperdicio.<\/p>\n<h3 data-section-id=\"xrc42a\" data-start=\"683\" data-end=\"717\"><strong data-start=\"687\" data-end=\"717\">Caracter\u00edsticas principales<\/strong><\/h3>\n<ul data-start=\"719\" data-end=\"922\">\n<li data-section-id=\"1uaetok\" data-start=\"719\" data-end=\"756\">\n<p data-start=\"721\" data-end=\"756\">Cuerpo <strong data-start=\"727\" data-end=\"756\">de lat\u00f3n de alta calidad<\/strong><\/p>\n<\/li>\n<li data-section-id=\"1l0v1sz\" data-start=\"757\" data-end=\"793\">\n<p data-start=\"759\" data-end=\"793\"><strong data-start=\"759\" data-end=\"793\">Conexi\u00f3n roscada macho 3\/4&#8243;<\/strong><\/p>\n<\/li>\n<li data-section-id=\"ul0k2p\" data-start=\"794\" data-end=\"824\">\n<p data-start=\"796\" data-end=\"824\"><strong data-start=\"796\" data-end=\"824\">Asiento de cierre de lat\u00f3n<\/strong><\/p>\n<\/li>\n<li data-section-id=\"1u1s06\" data-start=\"825\" data-end=\"865\">\n<p data-start=\"827\" data-end=\"865\"><strong data-start=\"827\" data-end=\"865\">Regulaci\u00f3n del nivel del agua<\/strong><\/p>\n<\/li>\n<li data-section-id=\"d5dbow\" data-start=\"866\" data-end=\"922\">\n<p data-start=\"868\" data-end=\"922\">Adecuado para <strong data-start=\"879\" data-end=\"922\">bebederos y dep\u00f3sitos de nivel constante<\/strong><\/p>\n<\/li>\n<li data-section-id=\"d5dbow\" data-start=\"866\" data-end=\"922\">Junta 50 x 27 x 2 mm incluida<\/li>\n<\/ul>\n<h3 data-section-id=\"2pq1zq\" data-start=\"924\" data-end=\"954\"><strong data-start=\"928\" data-end=\"954\">Presi\u00f3n de trabajo<\/strong><\/h3>\n<ul data-start=\"956\" data-end=\"974\">\n<li data-section-id=\"bz2ema\" data-start=\"956\" data-end=\"974\">\n<p data-start=\"958\" data-end=\"974\"><strong data-start=\"958\" data-end=\"974\">0,5 \u2013 10 bar<\/strong><\/p>\n<\/li>\n<\/ul>\n<h3 data-section-id=\"8whuzw\" data-start=\"976\" data-end=\"997\"><strong data-start=\"980\" data-end=\"997\">Caudal de agua<\/strong><\/h3>\n<ul data-start=\"999\" data-end=\"1021\">\n<li data-section-id=\"1upjgnj\" data-start=\"999\" data-end=\"1021\">\n<p data-start=\"1001\" data-end=\"1021\"><strong data-start=\"1001\" data-end=\"1021\">91 L\/min a 6 bar<\/strong><\/p>\n<\/li>\n<\/ul>\n<h3 data-section-id=\"1cf253l\" data-start=\"1023\" data-end=\"1044\"><strong data-start=\"1027\" data-end=\"1044\">Instalaci\u00f3n<\/strong><\/h3>\n<p data-start=\"1046\" data-end=\"1177\">Para una correcta instalaci\u00f3n y un funcionamiento \u00f3ptimo es necesario prever <strong data-start=\"1128\" data-end=\"1176\">un espacio libre superior m\u00ednimo de 190 mm<\/strong>.<\/p>\n<p>&nbsp;<\/p>\n<p>\ud83d\udc49 Solicita precio para reventa: <a href=\"mailto:info@fdasrl.it\">CLICA AQU\u00cd<\/a><\/p>\n<p>\ud83d\udc49 Compra online: <a href=\"https:\/\/fda-shop.it\/shop\/articoli-per-allevamento\/galleggiante-abbeveratoio-in-ottone-3-4\">CLICA AQU\u00cd<\/a><\/p>\n","protected":false},"excerpt":{"rendered":"<p><strong data-start=\"0\" data-end=\"86\" data-is-only-node=\"\">Flotador para bebedero FAR19B con v\u00e1lvula de lat\u00f3n y conexi\u00f3n 3\/4&#8243; macho.<\/strong><br data-start=\"86\" data-end=\"89\">Permite la regulaci\u00f3n autom\u00e1tica del nivel del agua y es adecuado para bebederos y dep\u00f3sitos de nivel constante, incluidos los modelos <strong data-start=\"222\" data-end=\"243\">FA-VSRP y FA-VSRT<\/strong>.<br data-start=\"244\" data-end=\"247\">Caudal hasta <strong data-start=\"262\" data-end=\"282\">91 L\/min a 6 bar<\/strong> con presi\u00f3n de trabajo <strong data-start=\"310\" data-end=\"324\">0,5\u201310 bar<\/strong>.<\/p>\n","protected":false},"featured_media":1204,"comment_status":"open","ping_status":"closed","template":"","meta":{"_et_pb_use_builder":"","_et_pb_old_content":"","_et_gb_content_width":""},"product_brand":[],"product_cat":[552,516,551,517],"product_tag":[597],"class_list":{"0":"post-2608","1":"product","2":"type-product","3":"status-publish","4":"has-post-thumbnail","6":"product_cat-bebederos-2","7":"product_cat-bebederos","8":"product_cat-tanques-de-acero-inoxidable-para-establos","9":"product_cat-valvulas-y-flotadores","10":"product_tag-far19b","12":"first","13":"instock","14":"shipping-taxable","15":"product-type-simple"},"yoast_head":"<!-- This site is optimized with the Yoast SEO Premium plugin v27.5 (Yoast SEO v27.5) - https:\/\/yoast.com\/product\/yoast-seo-premium-wordpress\/ -->\n<title>Flotador con v\u00e1lvula 3\/4 lat\u00f3n para bebederos<\/title>\n<meta name=\"description\" content=\"Optimiza la gesti\u00f3n del agua con el Flotador con v\u00e1lvula 3\/4 lat\u00f3n, dise\u00f1ado para un rendimiento duradero. \u00a1Int\u00e9gralo en tu sistema hoy mismo!\" \/>\n<meta name=\"robots\" content=\"index, follow, max-snippet:-1, max-image-preview:large, max-video-preview:-1\" \/>\n<link rel=\"canonical\" href=\"https:\/\/fdasrl.it\/es\/prodotto\/flotador-para-bebedero-con-valvula-de-laton-3-4-far19b\/\" \/>\n<meta property=\"og:locale\" content=\"es_ES\" \/>\n<meta property=\"og:type\" content=\"article\" \/>\n<meta property=\"og:title\" content=\"Flotador para bebedero con v\u00e1lvula de lat\u00f3n 3\/4&quot; \u2013 FAR19B\" \/>\n<meta property=\"og:description\" content=\"Optimiza la gesti\u00f3n del agua con el Flotador con v\u00e1lvula 3\/4 lat\u00f3n, dise\u00f1ado para un rendimiento duradero. \u00a1Int\u00e9gralo en tu sistema hoy mismo!\" \/>\n<meta property=\"og:url\" content=\"https:\/\/fdasrl.it\/es\/prodotto\/flotador-para-bebedero-con-valvula-de-laton-3-4-far19b\/\" \/>\n<meta property=\"og:site_name\" content=\"FDA srl\" \/>\n<meta property=\"article:publisher\" content=\"https:\/\/www.facebook.com\/share\/1MWhFWg1Tp\/?mibextid=LQQJ4d\" \/>\n<meta property=\"og:image\" content=\"https:\/\/fdasrl.it\/wp-content\/uploads\/2026\/03\/valvola-galleggiante-abbeveratoio-3-4-ottone-e1773070482989.webp\" \/>\n\t<meta property=\"og:image:width\" content=\"577\" \/>\n\t<meta property=\"og:image:height\" content=\"433\" \/>\n\t<meta property=\"og:image:type\" content=\"image\/webp\" \/>\n<meta name=\"twitter:card\" content=\"summary_large_image\" \/>\n<meta name=\"twitter:label1\" content=\"Precio\" \/>\n\t<meta name=\"twitter:data1\" content=\"\" \/>\n\t<meta name=\"twitter:label2\" content=\"Disponibilidad\" \/>\n\t<meta name=\"twitter:data2\" content=\"Disponible\" \/>\n<meta property=\"product:price:currency\" content=\"EUR\" \/>\n<meta property=\"og:availability\" content=\"instock\" \/>\n<meta property=\"product:availability\" content=\"instock\" \/>\n<meta property=\"product:retailer_item_id\" content=\"FAR19B\" \/>\n<meta property=\"product:condition\" content=\"new\" \/>\n<!-- \/ Yoast SEO Premium plugin. -->","yoast_head_json":{"title":"Flotador con v\u00e1lvula 3\/4 lat\u00f3n para bebederos","description":"Optimiza la gesti\u00f3n del agua con el Flotador con v\u00e1lvula 3\/4 lat\u00f3n, dise\u00f1ado para un rendimiento duradero. \u00a1Int\u00e9gralo en tu sistema hoy mismo!","robots":{"index":"index","follow":"follow","max-snippet":"max-snippet:-1","max-image-preview":"max-image-preview:large","max-video-preview":"max-video-preview:-1"},"canonical":"https:\/\/fdasrl.it\/es\/prodotto\/flotador-para-bebedero-con-valvula-de-laton-3-4-far19b\/","og_locale":"es_ES","og_type":"article","og_title":"Flotador para bebedero con v\u00e1lvula de lat\u00f3n 3\/4\" \u2013 FAR19B","og_description":"Optimiza la gesti\u00f3n del agua con el Flotador con v\u00e1lvula 3\/4 lat\u00f3n, dise\u00f1ado para un rendimiento duradero. \u00a1Int\u00e9gralo en tu sistema hoy mismo!","og_url":"https:\/\/fdasrl.it\/es\/prodotto\/flotador-para-bebedero-con-valvula-de-laton-3-4-far19b\/","og_site_name":"FDA srl","article_publisher":"https:\/\/www.facebook.com\/share\/1MWhFWg1Tp\/?mibextid=LQQJ4d","og_image":[{"width":577,"height":433,"url":"https:\/\/fdasrl.it\/wp-content\/uploads\/2026\/03\/valvola-galleggiante-abbeveratoio-3-4-ottone-e1773070482989.webp","type":"image\/webp"}],"twitter_card":"summary_large_image","twitter_misc":{"Precio":"","Disponibilidad":"Disponible"},"schema":{"@context":"https:\/\/schema.org","@graph":[{"@type":"WebPage","@id":"https:\/\/fdasrl.it\/es\/prodotto\/flotador-para-bebedero-con-valvula-de-laton-3-4-far19b\/","url":"https:\/\/fdasrl.it\/es\/prodotto\/flotador-para-bebedero-con-valvula-de-laton-3-4-far19b\/","name":"Flotador con v\u00e1lvula 3\/4 lat\u00f3n para bebederos","isPartOf":{"@id":"https:\/\/fdasrl.it\/es\/#website"},"primaryImageOfPage":{"@id":"https:\/\/fdasrl.it\/es\/prodotto\/flotador-para-bebedero-con-valvula-de-laton-3-4-far19b\/#primaryimage"},"image":{"@id":"https:\/\/fdasrl.it\/es\/prodotto\/flotador-para-bebedero-con-valvula-de-laton-3-4-far19b\/#primaryimage"},"thumbnailUrl":"https:\/\/fdasrl.it\/wp-content\/uploads\/2026\/03\/valvola-galleggiante-abbeveratoio-3-4-ottone-e1773070482989.webp","datePublished":"2026-03-09T15:03:54+00:00","description":"Optimiza la gesti\u00f3n del agua con el Flotador con v\u00e1lvula 3\/4 lat\u00f3n, dise\u00f1ado para un rendimiento duradero. \u00a1Int\u00e9gralo en tu sistema hoy mismo!","breadcrumb":{"@id":"https:\/\/fdasrl.it\/es\/prodotto\/flotador-para-bebedero-con-valvula-de-laton-3-4-far19b\/#breadcrumb"},"inLanguage":"es","potentialAction":[{"@type":"ReadAction","target":["https:\/\/fdasrl.it\/es\/prodotto\/flotador-para-bebedero-con-valvula-de-laton-3-4-far19b\/"]}]},{"@type":"ImageObject","inLanguage":"es","@id":"https:\/\/fdasrl.it\/es\/prodotto\/flotador-para-bebedero-con-valvula-de-laton-3-4-far19b\/#primaryimage","url":"https:\/\/fdasrl.it\/wp-content\/uploads\/2026\/03\/valvola-galleggiante-abbeveratoio-3-4-ottone-e1773070482989.webp","contentUrl":"https:\/\/fdasrl.it\/wp-content\/uploads\/2026\/03\/valvola-galleggiante-abbeveratoio-3-4-ottone-e1773070482989.webp","width":577,"height":433,"caption":"V\u00e1lvula de flotador de lat\u00f3n para bebederos autom\u00e1ticos con conexi\u00f3n de 3\/4\"."},{"@type":"BreadcrumbList","@id":"https:\/\/fdasrl.it\/es\/prodotto\/flotador-para-bebedero-con-valvula-de-laton-3-4-far19b\/#breadcrumb","itemListElement":[{"@type":"ListItem","position":1,"name":"Home","item":"https:\/\/fdasrl.it\/es\/inicio\/"},{"@type":"ListItem","position":2,"name":"Tienda","item":"https:\/\/fdasrl.it\/es\/tienda\/"},{"@type":"ListItem","position":3,"name":"Flotador para bebedero con v\u00e1lvula de lat\u00f3n 3\/4&#8243; \u2013 FAR19B"}]},{"@type":"WebSite","@id":"https:\/\/fdasrl.it\/es\/#website","url":"https:\/\/fdasrl.it\/es\/","name":"FDA srl","description":"Equipment for animal husbandry","publisher":{"@id":"https:\/\/fdasrl.it\/es\/#organization"},"potentialAction":[{"@type":"SearchAction","target":{"@type":"EntryPoint","urlTemplate":"https:\/\/fdasrl.it\/es\/?s={search_term_string}"},"query-input":{"@type":"PropertyValueSpecification","valueRequired":true,"valueName":"search_term_string"}}],"inLanguage":"es"},{"@type":"Organization","@id":"https:\/\/fdasrl.it\/es\/#organization","name":"FDA srl","url":"https:\/\/fdasrl.it\/es\/","logo":{"@type":"ImageObject","inLanguage":"es","@id":"https:\/\/fdasrl.it\/es\/#\/schema\/logo\/image\/","url":"https:\/\/fdasrl.it\/wp-content\/uploads\/2024\/12\/Logo-FDA.png","contentUrl":"https:\/\/fdasrl.it\/wp-content\/uploads\/2024\/12\/Logo-FDA.png","width":316,"height":119,"caption":"FDA srl"},"image":{"@id":"https:\/\/fdasrl.it\/es\/#\/schema\/logo\/image\/"},"sameAs":["https:\/\/www.facebook.com\/share\/1MWhFWg1Tp\/?mibextid=LQQJ4d","https:\/\/www.instagram.com\/fda_srl\/profilecard\/?igsh=YW5lbzJ6MWg0d21u","https:\/\/www.youtube.com\/@FDASRL_ANIMALCARE"],"description":"FDA SRL \u2013 Equipment for animal husbandry nasce con l\u2019obiettivo di offrire soluzioni affidabili e innovative per l\u2019allevamento moderno. Con anni di esperienza nel settore zootecnico, progettiamo e realizziamo attrezzature destinate al benessere animale e alla gestione efficiente delle stalle: vasche, abbeveratoi, mangiatoie e sistemi di riscaldamento pensati per durare nel tempo e semplificare il lavoro quotidiano degli allevatori. Dalla progettazione alla produzione, ogni nostro prodotto \u00e8 studiato nei minimi dettagli, testato con cura e costruito per rispondere alle esigenze reali del settore. La nostra forza \u00e8 unire artigianalit\u00e0, tecnologia e competenza tecnica per trasformare ogni progetto in una soluzione concreta e funzionale. Oggi FDA SRL \u00e8 un punto di riferimento per privati e rivenditori che cercano qualit\u00e0, affidabilit\u00e0 e innovazione nelle attrezzature per l\u2019allevamento.","email":"info@fdasrl.it","telephone":"+390522826820","legalName":"F.D.A. SRL","foundingDate":"2024-10-13","vatID":"03075840359","taxID":"03075840359","numberOfEmployees":{"@type":"QuantitativeValue","minValue":"1","maxValue":"10"}}]},"product_price_currency":"EUR","og_availability":"instock","product_availability":"instock","product_retailer_item_id":"FAR19B","product_condition":"new"},"_links":{"self":[{"href":"https:\/\/fdasrl.it\/es\/wp-json\/wp\/v2\/product\/2608","targetHints":{"allow":["GET"]}}],"collection":[{"href":"https:\/\/fdasrl.it\/es\/wp-json\/wp\/v2\/product"}],"about":[{"href":"https:\/\/fdasrl.it\/es\/wp-json\/wp\/v2\/types\/product"}],"replies":[{"embeddable":true,"href":"https:\/\/fdasrl.it\/es\/wp-json\/wp\/v2\/comments?post=2608"}],"wp:featuredmedia":[{"embeddable":true,"href":"https:\/\/fdasrl.it\/es\/wp-json\/wp\/v2\/media\/1204"}],"wp:attachment":[{"href":"https:\/\/fdasrl.it\/es\/wp-json\/wp\/v2\/media?parent=2608"}],"wp:term":[{"taxonomy":"product_brand","embeddable":true,"href":"https:\/\/fdasrl.it\/es\/wp-json\/wp\/v2\/product_brand?post=2608"},{"taxonomy":"product_cat","embeddable":true,"href":"https:\/\/fdasrl.it\/es\/wp-json\/wp\/v2\/product_cat?post=2608"},{"taxonomy":"product_tag","embeddable":true,"href":"https:\/\/fdasrl.it\/es\/wp-json\/wp\/v2\/product_tag?post=2608"}],"curies":[{"name":"wp","href":"https:\/\/api.w.org\/{rel}","templated":true}]}}