{"id":2658,"date":"2026-03-10T09:04:32","date_gmt":"2026-03-10T08:04:32","guid":{"rendered":"https:\/\/fdasrl.it\/prodotto\/abbeveradero-de-hierro-fundido-fa-be-max-con-pendulo-reforzado-fda-para-bovinos-y-equinos-cazoleta-5-litros\/"},"modified":"2026-03-10T09:04:32","modified_gmt":"2026-03-10T08:04:32","slug":"abbeveradero-de-hierro-fundido-fa-be-max-con-pendulo-reforzado-fda-para-bovinos-y-equinos-cazoleta-5-litros","status":"publish","type":"product","link":"https:\/\/fdasrl.it\/es\/prodotto\/abbeveradero-de-hierro-fundido-fa-be-max-con-pendulo-reforzado-fda-para-bovinos-y-equinos-cazoleta-5-litros\/","title":{"rendered":"Abbeveradero de hierro fundido FA-BE MAX con p\u00e9ndulo reforzado FDA para bovinos y equinos \u2013 Cazoleta 5 litros"},"content":{"rendered":"<h2 data-section-id=\"1y7oiug\" data-start=\"163\" data-end=\"268\">\ud83d\udc04 Abbeveradero de hierro fundido FA-BE MAX con p\u00e9ndulo reforzado FDA para bovinos y equinos \u2013 Cazoleta 5 litros<\/h2>\n<p data-start=\"270\" data-end=\"599\">El <strong data-start=\"272\" data-end=\"334\">abbeveradero de hierro fundido FA-BE MAX con p\u00e9ndulo reforzado FDA<\/strong> est\u00e1 dise\u00f1ado para bovinos y equinos en estabulaci\u00f3n fija. Gracias a su estructura de hierro fundido con <strong data-start=\"426\" data-end=\"470\">tratamiento anticorrosi\u00f3n por cataforesis<\/strong>, garantiza una alta resistencia a la oxidaci\u00f3n, larga duraci\u00f3n y m\u00e1xima fiabilidad incluso en los entornos de establo m\u00e1s exigentes. <\/p>\n<p data-start=\"601\" data-end=\"802\">Adem\u00e1s, este <strong data-start=\"617\" data-end=\"665\">abbeveradero de 5 litros para bovinos y equinos<\/strong> est\u00e1 especialmente indicado para explotaciones profesionales que requieren robustez, alto caudal de agua y facilidad de instalaci\u00f3n.<\/p>\n<p data-start=\"804\" data-end=\"1186\">En comparaci\u00f3n con el modelo FA-BE est\u00e1ndar, la versi\u00f3n <strong data-start=\"852\" data-end=\"906\">MAX dispone de una cazoleta aumentada de 5 litros<\/strong>; por consiguiente, asegura una mayor disponibilidad de agua para los animales. Al mismo tiempo, el abbeveradero est\u00e1 equipado con una <strong data-start=\"1031\" data-end=\"1070\">v\u00e1lvula de presi\u00f3n de alto caudal<\/strong> y un <strong data-start=\"1076\" data-end=\"1102\">p\u00e9ndulo reforzado FDA<\/strong>, dise\u00f1ado espec\u00edficamente para resistir el uso intensivo t\u00edpico de los establos. <\/p>\n<p data-start=\"1188\" data-end=\"1534\">En cuanto a la instalaci\u00f3n, el abbeveradero puede <strong data-start=\"1251\" data-end=\"1284\">fijarse directamente a la pared<\/strong>. Alternativamente, puede <strong data-start=\"1313\" data-end=\"1335\">instalarse sobre tubo<\/strong> utilizando el <strong data-start=\"1359\" data-end=\"1443\">kit de anclaje compuesto por 2 abrazaderas (c\u00f3d. FAC0017) con torniller\u00eda de acero inoxidable<\/strong>. De este modo, es posible adaptarlo f\u00e1cilmente a las diferentes configuraciones del establo.  <\/p>\n<p data-start=\"295\" data-end=\"490\">Este <strong data-start=\"302\" data-end=\"359\">abbeveradero de hierro fundido para bovinos y equinos de 5 litros<\/strong> est\u00e1 dise\u00f1ado para garantizar fiabilidad y durabilidad en explotaciones profesionales. En particular, ofrece diversas ventajas operativas: <\/p>\n<ul data-start=\"492\" data-end=\"874\">\n<li data-section-id=\"1l5zpv\" data-start=\"492\" data-end=\"570\">\n<p data-start=\"494\" data-end=\"570\"><strong data-start=\"494\" data-end=\"529\">Cazoleta aumentada de 5 litros<\/strong> para una mayor disponibilidad de agua<\/p>\n<\/li>\n<li data-section-id=\"14hu1d\" data-start=\"571\" data-end=\"646\">\n<p data-start=\"573\" data-end=\"646\"><strong data-start=\"573\" data-end=\"615\">V\u00e1lvula de p\u00e9ndulo reforzado FDA FAR17<\/strong> resistente al uso intensivo <a href=\"https:\/\/fdasrl.it\/es\/prodotto\/valvula-de-pendulo-far17-para-bebederos\/\">(para m\u00e1s informaci\u00f3n haz clic aqu\u00ed)<\/a><\/p>\n<\/li>\n<li data-section-id=\"1njywgi\" data-start=\"647\" data-end=\"720\">\n<p data-start=\"649\" data-end=\"720\"><strong data-start=\"649\" data-end=\"692\">Caudal de agua de hasta 20 l\/min a 3 bar<\/strong> para un llenado r\u00e1pido<\/p>\n<\/li>\n<li data-section-id=\"lz6viv\" data-start=\"721\" data-end=\"801\">\n<p data-start=\"723\" data-end=\"801\"><strong data-start=\"723\" data-end=\"776\">Estructura de hierro fundido con tratamiento anticorrosi\u00f3n<\/strong> para entornos de establo<\/p>\n<\/li>\n<li data-section-id=\"1ywa03g\" data-start=\"802\" data-end=\"874\">\n<p data-start=\"804\" data-end=\"874\"><strong data-start=\"804\" data-end=\"832\">Instalaci\u00f3n flexible<\/strong> a pared o sobre tubo con kit FAC0017<\/p>\n<\/li>\n<\/ul>\n<hr data-start=\"1536\" data-end=\"1539\">\n<h2 data-section-id=\"og5zk7\" data-start=\"1541\" data-end=\"1571\">\u2699\ufe0f Caracter\u00edsticas t\u00e9cnicas<\/h2>\n<p data-start=\"1573\" data-end=\"1597\"><strong data-start=\"1573\" data-end=\"1585\">Modelo:<\/strong> FA-BE MAX<\/p>\n<p data-start=\"1599\" data-end=\"1677\"><strong data-start=\"1599\" data-end=\"1613\">Material:<\/strong> Hierro fundido pintado con tratamiento anticorrosi\u00f3n por cataforesis<\/p>\n<p data-start=\"1679\" data-end=\"1729\"><strong data-start=\"1679\" data-end=\"1691\">V\u00e1lvula:<\/strong> V\u00e1lvula de presi\u00f3n de alto caudal<\/p>\n<p data-start=\"1731\" data-end=\"1793\"><strong data-start=\"1731\" data-end=\"1752\">Tipo de activaci\u00f3n:<\/strong> V\u00e1lvula de p\u00e9ndulo reforzado FDA FAR17<\/p>\n<p data-start=\"1795\" data-end=\"1847\"><strong data-start=\"1795\" data-end=\"1813\">Caudal de agua:<\/strong> 20 l\/min con presi\u00f3n de 3 bar<\/p>\n<p data-start=\"1849\" data-end=\"1888\"><strong data-start=\"1849\" data-end=\"1876\">Presi\u00f3n de ejercicio:<\/strong> 0 \u2013 5 atm<\/p>\n<p data-start=\"1890\" data-end=\"1923\"><strong data-start=\"1890\" data-end=\"1913\">Capacidad de la cazoleta:<\/strong> 5 litros<\/p>\n<p data-start=\"1925\" data-end=\"2005\"><strong data-start=\"1925\" data-end=\"1949\">Conexi\u00f3n h\u00eddrica:<\/strong> Toma de 1\/2\u2033 con entrada de agua superior o inferior<\/p>\n<p data-start=\"2007\" data-end=\"2062\"><strong data-start=\"2007\" data-end=\"2022\">Dimensiones:<\/strong><br data-start=\"2022\" data-end=\"2025\">Longitud 305 mm<br data-start=\"2041\" data-end=\"2044\">Anchura 240 mm<\/p>\n<p data-start=\"2064\" data-end=\"2082\"><strong data-start=\"2064\" data-end=\"2073\">Peso:<\/strong> 9,5 kg<\/p>\n<p data-start=\"2084\" data-end=\"2187\"><strong data-start=\"2084\" data-end=\"2102\">Instalaci\u00f3n:<\/strong><br data-start=\"2102\" data-end=\"2105\">Fijaci\u00f3n a pared o sobre tubo con <strong data-start=\"2143\" data-end=\"2187\">kit FAC0017 (2 abrazaderas + torniller\u00eda inox)<\/strong><\/p>\n<hr data-start=\"2189\" data-end=\"2192\">\n<h2 data-section-id=\"50c332\" data-start=\"2194\" data-end=\"2218\">\u2705 Ventajas principales<\/h2>\n<p data-start=\"2220\" data-end=\"2684\">\u2714 <strong data-start=\"2222\" data-end=\"2266\">Tratamiento de cataforesis anticorrosi\u00f3n<\/strong>, por tanto, mayor durabilidad<br data-start=\"2300\" data-end=\"2303\">\u2714 <strong data-start=\"2305\" data-end=\"2340\">Cazoleta aumentada de 5 litros<\/strong>, que garantiza m\u00e1s agua disponible<br data-start=\"2378\" data-end=\"2381\">\u2714 <strong data-start=\"2383\" data-end=\"2409\">P\u00e9ndulo reforzado FDA<\/strong>, dise\u00f1ado para un uso intensivo<br data-start=\"2442\" data-end=\"2445\">\u2714 <strong data-start=\"2447\" data-end=\"2485\">V\u00e1lvula de alto caudal (20 l\/min)<\/strong>, que asegura un flujo de agua r\u00e1pido y constante<br data-start=\"2535\" data-end=\"2538\">\u2714 <strong data-start=\"2540\" data-end=\"2570\">Estructura robusta de hierro fundido<\/strong>, ideal para entornos de establo<br data-start=\"2601\" data-end=\"2604\">\u2714 <strong data-start=\"2606\" data-end=\"2633\">Instalaci\u00f3n vers\u00e1til<\/strong>, gracias a la entrada de agua superior o inferior<\/p>\n<hr data-start=\"1836\" data-end=\"1839\">\n<p>\ud83d\udc49 Solicita precio para reventa: <a href=\"mailto:info@fdasrl.it\">HAZ CLIC AQU\u00cd<\/a><\/p>\n<p>\ud83d\udc49 Compra online: <a href=\"https:\/\/fda-shop.it\/shop\/articoli-per-allevamento\/abbeveratoi\/abbeveratoio-in-ghisa-fa-be-max-con-pendolo-rinforzato-fda-per-bovini-ed-equini-vaschetta-5-litri#\/299-tipo_di_fissaggio_-a_muro\">HAZ CLIC AQU\u00cd<\/a><\/p>\n","protected":false},"excerpt":{"rendered":"<p>Abbeveradero de hierro fundido FA-BE MAX con p\u00e9ndulo reforzado FDA, ideal para bovinos y equinos en estabulaci\u00f3n fija. Cazoleta aumentada de 5 litros con v\u00e1lvula de presi\u00f3n de alto caudal (20 l\/min a 3 bar). Entrada de agua superior o inferior con toma de 1\/2\u2033. Instalaci\u00f3n a pared o sobre tubo.   <\/p>\n","protected":false},"featured_media":1212,"comment_status":"open","ping_status":"closed","template":"","meta":{"_et_pb_use_builder":"","_et_pb_old_content":"","_et_gb_content_width":""},"product_brand":[],"product_cat":[516,552,403,607],"product_tag":[608],"class_list":{"0":"post-2658","1":"product","2":"type-product","3":"status-publish","4":"has-post-thumbnail","6":"product_cat-bebederos","7":"product_cat-bebederos-2","8":"product_cat-bovinos","9":"product_cat-caballos","10":"product_tag-fa-be-max","12":"first","13":"instock","14":"shipping-taxable","15":"product-type-simple"},"yoast_head":"<!-- This site is optimized with the Yoast SEO Premium plugin v27.5 (Yoast SEO v27.5) - https:\/\/yoast.com\/product\/yoast-seo-premium-wordpress\/ -->\n<title>Abbeveradero de hierro fundido para bovinos y equinos de 5 litros para establos<\/title>\n<meta name=\"description\" content=\"\u00a1Asegura agua fresca y abundante con nuestro abbeveradero de hierro fundido para bovinos y equinos de 5 litros! La mejor elecci\u00f3n para el bienestar animal. \ud83d\udca7\" \/>\n<meta name=\"robots\" content=\"index, follow, max-snippet:-1, max-image-preview:large, max-video-preview:-1\" \/>\n<link rel=\"canonical\" href=\"https:\/\/fdasrl.it\/es\/prodotto\/abbeveradero-de-hierro-fundido-fa-be-max-con-pendulo-reforzado-fda-para-bovinos-y-equinos-cazoleta-5-litros\/\" \/>\n<meta property=\"og:locale\" content=\"es_ES\" \/>\n<meta property=\"og:type\" content=\"article\" \/>\n<meta property=\"og:title\" content=\"Abbeveradero de hierro fundido FA-BE MAX con p\u00e9ndulo reforzado FDA para bovinos y equinos \u2013 Cazoleta 5 litros\" \/>\n<meta property=\"og:description\" content=\"\u00a1Asegura agua fresca y abundante con nuestro abbeveradero de hierro fundido para bovinos y equinos de 5 litros! La mejor elecci\u00f3n para el bienestar animal. \ud83d\udca7\" \/>\n<meta property=\"og:url\" content=\"https:\/\/fdasrl.it\/es\/prodotto\/abbeveradero-de-hierro-fundido-fa-be-max-con-pendulo-reforzado-fda-para-bovinos-y-equinos-cazoleta-5-litros\/\" \/>\n<meta property=\"og:site_name\" content=\"FDA srl\" \/>\n<meta property=\"article:publisher\" content=\"https:\/\/www.facebook.com\/share\/1MWhFWg1Tp\/?mibextid=LQQJ4d\" \/>\n<meta property=\"og:image\" content=\"https:\/\/fdasrl.it\/wp-content\/uploads\/2026\/03\/FABE-max-abbeveratoi-elevata-capienza-FDA-1.webp\" \/>\n\t<meta property=\"og:image:width\" content=\"1884\" \/>\n\t<meta property=\"og:image:height\" content=\"2048\" \/>\n\t<meta property=\"og:image:type\" content=\"image\/webp\" \/>\n<meta name=\"twitter:card\" content=\"summary_large_image\" \/>\n<meta name=\"twitter:label1\" content=\"Precio\" \/>\n\t<meta name=\"twitter:data1\" content=\"\" \/>\n\t<meta name=\"twitter:label2\" content=\"Disponibilidad\" \/>\n\t<meta name=\"twitter:data2\" content=\"Disponible\" \/>\n<meta property=\"product:price:currency\" content=\"EUR\" \/>\n<meta property=\"og:availability\" content=\"instock\" \/>\n<meta property=\"product:availability\" content=\"instock\" \/>\n<meta property=\"product:retailer_item_id\" content=\"FA-BE MAX\" \/>\n<meta property=\"product:condition\" content=\"new\" \/>\n<!-- \/ Yoast SEO Premium plugin. -->","yoast_head_json":{"title":"Abbeveradero de hierro fundido para bovinos y equinos de 5 litros para establos","description":"\u00a1Asegura agua fresca y abundante con nuestro abbeveradero de hierro fundido para bovinos y equinos de 5 litros! La mejor elecci\u00f3n para el bienestar animal. \ud83d\udca7","robots":{"index":"index","follow":"follow","max-snippet":"max-snippet:-1","max-image-preview":"max-image-preview:large","max-video-preview":"max-video-preview:-1"},"canonical":"https:\/\/fdasrl.it\/es\/prodotto\/abbeveradero-de-hierro-fundido-fa-be-max-con-pendulo-reforzado-fda-para-bovinos-y-equinos-cazoleta-5-litros\/","og_locale":"es_ES","og_type":"article","og_title":"Abbeveradero de hierro fundido FA-BE MAX con p\u00e9ndulo reforzado FDA para bovinos y equinos \u2013 Cazoleta 5 litros","og_description":"\u00a1Asegura agua fresca y abundante con nuestro abbeveradero de hierro fundido para bovinos y equinos de 5 litros! La mejor elecci\u00f3n para el bienestar animal. \ud83d\udca7","og_url":"https:\/\/fdasrl.it\/es\/prodotto\/abbeveradero-de-hierro-fundido-fa-be-max-con-pendulo-reforzado-fda-para-bovinos-y-equinos-cazoleta-5-litros\/","og_site_name":"FDA srl","article_publisher":"https:\/\/www.facebook.com\/share\/1MWhFWg1Tp\/?mibextid=LQQJ4d","og_image":[{"width":1884,"height":2048,"url":"https:\/\/fdasrl.it\/wp-content\/uploads\/2026\/03\/FABE-max-abbeveratoi-elevata-capienza-FDA-1.webp","type":"image\/webp"}],"twitter_card":"summary_large_image","twitter_misc":{"Precio":"","Disponibilidad":"Disponible"},"schema":{"@context":"https:\/\/schema.org","@graph":[{"@type":"WebPage","@id":"https:\/\/fdasrl.it\/es\/prodotto\/abbeveradero-de-hierro-fundido-fa-be-max-con-pendulo-reforzado-fda-para-bovinos-y-equinos-cazoleta-5-litros\/","url":"https:\/\/fdasrl.it\/es\/prodotto\/abbeveradero-de-hierro-fundido-fa-be-max-con-pendulo-reforzado-fda-para-bovinos-y-equinos-cazoleta-5-litros\/","name":"Abbeveradero de hierro fundido para bovinos y equinos de 5 litros para establos","isPartOf":{"@id":"https:\/\/fdasrl.it\/es\/#website"},"primaryImageOfPage":{"@id":"https:\/\/fdasrl.it\/es\/prodotto\/abbeveradero-de-hierro-fundido-fa-be-max-con-pendulo-reforzado-fda-para-bovinos-y-equinos-cazoleta-5-litros\/#primaryimage"},"image":{"@id":"https:\/\/fdasrl.it\/es\/prodotto\/abbeveradero-de-hierro-fundido-fa-be-max-con-pendulo-reforzado-fda-para-bovinos-y-equinos-cazoleta-5-litros\/#primaryimage"},"thumbnailUrl":"https:\/\/fdasrl.it\/wp-content\/uploads\/2026\/03\/FABE-max-abbeveratoi-elevata-capienza-FDA-1.webp","datePublished":"2026-03-10T08:04:32+00:00","description":"\u00a1Asegura agua fresca y abundante con nuestro abbeveradero de hierro fundido para bovinos y equinos de 5 litros! La mejor elecci\u00f3n para el bienestar animal. \ud83d\udca7","breadcrumb":{"@id":"https:\/\/fdasrl.it\/es\/prodotto\/abbeveradero-de-hierro-fundido-fa-be-max-con-pendulo-reforzado-fda-para-bovinos-y-equinos-cazoleta-5-litros\/#breadcrumb"},"inLanguage":"es","potentialAction":[{"@type":"ReadAction","target":["https:\/\/fdasrl.it\/es\/prodotto\/abbeveradero-de-hierro-fundido-fa-be-max-con-pendulo-reforzado-fda-para-bovinos-y-equinos-cazoleta-5-litros\/"]}]},{"@type":"ImageObject","inLanguage":"es","@id":"https:\/\/fdasrl.it\/es\/prodotto\/abbeveradero-de-hierro-fundido-fa-be-max-con-pendulo-reforzado-fda-para-bovinos-y-equinos-cazoleta-5-litros\/#primaryimage","url":"https:\/\/fdasrl.it\/wp-content\/uploads\/2026\/03\/FABE-max-abbeveratoi-elevata-capienza-FDA-1.webp","contentUrl":"https:\/\/fdasrl.it\/wp-content\/uploads\/2026\/03\/FABE-max-abbeveratoi-elevata-capienza-FDA-1.webp","width":1884,"height":2048,"caption":"Abbeveradero de hierro fundido de alta capacidad ideal para bovinos, equinos y explotaciones intensivas."},{"@type":"BreadcrumbList","@id":"https:\/\/fdasrl.it\/es\/prodotto\/abbeveradero-de-hierro-fundido-fa-be-max-con-pendulo-reforzado-fda-para-bovinos-y-equinos-cazoleta-5-litros\/#breadcrumb","itemListElement":[{"@type":"ListItem","position":1,"name":"Home","item":"https:\/\/fdasrl.it\/es\/inicio\/"},{"@type":"ListItem","position":2,"name":"Tienda","item":"https:\/\/fdasrl.it\/es\/tienda\/"},{"@type":"ListItem","position":3,"name":"Abbeveradero de hierro fundido FA-BE MAX con p\u00e9ndulo reforzado FDA para bovinos y equinos \u2013 Cazoleta 5 litros"}]},{"@type":"WebSite","@id":"https:\/\/fdasrl.it\/es\/#website","url":"https:\/\/fdasrl.it\/es\/","name":"FDA srl","description":"Equipment for animal husbandry","publisher":{"@id":"https:\/\/fdasrl.it\/es\/#organization"},"potentialAction":[{"@type":"SearchAction","target":{"@type":"EntryPoint","urlTemplate":"https:\/\/fdasrl.it\/es\/?s={search_term_string}"},"query-input":{"@type":"PropertyValueSpecification","valueRequired":true,"valueName":"search_term_string"}}],"inLanguage":"es"},{"@type":"Organization","@id":"https:\/\/fdasrl.it\/es\/#organization","name":"FDA srl","url":"https:\/\/fdasrl.it\/es\/","logo":{"@type":"ImageObject","inLanguage":"es","@id":"https:\/\/fdasrl.it\/es\/#\/schema\/logo\/image\/","url":"https:\/\/fdasrl.it\/wp-content\/uploads\/2024\/12\/Logo-FDA.png","contentUrl":"https:\/\/fdasrl.it\/wp-content\/uploads\/2024\/12\/Logo-FDA.png","width":316,"height":119,"caption":"FDA srl"},"image":{"@id":"https:\/\/fdasrl.it\/es\/#\/schema\/logo\/image\/"},"sameAs":["https:\/\/www.facebook.com\/share\/1MWhFWg1Tp\/?mibextid=LQQJ4d","https:\/\/www.instagram.com\/fda_srl\/profilecard\/?igsh=YW5lbzJ6MWg0d21u","https:\/\/www.youtube.com\/@FDASRL_ANIMALCARE"],"description":"FDA SRL \u2013 Equipment for animal husbandry nasce con l\u2019obiettivo di offrire soluzioni affidabili e innovative per l\u2019allevamento moderno. Con anni di esperienza nel settore zootecnico, progettiamo e realizziamo attrezzature destinate al benessere animale e alla gestione efficiente delle stalle: vasche, abbeveratoi, mangiatoie e sistemi di riscaldamento pensati per durare nel tempo e semplificare il lavoro quotidiano degli allevatori. Dalla progettazione alla produzione, ogni nostro prodotto \u00e8 studiato nei minimi dettagli, testato con cura e costruito per rispondere alle esigenze reali del settore. La nostra forza \u00e8 unire artigianalit\u00e0, tecnologia e competenza tecnica per trasformare ogni progetto in una soluzione concreta e funzionale. Oggi FDA SRL \u00e8 un punto di riferimento per privati e rivenditori che cercano qualit\u00e0, affidabilit\u00e0 e innovazione nelle attrezzature per l\u2019allevamento.","email":"info@fdasrl.it","telephone":"+390522826820","legalName":"F.D.A. SRL","foundingDate":"2024-10-13","vatID":"03075840359","taxID":"03075840359","numberOfEmployees":{"@type":"QuantitativeValue","minValue":"1","maxValue":"10"}}]},"product_price_currency":"EUR","og_availability":"instock","product_availability":"instock","product_retailer_item_id":"FA-BE MAX","product_condition":"new"},"_links":{"self":[{"href":"https:\/\/fdasrl.it\/es\/wp-json\/wp\/v2\/product\/2658","targetHints":{"allow":["GET"]}}],"collection":[{"href":"https:\/\/fdasrl.it\/es\/wp-json\/wp\/v2\/product"}],"about":[{"href":"https:\/\/fdasrl.it\/es\/wp-json\/wp\/v2\/types\/product"}],"replies":[{"embeddable":true,"href":"https:\/\/fdasrl.it\/es\/wp-json\/wp\/v2\/comments?post=2658"}],"wp:featuredmedia":[{"embeddable":true,"href":"https:\/\/fdasrl.it\/es\/wp-json\/wp\/v2\/media\/1212"}],"wp:attachment":[{"href":"https:\/\/fdasrl.it\/es\/wp-json\/wp\/v2\/media?parent=2658"}],"wp:term":[{"taxonomy":"product_brand","embeddable":true,"href":"https:\/\/fdasrl.it\/es\/wp-json\/wp\/v2\/product_brand?post=2658"},{"taxonomy":"product_cat","embeddable":true,"href":"https:\/\/fdasrl.it\/es\/wp-json\/wp\/v2\/product_cat?post=2658"},{"taxonomy":"product_tag","embeddable":true,"href":"https:\/\/fdasrl.it\/es\/wp-json\/wp\/v2\/product_tag?post=2658"}],"curies":[{"name":"wp","href":"https:\/\/api.w.org\/{rel}","templated":true}]}}