{"id":2732,"date":"2026-03-10T14:05:36","date_gmt":"2026-03-10T13:05:36","guid":{"rendered":"https:\/\/fdasrl.it\/prodotto\/flotador-para-bebedero-far19pvr-3-4-en-abs-con-prefiltro-y-regulacion-de-nivel\/"},"modified":"2026-03-10T14:05:36","modified_gmt":"2026-03-10T13:05:36","slug":"flotador-para-bebedero-far19pvr-3-4-en-abs-con-prefiltro-y-regulacion-de-nivel","status":"publish","type":"product","link":"https:\/\/fdasrl.it\/es\/prodotto\/flotador-para-bebedero-far19pvr-3-4-en-abs-con-prefiltro-y-regulacion-de-nivel\/","title":{"rendered":"Flotador para Bebedero FAR19PVR 3\/4&#8243; en ABS con Prefiltro y Regulaci\u00f3n de Nivel"},"content":{"rendered":"<h2 data-section-id=\"e0jt7x\" data-start=\"95\" data-end=\"184\">Flotador para Bebedero FAR19PVR 3\/4&#8243; en ABS con Prefiltro y Regulaci\u00f3n de Nivel<\/h2>\n<p data-start=\"186\" data-end=\"405\">El <strong data-start=\"189\" data-end=\"286\">flotador para bebedero FAR19PVR con cuerpo en ABS y conexi\u00f3n de 3\/4&#8243; rosca macho<\/strong> est\u00e1 dise\u00f1ado para garantizar un control preciso y fiable del nivel del agua en los bebederos para ganader\u00eda.<\/p>\n<p data-start=\"407\" data-end=\"720\">Gracias a la estructura en <strong data-start=\"432\" data-end=\"455\">ABS de alta calidad<\/strong>, este flotador ofrece resistencia a la corrosi\u00f3n y larga duraci\u00f3n incluso en condiciones de uso intensivo en las naves. Adem\u00e1s est\u00e1 <strong data-start=\"591\" data-end=\"614\">equipado con prefiltro<\/strong>, \u00fatil para retener posibles impurezas presentes en el agua y mejorar el funcionamiento de la v\u00e1lvula. <\/p>\n<p data-start=\"722\" data-end=\"893\">El sistema permite <strong data-start=\"742\" data-end=\"783\">la regulaci\u00f3n del nivel del agua<\/strong>, asegurando un llenado constante del bebedero y una disponibilidad continua de agua para los animales.<\/p>\n<hr data-start=\"895\" data-end=\"898\">\n<h2 data-section-id=\"og5zk7\" data-start=\"900\" data-end=\"930\">\u2699\ufe0f Caracter\u00edsticas t\u00e9cnicas<\/h2>\n<p data-start=\"932\" data-end=\"1065\"><strong data-start=\"932\" data-end=\"952\">C\u00f3digo producto:<\/strong> FAR19PVR<br data-start=\"961\" data-end=\"964\"><strong data-start=\"964\" data-end=\"978\">Material:<\/strong> Cuerpo en ABS<br data-start=\"991\" data-end=\"994\"><strong data-start=\"994\" data-end=\"1006\">Conexi\u00f3n:<\/strong> 3\/4&#8243; rosca macho<br data-start=\"1031\" data-end=\"1034\"><strong data-start=\"1034\" data-end=\"1047\">Uso:<\/strong> Para bebederos<\/p>\n<p data-start=\"1067\" data-end=\"1093\"><strong data-start=\"1067\" data-end=\"1081\">Prefiltro:<\/strong> Integrado<\/p>\n<p data-start=\"1095\" data-end=\"1130\"><strong data-start=\"1095\" data-end=\"1125\">Regulaci\u00f3n nivel agua:<\/strong> S\u00ed<\/p>\n<p data-start=\"1132\" data-end=\"1174\"><strong data-start=\"1132\" data-end=\"1159\">Presi\u00f3n de trabajo:<\/strong> 0,5 \u2013 12 bar<\/p>\n<p data-start=\"1176\" data-end=\"1214\"><strong data-start=\"1176\" data-end=\"1194\">Caudal de agua:<\/strong> 180 L\/min a 6 bar<\/p>\n<p data-start=\"1216\" data-end=\"1269\"><strong data-start=\"1216\" data-end=\"1252\">Espacio m\u00ednimo para instalaci\u00f3n:<\/strong> 299 mm superiores<\/p>\n<hr data-start=\"1271\" data-end=\"1274\">\n<h2 data-section-id=\"50c332\" data-start=\"1276\" data-end=\"1300\">\u2705 Ventajas principales<\/h2>\n<ul>\n<li data-section-id=\"19eg2ht\" data-start=\"29\" data-end=\"73\">\n<p data-start=\"32\" data-end=\"73\">Cuerpo en ABS resistente a la corrosi\u00f3n<\/p>\n<\/li>\n<li data-section-id=\"1s3jga\" data-start=\"74\" data-end=\"122\">\n<p data-start=\"77\" data-end=\"122\">Prefiltro integrado para retener impurezas<\/p>\n<\/li>\n<li data-section-id=\"c242ck\" data-start=\"123\" data-end=\"181\">\n<p data-start=\"126\" data-end=\"181\">Regulaci\u00f3n del nivel del agua sencilla y precisa<\/p>\n<\/li>\n<li data-section-id=\"5ibxc3\" data-start=\"182\" data-end=\"219\">\n<p data-start=\"185\" data-end=\"219\">Elevado caudal hasta 180 L\/min<\/p>\n<\/li>\n<li data-section-id=\"x61yrq\" data-start=\"220\" data-end=\"260\" data-is-last-node=\"\">\n<p data-start=\"223\" data-end=\"260\" data-is-last-node=\"\">Ideal para bebederos en ganader\u00eda<\/p>\n<\/li>\n<\/ul>\n<p>&nbsp;<\/p>\n<p>\ud83d\udc49 Solicita precio para reventa: <a href=\"mailto:info@fdasrl.it\">PULSA AQU\u00cd<\/a><\/p>\n<p>\ud83d\udc49 Compra online: <a href=\"https:\/\/fda-shop.it\/shop\/articoli-per-allevamento\/abbeveratoi\/ricambio-per-abbeveratoio-in-abs-da-3-4\">PULSA AQU\u00cd<\/a><\/p>\n","protected":false},"excerpt":{"rendered":"<p>Flotador FAR19PVR para bebedero con cuerpo en ABS y conexi\u00f3n 3\/4&#8243; macho. Equipado con prefiltro y regulaci\u00f3n nivel agua. Caudal 180 L\/min a 6 bar. Presi\u00f3n de trabajo de 0,5 a 12 bar.   <\/p>\n","protected":false},"featured_media":1220,"comment_status":"open","ping_status":"closed","template":"","meta":{"_et_pb_use_builder":"","_et_pb_old_content":"","_et_gb_content_width":""},"product_brand":[],"product_cat":[552,516,551,517],"product_tag":[625],"class_list":{"0":"post-2732","1":"product","2":"type-product","3":"status-publish","4":"has-post-thumbnail","6":"product_cat-bebederos-2","7":"product_cat-bebederos","8":"product_cat-tanques-de-acero-inoxidable-para-establos","9":"product_cat-valvulas-y-flotadores","10":"product_tag-far19pvr","12":"first","13":"instock","14":"shipping-taxable","15":"product-type-simple"},"yoast_head":"<!-- This site is optimized with the Yoast SEO Premium plugin v27.5 (Yoast SEO v27.5) - https:\/\/yoast.com\/product\/yoast-seo-premium-wordpress\/ -->\n<title>Flotador para bebedero con esfera FAR19PVR de alta calidad<\/title>\n<meta name=\"description\" content=\"Descubre el flotador bebedero alto caudal FAR19PVR, dise\u00f1ado para un control de agua preciso en los bebederos. \u00a1Elige la calidad y la durabilidad!\" \/>\n<meta name=\"robots\" content=\"index, follow, max-snippet:-1, max-image-preview:large, max-video-preview:-1\" \/>\n<link rel=\"canonical\" href=\"https:\/\/fdasrl.it\/es\/prodotto\/flotador-para-bebedero-far19pvr-3-4-en-abs-con-prefiltro-y-regulacion-de-nivel\/\" \/>\n<meta property=\"og:locale\" content=\"es_ES\" \/>\n<meta property=\"og:type\" content=\"article\" \/>\n<meta property=\"og:title\" content=\"Flotador para Bebedero FAR19PVR 3\/4&quot; en ABS con Prefiltro y Regulaci\u00f3n de Nivel\" \/>\n<meta property=\"og:description\" content=\"Descubre el flotador bebedero alto caudal FAR19PVR, dise\u00f1ado para un control de agua preciso en los bebederos. \u00a1Elige la calidad y la durabilidad!\" \/>\n<meta property=\"og:url\" content=\"https:\/\/fdasrl.it\/es\/prodotto\/flotador-para-bebedero-far19pvr-3-4-en-abs-con-prefiltro-y-regulacion-de-nivel\/\" \/>\n<meta property=\"og:site_name\" content=\"FDA srl\" \/>\n<meta property=\"article:publisher\" content=\"https:\/\/www.facebook.com\/share\/1MWhFWg1Tp\/?mibextid=LQQJ4d\" \/>\n<meta property=\"og:image\" content=\"https:\/\/fdasrl.it\/wp-content\/uploads\/2026\/03\/Galleggiante-per-abbeveratoio-con-sfera-FAR19PVR.png\" \/>\n\t<meta property=\"og:image:width\" content=\"500\" \/>\n\t<meta property=\"og:image:height\" content=\"500\" \/>\n\t<meta property=\"og:image:type\" content=\"image\/png\" \/>\n<meta name=\"twitter:card\" content=\"summary_large_image\" \/>\n<meta name=\"twitter:label1\" content=\"Precio\" \/>\n\t<meta name=\"twitter:data1\" content=\"\" \/>\n\t<meta name=\"twitter:label2\" content=\"Disponibilidad\" \/>\n\t<meta name=\"twitter:data2\" content=\"Disponible\" \/>\n<meta property=\"product:price:currency\" content=\"EUR\" \/>\n<meta property=\"og:availability\" content=\"instock\" \/>\n<meta property=\"product:availability\" content=\"instock\" \/>\n<meta property=\"product:retailer_item_id\" content=\"FAR19PVR\" \/>\n<meta property=\"product:condition\" content=\"new\" \/>\n<!-- \/ Yoast SEO Premium plugin. -->","yoast_head_json":{"title":"Flotador para bebedero con esfera FAR19PVR de alta calidad","description":"Descubre el flotador bebedero alto caudal FAR19PVR, dise\u00f1ado para un control de agua preciso en los bebederos. \u00a1Elige la calidad y la durabilidad!","robots":{"index":"index","follow":"follow","max-snippet":"max-snippet:-1","max-image-preview":"max-image-preview:large","max-video-preview":"max-video-preview:-1"},"canonical":"https:\/\/fdasrl.it\/es\/prodotto\/flotador-para-bebedero-far19pvr-3-4-en-abs-con-prefiltro-y-regulacion-de-nivel\/","og_locale":"es_ES","og_type":"article","og_title":"Flotador para Bebedero FAR19PVR 3\/4\" en ABS con Prefiltro y Regulaci\u00f3n de Nivel","og_description":"Descubre el flotador bebedero alto caudal FAR19PVR, dise\u00f1ado para un control de agua preciso en los bebederos. \u00a1Elige la calidad y la durabilidad!","og_url":"https:\/\/fdasrl.it\/es\/prodotto\/flotador-para-bebedero-far19pvr-3-4-en-abs-con-prefiltro-y-regulacion-de-nivel\/","og_site_name":"FDA srl","article_publisher":"https:\/\/www.facebook.com\/share\/1MWhFWg1Tp\/?mibextid=LQQJ4d","og_image":[{"width":500,"height":500,"url":"https:\/\/fdasrl.it\/wp-content\/uploads\/2026\/03\/Galleggiante-per-abbeveratoio-con-sfera-FAR19PVR.png","type":"image\/png"}],"twitter_card":"summary_large_image","twitter_misc":{"Precio":"","Disponibilidad":"Disponible"},"schema":{"@context":"https:\/\/schema.org","@graph":[{"@type":"WebPage","@id":"https:\/\/fdasrl.it\/es\/prodotto\/flotador-para-bebedero-far19pvr-3-4-en-abs-con-prefiltro-y-regulacion-de-nivel\/","url":"https:\/\/fdasrl.it\/es\/prodotto\/flotador-para-bebedero-far19pvr-3-4-en-abs-con-prefiltro-y-regulacion-de-nivel\/","name":"Flotador para bebedero con esfera FAR19PVR de alta calidad","isPartOf":{"@id":"https:\/\/fdasrl.it\/es\/#website"},"primaryImageOfPage":{"@id":"https:\/\/fdasrl.it\/es\/prodotto\/flotador-para-bebedero-far19pvr-3-4-en-abs-con-prefiltro-y-regulacion-de-nivel\/#primaryimage"},"image":{"@id":"https:\/\/fdasrl.it\/es\/prodotto\/flotador-para-bebedero-far19pvr-3-4-en-abs-con-prefiltro-y-regulacion-de-nivel\/#primaryimage"},"thumbnailUrl":"https:\/\/fdasrl.it\/wp-content\/uploads\/2026\/03\/Galleggiante-per-abbeveratoio-con-sfera-FAR19PVR.png","datePublished":"2026-03-10T13:05:36+00:00","description":"Descubre el flotador bebedero alto caudal FAR19PVR, dise\u00f1ado para un control de agua preciso en los bebederos. \u00a1Elige la calidad y la durabilidad!","breadcrumb":{"@id":"https:\/\/fdasrl.it\/es\/prodotto\/flotador-para-bebedero-far19pvr-3-4-en-abs-con-prefiltro-y-regulacion-de-nivel\/#breadcrumb"},"inLanguage":"es","potentialAction":[{"@type":"ReadAction","target":["https:\/\/fdasrl.it\/es\/prodotto\/flotador-para-bebedero-far19pvr-3-4-en-abs-con-prefiltro-y-regulacion-de-nivel\/"]}]},{"@type":"ImageObject","inLanguage":"es","@id":"https:\/\/fdasrl.it\/es\/prodotto\/flotador-para-bebedero-far19pvr-3-4-en-abs-con-prefiltro-y-regulacion-de-nivel\/#primaryimage","url":"https:\/\/fdasrl.it\/wp-content\/uploads\/2026\/03\/Galleggiante-per-abbeveratoio-con-sfera-FAR19PVR.png","contentUrl":"https:\/\/fdasrl.it\/wp-content\/uploads\/2026\/03\/Galleggiante-per-abbeveratoio-con-sfera-FAR19PVR.png","width":500,"height":500,"caption":"Flotador con esfera para el control autom\u00e1tico del nivel del agua en los bebederos."},{"@type":"BreadcrumbList","@id":"https:\/\/fdasrl.it\/es\/prodotto\/flotador-para-bebedero-far19pvr-3-4-en-abs-con-prefiltro-y-regulacion-de-nivel\/#breadcrumb","itemListElement":[{"@type":"ListItem","position":1,"name":"Home","item":"https:\/\/fdasrl.it\/es\/inicio\/"},{"@type":"ListItem","position":2,"name":"Tienda","item":"https:\/\/fdasrl.it\/es\/tienda\/"},{"@type":"ListItem","position":3,"name":"Flotador para Bebedero FAR19PVR 3\/4&#8243; en ABS con Prefiltro y Regulaci\u00f3n de Nivel"}]},{"@type":"WebSite","@id":"https:\/\/fdasrl.it\/es\/#website","url":"https:\/\/fdasrl.it\/es\/","name":"FDA srl","description":"Equipment for animal husbandry","publisher":{"@id":"https:\/\/fdasrl.it\/es\/#organization"},"potentialAction":[{"@type":"SearchAction","target":{"@type":"EntryPoint","urlTemplate":"https:\/\/fdasrl.it\/es\/?s={search_term_string}"},"query-input":{"@type":"PropertyValueSpecification","valueRequired":true,"valueName":"search_term_string"}}],"inLanguage":"es"},{"@type":"Organization","@id":"https:\/\/fdasrl.it\/es\/#organization","name":"FDA srl","url":"https:\/\/fdasrl.it\/es\/","logo":{"@type":"ImageObject","inLanguage":"es","@id":"https:\/\/fdasrl.it\/es\/#\/schema\/logo\/image\/","url":"https:\/\/fdasrl.it\/wp-content\/uploads\/2024\/12\/Logo-FDA.png","contentUrl":"https:\/\/fdasrl.it\/wp-content\/uploads\/2024\/12\/Logo-FDA.png","width":316,"height":119,"caption":"FDA srl"},"image":{"@id":"https:\/\/fdasrl.it\/es\/#\/schema\/logo\/image\/"},"sameAs":["https:\/\/www.facebook.com\/share\/1MWhFWg1Tp\/?mibextid=LQQJ4d","https:\/\/www.instagram.com\/fda_srl\/profilecard\/?igsh=YW5lbzJ6MWg0d21u","https:\/\/www.youtube.com\/@FDASRL_ANIMALCARE"],"description":"FDA SRL \u2013 Equipment for animal husbandry nasce con l\u2019obiettivo di offrire soluzioni affidabili e innovative per l\u2019allevamento moderno. Con anni di esperienza nel settore zootecnico, progettiamo e realizziamo attrezzature destinate al benessere animale e alla gestione efficiente delle stalle: vasche, abbeveratoi, mangiatoie e sistemi di riscaldamento pensati per durare nel tempo e semplificare il lavoro quotidiano degli allevatori. Dalla progettazione alla produzione, ogni nostro prodotto \u00e8 studiato nei minimi dettagli, testato con cura e costruito per rispondere alle esigenze reali del settore. La nostra forza \u00e8 unire artigianalit\u00e0, tecnologia e competenza tecnica per trasformare ogni progetto in una soluzione concreta e funzionale. Oggi FDA SRL \u00e8 un punto di riferimento per privati e rivenditori che cercano qualit\u00e0, affidabilit\u00e0 e innovazione nelle attrezzature per l\u2019allevamento.","email":"info@fdasrl.it","telephone":"+390522826820","legalName":"F.D.A. SRL","foundingDate":"2024-10-13","vatID":"03075840359","taxID":"03075840359","numberOfEmployees":{"@type":"QuantitativeValue","minValue":"1","maxValue":"10"}}]},"product_price_currency":"EUR","og_availability":"instock","product_availability":"instock","product_retailer_item_id":"FAR19PVR","product_condition":"new"},"_links":{"self":[{"href":"https:\/\/fdasrl.it\/es\/wp-json\/wp\/v2\/product\/2732","targetHints":{"allow":["GET"]}}],"collection":[{"href":"https:\/\/fdasrl.it\/es\/wp-json\/wp\/v2\/product"}],"about":[{"href":"https:\/\/fdasrl.it\/es\/wp-json\/wp\/v2\/types\/product"}],"replies":[{"embeddable":true,"href":"https:\/\/fdasrl.it\/es\/wp-json\/wp\/v2\/comments?post=2732"}],"wp:featuredmedia":[{"embeddable":true,"href":"https:\/\/fdasrl.it\/es\/wp-json\/wp\/v2\/media\/1220"}],"wp:attachment":[{"href":"https:\/\/fdasrl.it\/es\/wp-json\/wp\/v2\/media?parent=2732"}],"wp:term":[{"taxonomy":"product_brand","embeddable":true,"href":"https:\/\/fdasrl.it\/es\/wp-json\/wp\/v2\/product_brand?post=2732"},{"taxonomy":"product_cat","embeddable":true,"href":"https:\/\/fdasrl.it\/es\/wp-json\/wp\/v2\/product_cat?post=2732"},{"taxonomy":"product_tag","embeddable":true,"href":"https:\/\/fdasrl.it\/es\/wp-json\/wp\/v2\/product_tag?post=2732"}],"curies":[{"name":"wp","href":"https:\/\/api.w.org\/{rel}","templated":true}]}}