{"id":2769,"date":"2025-08-26T16:13:25","date_gmt":"2025-08-26T14:13:25","guid":{"rendered":"https:\/\/fdasrl.it\/prodotto\/lampara-calefactora-para-animales-interheat-par-100w-3g\/"},"modified":"2025-08-26T16:13:25","modified_gmt":"2025-08-26T14:13:25","slug":"lampara-calefactora-para-animales-interheat-par-100w-3g","status":"publish","type":"product","link":"https:\/\/fdasrl.it\/es\/prodotto\/lampara-calefactora-para-animales-interheat-par-100w-3g\/","title":{"rendered":"L\u00e1mpara calefactora para animales Interheat PAR 100W 3G"},"content":{"rendered":"<p data-start=\"834\" data-end=\"1243\">La <strong data-start=\"837\" data-end=\"881\">l\u00e1mpara calefactora Interheat PAR100W 3G<\/strong> de vidrio prensado es una soluci\u00f3n profesional y eficiente para garantizar calor y bienestar a los animales peque\u00f1os en granjas y entornos profesionales. Ideal para <strong data-start=\"1057\" data-end=\"1089\">lechones, pollitos y cachorros<\/strong>, esta l\u00e1mpara de infrarrojos proporciona un calor uniforme y duradero, reduciendo el riesgo de enfriamiento de los animales en las primeras etapas de crecimiento. <\/p>\n<p data-start=\"1245\" data-end=\"1578\">Gracias a su <strong data-start=\"1259\" data-end=\"1302\">reflector integrado de aluminio (PAR)<\/strong> y a su estructura compacta, el calor se proyecta hacia abajo, creando un ambiente c\u00f3modo y seguro. Con solo <strong data-start=\"1425\" data-end=\"1448\">100 W de potencia<\/strong>, garantiza el mismo rendimiento que una l\u00e1mpara tradicional de 150 W, permitiendo un <strong data-start=\"1539\" data-end=\"1575\">ahorro energ\u00e9tico de hasta el 30 %. La<\/strong> l\u00e1mpara calefactora Interheat PAR100W 3G es una elecci\u00f3n ganadora. <\/p>\n<h3 data-start=\"1580\" data-end=\"1611\">Caracter\u00edsticas t\u00e9cnicas:<\/h3>\n<ul data-start=\"1612\" data-end=\"1870\">\n<li data-start=\"1612\" data-end=\"1664\">\n<p data-start=\"1614\" data-end=\"1664\">Tipo: <strong data-start=\"1620\" data-end=\"1662\">l\u00e1mpara de infrarrojos de vidrio prensado pesado<\/strong> \u2013 perfecta para quienes buscan una l\u00e1mpara calefactora fiable<\/p>\n<\/li>\n<li data-start=\"1665\" data-end=\"1685\">\n<p data-start=\"1667\" data-end=\"1685\">Modelo: <strong data-start=\"1676\" data-end=\"1683\">PAR<\/strong><\/p>\n<\/li>\n<li data-start=\"1686\" data-end=\"1707\">\n<p data-start=\"1688\" data-end=\"1707\">Color: <strong data-start=\"1696\" data-end=\"1705\">rojo<\/strong><\/p>\n<\/li>\n<li data-start=\"1708\" data-end=\"1733\">\n<p data-start=\"1710\" data-end=\"1733\">Potencia: <strong data-start=\"1719\" data-end=\"1731\">100 W<\/strong><\/p>\n<\/li>\n<li data-start=\"1734\" data-end=\"1761\">\n<p data-start=\"1736\" data-end=\"1761\">Tensi\u00f3n: <strong data-start=\"1746\" data-end=\"1759\">230\u2013240 V<\/strong><\/p>\n<\/li>\n<li data-start=\"1762\" data-end=\"1782\">\n<p data-start=\"1764\" data-end=\"1782\">Casquillo: <strong data-start=\"1773\" data-end=\"1780\">E27<\/strong><\/p>\n<\/li>\n<li data-start=\"1783\" data-end=\"1802\">\n<p data-start=\"1785\" data-end=\"1802\"><strong data-start=\"1785\" data-end=\"1800\">Regulable<\/strong><\/p>\n<\/li>\n<li data-start=\"1803\" data-end=\"1842\">\n<p data-start=\"1805\" data-end=\"1842\"><strong data-start=\"1805\" data-end=\"1840\">Resistente a las salpicaduras de agua<\/strong><\/p>\n<\/li>\n<li data-start=\"1843\" data-end=\"1870\">\n<p data-start=\"1845\" data-end=\"1870\">Envase: <strong data-start=\"1857\" data-end=\"1868\">2 unidades<\/strong><\/p>\n<\/li>\n<\/ul>\n<p data-start=\"1872\" data-end=\"2050\">Elige la <strong data-start=\"1882\" data-end=\"1926\">l\u00e1mpara calefactora Interheat PAR100W 3G<\/strong> para una <strong data-start=\"1934\" data-end=\"1988\">calefacci\u00f3n fiable, segura y de bajo consumo<\/strong>, dise\u00f1ada para el sector agr\u00edcola, ganadero e industrial. Esta l\u00e1mpara calefactora es conocida por su eficiencia energ\u00e9tica. <\/p>\n<hr data-start=\"1609\" data-end=\"1612\">\n<p data-start=\"1614\" data-end=\"1719\">\ud83d\udce9 <strong data-start=\"1617\" data-end=\"1717\">Para ofertas espec\u00edficas y presupuestos personalizados, escribe a: <a class=\"decorated-link cursor-pointer\" href=\"mailto:info@fdasrl.it\" rel=\"noopener\" data-start=\"1676\" data-end=\"1715\">info@fdasrl.it<\/a><\/strong><\/p>\n<p data-start=\"1614\" data-end=\"1719\"><a href=\"https:\/\/fda-shop.it\/shop\/articoli-per-allevamento\/riflettori-e-infrarossi\/lampada-riscaldante-per-animali-interheat-par-100w#\/295-accessori_e_confezioni-confezione_2_pezzi\">\ud83d\udc49 <\/a><strong data-start=\"2134\" data-end=\"2186\">C\u00f3mprala ahora en nuestra tienda online FDA SRL &#8211;<\/strong><a href=\"https:\/\/fda-shop.it\/shop\/articoli-per-allevamento\/riflettori-e-infrarossi\/lampada-riscaldante-per-animali-interheat-par-100w#\/295-accessori_e_confezioni-confezione_2_pezzi\"><strong data-start=\"2134\" data-end=\"2186\"> HAZ CLIC AQU\u00cd<\/strong><\/a><\/p>\n<p>&nbsp;<\/p>\n<p>&nbsp;<\/p>\n","protected":false},"excerpt":{"rendered":"<p>L\u00e1mpara calefactora Interheat PAR100W 3G de infrarrojos, fabricada en vidrio prensado con reflector integrado. Potencia 100 W, casquillo E27, color rojo. Ofrece el mismo rendimiento que las l\u00e1mparas de 150 W con un ahorro energ\u00e9tico del 30 %. Ideal para lechones, pollitos, cachorros y animales peque\u00f1os.   <\/p>\n","protected":false},"featured_media":907,"comment_status":"open","ping_status":"closed","template":"","meta":{"_et_pb_use_builder":"","_et_pb_old_content":"","_et_gb_content_width":""},"product_brand":[],"product_cat":[650,651,648,649],"product_tag":[652],"class_list":{"0":"post-2769","1":"product","2":"type-product","3":"status-publish","4":"has-post-thumbnail","6":"product_cat-aves","7":"product_cat-calefaccion-para-animales","8":"product_cat-cerdos","9":"product_cat-lamparas-de-infrarrojos","10":"product_tag-fda-000061i","12":"first","13":"instock","14":"shipping-taxable","15":"product-type-simple"},"yoast_head":"<!-- This site is optimized with the Yoast SEO Premium plugin v27.5 (Yoast SEO v27.5) - https:\/\/yoast.com\/product\/yoast-seo-premium-wordpress\/ -->\n<title>L\u00e1mpara calefactora Interheat PAR100W 3G para lechones y pollitos<\/title>\n<meta name=\"description\" content=\"Ofrece calor y bienestar a tus animales con la l\u00e1mpara calefactora Interheat PAR100W 3G. \u00a1Eficiente y compacta, desc\u00fabrela ahora!\" \/>\n<meta name=\"robots\" content=\"index, follow, max-snippet:-1, max-image-preview:large, max-video-preview:-1\" \/>\n<link rel=\"canonical\" href=\"https:\/\/fdasrl.it\/es\/prodotto\/lampara-calefactora-para-animales-interheat-par-100w-3g\/\" \/>\n<meta property=\"og:locale\" content=\"es_ES\" \/>\n<meta property=\"og:type\" content=\"article\" \/>\n<meta property=\"og:title\" content=\"L\u00e1mpara calefactora para animales Interheat PAR 100W 3G\" \/>\n<meta property=\"og:description\" content=\"Ofrece calor y bienestar a tus animales con la l\u00e1mpara calefactora Interheat PAR100W 3G. \u00a1Eficiente y compacta, desc\u00fabrela ahora!\" \/>\n<meta property=\"og:url\" content=\"https:\/\/fdasrl.it\/es\/prodotto\/lampara-calefactora-para-animales-interheat-par-100w-3g\/\" \/>\n<meta property=\"og:site_name\" content=\"FDA srl\" \/>\n<meta property=\"article:publisher\" content=\"https:\/\/www.facebook.com\/share\/1MWhFWg1Tp\/?mibextid=LQQJ4d\" \/>\n<meta property=\"og:image\" content=\"https:\/\/fdasrl.it\/wp-content\/uploads\/2025\/08\/lampada-riscaldante-interheat-par100w-3g-1.webp\" \/>\n\t<meta property=\"og:image:width\" content=\"750\" \/>\n\t<meta property=\"og:image:height\" content=\"750\" \/>\n\t<meta property=\"og:image:type\" content=\"image\/webp\" \/>\n<meta name=\"twitter:card\" content=\"summary_large_image\" \/>\n<meta name=\"twitter:label1\" content=\"Precio\" \/>\n\t<meta name=\"twitter:data1\" content=\"\" \/>\n\t<meta name=\"twitter:label2\" content=\"Disponibilidad\" \/>\n\t<meta name=\"twitter:data2\" content=\"Disponible\" \/>\n<meta property=\"product:price:currency\" content=\"EUR\" \/>\n<meta property=\"og:availability\" content=\"instock\" \/>\n<meta property=\"product:availability\" content=\"instock\" \/>\n<meta property=\"product:retailer_item_id\" content=\"FDA-000061-1\" \/>\n<meta property=\"product:condition\" content=\"new\" \/>\n<!-- \/ Yoast SEO Premium plugin. -->","yoast_head_json":{"title":"L\u00e1mpara calefactora Interheat PAR100W 3G para lechones y pollitos","description":"Ofrece calor y bienestar a tus animales con la l\u00e1mpara calefactora Interheat PAR100W 3G. \u00a1Eficiente y compacta, desc\u00fabrela ahora!","robots":{"index":"index","follow":"follow","max-snippet":"max-snippet:-1","max-image-preview":"max-image-preview:large","max-video-preview":"max-video-preview:-1"},"canonical":"https:\/\/fdasrl.it\/es\/prodotto\/lampara-calefactora-para-animales-interheat-par-100w-3g\/","og_locale":"es_ES","og_type":"article","og_title":"L\u00e1mpara calefactora para animales Interheat PAR 100W 3G","og_description":"Ofrece calor y bienestar a tus animales con la l\u00e1mpara calefactora Interheat PAR100W 3G. \u00a1Eficiente y compacta, desc\u00fabrela ahora!","og_url":"https:\/\/fdasrl.it\/es\/prodotto\/lampara-calefactora-para-animales-interheat-par-100w-3g\/","og_site_name":"FDA srl","article_publisher":"https:\/\/www.facebook.com\/share\/1MWhFWg1Tp\/?mibextid=LQQJ4d","og_image":[{"width":750,"height":750,"url":"https:\/\/fdasrl.it\/wp-content\/uploads\/2025\/08\/lampada-riscaldante-interheat-par100w-3g-1.webp","type":"image\/webp"}],"twitter_card":"summary_large_image","twitter_misc":{"Precio":"","Disponibilidad":"Disponible"},"schema":{"@context":"https:\/\/schema.org","@graph":[{"@type":"WebPage","@id":"https:\/\/fdasrl.it\/es\/prodotto\/lampara-calefactora-para-animales-interheat-par-100w-3g\/","url":"https:\/\/fdasrl.it\/es\/prodotto\/lampara-calefactora-para-animales-interheat-par-100w-3g\/","name":"L\u00e1mpara calefactora Interheat PAR100W 3G para lechones y pollitos","isPartOf":{"@id":"https:\/\/fdasrl.it\/es\/#website"},"primaryImageOfPage":{"@id":"https:\/\/fdasrl.it\/es\/prodotto\/lampara-calefactora-para-animales-interheat-par-100w-3g\/#primaryimage"},"image":{"@id":"https:\/\/fdasrl.it\/es\/prodotto\/lampara-calefactora-para-animales-interheat-par-100w-3g\/#primaryimage"},"thumbnailUrl":"https:\/\/fdasrl.it\/wp-content\/uploads\/2025\/08\/lampada-riscaldante-interheat-par100w-3g-1.webp","datePublished":"2025-08-26T14:13:25+00:00","description":"Ofrece calor y bienestar a tus animales con la l\u00e1mpara calefactora Interheat PAR100W 3G. \u00a1Eficiente y compacta, desc\u00fabrela ahora!","breadcrumb":{"@id":"https:\/\/fdasrl.it\/es\/prodotto\/lampara-calefactora-para-animales-interheat-par-100w-3g\/#breadcrumb"},"inLanguage":"es","potentialAction":[{"@type":"ReadAction","target":["https:\/\/fdasrl.it\/es\/prodotto\/lampara-calefactora-para-animales-interheat-par-100w-3g\/"]}]},{"@type":"ImageObject","inLanguage":"es","@id":"https:\/\/fdasrl.it\/es\/prodotto\/lampara-calefactora-para-animales-interheat-par-100w-3g\/#primaryimage","url":"https:\/\/fdasrl.it\/wp-content\/uploads\/2025\/08\/lampada-riscaldante-interheat-par100w-3g-1.webp","contentUrl":"https:\/\/fdasrl.it\/wp-content\/uploads\/2025\/08\/lampada-riscaldante-interheat-par100w-3g-1.webp","width":750,"height":750,"caption":"L\u00e1mpara calefactora Interheat PAR100W 3G, 100 W, color rojo, de vidrio prensado. Ideal para animales de granja."},{"@type":"BreadcrumbList","@id":"https:\/\/fdasrl.it\/es\/prodotto\/lampara-calefactora-para-animales-interheat-par-100w-3g\/#breadcrumb","itemListElement":[{"@type":"ListItem","position":1,"name":"Home","item":"https:\/\/fdasrl.it\/es\/inicio\/"},{"@type":"ListItem","position":2,"name":"Tienda","item":"https:\/\/fdasrl.it\/es\/tienda\/"},{"@type":"ListItem","position":3,"name":"L\u00e1mpara calefactora para animales Interheat PAR 100W 3G"}]},{"@type":"WebSite","@id":"https:\/\/fdasrl.it\/es\/#website","url":"https:\/\/fdasrl.it\/es\/","name":"FDA srl","description":"Equipment for animal husbandry","publisher":{"@id":"https:\/\/fdasrl.it\/es\/#organization"},"potentialAction":[{"@type":"SearchAction","target":{"@type":"EntryPoint","urlTemplate":"https:\/\/fdasrl.it\/es\/?s={search_term_string}"},"query-input":{"@type":"PropertyValueSpecification","valueRequired":true,"valueName":"search_term_string"}}],"inLanguage":"es"},{"@type":"Organization","@id":"https:\/\/fdasrl.it\/es\/#organization","name":"FDA srl","url":"https:\/\/fdasrl.it\/es\/","logo":{"@type":"ImageObject","inLanguage":"es","@id":"https:\/\/fdasrl.it\/es\/#\/schema\/logo\/image\/","url":"https:\/\/fdasrl.it\/wp-content\/uploads\/2024\/12\/Logo-FDA.png","contentUrl":"https:\/\/fdasrl.it\/wp-content\/uploads\/2024\/12\/Logo-FDA.png","width":316,"height":119,"caption":"FDA srl"},"image":{"@id":"https:\/\/fdasrl.it\/es\/#\/schema\/logo\/image\/"},"sameAs":["https:\/\/www.facebook.com\/share\/1MWhFWg1Tp\/?mibextid=LQQJ4d","https:\/\/www.instagram.com\/fda_srl\/profilecard\/?igsh=YW5lbzJ6MWg0d21u","https:\/\/www.youtube.com\/@FDASRL_ANIMALCARE"],"description":"FDA SRL \u2013 Equipment for animal husbandry nasce con l\u2019obiettivo di offrire soluzioni affidabili e innovative per l\u2019allevamento moderno. Con anni di esperienza nel settore zootecnico, progettiamo e realizziamo attrezzature destinate al benessere animale e alla gestione efficiente delle stalle: vasche, abbeveratoi, mangiatoie e sistemi di riscaldamento pensati per durare nel tempo e semplificare il lavoro quotidiano degli allevatori. Dalla progettazione alla produzione, ogni nostro prodotto \u00e8 studiato nei minimi dettagli, testato con cura e costruito per rispondere alle esigenze reali del settore. La nostra forza \u00e8 unire artigianalit\u00e0, tecnologia e competenza tecnica per trasformare ogni progetto in una soluzione concreta e funzionale. Oggi FDA SRL \u00e8 un punto di riferimento per privati e rivenditori che cercano qualit\u00e0, affidabilit\u00e0 e innovazione nelle attrezzature per l\u2019allevamento.","email":"info@fdasrl.it","telephone":"+390522826820","legalName":"F.D.A. SRL","foundingDate":"2024-10-13","vatID":"03075840359","taxID":"03075840359","numberOfEmployees":{"@type":"QuantitativeValue","minValue":"1","maxValue":"10"}}]},"product_price_currency":"EUR","og_availability":"instock","product_availability":"instock","product_retailer_item_id":"FDA-000061-1","product_condition":"new"},"_links":{"self":[{"href":"https:\/\/fdasrl.it\/es\/wp-json\/wp\/v2\/product\/2769","targetHints":{"allow":["GET"]}}],"collection":[{"href":"https:\/\/fdasrl.it\/es\/wp-json\/wp\/v2\/product"}],"about":[{"href":"https:\/\/fdasrl.it\/es\/wp-json\/wp\/v2\/types\/product"}],"replies":[{"embeddable":true,"href":"https:\/\/fdasrl.it\/es\/wp-json\/wp\/v2\/comments?post=2769"}],"wp:featuredmedia":[{"embeddable":true,"href":"https:\/\/fdasrl.it\/es\/wp-json\/wp\/v2\/media\/907"}],"wp:attachment":[{"href":"https:\/\/fdasrl.it\/es\/wp-json\/wp\/v2\/media?parent=2769"}],"wp:term":[{"taxonomy":"product_brand","embeddable":true,"href":"https:\/\/fdasrl.it\/es\/wp-json\/wp\/v2\/product_brand?post=2769"},{"taxonomy":"product_cat","embeddable":true,"href":"https:\/\/fdasrl.it\/es\/wp-json\/wp\/v2\/product_cat?post=2769"},{"taxonomy":"product_tag","embeddable":true,"href":"https:\/\/fdasrl.it\/es\/wp-json\/wp\/v2\/product_tag?post=2769"}],"curies":[{"name":"wp","href":"https:\/\/api.w.org\/{rel}","templated":true}]}}