{"id":2802,"date":"2025-01-21T13:28:10","date_gmt":"2025-01-21T12:28:10","guid":{"rendered":"https:\/\/fdasrl.it\/prodotto\/colector-cabras-ovejas\/"},"modified":"2025-01-21T13:28:10","modified_gmt":"2025-01-21T12:28:10","slug":"colector-cabras-ovejas","status":"publish","type":"product","link":"https:\/\/fdasrl.it\/es\/prodotto\/colector-cabras-ovejas\/","title":{"rendered":"Colector cabras ovejas"},"content":{"rendered":"<h3>Colector cabras ovejas 13300 para orde\u00f1adora.<\/h3>\n<p class=\"\" data-start=\"393\" data-end=\"612\">Fabricado en <strong data-start=\"407\" data-end=\"447\">material alimentario de alta calidad<\/strong>, <strong data-start=\"449\" data-end=\"461\">no t\u00f3xico<\/strong> y <strong data-start=\"464\" data-end=\"488\">resistente al desgaste<\/strong>, este accesorio para orde\u00f1adora est\u00e1 dise\u00f1ado para garantizar la <strong data-start=\"550\" data-end=\"580\">m\u00e1xima seguridad higi\u00e9nica<\/strong> y una <strong data-start=\"583\" data-end=\"609\">larga vida \u00fatil<\/strong>.<\/p>\n<p class=\"\" data-start=\"393\" data-end=\"612\">Compatible con <strong data-start=\"630\" data-end=\"681\">todos los grupos de orde\u00f1o para ovinos y caprinos<\/strong>, es ideal para su uso en <strong data-start=\"705\" data-end=\"737\">carros de orde\u00f1o m\u00f3viles<\/strong> y en <strong data-start=\"743\" data-end=\"761\">instalaciones fijas<\/strong>, asegurando <strong data-start=\"775\" data-end=\"800\">versatilidad operativa<\/strong> en cada tipo de explotaci\u00f3n.<\/p>\n<p class=\"\" data-start=\"831\" data-end=\"993\">Espec\u00edficamente concebido para la <strong data-start=\"863\" data-end=\"903\">recogida de leche de ovejas y cabras<\/strong>, representa un <strong data-start=\"920\" data-end=\"943\">repuesto esencial<\/strong> para el correcto funcionamiento de la orde\u00f1adora.<\/p>\n<p class=\"\" data-start=\"995\" data-end=\"1156\">Su <strong data-start=\"1002\" data-end=\"1022\">dise\u00f1o intuitivo<\/strong> y funcional permite un <strong data-start=\"1048\" data-end=\"1068\">uso pr\u00e1ctico<\/strong>, facilitando las operaciones diarias de orde\u00f1o y reduciendo los tiempos de mantenimiento.<\/p>\n<hr class=\"\" data-start=\"1158\" data-end=\"1161\">\n<h4 class=\"\" data-start=\"1163\" data-end=\"1195\">Caracter\u00edsticas principales:<\/h4>\n<ul data-start=\"1196\" data-end=\"1412\">\n<li class=\"\" data-start=\"1196\" data-end=\"1238\">\n<p class=\"\" data-start=\"1198\" data-end=\"1238\">Material certificado para uso alimentario<\/p>\n<\/li>\n<li class=\"\" data-start=\"1239\" data-end=\"1297\">\n<p class=\"\" data-start=\"1241\" data-end=\"1297\">Compatibilidad universal con grupos de orde\u00f1o ovicaprinos<\/p>\n<\/li>\n<li class=\"\" data-start=\"1298\" data-end=\"1343\">\n<p class=\"\" data-start=\"1300\" data-end=\"1343\">Apto para instalaciones fijas y carros m\u00f3viles<\/p>\n<\/li>\n<li class=\"\" data-start=\"1344\" data-end=\"1376\">\n<p class=\"\" data-start=\"1346\" data-end=\"1376\">Alta resistencia y larga duraci\u00f3n<\/p>\n<\/li>\n<li class=\"\" data-start=\"1377\" data-end=\"1412\">\n<p class=\"\" data-start=\"1379\" data-end=\"1412\">F\u00e1cil de instalar y utilizar<\/p>\n<\/li>\n<\/ul>\n<p>C\u00f3mpralo en nuestra <a href=\"https:\/\/fda-shop.it\/shop\/mungitura\/collettore-per-capre-o-pecore\" target=\"_blank\" rel=\"noopener\">tienda online<\/a><\/p>\n","protected":false},"excerpt":{"rendered":"<p>El colector para cabra\/oveja es compatible con todos los grupos de orde\u00f1o para ovejas y cabras, es ideal para su uso tanto en sistemas m\u00f3viles (carros de orde\u00f1o) como en instalaciones fijas.<br data-start=\"458\" data-end=\"461\">Espec\u00edficamente concebido para la recogida de leche, representa un accesorio esencial para orde\u00f1adoras destinadas a ovinos y caprinos.<\/p>\n","protected":false},"featured_media":630,"comment_status":"open","ping_status":"closed","template":"","meta":{"_et_pb_use_builder":"","_et_pb_old_content":"","_et_gb_content_width":""},"product_brand":[],"product_cat":[498],"product_tag":[668],"class_list":{"0":"post-2802","1":"product","2":"type-product","3":"status-publish","4":"has-post-thumbnail","6":"product_cat-accesorios-para-ordenadoras","7":"product_tag-668","9":"first","10":"instock","11":"shipping-taxable","12":"product-type-simple"},"yoast_head":"<!-- This site is optimized with the Yoast SEO Premium plugin v27.5 (Yoast SEO v27.5) - https:\/\/yoast.com\/product\/yoast-seo-premium-wordpress\/ -->\n<title>Colector Cabras Ovejas Grupo de Orde\u00f1o - Alta Calidad - FDA srl<\/title>\n<meta name=\"description\" content=\"Recoge la leche de forma sencilla y pr\u00e1ctica con el colector para cabras y ovejas del grupo de orde\u00f1o. \u00a1Fabricado en material de alta calidad y duradero!\" \/>\n<meta name=\"robots\" content=\"index, follow, max-snippet:-1, max-image-preview:large, max-video-preview:-1\" \/>\n<link rel=\"canonical\" href=\"https:\/\/fdasrl.it\/es\/prodotto\/colector-cabras-ovejas\/\" \/>\n<meta property=\"og:locale\" content=\"es_ES\" \/>\n<meta property=\"og:type\" content=\"article\" \/>\n<meta property=\"og:title\" content=\"Colector cabras ovejas\" \/>\n<meta property=\"og:description\" content=\"Recoge la leche de forma sencilla y pr\u00e1ctica con el colector para cabras y ovejas del grupo de orde\u00f1o. \u00a1Fabricado en material de alta calidad y duradero!\" \/>\n<meta property=\"og:url\" content=\"https:\/\/fdasrl.it\/es\/prodotto\/colector-cabras-ovejas\/\" \/>\n<meta property=\"og:site_name\" content=\"FDA srl\" \/>\n<meta property=\"article:publisher\" content=\"https:\/\/www.facebook.com\/share\/1MWhFWg1Tp\/?mibextid=LQQJ4d\" \/>\n<meta property=\"og:image\" content=\"https:\/\/fdasrl.it\/wp-content\/uploads\/2025\/01\/Collettore-capre-pecore-mungitura-FDA.png\" \/>\n\t<meta property=\"og:image:width\" content=\"1001\" \/>\n\t<meta property=\"og:image:height\" content=\"900\" \/>\n\t<meta property=\"og:image:type\" content=\"image\/png\" \/>\n<meta name=\"twitter:card\" content=\"summary_large_image\" \/>\n<meta name=\"twitter:label1\" content=\"Precio\" \/>\n\t<meta name=\"twitter:data1\" content=\"\" \/>\n\t<meta name=\"twitter:label2\" content=\"Disponibilidad\" \/>\n\t<meta name=\"twitter:data2\" content=\"Disponible\" \/>\n<meta property=\"product:price:currency\" content=\"EUR\" \/>\n<meta property=\"og:availability\" content=\"instock\" \/>\n<meta property=\"product:availability\" content=\"instock\" \/>\n<meta property=\"product:retailer_item_id\" content=\"13300\" \/>\n<meta property=\"product:condition\" content=\"new\" \/>\n<!-- \/ Yoast SEO Premium plugin. -->","yoast_head_json":{"title":"Colector Cabras Ovejas Grupo de Orde\u00f1o - Alta Calidad - FDA srl","description":"Recoge la leche de forma sencilla y pr\u00e1ctica con el colector para cabras y ovejas del grupo de orde\u00f1o. \u00a1Fabricado en material de alta calidad y duradero!","robots":{"index":"index","follow":"follow","max-snippet":"max-snippet:-1","max-image-preview":"max-image-preview:large","max-video-preview":"max-video-preview:-1"},"canonical":"https:\/\/fdasrl.it\/es\/prodotto\/colector-cabras-ovejas\/","og_locale":"es_ES","og_type":"article","og_title":"Colector cabras ovejas","og_description":"Recoge la leche de forma sencilla y pr\u00e1ctica con el colector para cabras y ovejas del grupo de orde\u00f1o. \u00a1Fabricado en material de alta calidad y duradero!","og_url":"https:\/\/fdasrl.it\/es\/prodotto\/colector-cabras-ovejas\/","og_site_name":"FDA srl","article_publisher":"https:\/\/www.facebook.com\/share\/1MWhFWg1Tp\/?mibextid=LQQJ4d","og_image":[{"width":1001,"height":900,"url":"https:\/\/fdasrl.it\/wp-content\/uploads\/2025\/01\/Collettore-capre-pecore-mungitura-FDA.png","type":"image\/png"}],"twitter_card":"summary_large_image","twitter_misc":{"Precio":"","Disponibilidad":"Disponible"},"schema":{"@context":"https:\/\/schema.org","@graph":[{"@type":"WebPage","@id":"https:\/\/fdasrl.it\/es\/prodotto\/colector-cabras-ovejas\/","url":"https:\/\/fdasrl.it\/es\/prodotto\/colector-cabras-ovejas\/","name":"Colector Cabras Ovejas Grupo de Orde\u00f1o - Alta Calidad - FDA srl","isPartOf":{"@id":"https:\/\/fdasrl.it\/es\/#website"},"primaryImageOfPage":{"@id":"https:\/\/fdasrl.it\/es\/prodotto\/colector-cabras-ovejas\/#primaryimage"},"image":{"@id":"https:\/\/fdasrl.it\/es\/prodotto\/colector-cabras-ovejas\/#primaryimage"},"thumbnailUrl":"https:\/\/fdasrl.it\/wp-content\/uploads\/2025\/01\/Collettore-capre-pecore-mungitura-FDA.png","datePublished":"2025-01-21T12:28:10+00:00","description":"Recoge la leche de forma sencilla y pr\u00e1ctica con el colector para cabras y ovejas del grupo de orde\u00f1o. \u00a1Fabricado en material de alta calidad y duradero!","breadcrumb":{"@id":"https:\/\/fdasrl.it\/es\/prodotto\/colector-cabras-ovejas\/#breadcrumb"},"inLanguage":"es","potentialAction":[{"@type":"ReadAction","target":["https:\/\/fdasrl.it\/es\/prodotto\/colector-cabras-ovejas\/"]}]},{"@type":"ImageObject","inLanguage":"es","@id":"https:\/\/fdasrl.it\/es\/prodotto\/colector-cabras-ovejas\/#primaryimage","url":"https:\/\/fdasrl.it\/wp-content\/uploads\/2025\/01\/Collettore-capre-pecore-mungitura-FDA.png","contentUrl":"https:\/\/fdasrl.it\/wp-content\/uploads\/2025\/01\/Collettore-capre-pecore-mungitura-FDA.png","width":1001,"height":900,"caption":"Colector-cabras-ovejas-orde\u00f1o-13300-FDA"},{"@type":"BreadcrumbList","@id":"https:\/\/fdasrl.it\/es\/prodotto\/colector-cabras-ovejas\/#breadcrumb","itemListElement":[{"@type":"ListItem","position":1,"name":"Home","item":"https:\/\/fdasrl.it\/es\/inicio\/"},{"@type":"ListItem","position":2,"name":"Tienda","item":"https:\/\/fdasrl.it\/es\/tienda\/"},{"@type":"ListItem","position":3,"name":"Colector cabras ovejas"}]},{"@type":"WebSite","@id":"https:\/\/fdasrl.it\/es\/#website","url":"https:\/\/fdasrl.it\/es\/","name":"FDA srl","description":"Equipment for animal husbandry","publisher":{"@id":"https:\/\/fdasrl.it\/es\/#organization"},"potentialAction":[{"@type":"SearchAction","target":{"@type":"EntryPoint","urlTemplate":"https:\/\/fdasrl.it\/es\/?s={search_term_string}"},"query-input":{"@type":"PropertyValueSpecification","valueRequired":true,"valueName":"search_term_string"}}],"inLanguage":"es"},{"@type":"Organization","@id":"https:\/\/fdasrl.it\/es\/#organization","name":"FDA srl","url":"https:\/\/fdasrl.it\/es\/","logo":{"@type":"ImageObject","inLanguage":"es","@id":"https:\/\/fdasrl.it\/es\/#\/schema\/logo\/image\/","url":"https:\/\/fdasrl.it\/wp-content\/uploads\/2024\/12\/Logo-FDA.png","contentUrl":"https:\/\/fdasrl.it\/wp-content\/uploads\/2024\/12\/Logo-FDA.png","width":316,"height":119,"caption":"FDA srl"},"image":{"@id":"https:\/\/fdasrl.it\/es\/#\/schema\/logo\/image\/"},"sameAs":["https:\/\/www.facebook.com\/share\/1MWhFWg1Tp\/?mibextid=LQQJ4d","https:\/\/www.instagram.com\/fda_srl\/profilecard\/?igsh=YW5lbzJ6MWg0d21u","https:\/\/www.youtube.com\/@FDASRL_ANIMALCARE"],"description":"FDA SRL \u2013 Equipment for animal husbandry nasce con l\u2019obiettivo di offrire soluzioni affidabili e innovative per l\u2019allevamento moderno. Con anni di esperienza nel settore zootecnico, progettiamo e realizziamo attrezzature destinate al benessere animale e alla gestione efficiente delle stalle: vasche, abbeveratoi, mangiatoie e sistemi di riscaldamento pensati per durare nel tempo e semplificare il lavoro quotidiano degli allevatori. Dalla progettazione alla produzione, ogni nostro prodotto \u00e8 studiato nei minimi dettagli, testato con cura e costruito per rispondere alle esigenze reali del settore. La nostra forza \u00e8 unire artigianalit\u00e0, tecnologia e competenza tecnica per trasformare ogni progetto in una soluzione concreta e funzionale. Oggi FDA SRL \u00e8 un punto di riferimento per privati e rivenditori che cercano qualit\u00e0, affidabilit\u00e0 e innovazione nelle attrezzature per l\u2019allevamento.","email":"info@fdasrl.it","telephone":"+390522826820","legalName":"F.D.A. SRL","foundingDate":"2024-10-13","vatID":"03075840359","taxID":"03075840359","numberOfEmployees":{"@type":"QuantitativeValue","minValue":"1","maxValue":"10"}}]},"product_price_currency":"EUR","og_availability":"instock","product_availability":"instock","product_retailer_item_id":"13300","product_condition":"new"},"_links":{"self":[{"href":"https:\/\/fdasrl.it\/es\/wp-json\/wp\/v2\/product\/2802","targetHints":{"allow":["GET"]}}],"collection":[{"href":"https:\/\/fdasrl.it\/es\/wp-json\/wp\/v2\/product"}],"about":[{"href":"https:\/\/fdasrl.it\/es\/wp-json\/wp\/v2\/types\/product"}],"replies":[{"embeddable":true,"href":"https:\/\/fdasrl.it\/es\/wp-json\/wp\/v2\/comments?post=2802"}],"wp:featuredmedia":[{"embeddable":true,"href":"https:\/\/fdasrl.it\/es\/wp-json\/wp\/v2\/media\/630"}],"wp:attachment":[{"href":"https:\/\/fdasrl.it\/es\/wp-json\/wp\/v2\/media?parent=2802"}],"wp:term":[{"taxonomy":"product_brand","embeddable":true,"href":"https:\/\/fdasrl.it\/es\/wp-json\/wp\/v2\/product_brand?post=2802"},{"taxonomy":"product_cat","embeddable":true,"href":"https:\/\/fdasrl.it\/es\/wp-json\/wp\/v2\/product_cat?post=2802"},{"taxonomy":"product_tag","embeddable":true,"href":"https:\/\/fdasrl.it\/es\/wp-json\/wp\/v2\/product_tag?post=2802"}],"curies":[{"name":"wp","href":"https:\/\/api.w.org\/{rel}","templated":true}]}}