{"id":2909,"date":"2025-01-21T13:15:41","date_gmt":"2025-01-21T12:15:41","guid":{"rendered":"https:\/\/fdasrl.it\/prodotto\/bidon-para-ordeno-y-transporte-de-leche-caprino-y-ovino\/"},"modified":"2025-01-21T13:15:41","modified_gmt":"2025-01-21T12:15:41","slug":"bidon-para-ordeno-y-transporte-de-leche-caprino-y-ovino","status":"publish","type":"product","link":"https:\/\/fdasrl.it\/es\/prodotto\/bidon-para-ordeno-y-transporte-de-leche-caprino-y-ovino\/","title":{"rendered":"BID\u00d3N PARA ORDE\u00d1O Y TRANSPORTE DE LECHE CAPRINO Y OVINO"},"content":{"rendered":"<h2 data-start=\"113\" data-end=\"198\">Cubo Bid\u00f3n Orde\u00f1ador de Acero Inoxidable 30 L para Caprino y Ovino \u2013 Doble Grupo<\/h2>\n<p data-start=\"200\" data-end=\"527\">El <strong data-start=\"203\" data-end=\"252\">cubo orde\u00f1ador de acero inoxidable de 30 litros<\/strong> es una herramienta esencial para el orde\u00f1o profesional y diario de <strong data-start=\"327\" data-end=\"345\">cabras y ovejas<\/strong>.<br data-start=\"346\" data-end=\"349\">Fabricado en <strong data-start=\"363\" data-end=\"388\">acero inoxidable AISI 304<\/strong> de uso alimentario, asegura elevados est\u00e1ndares higi\u00e9nicos, resistencia a la corrosi\u00f3n y larga duraci\u00f3n, incluso en entornos ganaderos intensivos.<\/p>\n<p data-start=\"529\" data-end=\"787\">Este modelo est\u00e1 dise\u00f1ado para funcionar con <strong data-start=\"576\" data-end=\"598\">2 grupos de orde\u00f1o<\/strong>, ofreciendo mayor eficiencia y ahorro de tiempo respecto a los sistemas de un solo grupo. El cubo est\u00e1 dotado de un <strong data-start=\"715\" data-end=\"735\">asa robusta<\/strong> que facilita su transporte, incluso a plena carga. <\/p>\n<p data-start=\"789\" data-end=\"814\">El kit est\u00e1 <strong data-start=\"798\" data-end=\"813\">completo con<\/strong>:<\/p>\n<ul data-start=\"815\" data-end=\"1142\">\n<li data-start=\"815\" data-end=\"862\">\n<p data-start=\"817\" data-end=\"862\">Tapa de acero inoxidable con acoples r\u00e1pidos<\/p>\n<\/li>\n<li data-start=\"863\" data-end=\"932\">\n<p data-start=\"865\" data-end=\"932\">Pulsador neum\u00e1tico (frecuencia 50\/50 para ovejas o 60\/40 para cabras)<\/p>\n<\/li>\n<li data-start=\"933\" data-end=\"981\">\n<p data-start=\"935\" data-end=\"981\">2 colectores con v\u00e1lvula de apertura y cierre<\/p>\n<\/li>\n<li data-start=\"982\" data-end=\"1044\">\n<p data-start=\"984\" data-end=\"1044\">C\u00e1nulas de material resistente con v\u00e1lvulas semiautom\u00e1ticas<\/p>\n<\/li>\n<li data-start=\"1045\" data-end=\"1069\">\n<p data-start=\"1047\" data-end=\"1069\">Pezoneras de silicona<\/p>\n<\/li>\n<li data-start=\"1070\" data-end=\"1142\">\n<p data-start=\"1072\" data-end=\"1142\">Tuber\u00edas de <strong data-start=\"1085\" data-end=\"1124\">crystal alimentario extra reforzado<\/strong> para leche y vac\u00edo<\/p>\n<\/li>\n<\/ul>\n<blockquote data-start=\"1144\" data-end=\"1238\">\n<p data-start=\"1146\" data-end=\"1238\">\u26a0\ufe0f <strong data-start=\"1149\" data-end=\"1163\">Atenci\u00f3n<\/strong>: el sistema requiere una <strong data-start=\"1189\" data-end=\"1216\">bomba de vac\u00edo externa<\/strong>, no incluida en el kit.<\/p>\n<\/blockquote>\n<p data-start=\"1240\" data-end=\"1463\">Ideal para <strong data-start=\"1251\" data-end=\"1274\">peque\u00f1as explotaciones<\/strong>, orde\u00f1o m\u00f3vil o <strong data-start=\"1295\" data-end=\"1341\">producci\u00f3n artesanal de leche y derivados<\/strong> (quesos, yogur, etc.).<br data-start=\"1367\" data-end=\"1370\">Herramienta fiable, f\u00e1cil de usar y compatible con instalaciones de orde\u00f1o port\u00e1tiles o fijas.<\/p>\n<hr data-start=\"1282\" data-end=\"1285\">\n<p data-start=\"1287\" data-end=\"1336\">\ud83d\uded2 <strong data-start=\"1290\" data-end=\"1336\">C\u00f3mpralo ahora en nuestra <\/strong><a href=\"https:\/\/fda-shop.it\/shop\/mungitura\/secchio-mungitore-in-acciaio-inox-per-capra-o-pecora\" target=\"_blank\" rel=\"noopener\">tienda online<\/a><\/p>\n","protected":false},"excerpt":{"rendered":"<p>Cubo orde\u00f1ador inox de 30 l para ovino y caprino de leche, completo con accesorios.<\/p>\n","protected":false},"featured_media":476,"comment_status":"open","ping_status":"closed","template":"","meta":{"_et_pb_use_builder":"","_et_pb_old_content":"","_et_gb_content_width":""},"product_brand":[],"product_cat":[498],"product_tag":[710],"class_list":{"0":"post-2909","1":"product","2":"type-product","3":"status-publish","4":"has-post-thumbnail","6":"product_cat-accesorios-para-ordenadoras","7":"product_tag-facm19300","9":"first","10":"instock","11":"shipping-taxable","12":"product-type-simple"},"yoast_head":"<!-- This site is optimized with the Yoast SEO Premium plugin v27.5 (Yoast SEO v27.5) - https:\/\/yoast.com\/product\/yoast-seo-premium-wordpress\/ -->\n<title>cubo orde\u00f1ador de acero inoxidable ovino caprino de 30L - FDA srl<\/title>\n<meta name=\"description\" content=\"Descubre el cubo orde\u00f1ador de acero inoxidable ovino caprino, dise\u00f1ado para un orde\u00f1o profesional e higi\u00e9nico. \u00a1No pierdas la oportunidad, c\u00f3mpralo ahora!\" \/>\n<meta name=\"robots\" content=\"index, follow, max-snippet:-1, max-image-preview:large, max-video-preview:-1\" \/>\n<link rel=\"canonical\" href=\"https:\/\/fdasrl.it\/es\/prodotto\/bidon-para-ordeno-y-transporte-de-leche-caprino-y-ovino\/\" \/>\n<meta property=\"og:locale\" content=\"es_ES\" \/>\n<meta property=\"og:type\" content=\"article\" \/>\n<meta property=\"og:title\" content=\"BID\u00d3N PARA ORDE\u00d1O Y TRANSPORTE DE LECHE CAPRINO Y OVINO\" \/>\n<meta property=\"og:description\" content=\"Descubre el cubo orde\u00f1ador de acero inoxidable ovino caprino, dise\u00f1ado para un orde\u00f1o profesional e higi\u00e9nico. \u00a1No pierdas la oportunidad, c\u00f3mpralo ahora!\" \/>\n<meta property=\"og:url\" content=\"https:\/\/fdasrl.it\/es\/prodotto\/bidon-para-ordeno-y-transporte-de-leche-caprino-y-ovino\/\" \/>\n<meta property=\"og:site_name\" content=\"FDA srl\" \/>\n<meta property=\"article:publisher\" content=\"https:\/\/www.facebook.com\/share\/1MWhFWg1Tp\/?mibextid=LQQJ4d\" \/>\n<meta property=\"og:image\" content=\"https:\/\/fdasrl.it\/wp-content\/uploads\/2025\/01\/FACM19300.jpg\" \/>\n\t<meta property=\"og:image:width\" content=\"600\" \/>\n\t<meta property=\"og:image:height\" content=\"800\" \/>\n\t<meta property=\"og:image:type\" content=\"image\/jpeg\" \/>\n<meta name=\"twitter:card\" content=\"summary_large_image\" \/>\n<meta name=\"twitter:label1\" content=\"Precio\" \/>\n\t<meta name=\"twitter:data1\" content=\"\" \/>\n\t<meta name=\"twitter:label2\" content=\"Disponibilidad\" \/>\n\t<meta name=\"twitter:data2\" content=\"Disponible\" \/>\n<meta property=\"product:price:currency\" content=\"EUR\" \/>\n<meta property=\"og:availability\" content=\"instock\" \/>\n<meta property=\"product:availability\" content=\"instock\" \/>\n<meta property=\"product:retailer_item_id\" content=\"FACM19300\" \/>\n<meta property=\"product:condition\" content=\"new\" \/>\n<!-- \/ Yoast SEO Premium plugin. -->","yoast_head_json":{"title":"cubo orde\u00f1ador de acero inoxidable ovino caprino de 30L - FDA srl","description":"Descubre el cubo orde\u00f1ador de acero inoxidable ovino caprino, dise\u00f1ado para un orde\u00f1o profesional e higi\u00e9nico. \u00a1No pierdas la oportunidad, c\u00f3mpralo ahora!","robots":{"index":"index","follow":"follow","max-snippet":"max-snippet:-1","max-image-preview":"max-image-preview:large","max-video-preview":"max-video-preview:-1"},"canonical":"https:\/\/fdasrl.it\/es\/prodotto\/bidon-para-ordeno-y-transporte-de-leche-caprino-y-ovino\/","og_locale":"es_ES","og_type":"article","og_title":"BID\u00d3N PARA ORDE\u00d1O Y TRANSPORTE DE LECHE CAPRINO Y OVINO","og_description":"Descubre el cubo orde\u00f1ador de acero inoxidable ovino caprino, dise\u00f1ado para un orde\u00f1o profesional e higi\u00e9nico. \u00a1No pierdas la oportunidad, c\u00f3mpralo ahora!","og_url":"https:\/\/fdasrl.it\/es\/prodotto\/bidon-para-ordeno-y-transporte-de-leche-caprino-y-ovino\/","og_site_name":"FDA srl","article_publisher":"https:\/\/www.facebook.com\/share\/1MWhFWg1Tp\/?mibextid=LQQJ4d","og_image":[{"width":600,"height":800,"url":"https:\/\/fdasrl.it\/wp-content\/uploads\/2025\/01\/FACM19300.jpg","type":"image\/jpeg"}],"twitter_card":"summary_large_image","twitter_misc":{"Precio":"","Disponibilidad":"Disponible"},"schema":{"@context":"https:\/\/schema.org","@graph":[{"@type":"WebPage","@id":"https:\/\/fdasrl.it\/es\/prodotto\/bidon-para-ordeno-y-transporte-de-leche-caprino-y-ovino\/","url":"https:\/\/fdasrl.it\/es\/prodotto\/bidon-para-ordeno-y-transporte-de-leche-caprino-y-ovino\/","name":"cubo orde\u00f1ador de acero inoxidable ovino caprino de 30L - FDA srl","isPartOf":{"@id":"https:\/\/fdasrl.it\/es\/#website"},"primaryImageOfPage":{"@id":"https:\/\/fdasrl.it\/es\/prodotto\/bidon-para-ordeno-y-transporte-de-leche-caprino-y-ovino\/#primaryimage"},"image":{"@id":"https:\/\/fdasrl.it\/es\/prodotto\/bidon-para-ordeno-y-transporte-de-leche-caprino-y-ovino\/#primaryimage"},"thumbnailUrl":"https:\/\/fdasrl.it\/wp-content\/uploads\/2025\/01\/FACM19300.jpg","datePublished":"2025-01-21T12:15:41+00:00","description":"Descubre el cubo orde\u00f1ador de acero inoxidable ovino caprino, dise\u00f1ado para un orde\u00f1o profesional e higi\u00e9nico. \u00a1No pierdas la oportunidad, c\u00f3mpralo ahora!","breadcrumb":{"@id":"https:\/\/fdasrl.it\/es\/prodotto\/bidon-para-ordeno-y-transporte-de-leche-caprino-y-ovino\/#breadcrumb"},"inLanguage":"es","potentialAction":[{"@type":"ReadAction","target":["https:\/\/fdasrl.it\/es\/prodotto\/bidon-para-ordeno-y-transporte-de-leche-caprino-y-ovino\/"]}]},{"@type":"ImageObject","inLanguage":"es","@id":"https:\/\/fdasrl.it\/es\/prodotto\/bidon-para-ordeno-y-transporte-de-leche-caprino-y-ovino\/#primaryimage","url":"https:\/\/fdasrl.it\/wp-content\/uploads\/2025\/01\/FACM19300.jpg","contentUrl":"https:\/\/fdasrl.it\/wp-content\/uploads\/2025\/01\/FACM19300.jpg","width":600,"height":800},{"@type":"BreadcrumbList","@id":"https:\/\/fdasrl.it\/es\/prodotto\/bidon-para-ordeno-y-transporte-de-leche-caprino-y-ovino\/#breadcrumb","itemListElement":[{"@type":"ListItem","position":1,"name":"Home","item":"https:\/\/fdasrl.it\/es\/inicio\/"},{"@type":"ListItem","position":2,"name":"Tienda","item":"https:\/\/fdasrl.it\/es\/tienda\/"},{"@type":"ListItem","position":3,"name":"BID\u00d3N PARA ORDE\u00d1O Y TRANSPORTE DE LECHE CAPRINO Y OVINO"}]},{"@type":"WebSite","@id":"https:\/\/fdasrl.it\/es\/#website","url":"https:\/\/fdasrl.it\/es\/","name":"FDA srl","description":"Equipment for animal husbandry","publisher":{"@id":"https:\/\/fdasrl.it\/es\/#organization"},"potentialAction":[{"@type":"SearchAction","target":{"@type":"EntryPoint","urlTemplate":"https:\/\/fdasrl.it\/es\/?s={search_term_string}"},"query-input":{"@type":"PropertyValueSpecification","valueRequired":true,"valueName":"search_term_string"}}],"inLanguage":"es"},{"@type":"Organization","@id":"https:\/\/fdasrl.it\/es\/#organization","name":"FDA srl","url":"https:\/\/fdasrl.it\/es\/","logo":{"@type":"ImageObject","inLanguage":"es","@id":"https:\/\/fdasrl.it\/es\/#\/schema\/logo\/image\/","url":"https:\/\/fdasrl.it\/wp-content\/uploads\/2024\/12\/Logo-FDA.png","contentUrl":"https:\/\/fdasrl.it\/wp-content\/uploads\/2024\/12\/Logo-FDA.png","width":316,"height":119,"caption":"FDA srl"},"image":{"@id":"https:\/\/fdasrl.it\/es\/#\/schema\/logo\/image\/"},"sameAs":["https:\/\/www.facebook.com\/share\/1MWhFWg1Tp\/?mibextid=LQQJ4d","https:\/\/www.instagram.com\/fda_srl\/profilecard\/?igsh=YW5lbzJ6MWg0d21u","https:\/\/www.youtube.com\/@FDASRL_ANIMALCARE"],"description":"FDA SRL \u2013 Equipment for animal husbandry nasce con l\u2019obiettivo di offrire soluzioni affidabili e innovative per l\u2019allevamento moderno. Con anni di esperienza nel settore zootecnico, progettiamo e realizziamo attrezzature destinate al benessere animale e alla gestione efficiente delle stalle: vasche, abbeveratoi, mangiatoie e sistemi di riscaldamento pensati per durare nel tempo e semplificare il lavoro quotidiano degli allevatori. Dalla progettazione alla produzione, ogni nostro prodotto \u00e8 studiato nei minimi dettagli, testato con cura e costruito per rispondere alle esigenze reali del settore. La nostra forza \u00e8 unire artigianalit\u00e0, tecnologia e competenza tecnica per trasformare ogni progetto in una soluzione concreta e funzionale. Oggi FDA SRL \u00e8 un punto di riferimento per privati e rivenditori che cercano qualit\u00e0, affidabilit\u00e0 e innovazione nelle attrezzature per l\u2019allevamento.","email":"info@fdasrl.it","telephone":"+390522826820","legalName":"F.D.A. SRL","foundingDate":"2024-10-13","vatID":"03075840359","taxID":"03075840359","numberOfEmployees":{"@type":"QuantitativeValue","minValue":"1","maxValue":"10"}}]},"product_price_currency":"EUR","og_availability":"instock","product_availability":"instock","product_retailer_item_id":"FACM19300","product_condition":"new"},"_links":{"self":[{"href":"https:\/\/fdasrl.it\/es\/wp-json\/wp\/v2\/product\/2909","targetHints":{"allow":["GET"]}}],"collection":[{"href":"https:\/\/fdasrl.it\/es\/wp-json\/wp\/v2\/product"}],"about":[{"href":"https:\/\/fdasrl.it\/es\/wp-json\/wp\/v2\/types\/product"}],"replies":[{"embeddable":true,"href":"https:\/\/fdasrl.it\/es\/wp-json\/wp\/v2\/comments?post=2909"}],"wp:featuredmedia":[{"embeddable":true,"href":"https:\/\/fdasrl.it\/es\/wp-json\/wp\/v2\/media\/476"}],"wp:attachment":[{"href":"https:\/\/fdasrl.it\/es\/wp-json\/wp\/v2\/media?parent=2909"}],"wp:term":[{"taxonomy":"product_brand","embeddable":true,"href":"https:\/\/fdasrl.it\/es\/wp-json\/wp\/v2\/product_brand?post=2909"},{"taxonomy":"product_cat","embeddable":true,"href":"https:\/\/fdasrl.it\/es\/wp-json\/wp\/v2\/product_cat?post=2909"},{"taxonomy":"product_tag","embeddable":true,"href":"https:\/\/fdasrl.it\/es\/wp-json\/wp\/v2\/product_tag?post=2909"}],"curies":[{"name":"wp","href":"https:\/\/api.w.org\/{rel}","templated":true}]}}