{"id":2977,"date":"2025-04-22T11:33:21","date_gmt":"2025-04-22T09:33:21","guid":{"rendered":"https:\/\/fdasrl.it\/prodotto\/comedero-angular-de-acero-galvanizado-para-cuadras-y-establos\/"},"modified":"2025-04-22T11:33:21","modified_gmt":"2025-04-22T09:33:21","slug":"comedero-angular-de-acero-galvanizado-para-cuadras-y-establos","status":"publish","type":"product","link":"https:\/\/fdasrl.it\/es\/prodotto\/comedero-angular-de-acero-galvanizado-para-cuadras-y-establos\/","title":{"rendered":"Comedero angular de acero galvanizado para cuadras y establos"},"content":{"rendered":"<h3 data-start=\"162\" data-end=\"267\"><strong data-start=\"162\" data-end=\"267\">Comedero angular de acero galvanizado para equinos y bovinos \u2013 35 litros \u2013 resistente y seguro<\/strong><\/h3>\n<p class=\"\" data-start=\"269\" data-end=\"729\">El <strong data-start=\"272\" data-end=\"322\">comedero angular de acero galvanizado en caliente<\/strong> es un accesorio indispensable para quien gestiona un <strong data-start=\"375\" data-end=\"416\">establo, una cuadra o una explotaci\u00f3n ganadera<\/strong>.<\/p>\n<p class=\"\" data-start=\"269\" data-end=\"729\">Gracias a su <strong data-start=\"434\" data-end=\"455\">forma triangular<\/strong>, puede instalarse f\u00e1cilmente en una esquina de la pared, optimizando el espacio y garantizando un uso c\u00f3modo por parte de los animales. Ideal para <strong data-start=\"609\" data-end=\"673\">bovinos, caballos, potros, terneros y otros animales de renta<\/strong>, permite una alimentaci\u00f3n segura, ordenada e higi\u00e9nica. <\/p>\n<p class=\"\" data-start=\"731\" data-end=\"1225\">Construido \u00edntegramente en <strong data-start=\"756\" data-end=\"790\">tubo y chapa galvanizados en caliente<\/strong>, este comedero est\u00e1 dise\u00f1ado para resistir durante mucho tiempo incluso en ambientes h\u00famedos o expuestos a condiciones dif\u00edciles.<\/p>\n<p class=\"\" data-start=\"731\" data-end=\"1225\">El <strong data-start=\"906\" data-end=\"938\">galvanizado interno y externo<\/strong> protege eficazmente contra el <strong data-start=\"968\" data-end=\"998\">\u00f3xido y la corrosi\u00f3n<\/strong>, prolongando la duraci\u00f3n del producto incluso con un uso intensivo. Adem\u00e1s, la estructura sin aristas vivas reduce notablemente el riesgo de <strong data-start=\"1146\" data-end=\"1168\">heridas accidentales<\/strong>, ofreciendo mayor seguridad a los animales durante el uso. <\/p>\n<p class=\"\" data-start=\"1227\" data-end=\"1696\">Con una <strong data-start=\"1235\" data-end=\"1259\">capacidad de 35 litros<\/strong>, el abrevadero es adecuado tanto para alimentos secos como h\u00famedos, como piensos, heno triturado, agua o suplementos l\u00edquidos.<\/p>\n<p class=\"\" data-start=\"1227\" data-end=\"1696\">Las dimensiones generosas \u2013 <strong data-start=\"1399\" data-end=\"1461\">44 cm de ancho, 44 cm de profundidad y 24 cm de altura<\/strong> \u2013 garantizan una contenci\u00f3n \u00f3ptima sin desperdicios. El <strong data-start=\"1520\" data-end=\"1549\">tap\u00f3n de desag\u00fce de 15 mm<\/strong> integrado en la base permite una <strong data-start=\"1583\" data-end=\"1625\">limpieza r\u00e1pida y un vaciado f\u00e1cil<\/strong>, facilitando las operaciones diarias de mantenimiento y desinfecci\u00f3n. <\/p>\n<p class=\"\" data-start=\"1698\" data-end=\"1871\">La instalaci\u00f3n es sencilla y r\u00e1pida: el comedero puede <strong data-start=\"1760\" data-end=\"1795\">fijarse a la pared mediante 4 tornillos<\/strong> (no incluidos), quedando estable, s\u00f3lido y listo para usar en pocos minutos.<\/p>\n<h3 class=\"\" data-start=\"1873\" data-end=\"1897\">Principales ventajas:<\/h3>\n<ul data-start=\"1898\" data-end=\"2307\">\n<li class=\"\" data-start=\"1898\" data-end=\"1973\">\n<p class=\"\" data-start=\"1900\" data-end=\"1973\"><strong data-start=\"1900\" data-end=\"1919\">Dise\u00f1o angular<\/strong> para una instalaci\u00f3n que ahorra espacio en cuadras y establos<\/p>\n<\/li>\n<li class=\"\" data-start=\"1974\" data-end=\"2055\">\n<p class=\"\" data-start=\"1976\" data-end=\"2055\"><strong data-start=\"1976\" data-end=\"2016\">Estructura de acero galvanizado en caliente<\/strong>, duradera y resistente a la corrosi\u00f3n<\/p>\n<\/li>\n<li class=\"\" data-start=\"2056\" data-end=\"2113\">\n<p class=\"\" data-start=\"2058\" data-end=\"2113\"><strong data-start=\"2058\" data-end=\"2079\">Protecci\u00f3n total<\/strong> contra golpes, desgaste y deformaciones<\/p>\n<\/li>\n<li class=\"\" data-start=\"2114\" data-end=\"2181\">\n<p class=\"\" data-start=\"2116\" data-end=\"2181\"><strong data-start=\"2116\" data-end=\"2134\">Amplia capacidad<\/strong> de 35 litros, adecuada para distintos tipos de alimentos<\/p>\n<\/li>\n<li class=\"\" data-start=\"2182\" data-end=\"2257\">\n<p class=\"\" data-start=\"2184\" data-end=\"2257\"><strong data-start=\"2184\" data-end=\"2214\">Tap\u00f3n de desag\u00fce integrado<\/strong>, para una f\u00e1cil limpieza e higiene garantizada<\/p>\n<\/li>\n<li class=\"\" data-start=\"2258\" data-end=\"2307\">\n<p class=\"\" data-start=\"2260\" data-end=\"2307\"><strong data-start=\"2260\" data-end=\"2282\">Montaje sencillo<\/strong> con 4 puntos de fijaci\u00f3n<\/p>\n<\/li>\n<\/ul>\n<h3 class=\"\" data-start=\"2309\" data-end=\"2333\">Especificaciones t\u00e9cnicas:<\/h3>\n<ul data-start=\"2334\" data-end=\"2590\">\n<li class=\"\" data-start=\"2334\" data-end=\"2391\">\n<p class=\"\" data-start=\"2336\" data-end=\"2391\">Material: acero galvanizado en caliente (interno y externo)<\/p>\n<\/li>\n<li class=\"\" data-start=\"2392\" data-end=\"2412\">\n<p class=\"\" data-start=\"2394\" data-end=\"2412\">Capacidad: 35 litros<\/p>\n<\/li>\n<li class=\"\" data-start=\"2413\" data-end=\"2454\">\n<p class=\"\" data-start=\"2415\" data-end=\"2454\">Dimensiones: 44 x 44 x 24 cm (An x Pr x Al)<\/p>\n<\/li>\n<li class=\"\" data-start=\"2455\" data-end=\"2480\">\n<p class=\"\" data-start=\"2457\" data-end=\"2480\">Desag\u00fce: tap\u00f3n de 15 mm<\/p>\n<\/li>\n<li class=\"\" data-start=\"2481\" data-end=\"2538\">\n<p class=\"\" data-start=\"2483\" data-end=\"2538\">Instalaci\u00f3n: montaje a pared (angular) con 4 tornillos<\/p>\n<\/li>\n<li class=\"\" data-start=\"2539\" data-end=\"2590\">\n<p class=\"\" data-start=\"2541\" data-end=\"2590\">Uso: bovinos, caballos, animales de granja<\/p>\n<\/li>\n<\/ul>\n","protected":false},"excerpt":{"rendered":"<p>Comedero angular de acero galvanizado en caliente, ideal para caballos y bovinos. Capacidad 35 litros, resistente a la corrosi\u00f3n, seguro y f\u00e1cil de limpiar gracias al tap\u00f3n de desag\u00fce integrado. Montaje a pared con 4 tornillos.  <\/p>\n","protected":false},"featured_media":742,"comment_status":"open","ping_status":"closed","template":"","meta":{"_et_pb_use_builder":"","_et_pb_old_content":"","_et_gb_content_width":""},"product_brand":[],"product_cat":[403,607,734],"product_tag":[735,736],"class_list":{"0":"post-2977","1":"product","2":"type-product","3":"status-publish","4":"has-post-thumbnail","6":"product_cat-bovinos","7":"product_cat-caballos","8":"product_cat-comederos","9":"product_tag-fa-ma6","10":"product_tag-fama6","12":"first","13":"instock","14":"shipping-taxable","15":"product-type-simple"},"yoast_head":"<!-- This site is optimized with the Yoast SEO Premium plugin v27.5 (Yoast SEO v27.5) - https:\/\/yoast.com\/product\/yoast-seo-premium-wordpress\/ -->\n<title>Comedero angular de acero galvanizado para equinos y bovinos - FDA srl<\/title>\n<meta name=\"description\" content=\"Descubre el comedero angular de acero galvanizado para equinos y bovinos, perfecto para optimizar los espacios en tu establo. \u00a1C\u00f3mpralo ya!\" \/>\n<meta name=\"robots\" content=\"index, follow, max-snippet:-1, max-image-preview:large, max-video-preview:-1\" \/>\n<link rel=\"canonical\" href=\"https:\/\/fdasrl.it\/es\/prodotto\/comedero-angular-de-acero-galvanizado-para-cuadras-y-establos\/\" \/>\n<meta property=\"og:locale\" content=\"es_ES\" \/>\n<meta property=\"og:type\" content=\"article\" \/>\n<meta property=\"og:title\" content=\"Comedero angular de acero galvanizado para cuadras y establos\" \/>\n<meta property=\"og:description\" content=\"Descubre el comedero angular de acero galvanizado para equinos y bovinos, perfecto para optimizar los espacios en tu establo. \u00a1C\u00f3mpralo ya!\" \/>\n<meta property=\"og:url\" content=\"https:\/\/fdasrl.it\/es\/prodotto\/comedero-angular-de-acero-galvanizado-para-cuadras-y-establos\/\" \/>\n<meta property=\"og:site_name\" content=\"FDA srl\" \/>\n<meta property=\"article:publisher\" content=\"https:\/\/www.facebook.com\/share\/1MWhFWg1Tp\/?mibextid=LQQJ4d\" \/>\n<meta property=\"og:image\" content=\"https:\/\/fdasrl.it\/wp-content\/uploads\/2025\/04\/mangiatoia-angolare-in-acciaio-zincato-35-litri-mucca-cavallo.webp\" \/>\n\t<meta property=\"og:image:width\" content=\"1280\" \/>\n\t<meta property=\"og:image:height\" content=\"1280\" \/>\n\t<meta property=\"og:image:type\" content=\"image\/webp\" \/>\n<meta name=\"twitter:card\" content=\"summary_large_image\" \/>\n<meta name=\"twitter:label1\" content=\"Precio\" \/>\n\t<meta name=\"twitter:data1\" content=\"\" \/>\n\t<meta name=\"twitter:label2\" content=\"Disponibilidad\" \/>\n\t<meta name=\"twitter:data2\" content=\"Disponible\" \/>\n<meta property=\"product:price:currency\" content=\"EUR\" \/>\n<meta property=\"og:availability\" content=\"instock\" \/>\n<meta property=\"product:availability\" content=\"instock\" \/>\n<meta property=\"product:retailer_item_id\" content=\"FAMA6\" \/>\n<meta property=\"product:condition\" content=\"new\" \/>\n<!-- \/ Yoast SEO Premium plugin. -->","yoast_head_json":{"title":"Comedero angular de acero galvanizado para equinos y bovinos - FDA srl","description":"Descubre el comedero angular de acero galvanizado para equinos y bovinos, perfecto para optimizar los espacios en tu establo. \u00a1C\u00f3mpralo ya!","robots":{"index":"index","follow":"follow","max-snippet":"max-snippet:-1","max-image-preview":"max-image-preview:large","max-video-preview":"max-video-preview:-1"},"canonical":"https:\/\/fdasrl.it\/es\/prodotto\/comedero-angular-de-acero-galvanizado-para-cuadras-y-establos\/","og_locale":"es_ES","og_type":"article","og_title":"Comedero angular de acero galvanizado para cuadras y establos","og_description":"Descubre el comedero angular de acero galvanizado para equinos y bovinos, perfecto para optimizar los espacios en tu establo. \u00a1C\u00f3mpralo ya!","og_url":"https:\/\/fdasrl.it\/es\/prodotto\/comedero-angular-de-acero-galvanizado-para-cuadras-y-establos\/","og_site_name":"FDA srl","article_publisher":"https:\/\/www.facebook.com\/share\/1MWhFWg1Tp\/?mibextid=LQQJ4d","og_image":[{"width":1280,"height":1280,"url":"https:\/\/fdasrl.it\/wp-content\/uploads\/2025\/04\/mangiatoia-angolare-in-acciaio-zincato-35-litri-mucca-cavallo.webp","type":"image\/webp"}],"twitter_card":"summary_large_image","twitter_misc":{"Precio":"","Disponibilidad":"Disponible"},"schema":{"@context":"https:\/\/schema.org","@graph":[{"@type":"WebPage","@id":"https:\/\/fdasrl.it\/es\/prodotto\/comedero-angular-de-acero-galvanizado-para-cuadras-y-establos\/","url":"https:\/\/fdasrl.it\/es\/prodotto\/comedero-angular-de-acero-galvanizado-para-cuadras-y-establos\/","name":"Comedero angular de acero galvanizado para equinos y bovinos - FDA srl","isPartOf":{"@id":"https:\/\/fdasrl.it\/es\/#website"},"primaryImageOfPage":{"@id":"https:\/\/fdasrl.it\/es\/prodotto\/comedero-angular-de-acero-galvanizado-para-cuadras-y-establos\/#primaryimage"},"image":{"@id":"https:\/\/fdasrl.it\/es\/prodotto\/comedero-angular-de-acero-galvanizado-para-cuadras-y-establos\/#primaryimage"},"thumbnailUrl":"https:\/\/fdasrl.it\/wp-content\/uploads\/2025\/04\/mangiatoia-angolare-in-acciaio-zincato-35-litri-mucca-cavallo.webp","datePublished":"2025-04-22T09:33:21+00:00","description":"Descubre el comedero angular de acero galvanizado para equinos y bovinos, perfecto para optimizar los espacios en tu establo. \u00a1C\u00f3mpralo ya!","breadcrumb":{"@id":"https:\/\/fdasrl.it\/es\/prodotto\/comedero-angular-de-acero-galvanizado-para-cuadras-y-establos\/#breadcrumb"},"inLanguage":"es","potentialAction":[{"@type":"ReadAction","target":["https:\/\/fdasrl.it\/es\/prodotto\/comedero-angular-de-acero-galvanizado-para-cuadras-y-establos\/"]}]},{"@type":"ImageObject","inLanguage":"es","@id":"https:\/\/fdasrl.it\/es\/prodotto\/comedero-angular-de-acero-galvanizado-para-cuadras-y-establos\/#primaryimage","url":"https:\/\/fdasrl.it\/wp-content\/uploads\/2025\/04\/mangiatoia-angolare-in-acciaio-zincato-35-litri-mucca-cavallo.webp","contentUrl":"https:\/\/fdasrl.it\/wp-content\/uploads\/2025\/04\/mangiatoia-angolare-in-acciaio-zincato-35-litri-mucca-cavallo.webp","width":1280,"height":1280,"caption":"comedero-angular-de-acero-galvanizado-35-litros-vaca-caballo"},{"@type":"BreadcrumbList","@id":"https:\/\/fdasrl.it\/es\/prodotto\/comedero-angular-de-acero-galvanizado-para-cuadras-y-establos\/#breadcrumb","itemListElement":[{"@type":"ListItem","position":1,"name":"Home","item":"https:\/\/fdasrl.it\/es\/inicio\/"},{"@type":"ListItem","position":2,"name":"Tienda","item":"https:\/\/fdasrl.it\/es\/tienda\/"},{"@type":"ListItem","position":3,"name":"Comedero angular de acero galvanizado para cuadras y establos"}]},{"@type":"WebSite","@id":"https:\/\/fdasrl.it\/es\/#website","url":"https:\/\/fdasrl.it\/es\/","name":"FDA srl","description":"Equipment for animal husbandry","publisher":{"@id":"https:\/\/fdasrl.it\/es\/#organization"},"potentialAction":[{"@type":"SearchAction","target":{"@type":"EntryPoint","urlTemplate":"https:\/\/fdasrl.it\/es\/?s={search_term_string}"},"query-input":{"@type":"PropertyValueSpecification","valueRequired":true,"valueName":"search_term_string"}}],"inLanguage":"es"},{"@type":"Organization","@id":"https:\/\/fdasrl.it\/es\/#organization","name":"FDA srl","url":"https:\/\/fdasrl.it\/es\/","logo":{"@type":"ImageObject","inLanguage":"es","@id":"https:\/\/fdasrl.it\/es\/#\/schema\/logo\/image\/","url":"https:\/\/fdasrl.it\/wp-content\/uploads\/2024\/12\/Logo-FDA.png","contentUrl":"https:\/\/fdasrl.it\/wp-content\/uploads\/2024\/12\/Logo-FDA.png","width":316,"height":119,"caption":"FDA srl"},"image":{"@id":"https:\/\/fdasrl.it\/es\/#\/schema\/logo\/image\/"},"sameAs":["https:\/\/www.facebook.com\/share\/1MWhFWg1Tp\/?mibextid=LQQJ4d","https:\/\/www.instagram.com\/fda_srl\/profilecard\/?igsh=YW5lbzJ6MWg0d21u","https:\/\/www.youtube.com\/@FDASRL_ANIMALCARE"],"description":"FDA SRL \u2013 Equipment for animal husbandry nasce con l\u2019obiettivo di offrire soluzioni affidabili e innovative per l\u2019allevamento moderno. Con anni di esperienza nel settore zootecnico, progettiamo e realizziamo attrezzature destinate al benessere animale e alla gestione efficiente delle stalle: vasche, abbeveratoi, mangiatoie e sistemi di riscaldamento pensati per durare nel tempo e semplificare il lavoro quotidiano degli allevatori. Dalla progettazione alla produzione, ogni nostro prodotto \u00e8 studiato nei minimi dettagli, testato con cura e costruito per rispondere alle esigenze reali del settore. La nostra forza \u00e8 unire artigianalit\u00e0, tecnologia e competenza tecnica per trasformare ogni progetto in una soluzione concreta e funzionale. Oggi FDA SRL \u00e8 un punto di riferimento per privati e rivenditori che cercano qualit\u00e0, affidabilit\u00e0 e innovazione nelle attrezzature per l\u2019allevamento.","email":"info@fdasrl.it","telephone":"+390522826820","legalName":"F.D.A. SRL","foundingDate":"2024-10-13","vatID":"03075840359","taxID":"03075840359","numberOfEmployees":{"@type":"QuantitativeValue","minValue":"1","maxValue":"10"}}]},"product_price_currency":"EUR","og_availability":"instock","product_availability":"instock","product_retailer_item_id":"FAMA6","product_condition":"new"},"_links":{"self":[{"href":"https:\/\/fdasrl.it\/es\/wp-json\/wp\/v2\/product\/2977","targetHints":{"allow":["GET"]}}],"collection":[{"href":"https:\/\/fdasrl.it\/es\/wp-json\/wp\/v2\/product"}],"about":[{"href":"https:\/\/fdasrl.it\/es\/wp-json\/wp\/v2\/types\/product"}],"replies":[{"embeddable":true,"href":"https:\/\/fdasrl.it\/es\/wp-json\/wp\/v2\/comments?post=2977"}],"wp:featuredmedia":[{"embeddable":true,"href":"https:\/\/fdasrl.it\/es\/wp-json\/wp\/v2\/media\/742"}],"wp:attachment":[{"href":"https:\/\/fdasrl.it\/es\/wp-json\/wp\/v2\/media?parent=2977"}],"wp:term":[{"taxonomy":"product_brand","embeddable":true,"href":"https:\/\/fdasrl.it\/es\/wp-json\/wp\/v2\/product_brand?post=2977"},{"taxonomy":"product_cat","embeddable":true,"href":"https:\/\/fdasrl.it\/es\/wp-json\/wp\/v2\/product_cat?post=2977"},{"taxonomy":"product_tag","embeddable":true,"href":"https:\/\/fdasrl.it\/es\/wp-json\/wp\/v2\/product_tag?post=2977"}],"curies":[{"name":"wp","href":"https:\/\/api.w.org\/{rel}","templated":true}]}}